{"id":28623,"date":"2023-08-22T10:50:44","date_gmt":"2023-08-22T08:50:44","guid":{"rendered":"https:\/\/sysmatec.ch\/?post_type=product&#038;p=28623"},"modified":"2023-08-22T12:16:57","modified_gmt":"2023-08-22T10:16:57","slug":"autoclave-vetassure-fuer-tierarzt","status":"publish","type":"product","link":"https:\/\/sysmatec.ch\/de\/Produkt\/autoclave-vetassure-fuer-tierarzt\/","title":{"rendered":"Autoclave Vetassure f\u00fcr Tierarzt"},"content":{"rendered":"<p>Der VetAssure ist ein zuverl\u00e4ssiges, kosteng\u00fcnstiges Ger\u00e4t f\u00fcr Tierarzt, ein Autoklav der Klasse B f\u00fcr den sofortigen Einsatz. Durch die Kombination von Vakuum, Druck und Temperatur bietet der VetAssure eine Dampfdurchdringung bei jeder Art von Ladung. Der Vakuumimpuls am Ende des Zyklus sorgt f\u00fcr eine schnelle, effektive und vollst\u00e4ndige Trocknung der Ladung. Die 18-Liter-Standardkammer des Autoklaven ist ideal f\u00fcr den allgemeinen tier\u00e4rztlichen Gebrauch in kleinen und mittelgro\u00dfen Praxen. Alternativ k\u00f6nnen Sie auch die 23-Liter-Version mit gr\u00f6\u00dferer Kammer in Betracht ziehen, die immer noch bequem auf einer Standardwerkbank Platz findet.<\/p>\n<h2>Eigenschaften<\/h2>\n<ul>\n<li>die T\u00fcrverriegelung ist motorbetrieben und die Kammer wird direkt danach vakuumversiegelt<\/li>\n<li>mit dem optional eingebauten ROSI (ROSI), Trikartuschen-Wasserreinigungssystem kann Ihr Autoklav direkt an die Wasserversorgung Ihrer Praxis angeschlossen werden, so dass immer gutes Wasser f\u00fcr Ihren Sterilisationsprozess gew\u00e4hrleistet ist<\/li>\n<li>Unsere Sterilisatoren sind serienm\u00e4\u00dfig mit einem Wasserqualit\u00e4tssensor ausgestattet, der sie zus\u00e4tzlich sch\u00fctzt. Die Qualit\u00e4t des Wassers wird somit st\u00e4ndig \u00fcberwacht. Das Display informiert den Benutzer, ob das zur Sterilisation verwendete Wasser gut ist.<\/li>\n<li>Auf Wunsch kann die automatische digitale Zyklusaufzeichnung auf einem USB-Stick auf Ihren PC heruntergeladen werden, und zwar mit unserer eigenen Software auf den PC geladen werden.<\/li>\n<li>Ein automatischer Ausdruck zeichnet den gesamten Vorgang auf und sorgt so f\u00fcr eine dauerhafte Aufzeichnung jedes Sterilisationszyklus. Der Papierausdruck kann dann aufbewahrt und an Ihre Unterlagen angeh\u00e4ngt werden, um eine vollst\u00e4ndige und genaue Aufzeichnung zu erhalten.<\/li>\n<li>Ein Tastenfeld mit nur vier Tasten erm\u00f6glicht eine einfache Navigation zu allen Sterilisationsoptionen. Das LCD-Display zeigt aktuelle Informationen \u00fcber Ihre Sterilisationszyklen und warnt Sie bei Fehlern oder Wartungsbedarf.<\/li>\n<\/ul>\n<h2>Sterilisationszyklen des Vetassure 18 L Autoklavs<\/h2>\n<p>&nbsp;<\/p>\n<table width=\"724\">\n<tbody>\n<tr>\n<td width=\"146\">Zyklusname<\/td>\n<td width=\"80\">Typ<\/td>\n<td width=\"190\">Gesamtdauer (inkl. Trocknen)<\/td>\n<td width=\"148\">Sterilisierbares Material<\/td>\n<td width=\"80\">Eingepackt<\/td>\n<\/tr>\n<tr>\n<td>Test Helix + Test B und D<\/td>\n<td>Test<\/td>\n<td>25 min<\/td>\n<td><\/td>\n<td><\/td>\n<\/tr>\n<tr>\n<td>Vakuumtest<\/td>\n<td>Test<\/td>\n<td>15 min<\/td>\n<td><\/td>\n<td><\/td>\n<\/tr>\n<tr>\n<td>121 \u00b0C verpackt, Hohlr\u00e4ume<\/td>\n<td>B<\/td>\n<td>40 min<\/td>\n<td>Fest<br \/>\nKleinporig<br \/>\nEinfach hohl<\/td>\n<td>ja<\/td>\n<\/tr>\n<tr>\n<td>134 \u00b0C verpackt, Hohlr\u00e4ume<\/td>\n<td>B<\/td>\n<td>34 min<\/td>\n<td>Fest<br \/>\nKleinporig<br \/>\nEinfach hohl<\/td>\n<td>ja<\/td>\n<\/tr>\n<tr>\n<td>121\u00b0C por\u00f6s<\/td>\n<td>B<\/td>\n<td>47 min<\/td>\n<td width=\"148\">porous<\/td>\n<td>ja<\/td>\n<\/tr>\n<tr>\n<td>134 \u00b0C\u00a0por\u00f6s<\/td>\n<td>B<\/td>\n<td>40 min<\/td>\n<td>porous<\/td>\n<td>ja<\/td>\n<\/tr>\n<tr>\n<td>134 \u00b0C Prion<\/td>\n<td>B<\/td>\n<td>44 min<\/td>\n<td>Belastung im Zusammenhang mit<br \/>\nCreutzfeldt-Jakob-Krankheit<\/td>\n<td>ja<\/td>\n<\/tr>\n<tr>\n<td>134 \u00b0C schnell<\/td>\n<td>S<\/td>\n<td>32 min<\/td>\n<td>Fest<br \/>\nEinfach hohl<\/td>\n<td>nein<\/td>\n<\/tr>\n<\/tbody>\n<\/table>\n<p>Materialgewicht: eingewickelt max. 2,5 kg, unverpackt max. 4 kg, por\u00f6s max. 1 kg<br \/>\nAbmessungen: 505Bx615Tx400H mm<br \/>\nKammergr\u00f6\u00dfe: \u00f8236&#215;381,5 mm<br \/>\nSchalengr\u00f6\u00dfe: 4 Aluminiumschalen, 185Bx285Tx18H mm<br \/>\nLeistung: 2400 W, 230 V +\/- 10 %, 50-60 Hz<\/p>\n<h2>Sterilisationszyklen des Vetassure 23 L Autoklavs<\/h2>\n<table width=\"724\">\n<tbody>\n<tr>\n<td width=\"146\">Zykluname<\/td>\n<td width=\"80\">Typ<\/td>\n<td width=\"190\">Gesamtdauer (inkl. Trocknen)<\/td>\n<td width=\"148\">Sterilisierbares Material<\/td>\n<td width=\"80\">Eingepackt<\/td>\n<\/tr>\n<tr>\n<td>Test Helix + Test B und D<\/td>\n<td>Test<\/td>\n<td>35 min<\/td>\n<td><\/td>\n<td><\/td>\n<\/tr>\n<tr>\n<td>Vakuumtest<\/td>\n<td>Test<\/td>\n<td>15 min<\/td>\n<td><\/td>\n<td><\/td>\n<\/tr>\n<tr>\n<td>121 \u00b0C verpackte Hohlr\u00e4ume<\/td>\n<td>B<\/td>\n<td>50 min<\/td>\n<td>Fest<br \/>\nKleinporig<br \/>\nEinfach hohl<\/td>\n<td>ja<\/td>\n<\/tr>\n<tr>\n<td>134 \u00b0C verpackte Hohlr\u00e4ume<\/td>\n<td>B<\/td>\n<td>44 min<\/td>\n<td>Fest<br \/>\nKleinporig<br \/>\nEinfach hohl<\/td>\n<td>ja<\/td>\n<\/tr>\n<tr>\n<td>121\u00b0C por\u00f6s<\/td>\n<td>B<\/td>\n<td>57 min<\/td>\n<td width=\"148\">Kleinformatig por\u00f6s<\/td>\n<td>ja<\/td>\n<\/tr>\n<tr>\n<td>134\u00b0C por\u00f6s<\/td>\n<td>B<\/td>\n<td>50 min<\/td>\n<td>Kleinformatig por\u00f6s<\/td>\n<td>ja<\/td>\n<\/tr>\n<tr>\n<td>134 \u00b0C prion<\/td>\n<td>B<\/td>\n<td>54 min<\/td>\n<td>Load related to<br \/>\nCreutzfeldt-Jakob disease<\/td>\n<td>ja<\/td>\n<\/tr>\n<tr>\n<td>134 \u00b0C rapide<\/td>\n<td>S<\/td>\n<td>42 min<\/td>\n<td>Solid<br \/>\nSimple hollow<\/td>\n<td>nein<\/td>\n<\/tr>\n<\/tbody>\n<\/table>\n<p>Materialgewicht: verpackt max. 3,5 kg, unverpackt max. 4,5 kg, por\u00f6s max. 1,5 kg<br \/>\nAbmessungen: 505Bx690Tx400H mm<br \/>\nKammergr\u00f6\u00dfe: \u00f8236&#215;530 mm<br \/>\nSchalengr\u00f6\u00dfe: 4 INOX-Schalen, 185Bx440Tx19H mm<br \/>\nLeistung: 2400 W, 230 V +\/- 10 %, 50-60 Hz<\/p>\n","protected":false},"excerpt":{"rendered":"<p>Tischautoklav f\u00fcr den Veterin\u00e4rbereich. Volumen von 8 und 23 L. Typ B.<\/p>\n","protected":false},"featured_media":28628,"template":"","meta":{"_crdt_document":""},"product_brand":[],"product_cat":[157],"product_tag":[],"class_list":{"0":"post-28623","1":"product","2":"type-product","3":"status-publish","4":"has-post-thumbnail","6":"product_cat-autoklav","8":"first","9":"instock","10":"taxable","11":"shipping-taxable","12":"product-type-simple"},"yoast_head":"<!-- This site is optimized with the Yoast SEO plugin v27.4 - https:\/\/yoast.com\/product\/yoast-seo-wordpress\/ -->\n<title>Autoclave Vetassure f\u00fcr Tierarzt - Sysmatec<\/title>\n<meta name=\"description\" content=\"Tischautoklav f\u00fcr den Veterin\u00e4rbereich. Autoklav vom Typ B. Volumen von 8 und 23 L\" \/>\n<meta name=\"robots\" content=\"index, follow, max-snippet:-1, max-image-preview:large, max-video-preview:-1\" \/>\n<link rel=\"canonical\" href=\"https:\/\/sysmatec.ch\/de\/Produkt\/autoclave-vetassure-fuer-tierarzt\/\" \/>\n<meta property=\"og:locale\" content=\"de_DE\" \/>\n<meta property=\"og:type\" content=\"article\" \/>\n<meta property=\"og:title\" content=\"Autoclave Vetassure f\u00fcr Tierarzt - Sysmatec\" \/>\n<meta property=\"og:description\" content=\"Tischautoklav f\u00fcr den Veterin\u00e4rbereich. Autoklav vom Typ B. Volumen von 8 und 23 L\" \/>\n<meta property=\"og:url\" content=\"https:\/\/sysmatec.ch\/de\/Produkt\/autoclave-vetassure-fuer-tierarzt\/\" \/>\n<meta property=\"og:site_name\" content=\"Sysmatec\" \/>\n<meta property=\"article:modified_time\" content=\"2023-08-22T10:16:57+00:00\" \/>\n<meta property=\"og:image\" content=\"https:\/\/sysmatec.ch\/wp-content\/uploads\/2019\/01\/AutoclaveB6_Superior1.jpg\" \/>\n\t<meta property=\"og:image:width\" content=\"515\" \/>\n\t<meta property=\"og:image:height\" content=\"391\" \/>\n\t<meta property=\"og:image:type\" content=\"image\/jpeg\" \/>\n<meta name=\"twitter:card\" content=\"summary_large_image\" \/>\n<meta name=\"twitter:label1\" content=\"Gesch\u00e4tzte Lesezeit\" \/>\n\t<meta name=\"twitter:data1\" content=\"3\u00a0Minuten\" \/>\n<script type=\"application\/ld+json\" class=\"yoast-schema-graph\">{\"@context\":\"https:\\\/\\\/schema.org\",\"@graph\":[{\"@type\":\"WebPage\",\"@id\":\"https:\\\/\\\/sysmatec.ch\\\/de\\\/Produkt\\\/autoclave-vetassure-fuer-tierarzt\\\/\",\"url\":\"https:\\\/\\\/sysmatec.ch\\\/de\\\/Produkt\\\/autoclave-vetassure-fuer-tierarzt\\\/\",\"name\":\"Autoclave Vetassure f\u00fcr Tierarzt - Sysmatec\",\"isPartOf\":{\"@id\":\"https:\\\/\\\/sysmatec.ch\\\/de\\\/#website\"},\"primaryImageOfPage\":{\"@id\":\"https:\\\/\\\/sysmatec.ch\\\/de\\\/Produkt\\\/autoclave-vetassure-fuer-tierarzt\\\/#primaryimage\"},\"image\":{\"@id\":\"https:\\\/\\\/sysmatec.ch\\\/de\\\/Produkt\\\/autoclave-vetassure-fuer-tierarzt\\\/#primaryimage\"},\"thumbnailUrl\":\"https:\\\/\\\/sysmatec.ch\\\/wp-content\\\/uploads\\\/2023\\\/08\\\/Autoclave_Vetassure.jpg\",\"datePublished\":\"2023-08-22T08:50:44+00:00\",\"dateModified\":\"2023-08-22T10:16:57+00:00\",\"description\":\"Tischautoklav f\u00fcr den Veterin\u00e4rbereich. Autoklav vom Typ B. Volumen von 8 und 23 L\",\"breadcrumb\":{\"@id\":\"https:\\\/\\\/sysmatec.ch\\\/de\\\/Produkt\\\/autoclave-vetassure-fuer-tierarzt\\\/#breadcrumb\"},\"inLanguage\":\"de\",\"potentialAction\":[{\"@type\":\"ReadAction\",\"target\":[\"https:\\\/\\\/sysmatec.ch\\\/de\\\/Produkt\\\/autoclave-vetassure-fuer-tierarzt\\\/\"]}]},{\"@type\":\"ImageObject\",\"inLanguage\":\"de\",\"@id\":\"https:\\\/\\\/sysmatec.ch\\\/de\\\/Produkt\\\/autoclave-vetassure-fuer-tierarzt\\\/#primaryimage\",\"url\":\"https:\\\/\\\/sysmatec.ch\\\/wp-content\\\/uploads\\\/2023\\\/08\\\/Autoclave_Vetassure.jpg\",\"contentUrl\":\"https:\\\/\\\/sysmatec.ch\\\/wp-content\\\/uploads\\\/2023\\\/08\\\/Autoclave_Vetassure.jpg\",\"width\":503,\"height\":348},{\"@type\":\"BreadcrumbList\",\"@id\":\"https:\\\/\\\/sysmatec.ch\\\/de\\\/Produkt\\\/autoclave-vetassure-fuer-tierarzt\\\/#breadcrumb\",\"itemListElement\":[{\"@type\":\"ListItem\",\"position\":1,\"name\":\"Accueil\",\"item\":\"https:\\\/\\\/sysmatec.ch\\\/de\\\/\"},{\"@type\":\"ListItem\",\"position\":2,\"name\":\"Die Aktivit\u00e4t von Sysmatec\",\"item\":\"https:\\\/\\\/sysmatec.ch\\\/de\\\/\"},{\"@type\":\"ListItem\",\"position\":3,\"name\":\"Autoclave Vetassure f\u00fcr Tierarzt\"}]},{\"@type\":\"WebSite\",\"@id\":\"https:\\\/\\\/sysmatec.ch\\\/de\\\/#website\",\"url\":\"https:\\\/\\\/sysmatec.ch\\\/de\\\/\",\"name\":\"Sysmatec\",\"description\":\"Equipement de laboratoire et logiciels\",\"publisher\":{\"@id\":\"https:\\\/\\\/sysmatec.ch\\\/de\\\/#organization\"},\"potentialAction\":[{\"@type\":\"SearchAction\",\"target\":{\"@type\":\"EntryPoint\",\"urlTemplate\":\"https:\\\/\\\/sysmatec.ch\\\/de\\\/?s={search_term_string}\"},\"query-input\":{\"@type\":\"PropertyValueSpecification\",\"valueRequired\":true,\"valueName\":\"search_term_string\"}}],\"inLanguage\":\"de\"},{\"@type\":\"Organization\",\"@id\":\"https:\\\/\\\/sysmatec.ch\\\/de\\\/#organization\",\"name\":\"Sysmatec\",\"url\":\"https:\\\/\\\/sysmatec.ch\\\/de\\\/\",\"logo\":{\"@type\":\"ImageObject\",\"inLanguage\":\"de\",\"@id\":\"https:\\\/\\\/sysmatec.ch\\\/de\\\/#\\\/schema\\\/logo\\\/image\\\/\",\"url\":\"https:\\\/\\\/sysmatec.ch\\\/wp-content\\\/uploads\\\/2018\\\/11\\\/LogoSysmatec.jpg\",\"contentUrl\":\"https:\\\/\\\/sysmatec.ch\\\/wp-content\\\/uploads\\\/2018\\\/11\\\/LogoSysmatec.jpg\",\"width\":301,\"height\":297,\"caption\":\"Sysmatec\"},\"image\":{\"@id\":\"https:\\\/\\\/sysmatec.ch\\\/de\\\/#\\\/schema\\\/logo\\\/image\\\/\"}}]}<\/script>\n<!-- \/ Yoast SEO plugin. -->","yoast_head_json":{"title":"Autoclave Vetassure f\u00fcr Tierarzt - Sysmatec","description":"Tischautoklav f\u00fcr den Veterin\u00e4rbereich. Autoklav vom Typ B. Volumen von 8 und 23 L","robots":{"index":"index","follow":"follow","max-snippet":"max-snippet:-1","max-image-preview":"max-image-preview:large","max-video-preview":"max-video-preview:-1"},"canonical":"https:\/\/sysmatec.ch\/de\/Produkt\/autoclave-vetassure-fuer-tierarzt\/","og_locale":"de_DE","og_type":"article","og_title":"Autoclave Vetassure f\u00fcr Tierarzt - Sysmatec","og_description":"Tischautoklav f\u00fcr den Veterin\u00e4rbereich. Autoklav vom Typ B. Volumen von 8 und 23 L","og_url":"https:\/\/sysmatec.ch\/de\/Produkt\/autoclave-vetassure-fuer-tierarzt\/","og_site_name":"Sysmatec","article_modified_time":"2023-08-22T10:16:57+00:00","og_image":[{"width":515,"height":391,"url":"https:\/\/sysmatec.ch\/wp-content\/uploads\/2019\/01\/AutoclaveB6_Superior1.jpg","type":"image\/jpeg"}],"twitter_card":"summary_large_image","twitter_misc":{"Gesch\u00e4tzte Lesezeit":"3\u00a0Minuten"},"schema":{"@context":"https:\/\/schema.org","@graph":[{"@type":"WebPage","@id":"https:\/\/sysmatec.ch\/de\/Produkt\/autoclave-vetassure-fuer-tierarzt\/","url":"https:\/\/sysmatec.ch\/de\/Produkt\/autoclave-vetassure-fuer-tierarzt\/","name":"Autoclave Vetassure f\u00fcr Tierarzt - Sysmatec","isPartOf":{"@id":"https:\/\/sysmatec.ch\/de\/#website"},"primaryImageOfPage":{"@id":"https:\/\/sysmatec.ch\/de\/Produkt\/autoclave-vetassure-fuer-tierarzt\/#primaryimage"},"image":{"@id":"https:\/\/sysmatec.ch\/de\/Produkt\/autoclave-vetassure-fuer-tierarzt\/#primaryimage"},"thumbnailUrl":"https:\/\/sysmatec.ch\/wp-content\/uploads\/2023\/08\/Autoclave_Vetassure.jpg","datePublished":"2023-08-22T08:50:44+00:00","dateModified":"2023-08-22T10:16:57+00:00","description":"Tischautoklav f\u00fcr den Veterin\u00e4rbereich. Autoklav vom Typ B. Volumen von 8 und 23 L","breadcrumb":{"@id":"https:\/\/sysmatec.ch\/de\/Produkt\/autoclave-vetassure-fuer-tierarzt\/#breadcrumb"},"inLanguage":"de","potentialAction":[{"@type":"ReadAction","target":["https:\/\/sysmatec.ch\/de\/Produkt\/autoclave-vetassure-fuer-tierarzt\/"]}]},{"@type":"ImageObject","inLanguage":"de","@id":"https:\/\/sysmatec.ch\/de\/Produkt\/autoclave-vetassure-fuer-tierarzt\/#primaryimage","url":"https:\/\/sysmatec.ch\/wp-content\/uploads\/2023\/08\/Autoclave_Vetassure.jpg","contentUrl":"https:\/\/sysmatec.ch\/wp-content\/uploads\/2023\/08\/Autoclave_Vetassure.jpg","width":503,"height":348},{"@type":"BreadcrumbList","@id":"https:\/\/sysmatec.ch\/de\/Produkt\/autoclave-vetassure-fuer-tierarzt\/#breadcrumb","itemListElement":[{"@type":"ListItem","position":1,"name":"Accueil","item":"https:\/\/sysmatec.ch\/de\/"},{"@type":"ListItem","position":2,"name":"Die Aktivit\u00e4t von Sysmatec","item":"https:\/\/sysmatec.ch\/de\/"},{"@type":"ListItem","position":3,"name":"Autoclave Vetassure f\u00fcr Tierarzt"}]},{"@type":"WebSite","@id":"https:\/\/sysmatec.ch\/de\/#website","url":"https:\/\/sysmatec.ch\/de\/","name":"Sysmatec","description":"Equipement de laboratoire et logiciels","publisher":{"@id":"https:\/\/sysmatec.ch\/de\/#organization"},"potentialAction":[{"@type":"SearchAction","target":{"@type":"EntryPoint","urlTemplate":"https:\/\/sysmatec.ch\/de\/?s={search_term_string}"},"query-input":{"@type":"PropertyValueSpecification","valueRequired":true,"valueName":"search_term_string"}}],"inLanguage":"de"},{"@type":"Organization","@id":"https:\/\/sysmatec.ch\/de\/#organization","name":"Sysmatec","url":"https:\/\/sysmatec.ch\/de\/","logo":{"@type":"ImageObject","inLanguage":"de","@id":"https:\/\/sysmatec.ch\/de\/#\/schema\/logo\/image\/","url":"https:\/\/sysmatec.ch\/wp-content\/uploads\/2018\/11\/LogoSysmatec.jpg","contentUrl":"https:\/\/sysmatec.ch\/wp-content\/uploads\/2018\/11\/LogoSysmatec.jpg","width":301,"height":297,"caption":"Sysmatec"},"image":{"@id":"https:\/\/sysmatec.ch\/de\/#\/schema\/logo\/image\/"}}]}},"_links":{"self":[{"href":"https:\/\/sysmatec.ch\/de\/wp-json\/wp\/v2\/product\/28623","targetHints":{"allow":["GET"]}}],"collection":[{"href":"https:\/\/sysmatec.ch\/de\/wp-json\/wp\/v2\/product"}],"about":[{"href":"https:\/\/sysmatec.ch\/de\/wp-json\/wp\/v2\/types\/product"}],"wp:featuredmedia":[{"embeddable":true,"href":"https:\/\/sysmatec.ch\/de\/wp-json\/wp\/v2\/media\/28628"}],"wp:attachment":[{"href":"https:\/\/sysmatec.ch\/de\/wp-json\/wp\/v2\/media?parent=28623"}],"wp:term":[{"taxonomy":"product_brand","embeddable":true,"href":"https:\/\/sysmatec.ch\/de\/wp-json\/wp\/v2\/product_brand?post=28623"},{"taxonomy":"product_cat","embeddable":true,"href":"https:\/\/sysmatec.ch\/de\/wp-json\/wp\/v2\/product_cat?post=28623"},{"taxonomy":"product_tag","embeddable":true,"href":"https:\/\/sysmatec.ch\/de\/wp-json\/wp\/v2\/product_tag?post=28623"}],"curies":[{"name":"wp","href":"https:\/\/api.w.org\/{rel}","templated":true}]}}