{"id":28611,"date":"2023-07-19T11:51:39","date_gmt":"2023-07-19T09:51:39","guid":{"rendered":"https:\/\/sysmatec.ch\/?post_type=product&#038;p=28611"},"modified":"2024-07-23T09:21:55","modified_gmt":"2024-07-23T07:21:55","slug":"magnetruehrer-mit-heizung-rct-basic","status":"publish","type":"product","link":"https:\/\/sysmatec.ch\/de\/Produkt\/magnetruehrer-mit-heizung-rct-basic\/","title":{"rendered":"Magnetr\u00fchrer mit Heizung RCT Basic"},"content":{"rendered":"<p>Dieser Magnetr\u00fchrer eignet sich f\u00fcr Sch\u00fcttungen bis zu 20 l (H2O) und kann eine Temperatur von bis zu 310\u00b0C erreichen. Durch die M\u00f6glichkeit, einen externen Temperatursensor (PT 1000.60 im Lieferumfang enthalten) anzuschlie\u00dfen, kann die Temperatur direkt im Reaktionsmedium gemessen und kontrolliert werden.<\/p>\n<p>Dank der perfekten Isolierung der Aluminium-Heizplatte, des wartungsfreien EC-Motors und des elektronisch kommutierten Netzteils zeichnet sich der RCT basic durch eine hervorragende Energieeffizienz sowie eine reduzierte Selbsterw\u00e4rmung der Heizplatte w\u00e4hrend des R\u00fchrens aus.<\/p>\n<h2>Vorteile des RCT Basic Magnetr\u00fchrers<\/h2>\n<ul>\n<li>Eine unzerbrechliche Oberfl\u00e4che aus geh\u00e4rtetem Glas f\u00fcr optimale chemische Best\u00e4ndigkeit und einfache Reinigung.<\/li>\n<li>Gro\u00dfes Display mit leicht ablesbarer LED-Anzeige.<\/li>\n<li>Beleuchtete Symbole zur Anzeige wichtiger Statusinformationen (Soll- und Ist-Temperatur, Heizungsstatus, Temperatursensor).<\/li>\n<li>USB- und RS232-Schnittstelle zur Kontrolle oder Dokumentation von Versuchsparametern \u00fcber einen PC.<\/li>\n<li>Kompatibel mit der Software labworldsoft.<\/li>\n<li>QR-Code f\u00fcr schnellen Zugriff auf Ger\u00e4teinformationen, Zubeh\u00f6r, Downloads und Garantieverl\u00e4ngerung.<\/li>\n<li>Zug\u00e4nglicher Hauptschalter auf der Vorderseite des Ger\u00e4ts<\/li>\n<\/ul>\n<h2>Technische Merkmale<\/h2>\n<ul>\n<li>Aluminium-Heizplatte mit 135mm Durchmesser f\u00fcr eine optimale und gleichm\u00e4\u00dfige W\u00e4rme\u00fcbertragung.<\/li>\n<li>Hervorragende magnetische Kopplung<\/li>\n<li>Sanftanlauf, der verhindert, dass sich die magnetischen R\u00fchrst\u00e4be w\u00e4hrend der Startphase l\u00f6sen.<\/li>\n<li>Zwei optimierte Temperatursteuerungsmodi sorgen f\u00fcr schnelles Aufheizen oder eine pr\u00e4zise Temperatursteuerung ohne \u00dcberschreitung.<\/li>\n<li>Drucktasten f\u00fcr die unabh\u00e4ngige Einstellung der Sollwerte und das Starten\/Stoppen von Temperatur und Geschwindigkeit.<\/li>\n<li>Ein Geschwindigkeitsbereich von 50 bis 1500 rpm, der \u00fcber einen Drehknopf eingestellt werden kann.<\/li>\n<li>Eine Heizleistung von 600 W<\/li>\n<li>Temperatureinstellbereich von 0 bis 310 \u00b0C.<\/li>\n<\/ul>\n<p>Sicherheit: Der RCT basic enth\u00e4lt die bew\u00e4hrten Sicherheitsmerkmale der IKA-Magnetr\u00fchrer. Er erf\u00fcllt nach DIN EN 61010-2-010 alle Sicherheitsanforderungen an Laborger\u00e4te zum Erhitzen von Stoffen und ist daher auch f\u00fcr den unbeaufsichtigten Betrieb geeignet.<\/p>\n<ul>\n<li>Vom T\u00dcV S\u00dcD nach IEC 61010-1 getestet und zertifiziert (cT\u00dcVus).<\/li>\n<li>Sicherheitsschaltung f\u00fcr die Einstellung der Temperatur der Heizplatte (mit Werkzeug).<\/li>\n<li>Der Best\u00e4tigungsmodus (Betriebsart D) verhindert eine unbeabsichtigte \u00c4nderung der Sollwerte. Beim Neustart ist die Best\u00e4tigung der Sicherheitstemperatur erforderlich.<\/li>\n<li>Automatische Abschaltung der Temperaturregelungsfunktion, wenn der angeschlossene externe Temperatursensor nicht in das Medium eintaucht oder defekt ist.<\/li>\n<li>Die geschlossene Bauweise (Schutzklasse IP42) garantiert eine lange Lebensdauer, auch unter extremen Bedingungen im Labor.<\/li>\n<li>Zuverl\u00e4ssiger Betrieb auch bei kalten Medien. Erweiterte Temperaturanzeige bis -20\u00b0C (mit externem Sensor).<\/li>\n<li>Gesch\u00fctzte elektronische Anschl\u00fcsse auf der R\u00fcckseite des Ger\u00e4ts.<\/li>\n<li>Flammhemmendes Aluminiumdruckguss-Geh\u00e4use mit hochwertiger und langlebiger Pulverbeschichtung.<\/li>\n<li>DIN 12878-Buchse f\u00fcr den Anschluss eines elektronischen Kontaktthermometers, z. B. ETS-D5, zur Temperaturkontrolle bei starker Anwesenheit. In dieser Kombination wird der Versuchsaufbau durch einen unabh\u00e4ngigen Sicherheitsstromkreis f\u00fcr das Reaktionsmedium erg\u00e4nzt.<\/li>\n<\/ul>\n","protected":false},"excerpt":{"rendered":"<p>Magnetr\u00fchrer mit Heizung, Max. 20L, Max 310 \u00b0C<\/p>\n","protected":false},"featured_media":28615,"template":"","meta":{"_crdt_document":""},"product_brand":[],"product_cat":[161,87],"product_tag":[],"class_list":{"0":"post-28611","1":"product","2":"type-product","3":"status-publish","4":"has-post-thumbnail","6":"product_cat-magnet","7":"product_cat-ruehren","9":"first","10":"instock","11":"taxable","12":"shipping-taxable","13":"purchasable","14":"product-type-simple"},"yoast_head":"<!-- This site is optimized with the Yoast SEO plugin v27.3 - https:\/\/yoast.com\/product\/yoast-seo-wordpress\/ -->\n<title>Magnetr\u00fchrer mit Heizung RCT Basic - Sysmatec<\/title>\n<meta name=\"description\" content=\"Magnetr\u00fchrer mit Heizung mit einem Fassungsverm\u00f6gen von 20 L und einer R\u00fchrgeschwindigkeit von 50 bis 1500 rpm. Heiztemperatur bis zu 310\u00b0C\" \/>\n<meta name=\"robots\" content=\"index, follow, max-snippet:-1, max-image-preview:large, max-video-preview:-1\" \/>\n<link rel=\"canonical\" href=\"https:\/\/sysmatec.ch\/de\/Produkt\/magnetruehrer-mit-heizung-rct-basic\/\" \/>\n<meta property=\"og:locale\" content=\"de_DE\" \/>\n<meta property=\"og:type\" content=\"article\" \/>\n<meta property=\"og:title\" content=\"Magnetr\u00fchrer mit Heizung RCT Basic - Sysmatec\" \/>\n<meta property=\"og:description\" content=\"Magnetr\u00fchrer mit Heizung mit einem Fassungsverm\u00f6gen von 20 L und einer R\u00fchrgeschwindigkeit von 50 bis 1500 rpm. Heiztemperatur bis zu 310\u00b0C\" \/>\n<meta property=\"og:url\" content=\"https:\/\/sysmatec.ch\/de\/Produkt\/magnetruehrer-mit-heizung-rct-basic\/\" \/>\n<meta property=\"og:site_name\" content=\"Sysmatec\" \/>\n<meta property=\"article:modified_time\" content=\"2024-07-23T07:21:55+00:00\" \/>\n<meta property=\"og:image\" content=\"https:\/\/sysmatec.ch\/wp-content\/uploads\/2023\/07\/RCT-basic.webp\" \/>\n\t<meta property=\"og:image:width\" content=\"1000\" \/>\n\t<meta property=\"og:image:height\" content=\"644\" \/>\n\t<meta property=\"og:image:type\" content=\"image\/webp\" \/>\n<meta name=\"twitter:card\" content=\"summary_large_image\" \/>\n<meta name=\"twitter:label1\" content=\"Gesch\u00e4tzte Lesezeit\" \/>\n\t<meta name=\"twitter:data1\" content=\"3\u00a0Minuten\" \/>\n<script type=\"application\/ld+json\" class=\"yoast-schema-graph\">{\"@context\":\"https:\\\/\\\/schema.org\",\"@graph\":[{\"@type\":\"WebPage\",\"@id\":\"https:\\\/\\\/sysmatec.ch\\\/de\\\/Produkt\\\/magnetruehrer-mit-heizung-rct-basic\\\/\",\"url\":\"https:\\\/\\\/sysmatec.ch\\\/de\\\/Produkt\\\/magnetruehrer-mit-heizung-rct-basic\\\/\",\"name\":\"Magnetr\u00fchrer mit Heizung RCT Basic - Sysmatec\",\"isPartOf\":{\"@id\":\"https:\\\/\\\/sysmatec.ch\\\/de\\\/#website\"},\"primaryImageOfPage\":{\"@id\":\"https:\\\/\\\/sysmatec.ch\\\/de\\\/Produkt\\\/magnetruehrer-mit-heizung-rct-basic\\\/#primaryimage\"},\"image\":{\"@id\":\"https:\\\/\\\/sysmatec.ch\\\/de\\\/Produkt\\\/magnetruehrer-mit-heizung-rct-basic\\\/#primaryimage\"},\"thumbnailUrl\":\"https:\\\/\\\/sysmatec.ch\\\/wp-content\\\/uploads\\\/2023\\\/07\\\/RCT-basic.webp\",\"datePublished\":\"2023-07-19T09:51:39+00:00\",\"dateModified\":\"2024-07-23T07:21:55+00:00\",\"description\":\"Magnetr\u00fchrer mit Heizung mit einem Fassungsverm\u00f6gen von 20 L und einer R\u00fchrgeschwindigkeit von 50 bis 1500 rpm. Heiztemperatur bis zu 310\u00b0C\",\"breadcrumb\":{\"@id\":\"https:\\\/\\\/sysmatec.ch\\\/de\\\/Produkt\\\/magnetruehrer-mit-heizung-rct-basic\\\/#breadcrumb\"},\"inLanguage\":\"de\",\"potentialAction\":[{\"@type\":\"ReadAction\",\"target\":[\"https:\\\/\\\/sysmatec.ch\\\/de\\\/Produkt\\\/magnetruehrer-mit-heizung-rct-basic\\\/\"]}]},{\"@type\":\"ImageObject\",\"inLanguage\":\"de\",\"@id\":\"https:\\\/\\\/sysmatec.ch\\\/de\\\/Produkt\\\/magnetruehrer-mit-heizung-rct-basic\\\/#primaryimage\",\"url\":\"https:\\\/\\\/sysmatec.ch\\\/wp-content\\\/uploads\\\/2023\\\/07\\\/RCT-basic.webp\",\"contentUrl\":\"https:\\\/\\\/sysmatec.ch\\\/wp-content\\\/uploads\\\/2023\\\/07\\\/RCT-basic.webp\",\"width\":1000,\"height\":644},{\"@type\":\"BreadcrumbList\",\"@id\":\"https:\\\/\\\/sysmatec.ch\\\/de\\\/Produkt\\\/magnetruehrer-mit-heizung-rct-basic\\\/#breadcrumb\",\"itemListElement\":[{\"@type\":\"ListItem\",\"position\":1,\"name\":\"Accueil\",\"item\":\"https:\\\/\\\/sysmatec.ch\\\/de\\\/\"},{\"@type\":\"ListItem\",\"position\":2,\"name\":\"Die Aktivit\u00e4t von Sysmatec\",\"item\":\"https:\\\/\\\/sysmatec.ch\\\/de\\\/\"},{\"@type\":\"ListItem\",\"position\":3,\"name\":\"Magnetr\u00fchrer mit Heizung RCT Basic\"}]},{\"@type\":\"WebSite\",\"@id\":\"https:\\\/\\\/sysmatec.ch\\\/de\\\/#website\",\"url\":\"https:\\\/\\\/sysmatec.ch\\\/de\\\/\",\"name\":\"Sysmatec\",\"description\":\"Equipement de laboratoire et logiciels\",\"publisher\":{\"@id\":\"https:\\\/\\\/sysmatec.ch\\\/de\\\/#organization\"},\"potentialAction\":[{\"@type\":\"SearchAction\",\"target\":{\"@type\":\"EntryPoint\",\"urlTemplate\":\"https:\\\/\\\/sysmatec.ch\\\/de\\\/?s={search_term_string}\"},\"query-input\":{\"@type\":\"PropertyValueSpecification\",\"valueRequired\":true,\"valueName\":\"search_term_string\"}}],\"inLanguage\":\"de\"},{\"@type\":\"Organization\",\"@id\":\"https:\\\/\\\/sysmatec.ch\\\/de\\\/#organization\",\"name\":\"Sysmatec\",\"url\":\"https:\\\/\\\/sysmatec.ch\\\/de\\\/\",\"logo\":{\"@type\":\"ImageObject\",\"inLanguage\":\"de\",\"@id\":\"https:\\\/\\\/sysmatec.ch\\\/de\\\/#\\\/schema\\\/logo\\\/image\\\/\",\"url\":\"https:\\\/\\\/sysmatec.ch\\\/wp-content\\\/uploads\\\/2018\\\/11\\\/LogoSysmatec.jpg\",\"contentUrl\":\"https:\\\/\\\/sysmatec.ch\\\/wp-content\\\/uploads\\\/2018\\\/11\\\/LogoSysmatec.jpg\",\"width\":301,\"height\":297,\"caption\":\"Sysmatec\"},\"image\":{\"@id\":\"https:\\\/\\\/sysmatec.ch\\\/de\\\/#\\\/schema\\\/logo\\\/image\\\/\"}}]}<\/script>\n<!-- \/ Yoast SEO plugin. -->","yoast_head_json":{"title":"Magnetr\u00fchrer mit Heizung RCT Basic - Sysmatec","description":"Magnetr\u00fchrer mit Heizung mit einem Fassungsverm\u00f6gen von 20 L und einer R\u00fchrgeschwindigkeit von 50 bis 1500 rpm. Heiztemperatur bis zu 310\u00b0C","robots":{"index":"index","follow":"follow","max-snippet":"max-snippet:-1","max-image-preview":"max-image-preview:large","max-video-preview":"max-video-preview:-1"},"canonical":"https:\/\/sysmatec.ch\/de\/Produkt\/magnetruehrer-mit-heizung-rct-basic\/","og_locale":"de_DE","og_type":"article","og_title":"Magnetr\u00fchrer mit Heizung RCT Basic - Sysmatec","og_description":"Magnetr\u00fchrer mit Heizung mit einem Fassungsverm\u00f6gen von 20 L und einer R\u00fchrgeschwindigkeit von 50 bis 1500 rpm. Heiztemperatur bis zu 310\u00b0C","og_url":"https:\/\/sysmatec.ch\/de\/Produkt\/magnetruehrer-mit-heizung-rct-basic\/","og_site_name":"Sysmatec","article_modified_time":"2024-07-23T07:21:55+00:00","og_image":[{"width":1000,"height":644,"url":"https:\/\/sysmatec.ch\/wp-content\/uploads\/2023\/07\/RCT-basic.webp","type":"image\/webp"}],"twitter_card":"summary_large_image","twitter_misc":{"Gesch\u00e4tzte Lesezeit":"3\u00a0Minuten"},"schema":{"@context":"https:\/\/schema.org","@graph":[{"@type":"WebPage","@id":"https:\/\/sysmatec.ch\/de\/Produkt\/magnetruehrer-mit-heizung-rct-basic\/","url":"https:\/\/sysmatec.ch\/de\/Produkt\/magnetruehrer-mit-heizung-rct-basic\/","name":"Magnetr\u00fchrer mit Heizung RCT Basic - Sysmatec","isPartOf":{"@id":"https:\/\/sysmatec.ch\/de\/#website"},"primaryImageOfPage":{"@id":"https:\/\/sysmatec.ch\/de\/Produkt\/magnetruehrer-mit-heizung-rct-basic\/#primaryimage"},"image":{"@id":"https:\/\/sysmatec.ch\/de\/Produkt\/magnetruehrer-mit-heizung-rct-basic\/#primaryimage"},"thumbnailUrl":"https:\/\/sysmatec.ch\/wp-content\/uploads\/2023\/07\/RCT-basic.webp","datePublished":"2023-07-19T09:51:39+00:00","dateModified":"2024-07-23T07:21:55+00:00","description":"Magnetr\u00fchrer mit Heizung mit einem Fassungsverm\u00f6gen von 20 L und einer R\u00fchrgeschwindigkeit von 50 bis 1500 rpm. Heiztemperatur bis zu 310\u00b0C","breadcrumb":{"@id":"https:\/\/sysmatec.ch\/de\/Produkt\/magnetruehrer-mit-heizung-rct-basic\/#breadcrumb"},"inLanguage":"de","potentialAction":[{"@type":"ReadAction","target":["https:\/\/sysmatec.ch\/de\/Produkt\/magnetruehrer-mit-heizung-rct-basic\/"]}]},{"@type":"ImageObject","inLanguage":"de","@id":"https:\/\/sysmatec.ch\/de\/Produkt\/magnetruehrer-mit-heizung-rct-basic\/#primaryimage","url":"https:\/\/sysmatec.ch\/wp-content\/uploads\/2023\/07\/RCT-basic.webp","contentUrl":"https:\/\/sysmatec.ch\/wp-content\/uploads\/2023\/07\/RCT-basic.webp","width":1000,"height":644},{"@type":"BreadcrumbList","@id":"https:\/\/sysmatec.ch\/de\/Produkt\/magnetruehrer-mit-heizung-rct-basic\/#breadcrumb","itemListElement":[{"@type":"ListItem","position":1,"name":"Accueil","item":"https:\/\/sysmatec.ch\/de\/"},{"@type":"ListItem","position":2,"name":"Die Aktivit\u00e4t von Sysmatec","item":"https:\/\/sysmatec.ch\/de\/"},{"@type":"ListItem","position":3,"name":"Magnetr\u00fchrer mit Heizung RCT Basic"}]},{"@type":"WebSite","@id":"https:\/\/sysmatec.ch\/de\/#website","url":"https:\/\/sysmatec.ch\/de\/","name":"Sysmatec","description":"Equipement de laboratoire et logiciels","publisher":{"@id":"https:\/\/sysmatec.ch\/de\/#organization"},"potentialAction":[{"@type":"SearchAction","target":{"@type":"EntryPoint","urlTemplate":"https:\/\/sysmatec.ch\/de\/?s={search_term_string}"},"query-input":{"@type":"PropertyValueSpecification","valueRequired":true,"valueName":"search_term_string"}}],"inLanguage":"de"},{"@type":"Organization","@id":"https:\/\/sysmatec.ch\/de\/#organization","name":"Sysmatec","url":"https:\/\/sysmatec.ch\/de\/","logo":{"@type":"ImageObject","inLanguage":"de","@id":"https:\/\/sysmatec.ch\/de\/#\/schema\/logo\/image\/","url":"https:\/\/sysmatec.ch\/wp-content\/uploads\/2018\/11\/LogoSysmatec.jpg","contentUrl":"https:\/\/sysmatec.ch\/wp-content\/uploads\/2018\/11\/LogoSysmatec.jpg","width":301,"height":297,"caption":"Sysmatec"},"image":{"@id":"https:\/\/sysmatec.ch\/de\/#\/schema\/logo\/image\/"}}]}},"_links":{"self":[{"href":"https:\/\/sysmatec.ch\/de\/wp-json\/wp\/v2\/product\/28611","targetHints":{"allow":["GET"]}}],"collection":[{"href":"https:\/\/sysmatec.ch\/de\/wp-json\/wp\/v2\/product"}],"about":[{"href":"https:\/\/sysmatec.ch\/de\/wp-json\/wp\/v2\/types\/product"}],"wp:featuredmedia":[{"embeddable":true,"href":"https:\/\/sysmatec.ch\/de\/wp-json\/wp\/v2\/media\/28615"}],"wp:attachment":[{"href":"https:\/\/sysmatec.ch\/de\/wp-json\/wp\/v2\/media?parent=28611"}],"wp:term":[{"taxonomy":"product_brand","embeddable":true,"href":"https:\/\/sysmatec.ch\/de\/wp-json\/wp\/v2\/product_brand?post=28611"},{"taxonomy":"product_cat","embeddable":true,"href":"https:\/\/sysmatec.ch\/de\/wp-json\/wp\/v2\/product_cat?post=28611"},{"taxonomy":"product_tag","embeddable":true,"href":"https:\/\/sysmatec.ch\/de\/wp-json\/wp\/v2\/product_tag?post=28611"}],"curies":[{"name":"wp","href":"https:\/\/api.w.org\/{rel}","templated":true}]}}