{"id":28599,"date":"2023-07-18T16:52:26","date_gmt":"2023-07-18T14:52:25","guid":{"rendered":"https:\/\/sysmatec.ch\/?post_type=product&#038;p=28599"},"modified":"2023-07-21T07:32:32","modified_gmt":"2023-07-21T05:32:32","slug":"orbital-mikroplattenschuettler-matrix-delta-fp","status":"publish","type":"product","link":"https:\/\/sysmatec.ch\/de\/Produkt\/orbital-mikroplattenschuettler-matrix-delta-fp\/","title":{"rendered":"Orbital-Mikroplattensch\u00fcttler MATRIX Delta FP"},"content":{"rendered":"<p>Dieser Mikroplattensch\u00fcttler ist Teil einer Familie von thermischen R\u00fchrern. Der IKA Matrix Orbital \u0394 FP mischt, erw\u00e4rmt und verf\u00fcgt \u00fcber einen universellen Halter f\u00fcr Mikrotiterplatten. Selbst sehr kleine Probenvolumina werden in allen Laboranwendungen zuverl\u00e4ssig und vollst\u00e4ndig gemischt. Es gibt keine Kreuzkontamination und ein optimales Mischergebnis.<\/p>\n<p>Dieser Orbitalsch\u00fcttler f\u00fcr Mikrotiterplatten verf\u00fcgt \u00fcber zahlreiche Funktionen:<\/p>\n<ul>\n<li>Ein gro\u00dfer, klarer Bildschirm mit einer praktischen Men\u00fcstruktur erm\u00f6glicht eine intuitive Bedienung.<\/li>\n<li>Stabile Schnellverriegelung f\u00fcr den schnellen und einfachen Wechsel von Eins\u00e4tzen und Zubeh\u00f6r sowie f\u00fcr die automatische Erkennung von Zubeh\u00f6r.<\/li>\n<li>Drehzahlen von bis zu 2 000 U\/min und ein R\u00fchrdurchmesser von 3 mm sorgen f\u00fcr ein schnelles und effizientes Mischen der Fl\u00fcssigkeit.<\/li>\n<li>Programmierbare Rampen erm\u00f6glichen die automatische Ausf\u00fchrung von Misch- und Erw\u00e4rmungsaufgaben.<\/li>\n<li>Intelligente Anpassung der Geschwindigkeit an den Einsatz, die Fixierung und das F\u00fcllvolumen.<\/li>\n<li>Das Geh\u00e4use aus Aluminiumdruckguss sorgt f\u00fcr eine sichere Positionierung, hervorragende Stabilit\u00e4t und Robustheit im Alltag.<\/li>\n<li>Der Timer kann f\u00fcr ein Zeitintervall von 1 Sekunde bis 6000 Minuten oder ohne Zeitbegrenzung (im Endlosmodus) programmiert werden.<\/li>\n<\/ul>\n","protected":false},"excerpt":{"rendered":"<p>Orbital-Mikroplattensch\u00fcttler<\/p>\n","protected":false},"featured_media":28608,"template":"","meta":{"_crdt_document":""},"product_brand":[],"product_cat":[159,87],"product_tag":[],"class_list":{"0":"post-28599","1":"product","2":"type-product","3":"status-publish","4":"has-post-thumbnail","6":"product_cat-kultur","7":"product_cat-ruehren","9":"first","10":"instock","11":"taxable","12":"shipping-taxable","13":"product-type-simple"},"yoast_head":"<!-- This site is optimized with the Yoast SEO plugin v27.3 - https:\/\/yoast.com\/product\/yoast-seo-wordpress\/ -->\n<title>Orbital-Mikroplattensch\u00fcttler MATRIX Delta FP - Sysmatec<\/title>\n<meta name=\"description\" content=\"Orbitalsch\u00fcttler zum Sch\u00fctteln von Mikrotiterplatten, mit einem 3 mm-Orbital und Sch\u00fcttelgeschwindigkeiten bis zu 2000 U\/min.\" \/>\n<meta name=\"robots\" content=\"index, follow, max-snippet:-1, max-image-preview:large, max-video-preview:-1\" \/>\n<link rel=\"canonical\" href=\"https:\/\/sysmatec.ch\/de\/Produkt\/orbital-mikroplattenschuettler-matrix-delta-fp\/\" \/>\n<meta property=\"og:locale\" content=\"de_DE\" \/>\n<meta property=\"og:type\" content=\"article\" \/>\n<meta property=\"og:title\" content=\"Orbital-Mikroplattensch\u00fcttler MATRIX Delta FP - Sysmatec\" \/>\n<meta property=\"og:description\" content=\"Orbitalsch\u00fcttler zum Sch\u00fctteln von Mikrotiterplatten, mit einem 3 mm-Orbital und Sch\u00fcttelgeschwindigkeiten bis zu 2000 U\/min.\" \/>\n<meta property=\"og:url\" content=\"https:\/\/sysmatec.ch\/de\/Produkt\/orbital-mikroplattenschuettler-matrix-delta-fp\/\" \/>\n<meta property=\"og:site_name\" content=\"Sysmatec\" \/>\n<meta property=\"article:modified_time\" content=\"2023-07-21T05:32:32+00:00\" \/>\n<meta property=\"og:image\" content=\"https:\/\/sysmatec.ch\/wp-content\/uploads\/2023\/07\/MATRIX-delta.webp\" \/>\n\t<meta property=\"og:image:width\" content=\"999\" \/>\n\t<meta property=\"og:image:height\" content=\"1000\" \/>\n\t<meta property=\"og:image:type\" content=\"image\/webp\" \/>\n<meta name=\"twitter:card\" content=\"summary_large_image\" \/>\n<meta name=\"twitter:label1\" content=\"Gesch\u00e4tzte Lesezeit\" \/>\n\t<meta name=\"twitter:data1\" content=\"1\u00a0Minute\" \/>\n<script type=\"application\/ld+json\" class=\"yoast-schema-graph\">{\"@context\":\"https:\\\/\\\/schema.org\",\"@graph\":[{\"@type\":\"WebPage\",\"@id\":\"https:\\\/\\\/sysmatec.ch\\\/de\\\/Produkt\\\/orbital-mikroplattenschuettler-matrix-delta-fp\\\/\",\"url\":\"https:\\\/\\\/sysmatec.ch\\\/de\\\/Produkt\\\/orbital-mikroplattenschuettler-matrix-delta-fp\\\/\",\"name\":\"Orbital-Mikroplattensch\u00fcttler MATRIX Delta FP - Sysmatec\",\"isPartOf\":{\"@id\":\"https:\\\/\\\/sysmatec.ch\\\/de\\\/#website\"},\"primaryImageOfPage\":{\"@id\":\"https:\\\/\\\/sysmatec.ch\\\/de\\\/Produkt\\\/orbital-mikroplattenschuettler-matrix-delta-fp\\\/#primaryimage\"},\"image\":{\"@id\":\"https:\\\/\\\/sysmatec.ch\\\/de\\\/Produkt\\\/orbital-mikroplattenschuettler-matrix-delta-fp\\\/#primaryimage\"},\"thumbnailUrl\":\"https:\\\/\\\/sysmatec.ch\\\/wp-content\\\/uploads\\\/2023\\\/07\\\/MATRIX-delta.webp\",\"datePublished\":\"2023-07-18T14:52:25+00:00\",\"dateModified\":\"2023-07-21T05:32:32+00:00\",\"description\":\"Orbitalsch\u00fcttler zum Sch\u00fctteln von Mikrotiterplatten, mit einem 3 mm-Orbital und Sch\u00fcttelgeschwindigkeiten bis zu 2000 U\\\/min.\",\"breadcrumb\":{\"@id\":\"https:\\\/\\\/sysmatec.ch\\\/de\\\/Produkt\\\/orbital-mikroplattenschuettler-matrix-delta-fp\\\/#breadcrumb\"},\"inLanguage\":\"de\",\"potentialAction\":[{\"@type\":\"ReadAction\",\"target\":[\"https:\\\/\\\/sysmatec.ch\\\/de\\\/Produkt\\\/orbital-mikroplattenschuettler-matrix-delta-fp\\\/\"]}]},{\"@type\":\"ImageObject\",\"inLanguage\":\"de\",\"@id\":\"https:\\\/\\\/sysmatec.ch\\\/de\\\/Produkt\\\/orbital-mikroplattenschuettler-matrix-delta-fp\\\/#primaryimage\",\"url\":\"https:\\\/\\\/sysmatec.ch\\\/wp-content\\\/uploads\\\/2023\\\/07\\\/MATRIX-delta.webp\",\"contentUrl\":\"https:\\\/\\\/sysmatec.ch\\\/wp-content\\\/uploads\\\/2023\\\/07\\\/MATRIX-delta.webp\",\"width\":999,\"height\":1000},{\"@type\":\"BreadcrumbList\",\"@id\":\"https:\\\/\\\/sysmatec.ch\\\/de\\\/Produkt\\\/orbital-mikroplattenschuettler-matrix-delta-fp\\\/#breadcrumb\",\"itemListElement\":[{\"@type\":\"ListItem\",\"position\":1,\"name\":\"Accueil\",\"item\":\"https:\\\/\\\/sysmatec.ch\\\/de\\\/\"},{\"@type\":\"ListItem\",\"position\":2,\"name\":\"Die Aktivit\u00e4t von Sysmatec\",\"item\":\"https:\\\/\\\/sysmatec.ch\\\/de\\\/\"},{\"@type\":\"ListItem\",\"position\":3,\"name\":\"Orbital-Mikroplattensch\u00fcttler MATRIX Delta FP\"}]},{\"@type\":\"WebSite\",\"@id\":\"https:\\\/\\\/sysmatec.ch\\\/de\\\/#website\",\"url\":\"https:\\\/\\\/sysmatec.ch\\\/de\\\/\",\"name\":\"Sysmatec\",\"description\":\"Equipement de laboratoire et logiciels\",\"publisher\":{\"@id\":\"https:\\\/\\\/sysmatec.ch\\\/de\\\/#organization\"},\"potentialAction\":[{\"@type\":\"SearchAction\",\"target\":{\"@type\":\"EntryPoint\",\"urlTemplate\":\"https:\\\/\\\/sysmatec.ch\\\/de\\\/?s={search_term_string}\"},\"query-input\":{\"@type\":\"PropertyValueSpecification\",\"valueRequired\":true,\"valueName\":\"search_term_string\"}}],\"inLanguage\":\"de\"},{\"@type\":\"Organization\",\"@id\":\"https:\\\/\\\/sysmatec.ch\\\/de\\\/#organization\",\"name\":\"Sysmatec\",\"url\":\"https:\\\/\\\/sysmatec.ch\\\/de\\\/\",\"logo\":{\"@type\":\"ImageObject\",\"inLanguage\":\"de\",\"@id\":\"https:\\\/\\\/sysmatec.ch\\\/de\\\/#\\\/schema\\\/logo\\\/image\\\/\",\"url\":\"https:\\\/\\\/sysmatec.ch\\\/wp-content\\\/uploads\\\/2018\\\/11\\\/LogoSysmatec.jpg\",\"contentUrl\":\"https:\\\/\\\/sysmatec.ch\\\/wp-content\\\/uploads\\\/2018\\\/11\\\/LogoSysmatec.jpg\",\"width\":301,\"height\":297,\"caption\":\"Sysmatec\"},\"image\":{\"@id\":\"https:\\\/\\\/sysmatec.ch\\\/de\\\/#\\\/schema\\\/logo\\\/image\\\/\"}}]}<\/script>\n<!-- \/ Yoast SEO plugin. -->","yoast_head_json":{"title":"Orbital-Mikroplattensch\u00fcttler MATRIX Delta FP - Sysmatec","description":"Orbitalsch\u00fcttler zum Sch\u00fctteln von Mikrotiterplatten, mit einem 3 mm-Orbital und Sch\u00fcttelgeschwindigkeiten bis zu 2000 U\/min.","robots":{"index":"index","follow":"follow","max-snippet":"max-snippet:-1","max-image-preview":"max-image-preview:large","max-video-preview":"max-video-preview:-1"},"canonical":"https:\/\/sysmatec.ch\/de\/Produkt\/orbital-mikroplattenschuettler-matrix-delta-fp\/","og_locale":"de_DE","og_type":"article","og_title":"Orbital-Mikroplattensch\u00fcttler MATRIX Delta FP - Sysmatec","og_description":"Orbitalsch\u00fcttler zum Sch\u00fctteln von Mikrotiterplatten, mit einem 3 mm-Orbital und Sch\u00fcttelgeschwindigkeiten bis zu 2000 U\/min.","og_url":"https:\/\/sysmatec.ch\/de\/Produkt\/orbital-mikroplattenschuettler-matrix-delta-fp\/","og_site_name":"Sysmatec","article_modified_time":"2023-07-21T05:32:32+00:00","og_image":[{"width":999,"height":1000,"url":"https:\/\/sysmatec.ch\/wp-content\/uploads\/2023\/07\/MATRIX-delta.webp","type":"image\/webp"}],"twitter_card":"summary_large_image","twitter_misc":{"Gesch\u00e4tzte Lesezeit":"1\u00a0Minute"},"schema":{"@context":"https:\/\/schema.org","@graph":[{"@type":"WebPage","@id":"https:\/\/sysmatec.ch\/de\/Produkt\/orbital-mikroplattenschuettler-matrix-delta-fp\/","url":"https:\/\/sysmatec.ch\/de\/Produkt\/orbital-mikroplattenschuettler-matrix-delta-fp\/","name":"Orbital-Mikroplattensch\u00fcttler MATRIX Delta FP - Sysmatec","isPartOf":{"@id":"https:\/\/sysmatec.ch\/de\/#website"},"primaryImageOfPage":{"@id":"https:\/\/sysmatec.ch\/de\/Produkt\/orbital-mikroplattenschuettler-matrix-delta-fp\/#primaryimage"},"image":{"@id":"https:\/\/sysmatec.ch\/de\/Produkt\/orbital-mikroplattenschuettler-matrix-delta-fp\/#primaryimage"},"thumbnailUrl":"https:\/\/sysmatec.ch\/wp-content\/uploads\/2023\/07\/MATRIX-delta.webp","datePublished":"2023-07-18T14:52:25+00:00","dateModified":"2023-07-21T05:32:32+00:00","description":"Orbitalsch\u00fcttler zum Sch\u00fctteln von Mikrotiterplatten, mit einem 3 mm-Orbital und Sch\u00fcttelgeschwindigkeiten bis zu 2000 U\/min.","breadcrumb":{"@id":"https:\/\/sysmatec.ch\/de\/Produkt\/orbital-mikroplattenschuettler-matrix-delta-fp\/#breadcrumb"},"inLanguage":"de","potentialAction":[{"@type":"ReadAction","target":["https:\/\/sysmatec.ch\/de\/Produkt\/orbital-mikroplattenschuettler-matrix-delta-fp\/"]}]},{"@type":"ImageObject","inLanguage":"de","@id":"https:\/\/sysmatec.ch\/de\/Produkt\/orbital-mikroplattenschuettler-matrix-delta-fp\/#primaryimage","url":"https:\/\/sysmatec.ch\/wp-content\/uploads\/2023\/07\/MATRIX-delta.webp","contentUrl":"https:\/\/sysmatec.ch\/wp-content\/uploads\/2023\/07\/MATRIX-delta.webp","width":999,"height":1000},{"@type":"BreadcrumbList","@id":"https:\/\/sysmatec.ch\/de\/Produkt\/orbital-mikroplattenschuettler-matrix-delta-fp\/#breadcrumb","itemListElement":[{"@type":"ListItem","position":1,"name":"Accueil","item":"https:\/\/sysmatec.ch\/de\/"},{"@type":"ListItem","position":2,"name":"Die Aktivit\u00e4t von Sysmatec","item":"https:\/\/sysmatec.ch\/de\/"},{"@type":"ListItem","position":3,"name":"Orbital-Mikroplattensch\u00fcttler MATRIX Delta FP"}]},{"@type":"WebSite","@id":"https:\/\/sysmatec.ch\/de\/#website","url":"https:\/\/sysmatec.ch\/de\/","name":"Sysmatec","description":"Equipement de laboratoire et logiciels","publisher":{"@id":"https:\/\/sysmatec.ch\/de\/#organization"},"potentialAction":[{"@type":"SearchAction","target":{"@type":"EntryPoint","urlTemplate":"https:\/\/sysmatec.ch\/de\/?s={search_term_string}"},"query-input":{"@type":"PropertyValueSpecification","valueRequired":true,"valueName":"search_term_string"}}],"inLanguage":"de"},{"@type":"Organization","@id":"https:\/\/sysmatec.ch\/de\/#organization","name":"Sysmatec","url":"https:\/\/sysmatec.ch\/de\/","logo":{"@type":"ImageObject","inLanguage":"de","@id":"https:\/\/sysmatec.ch\/de\/#\/schema\/logo\/image\/","url":"https:\/\/sysmatec.ch\/wp-content\/uploads\/2018\/11\/LogoSysmatec.jpg","contentUrl":"https:\/\/sysmatec.ch\/wp-content\/uploads\/2018\/11\/LogoSysmatec.jpg","width":301,"height":297,"caption":"Sysmatec"},"image":{"@id":"https:\/\/sysmatec.ch\/de\/#\/schema\/logo\/image\/"}}]}},"_links":{"self":[{"href":"https:\/\/sysmatec.ch\/de\/wp-json\/wp\/v2\/product\/28599","targetHints":{"allow":["GET"]}}],"collection":[{"href":"https:\/\/sysmatec.ch\/de\/wp-json\/wp\/v2\/product"}],"about":[{"href":"https:\/\/sysmatec.ch\/de\/wp-json\/wp\/v2\/types\/product"}],"wp:featuredmedia":[{"embeddable":true,"href":"https:\/\/sysmatec.ch\/de\/wp-json\/wp\/v2\/media\/28608"}],"wp:attachment":[{"href":"https:\/\/sysmatec.ch\/de\/wp-json\/wp\/v2\/media?parent=28599"}],"wp:term":[{"taxonomy":"product_brand","embeddable":true,"href":"https:\/\/sysmatec.ch\/de\/wp-json\/wp\/v2\/product_brand?post=28599"},{"taxonomy":"product_cat","embeddable":true,"href":"https:\/\/sysmatec.ch\/de\/wp-json\/wp\/v2\/product_cat?post=28599"},{"taxonomy":"product_tag","embeddable":true,"href":"https:\/\/sysmatec.ch\/de\/wp-json\/wp\/v2\/product_tag?post=28599"}],"curies":[{"name":"wp","href":"https:\/\/api.w.org\/{rel}","templated":true}]}}