{"id":28569,"date":"2023-04-18T09:09:42","date_gmt":"2023-04-18T07:09:42","guid":{"rendered":"https:\/\/sysmatec.ch\/?post_type=product&#038;p=28569"},"modified":"2023-04-18T09:43:36","modified_gmt":"2023-04-18T07:43:36","slug":"digitales-schichtdickenmessgeraet-tp-2020","status":"publish","type":"product","link":"https:\/\/sysmatec.ch\/de\/Produkt\/digitales-schichtdickenmessgeraet-tp-2020\/","title":{"rendered":"Digitales Schichtdickenmessger\u00e4t TP-2020"},"content":{"rendered":"<p>Das Schichtdickenmessger\u00e4t NOVOTEST TP-2020 ist f\u00fcr die Dickenmessung von Beschichtungen auf Basis von Eisen- und Nichteisenmetallen konzipiert. Eine Vielzahl unterschiedlicher Sensoren erm\u00f6glicht die zerst\u00f6rungsfreie Pr\u00fcfung von Schutzschichten in einem breiten Schichtdickenbereich. Das Dickenmessger\u00e4t kann auch folgende Parameter messen: Rillentiefe und Korrosion, Oberfl\u00e4chenrauheit sowie Temperaturkontrolle, Umgebungsfeuchte und Taupunkttemperatur und deckt somit ein breites Aufgabenspektrum mit einem universellen Ger\u00e4t (Dickenmessger\u00e4t) ab.<br \/>\nJe nach zu messender Dicke, Unterlage und Beschichtung gibt es verschiedene Sondentypen, um den spezifischen Kontrollanforderungen gerecht zu werden. Das Schichtdickenmessger\u00e4t TP-2020 verf\u00fcgt \u00fcber eine breite Palette von gemessenen Beschichtungen (von 0 bis 60 mm) und ist daher in der Lage, Schutzbeschichtungen zu \u00fcberpr\u00fcfen, angefangen bei Filmen, Karosserielackdicken bis hin zu Beschichtungen von Metallkonstruktionen, Br\u00fccken, \u00d6l- und Gaspipelines und andere Objekte mit Bitumenbeschichtungen.<\/p>\n<h2>Spezifikationen<\/h2>\n<table width=\"742\">\n<tbody>\n<tr>\n<td>Dickenmessbereich (abh\u00e4ngig vom Sondentyp)<\/td>\n<td>0 \u00b5m bis 60 mm<\/td>\n<\/tr>\n<tr>\n<td>gemessene Parameter<\/td>\n<td>Schichtdicke, Korrosionstiefe, Rauheit, Temperatur, Feuchtigkeit, Taupunkttemperatur<\/td>\n<\/tr>\n<tr>\n<td>Einheit<\/td>\n<td>\u03bcm, mm, inch, mil<\/td>\n<\/tr>\n<tr>\n<td>Mode<\/td>\n<td>Berechnung des Durchschnitts, Angabe von Minimum und Maximum<\/td>\n<\/tr>\n<tr>\n<td>PC Verbindung<\/td>\n<td>ja<\/td>\n<\/tr>\n<tr>\n<td>Sprache<\/td>\n<td>Englisch, Spanisch, Franz\u00f6sisch, Russisch<\/td>\n<\/tr>\n<tr>\n<td>Dimension, mm<\/td>\n<td>122x60x25<\/td>\n<\/tr>\n<tr>\n<td>Betriebstemperaturbereich, \u00b0 C<\/td>\n<td>-20 bis +40 \u00b0 C<\/td>\n<\/tr>\n<tr>\n<td>Batterien<\/td>\n<td>2 AA<\/td>\n<\/tr>\n<tr>\n<td>Art der Anschl\u00fcsse der Sonden<\/td>\n<td>Lemo<\/td>\n<\/tr>\n<tr>\n<td>Speicherung von Messergebnissen und PC-Software (optional)<\/td>\n<td>256<\/td>\n<\/tr>\n<tr>\n<td>Standards<\/td>\n<td>AS 2331.1.4, AS 3894.3-B, AS\/NZS 1580.108.1, ASTM B 499,\u00a0ASTM D 7091, ASTM E 376, ASTM G 12,\u00a0BS 5599,\u00a0EN 13523-1, IMO MSC.215(82), IMO MSC.244 (83), ISO 1461, ISO 19840, ISO 2063, ISO 2178,\u00a0ISO 2360,\u00a0ISO 2808-7C, ISO 2808-7D, ISO 2808-12, NF T30-124,\u00a0SSPC PA 2, US Navy PPI 63101-000, US Navy NSI 009-32,\u00a0 ASTM D 1186-B, ASTM D 1400,\u00a0BS 3900-C5-6B, BS 3900-C5-6A, BS 5411-11, BS 5411-3,\u00a0DIN 50981, DIN 50984, ECCA T1,\u00a0ISO 2808-6A, ISO 2808-6B,\u00a0SS 184159<\/td>\n<\/tr>\n<tr>\n<td>ununterbrochenen Arbeitszeit, nicht weniger<\/td>\n<td>20<\/td>\n<\/tr>\n<tr>\n<td>Gewicht der Elektronikeinheit mit Batterien, kg<\/td>\n<td>0.2<\/td>\n<\/tr>\n<\/tbody>\n<\/table>\n<hr \/>\n<p>Spezifikationen der Sonden f\u00fcr das Schichtdickenmessger\u00e4t<\/p>\n<p>Rev\u00eatements sur acier (di\u00e9lectriques et conducteurs<br \/>\nrev\u00eatements sur m\u00e9taux et alliages ferromagn\u00e9tiques)<\/p>\n<table width=\"914\">\n<tbody>\n<tr>\n<td>Sensortyp<\/td>\n<td>Messbereich Schichtdicke<\/td>\n<td>Me\u00dfgenauigkeit<\/td>\n<td>Abmessungen der Sonde, mm<\/td>\n<td>Ziel<\/td>\n<\/tr>\n<tr>\n<td>probe F-0,3<\/td>\n<td>\u00a00-300 \u03bcm<\/td>\n<td>\u00b1(0,03h+0,001) mm<\/td>\n<td>\u00a0\u00d85\u00d740<\/td>\n<td rowspan=\"2\">Messung von Farben, Lacken und galvanischen Beschichtungen<\/td>\n<\/tr>\n<tr>\n<td>probe F-0,5<\/td>\n<td>\u00a00-500 \u03bcm<\/td>\n<td>\u00b1(0,03h+0,001) mm<\/td>\n<td>\u00a0\u00d8 8\u00d715<\/td>\n<\/tr>\n<tr>\n<td>probe F-2<\/td>\n<td>\u00a00-2000 \u03bcm<\/td>\n<td>\u00b1(0,03h+0,002) mm<\/td>\n<td>\u00a0\u00d8 10\u00d735<\/td>\n<td>Messung von Farb- und Lackschichten<\/td>\n<\/tr>\n<tr>\n<td>probe F-5<\/td>\n<td>\u00a00-5000 \u03bcm<\/td>\n<td>\u00b1(0,03h+0,002) mm<\/td>\n<td>\u00a0\u00d8 18\u00d740<\/td>\n<td>Messung von Farb-, Lack- und Mastixbeschichtungen<\/td>\n<\/tr>\n<tr>\n<td colspan=\"5\">Beschichtung auf den nichtmagnetischen Metallen<br \/>\n(Alle (dielektrischen oder metallischen) Beschichtungen auf Nichteisenmetallen und -legierungen)<\/td>\n<\/tr>\n<tr>\n<td>probe NF-2<\/td>\n<td>\u00a00-2000 \u03bcm<\/td>\n<td>\u00b1(0,03h+0,002) mm<\/td>\n<td>\u00a0\u00d8 12\u00d735<\/td>\n<td>Messung von Eloxalschichten und Lackschichten<\/td>\n<\/tr>\n<tr>\n<td colspan=\"5\">Dicke Beschichtungen auf Metallen (dielektrische Beschichtungen auf Metallen)<\/td>\n<\/tr>\n<tr>\n<td>probe M-12<\/td>\n<td>\u00a00-12 mm<\/td>\n<td>\u00b1(0,03h+0,02) mm<\/td>\n<td>\u00d8 15\u00d750<\/td>\n<td rowspan=\"3\">Messung von Mastixbeschichtungen<\/td>\n<\/tr>\n<tr>\n<td>probe M-30<\/td>\n<td>\u00a00-30 mm<\/td>\n<td>\u00b1(0,03h+0,03) mm<\/td>\n<td>\u00a0\u00d8 40\u00d750<\/td>\n<\/tr>\n<tr>\n<td>probe M-60<\/td>\n<td>\u00a00-60 mm<\/td>\n<td>\u00b1(0,03h+0,05) mm<\/td>\n<td>\u00a0\u00d8 70\u00d760<\/td>\n<\/tr>\n<tr>\n<td colspan=\"5\">Messung der Oberfl\u00e4chenrauheit, Rz<br \/>\n(Nach Strahlarbeiten Vorlackierarbeiten)<\/td>\n<\/tr>\n<tr>\n<td>probe DSH<\/td>\n<td>\u00a02-300 \u03bcm<\/td>\n<td>\u00b1(0,03h+0,002) mm<\/td>\n<td>\u00d8 18\u00d740<\/td>\n<td>Messung der Oberfl\u00e4chenrauheit nach Sand- und Kugelstrahlen<\/td>\n<\/tr>\n<tr>\n<td colspan=\"5\">Temperatur, Luftfeuchtigkeit und Taupunkt<\/td>\n<\/tr>\n<tr>\n<td>probe DT<\/td>\n<td>\u00a0-50 \u2026 +80 \u00b0 C<\/td>\n<td>\u00a0+ \/ \u2013 1 \u00b0 C<\/td>\n<td>\u00a0\u00d8 12\u00d7107<\/td>\n<td>Temperatur messung<\/td>\n<\/tr>\n<tr>\n<td>probe DTVR<\/td>\n<td>Feuchte: 0 \u2013 100%<br \/>\nTemperatur: -50 \u2026 80 \u00b0C<br \/>\nDew point: -15 \u2013 +40 \u00b0C<\/td>\n<td>\u00b1 5%<br \/>\n\u00b1 1 \u00b0 C<br \/>\n\u00b1 2 \u00b0 C<\/td>\n<td>\u00d8 50\u00d7120<\/td>\n<td>Messung von Temperatur, Feuchtigkeit und Taupunkt<\/td>\n<\/tr>\n<\/tbody>\n<\/table>\n","protected":false},"excerpt":{"rendered":"<p>Digitales Schichtdickenmessger\u00e4t<\/p>\n","protected":false},"featured_media":28574,"template":"","meta":{"_crdt_document":""},"product_brand":[],"product_cat":[312,180],"product_tag":[],"class_list":{"0":"post-28569","1":"product","2":"type-product","3":"status-publish","4":"has-post-thumbnail","6":"product_cat-dicke","7":"product_cat-messung","9":"first","10":"instock","11":"taxable","12":"shipping-taxable","13":"product-type-simple"},"yoast_head":"<!-- This site is optimized with the Yoast SEO plugin v27.3 - https:\/\/yoast.com\/product\/yoast-seo-wordpress\/ -->\n<title>Digitales Schichtdickenmessger\u00e4t TP-2020 - Sysmatec<\/title>\n<meta name=\"description\" content=\"Digitales Ger\u00e4t zum Messen der Schichtdicke auf einem Metalltr\u00e4ger. Der Messbereich der Schichtdicke betr\u00e4gt je nach Messger\u00e4t 0-60 mm.\" \/>\n<meta name=\"robots\" content=\"index, follow, max-snippet:-1, max-image-preview:large, max-video-preview:-1\" \/>\n<link rel=\"canonical\" href=\"https:\/\/sysmatec.ch\/de\/Produkt\/digitales-schichtdickenmessgeraet-tp-2020\/\" \/>\n<meta property=\"og:locale\" content=\"de_DE\" \/>\n<meta property=\"og:type\" content=\"article\" \/>\n<meta property=\"og:title\" content=\"Digitales Schichtdickenmessger\u00e4t TP-2020 - Sysmatec\" \/>\n<meta property=\"og:description\" content=\"Digitales Ger\u00e4t zum Messen der Schichtdicke auf einem Metalltr\u00e4ger. Der Messbereich der Schichtdicke betr\u00e4gt je nach Messger\u00e4t 0-60 mm.\" \/>\n<meta property=\"og:url\" content=\"https:\/\/sysmatec.ch\/de\/Produkt\/digitales-schichtdickenmessgeraet-tp-2020\/\" \/>\n<meta property=\"og:site_name\" content=\"Sysmatec\" \/>\n<meta property=\"article:modified_time\" content=\"2023-04-18T07:43:36+00:00\" \/>\n<meta property=\"og:image\" content=\"https:\/\/sysmatec.ch\/wp-content\/uploads\/2023\/04\/Epaisseur_NovotestTP2020.jpg\" \/>\n\t<meta property=\"og:image:width\" content=\"1000\" \/>\n\t<meta property=\"og:image:height\" content=\"1000\" \/>\n\t<meta property=\"og:image:type\" content=\"image\/jpeg\" \/>\n<meta name=\"twitter:card\" content=\"summary_large_image\" \/>\n<meta name=\"twitter:label1\" content=\"Gesch\u00e4tzte Lesezeit\" \/>\n\t<meta name=\"twitter:data1\" content=\"3\u00a0Minuten\" \/>\n<script type=\"application\/ld+json\" class=\"yoast-schema-graph\">{\"@context\":\"https:\\\/\\\/schema.org\",\"@graph\":[{\"@type\":\"WebPage\",\"@id\":\"https:\\\/\\\/sysmatec.ch\\\/de\\\/Produkt\\\/digitales-schichtdickenmessgeraet-tp-2020\\\/\",\"url\":\"https:\\\/\\\/sysmatec.ch\\\/de\\\/Produkt\\\/digitales-schichtdickenmessgeraet-tp-2020\\\/\",\"name\":\"Digitales Schichtdickenmessger\u00e4t TP-2020 - Sysmatec\",\"isPartOf\":{\"@id\":\"https:\\\/\\\/sysmatec.ch\\\/de\\\/#website\"},\"primaryImageOfPage\":{\"@id\":\"https:\\\/\\\/sysmatec.ch\\\/de\\\/Produkt\\\/digitales-schichtdickenmessgeraet-tp-2020\\\/#primaryimage\"},\"image\":{\"@id\":\"https:\\\/\\\/sysmatec.ch\\\/de\\\/Produkt\\\/digitales-schichtdickenmessgeraet-tp-2020\\\/#primaryimage\"},\"thumbnailUrl\":\"https:\\\/\\\/sysmatec.ch\\\/wp-content\\\/uploads\\\/2023\\\/04\\\/Epaisseur_NovotestTP2020.jpg\",\"datePublished\":\"2023-04-18T07:09:42+00:00\",\"dateModified\":\"2023-04-18T07:43:36+00:00\",\"description\":\"Digitales Ger\u00e4t zum Messen der Schichtdicke auf einem Metalltr\u00e4ger. Der Messbereich der Schichtdicke betr\u00e4gt je nach Messger\u00e4t 0-60 mm.\",\"breadcrumb\":{\"@id\":\"https:\\\/\\\/sysmatec.ch\\\/de\\\/Produkt\\\/digitales-schichtdickenmessgeraet-tp-2020\\\/#breadcrumb\"},\"inLanguage\":\"de\",\"potentialAction\":[{\"@type\":\"ReadAction\",\"target\":[\"https:\\\/\\\/sysmatec.ch\\\/de\\\/Produkt\\\/digitales-schichtdickenmessgeraet-tp-2020\\\/\"]}]},{\"@type\":\"ImageObject\",\"inLanguage\":\"de\",\"@id\":\"https:\\\/\\\/sysmatec.ch\\\/de\\\/Produkt\\\/digitales-schichtdickenmessgeraet-tp-2020\\\/#primaryimage\",\"url\":\"https:\\\/\\\/sysmatec.ch\\\/wp-content\\\/uploads\\\/2023\\\/04\\\/Epaisseur_NovotestTP2020.jpg\",\"contentUrl\":\"https:\\\/\\\/sysmatec.ch\\\/wp-content\\\/uploads\\\/2023\\\/04\\\/Epaisseur_NovotestTP2020.jpg\",\"width\":1000,\"height\":1000},{\"@type\":\"BreadcrumbList\",\"@id\":\"https:\\\/\\\/sysmatec.ch\\\/de\\\/Produkt\\\/digitales-schichtdickenmessgeraet-tp-2020\\\/#breadcrumb\",\"itemListElement\":[{\"@type\":\"ListItem\",\"position\":1,\"name\":\"Accueil\",\"item\":\"https:\\\/\\\/sysmatec.ch\\\/de\\\/\"},{\"@type\":\"ListItem\",\"position\":2,\"name\":\"Die Aktivit\u00e4t von Sysmatec\",\"item\":\"https:\\\/\\\/sysmatec.ch\\\/de\\\/\"},{\"@type\":\"ListItem\",\"position\":3,\"name\":\"Digitales Schichtdickenmessger\u00e4t TP-2020\"}]},{\"@type\":\"WebSite\",\"@id\":\"https:\\\/\\\/sysmatec.ch\\\/de\\\/#website\",\"url\":\"https:\\\/\\\/sysmatec.ch\\\/de\\\/\",\"name\":\"Sysmatec\",\"description\":\"Equipement de laboratoire et logiciels\",\"publisher\":{\"@id\":\"https:\\\/\\\/sysmatec.ch\\\/de\\\/#organization\"},\"potentialAction\":[{\"@type\":\"SearchAction\",\"target\":{\"@type\":\"EntryPoint\",\"urlTemplate\":\"https:\\\/\\\/sysmatec.ch\\\/de\\\/?s={search_term_string}\"},\"query-input\":{\"@type\":\"PropertyValueSpecification\",\"valueRequired\":true,\"valueName\":\"search_term_string\"}}],\"inLanguage\":\"de\"},{\"@type\":\"Organization\",\"@id\":\"https:\\\/\\\/sysmatec.ch\\\/de\\\/#organization\",\"name\":\"Sysmatec\",\"url\":\"https:\\\/\\\/sysmatec.ch\\\/de\\\/\",\"logo\":{\"@type\":\"ImageObject\",\"inLanguage\":\"de\",\"@id\":\"https:\\\/\\\/sysmatec.ch\\\/de\\\/#\\\/schema\\\/logo\\\/image\\\/\",\"url\":\"https:\\\/\\\/sysmatec.ch\\\/wp-content\\\/uploads\\\/2018\\\/11\\\/LogoSysmatec.jpg\",\"contentUrl\":\"https:\\\/\\\/sysmatec.ch\\\/wp-content\\\/uploads\\\/2018\\\/11\\\/LogoSysmatec.jpg\",\"width\":301,\"height\":297,\"caption\":\"Sysmatec\"},\"image\":{\"@id\":\"https:\\\/\\\/sysmatec.ch\\\/de\\\/#\\\/schema\\\/logo\\\/image\\\/\"}}]}<\/script>\n<!-- \/ Yoast SEO plugin. -->","yoast_head_json":{"title":"Digitales Schichtdickenmessger\u00e4t TP-2020 - Sysmatec","description":"Digitales Ger\u00e4t zum Messen der Schichtdicke auf einem Metalltr\u00e4ger. Der Messbereich der Schichtdicke betr\u00e4gt je nach Messger\u00e4t 0-60 mm.","robots":{"index":"index","follow":"follow","max-snippet":"max-snippet:-1","max-image-preview":"max-image-preview:large","max-video-preview":"max-video-preview:-1"},"canonical":"https:\/\/sysmatec.ch\/de\/Produkt\/digitales-schichtdickenmessgeraet-tp-2020\/","og_locale":"de_DE","og_type":"article","og_title":"Digitales Schichtdickenmessger\u00e4t TP-2020 - Sysmatec","og_description":"Digitales Ger\u00e4t zum Messen der Schichtdicke auf einem Metalltr\u00e4ger. Der Messbereich der Schichtdicke betr\u00e4gt je nach Messger\u00e4t 0-60 mm.","og_url":"https:\/\/sysmatec.ch\/de\/Produkt\/digitales-schichtdickenmessgeraet-tp-2020\/","og_site_name":"Sysmatec","article_modified_time":"2023-04-18T07:43:36+00:00","og_image":[{"width":1000,"height":1000,"url":"https:\/\/sysmatec.ch\/wp-content\/uploads\/2023\/04\/Epaisseur_NovotestTP2020.jpg","type":"image\/jpeg"}],"twitter_card":"summary_large_image","twitter_misc":{"Gesch\u00e4tzte Lesezeit":"3\u00a0Minuten"},"schema":{"@context":"https:\/\/schema.org","@graph":[{"@type":"WebPage","@id":"https:\/\/sysmatec.ch\/de\/Produkt\/digitales-schichtdickenmessgeraet-tp-2020\/","url":"https:\/\/sysmatec.ch\/de\/Produkt\/digitales-schichtdickenmessgeraet-tp-2020\/","name":"Digitales Schichtdickenmessger\u00e4t TP-2020 - Sysmatec","isPartOf":{"@id":"https:\/\/sysmatec.ch\/de\/#website"},"primaryImageOfPage":{"@id":"https:\/\/sysmatec.ch\/de\/Produkt\/digitales-schichtdickenmessgeraet-tp-2020\/#primaryimage"},"image":{"@id":"https:\/\/sysmatec.ch\/de\/Produkt\/digitales-schichtdickenmessgeraet-tp-2020\/#primaryimage"},"thumbnailUrl":"https:\/\/sysmatec.ch\/wp-content\/uploads\/2023\/04\/Epaisseur_NovotestTP2020.jpg","datePublished":"2023-04-18T07:09:42+00:00","dateModified":"2023-04-18T07:43:36+00:00","description":"Digitales Ger\u00e4t zum Messen der Schichtdicke auf einem Metalltr\u00e4ger. Der Messbereich der Schichtdicke betr\u00e4gt je nach Messger\u00e4t 0-60 mm.","breadcrumb":{"@id":"https:\/\/sysmatec.ch\/de\/Produkt\/digitales-schichtdickenmessgeraet-tp-2020\/#breadcrumb"},"inLanguage":"de","potentialAction":[{"@type":"ReadAction","target":["https:\/\/sysmatec.ch\/de\/Produkt\/digitales-schichtdickenmessgeraet-tp-2020\/"]}]},{"@type":"ImageObject","inLanguage":"de","@id":"https:\/\/sysmatec.ch\/de\/Produkt\/digitales-schichtdickenmessgeraet-tp-2020\/#primaryimage","url":"https:\/\/sysmatec.ch\/wp-content\/uploads\/2023\/04\/Epaisseur_NovotestTP2020.jpg","contentUrl":"https:\/\/sysmatec.ch\/wp-content\/uploads\/2023\/04\/Epaisseur_NovotestTP2020.jpg","width":1000,"height":1000},{"@type":"BreadcrumbList","@id":"https:\/\/sysmatec.ch\/de\/Produkt\/digitales-schichtdickenmessgeraet-tp-2020\/#breadcrumb","itemListElement":[{"@type":"ListItem","position":1,"name":"Accueil","item":"https:\/\/sysmatec.ch\/de\/"},{"@type":"ListItem","position":2,"name":"Die Aktivit\u00e4t von Sysmatec","item":"https:\/\/sysmatec.ch\/de\/"},{"@type":"ListItem","position":3,"name":"Digitales Schichtdickenmessger\u00e4t TP-2020"}]},{"@type":"WebSite","@id":"https:\/\/sysmatec.ch\/de\/#website","url":"https:\/\/sysmatec.ch\/de\/","name":"Sysmatec","description":"Equipement de laboratoire et logiciels","publisher":{"@id":"https:\/\/sysmatec.ch\/de\/#organization"},"potentialAction":[{"@type":"SearchAction","target":{"@type":"EntryPoint","urlTemplate":"https:\/\/sysmatec.ch\/de\/?s={search_term_string}"},"query-input":{"@type":"PropertyValueSpecification","valueRequired":true,"valueName":"search_term_string"}}],"inLanguage":"de"},{"@type":"Organization","@id":"https:\/\/sysmatec.ch\/de\/#organization","name":"Sysmatec","url":"https:\/\/sysmatec.ch\/de\/","logo":{"@type":"ImageObject","inLanguage":"de","@id":"https:\/\/sysmatec.ch\/de\/#\/schema\/logo\/image\/","url":"https:\/\/sysmatec.ch\/wp-content\/uploads\/2018\/11\/LogoSysmatec.jpg","contentUrl":"https:\/\/sysmatec.ch\/wp-content\/uploads\/2018\/11\/LogoSysmatec.jpg","width":301,"height":297,"caption":"Sysmatec"},"image":{"@id":"https:\/\/sysmatec.ch\/de\/#\/schema\/logo\/image\/"}}]}},"_links":{"self":[{"href":"https:\/\/sysmatec.ch\/de\/wp-json\/wp\/v2\/product\/28569","targetHints":{"allow":["GET"]}}],"collection":[{"href":"https:\/\/sysmatec.ch\/de\/wp-json\/wp\/v2\/product"}],"about":[{"href":"https:\/\/sysmatec.ch\/de\/wp-json\/wp\/v2\/types\/product"}],"wp:featuredmedia":[{"embeddable":true,"href":"https:\/\/sysmatec.ch\/de\/wp-json\/wp\/v2\/media\/28574"}],"wp:attachment":[{"href":"https:\/\/sysmatec.ch\/de\/wp-json\/wp\/v2\/media?parent=28569"}],"wp:term":[{"taxonomy":"product_brand","embeddable":true,"href":"https:\/\/sysmatec.ch\/de\/wp-json\/wp\/v2\/product_brand?post=28569"},{"taxonomy":"product_cat","embeddable":true,"href":"https:\/\/sysmatec.ch\/de\/wp-json\/wp\/v2\/product_cat?post=28569"},{"taxonomy":"product_tag","embeddable":true,"href":"https:\/\/sysmatec.ch\/de\/wp-json\/wp\/v2\/product_tag?post=28569"}],"curies":[{"name":"wp","href":"https:\/\/api.w.org\/{rel}","templated":true}]}}