{"id":28560,"date":"2023-04-15T20:47:30","date_gmt":"2023-04-15T18:47:31","guid":{"rendered":"https:\/\/sysmatec.ch\/?post_type=product&#038;p=28560"},"modified":"2023-04-15T21:48:12","modified_gmt":"2023-04-15T19:48:12","slug":"uv-vis-spektrophotometer-ubi800","status":"publish","type":"product","link":"https:\/\/sysmatec.ch\/de\/Produkt\/uv-vis-spektrophotometer-ubi800\/","title":{"rendered":"UV\/VIS-Spektrophotometer UBI800"},"content":{"rendered":"<p>Ubi-800 ist ein Zweistrahl-UV\/Vis-Spektralphotometer, das mit einem 10-Zoll-Touchscreen ausgestattet ist.<br \/>\nEs verf\u00fcgt \u00fcber geringes Streulicht und ein hochaufl\u00f6sendes optisches System f\u00fcr stabile Leistung, genaue Messung und leistungsstarke Funktionen.<\/p>\n<p>Dieses Spektralphotometer ist standardm\u00e4\u00dfig mit einer Halterung f\u00fcr 8 K\u00fcvetten ausgestattet, wodurch eine gro\u00dfe Anzahl von Proben automatisch gemessen werden kann. Dieser Halter kann durch eine Vielzahl weiterer Zubeh\u00f6rteile ersetzt werden: Halter f\u00fcr Mikrok\u00fcvetten (f\u00fcr Volumina ab 500 \u00b5L), Halter f\u00fcr Filme, Halter f\u00fcr Rundr\u00f6hrchen, Halter mit System mit Temperaturregulierung durch Peltier-Effekt (15 bis 65 \u00b0C ), Remissionsmesssystem, Halter f\u00fcr 50 mm K\u00fcvette.<\/p>\n<p>Es verf\u00fcgt \u00fcber einen USB-Anschluss zum Speichern von Messdaten.<\/p>\n<p>Alle Funktionen von Ubi-800 k\u00f6nnen einfach verwendet werden und sind von einem PC aus zug\u00e4nglich.<\/p>\n<h2>Merkmale<\/h2>\n<ul>\n<li>Wellenl\u00e4ngenbereich: 190 bis 1100 nm<\/li>\n<li>Silizium-Photodioden-Detektor<\/li>\n<li>Spektrale Bandbreite: 0.5, 1.0, 2.0, 4.0 nm<\/li>\n<li>Wellenl\u00e4ngengenauigkeit: \u00b10.1 nm (D2 656,1 nm), Gesamtbereich \u00b10.3 nm<\/li>\n<li>Streulicht: \u22640,01 % T bei 220 nm, 360 nm<\/li>\n<li>Wellenl\u00e4ngenwiederholbarkeit: \u22640.1 nm<\/li>\n<li>Photometrische Genauigkeit: \u00b10.2 % T (0\u2013100 % T), \u00b10.001 Abs (0\u20130.5 Abs), \u00b10.004 Abs (0.5\u20131.0 Abs)<\/li>\n<li>Photometrische Wiederholbarkeit: \u22640.1 % T (0-100 % T), 0.001 abs (0-0.5 Abs), 0.002 abs (0.5-1.0 Abs)<\/li>\n<li>Stabilit\u00e4t: \u22640,0005 A\/h bei 250 nm, 500 nm, 2 h Aufw\u00e4rmzeit<\/li>\n<li>Photometrischer Bereich: 0\u2013200 % T, \u20130.3\u20133.0 A, 0\u20139999 \u00b0C<\/li>\n<li>Grundebenheit: \u00b10.001A<\/li>\n<li>10-Zoll-HD-Digital-Touchscreen<\/li>\n<li>USB-Anschluss<\/li>\n<li>Langlebige Wolframlampe und Deuteriumlampe<\/li>\n<li>Stromversorgung: 220 V\/50 Hz<\/li>\n<li>Abmessungen: 630 x 430 x 210 mm<\/li>\n<li>Gewicht: 28 kg<\/li>\n<\/ul>\n","protected":false},"excerpt":{"rendered":"<p>UV\/Vis-Spektralfotometer mit Touchscreen<\/p>\n","protected":false},"featured_media":28564,"template":"","meta":{"_crdt_document":""},"product_brand":[],"product_cat":[224],"product_tag":[],"class_list":{"0":"post-28560","1":"product","2":"type-product","3":"status-publish","4":"has-post-thumbnail","6":"product_cat-spektrophotometer","8":"first","9":"instock","10":"taxable","11":"shipping-taxable","12":"product-type-simple"},"yoast_head":"<!-- This site is optimized with the Yoast SEO plugin v27.4 - https:\/\/yoast.com\/product\/yoast-seo-wordpress\/ -->\n<title>UV\/VIS-Spektrophotometer UBI800 - Sysmatec<\/title>\n<meta name=\"description\" content=\"UV\/VIS-Spektralphotometer mit Touchscreen. Spektralbereich 190-1100 nm. Viel Zubeh\u00f6r f\u00fcr verschiedene Kuvetten.\" \/>\n<meta name=\"robots\" content=\"index, follow, max-snippet:-1, max-image-preview:large, max-video-preview:-1\" \/>\n<link rel=\"canonical\" href=\"https:\/\/sysmatec.ch\/de\/Produkt\/uv-vis-spektrophotometer-ubi800\/\" \/>\n<meta property=\"og:locale\" content=\"de_DE\" \/>\n<meta property=\"og:type\" content=\"article\" \/>\n<meta property=\"og:title\" content=\"UV\/VIS-Spektrophotometer UBI800 - Sysmatec\" \/>\n<meta property=\"og:description\" content=\"UV\/VIS-Spektralphotometer mit Touchscreen. Spektralbereich 190-1100 nm. Viel Zubeh\u00f6r f\u00fcr verschiedene Kuvetten.\" \/>\n<meta property=\"og:url\" content=\"https:\/\/sysmatec.ch\/de\/Produkt\/uv-vis-spektrophotometer-ubi800\/\" \/>\n<meta property=\"og:site_name\" content=\"Sysmatec\" \/>\n<meta property=\"article:modified_time\" content=\"2023-04-15T19:48:12+00:00\" \/>\n<meta property=\"og:image\" content=\"https:\/\/sysmatec.ch\/wp-content\/uploads\/2023\/04\/Spectrophotometre_MDBESTUBI800.jpg\" \/>\n\t<meta property=\"og:image:width\" content=\"710\" \/>\n\t<meta property=\"og:image:height\" content=\"367\" \/>\n\t<meta property=\"og:image:type\" content=\"image\/jpeg\" \/>\n<meta name=\"twitter:card\" content=\"summary_large_image\" \/>\n<meta name=\"twitter:label1\" content=\"Gesch\u00e4tzte Lesezeit\" \/>\n\t<meta name=\"twitter:data1\" content=\"2\u00a0Minuten\" \/>\n<script type=\"application\/ld+json\" class=\"yoast-schema-graph\">{\"@context\":\"https:\\\/\\\/schema.org\",\"@graph\":[{\"@type\":\"WebPage\",\"@id\":\"https:\\\/\\\/sysmatec.ch\\\/de\\\/Produkt\\\/uv-vis-spektrophotometer-ubi800\\\/\",\"url\":\"https:\\\/\\\/sysmatec.ch\\\/de\\\/Produkt\\\/uv-vis-spektrophotometer-ubi800\\\/\",\"name\":\"UV\\\/VIS-Spektrophotometer UBI800 - Sysmatec\",\"isPartOf\":{\"@id\":\"https:\\\/\\\/sysmatec.ch\\\/de\\\/#website\"},\"primaryImageOfPage\":{\"@id\":\"https:\\\/\\\/sysmatec.ch\\\/de\\\/Produkt\\\/uv-vis-spektrophotometer-ubi800\\\/#primaryimage\"},\"image\":{\"@id\":\"https:\\\/\\\/sysmatec.ch\\\/de\\\/Produkt\\\/uv-vis-spektrophotometer-ubi800\\\/#primaryimage\"},\"thumbnailUrl\":\"https:\\\/\\\/sysmatec.ch\\\/wp-content\\\/uploads\\\/2023\\\/04\\\/Spectrophotometre_MDBESTUBI800.jpg\",\"datePublished\":\"2023-04-15T18:47:31+00:00\",\"dateModified\":\"2023-04-15T19:48:12+00:00\",\"description\":\"UV\\\/VIS-Spektralphotometer mit Touchscreen. Spektralbereich 190-1100 nm. Viel Zubeh\u00f6r f\u00fcr verschiedene Kuvetten.\",\"breadcrumb\":{\"@id\":\"https:\\\/\\\/sysmatec.ch\\\/de\\\/Produkt\\\/uv-vis-spektrophotometer-ubi800\\\/#breadcrumb\"},\"inLanguage\":\"de\",\"potentialAction\":[{\"@type\":\"ReadAction\",\"target\":[\"https:\\\/\\\/sysmatec.ch\\\/de\\\/Produkt\\\/uv-vis-spektrophotometer-ubi800\\\/\"]}]},{\"@type\":\"ImageObject\",\"inLanguage\":\"de\",\"@id\":\"https:\\\/\\\/sysmatec.ch\\\/de\\\/Produkt\\\/uv-vis-spektrophotometer-ubi800\\\/#primaryimage\",\"url\":\"https:\\\/\\\/sysmatec.ch\\\/wp-content\\\/uploads\\\/2023\\\/04\\\/Spectrophotometre_MDBESTUBI800.jpg\",\"contentUrl\":\"https:\\\/\\\/sysmatec.ch\\\/wp-content\\\/uploads\\\/2023\\\/04\\\/Spectrophotometre_MDBESTUBI800.jpg\",\"width\":710,\"height\":367},{\"@type\":\"BreadcrumbList\",\"@id\":\"https:\\\/\\\/sysmatec.ch\\\/de\\\/Produkt\\\/uv-vis-spektrophotometer-ubi800\\\/#breadcrumb\",\"itemListElement\":[{\"@type\":\"ListItem\",\"position\":1,\"name\":\"Accueil\",\"item\":\"https:\\\/\\\/sysmatec.ch\\\/de\\\/\"},{\"@type\":\"ListItem\",\"position\":2,\"name\":\"Die Aktivit\u00e4t von Sysmatec\",\"item\":\"https:\\\/\\\/sysmatec.ch\\\/de\\\/\"},{\"@type\":\"ListItem\",\"position\":3,\"name\":\"UV\\\/VIS-Spektrophotometer UBI800\"}]},{\"@type\":\"WebSite\",\"@id\":\"https:\\\/\\\/sysmatec.ch\\\/de\\\/#website\",\"url\":\"https:\\\/\\\/sysmatec.ch\\\/de\\\/\",\"name\":\"Sysmatec\",\"description\":\"Equipement de laboratoire et logiciels\",\"publisher\":{\"@id\":\"https:\\\/\\\/sysmatec.ch\\\/de\\\/#organization\"},\"potentialAction\":[{\"@type\":\"SearchAction\",\"target\":{\"@type\":\"EntryPoint\",\"urlTemplate\":\"https:\\\/\\\/sysmatec.ch\\\/de\\\/?s={search_term_string}\"},\"query-input\":{\"@type\":\"PropertyValueSpecification\",\"valueRequired\":true,\"valueName\":\"search_term_string\"}}],\"inLanguage\":\"de\"},{\"@type\":\"Organization\",\"@id\":\"https:\\\/\\\/sysmatec.ch\\\/de\\\/#organization\",\"name\":\"Sysmatec\",\"url\":\"https:\\\/\\\/sysmatec.ch\\\/de\\\/\",\"logo\":{\"@type\":\"ImageObject\",\"inLanguage\":\"de\",\"@id\":\"https:\\\/\\\/sysmatec.ch\\\/de\\\/#\\\/schema\\\/logo\\\/image\\\/\",\"url\":\"https:\\\/\\\/sysmatec.ch\\\/wp-content\\\/uploads\\\/2018\\\/11\\\/LogoSysmatec.jpg\",\"contentUrl\":\"https:\\\/\\\/sysmatec.ch\\\/wp-content\\\/uploads\\\/2018\\\/11\\\/LogoSysmatec.jpg\",\"width\":301,\"height\":297,\"caption\":\"Sysmatec\"},\"image\":{\"@id\":\"https:\\\/\\\/sysmatec.ch\\\/de\\\/#\\\/schema\\\/logo\\\/image\\\/\"}}]}<\/script>\n<!-- \/ Yoast SEO plugin. -->","yoast_head_json":{"title":"UV\/VIS-Spektrophotometer UBI800 - Sysmatec","description":"UV\/VIS-Spektralphotometer mit Touchscreen. Spektralbereich 190-1100 nm. Viel Zubeh\u00f6r f\u00fcr verschiedene Kuvetten.","robots":{"index":"index","follow":"follow","max-snippet":"max-snippet:-1","max-image-preview":"max-image-preview:large","max-video-preview":"max-video-preview:-1"},"canonical":"https:\/\/sysmatec.ch\/de\/Produkt\/uv-vis-spektrophotometer-ubi800\/","og_locale":"de_DE","og_type":"article","og_title":"UV\/VIS-Spektrophotometer UBI800 - Sysmatec","og_description":"UV\/VIS-Spektralphotometer mit Touchscreen. Spektralbereich 190-1100 nm. Viel Zubeh\u00f6r f\u00fcr verschiedene Kuvetten.","og_url":"https:\/\/sysmatec.ch\/de\/Produkt\/uv-vis-spektrophotometer-ubi800\/","og_site_name":"Sysmatec","article_modified_time":"2023-04-15T19:48:12+00:00","og_image":[{"width":710,"height":367,"url":"https:\/\/sysmatec.ch\/wp-content\/uploads\/2023\/04\/Spectrophotometre_MDBESTUBI800.jpg","type":"image\/jpeg"}],"twitter_card":"summary_large_image","twitter_misc":{"Gesch\u00e4tzte Lesezeit":"2\u00a0Minuten"},"schema":{"@context":"https:\/\/schema.org","@graph":[{"@type":"WebPage","@id":"https:\/\/sysmatec.ch\/de\/Produkt\/uv-vis-spektrophotometer-ubi800\/","url":"https:\/\/sysmatec.ch\/de\/Produkt\/uv-vis-spektrophotometer-ubi800\/","name":"UV\/VIS-Spektrophotometer UBI800 - Sysmatec","isPartOf":{"@id":"https:\/\/sysmatec.ch\/de\/#website"},"primaryImageOfPage":{"@id":"https:\/\/sysmatec.ch\/de\/Produkt\/uv-vis-spektrophotometer-ubi800\/#primaryimage"},"image":{"@id":"https:\/\/sysmatec.ch\/de\/Produkt\/uv-vis-spektrophotometer-ubi800\/#primaryimage"},"thumbnailUrl":"https:\/\/sysmatec.ch\/wp-content\/uploads\/2023\/04\/Spectrophotometre_MDBESTUBI800.jpg","datePublished":"2023-04-15T18:47:31+00:00","dateModified":"2023-04-15T19:48:12+00:00","description":"UV\/VIS-Spektralphotometer mit Touchscreen. Spektralbereich 190-1100 nm. Viel Zubeh\u00f6r f\u00fcr verschiedene Kuvetten.","breadcrumb":{"@id":"https:\/\/sysmatec.ch\/de\/Produkt\/uv-vis-spektrophotometer-ubi800\/#breadcrumb"},"inLanguage":"de","potentialAction":[{"@type":"ReadAction","target":["https:\/\/sysmatec.ch\/de\/Produkt\/uv-vis-spektrophotometer-ubi800\/"]}]},{"@type":"ImageObject","inLanguage":"de","@id":"https:\/\/sysmatec.ch\/de\/Produkt\/uv-vis-spektrophotometer-ubi800\/#primaryimage","url":"https:\/\/sysmatec.ch\/wp-content\/uploads\/2023\/04\/Spectrophotometre_MDBESTUBI800.jpg","contentUrl":"https:\/\/sysmatec.ch\/wp-content\/uploads\/2023\/04\/Spectrophotometre_MDBESTUBI800.jpg","width":710,"height":367},{"@type":"BreadcrumbList","@id":"https:\/\/sysmatec.ch\/de\/Produkt\/uv-vis-spektrophotometer-ubi800\/#breadcrumb","itemListElement":[{"@type":"ListItem","position":1,"name":"Accueil","item":"https:\/\/sysmatec.ch\/de\/"},{"@type":"ListItem","position":2,"name":"Die Aktivit\u00e4t von Sysmatec","item":"https:\/\/sysmatec.ch\/de\/"},{"@type":"ListItem","position":3,"name":"UV\/VIS-Spektrophotometer UBI800"}]},{"@type":"WebSite","@id":"https:\/\/sysmatec.ch\/de\/#website","url":"https:\/\/sysmatec.ch\/de\/","name":"Sysmatec","description":"Equipement de laboratoire et logiciels","publisher":{"@id":"https:\/\/sysmatec.ch\/de\/#organization"},"potentialAction":[{"@type":"SearchAction","target":{"@type":"EntryPoint","urlTemplate":"https:\/\/sysmatec.ch\/de\/?s={search_term_string}"},"query-input":{"@type":"PropertyValueSpecification","valueRequired":true,"valueName":"search_term_string"}}],"inLanguage":"de"},{"@type":"Organization","@id":"https:\/\/sysmatec.ch\/de\/#organization","name":"Sysmatec","url":"https:\/\/sysmatec.ch\/de\/","logo":{"@type":"ImageObject","inLanguage":"de","@id":"https:\/\/sysmatec.ch\/de\/#\/schema\/logo\/image\/","url":"https:\/\/sysmatec.ch\/wp-content\/uploads\/2018\/11\/LogoSysmatec.jpg","contentUrl":"https:\/\/sysmatec.ch\/wp-content\/uploads\/2018\/11\/LogoSysmatec.jpg","width":301,"height":297,"caption":"Sysmatec"},"image":{"@id":"https:\/\/sysmatec.ch\/de\/#\/schema\/logo\/image\/"}}]}},"_links":{"self":[{"href":"https:\/\/sysmatec.ch\/de\/wp-json\/wp\/v2\/product\/28560","targetHints":{"allow":["GET"]}}],"collection":[{"href":"https:\/\/sysmatec.ch\/de\/wp-json\/wp\/v2\/product"}],"about":[{"href":"https:\/\/sysmatec.ch\/de\/wp-json\/wp\/v2\/types\/product"}],"wp:featuredmedia":[{"embeddable":true,"href":"https:\/\/sysmatec.ch\/de\/wp-json\/wp\/v2\/media\/28564"}],"wp:attachment":[{"href":"https:\/\/sysmatec.ch\/de\/wp-json\/wp\/v2\/media?parent=28560"}],"wp:term":[{"taxonomy":"product_brand","embeddable":true,"href":"https:\/\/sysmatec.ch\/de\/wp-json\/wp\/v2\/product_brand?post=28560"},{"taxonomy":"product_cat","embeddable":true,"href":"https:\/\/sysmatec.ch\/de\/wp-json\/wp\/v2\/product_cat?post=28560"},{"taxonomy":"product_tag","embeddable":true,"href":"https:\/\/sysmatec.ch\/de\/wp-json\/wp\/v2\/product_tag?post=28560"}],"curies":[{"name":"wp","href":"https:\/\/api.w.org\/{rel}","templated":true}]}}