{"id":28553,"date":"2023-04-15T18:46:05","date_gmt":"2023-04-15T16:46:06","guid":{"rendered":"https:\/\/sysmatec.ch\/?post_type=product&#038;p=28553"},"modified":"2023-04-15T19:06:33","modified_gmt":"2023-04-15T17:06:33","slug":"fast-phosphatase-pasteurisierungstest-menidi","status":"publish","type":"product","link":"https:\/\/sysmatec.ch\/de\/Produkt\/fast-phosphatase-pasteurisierungstest-menidi\/","title":{"rendered":"FAST PHOSPHATASE Pasteurisierungstest Menidi"},"content":{"rendered":"<p>Das Fast Phosphatase-Kit wurde entwickelt, um die Wirksamkeit einer ordnungsgem\u00e4\u00dfen Pasteurisierung von Milch in Mikror\u00f6hrchen schnell nachzuweisen.<\/p>\n<p>Der Test dauert nur 10 Sekunden und jedes Mikror\u00f6hrchen gibt je nach Qualit\u00e4t der Pasteurisierung eine charakteristische Farbe ab. Bei Gelbf\u00e4rbung ist die Pasteurisierung nicht ausreichend. Ansonsten reicht eine Pasteurisierung aus.<br \/>\nDiese Mikror\u00f6hrchen k\u00f6nnen vor Ort f\u00fcr Tests oder in Labors zur \u00dcberwachung von Chargen verarbeiteter Milchproben verwendet werden.<br \/>\nDer Test ist einfach anzuwenden und erfordert keine Vorbehandlung, Reinigung oder Probenextraktion.<\/p>\n<h2>Merkmale<\/h2>\n<ul>\n<li>Nachweisgrenze (mU\/L): 3.5<\/li>\n<li>Pr\u00e4sentation: 100 Tests in Mikror\u00f6hrchen + 1 Tropfer f\u00fcr Milchproben<\/li>\n<li>Musterproben: Rohmilch (z. B. Kuh, Ziege, Schaf), Sahne, Speiseeis, Butter, K\u00e4se, Fl\u00fcssigk\u00e4se<\/li>\n<li>Das Kit sollte bei 2-8\u00b0C gelagert werden, das Reagenz in den Mikror\u00f6hrchen ist lichtempfindlich. Vermeiden Sie es, sie direktem Licht auszusetzen.<\/li>\n<\/ul>\n","protected":false},"excerpt":{"rendered":"<p>Pasteurisierungstest f\u00fcr Milch, Alkaline Phosphatase Bestimmung, Schnelltest einfach zu durchf\u00fchren.<\/p>\n","protected":false},"featured_media":28557,"template":"","meta":{"_crdt_document":""},"product_brand":[],"product_cat":[188,377],"product_tag":[],"class_list":{"0":"post-28553","1":"product","2":"type-product","3":"status-publish","4":"has-post-thumbnail","6":"product_cat-analyse-de","7":"product_cat-milch","9":"first","10":"instock","11":"taxable","12":"shipping-taxable","13":"product-type-simple"},"yoast_head":"<!-- This site is optimized with the Yoast SEO plugin v27.4 - https:\/\/yoast.com\/product\/yoast-seo-wordpress\/ -->\n<title>FAST PHOSPHATASE Pasteurisierungstest Menidi - Sysmatec<\/title>\n<meta name=\"description\" content=\"Pasteurisierungs-Schnelltest in Mikror\u00f6hrchen basierend auf der Bestimmung der alkalischen Phosphatase in Milch, Molke, Sahne und Butter.\" \/>\n<meta name=\"robots\" content=\"index, follow, max-snippet:-1, max-image-preview:large, max-video-preview:-1\" \/>\n<link rel=\"canonical\" href=\"https:\/\/sysmatec.ch\/de\/Produkt\/fast-phosphatase-pasteurisierungstest-menidi\/\" \/>\n<meta property=\"og:locale\" content=\"de_DE\" \/>\n<meta property=\"og:type\" content=\"article\" \/>\n<meta property=\"og:title\" content=\"FAST PHOSPHATASE Pasteurisierungstest Menidi - Sysmatec\" \/>\n<meta property=\"og:description\" content=\"Pasteurisierungs-Schnelltest in Mikror\u00f6hrchen basierend auf der Bestimmung der alkalischen Phosphatase in Milch, Molke, Sahne und Butter.\" \/>\n<meta property=\"og:url\" content=\"https:\/\/sysmatec.ch\/de\/Produkt\/fast-phosphatase-pasteurisierungstest-menidi\/\" \/>\n<meta property=\"og:site_name\" content=\"Sysmatec\" \/>\n<meta property=\"article:modified_time\" content=\"2023-04-15T17:06:33+00:00\" \/>\n<meta property=\"og:image\" content=\"https:\/\/sysmatec.ch\/wp-content\/uploads\/2023\/04\/PasteurisationLait_Menidi.jpg\" \/>\n\t<meta property=\"og:image:width\" content=\"523\" \/>\n\t<meta property=\"og:image:height\" content=\"582\" \/>\n\t<meta property=\"og:image:type\" content=\"image\/jpeg\" \/>\n<meta name=\"twitter:card\" content=\"summary_large_image\" \/>\n<meta name=\"twitter:label1\" content=\"Gesch\u00e4tzte Lesezeit\" \/>\n\t<meta name=\"twitter:data1\" content=\"1\u00a0Minute\" \/>\n<script type=\"application\/ld+json\" class=\"yoast-schema-graph\">{\"@context\":\"https:\\\/\\\/schema.org\",\"@graph\":[{\"@type\":\"WebPage\",\"@id\":\"https:\\\/\\\/sysmatec.ch\\\/de\\\/Produkt\\\/fast-phosphatase-pasteurisierungstest-menidi\\\/\",\"url\":\"https:\\\/\\\/sysmatec.ch\\\/de\\\/Produkt\\\/fast-phosphatase-pasteurisierungstest-menidi\\\/\",\"name\":\"FAST PHOSPHATASE Pasteurisierungstest Menidi - Sysmatec\",\"isPartOf\":{\"@id\":\"https:\\\/\\\/sysmatec.ch\\\/de\\\/#website\"},\"primaryImageOfPage\":{\"@id\":\"https:\\\/\\\/sysmatec.ch\\\/de\\\/Produkt\\\/fast-phosphatase-pasteurisierungstest-menidi\\\/#primaryimage\"},\"image\":{\"@id\":\"https:\\\/\\\/sysmatec.ch\\\/de\\\/Produkt\\\/fast-phosphatase-pasteurisierungstest-menidi\\\/#primaryimage\"},\"thumbnailUrl\":\"https:\\\/\\\/sysmatec.ch\\\/wp-content\\\/uploads\\\/2023\\\/04\\\/PasteurisationLait_Menidi.jpg\",\"datePublished\":\"2023-04-15T16:46:06+00:00\",\"dateModified\":\"2023-04-15T17:06:33+00:00\",\"description\":\"Pasteurisierungs-Schnelltest in Mikror\u00f6hrchen basierend auf der Bestimmung der alkalischen Phosphatase in Milch, Molke, Sahne und Butter.\",\"breadcrumb\":{\"@id\":\"https:\\\/\\\/sysmatec.ch\\\/de\\\/Produkt\\\/fast-phosphatase-pasteurisierungstest-menidi\\\/#breadcrumb\"},\"inLanguage\":\"de\",\"potentialAction\":[{\"@type\":\"ReadAction\",\"target\":[\"https:\\\/\\\/sysmatec.ch\\\/de\\\/Produkt\\\/fast-phosphatase-pasteurisierungstest-menidi\\\/\"]}]},{\"@type\":\"ImageObject\",\"inLanguage\":\"de\",\"@id\":\"https:\\\/\\\/sysmatec.ch\\\/de\\\/Produkt\\\/fast-phosphatase-pasteurisierungstest-menidi\\\/#primaryimage\",\"url\":\"https:\\\/\\\/sysmatec.ch\\\/wp-content\\\/uploads\\\/2023\\\/04\\\/PasteurisationLait_Menidi.jpg\",\"contentUrl\":\"https:\\\/\\\/sysmatec.ch\\\/wp-content\\\/uploads\\\/2023\\\/04\\\/PasteurisationLait_Menidi.jpg\",\"width\":523,\"height\":582},{\"@type\":\"BreadcrumbList\",\"@id\":\"https:\\\/\\\/sysmatec.ch\\\/de\\\/Produkt\\\/fast-phosphatase-pasteurisierungstest-menidi\\\/#breadcrumb\",\"itemListElement\":[{\"@type\":\"ListItem\",\"position\":1,\"name\":\"Accueil\",\"item\":\"https:\\\/\\\/sysmatec.ch\\\/de\\\/\"},{\"@type\":\"ListItem\",\"position\":2,\"name\":\"Die Aktivit\u00e4t von Sysmatec\",\"item\":\"https:\\\/\\\/sysmatec.ch\\\/de\\\/\"},{\"@type\":\"ListItem\",\"position\":3,\"name\":\"FAST PHOSPHATASE Pasteurisierungstest Menidi\"}]},{\"@type\":\"WebSite\",\"@id\":\"https:\\\/\\\/sysmatec.ch\\\/de\\\/#website\",\"url\":\"https:\\\/\\\/sysmatec.ch\\\/de\\\/\",\"name\":\"Sysmatec\",\"description\":\"Equipement de laboratoire et logiciels\",\"publisher\":{\"@id\":\"https:\\\/\\\/sysmatec.ch\\\/de\\\/#organization\"},\"potentialAction\":[{\"@type\":\"SearchAction\",\"target\":{\"@type\":\"EntryPoint\",\"urlTemplate\":\"https:\\\/\\\/sysmatec.ch\\\/de\\\/?s={search_term_string}\"},\"query-input\":{\"@type\":\"PropertyValueSpecification\",\"valueRequired\":true,\"valueName\":\"search_term_string\"}}],\"inLanguage\":\"de\"},{\"@type\":\"Organization\",\"@id\":\"https:\\\/\\\/sysmatec.ch\\\/de\\\/#organization\",\"name\":\"Sysmatec\",\"url\":\"https:\\\/\\\/sysmatec.ch\\\/de\\\/\",\"logo\":{\"@type\":\"ImageObject\",\"inLanguage\":\"de\",\"@id\":\"https:\\\/\\\/sysmatec.ch\\\/de\\\/#\\\/schema\\\/logo\\\/image\\\/\",\"url\":\"https:\\\/\\\/sysmatec.ch\\\/wp-content\\\/uploads\\\/2018\\\/11\\\/LogoSysmatec.jpg\",\"contentUrl\":\"https:\\\/\\\/sysmatec.ch\\\/wp-content\\\/uploads\\\/2018\\\/11\\\/LogoSysmatec.jpg\",\"width\":301,\"height\":297,\"caption\":\"Sysmatec\"},\"image\":{\"@id\":\"https:\\\/\\\/sysmatec.ch\\\/de\\\/#\\\/schema\\\/logo\\\/image\\\/\"}}]}<\/script>\n<!-- \/ Yoast SEO plugin. -->","yoast_head_json":{"title":"FAST PHOSPHATASE Pasteurisierungstest Menidi - Sysmatec","description":"Pasteurisierungs-Schnelltest in Mikror\u00f6hrchen basierend auf der Bestimmung der alkalischen Phosphatase in Milch, Molke, Sahne und Butter.","robots":{"index":"index","follow":"follow","max-snippet":"max-snippet:-1","max-image-preview":"max-image-preview:large","max-video-preview":"max-video-preview:-1"},"canonical":"https:\/\/sysmatec.ch\/de\/Produkt\/fast-phosphatase-pasteurisierungstest-menidi\/","og_locale":"de_DE","og_type":"article","og_title":"FAST PHOSPHATASE Pasteurisierungstest Menidi - Sysmatec","og_description":"Pasteurisierungs-Schnelltest in Mikror\u00f6hrchen basierend auf der Bestimmung der alkalischen Phosphatase in Milch, Molke, Sahne und Butter.","og_url":"https:\/\/sysmatec.ch\/de\/Produkt\/fast-phosphatase-pasteurisierungstest-menidi\/","og_site_name":"Sysmatec","article_modified_time":"2023-04-15T17:06:33+00:00","og_image":[{"width":523,"height":582,"url":"https:\/\/sysmatec.ch\/wp-content\/uploads\/2023\/04\/PasteurisationLait_Menidi.jpg","type":"image\/jpeg"}],"twitter_card":"summary_large_image","twitter_misc":{"Gesch\u00e4tzte Lesezeit":"1\u00a0Minute"},"schema":{"@context":"https:\/\/schema.org","@graph":[{"@type":"WebPage","@id":"https:\/\/sysmatec.ch\/de\/Produkt\/fast-phosphatase-pasteurisierungstest-menidi\/","url":"https:\/\/sysmatec.ch\/de\/Produkt\/fast-phosphatase-pasteurisierungstest-menidi\/","name":"FAST PHOSPHATASE Pasteurisierungstest Menidi - Sysmatec","isPartOf":{"@id":"https:\/\/sysmatec.ch\/de\/#website"},"primaryImageOfPage":{"@id":"https:\/\/sysmatec.ch\/de\/Produkt\/fast-phosphatase-pasteurisierungstest-menidi\/#primaryimage"},"image":{"@id":"https:\/\/sysmatec.ch\/de\/Produkt\/fast-phosphatase-pasteurisierungstest-menidi\/#primaryimage"},"thumbnailUrl":"https:\/\/sysmatec.ch\/wp-content\/uploads\/2023\/04\/PasteurisationLait_Menidi.jpg","datePublished":"2023-04-15T16:46:06+00:00","dateModified":"2023-04-15T17:06:33+00:00","description":"Pasteurisierungs-Schnelltest in Mikror\u00f6hrchen basierend auf der Bestimmung der alkalischen Phosphatase in Milch, Molke, Sahne und Butter.","breadcrumb":{"@id":"https:\/\/sysmatec.ch\/de\/Produkt\/fast-phosphatase-pasteurisierungstest-menidi\/#breadcrumb"},"inLanguage":"de","potentialAction":[{"@type":"ReadAction","target":["https:\/\/sysmatec.ch\/de\/Produkt\/fast-phosphatase-pasteurisierungstest-menidi\/"]}]},{"@type":"ImageObject","inLanguage":"de","@id":"https:\/\/sysmatec.ch\/de\/Produkt\/fast-phosphatase-pasteurisierungstest-menidi\/#primaryimage","url":"https:\/\/sysmatec.ch\/wp-content\/uploads\/2023\/04\/PasteurisationLait_Menidi.jpg","contentUrl":"https:\/\/sysmatec.ch\/wp-content\/uploads\/2023\/04\/PasteurisationLait_Menidi.jpg","width":523,"height":582},{"@type":"BreadcrumbList","@id":"https:\/\/sysmatec.ch\/de\/Produkt\/fast-phosphatase-pasteurisierungstest-menidi\/#breadcrumb","itemListElement":[{"@type":"ListItem","position":1,"name":"Accueil","item":"https:\/\/sysmatec.ch\/de\/"},{"@type":"ListItem","position":2,"name":"Die Aktivit\u00e4t von Sysmatec","item":"https:\/\/sysmatec.ch\/de\/"},{"@type":"ListItem","position":3,"name":"FAST PHOSPHATASE Pasteurisierungstest Menidi"}]},{"@type":"WebSite","@id":"https:\/\/sysmatec.ch\/de\/#website","url":"https:\/\/sysmatec.ch\/de\/","name":"Sysmatec","description":"Equipement de laboratoire et logiciels","publisher":{"@id":"https:\/\/sysmatec.ch\/de\/#organization"},"potentialAction":[{"@type":"SearchAction","target":{"@type":"EntryPoint","urlTemplate":"https:\/\/sysmatec.ch\/de\/?s={search_term_string}"},"query-input":{"@type":"PropertyValueSpecification","valueRequired":true,"valueName":"search_term_string"}}],"inLanguage":"de"},{"@type":"Organization","@id":"https:\/\/sysmatec.ch\/de\/#organization","name":"Sysmatec","url":"https:\/\/sysmatec.ch\/de\/","logo":{"@type":"ImageObject","inLanguage":"de","@id":"https:\/\/sysmatec.ch\/de\/#\/schema\/logo\/image\/","url":"https:\/\/sysmatec.ch\/wp-content\/uploads\/2018\/11\/LogoSysmatec.jpg","contentUrl":"https:\/\/sysmatec.ch\/wp-content\/uploads\/2018\/11\/LogoSysmatec.jpg","width":301,"height":297,"caption":"Sysmatec"},"image":{"@id":"https:\/\/sysmatec.ch\/de\/#\/schema\/logo\/image\/"}}]}},"_links":{"self":[{"href":"https:\/\/sysmatec.ch\/de\/wp-json\/wp\/v2\/product\/28553","targetHints":{"allow":["GET"]}}],"collection":[{"href":"https:\/\/sysmatec.ch\/de\/wp-json\/wp\/v2\/product"}],"about":[{"href":"https:\/\/sysmatec.ch\/de\/wp-json\/wp\/v2\/types\/product"}],"wp:featuredmedia":[{"embeddable":true,"href":"https:\/\/sysmatec.ch\/de\/wp-json\/wp\/v2\/media\/28557"}],"wp:attachment":[{"href":"https:\/\/sysmatec.ch\/de\/wp-json\/wp\/v2\/media?parent=28553"}],"wp:term":[{"taxonomy":"product_brand","embeddable":true,"href":"https:\/\/sysmatec.ch\/de\/wp-json\/wp\/v2\/product_brand?post=28553"},{"taxonomy":"product_cat","embeddable":true,"href":"https:\/\/sysmatec.ch\/de\/wp-json\/wp\/v2\/product_cat?post=28553"},{"taxonomy":"product_tag","embeddable":true,"href":"https:\/\/sysmatec.ch\/de\/wp-json\/wp\/v2\/product_tag?post=28553"}],"curies":[{"name":"wp","href":"https:\/\/api.w.org\/{rel}","templated":true}]}}