{"id":28547,"date":"2023-04-15T18:07:42","date_gmt":"2023-04-15T16:07:42","guid":{"rendered":"https:\/\/sysmatec.ch\/?post_type=product&#038;p=28547"},"modified":"2023-04-15T18:38:47","modified_gmt":"2023-04-15T16:38:47","slug":"endoskop-mit-bestaendigem-lichtleiter-08","status":"publish","type":"product","link":"https:\/\/sysmatec.ch\/de\/Produkt\/endoskop-mit-bestaendigem-lichtleiter-08\/","title":{"rendered":"Endoskop mit best\u00e4ndigem Lichtleiter 08"},"content":{"rendered":"<p>Endoskop mit chemikalienbest\u00e4ndiger Nylonfaseroptik. Der Durchmesser der Lichtleitfaser betr\u00e4gt weniger als einen Millimeter.<\/p>\n<h2>Merkmale des Endoskops<\/h2>\n<ul>\n<li>Lichtleitedurchmesser: 0.8 mm<\/li>\n<li>Lichtleiterl\u00e4nge: 850 mm<\/li>\n<li>Die Faser ist von Nylon (Polyamid) umgeben, die Linse und die Faser sind wasserdicht, best\u00e4ndig gegen \u00d6le, S\u00e4uren und schwache Basen<\/li>\n<li>Sichtfelder\uff1a\u226585\u00b0<\/li>\n<li>Optionale Vergr\u00f6\u00dferung: 60-fach (Positiv) oder 65-fach (Umkehrbild)<\/li>\n<li>Temperaturbereich: -20 bis 70 \u00b0C<\/li>\n<li>Akkulaufzeit: ca. 4 Stunden<\/li>\n<li>Bildschirmabmessungen: 105 mm x 101 mm x 24 mm, 3.5 Zoll<\/li>\n<li>Aufl\u00f6sung: 2 Megapixel<\/li>\n<li>Fotos: JPEG-Format, Aufl\u00f6sung 2048 x 1536<\/li>\n<li>Video: MOV-Format, Aufl\u00f6sung 1920 x 1080, 30 FPS<\/li>\n<li>Speicher: Micro-SD-Karte, 32 GB, Schreiben 10 M\/s, Lesen 30 M\/s<\/li>\n<li>Batterie: Li, 3,7 V, 1900 mAh<\/li>\n<li>Mit 5V Ladeger\u00e4t geliefert<\/li>\n<\/ul>\n","protected":false},"excerpt":{"rendered":"<p>Feinfaseroptisches Endoskop.<\/p>\n","protected":false},"featured_media":28550,"template":"","meta":{"_crdt_document":""},"product_brand":[],"product_cat":[212],"product_tag":[],"class_list":{"0":"post-28547","1":"product","2":"type-product","3":"status-publish","4":"has-post-thumbnail","6":"product_cat-endoskop","8":"first","9":"instock","10":"taxable","11":"shipping-taxable","12":"product-type-simple"},"yoast_head":"<!-- This site is optimized with the Yoast SEO plugin v27.3 - https:\/\/yoast.com\/product\/yoast-seo-wordpress\/ -->\n<title>Endoskop mit best\u00e4ndigem Lichtleiter 08 - Sysmatec<\/title>\n<meta name=\"description\" content=\"Feinfaser-Endoskop, best\u00e4ndig gegen Chemikalien, schwache S\u00e4uren und Basen.\" \/>\n<meta name=\"robots\" content=\"index, follow, max-snippet:-1, max-image-preview:large, max-video-preview:-1\" \/>\n<link rel=\"canonical\" href=\"https:\/\/sysmatec.ch\/de\/Produkt\/endoskop-mit-bestaendigem-lichtleiter-08\/\" \/>\n<meta property=\"og:locale\" content=\"de_DE\" \/>\n<meta property=\"og:type\" content=\"article\" \/>\n<meta property=\"og:title\" content=\"Endoskop mit best\u00e4ndigem Lichtleiter 08 - Sysmatec\" \/>\n<meta property=\"og:description\" content=\"Feinfaser-Endoskop, best\u00e4ndig gegen Chemikalien, schwache S\u00e4uren und Basen.\" \/>\n<meta property=\"og:url\" content=\"https:\/\/sysmatec.ch\/de\/Produkt\/endoskop-mit-bestaendigem-lichtleiter-08\/\" \/>\n<meta property=\"og:site_name\" content=\"Sysmatec\" \/>\n<meta property=\"article:modified_time\" content=\"2023-04-15T16:38:47+00:00\" \/>\n<meta property=\"og:image\" content=\"https:\/\/sysmatec.ch\/wp-content\/uploads\/2023\/04\/Endoscope_YKNDT08.jpg\" \/>\n\t<meta property=\"og:image:width\" content=\"503\" \/>\n\t<meta property=\"og:image:height\" content=\"357\" \/>\n\t<meta property=\"og:image:type\" content=\"image\/jpeg\" \/>\n<meta name=\"twitter:card\" content=\"summary_large_image\" \/>\n<meta name=\"twitter:label1\" content=\"Gesch\u00e4tzte Lesezeit\" \/>\n\t<meta name=\"twitter:data1\" content=\"1\u00a0Minute\" \/>\n<script type=\"application\/ld+json\" class=\"yoast-schema-graph\">{\"@context\":\"https:\\\/\\\/schema.org\",\"@graph\":[{\"@type\":\"WebPage\",\"@id\":\"https:\\\/\\\/sysmatec.ch\\\/de\\\/Produkt\\\/endoskop-mit-bestaendigem-lichtleiter-08\\\/\",\"url\":\"https:\\\/\\\/sysmatec.ch\\\/de\\\/Produkt\\\/endoskop-mit-bestaendigem-lichtleiter-08\\\/\",\"name\":\"Endoskop mit best\u00e4ndigem Lichtleiter 08 - Sysmatec\",\"isPartOf\":{\"@id\":\"https:\\\/\\\/sysmatec.ch\\\/de\\\/#website\"},\"primaryImageOfPage\":{\"@id\":\"https:\\\/\\\/sysmatec.ch\\\/de\\\/Produkt\\\/endoskop-mit-bestaendigem-lichtleiter-08\\\/#primaryimage\"},\"image\":{\"@id\":\"https:\\\/\\\/sysmatec.ch\\\/de\\\/Produkt\\\/endoskop-mit-bestaendigem-lichtleiter-08\\\/#primaryimage\"},\"thumbnailUrl\":\"https:\\\/\\\/sysmatec.ch\\\/wp-content\\\/uploads\\\/2023\\\/04\\\/Endoscope_YKNDT08.jpg\",\"datePublished\":\"2023-04-15T16:07:42+00:00\",\"dateModified\":\"2023-04-15T16:38:47+00:00\",\"description\":\"Feinfaser-Endoskop, best\u00e4ndig gegen Chemikalien, schwache S\u00e4uren und Basen.\",\"breadcrumb\":{\"@id\":\"https:\\\/\\\/sysmatec.ch\\\/de\\\/Produkt\\\/endoskop-mit-bestaendigem-lichtleiter-08\\\/#breadcrumb\"},\"inLanguage\":\"de\",\"potentialAction\":[{\"@type\":\"ReadAction\",\"target\":[\"https:\\\/\\\/sysmatec.ch\\\/de\\\/Produkt\\\/endoskop-mit-bestaendigem-lichtleiter-08\\\/\"]}]},{\"@type\":\"ImageObject\",\"inLanguage\":\"de\",\"@id\":\"https:\\\/\\\/sysmatec.ch\\\/de\\\/Produkt\\\/endoskop-mit-bestaendigem-lichtleiter-08\\\/#primaryimage\",\"url\":\"https:\\\/\\\/sysmatec.ch\\\/wp-content\\\/uploads\\\/2023\\\/04\\\/Endoscope_YKNDT08.jpg\",\"contentUrl\":\"https:\\\/\\\/sysmatec.ch\\\/wp-content\\\/uploads\\\/2023\\\/04\\\/Endoscope_YKNDT08.jpg\",\"width\":503,\"height\":357},{\"@type\":\"BreadcrumbList\",\"@id\":\"https:\\\/\\\/sysmatec.ch\\\/de\\\/Produkt\\\/endoskop-mit-bestaendigem-lichtleiter-08\\\/#breadcrumb\",\"itemListElement\":[{\"@type\":\"ListItem\",\"position\":1,\"name\":\"Accueil\",\"item\":\"https:\\\/\\\/sysmatec.ch\\\/de\\\/\"},{\"@type\":\"ListItem\",\"position\":2,\"name\":\"Die Aktivit\u00e4t von Sysmatec\",\"item\":\"https:\\\/\\\/sysmatec.ch\\\/de\\\/\"},{\"@type\":\"ListItem\",\"position\":3,\"name\":\"Endoskop mit best\u00e4ndigem Lichtleiter 08\"}]},{\"@type\":\"WebSite\",\"@id\":\"https:\\\/\\\/sysmatec.ch\\\/de\\\/#website\",\"url\":\"https:\\\/\\\/sysmatec.ch\\\/de\\\/\",\"name\":\"Sysmatec\",\"description\":\"Equipement de laboratoire et logiciels\",\"publisher\":{\"@id\":\"https:\\\/\\\/sysmatec.ch\\\/de\\\/#organization\"},\"potentialAction\":[{\"@type\":\"SearchAction\",\"target\":{\"@type\":\"EntryPoint\",\"urlTemplate\":\"https:\\\/\\\/sysmatec.ch\\\/de\\\/?s={search_term_string}\"},\"query-input\":{\"@type\":\"PropertyValueSpecification\",\"valueRequired\":true,\"valueName\":\"search_term_string\"}}],\"inLanguage\":\"de\"},{\"@type\":\"Organization\",\"@id\":\"https:\\\/\\\/sysmatec.ch\\\/de\\\/#organization\",\"name\":\"Sysmatec\",\"url\":\"https:\\\/\\\/sysmatec.ch\\\/de\\\/\",\"logo\":{\"@type\":\"ImageObject\",\"inLanguage\":\"de\",\"@id\":\"https:\\\/\\\/sysmatec.ch\\\/de\\\/#\\\/schema\\\/logo\\\/image\\\/\",\"url\":\"https:\\\/\\\/sysmatec.ch\\\/wp-content\\\/uploads\\\/2018\\\/11\\\/LogoSysmatec.jpg\",\"contentUrl\":\"https:\\\/\\\/sysmatec.ch\\\/wp-content\\\/uploads\\\/2018\\\/11\\\/LogoSysmatec.jpg\",\"width\":301,\"height\":297,\"caption\":\"Sysmatec\"},\"image\":{\"@id\":\"https:\\\/\\\/sysmatec.ch\\\/de\\\/#\\\/schema\\\/logo\\\/image\\\/\"}}]}<\/script>\n<!-- \/ Yoast SEO plugin. -->","yoast_head_json":{"title":"Endoskop mit best\u00e4ndigem Lichtleiter 08 - Sysmatec","description":"Feinfaser-Endoskop, best\u00e4ndig gegen Chemikalien, schwache S\u00e4uren und Basen.","robots":{"index":"index","follow":"follow","max-snippet":"max-snippet:-1","max-image-preview":"max-image-preview:large","max-video-preview":"max-video-preview:-1"},"canonical":"https:\/\/sysmatec.ch\/de\/Produkt\/endoskop-mit-bestaendigem-lichtleiter-08\/","og_locale":"de_DE","og_type":"article","og_title":"Endoskop mit best\u00e4ndigem Lichtleiter 08 - Sysmatec","og_description":"Feinfaser-Endoskop, best\u00e4ndig gegen Chemikalien, schwache S\u00e4uren und Basen.","og_url":"https:\/\/sysmatec.ch\/de\/Produkt\/endoskop-mit-bestaendigem-lichtleiter-08\/","og_site_name":"Sysmatec","article_modified_time":"2023-04-15T16:38:47+00:00","og_image":[{"width":503,"height":357,"url":"https:\/\/sysmatec.ch\/wp-content\/uploads\/2023\/04\/Endoscope_YKNDT08.jpg","type":"image\/jpeg"}],"twitter_card":"summary_large_image","twitter_misc":{"Gesch\u00e4tzte Lesezeit":"1\u00a0Minute"},"schema":{"@context":"https:\/\/schema.org","@graph":[{"@type":"WebPage","@id":"https:\/\/sysmatec.ch\/de\/Produkt\/endoskop-mit-bestaendigem-lichtleiter-08\/","url":"https:\/\/sysmatec.ch\/de\/Produkt\/endoskop-mit-bestaendigem-lichtleiter-08\/","name":"Endoskop mit best\u00e4ndigem Lichtleiter 08 - Sysmatec","isPartOf":{"@id":"https:\/\/sysmatec.ch\/de\/#website"},"primaryImageOfPage":{"@id":"https:\/\/sysmatec.ch\/de\/Produkt\/endoskop-mit-bestaendigem-lichtleiter-08\/#primaryimage"},"image":{"@id":"https:\/\/sysmatec.ch\/de\/Produkt\/endoskop-mit-bestaendigem-lichtleiter-08\/#primaryimage"},"thumbnailUrl":"https:\/\/sysmatec.ch\/wp-content\/uploads\/2023\/04\/Endoscope_YKNDT08.jpg","datePublished":"2023-04-15T16:07:42+00:00","dateModified":"2023-04-15T16:38:47+00:00","description":"Feinfaser-Endoskop, best\u00e4ndig gegen Chemikalien, schwache S\u00e4uren und Basen.","breadcrumb":{"@id":"https:\/\/sysmatec.ch\/de\/Produkt\/endoskop-mit-bestaendigem-lichtleiter-08\/#breadcrumb"},"inLanguage":"de","potentialAction":[{"@type":"ReadAction","target":["https:\/\/sysmatec.ch\/de\/Produkt\/endoskop-mit-bestaendigem-lichtleiter-08\/"]}]},{"@type":"ImageObject","inLanguage":"de","@id":"https:\/\/sysmatec.ch\/de\/Produkt\/endoskop-mit-bestaendigem-lichtleiter-08\/#primaryimage","url":"https:\/\/sysmatec.ch\/wp-content\/uploads\/2023\/04\/Endoscope_YKNDT08.jpg","contentUrl":"https:\/\/sysmatec.ch\/wp-content\/uploads\/2023\/04\/Endoscope_YKNDT08.jpg","width":503,"height":357},{"@type":"BreadcrumbList","@id":"https:\/\/sysmatec.ch\/de\/Produkt\/endoskop-mit-bestaendigem-lichtleiter-08\/#breadcrumb","itemListElement":[{"@type":"ListItem","position":1,"name":"Accueil","item":"https:\/\/sysmatec.ch\/de\/"},{"@type":"ListItem","position":2,"name":"Die Aktivit\u00e4t von Sysmatec","item":"https:\/\/sysmatec.ch\/de\/"},{"@type":"ListItem","position":3,"name":"Endoskop mit best\u00e4ndigem Lichtleiter 08"}]},{"@type":"WebSite","@id":"https:\/\/sysmatec.ch\/de\/#website","url":"https:\/\/sysmatec.ch\/de\/","name":"Sysmatec","description":"Equipement de laboratoire et logiciels","publisher":{"@id":"https:\/\/sysmatec.ch\/de\/#organization"},"potentialAction":[{"@type":"SearchAction","target":{"@type":"EntryPoint","urlTemplate":"https:\/\/sysmatec.ch\/de\/?s={search_term_string}"},"query-input":{"@type":"PropertyValueSpecification","valueRequired":true,"valueName":"search_term_string"}}],"inLanguage":"de"},{"@type":"Organization","@id":"https:\/\/sysmatec.ch\/de\/#organization","name":"Sysmatec","url":"https:\/\/sysmatec.ch\/de\/","logo":{"@type":"ImageObject","inLanguage":"de","@id":"https:\/\/sysmatec.ch\/de\/#\/schema\/logo\/image\/","url":"https:\/\/sysmatec.ch\/wp-content\/uploads\/2018\/11\/LogoSysmatec.jpg","contentUrl":"https:\/\/sysmatec.ch\/wp-content\/uploads\/2018\/11\/LogoSysmatec.jpg","width":301,"height":297,"caption":"Sysmatec"},"image":{"@id":"https:\/\/sysmatec.ch\/de\/#\/schema\/logo\/image\/"}}]}},"_links":{"self":[{"href":"https:\/\/sysmatec.ch\/de\/wp-json\/wp\/v2\/product\/28547","targetHints":{"allow":["GET"]}}],"collection":[{"href":"https:\/\/sysmatec.ch\/de\/wp-json\/wp\/v2\/product"}],"about":[{"href":"https:\/\/sysmatec.ch\/de\/wp-json\/wp\/v2\/types\/product"}],"wp:featuredmedia":[{"embeddable":true,"href":"https:\/\/sysmatec.ch\/de\/wp-json\/wp\/v2\/media\/28550"}],"wp:attachment":[{"href":"https:\/\/sysmatec.ch\/de\/wp-json\/wp\/v2\/media?parent=28547"}],"wp:term":[{"taxonomy":"product_brand","embeddable":true,"href":"https:\/\/sysmatec.ch\/de\/wp-json\/wp\/v2\/product_brand?post=28547"},{"taxonomy":"product_cat","embeddable":true,"href":"https:\/\/sysmatec.ch\/de\/wp-json\/wp\/v2\/product_cat?post=28547"},{"taxonomy":"product_tag","embeddable":true,"href":"https:\/\/sysmatec.ch\/de\/wp-json\/wp\/v2\/product_tag?post=28547"}],"curies":[{"name":"wp","href":"https:\/\/api.w.org\/{rel}","templated":true}]}}