{"id":28538,"date":"2023-04-15T11:21:01","date_gmt":"2023-04-15T09:21:01","guid":{"rendered":"https:\/\/sysmatec.ch\/?post_type=product&#038;p=28538"},"modified":"2023-04-17T08:15:38","modified_gmt":"2023-04-17T06:15:38","slug":"mikrovolumen-gefrierpunkt-osmometer-osmo210-copie","status":"publish","type":"product","link":"https:\/\/sysmatec.ch\/de\/Produkt\/mikrovolumen-gefrierpunkt-osmometer-osmo210-copie\/","title":{"rendered":"Mikrovolumen-Gefrierpunkt-Osmometer Osmo210Pro"},"content":{"rendered":"<p>Osmo210 ist das Osmometer der 3. Generation. Es ist ein automatisches Gefrierpunkt-Osmometer mit Autosampler f\u00fcr Probenvolumen von 30\u00a0 bis 50 \u03bcl und wurde speziell f\u00fcr die Biotech-Industrie entwickelt. Durch mehrstufige passwortgesch\u00fctzte Benutzerkonten mit Zeitstempel versehener Pr\u00fcfpfad mit der M\u00f6glichkeit, Proben-ID und Benutzer-ID zu verkn\u00fcpfen, um Testergebnisse f\u00fcr eine verbesserte R\u00fcckverfolgbarkeit zu erhalten.Weitere n\u00fctzliche Funktionen sind die Touchscreen-Benutzeroberfl\u00e4che, der automatische Messkopfbetrieb, der 32G-Massenspeicher f\u00fcr die Langzeitdatenspeicherung und benutzerdefinierte Kalibrierungspunkte.<\/p>\n<p>Alle oben genannten n\u00fctzlichen Funktionen machen das Osmo210 zum idealen Osmometer f\u00fcr die Biotech-Industrie.<\/p>\n<h2>Eigenschaften des Osmometers<\/h2>\n<ul>\n<li>Probenvolumen: 30 bis 50ul<\/li>\n<li>Automatischer Probengeber mit 20 Pl\u00e4tzen<\/li>\n<li>Bereich: 0 bis 2000 mOsm \/ kg H2O<\/li>\n<li>Aufl\u00f6sung: 1 mOsm\/kg H2O<\/li>\n<li>Wiederholbarkeit: 0 &#8211; 400 mOsm\/kg H2O: \u00b1 2 mOsm, 400 &#8211; 2000 mOsm\/kg H2O: \u00b1 0,5 %<\/li>\n<li>Robuster Thermistor aus Edelstahl<\/li>\n<li>Touchscreen-Benutzeroberfl\u00e4che<\/li>\n<li>Die Kalibrierungspunkte sind benutzerdefiniert<\/li>\n<li>32 G gro\u00dfer Speicher f\u00fcr lange Datenspeicherung.An den USB- und RS 232-Anschl\u00fcssen k\u00f6nnen externe PCs, Drucker oder Barcode-Leseger\u00e4te angeschlossen werden<\/li>\n<li>21 CFR Part 11-bezogene Funktionen: Passwortgesch\u00fctzte Benutzerkonten auf mehreren Ebenen, Zeitstempel-Audit-Trail mit der M\u00f6glichkeit, Proben-ID und Benutzer-ID mit Testergebnissen zu verkn\u00fcpfen, um die R\u00fcckverfolgbarkeit zu verbessern<\/li>\n<li>Version ohne Audit Trail und ohne Passwort: OsmoPro310<\/li>\n<\/ul>\n<h2>Kalibrierl\u00f6sungen<\/h2>\n<ul>\n<li>50 mOsm, 10 St\u00fcck x 2 ml (Ref. YS050)<\/li>\n<li>850 mOsm, 10 St\u00fcck x 2 ml (Ref. YS850)<\/li>\n<li>2000 mOsm, 10 Einheiten x 2 ml (Ref. YS2000)<\/li>\n<li>290 mOsm, 10 St\u00fcck x 2 ml (Ref. YS290)<\/li>\n<\/ul>\n","protected":false},"excerpt":{"rendered":"<p>Mikrovolumen-Gefrierpunkt-Osmometer mit Autosampler<\/p>\n","protected":false},"featured_media":28542,"template":"","meta":{"_crdt_document":""},"product_brand":[],"product_cat":[251],"product_tag":[],"class_list":{"0":"post-28538","1":"product","2":"type-product","3":"status-publish","4":"has-post-thumbnail","6":"product_cat-osmometer-de","8":"first","9":"instock","10":"taxable","11":"shipping-taxable","12":"product-type-simple"},"yoast_head":"<!-- This site is optimized with the Yoast SEO plugin v27.3 - https:\/\/yoast.com\/product\/yoast-seo-wordpress\/ -->\n<title>Mikrovolumen-Gefrierpunkt-Osmometer Osmo210Pro - Sysmatec<\/title>\n<meta name=\"description\" content=\"Gefrierpunktosmometer f\u00fcr kleinvolumige Proben von 30 bis 50 \u00b5L. Messbereich 0-2000 mOsm\/kg. Mit Autosampler.\" \/>\n<meta name=\"robots\" content=\"index, follow, max-snippet:-1, max-image-preview:large, max-video-preview:-1\" \/>\n<link rel=\"canonical\" href=\"https:\/\/sysmatec.ch\/de\/Produkt\/mikrovolumen-gefrierpunkt-osmometer-osmo210-copie\/\" \/>\n<meta property=\"og:locale\" content=\"de_DE\" \/>\n<meta property=\"og:type\" content=\"article\" \/>\n<meta property=\"og:title\" content=\"Mikrovolumen-Gefrierpunkt-Osmometer Osmo210Pro - Sysmatec\" \/>\n<meta property=\"og:description\" content=\"Gefrierpunktosmometer f\u00fcr kleinvolumige Proben von 30 bis 50 \u00b5L. Messbereich 0-2000 mOsm\/kg. Mit Autosampler.\" \/>\n<meta property=\"og:url\" content=\"https:\/\/sysmatec.ch\/de\/Produkt\/mikrovolumen-gefrierpunkt-osmometer-osmo210-copie\/\" \/>\n<meta property=\"og:site_name\" content=\"Sysmatec\" \/>\n<meta property=\"article:modified_time\" content=\"2023-04-17T06:15:38+00:00\" \/>\n<meta property=\"og:image\" content=\"https:\/\/sysmatec.ch\/wp-content\/uploads\/2023\/04\/Osmometre_YASNOsmo210Pro.jpg\" \/>\n\t<meta property=\"og:image:width\" content=\"564\" \/>\n\t<meta property=\"og:image:height\" content=\"534\" \/>\n\t<meta property=\"og:image:type\" content=\"image\/jpeg\" \/>\n<meta name=\"twitter:card\" content=\"summary_large_image\" \/>\n<meta name=\"twitter:label1\" content=\"Gesch\u00e4tzte Lesezeit\" \/>\n\t<meta name=\"twitter:data1\" content=\"2\u00a0Minuten\" \/>\n<script type=\"application\/ld+json\" class=\"yoast-schema-graph\">{\"@context\":\"https:\\\/\\\/schema.org\",\"@graph\":[{\"@type\":\"WebPage\",\"@id\":\"https:\\\/\\\/sysmatec.ch\\\/de\\\/Produkt\\\/mikrovolumen-gefrierpunkt-osmometer-osmo210-copie\\\/\",\"url\":\"https:\\\/\\\/sysmatec.ch\\\/de\\\/Produkt\\\/mikrovolumen-gefrierpunkt-osmometer-osmo210-copie\\\/\",\"name\":\"Mikrovolumen-Gefrierpunkt-Osmometer Osmo210Pro - Sysmatec\",\"isPartOf\":{\"@id\":\"https:\\\/\\\/sysmatec.ch\\\/de\\\/#website\"},\"primaryImageOfPage\":{\"@id\":\"https:\\\/\\\/sysmatec.ch\\\/de\\\/Produkt\\\/mikrovolumen-gefrierpunkt-osmometer-osmo210-copie\\\/#primaryimage\"},\"image\":{\"@id\":\"https:\\\/\\\/sysmatec.ch\\\/de\\\/Produkt\\\/mikrovolumen-gefrierpunkt-osmometer-osmo210-copie\\\/#primaryimage\"},\"thumbnailUrl\":\"https:\\\/\\\/sysmatec.ch\\\/wp-content\\\/uploads\\\/2023\\\/04\\\/Osmometre_YASNOsmo210Pro.jpg\",\"datePublished\":\"2023-04-15T09:21:01+00:00\",\"dateModified\":\"2023-04-17T06:15:38+00:00\",\"description\":\"Gefrierpunktosmometer f\u00fcr kleinvolumige Proben von 30 bis 50 \u00b5L. Messbereich 0-2000 mOsm\\\/kg. Mit Autosampler.\",\"breadcrumb\":{\"@id\":\"https:\\\/\\\/sysmatec.ch\\\/de\\\/Produkt\\\/mikrovolumen-gefrierpunkt-osmometer-osmo210-copie\\\/#breadcrumb\"},\"inLanguage\":\"de\",\"potentialAction\":[{\"@type\":\"ReadAction\",\"target\":[\"https:\\\/\\\/sysmatec.ch\\\/de\\\/Produkt\\\/mikrovolumen-gefrierpunkt-osmometer-osmo210-copie\\\/\"]}]},{\"@type\":\"ImageObject\",\"inLanguage\":\"de\",\"@id\":\"https:\\\/\\\/sysmatec.ch\\\/de\\\/Produkt\\\/mikrovolumen-gefrierpunkt-osmometer-osmo210-copie\\\/#primaryimage\",\"url\":\"https:\\\/\\\/sysmatec.ch\\\/wp-content\\\/uploads\\\/2023\\\/04\\\/Osmometre_YASNOsmo210Pro.jpg\",\"contentUrl\":\"https:\\\/\\\/sysmatec.ch\\\/wp-content\\\/uploads\\\/2023\\\/04\\\/Osmometre_YASNOsmo210Pro.jpg\",\"width\":564,\"height\":534},{\"@type\":\"BreadcrumbList\",\"@id\":\"https:\\\/\\\/sysmatec.ch\\\/de\\\/Produkt\\\/mikrovolumen-gefrierpunkt-osmometer-osmo210-copie\\\/#breadcrumb\",\"itemListElement\":[{\"@type\":\"ListItem\",\"position\":1,\"name\":\"Accueil\",\"item\":\"https:\\\/\\\/sysmatec.ch\\\/de\\\/\"},{\"@type\":\"ListItem\",\"position\":2,\"name\":\"Die Aktivit\u00e4t von Sysmatec\",\"item\":\"https:\\\/\\\/sysmatec.ch\\\/de\\\/\"},{\"@type\":\"ListItem\",\"position\":3,\"name\":\"Mikrovolumen-Gefrierpunkt-Osmometer Osmo210Pro\"}]},{\"@type\":\"WebSite\",\"@id\":\"https:\\\/\\\/sysmatec.ch\\\/de\\\/#website\",\"url\":\"https:\\\/\\\/sysmatec.ch\\\/de\\\/\",\"name\":\"Sysmatec\",\"description\":\"Equipement de laboratoire et logiciels\",\"publisher\":{\"@id\":\"https:\\\/\\\/sysmatec.ch\\\/de\\\/#organization\"},\"potentialAction\":[{\"@type\":\"SearchAction\",\"target\":{\"@type\":\"EntryPoint\",\"urlTemplate\":\"https:\\\/\\\/sysmatec.ch\\\/de\\\/?s={search_term_string}\"},\"query-input\":{\"@type\":\"PropertyValueSpecification\",\"valueRequired\":true,\"valueName\":\"search_term_string\"}}],\"inLanguage\":\"de\"},{\"@type\":\"Organization\",\"@id\":\"https:\\\/\\\/sysmatec.ch\\\/de\\\/#organization\",\"name\":\"Sysmatec\",\"url\":\"https:\\\/\\\/sysmatec.ch\\\/de\\\/\",\"logo\":{\"@type\":\"ImageObject\",\"inLanguage\":\"de\",\"@id\":\"https:\\\/\\\/sysmatec.ch\\\/de\\\/#\\\/schema\\\/logo\\\/image\\\/\",\"url\":\"https:\\\/\\\/sysmatec.ch\\\/wp-content\\\/uploads\\\/2018\\\/11\\\/LogoSysmatec.jpg\",\"contentUrl\":\"https:\\\/\\\/sysmatec.ch\\\/wp-content\\\/uploads\\\/2018\\\/11\\\/LogoSysmatec.jpg\",\"width\":301,\"height\":297,\"caption\":\"Sysmatec\"},\"image\":{\"@id\":\"https:\\\/\\\/sysmatec.ch\\\/de\\\/#\\\/schema\\\/logo\\\/image\\\/\"}}]}<\/script>\n<!-- \/ Yoast SEO plugin. -->","yoast_head_json":{"title":"Mikrovolumen-Gefrierpunkt-Osmometer Osmo210Pro - Sysmatec","description":"Gefrierpunktosmometer f\u00fcr kleinvolumige Proben von 30 bis 50 \u00b5L. Messbereich 0-2000 mOsm\/kg. Mit Autosampler.","robots":{"index":"index","follow":"follow","max-snippet":"max-snippet:-1","max-image-preview":"max-image-preview:large","max-video-preview":"max-video-preview:-1"},"canonical":"https:\/\/sysmatec.ch\/de\/Produkt\/mikrovolumen-gefrierpunkt-osmometer-osmo210-copie\/","og_locale":"de_DE","og_type":"article","og_title":"Mikrovolumen-Gefrierpunkt-Osmometer Osmo210Pro - Sysmatec","og_description":"Gefrierpunktosmometer f\u00fcr kleinvolumige Proben von 30 bis 50 \u00b5L. Messbereich 0-2000 mOsm\/kg. Mit Autosampler.","og_url":"https:\/\/sysmatec.ch\/de\/Produkt\/mikrovolumen-gefrierpunkt-osmometer-osmo210-copie\/","og_site_name":"Sysmatec","article_modified_time":"2023-04-17T06:15:38+00:00","og_image":[{"width":564,"height":534,"url":"https:\/\/sysmatec.ch\/wp-content\/uploads\/2023\/04\/Osmometre_YASNOsmo210Pro.jpg","type":"image\/jpeg"}],"twitter_card":"summary_large_image","twitter_misc":{"Gesch\u00e4tzte Lesezeit":"2\u00a0Minuten"},"schema":{"@context":"https:\/\/schema.org","@graph":[{"@type":"WebPage","@id":"https:\/\/sysmatec.ch\/de\/Produkt\/mikrovolumen-gefrierpunkt-osmometer-osmo210-copie\/","url":"https:\/\/sysmatec.ch\/de\/Produkt\/mikrovolumen-gefrierpunkt-osmometer-osmo210-copie\/","name":"Mikrovolumen-Gefrierpunkt-Osmometer Osmo210Pro - Sysmatec","isPartOf":{"@id":"https:\/\/sysmatec.ch\/de\/#website"},"primaryImageOfPage":{"@id":"https:\/\/sysmatec.ch\/de\/Produkt\/mikrovolumen-gefrierpunkt-osmometer-osmo210-copie\/#primaryimage"},"image":{"@id":"https:\/\/sysmatec.ch\/de\/Produkt\/mikrovolumen-gefrierpunkt-osmometer-osmo210-copie\/#primaryimage"},"thumbnailUrl":"https:\/\/sysmatec.ch\/wp-content\/uploads\/2023\/04\/Osmometre_YASNOsmo210Pro.jpg","datePublished":"2023-04-15T09:21:01+00:00","dateModified":"2023-04-17T06:15:38+00:00","description":"Gefrierpunktosmometer f\u00fcr kleinvolumige Proben von 30 bis 50 \u00b5L. Messbereich 0-2000 mOsm\/kg. Mit Autosampler.","breadcrumb":{"@id":"https:\/\/sysmatec.ch\/de\/Produkt\/mikrovolumen-gefrierpunkt-osmometer-osmo210-copie\/#breadcrumb"},"inLanguage":"de","potentialAction":[{"@type":"ReadAction","target":["https:\/\/sysmatec.ch\/de\/Produkt\/mikrovolumen-gefrierpunkt-osmometer-osmo210-copie\/"]}]},{"@type":"ImageObject","inLanguage":"de","@id":"https:\/\/sysmatec.ch\/de\/Produkt\/mikrovolumen-gefrierpunkt-osmometer-osmo210-copie\/#primaryimage","url":"https:\/\/sysmatec.ch\/wp-content\/uploads\/2023\/04\/Osmometre_YASNOsmo210Pro.jpg","contentUrl":"https:\/\/sysmatec.ch\/wp-content\/uploads\/2023\/04\/Osmometre_YASNOsmo210Pro.jpg","width":564,"height":534},{"@type":"BreadcrumbList","@id":"https:\/\/sysmatec.ch\/de\/Produkt\/mikrovolumen-gefrierpunkt-osmometer-osmo210-copie\/#breadcrumb","itemListElement":[{"@type":"ListItem","position":1,"name":"Accueil","item":"https:\/\/sysmatec.ch\/de\/"},{"@type":"ListItem","position":2,"name":"Die Aktivit\u00e4t von Sysmatec","item":"https:\/\/sysmatec.ch\/de\/"},{"@type":"ListItem","position":3,"name":"Mikrovolumen-Gefrierpunkt-Osmometer Osmo210Pro"}]},{"@type":"WebSite","@id":"https:\/\/sysmatec.ch\/de\/#website","url":"https:\/\/sysmatec.ch\/de\/","name":"Sysmatec","description":"Equipement de laboratoire et logiciels","publisher":{"@id":"https:\/\/sysmatec.ch\/de\/#organization"},"potentialAction":[{"@type":"SearchAction","target":{"@type":"EntryPoint","urlTemplate":"https:\/\/sysmatec.ch\/de\/?s={search_term_string}"},"query-input":{"@type":"PropertyValueSpecification","valueRequired":true,"valueName":"search_term_string"}}],"inLanguage":"de"},{"@type":"Organization","@id":"https:\/\/sysmatec.ch\/de\/#organization","name":"Sysmatec","url":"https:\/\/sysmatec.ch\/de\/","logo":{"@type":"ImageObject","inLanguage":"de","@id":"https:\/\/sysmatec.ch\/de\/#\/schema\/logo\/image\/","url":"https:\/\/sysmatec.ch\/wp-content\/uploads\/2018\/11\/LogoSysmatec.jpg","contentUrl":"https:\/\/sysmatec.ch\/wp-content\/uploads\/2018\/11\/LogoSysmatec.jpg","width":301,"height":297,"caption":"Sysmatec"},"image":{"@id":"https:\/\/sysmatec.ch\/de\/#\/schema\/logo\/image\/"}}]}},"_links":{"self":[{"href":"https:\/\/sysmatec.ch\/de\/wp-json\/wp\/v2\/product\/28538","targetHints":{"allow":["GET"]}}],"collection":[{"href":"https:\/\/sysmatec.ch\/de\/wp-json\/wp\/v2\/product"}],"about":[{"href":"https:\/\/sysmatec.ch\/de\/wp-json\/wp\/v2\/types\/product"}],"wp:featuredmedia":[{"embeddable":true,"href":"https:\/\/sysmatec.ch\/de\/wp-json\/wp\/v2\/media\/28542"}],"wp:attachment":[{"href":"https:\/\/sysmatec.ch\/de\/wp-json\/wp\/v2\/media?parent=28538"}],"wp:term":[{"taxonomy":"product_brand","embeddable":true,"href":"https:\/\/sysmatec.ch\/de\/wp-json\/wp\/v2\/product_brand?post=28538"},{"taxonomy":"product_cat","embeddable":true,"href":"https:\/\/sysmatec.ch\/de\/wp-json\/wp\/v2\/product_cat?post=28538"},{"taxonomy":"product_tag","embeddable":true,"href":"https:\/\/sysmatec.ch\/de\/wp-json\/wp\/v2\/product_tag?post=28538"}],"curies":[{"name":"wp","href":"https:\/\/api.w.org\/{rel}","templated":true}]}}