{"id":28532,"date":"2023-04-15T10:24:11","date_gmt":"2023-04-15T08:24:11","guid":{"rendered":"https:\/\/sysmatec.ch\/?post_type=product&#038;p=28532"},"modified":"2023-04-15T10:41:55","modified_gmt":"2023-04-15T08:41:55","slug":"handschuhbox-fuer-vakuum-typ-06593","status":"publish","type":"product","link":"https:\/\/sysmatec.ch\/de\/Produkt\/handschuhbox-fuer-vakuum-typ-06593\/","title":{"rendered":"Handschuhbox f\u00fcr Vakuum Typ 06593"},"content":{"rendered":"<p>Dieses kompakte Handschuhbox hat 2 F\u00e4cher f\u00fcr Handschuhe und eine Luftschleuse.<\/p>\n<ul>\n<li>Hauptk\u00f6rper: Acryl (transparent)<\/li>\n<li>Manometer: 1 Stk.<\/li>\n<li>2 St\u00fcck Vakuumventil<\/li>\n<li>Handschuhe: 1 Paar<\/li>\n<li>Luftschleuse: Acryl (transparent), 1 St\u00fcck Vakuummeter, 2 St\u00fcck Vakuumventil<\/li>\n<li>Vakuumventil: R1\/4 D\u00fcse<\/li>\n<\/ul>\n","protected":false},"excerpt":{"rendered":"<p>Handschuhbox f\u00fcr Vakuum mit Schleuse.<\/p>\n","protected":false},"featured_media":28536,"template":"","meta":{"_crdt_document":""},"product_brand":[],"product_cat":[141],"product_tag":[],"class_list":{"0":"post-28532","1":"product","2":"type-product","3":"status-publish","4":"has-post-thumbnail","6":"product_cat-handschuhebox","8":"first","9":"instock","10":"taxable","11":"shipping-taxable","12":"product-type-simple"},"yoast_head":"<!-- This site is optimized with the Yoast SEO plugin v27.3 - https:\/\/yoast.com\/product\/yoast-seo-wordpress\/ -->\n<title>Handschuhbox f\u00fcr Vakuum Typ 06593 - Sysmatec<\/title>\n<meta name=\"description\" content=\"Handschuhbox f\u00fcr Vakuum mit Luftschleuse. Es hat 2 Schlitze f\u00fcr Handschuhe. Die Luftschleuse hat eine Au\u00dfent\u00fcr und eine Innent\u00fcr.\" \/>\n<meta name=\"robots\" content=\"index, follow, max-snippet:-1, max-image-preview:large, max-video-preview:-1\" \/>\n<link rel=\"canonical\" href=\"https:\/\/sysmatec.ch\/de\/Produkt\/handschuhbox-fuer-vakuum-typ-06593\/\" \/>\n<meta property=\"og:locale\" content=\"de_DE\" \/>\n<meta property=\"og:type\" content=\"article\" \/>\n<meta property=\"og:title\" content=\"Handschuhbox f\u00fcr Vakuum Typ 06593 - Sysmatec\" \/>\n<meta property=\"og:description\" content=\"Handschuhbox f\u00fcr Vakuum mit Luftschleuse. Es hat 2 Schlitze f\u00fcr Handschuhe. Die Luftschleuse hat eine Au\u00dfent\u00fcr und eine Innent\u00fcr.\" \/>\n<meta property=\"og:url\" content=\"https:\/\/sysmatec.ch\/de\/Produkt\/handschuhbox-fuer-vakuum-typ-06593\/\" \/>\n<meta property=\"og:site_name\" content=\"Sysmatec\" \/>\n<meta property=\"article:modified_time\" content=\"2023-04-15T08:41:55+00:00\" \/>\n<meta property=\"og:image\" content=\"https:\/\/sysmatec.ch\/wp-content\/uploads\/2023\/04\/Boite-a-gants_Munro06593.jpg\" \/>\n\t<meta property=\"og:image:width\" content=\"695\" \/>\n\t<meta property=\"og:image:height\" content=\"528\" \/>\n\t<meta property=\"og:image:type\" content=\"image\/jpeg\" \/>\n<meta name=\"twitter:card\" content=\"summary_large_image\" \/>\n<meta name=\"twitter:label1\" content=\"Gesch\u00e4tzte Lesezeit\" \/>\n\t<meta name=\"twitter:data1\" content=\"1\u00a0Minute\" \/>\n<script type=\"application\/ld+json\" class=\"yoast-schema-graph\">{\"@context\":\"https:\\\/\\\/schema.org\",\"@graph\":[{\"@type\":\"WebPage\",\"@id\":\"https:\\\/\\\/sysmatec.ch\\\/de\\\/Produkt\\\/handschuhbox-fuer-vakuum-typ-06593\\\/\",\"url\":\"https:\\\/\\\/sysmatec.ch\\\/de\\\/Produkt\\\/handschuhbox-fuer-vakuum-typ-06593\\\/\",\"name\":\"Handschuhbox f\u00fcr Vakuum Typ 06593 - Sysmatec\",\"isPartOf\":{\"@id\":\"https:\\\/\\\/sysmatec.ch\\\/de\\\/#website\"},\"primaryImageOfPage\":{\"@id\":\"https:\\\/\\\/sysmatec.ch\\\/de\\\/Produkt\\\/handschuhbox-fuer-vakuum-typ-06593\\\/#primaryimage\"},\"image\":{\"@id\":\"https:\\\/\\\/sysmatec.ch\\\/de\\\/Produkt\\\/handschuhbox-fuer-vakuum-typ-06593\\\/#primaryimage\"},\"thumbnailUrl\":\"https:\\\/\\\/sysmatec.ch\\\/wp-content\\\/uploads\\\/2023\\\/04\\\/Boite-a-gants_Munro06593.jpg\",\"datePublished\":\"2023-04-15T08:24:11+00:00\",\"dateModified\":\"2023-04-15T08:41:55+00:00\",\"description\":\"Handschuhbox f\u00fcr Vakuum mit Luftschleuse. Es hat 2 Schlitze f\u00fcr Handschuhe. Die Luftschleuse hat eine Au\u00dfent\u00fcr und eine Innent\u00fcr.\",\"breadcrumb\":{\"@id\":\"https:\\\/\\\/sysmatec.ch\\\/de\\\/Produkt\\\/handschuhbox-fuer-vakuum-typ-06593\\\/#breadcrumb\"},\"inLanguage\":\"de\",\"potentialAction\":[{\"@type\":\"ReadAction\",\"target\":[\"https:\\\/\\\/sysmatec.ch\\\/de\\\/Produkt\\\/handschuhbox-fuer-vakuum-typ-06593\\\/\"]}]},{\"@type\":\"ImageObject\",\"inLanguage\":\"de\",\"@id\":\"https:\\\/\\\/sysmatec.ch\\\/de\\\/Produkt\\\/handschuhbox-fuer-vakuum-typ-06593\\\/#primaryimage\",\"url\":\"https:\\\/\\\/sysmatec.ch\\\/wp-content\\\/uploads\\\/2023\\\/04\\\/Boite-a-gants_Munro06593.jpg\",\"contentUrl\":\"https:\\\/\\\/sysmatec.ch\\\/wp-content\\\/uploads\\\/2023\\\/04\\\/Boite-a-gants_Munro06593.jpg\",\"width\":695,\"height\":528},{\"@type\":\"BreadcrumbList\",\"@id\":\"https:\\\/\\\/sysmatec.ch\\\/de\\\/Produkt\\\/handschuhbox-fuer-vakuum-typ-06593\\\/#breadcrumb\",\"itemListElement\":[{\"@type\":\"ListItem\",\"position\":1,\"name\":\"Accueil\",\"item\":\"https:\\\/\\\/sysmatec.ch\\\/de\\\/\"},{\"@type\":\"ListItem\",\"position\":2,\"name\":\"Die Aktivit\u00e4t von Sysmatec\",\"item\":\"https:\\\/\\\/sysmatec.ch\\\/de\\\/\"},{\"@type\":\"ListItem\",\"position\":3,\"name\":\"Handschuhbox f\u00fcr Vakuum Typ 06593\"}]},{\"@type\":\"WebSite\",\"@id\":\"https:\\\/\\\/sysmatec.ch\\\/de\\\/#website\",\"url\":\"https:\\\/\\\/sysmatec.ch\\\/de\\\/\",\"name\":\"Sysmatec\",\"description\":\"Equipement de laboratoire et logiciels\",\"publisher\":{\"@id\":\"https:\\\/\\\/sysmatec.ch\\\/de\\\/#organization\"},\"potentialAction\":[{\"@type\":\"SearchAction\",\"target\":{\"@type\":\"EntryPoint\",\"urlTemplate\":\"https:\\\/\\\/sysmatec.ch\\\/de\\\/?s={search_term_string}\"},\"query-input\":{\"@type\":\"PropertyValueSpecification\",\"valueRequired\":true,\"valueName\":\"search_term_string\"}}],\"inLanguage\":\"de\"},{\"@type\":\"Organization\",\"@id\":\"https:\\\/\\\/sysmatec.ch\\\/de\\\/#organization\",\"name\":\"Sysmatec\",\"url\":\"https:\\\/\\\/sysmatec.ch\\\/de\\\/\",\"logo\":{\"@type\":\"ImageObject\",\"inLanguage\":\"de\",\"@id\":\"https:\\\/\\\/sysmatec.ch\\\/de\\\/#\\\/schema\\\/logo\\\/image\\\/\",\"url\":\"https:\\\/\\\/sysmatec.ch\\\/wp-content\\\/uploads\\\/2018\\\/11\\\/LogoSysmatec.jpg\",\"contentUrl\":\"https:\\\/\\\/sysmatec.ch\\\/wp-content\\\/uploads\\\/2018\\\/11\\\/LogoSysmatec.jpg\",\"width\":301,\"height\":297,\"caption\":\"Sysmatec\"},\"image\":{\"@id\":\"https:\\\/\\\/sysmatec.ch\\\/de\\\/#\\\/schema\\\/logo\\\/image\\\/\"}}]}<\/script>\n<!-- \/ Yoast SEO plugin. -->","yoast_head_json":{"title":"Handschuhbox f\u00fcr Vakuum Typ 06593 - Sysmatec","description":"Handschuhbox f\u00fcr Vakuum mit Luftschleuse. Es hat 2 Schlitze f\u00fcr Handschuhe. Die Luftschleuse hat eine Au\u00dfent\u00fcr und eine Innent\u00fcr.","robots":{"index":"index","follow":"follow","max-snippet":"max-snippet:-1","max-image-preview":"max-image-preview:large","max-video-preview":"max-video-preview:-1"},"canonical":"https:\/\/sysmatec.ch\/de\/Produkt\/handschuhbox-fuer-vakuum-typ-06593\/","og_locale":"de_DE","og_type":"article","og_title":"Handschuhbox f\u00fcr Vakuum Typ 06593 - Sysmatec","og_description":"Handschuhbox f\u00fcr Vakuum mit Luftschleuse. Es hat 2 Schlitze f\u00fcr Handschuhe. Die Luftschleuse hat eine Au\u00dfent\u00fcr und eine Innent\u00fcr.","og_url":"https:\/\/sysmatec.ch\/de\/Produkt\/handschuhbox-fuer-vakuum-typ-06593\/","og_site_name":"Sysmatec","article_modified_time":"2023-04-15T08:41:55+00:00","og_image":[{"width":695,"height":528,"url":"https:\/\/sysmatec.ch\/wp-content\/uploads\/2023\/04\/Boite-a-gants_Munro06593.jpg","type":"image\/jpeg"}],"twitter_card":"summary_large_image","twitter_misc":{"Gesch\u00e4tzte Lesezeit":"1\u00a0Minute"},"schema":{"@context":"https:\/\/schema.org","@graph":[{"@type":"WebPage","@id":"https:\/\/sysmatec.ch\/de\/Produkt\/handschuhbox-fuer-vakuum-typ-06593\/","url":"https:\/\/sysmatec.ch\/de\/Produkt\/handschuhbox-fuer-vakuum-typ-06593\/","name":"Handschuhbox f\u00fcr Vakuum Typ 06593 - Sysmatec","isPartOf":{"@id":"https:\/\/sysmatec.ch\/de\/#website"},"primaryImageOfPage":{"@id":"https:\/\/sysmatec.ch\/de\/Produkt\/handschuhbox-fuer-vakuum-typ-06593\/#primaryimage"},"image":{"@id":"https:\/\/sysmatec.ch\/de\/Produkt\/handschuhbox-fuer-vakuum-typ-06593\/#primaryimage"},"thumbnailUrl":"https:\/\/sysmatec.ch\/wp-content\/uploads\/2023\/04\/Boite-a-gants_Munro06593.jpg","datePublished":"2023-04-15T08:24:11+00:00","dateModified":"2023-04-15T08:41:55+00:00","description":"Handschuhbox f\u00fcr Vakuum mit Luftschleuse. Es hat 2 Schlitze f\u00fcr Handschuhe. Die Luftschleuse hat eine Au\u00dfent\u00fcr und eine Innent\u00fcr.","breadcrumb":{"@id":"https:\/\/sysmatec.ch\/de\/Produkt\/handschuhbox-fuer-vakuum-typ-06593\/#breadcrumb"},"inLanguage":"de","potentialAction":[{"@type":"ReadAction","target":["https:\/\/sysmatec.ch\/de\/Produkt\/handschuhbox-fuer-vakuum-typ-06593\/"]}]},{"@type":"ImageObject","inLanguage":"de","@id":"https:\/\/sysmatec.ch\/de\/Produkt\/handschuhbox-fuer-vakuum-typ-06593\/#primaryimage","url":"https:\/\/sysmatec.ch\/wp-content\/uploads\/2023\/04\/Boite-a-gants_Munro06593.jpg","contentUrl":"https:\/\/sysmatec.ch\/wp-content\/uploads\/2023\/04\/Boite-a-gants_Munro06593.jpg","width":695,"height":528},{"@type":"BreadcrumbList","@id":"https:\/\/sysmatec.ch\/de\/Produkt\/handschuhbox-fuer-vakuum-typ-06593\/#breadcrumb","itemListElement":[{"@type":"ListItem","position":1,"name":"Accueil","item":"https:\/\/sysmatec.ch\/de\/"},{"@type":"ListItem","position":2,"name":"Die Aktivit\u00e4t von Sysmatec","item":"https:\/\/sysmatec.ch\/de\/"},{"@type":"ListItem","position":3,"name":"Handschuhbox f\u00fcr Vakuum Typ 06593"}]},{"@type":"WebSite","@id":"https:\/\/sysmatec.ch\/de\/#website","url":"https:\/\/sysmatec.ch\/de\/","name":"Sysmatec","description":"Equipement de laboratoire et logiciels","publisher":{"@id":"https:\/\/sysmatec.ch\/de\/#organization"},"potentialAction":[{"@type":"SearchAction","target":{"@type":"EntryPoint","urlTemplate":"https:\/\/sysmatec.ch\/de\/?s={search_term_string}"},"query-input":{"@type":"PropertyValueSpecification","valueRequired":true,"valueName":"search_term_string"}}],"inLanguage":"de"},{"@type":"Organization","@id":"https:\/\/sysmatec.ch\/de\/#organization","name":"Sysmatec","url":"https:\/\/sysmatec.ch\/de\/","logo":{"@type":"ImageObject","inLanguage":"de","@id":"https:\/\/sysmatec.ch\/de\/#\/schema\/logo\/image\/","url":"https:\/\/sysmatec.ch\/wp-content\/uploads\/2018\/11\/LogoSysmatec.jpg","contentUrl":"https:\/\/sysmatec.ch\/wp-content\/uploads\/2018\/11\/LogoSysmatec.jpg","width":301,"height":297,"caption":"Sysmatec"},"image":{"@id":"https:\/\/sysmatec.ch\/de\/#\/schema\/logo\/image\/"}}]}},"_links":{"self":[{"href":"https:\/\/sysmatec.ch\/de\/wp-json\/wp\/v2\/product\/28532","targetHints":{"allow":["GET"]}}],"collection":[{"href":"https:\/\/sysmatec.ch\/de\/wp-json\/wp\/v2\/product"}],"about":[{"href":"https:\/\/sysmatec.ch\/de\/wp-json\/wp\/v2\/types\/product"}],"wp:featuredmedia":[{"embeddable":true,"href":"https:\/\/sysmatec.ch\/de\/wp-json\/wp\/v2\/media\/28536"}],"wp:attachment":[{"href":"https:\/\/sysmatec.ch\/de\/wp-json\/wp\/v2\/media?parent=28532"}],"wp:term":[{"taxonomy":"product_brand","embeddable":true,"href":"https:\/\/sysmatec.ch\/de\/wp-json\/wp\/v2\/product_brand?post=28532"},{"taxonomy":"product_cat","embeddable":true,"href":"https:\/\/sysmatec.ch\/de\/wp-json\/wp\/v2\/product_cat?post=28532"},{"taxonomy":"product_tag","embeddable":true,"href":"https:\/\/sysmatec.ch\/de\/wp-json\/wp\/v2\/product_tag?post=28532"}],"curies":[{"name":"wp","href":"https:\/\/api.w.org\/{rel}","templated":true}]}}