{"id":28526,"date":"2023-04-15T09:44:25","date_gmt":"2023-04-15T07:44:25","guid":{"rendered":"https:\/\/sysmatec.ch\/?post_type=product&#038;p=28526"},"modified":"2023-04-15T10:15:36","modified_gmt":"2023-04-15T08:15:36","slug":"handschuhbox-fuer-vakuum-typ-06904","status":"publish","type":"product","link":"https:\/\/sysmatec.ch\/de\/Produkt\/handschuhbox-fuer-vakuum-typ-06904\/","title":{"rendered":"Handschuhbox f\u00fcr Vakuum Typ 06904"},"content":{"rendered":"<p>Dieses Handschuhbox bietet die M\u00f6glichkeit, die gesamte T\u00fcr auf der linken Seite des Hauptgeh\u00e4uses abzunehmen, sodass gro\u00dfe Ger\u00e4te einfach hineingelegt oder herausgenommen werden k\u00f6nnen.<br \/>\nEinfacher Gassp\u00fclbetrieb \u00fcber Tasten zum Starten oder Stoppen von Vakuumpumpe, Abgas und Gaszufuhr.<\/p>\n<ul>\n<li>Gr\u00f6\u00dfe der vorderen \u00d6ffnung: 250 mm x 500 mm<\/li>\n<li>Ventil an Grundk\u00f6rper und Luftschleuse: je 1 St\u00fcck, D\u00fcsendurchmesser \u03c6 9mm<\/li>\n<li>Handschuhe: 1 Satz<\/li>\n<li>Au\u00dfenma\u00dfe Hauptk\u00f6rper (mm): 1349 B \u00d7 698 T \u00d7 780 H<\/li>\n<li>Innenma\u00dfe des Hauptk\u00f6rpers (mm): 834 B \u00d7 270 T (oben) \/ 430 T (unten) \u00d7 560 H<\/li>\n<li>Luftschleusenabmessungen (mm): 310 B x 200 T x 200 H<\/li>\n<li>Gewicht: 145 kg<\/li>\n<\/ul>\n","protected":false},"excerpt":{"rendered":"<p>Handschuhbox f\u00fcr Vakuum mit Schleuse.<\/p>\n","protected":false},"featured_media":28529,"template":"","meta":{"_crdt_document":""},"product_brand":[],"product_cat":[141],"product_tag":[],"class_list":{"0":"post-28526","1":"product","2":"type-product","3":"status-publish","4":"has-post-thumbnail","6":"product_cat-handschuhebox","8":"first","9":"instock","10":"taxable","11":"shipping-taxable","12":"product-type-simple"},"yoast_head":"<!-- This site is optimized with the Yoast SEO plugin v27.3 - https:\/\/yoast.com\/product\/yoast-seo-wordpress\/ -->\n<title>Handschuhbox f\u00fcr Vakuum Typ 06904 - Sysmatec<\/title>\n<meta name=\"description\" content=\"Handschuhbox f\u00fcr Vakuum mit Luftschleuse. Es hat 2 Schlitze f\u00fcr Handschuhe. Die Luftschleuse hat eine Au\u00dfent\u00fcr und eine Innent\u00fcr.\" \/>\n<meta name=\"robots\" content=\"index, follow, max-snippet:-1, max-image-preview:large, max-video-preview:-1\" \/>\n<link rel=\"canonical\" href=\"https:\/\/sysmatec.ch\/de\/Produkt\/handschuhbox-fuer-vakuum-typ-06904\/\" \/>\n<meta property=\"og:locale\" content=\"de_DE\" \/>\n<meta property=\"og:type\" content=\"article\" \/>\n<meta property=\"og:title\" content=\"Handschuhbox f\u00fcr Vakuum Typ 06904 - Sysmatec\" \/>\n<meta property=\"og:description\" content=\"Handschuhbox f\u00fcr Vakuum mit Luftschleuse. Es hat 2 Schlitze f\u00fcr Handschuhe. Die Luftschleuse hat eine Au\u00dfent\u00fcr und eine Innent\u00fcr.\" \/>\n<meta property=\"og:url\" content=\"https:\/\/sysmatec.ch\/de\/Produkt\/handschuhbox-fuer-vakuum-typ-06904\/\" \/>\n<meta property=\"og:site_name\" content=\"Sysmatec\" \/>\n<meta property=\"article:modified_time\" content=\"2023-04-15T08:15:36+00:00\" \/>\n<meta property=\"og:image\" content=\"https:\/\/sysmatec.ch\/wp-content\/uploads\/2023\/04\/Boite-a-gants_Munro06904.jpg\" \/>\n\t<meta property=\"og:image:width\" content=\"695\" \/>\n\t<meta property=\"og:image:height\" content=\"528\" \/>\n\t<meta property=\"og:image:type\" content=\"image\/jpeg\" \/>\n<meta name=\"twitter:card\" content=\"summary_large_image\" \/>\n<meta name=\"twitter:label1\" content=\"Gesch\u00e4tzte Lesezeit\" \/>\n\t<meta name=\"twitter:data1\" content=\"1\u00a0Minute\" \/>\n<script type=\"application\/ld+json\" class=\"yoast-schema-graph\">{\"@context\":\"https:\\\/\\\/schema.org\",\"@graph\":[{\"@type\":\"WebPage\",\"@id\":\"https:\\\/\\\/sysmatec.ch\\\/de\\\/Produkt\\\/handschuhbox-fuer-vakuum-typ-06904\\\/\",\"url\":\"https:\\\/\\\/sysmatec.ch\\\/de\\\/Produkt\\\/handschuhbox-fuer-vakuum-typ-06904\\\/\",\"name\":\"Handschuhbox f\u00fcr Vakuum Typ 06904 - Sysmatec\",\"isPartOf\":{\"@id\":\"https:\\\/\\\/sysmatec.ch\\\/de\\\/#website\"},\"primaryImageOfPage\":{\"@id\":\"https:\\\/\\\/sysmatec.ch\\\/de\\\/Produkt\\\/handschuhbox-fuer-vakuum-typ-06904\\\/#primaryimage\"},\"image\":{\"@id\":\"https:\\\/\\\/sysmatec.ch\\\/de\\\/Produkt\\\/handschuhbox-fuer-vakuum-typ-06904\\\/#primaryimage\"},\"thumbnailUrl\":\"https:\\\/\\\/sysmatec.ch\\\/wp-content\\\/uploads\\\/2023\\\/04\\\/Boite-a-gants_Munro06904.jpg\",\"datePublished\":\"2023-04-15T07:44:25+00:00\",\"dateModified\":\"2023-04-15T08:15:36+00:00\",\"description\":\"Handschuhbox f\u00fcr Vakuum mit Luftschleuse. Es hat 2 Schlitze f\u00fcr Handschuhe. Die Luftschleuse hat eine Au\u00dfent\u00fcr und eine Innent\u00fcr.\",\"breadcrumb\":{\"@id\":\"https:\\\/\\\/sysmatec.ch\\\/de\\\/Produkt\\\/handschuhbox-fuer-vakuum-typ-06904\\\/#breadcrumb\"},\"inLanguage\":\"de\",\"potentialAction\":[{\"@type\":\"ReadAction\",\"target\":[\"https:\\\/\\\/sysmatec.ch\\\/de\\\/Produkt\\\/handschuhbox-fuer-vakuum-typ-06904\\\/\"]}]},{\"@type\":\"ImageObject\",\"inLanguage\":\"de\",\"@id\":\"https:\\\/\\\/sysmatec.ch\\\/de\\\/Produkt\\\/handschuhbox-fuer-vakuum-typ-06904\\\/#primaryimage\",\"url\":\"https:\\\/\\\/sysmatec.ch\\\/wp-content\\\/uploads\\\/2023\\\/04\\\/Boite-a-gants_Munro06904.jpg\",\"contentUrl\":\"https:\\\/\\\/sysmatec.ch\\\/wp-content\\\/uploads\\\/2023\\\/04\\\/Boite-a-gants_Munro06904.jpg\",\"width\":695,\"height\":528},{\"@type\":\"BreadcrumbList\",\"@id\":\"https:\\\/\\\/sysmatec.ch\\\/de\\\/Produkt\\\/handschuhbox-fuer-vakuum-typ-06904\\\/#breadcrumb\",\"itemListElement\":[{\"@type\":\"ListItem\",\"position\":1,\"name\":\"Accueil\",\"item\":\"https:\\\/\\\/sysmatec.ch\\\/de\\\/\"},{\"@type\":\"ListItem\",\"position\":2,\"name\":\"Die Aktivit\u00e4t von Sysmatec\",\"item\":\"https:\\\/\\\/sysmatec.ch\\\/de\\\/\"},{\"@type\":\"ListItem\",\"position\":3,\"name\":\"Handschuhbox f\u00fcr Vakuum Typ 06904\"}]},{\"@type\":\"WebSite\",\"@id\":\"https:\\\/\\\/sysmatec.ch\\\/de\\\/#website\",\"url\":\"https:\\\/\\\/sysmatec.ch\\\/de\\\/\",\"name\":\"Sysmatec\",\"description\":\"Equipement de laboratoire et logiciels\",\"publisher\":{\"@id\":\"https:\\\/\\\/sysmatec.ch\\\/de\\\/#organization\"},\"potentialAction\":[{\"@type\":\"SearchAction\",\"target\":{\"@type\":\"EntryPoint\",\"urlTemplate\":\"https:\\\/\\\/sysmatec.ch\\\/de\\\/?s={search_term_string}\"},\"query-input\":{\"@type\":\"PropertyValueSpecification\",\"valueRequired\":true,\"valueName\":\"search_term_string\"}}],\"inLanguage\":\"de\"},{\"@type\":\"Organization\",\"@id\":\"https:\\\/\\\/sysmatec.ch\\\/de\\\/#organization\",\"name\":\"Sysmatec\",\"url\":\"https:\\\/\\\/sysmatec.ch\\\/de\\\/\",\"logo\":{\"@type\":\"ImageObject\",\"inLanguage\":\"de\",\"@id\":\"https:\\\/\\\/sysmatec.ch\\\/de\\\/#\\\/schema\\\/logo\\\/image\\\/\",\"url\":\"https:\\\/\\\/sysmatec.ch\\\/wp-content\\\/uploads\\\/2018\\\/11\\\/LogoSysmatec.jpg\",\"contentUrl\":\"https:\\\/\\\/sysmatec.ch\\\/wp-content\\\/uploads\\\/2018\\\/11\\\/LogoSysmatec.jpg\",\"width\":301,\"height\":297,\"caption\":\"Sysmatec\"},\"image\":{\"@id\":\"https:\\\/\\\/sysmatec.ch\\\/de\\\/#\\\/schema\\\/logo\\\/image\\\/\"}}]}<\/script>\n<!-- \/ Yoast SEO plugin. -->","yoast_head_json":{"title":"Handschuhbox f\u00fcr Vakuum Typ 06904 - Sysmatec","description":"Handschuhbox f\u00fcr Vakuum mit Luftschleuse. Es hat 2 Schlitze f\u00fcr Handschuhe. Die Luftschleuse hat eine Au\u00dfent\u00fcr und eine Innent\u00fcr.","robots":{"index":"index","follow":"follow","max-snippet":"max-snippet:-1","max-image-preview":"max-image-preview:large","max-video-preview":"max-video-preview:-1"},"canonical":"https:\/\/sysmatec.ch\/de\/Produkt\/handschuhbox-fuer-vakuum-typ-06904\/","og_locale":"de_DE","og_type":"article","og_title":"Handschuhbox f\u00fcr Vakuum Typ 06904 - Sysmatec","og_description":"Handschuhbox f\u00fcr Vakuum mit Luftschleuse. Es hat 2 Schlitze f\u00fcr Handschuhe. Die Luftschleuse hat eine Au\u00dfent\u00fcr und eine Innent\u00fcr.","og_url":"https:\/\/sysmatec.ch\/de\/Produkt\/handschuhbox-fuer-vakuum-typ-06904\/","og_site_name":"Sysmatec","article_modified_time":"2023-04-15T08:15:36+00:00","og_image":[{"width":695,"height":528,"url":"https:\/\/sysmatec.ch\/wp-content\/uploads\/2023\/04\/Boite-a-gants_Munro06904.jpg","type":"image\/jpeg"}],"twitter_card":"summary_large_image","twitter_misc":{"Gesch\u00e4tzte Lesezeit":"1\u00a0Minute"},"schema":{"@context":"https:\/\/schema.org","@graph":[{"@type":"WebPage","@id":"https:\/\/sysmatec.ch\/de\/Produkt\/handschuhbox-fuer-vakuum-typ-06904\/","url":"https:\/\/sysmatec.ch\/de\/Produkt\/handschuhbox-fuer-vakuum-typ-06904\/","name":"Handschuhbox f\u00fcr Vakuum Typ 06904 - Sysmatec","isPartOf":{"@id":"https:\/\/sysmatec.ch\/de\/#website"},"primaryImageOfPage":{"@id":"https:\/\/sysmatec.ch\/de\/Produkt\/handschuhbox-fuer-vakuum-typ-06904\/#primaryimage"},"image":{"@id":"https:\/\/sysmatec.ch\/de\/Produkt\/handschuhbox-fuer-vakuum-typ-06904\/#primaryimage"},"thumbnailUrl":"https:\/\/sysmatec.ch\/wp-content\/uploads\/2023\/04\/Boite-a-gants_Munro06904.jpg","datePublished":"2023-04-15T07:44:25+00:00","dateModified":"2023-04-15T08:15:36+00:00","description":"Handschuhbox f\u00fcr Vakuum mit Luftschleuse. Es hat 2 Schlitze f\u00fcr Handschuhe. Die Luftschleuse hat eine Au\u00dfent\u00fcr und eine Innent\u00fcr.","breadcrumb":{"@id":"https:\/\/sysmatec.ch\/de\/Produkt\/handschuhbox-fuer-vakuum-typ-06904\/#breadcrumb"},"inLanguage":"de","potentialAction":[{"@type":"ReadAction","target":["https:\/\/sysmatec.ch\/de\/Produkt\/handschuhbox-fuer-vakuum-typ-06904\/"]}]},{"@type":"ImageObject","inLanguage":"de","@id":"https:\/\/sysmatec.ch\/de\/Produkt\/handschuhbox-fuer-vakuum-typ-06904\/#primaryimage","url":"https:\/\/sysmatec.ch\/wp-content\/uploads\/2023\/04\/Boite-a-gants_Munro06904.jpg","contentUrl":"https:\/\/sysmatec.ch\/wp-content\/uploads\/2023\/04\/Boite-a-gants_Munro06904.jpg","width":695,"height":528},{"@type":"BreadcrumbList","@id":"https:\/\/sysmatec.ch\/de\/Produkt\/handschuhbox-fuer-vakuum-typ-06904\/#breadcrumb","itemListElement":[{"@type":"ListItem","position":1,"name":"Accueil","item":"https:\/\/sysmatec.ch\/de\/"},{"@type":"ListItem","position":2,"name":"Die Aktivit\u00e4t von Sysmatec","item":"https:\/\/sysmatec.ch\/de\/"},{"@type":"ListItem","position":3,"name":"Handschuhbox f\u00fcr Vakuum Typ 06904"}]},{"@type":"WebSite","@id":"https:\/\/sysmatec.ch\/de\/#website","url":"https:\/\/sysmatec.ch\/de\/","name":"Sysmatec","description":"Equipement de laboratoire et logiciels","publisher":{"@id":"https:\/\/sysmatec.ch\/de\/#organization"},"potentialAction":[{"@type":"SearchAction","target":{"@type":"EntryPoint","urlTemplate":"https:\/\/sysmatec.ch\/de\/?s={search_term_string}"},"query-input":{"@type":"PropertyValueSpecification","valueRequired":true,"valueName":"search_term_string"}}],"inLanguage":"de"},{"@type":"Organization","@id":"https:\/\/sysmatec.ch\/de\/#organization","name":"Sysmatec","url":"https:\/\/sysmatec.ch\/de\/","logo":{"@type":"ImageObject","inLanguage":"de","@id":"https:\/\/sysmatec.ch\/de\/#\/schema\/logo\/image\/","url":"https:\/\/sysmatec.ch\/wp-content\/uploads\/2018\/11\/LogoSysmatec.jpg","contentUrl":"https:\/\/sysmatec.ch\/wp-content\/uploads\/2018\/11\/LogoSysmatec.jpg","width":301,"height":297,"caption":"Sysmatec"},"image":{"@id":"https:\/\/sysmatec.ch\/de\/#\/schema\/logo\/image\/"}}]}},"_links":{"self":[{"href":"https:\/\/sysmatec.ch\/de\/wp-json\/wp\/v2\/product\/28526","targetHints":{"allow":["GET"]}}],"collection":[{"href":"https:\/\/sysmatec.ch\/de\/wp-json\/wp\/v2\/product"}],"about":[{"href":"https:\/\/sysmatec.ch\/de\/wp-json\/wp\/v2\/types\/product"}],"wp:featuredmedia":[{"embeddable":true,"href":"https:\/\/sysmatec.ch\/de\/wp-json\/wp\/v2\/media\/28529"}],"wp:attachment":[{"href":"https:\/\/sysmatec.ch\/de\/wp-json\/wp\/v2\/media?parent=28526"}],"wp:term":[{"taxonomy":"product_brand","embeddable":true,"href":"https:\/\/sysmatec.ch\/de\/wp-json\/wp\/v2\/product_brand?post=28526"},{"taxonomy":"product_cat","embeddable":true,"href":"https:\/\/sysmatec.ch\/de\/wp-json\/wp\/v2\/product_cat?post=28526"},{"taxonomy":"product_tag","embeddable":true,"href":"https:\/\/sysmatec.ch\/de\/wp-json\/wp\/v2\/product_tag?post=28526"}],"curies":[{"name":"wp","href":"https:\/\/api.w.org\/{rel}","templated":true}]}}