{"id":28517,"date":"2023-02-25T10:01:42","date_gmt":"2023-02-25T09:01:42","guid":{"rendered":"https:\/\/sysmatec.ch\/produit\/brushless-servo-motor-mack-basic\/"},"modified":"2023-02-25T10:08:56","modified_gmt":"2023-02-25T09:08:56","slug":"buerstenloser-servomotor-mack-basic","status":"publish","type":"product","link":"https:\/\/sysmatec.ch\/de\/Produkt\/buerstenloser-servomotor-mack-basic\/","title":{"rendered":"B\u00fcrstenloser Servomotor Mack Basic"},"content":{"rendered":"<p>Der Mack Basic Motor\u00a0ist mit absolutem Multiturn-BISS-Encoder-Feedback (Serial Synchronous Interface) erh\u00e4ltlich, das dem Konstrukteur mehr Flexibilit\u00e4t bei der Auswahl des Antriebs erm\u00f6glicht.<\/p>\n<p>Ein sehr robuster, leistungsstarker und ger\u00e4uscharmer Motor f\u00fcr Gleichspannungsversorgungen. Entwickelt und ausgelegt f\u00fcr Achssteuerungsanwendungen bis zu 1,3 Nm. Kompakte Abmessungen und langfristige Zuverl\u00e4ssigkeit.<\/p>\n<ul>\n<li>8 Pole, kein Rasten<\/li>\n<li>B.E.M.F. Sinus<\/li>\n<li>Mittlere Rotortr\u00e4gheit<\/li>\n<li>Sehr geringe Drehmomentschwankung bei minimaler Drehzahl<\/li>\n<li>Singleturn- oder Multiturn-Absolut-Mack\u00ae-Serien-Encoder<\/li>\n<li>Standard-BiSS-Encoder-Feedback<\/li>\n<li>Haltebremse<\/li>\n<li>Schutzart IP54 &amp; IP65<\/li>\n<li>30cm Stichleitung f\u00fcr einfachen Anschluss<\/li>\n<li>Spezielle Flansche und Wellen<\/li>\n<li>H\u00f6chstgeschwindigkeit: 3000 U\/min<\/li>\n<li>Leistung: 50 W bis 400 W, 24 V oder 48 V<\/li>\n<li>Drehmoment: 0,16 bis 1,3 Nm<\/li>\n<\/ul>\n","protected":false},"excerpt":{"rendered":"<p>B\u00fcrstenloser Servomotor f\u00fcr den Bereich von 100-3000 U\/min<\/p>\n","protected":false},"featured_media":28515,"template":"","meta":{"_crdt_document":""},"product_brand":[],"product_cat":[95,87],"product_tag":[],"class_list":{"0":"post-28517","1":"product","2":"type-product","3":"status-publish","4":"has-post-thumbnail","6":"product_cat-motor-de","7":"product_cat-ruehren","9":"first","10":"instock","11":"taxable","12":"shipping-taxable","13":"product-type-simple"},"yoast_head":"<!-- This site is optimized with the Yoast SEO plugin v27.3 - https:\/\/yoast.com\/product\/yoast-seo-wordpress\/ -->\n<title>B\u00fcrstenloser Servomotor Mack Basic - Sysmatec<\/title>\n<meta name=\"description\" content=\"B\u00fcrstenloser Servomotor f\u00fcr den Bereich von 100-3000 U\/min, max. Drehmoment 1,3 Nm\" \/>\n<meta name=\"robots\" content=\"index, follow, max-snippet:-1, max-image-preview:large, max-video-preview:-1\" \/>\n<link rel=\"canonical\" href=\"https:\/\/sysmatec.ch\/de\/Produkt\/buerstenloser-servomotor-mack-basic\/\" \/>\n<meta property=\"og:locale\" content=\"de_DE\" \/>\n<meta property=\"og:type\" content=\"article\" \/>\n<meta property=\"og:title\" content=\"B\u00fcrstenloser Servomotor Mack Basic - Sysmatec\" \/>\n<meta property=\"og:description\" content=\"B\u00fcrstenloser Servomotor f\u00fcr den Bereich von 100-3000 U\/min, max. Drehmoment 1,3 Nm\" \/>\n<meta property=\"og:url\" content=\"https:\/\/sysmatec.ch\/de\/Produkt\/buerstenloser-servomotor-mack-basic\/\" \/>\n<meta property=\"og:site_name\" content=\"Sysmatec\" \/>\n<meta property=\"article:modified_time\" content=\"2023-02-25T09:08:56+00:00\" \/>\n<meta property=\"og:image\" content=\"https:\/\/sysmatec.ch\/wp-content\/uploads\/2023\/02\/MotorMKBM_Axor.png\" \/>\n\t<meta property=\"og:image:width\" content=\"351\" \/>\n\t<meta property=\"og:image:height\" content=\"290\" \/>\n\t<meta property=\"og:image:type\" content=\"image\/png\" \/>\n<meta name=\"twitter:card\" content=\"summary_large_image\" \/>\n<meta name=\"twitter:label1\" content=\"Gesch\u00e4tzte Lesezeit\" \/>\n\t<meta name=\"twitter:data1\" content=\"1\u00a0Minute\" \/>\n<script type=\"application\/ld+json\" class=\"yoast-schema-graph\">{\"@context\":\"https:\\\/\\\/schema.org\",\"@graph\":[{\"@type\":\"WebPage\",\"@id\":\"https:\\\/\\\/sysmatec.ch\\\/de\\\/Produkt\\\/buerstenloser-servomotor-mack-basic\\\/\",\"url\":\"https:\\\/\\\/sysmatec.ch\\\/de\\\/Produkt\\\/buerstenloser-servomotor-mack-basic\\\/\",\"name\":\"B\u00fcrstenloser Servomotor Mack Basic - Sysmatec\",\"isPartOf\":{\"@id\":\"https:\\\/\\\/sysmatec.ch\\\/de\\\/#website\"},\"primaryImageOfPage\":{\"@id\":\"https:\\\/\\\/sysmatec.ch\\\/de\\\/Produkt\\\/buerstenloser-servomotor-mack-basic\\\/#primaryimage\"},\"image\":{\"@id\":\"https:\\\/\\\/sysmatec.ch\\\/de\\\/Produkt\\\/buerstenloser-servomotor-mack-basic\\\/#primaryimage\"},\"thumbnailUrl\":\"https:\\\/\\\/sysmatec.ch\\\/wp-content\\\/uploads\\\/2023\\\/02\\\/MotorMKBM_Axor.png\",\"datePublished\":\"2023-02-25T09:01:42+00:00\",\"dateModified\":\"2023-02-25T09:08:56+00:00\",\"description\":\"B\u00fcrstenloser Servomotor f\u00fcr den Bereich von 100-3000 U\\\/min, max. Drehmoment 1,3 Nm\",\"breadcrumb\":{\"@id\":\"https:\\\/\\\/sysmatec.ch\\\/de\\\/Produkt\\\/buerstenloser-servomotor-mack-basic\\\/#breadcrumb\"},\"inLanguage\":\"de\",\"potentialAction\":[{\"@type\":\"ReadAction\",\"target\":[\"https:\\\/\\\/sysmatec.ch\\\/de\\\/Produkt\\\/buerstenloser-servomotor-mack-basic\\\/\"]}]},{\"@type\":\"ImageObject\",\"inLanguage\":\"de\",\"@id\":\"https:\\\/\\\/sysmatec.ch\\\/de\\\/Produkt\\\/buerstenloser-servomotor-mack-basic\\\/#primaryimage\",\"url\":\"https:\\\/\\\/sysmatec.ch\\\/wp-content\\\/uploads\\\/2023\\\/02\\\/MotorMKBM_Axor.png\",\"contentUrl\":\"https:\\\/\\\/sysmatec.ch\\\/wp-content\\\/uploads\\\/2023\\\/02\\\/MotorMKBM_Axor.png\",\"width\":351,\"height\":290},{\"@type\":\"BreadcrumbList\",\"@id\":\"https:\\\/\\\/sysmatec.ch\\\/de\\\/Produkt\\\/buerstenloser-servomotor-mack-basic\\\/#breadcrumb\",\"itemListElement\":[{\"@type\":\"ListItem\",\"position\":1,\"name\":\"Accueil\",\"item\":\"https:\\\/\\\/sysmatec.ch\\\/de\\\/\"},{\"@type\":\"ListItem\",\"position\":2,\"name\":\"Die Aktivit\u00e4t von Sysmatec\",\"item\":\"https:\\\/\\\/sysmatec.ch\\\/de\\\/\"},{\"@type\":\"ListItem\",\"position\":3,\"name\":\"B\u00fcrstenloser Servomotor Mack Basic\"}]},{\"@type\":\"WebSite\",\"@id\":\"https:\\\/\\\/sysmatec.ch\\\/de\\\/#website\",\"url\":\"https:\\\/\\\/sysmatec.ch\\\/de\\\/\",\"name\":\"Sysmatec\",\"description\":\"Equipement de laboratoire et logiciels\",\"publisher\":{\"@id\":\"https:\\\/\\\/sysmatec.ch\\\/de\\\/#organization\"},\"potentialAction\":[{\"@type\":\"SearchAction\",\"target\":{\"@type\":\"EntryPoint\",\"urlTemplate\":\"https:\\\/\\\/sysmatec.ch\\\/de\\\/?s={search_term_string}\"},\"query-input\":{\"@type\":\"PropertyValueSpecification\",\"valueRequired\":true,\"valueName\":\"search_term_string\"}}],\"inLanguage\":\"de\"},{\"@type\":\"Organization\",\"@id\":\"https:\\\/\\\/sysmatec.ch\\\/de\\\/#organization\",\"name\":\"Sysmatec\",\"url\":\"https:\\\/\\\/sysmatec.ch\\\/de\\\/\",\"logo\":{\"@type\":\"ImageObject\",\"inLanguage\":\"de\",\"@id\":\"https:\\\/\\\/sysmatec.ch\\\/de\\\/#\\\/schema\\\/logo\\\/image\\\/\",\"url\":\"https:\\\/\\\/sysmatec.ch\\\/wp-content\\\/uploads\\\/2018\\\/11\\\/LogoSysmatec.jpg\",\"contentUrl\":\"https:\\\/\\\/sysmatec.ch\\\/wp-content\\\/uploads\\\/2018\\\/11\\\/LogoSysmatec.jpg\",\"width\":301,\"height\":297,\"caption\":\"Sysmatec\"},\"image\":{\"@id\":\"https:\\\/\\\/sysmatec.ch\\\/de\\\/#\\\/schema\\\/logo\\\/image\\\/\"}}]}<\/script>\n<!-- \/ Yoast SEO plugin. -->","yoast_head_json":{"title":"B\u00fcrstenloser Servomotor Mack Basic - Sysmatec","description":"B\u00fcrstenloser Servomotor f\u00fcr den Bereich von 100-3000 U\/min, max. Drehmoment 1,3 Nm","robots":{"index":"index","follow":"follow","max-snippet":"max-snippet:-1","max-image-preview":"max-image-preview:large","max-video-preview":"max-video-preview:-1"},"canonical":"https:\/\/sysmatec.ch\/de\/Produkt\/buerstenloser-servomotor-mack-basic\/","og_locale":"de_DE","og_type":"article","og_title":"B\u00fcrstenloser Servomotor Mack Basic - Sysmatec","og_description":"B\u00fcrstenloser Servomotor f\u00fcr den Bereich von 100-3000 U\/min, max. Drehmoment 1,3 Nm","og_url":"https:\/\/sysmatec.ch\/de\/Produkt\/buerstenloser-servomotor-mack-basic\/","og_site_name":"Sysmatec","article_modified_time":"2023-02-25T09:08:56+00:00","og_image":[{"width":351,"height":290,"url":"https:\/\/sysmatec.ch\/wp-content\/uploads\/2023\/02\/MotorMKBM_Axor.png","type":"image\/png"}],"twitter_card":"summary_large_image","twitter_misc":{"Gesch\u00e4tzte Lesezeit":"1\u00a0Minute"},"schema":{"@context":"https:\/\/schema.org","@graph":[{"@type":"WebPage","@id":"https:\/\/sysmatec.ch\/de\/Produkt\/buerstenloser-servomotor-mack-basic\/","url":"https:\/\/sysmatec.ch\/de\/Produkt\/buerstenloser-servomotor-mack-basic\/","name":"B\u00fcrstenloser Servomotor Mack Basic - Sysmatec","isPartOf":{"@id":"https:\/\/sysmatec.ch\/de\/#website"},"primaryImageOfPage":{"@id":"https:\/\/sysmatec.ch\/de\/Produkt\/buerstenloser-servomotor-mack-basic\/#primaryimage"},"image":{"@id":"https:\/\/sysmatec.ch\/de\/Produkt\/buerstenloser-servomotor-mack-basic\/#primaryimage"},"thumbnailUrl":"https:\/\/sysmatec.ch\/wp-content\/uploads\/2023\/02\/MotorMKBM_Axor.png","datePublished":"2023-02-25T09:01:42+00:00","dateModified":"2023-02-25T09:08:56+00:00","description":"B\u00fcrstenloser Servomotor f\u00fcr den Bereich von 100-3000 U\/min, max. Drehmoment 1,3 Nm","breadcrumb":{"@id":"https:\/\/sysmatec.ch\/de\/Produkt\/buerstenloser-servomotor-mack-basic\/#breadcrumb"},"inLanguage":"de","potentialAction":[{"@type":"ReadAction","target":["https:\/\/sysmatec.ch\/de\/Produkt\/buerstenloser-servomotor-mack-basic\/"]}]},{"@type":"ImageObject","inLanguage":"de","@id":"https:\/\/sysmatec.ch\/de\/Produkt\/buerstenloser-servomotor-mack-basic\/#primaryimage","url":"https:\/\/sysmatec.ch\/wp-content\/uploads\/2023\/02\/MotorMKBM_Axor.png","contentUrl":"https:\/\/sysmatec.ch\/wp-content\/uploads\/2023\/02\/MotorMKBM_Axor.png","width":351,"height":290},{"@type":"BreadcrumbList","@id":"https:\/\/sysmatec.ch\/de\/Produkt\/buerstenloser-servomotor-mack-basic\/#breadcrumb","itemListElement":[{"@type":"ListItem","position":1,"name":"Accueil","item":"https:\/\/sysmatec.ch\/de\/"},{"@type":"ListItem","position":2,"name":"Die Aktivit\u00e4t von Sysmatec","item":"https:\/\/sysmatec.ch\/de\/"},{"@type":"ListItem","position":3,"name":"B\u00fcrstenloser Servomotor Mack Basic"}]},{"@type":"WebSite","@id":"https:\/\/sysmatec.ch\/de\/#website","url":"https:\/\/sysmatec.ch\/de\/","name":"Sysmatec","description":"Equipement de laboratoire et logiciels","publisher":{"@id":"https:\/\/sysmatec.ch\/de\/#organization"},"potentialAction":[{"@type":"SearchAction","target":{"@type":"EntryPoint","urlTemplate":"https:\/\/sysmatec.ch\/de\/?s={search_term_string}"},"query-input":{"@type":"PropertyValueSpecification","valueRequired":true,"valueName":"search_term_string"}}],"inLanguage":"de"},{"@type":"Organization","@id":"https:\/\/sysmatec.ch\/de\/#organization","name":"Sysmatec","url":"https:\/\/sysmatec.ch\/de\/","logo":{"@type":"ImageObject","inLanguage":"de","@id":"https:\/\/sysmatec.ch\/de\/#\/schema\/logo\/image\/","url":"https:\/\/sysmatec.ch\/wp-content\/uploads\/2018\/11\/LogoSysmatec.jpg","contentUrl":"https:\/\/sysmatec.ch\/wp-content\/uploads\/2018\/11\/LogoSysmatec.jpg","width":301,"height":297,"caption":"Sysmatec"},"image":{"@id":"https:\/\/sysmatec.ch\/de\/#\/schema\/logo\/image\/"}}]}},"_links":{"self":[{"href":"https:\/\/sysmatec.ch\/de\/wp-json\/wp\/v2\/product\/28517","targetHints":{"allow":["GET"]}}],"collection":[{"href":"https:\/\/sysmatec.ch\/de\/wp-json\/wp\/v2\/product"}],"about":[{"href":"https:\/\/sysmatec.ch\/de\/wp-json\/wp\/v2\/types\/product"}],"wp:featuredmedia":[{"embeddable":true,"href":"https:\/\/sysmatec.ch\/de\/wp-json\/wp\/v2\/media\/28515"}],"wp:attachment":[{"href":"https:\/\/sysmatec.ch\/de\/wp-json\/wp\/v2\/media?parent=28517"}],"wp:term":[{"taxonomy":"product_brand","embeddable":true,"href":"https:\/\/sysmatec.ch\/de\/wp-json\/wp\/v2\/product_brand?post=28517"},{"taxonomy":"product_cat","embeddable":true,"href":"https:\/\/sysmatec.ch\/de\/wp-json\/wp\/v2\/product_cat?post=28517"},{"taxonomy":"product_tag","embeddable":true,"href":"https:\/\/sysmatec.ch\/de\/wp-json\/wp\/v2\/product_tag?post=28517"}],"curies":[{"name":"wp","href":"https:\/\/api.w.org\/{rel}","templated":true}]}}