{"id":28457,"date":"2023-02-20T21:21:37","date_gmt":"2023-02-20T20:21:37","guid":{"rendered":"https:\/\/sysmatec.ch\/produit\/citric-acid-assay-kit-k-citr\/"},"modified":"2023-02-20T21:36:31","modified_gmt":"2023-02-20T20:36:31","slug":"zitronensaeure-assay-kit-k-citr","status":"publish","type":"product","link":"https:\/\/sysmatec.ch\/de\/Produkt\/zitronensaeure-assay-kit-k-citr\/","title":{"rendered":"Zitronens\u00e4ure-Assay-Kit K-CITR"},"content":{"rendered":"<p>Das Zitronens\u00e4ure-Testkit ist eine flexible und einfache Methode zur schnellen und zuverl\u00e4ssigen Messung und Analyse von Zitronens\u00e4ure (Citrat) in Lebensmitteln, Getr\u00e4nken und anderen Materialien.<\/p>\n<p>Die Anzahl der manuellen Tests pro Kit kann verdoppelt werden, wenn alle Volumina halbiert werden. Dies kann leicht mit dem MegaQuantTM Wave-Spektrophotometer ber\u00fccksichtigt werden.<\/p>\n<h2 class=\"description--advantages-title\">Vorteile<\/h2>\n<ul>\n<li>Erweiterte Cofaktorstabilit\u00e4t. Gel\u00f6ste Cofaktoren stabil f\u00fcr &gt; 1 Jahr bei 4 \u00b0C.<\/li>\n<li>Rekonstituierte Citratlyase stabil f\u00fcr 4 Wochen bei 4oC \/ 6 Monate unter -10 \u00b0C<\/li>\n<li>Puffer-\/Cofaktor-\/Enzymtabletten zur effizienten Nutzung von Kitkomponenten<\/li>\n<li>PVP wird eingearbeitet, um eine Tanninhemmung zu verhindern<\/li>\n<li>Sehr konkurrenzf\u00e4higer Preis (Kosten pro Test)<\/li>\n<li>Das Mega-Calc\u2122-Softwaretool ist f\u00fcr eine problemlose Rohdatenverarbeitung verf\u00fcgbar<\/li>\n<li>Serienm\u00e4\u00dfig enthalten<\/li>\n<li>Geeignet f\u00fcr manuelle, Mikroplatten- und Auto-Analyzer-Formate<\/li>\n<\/ul>\n<h2>Beschreibung<\/h2>\n<table class=\"description--table mega-detail-table\">\n<tbody>\n<tr class=\"description--table-row\">\n<td class=\"description--table-col is--bold\">Inhalt<\/td>\n<td class=\"description--table-col\">72 Assays (manuell) \/ 720 Assays (Mikrotiterplatte) \/ 840 Assays (Auto-Analyser)<\/td>\n<\/tr>\n<tr class=\"description--table-row\">\n<td class=\"description--table-col is--bold\">Transport Temperature<\/td>\n<td class=\"description--table-col\">Umgebung<\/td>\n<\/tr>\n<tr class=\"description--table-row\">\n<td class=\"description--table-col is--bold\">Lagerungstemperatur<\/td>\n<td class=\"description--table-col\">Kurzzeitstabilit\u00e4t: 2-8 \u00b0C<br \/>\nLangzeitstabilit\u00e4t: Siehe Etiketten der einzelnen Komponenten<\/td>\n<\/tr>\n<tr class=\"description--table-row\">\n<td class=\"description--table-col is--bold\">Stabilit\u00e4t<\/td>\n<td class=\"description--table-col\">&gt; 2 Jahre unter empfohlenen Lagerbedingungen<\/td>\n<\/tr>\n<\/tbody>\n<\/table>\n<table class=\"description--table mega-detail-table\">\n<tbody>\n<tr class=\"description--table-row\">\n<td class=\"description--table-col is--bold\">Analyt<\/td>\n<td class=\"description--table-col\">Zitronens\u00e4ure<\/td>\n<\/tr>\n<tr class=\"description--table-row\">\n<td class=\"description--table-col is--bold\">Material<\/td>\n<td class=\"description--table-col\">Spektrophotometer, Mikroplatte, Auto-Analysator<\/td>\n<\/tr>\n<tr class=\"description--table-row\">\n<td class=\"description--table-col is--bold\">Nachweismethode<\/td>\n<td class=\"description--table-col\">Absorbtion<\/td>\n<\/tr>\n<tr class=\"description--table-row\">\n<td class=\"description--table-col is--bold\">Wellenl\u00e4nge (nm):<\/td>\n<td class=\"description--table-col\">340<\/td>\n<\/tr>\n<tr class=\"description--table-row\">\n<td class=\"description--table-col is--bold\">Antwort<\/td>\n<td class=\"description--table-col\">Steigung<\/td>\n<\/tr>\n<tr class=\"description--table-row\">\n<td class=\"description--table-col is--bold\">Linearer Bereich<\/td>\n<td class=\"description--table-col\">1,0 bis 100 \u00b5g Zitronens\u00e4ure pro Assay<\/td>\n<\/tr>\n<tr class=\"description--table-row\">\n<td class=\"description--table-col is--bold\">Nachweisgrenze<\/td>\n<td class=\"description--table-col\">0.491 mg\/L<\/td>\n<\/tr>\n<tr class=\"description--table-row\">\n<td class=\"description--table-col is--bold\">Reaktionszeit (min):<\/td>\n<td class=\"description--table-col\">ca. 5 min<\/td>\n<\/tr>\n<tr class=\"description--table-row\">\n<td class=\"description--table-col is--bold\">Beispiele<\/td>\n<td class=\"description--table-col\">Traubensaft, Wein, Bier, Fruchts\u00e4fte, Erfrischungsgetr\u00e4nke, Tee, Molkereiprodukte (z. B. K\u00e4se), Fleisch, verarbeitetes Fleisch, Gem\u00fcse- und Obstprodukte, Backwaren, Papier, Arzneimittel, Kosmetika und andere Materialien (z. B. biologische Kulturen, Proben, usw.).<\/td>\n<\/tr>\n<\/tbody>\n<\/table>\n<p>Ref. K-CITR<\/p>\n<p>&nbsp;<\/p>\n","protected":false},"excerpt":{"rendered":"<p>Zitronens\u00e4ure-Assay unter Verwendung eines Spektrophotometers<\/p>\n","protected":false},"featured_media":28455,"template":"","meta":{"_crdt_document":""},"product_brand":[],"product_cat":[188,368],"product_tag":[],"class_list":{"0":"post-28457","1":"product","2":"type-product","3":"status-publish","4":"has-post-thumbnail","6":"product_cat-analyse-de","7":"product_cat-chemische-verbindung","9":"first","10":"instock","11":"taxable","12":"shipping-taxable","13":"product-type-simple"},"yoast_head":"<!-- This site is optimized with the Yoast SEO plugin v27.4 - https:\/\/yoast.com\/product\/yoast-seo-wordpress\/ -->\n<title>Zitronens\u00e4ure-Assay-Kit K-CITR - Sysmatec<\/title>\n<meta name=\"description\" content=\"Zitronens\u00e4ure-Assay unter Verwendung eines Spektrophotometers f\u00fcr den Bereich von 1,0 bis 100 \u00b5g Zitronens\u00e4ure pro Assay\" \/>\n<meta name=\"robots\" content=\"index, follow, max-snippet:-1, max-image-preview:large, max-video-preview:-1\" \/>\n<link rel=\"canonical\" href=\"https:\/\/sysmatec.ch\/de\/Produkt\/zitronensaeure-assay-kit-k-citr\/\" \/>\n<meta property=\"og:locale\" content=\"de_DE\" \/>\n<meta property=\"og:type\" content=\"article\" \/>\n<meta property=\"og:title\" content=\"Zitronens\u00e4ure-Assay-Kit K-CITR - Sysmatec\" \/>\n<meta property=\"og:description\" content=\"Zitronens\u00e4ure-Assay unter Verwendung eines Spektrophotometers f\u00fcr den Bereich von 1,0 bis 100 \u00b5g Zitronens\u00e4ure pro Assay\" \/>\n<meta property=\"og:url\" content=\"https:\/\/sysmatec.ch\/de\/Produkt\/zitronensaeure-assay-kit-k-citr\/\" \/>\n<meta property=\"og:site_name\" content=\"Sysmatec\" \/>\n<meta property=\"article:modified_time\" content=\"2023-02-20T20:36:31+00:00\" \/>\n<meta property=\"og:image\" content=\"https:\/\/sysmatec.ch\/wp-content\/uploads\/2023\/02\/AnalyseCitricAcid_Megazyme.jpg\" \/>\n\t<meta property=\"og:image:width\" content=\"600\" \/>\n\t<meta property=\"og:image:height\" content=\"400\" \/>\n\t<meta property=\"og:image:type\" content=\"image\/jpeg\" \/>\n<meta name=\"twitter:card\" content=\"summary_large_image\" \/>\n<meta name=\"twitter:label1\" content=\"Gesch\u00e4tzte Lesezeit\" \/>\n\t<meta name=\"twitter:data1\" content=\"2\u00a0Minuten\" \/>\n<script type=\"application\/ld+json\" class=\"yoast-schema-graph\">{\"@context\":\"https:\\\/\\\/schema.org\",\"@graph\":[{\"@type\":\"WebPage\",\"@id\":\"https:\\\/\\\/sysmatec.ch\\\/de\\\/Produkt\\\/zitronensaeure-assay-kit-k-citr\\\/\",\"url\":\"https:\\\/\\\/sysmatec.ch\\\/de\\\/Produkt\\\/zitronensaeure-assay-kit-k-citr\\\/\",\"name\":\"Zitronens\u00e4ure-Assay-Kit K-CITR - Sysmatec\",\"isPartOf\":{\"@id\":\"https:\\\/\\\/sysmatec.ch\\\/de\\\/#website\"},\"primaryImageOfPage\":{\"@id\":\"https:\\\/\\\/sysmatec.ch\\\/de\\\/Produkt\\\/zitronensaeure-assay-kit-k-citr\\\/#primaryimage\"},\"image\":{\"@id\":\"https:\\\/\\\/sysmatec.ch\\\/de\\\/Produkt\\\/zitronensaeure-assay-kit-k-citr\\\/#primaryimage\"},\"thumbnailUrl\":\"https:\\\/\\\/sysmatec.ch\\\/wp-content\\\/uploads\\\/2023\\\/02\\\/AnalyseCitricAcid_Megazyme.jpg\",\"datePublished\":\"2023-02-20T20:21:37+00:00\",\"dateModified\":\"2023-02-20T20:36:31+00:00\",\"description\":\"Zitronens\u00e4ure-Assay unter Verwendung eines Spektrophotometers f\u00fcr den Bereich von 1,0 bis 100 \u00b5g Zitronens\u00e4ure pro Assay\",\"breadcrumb\":{\"@id\":\"https:\\\/\\\/sysmatec.ch\\\/de\\\/Produkt\\\/zitronensaeure-assay-kit-k-citr\\\/#breadcrumb\"},\"inLanguage\":\"de\",\"potentialAction\":[{\"@type\":\"ReadAction\",\"target\":[\"https:\\\/\\\/sysmatec.ch\\\/de\\\/Produkt\\\/zitronensaeure-assay-kit-k-citr\\\/\"]}]},{\"@type\":\"ImageObject\",\"inLanguage\":\"de\",\"@id\":\"https:\\\/\\\/sysmatec.ch\\\/de\\\/Produkt\\\/zitronensaeure-assay-kit-k-citr\\\/#primaryimage\",\"url\":\"https:\\\/\\\/sysmatec.ch\\\/wp-content\\\/uploads\\\/2023\\\/02\\\/AnalyseCitricAcid_Megazyme.jpg\",\"contentUrl\":\"https:\\\/\\\/sysmatec.ch\\\/wp-content\\\/uploads\\\/2023\\\/02\\\/AnalyseCitricAcid_Megazyme.jpg\",\"width\":600,\"height\":400},{\"@type\":\"BreadcrumbList\",\"@id\":\"https:\\\/\\\/sysmatec.ch\\\/de\\\/Produkt\\\/zitronensaeure-assay-kit-k-citr\\\/#breadcrumb\",\"itemListElement\":[{\"@type\":\"ListItem\",\"position\":1,\"name\":\"Accueil\",\"item\":\"https:\\\/\\\/sysmatec.ch\\\/de\\\/\"},{\"@type\":\"ListItem\",\"position\":2,\"name\":\"Die Aktivit\u00e4t von Sysmatec\",\"item\":\"https:\\\/\\\/sysmatec.ch\\\/de\\\/\"},{\"@type\":\"ListItem\",\"position\":3,\"name\":\"Zitronens\u00e4ure-Assay-Kit K-CITR\"}]},{\"@type\":\"WebSite\",\"@id\":\"https:\\\/\\\/sysmatec.ch\\\/de\\\/#website\",\"url\":\"https:\\\/\\\/sysmatec.ch\\\/de\\\/\",\"name\":\"Sysmatec\",\"description\":\"Equipement de laboratoire et logiciels\",\"publisher\":{\"@id\":\"https:\\\/\\\/sysmatec.ch\\\/de\\\/#organization\"},\"potentialAction\":[{\"@type\":\"SearchAction\",\"target\":{\"@type\":\"EntryPoint\",\"urlTemplate\":\"https:\\\/\\\/sysmatec.ch\\\/de\\\/?s={search_term_string}\"},\"query-input\":{\"@type\":\"PropertyValueSpecification\",\"valueRequired\":true,\"valueName\":\"search_term_string\"}}],\"inLanguage\":\"de\"},{\"@type\":\"Organization\",\"@id\":\"https:\\\/\\\/sysmatec.ch\\\/de\\\/#organization\",\"name\":\"Sysmatec\",\"url\":\"https:\\\/\\\/sysmatec.ch\\\/de\\\/\",\"logo\":{\"@type\":\"ImageObject\",\"inLanguage\":\"de\",\"@id\":\"https:\\\/\\\/sysmatec.ch\\\/de\\\/#\\\/schema\\\/logo\\\/image\\\/\",\"url\":\"https:\\\/\\\/sysmatec.ch\\\/wp-content\\\/uploads\\\/2018\\\/11\\\/LogoSysmatec.jpg\",\"contentUrl\":\"https:\\\/\\\/sysmatec.ch\\\/wp-content\\\/uploads\\\/2018\\\/11\\\/LogoSysmatec.jpg\",\"width\":301,\"height\":297,\"caption\":\"Sysmatec\"},\"image\":{\"@id\":\"https:\\\/\\\/sysmatec.ch\\\/de\\\/#\\\/schema\\\/logo\\\/image\\\/\"}}]}<\/script>\n<!-- \/ Yoast SEO plugin. -->","yoast_head_json":{"title":"Zitronens\u00e4ure-Assay-Kit K-CITR - Sysmatec","description":"Zitronens\u00e4ure-Assay unter Verwendung eines Spektrophotometers f\u00fcr den Bereich von 1,0 bis 100 \u00b5g Zitronens\u00e4ure pro Assay","robots":{"index":"index","follow":"follow","max-snippet":"max-snippet:-1","max-image-preview":"max-image-preview:large","max-video-preview":"max-video-preview:-1"},"canonical":"https:\/\/sysmatec.ch\/de\/Produkt\/zitronensaeure-assay-kit-k-citr\/","og_locale":"de_DE","og_type":"article","og_title":"Zitronens\u00e4ure-Assay-Kit K-CITR - Sysmatec","og_description":"Zitronens\u00e4ure-Assay unter Verwendung eines Spektrophotometers f\u00fcr den Bereich von 1,0 bis 100 \u00b5g Zitronens\u00e4ure pro Assay","og_url":"https:\/\/sysmatec.ch\/de\/Produkt\/zitronensaeure-assay-kit-k-citr\/","og_site_name":"Sysmatec","article_modified_time":"2023-02-20T20:36:31+00:00","og_image":[{"width":600,"height":400,"url":"https:\/\/sysmatec.ch\/wp-content\/uploads\/2023\/02\/AnalyseCitricAcid_Megazyme.jpg","type":"image\/jpeg"}],"twitter_card":"summary_large_image","twitter_misc":{"Gesch\u00e4tzte Lesezeit":"2\u00a0Minuten"},"schema":{"@context":"https:\/\/schema.org","@graph":[{"@type":"WebPage","@id":"https:\/\/sysmatec.ch\/de\/Produkt\/zitronensaeure-assay-kit-k-citr\/","url":"https:\/\/sysmatec.ch\/de\/Produkt\/zitronensaeure-assay-kit-k-citr\/","name":"Zitronens\u00e4ure-Assay-Kit K-CITR - Sysmatec","isPartOf":{"@id":"https:\/\/sysmatec.ch\/de\/#website"},"primaryImageOfPage":{"@id":"https:\/\/sysmatec.ch\/de\/Produkt\/zitronensaeure-assay-kit-k-citr\/#primaryimage"},"image":{"@id":"https:\/\/sysmatec.ch\/de\/Produkt\/zitronensaeure-assay-kit-k-citr\/#primaryimage"},"thumbnailUrl":"https:\/\/sysmatec.ch\/wp-content\/uploads\/2023\/02\/AnalyseCitricAcid_Megazyme.jpg","datePublished":"2023-02-20T20:21:37+00:00","dateModified":"2023-02-20T20:36:31+00:00","description":"Zitronens\u00e4ure-Assay unter Verwendung eines Spektrophotometers f\u00fcr den Bereich von 1,0 bis 100 \u00b5g Zitronens\u00e4ure pro Assay","breadcrumb":{"@id":"https:\/\/sysmatec.ch\/de\/Produkt\/zitronensaeure-assay-kit-k-citr\/#breadcrumb"},"inLanguage":"de","potentialAction":[{"@type":"ReadAction","target":["https:\/\/sysmatec.ch\/de\/Produkt\/zitronensaeure-assay-kit-k-citr\/"]}]},{"@type":"ImageObject","inLanguage":"de","@id":"https:\/\/sysmatec.ch\/de\/Produkt\/zitronensaeure-assay-kit-k-citr\/#primaryimage","url":"https:\/\/sysmatec.ch\/wp-content\/uploads\/2023\/02\/AnalyseCitricAcid_Megazyme.jpg","contentUrl":"https:\/\/sysmatec.ch\/wp-content\/uploads\/2023\/02\/AnalyseCitricAcid_Megazyme.jpg","width":600,"height":400},{"@type":"BreadcrumbList","@id":"https:\/\/sysmatec.ch\/de\/Produkt\/zitronensaeure-assay-kit-k-citr\/#breadcrumb","itemListElement":[{"@type":"ListItem","position":1,"name":"Accueil","item":"https:\/\/sysmatec.ch\/de\/"},{"@type":"ListItem","position":2,"name":"Die Aktivit\u00e4t von Sysmatec","item":"https:\/\/sysmatec.ch\/de\/"},{"@type":"ListItem","position":3,"name":"Zitronens\u00e4ure-Assay-Kit K-CITR"}]},{"@type":"WebSite","@id":"https:\/\/sysmatec.ch\/de\/#website","url":"https:\/\/sysmatec.ch\/de\/","name":"Sysmatec","description":"Equipement de laboratoire et logiciels","publisher":{"@id":"https:\/\/sysmatec.ch\/de\/#organization"},"potentialAction":[{"@type":"SearchAction","target":{"@type":"EntryPoint","urlTemplate":"https:\/\/sysmatec.ch\/de\/?s={search_term_string}"},"query-input":{"@type":"PropertyValueSpecification","valueRequired":true,"valueName":"search_term_string"}}],"inLanguage":"de"},{"@type":"Organization","@id":"https:\/\/sysmatec.ch\/de\/#organization","name":"Sysmatec","url":"https:\/\/sysmatec.ch\/de\/","logo":{"@type":"ImageObject","inLanguage":"de","@id":"https:\/\/sysmatec.ch\/de\/#\/schema\/logo\/image\/","url":"https:\/\/sysmatec.ch\/wp-content\/uploads\/2018\/11\/LogoSysmatec.jpg","contentUrl":"https:\/\/sysmatec.ch\/wp-content\/uploads\/2018\/11\/LogoSysmatec.jpg","width":301,"height":297,"caption":"Sysmatec"},"image":{"@id":"https:\/\/sysmatec.ch\/de\/#\/schema\/logo\/image\/"}}]}},"_links":{"self":[{"href":"https:\/\/sysmatec.ch\/de\/wp-json\/wp\/v2\/product\/28457","targetHints":{"allow":["GET"]}}],"collection":[{"href":"https:\/\/sysmatec.ch\/de\/wp-json\/wp\/v2\/product"}],"about":[{"href":"https:\/\/sysmatec.ch\/de\/wp-json\/wp\/v2\/types\/product"}],"wp:featuredmedia":[{"embeddable":true,"href":"https:\/\/sysmatec.ch\/de\/wp-json\/wp\/v2\/media\/28455"}],"wp:attachment":[{"href":"https:\/\/sysmatec.ch\/de\/wp-json\/wp\/v2\/media?parent=28457"}],"wp:term":[{"taxonomy":"product_brand","embeddable":true,"href":"https:\/\/sysmatec.ch\/de\/wp-json\/wp\/v2\/product_brand?post=28457"},{"taxonomy":"product_cat","embeddable":true,"href":"https:\/\/sysmatec.ch\/de\/wp-json\/wp\/v2\/product_cat?post=28457"},{"taxonomy":"product_tag","embeddable":true,"href":"https:\/\/sysmatec.ch\/de\/wp-json\/wp\/v2\/product_tag?post=28457"}],"curies":[{"name":"wp","href":"https:\/\/api.w.org\/{rel}","templated":true}]}}