{"id":28449,"date":"2023-02-20T19:23:27","date_gmt":"2023-02-20T18:23:27","guid":{"rendered":"https:\/\/sysmatec.ch\/produit\/ascorbic-acid-assay-kit-l-ascorbate-k-asco\/"},"modified":"2023-02-20T19:31:58","modified_gmt":"2023-02-20T18:31:58","slug":"ascorbinsaeure-assay-kit-l-ascorbat-k-asco","status":"publish","type":"product","link":"https:\/\/sysmatec.ch\/de\/Produkt\/ascorbinsaeure-assay-kit-l-ascorbat-k-asco\/","title":{"rendered":"Ascorbins\u00e4ure-Assay-Kit (L-Ascorbat) K-ASCO"},"content":{"rendered":"<p>Das Testkit f\u00fcr Ascorbins\u00e4ure (L-Ascorbat) dient der spezifischen Messung und Analyse von L-Ascorbins\u00e4ure in Getr\u00e4nken, Fleisch, Mehl, Milch- und Gem\u00fcseprodukten.<\/p>\n<p>Die Anzahl der manuellen Tests pro Kit kann verdoppelt werden, wenn alle Volumina halbiert werden. Dies kann leicht mit dem MegaQuantTM Wave-Spektrophotometer ber\u00fccksichtigt werden.<\/p>\n<h2 class=\"description--advantages-title\">Vorteile<\/h2>\n<ul>\n<li>Sehr konkurrenzf\u00e4higer Preis (Kosten pro Test)<\/li>\n<li>Alle Reagenzien sind nach Zubereitung &gt; 6 Monate haltbar<\/li>\n<li>Das Mega-Calc\u2122-Softwaretool ist f\u00fcr eine problemlose Rohdatenverarbeitung verf\u00fcgbar<\/li>\n<li>Serienm\u00e4\u00dfig enthalten<\/li>\n<li>Geeignet f\u00fcr manuelles, Mikroplatten- und Auto-Analyzer-Format<\/li>\n<\/ul>\n<h2>Beschreibung<\/h2>\n<table class=\"description--table mega-detail-table\">\n<tbody>\n<tr class=\"description--table-row\">\n<td class=\"description--table-col is--bold\">Inhalt<\/td>\n<td class=\"description--table-col\">40 Assays (manuell) \/ 400 Assays (Mikrotiterplatte) \/ 400 Assays (Auto-Analyseger\u00e4t)<\/td>\n<\/tr>\n<tr class=\"description--table-row\">\n<td class=\"description--table-col is--bold\">Transport Temperatur<\/td>\n<td class=\"description--table-col\">Umgebung<\/td>\n<\/tr>\n<tr class=\"description--table-row\">\n<td class=\"description--table-col is--bold\">Lagerungstemperatur<\/td>\n<td class=\"description--table-col\">Kurzzeitstabilit\u00e4t: 2-8 \u00b0C,<br \/>\nLangzeitstabilit\u00e4t: Siehe Etiketten der einzelnen Komponenten<\/td>\n<\/tr>\n<tr class=\"description--table-row\">\n<td class=\"description--table-col is--bold\">Stabilit\u00e4t<\/td>\n<td class=\"description--table-col\">&gt; 1 Jahr unter empfohlenen Lagerbedingungen<\/td>\n<\/tr>\n<\/tbody>\n<\/table>\n<table class=\"description--table mega-detail-table\">\n<tbody>\n<tr class=\"description--table-row\">\n<td class=\"description--table-col is--bold\">Analyt<\/td>\n<td class=\"description--table-col\">Askorbins\u00e4ure<\/td>\n<\/tr>\n<tr class=\"description--table-row\">\n<td class=\"description--table-col is--bold\">Material<\/td>\n<td class=\"description--table-col\">Spektrophotometer, Mikroplatte, Auto-Analysator<\/td>\n<\/tr>\n<tr class=\"description--table-row\">\n<td class=\"description--table-col is--bold\">Nachweismethode<\/td>\n<td class=\"description--table-col\">Absorbtion<\/td>\n<\/tr>\n<tr class=\"description--table-row\">\n<td class=\"description--table-col is--bold\">Wellenl\u00e4nge (nm):<\/td>\n<td class=\"description--table-col\">578<\/td>\n<\/tr>\n<tr class=\"description--table-row\">\n<td class=\"description--table-col is--bold\">Antwort<\/td>\n<td class=\"description--table-col\">Steigung<\/td>\n<\/tr>\n<tr class=\"description--table-row\">\n<td class=\"description--table-col is--bold\">Linearer Bereich<\/td>\n<td class=\"description--table-col\">0,5 bis 30 \u00b5g L-Ascorbins\u00e4ure pro Assay<\/td>\n<\/tr>\n<tr class=\"description--table-row\">\n<td class=\"description--table-col is--bold\">Nachweisgrenze<\/td>\n<td class=\"description--table-col\">0.175 mg\/L<\/td>\n<\/tr>\n<tr class=\"description--table-row\">\n<td class=\"description--table-col is--bold\">Reaktionszeit (min):<\/td>\n<td class=\"description--table-col\">ca. 8 min<\/td>\n<\/tr>\n<tr class=\"description--table-row\">\n<td class=\"description--table-col is--bold\">Beispiele<\/td>\n<td class=\"description--table-col\">Wein, Bier, Fruchts\u00e4fte, Erfrischungsgetr\u00e4nke, Marmelade, Milch, Molkereiprodukte (z. B. K\u00e4se), di\u00e4tetische Lebensmittel, Babynahrung, verarbeitetes Fleisch, Backzus\u00e4tze, Obst und Gem\u00fcse (z. B. Tomaten und Kartoffeln), Arzneimittel, Futtermittel und andere Materialien ( z.B. biologische Kulturen, Proben etc.).<\/td>\n<\/tr>\n<\/tbody>\n<\/table>\n<p>Ref. K-ASCO<\/p>\n","protected":false},"excerpt":{"rendered":"<p>Ascorbins\u00e4ure-Assay-Bestimmung mit einem Spektrophotometer<\/p>\n","protected":false},"featured_media":28447,"template":"","meta":{"_crdt_document":""},"product_brand":[],"product_cat":[188,368],"product_tag":[],"class_list":{"0":"post-28449","1":"product","2":"type-product","3":"status-publish","4":"has-post-thumbnail","6":"product_cat-analyse-de","7":"product_cat-chemische-verbindung","9":"first","10":"instock","11":"taxable","12":"shipping-taxable","13":"product-type-simple"},"yoast_head":"<!-- This site is optimized with the Yoast SEO plugin v27.4 - https:\/\/yoast.com\/product\/yoast-seo-wordpress\/ -->\n<title>Ascorbins\u00e4ure-Assay-Kit (L-Ascorbat) K-ASCO - Sysmatec<\/title>\n<meta name=\"description\" content=\"Ascorbins\u00e4ure-Assay-Bestimmung mit einem Spektrophotometer im Winkel von 0,5 bis 30 \u00b5g L-Ascorbins\u00e4ure pro Assay\" \/>\n<meta name=\"robots\" content=\"index, follow, max-snippet:-1, max-image-preview:large, max-video-preview:-1\" \/>\n<link rel=\"canonical\" href=\"https:\/\/sysmatec.ch\/de\/Produkt\/ascorbinsaeure-assay-kit-l-ascorbat-k-asco\/\" \/>\n<meta property=\"og:locale\" content=\"de_DE\" \/>\n<meta property=\"og:type\" content=\"article\" \/>\n<meta property=\"og:title\" content=\"Ascorbins\u00e4ure-Assay-Kit (L-Ascorbat) K-ASCO - Sysmatec\" \/>\n<meta property=\"og:description\" content=\"Ascorbins\u00e4ure-Assay-Bestimmung mit einem Spektrophotometer im Winkel von 0,5 bis 30 \u00b5g L-Ascorbins\u00e4ure pro Assay\" \/>\n<meta property=\"og:url\" content=\"https:\/\/sysmatec.ch\/de\/Produkt\/ascorbinsaeure-assay-kit-l-ascorbat-k-asco\/\" \/>\n<meta property=\"og:site_name\" content=\"Sysmatec\" \/>\n<meta property=\"article:modified_time\" content=\"2023-02-20T18:31:58+00:00\" \/>\n<meta property=\"og:image\" content=\"https:\/\/sysmatec.ch\/wp-content\/uploads\/2023\/02\/AnalyseAscorbicAcid_Megazyme.jpg\" \/>\n\t<meta property=\"og:image:width\" content=\"600\" \/>\n\t<meta property=\"og:image:height\" content=\"400\" \/>\n\t<meta property=\"og:image:type\" content=\"image\/jpeg\" \/>\n<meta name=\"twitter:card\" content=\"summary_large_image\" \/>\n<meta name=\"twitter:label1\" content=\"Gesch\u00e4tzte Lesezeit\" \/>\n\t<meta name=\"twitter:data1\" content=\"1\u00a0Minute\" \/>\n<script type=\"application\/ld+json\" class=\"yoast-schema-graph\">{\"@context\":\"https:\\\/\\\/schema.org\",\"@graph\":[{\"@type\":\"WebPage\",\"@id\":\"https:\\\/\\\/sysmatec.ch\\\/de\\\/Produkt\\\/ascorbinsaeure-assay-kit-l-ascorbat-k-asco\\\/\",\"url\":\"https:\\\/\\\/sysmatec.ch\\\/de\\\/Produkt\\\/ascorbinsaeure-assay-kit-l-ascorbat-k-asco\\\/\",\"name\":\"Ascorbins\u00e4ure-Assay-Kit (L-Ascorbat) K-ASCO - Sysmatec\",\"isPartOf\":{\"@id\":\"https:\\\/\\\/sysmatec.ch\\\/de\\\/#website\"},\"primaryImageOfPage\":{\"@id\":\"https:\\\/\\\/sysmatec.ch\\\/de\\\/Produkt\\\/ascorbinsaeure-assay-kit-l-ascorbat-k-asco\\\/#primaryimage\"},\"image\":{\"@id\":\"https:\\\/\\\/sysmatec.ch\\\/de\\\/Produkt\\\/ascorbinsaeure-assay-kit-l-ascorbat-k-asco\\\/#primaryimage\"},\"thumbnailUrl\":\"https:\\\/\\\/sysmatec.ch\\\/wp-content\\\/uploads\\\/2023\\\/02\\\/AnalyseAscorbicAcid_Megazyme.jpg\",\"datePublished\":\"2023-02-20T18:23:27+00:00\",\"dateModified\":\"2023-02-20T18:31:58+00:00\",\"description\":\"Ascorbins\u00e4ure-Assay-Bestimmung mit einem Spektrophotometer im Winkel von 0,5 bis 30 \u00b5g L-Ascorbins\u00e4ure pro Assay\",\"breadcrumb\":{\"@id\":\"https:\\\/\\\/sysmatec.ch\\\/de\\\/Produkt\\\/ascorbinsaeure-assay-kit-l-ascorbat-k-asco\\\/#breadcrumb\"},\"inLanguage\":\"de\",\"potentialAction\":[{\"@type\":\"ReadAction\",\"target\":[\"https:\\\/\\\/sysmatec.ch\\\/de\\\/Produkt\\\/ascorbinsaeure-assay-kit-l-ascorbat-k-asco\\\/\"]}]},{\"@type\":\"ImageObject\",\"inLanguage\":\"de\",\"@id\":\"https:\\\/\\\/sysmatec.ch\\\/de\\\/Produkt\\\/ascorbinsaeure-assay-kit-l-ascorbat-k-asco\\\/#primaryimage\",\"url\":\"https:\\\/\\\/sysmatec.ch\\\/wp-content\\\/uploads\\\/2023\\\/02\\\/AnalyseAscorbicAcid_Megazyme.jpg\",\"contentUrl\":\"https:\\\/\\\/sysmatec.ch\\\/wp-content\\\/uploads\\\/2023\\\/02\\\/AnalyseAscorbicAcid_Megazyme.jpg\",\"width\":600,\"height\":400},{\"@type\":\"BreadcrumbList\",\"@id\":\"https:\\\/\\\/sysmatec.ch\\\/de\\\/Produkt\\\/ascorbinsaeure-assay-kit-l-ascorbat-k-asco\\\/#breadcrumb\",\"itemListElement\":[{\"@type\":\"ListItem\",\"position\":1,\"name\":\"Accueil\",\"item\":\"https:\\\/\\\/sysmatec.ch\\\/de\\\/\"},{\"@type\":\"ListItem\",\"position\":2,\"name\":\"Die Aktivit\u00e4t von Sysmatec\",\"item\":\"https:\\\/\\\/sysmatec.ch\\\/de\\\/\"},{\"@type\":\"ListItem\",\"position\":3,\"name\":\"Ascorbins\u00e4ure-Assay-Kit (L-Ascorbat) K-ASCO\"}]},{\"@type\":\"WebSite\",\"@id\":\"https:\\\/\\\/sysmatec.ch\\\/de\\\/#website\",\"url\":\"https:\\\/\\\/sysmatec.ch\\\/de\\\/\",\"name\":\"Sysmatec\",\"description\":\"Equipement de laboratoire et logiciels\",\"publisher\":{\"@id\":\"https:\\\/\\\/sysmatec.ch\\\/de\\\/#organization\"},\"potentialAction\":[{\"@type\":\"SearchAction\",\"target\":{\"@type\":\"EntryPoint\",\"urlTemplate\":\"https:\\\/\\\/sysmatec.ch\\\/de\\\/?s={search_term_string}\"},\"query-input\":{\"@type\":\"PropertyValueSpecification\",\"valueRequired\":true,\"valueName\":\"search_term_string\"}}],\"inLanguage\":\"de\"},{\"@type\":\"Organization\",\"@id\":\"https:\\\/\\\/sysmatec.ch\\\/de\\\/#organization\",\"name\":\"Sysmatec\",\"url\":\"https:\\\/\\\/sysmatec.ch\\\/de\\\/\",\"logo\":{\"@type\":\"ImageObject\",\"inLanguage\":\"de\",\"@id\":\"https:\\\/\\\/sysmatec.ch\\\/de\\\/#\\\/schema\\\/logo\\\/image\\\/\",\"url\":\"https:\\\/\\\/sysmatec.ch\\\/wp-content\\\/uploads\\\/2018\\\/11\\\/LogoSysmatec.jpg\",\"contentUrl\":\"https:\\\/\\\/sysmatec.ch\\\/wp-content\\\/uploads\\\/2018\\\/11\\\/LogoSysmatec.jpg\",\"width\":301,\"height\":297,\"caption\":\"Sysmatec\"},\"image\":{\"@id\":\"https:\\\/\\\/sysmatec.ch\\\/de\\\/#\\\/schema\\\/logo\\\/image\\\/\"}}]}<\/script>\n<!-- \/ Yoast SEO plugin. -->","yoast_head_json":{"title":"Ascorbins\u00e4ure-Assay-Kit (L-Ascorbat) K-ASCO - Sysmatec","description":"Ascorbins\u00e4ure-Assay-Bestimmung mit einem Spektrophotometer im Winkel von 0,5 bis 30 \u00b5g L-Ascorbins\u00e4ure pro Assay","robots":{"index":"index","follow":"follow","max-snippet":"max-snippet:-1","max-image-preview":"max-image-preview:large","max-video-preview":"max-video-preview:-1"},"canonical":"https:\/\/sysmatec.ch\/de\/Produkt\/ascorbinsaeure-assay-kit-l-ascorbat-k-asco\/","og_locale":"de_DE","og_type":"article","og_title":"Ascorbins\u00e4ure-Assay-Kit (L-Ascorbat) K-ASCO - Sysmatec","og_description":"Ascorbins\u00e4ure-Assay-Bestimmung mit einem Spektrophotometer im Winkel von 0,5 bis 30 \u00b5g L-Ascorbins\u00e4ure pro Assay","og_url":"https:\/\/sysmatec.ch\/de\/Produkt\/ascorbinsaeure-assay-kit-l-ascorbat-k-asco\/","og_site_name":"Sysmatec","article_modified_time":"2023-02-20T18:31:58+00:00","og_image":[{"width":600,"height":400,"url":"https:\/\/sysmatec.ch\/wp-content\/uploads\/2023\/02\/AnalyseAscorbicAcid_Megazyme.jpg","type":"image\/jpeg"}],"twitter_card":"summary_large_image","twitter_misc":{"Gesch\u00e4tzte Lesezeit":"1\u00a0Minute"},"schema":{"@context":"https:\/\/schema.org","@graph":[{"@type":"WebPage","@id":"https:\/\/sysmatec.ch\/de\/Produkt\/ascorbinsaeure-assay-kit-l-ascorbat-k-asco\/","url":"https:\/\/sysmatec.ch\/de\/Produkt\/ascorbinsaeure-assay-kit-l-ascorbat-k-asco\/","name":"Ascorbins\u00e4ure-Assay-Kit (L-Ascorbat) K-ASCO - Sysmatec","isPartOf":{"@id":"https:\/\/sysmatec.ch\/de\/#website"},"primaryImageOfPage":{"@id":"https:\/\/sysmatec.ch\/de\/Produkt\/ascorbinsaeure-assay-kit-l-ascorbat-k-asco\/#primaryimage"},"image":{"@id":"https:\/\/sysmatec.ch\/de\/Produkt\/ascorbinsaeure-assay-kit-l-ascorbat-k-asco\/#primaryimage"},"thumbnailUrl":"https:\/\/sysmatec.ch\/wp-content\/uploads\/2023\/02\/AnalyseAscorbicAcid_Megazyme.jpg","datePublished":"2023-02-20T18:23:27+00:00","dateModified":"2023-02-20T18:31:58+00:00","description":"Ascorbins\u00e4ure-Assay-Bestimmung mit einem Spektrophotometer im Winkel von 0,5 bis 30 \u00b5g L-Ascorbins\u00e4ure pro Assay","breadcrumb":{"@id":"https:\/\/sysmatec.ch\/de\/Produkt\/ascorbinsaeure-assay-kit-l-ascorbat-k-asco\/#breadcrumb"},"inLanguage":"de","potentialAction":[{"@type":"ReadAction","target":["https:\/\/sysmatec.ch\/de\/Produkt\/ascorbinsaeure-assay-kit-l-ascorbat-k-asco\/"]}]},{"@type":"ImageObject","inLanguage":"de","@id":"https:\/\/sysmatec.ch\/de\/Produkt\/ascorbinsaeure-assay-kit-l-ascorbat-k-asco\/#primaryimage","url":"https:\/\/sysmatec.ch\/wp-content\/uploads\/2023\/02\/AnalyseAscorbicAcid_Megazyme.jpg","contentUrl":"https:\/\/sysmatec.ch\/wp-content\/uploads\/2023\/02\/AnalyseAscorbicAcid_Megazyme.jpg","width":600,"height":400},{"@type":"BreadcrumbList","@id":"https:\/\/sysmatec.ch\/de\/Produkt\/ascorbinsaeure-assay-kit-l-ascorbat-k-asco\/#breadcrumb","itemListElement":[{"@type":"ListItem","position":1,"name":"Accueil","item":"https:\/\/sysmatec.ch\/de\/"},{"@type":"ListItem","position":2,"name":"Die Aktivit\u00e4t von Sysmatec","item":"https:\/\/sysmatec.ch\/de\/"},{"@type":"ListItem","position":3,"name":"Ascorbins\u00e4ure-Assay-Kit (L-Ascorbat) K-ASCO"}]},{"@type":"WebSite","@id":"https:\/\/sysmatec.ch\/de\/#website","url":"https:\/\/sysmatec.ch\/de\/","name":"Sysmatec","description":"Equipement de laboratoire et logiciels","publisher":{"@id":"https:\/\/sysmatec.ch\/de\/#organization"},"potentialAction":[{"@type":"SearchAction","target":{"@type":"EntryPoint","urlTemplate":"https:\/\/sysmatec.ch\/de\/?s={search_term_string}"},"query-input":{"@type":"PropertyValueSpecification","valueRequired":true,"valueName":"search_term_string"}}],"inLanguage":"de"},{"@type":"Organization","@id":"https:\/\/sysmatec.ch\/de\/#organization","name":"Sysmatec","url":"https:\/\/sysmatec.ch\/de\/","logo":{"@type":"ImageObject","inLanguage":"de","@id":"https:\/\/sysmatec.ch\/de\/#\/schema\/logo\/image\/","url":"https:\/\/sysmatec.ch\/wp-content\/uploads\/2018\/11\/LogoSysmatec.jpg","contentUrl":"https:\/\/sysmatec.ch\/wp-content\/uploads\/2018\/11\/LogoSysmatec.jpg","width":301,"height":297,"caption":"Sysmatec"},"image":{"@id":"https:\/\/sysmatec.ch\/de\/#\/schema\/logo\/image\/"}}]}},"_links":{"self":[{"href":"https:\/\/sysmatec.ch\/de\/wp-json\/wp\/v2\/product\/28449","targetHints":{"allow":["GET"]}}],"collection":[{"href":"https:\/\/sysmatec.ch\/de\/wp-json\/wp\/v2\/product"}],"about":[{"href":"https:\/\/sysmatec.ch\/de\/wp-json\/wp\/v2\/types\/product"}],"wp:featuredmedia":[{"embeddable":true,"href":"https:\/\/sysmatec.ch\/de\/wp-json\/wp\/v2\/media\/28447"}],"wp:attachment":[{"href":"https:\/\/sysmatec.ch\/de\/wp-json\/wp\/v2\/media?parent=28449"}],"wp:term":[{"taxonomy":"product_brand","embeddable":true,"href":"https:\/\/sysmatec.ch\/de\/wp-json\/wp\/v2\/product_brand?post=28449"},{"taxonomy":"product_cat","embeddable":true,"href":"https:\/\/sysmatec.ch\/de\/wp-json\/wp\/v2\/product_cat?post=28449"},{"taxonomy":"product_tag","embeddable":true,"href":"https:\/\/sysmatec.ch\/de\/wp-json\/wp\/v2\/product_tag?post=28449"}],"curies":[{"name":"wp","href":"https:\/\/api.w.org\/{rel}","templated":true}]}}