{"id":28432,"date":"2023-02-20T11:48:54","date_gmt":"2023-02-20T10:48:54","guid":{"rendered":"https:\/\/sysmatec.ch\/produit\/d-sorbitol-xylitol-assay-kit-k-sorb\/"},"modified":"2023-02-20T12:04:36","modified_gmt":"2023-02-20T11:04:36","slug":"d-sorbitol-xylitol-assay-kit-k-sorb","status":"publish","type":"product","link":"https:\/\/sysmatec.ch\/de\/Produkt\/d-sorbitol-xylitol-assay-kit-k-sorb\/","title":{"rendered":"D-Sorbitol\/Xylitol Assay Kit K-SORB"},"content":{"rendered":"<p>Das D-Sorbitol\/Xylitol-Testkit zur Bestimmung von D-Sorbitol und Xylitol in Lebensmitteln wie Backwaren, diabetischen Lebensmitteln, Schokolade, Obst, S\u00fc\u00dfigkeiten und mehr.<\/p>\n<p>Sorbit ist nicht-karigen und findet viele di\u00e4tetische Anwendungen, kann jedoch bei Erwachsenen Magen-Darm-Probleme verursachen, wenn gro\u00dfe Mengen verbraucht werden (10-50 g pro Tag). Es wird seit fast einem halben Jahrhundert sicher in verarbeiteten Lebensmitteln eingesetzt und findet Anwendungen in der Kosmetik- und Pharmaindustrie.<\/p>\n<p>Die Anzahl der manuellen Tests pro Kit kann verdoppelt werden, wenn alle Volumina halbiert werden. Dies kann mit dem Megaquanttm-Wellenspektrophotometer (D-MQWave) leicht untergebracht werden.<\/p>\n<h2 class=\"description--advantages-title\">Vorteile<\/h2>\n<ul>\n<li>Jede Fl\u00e4schchen von Sorbitol -Dehydrogenase ist f\u00fcr&gt; 2 Monate bei 4 \u00b0 C nach der Aufl\u00f6sung stabil<\/li>\n<li>Keine verschwendete Diaphorasel\u00f6sung (stabile Suspension geliefert)<\/li>\n<li>Sehr wettbewerbsf\u00e4higer Preis (Kosten pro Test)<\/li>\n<li>Reagenzien stabil f\u00fcr&gt; 2 Jahre wie geliefert<\/li>\n<li>Das Mega-Calc \u2122 -Software-Tool ist auf f\u00fcr problemlose Rohdatenverarbeitung verf\u00fcgbar<br \/>\nStandard enthalten<\/li>\n<li>Geeignet f\u00fcr manuelle, Mikroplatten- und Autoanalyserformate<\/li>\n<\/ul>\n<h2>Beschreibung<\/h2>\n<table class=\"description--table mega-detail-table\">\n<tbody>\n<tr class=\"description--table-row\">\n<td class=\"description--table-col is--bold\">Inhalt<\/td>\n<td class=\"description--table-col\">58 Assays (Handbuch) \/ 580 Assays (Mikroplate) \/ 700 Assays (Autoanalyser)<\/td>\n<\/tr>\n<tr class=\"description--table-row\">\n<td class=\"description--table-col is--bold\">Transport Temperatur<\/td>\n<td class=\"description--table-col\">Umgebung<\/td>\n<\/tr>\n<tr class=\"description--table-row\">\n<td class=\"description--table-col is--bold\">Lagerungstemperatur<\/td>\n<td class=\"description--table-col\">Kurzfristige Stabilit\u00e4t: 2-8 \u00b0C,<br \/>\nLangzeitstabilit\u00e4t: Siehe individuelle Komponentenetiketten<\/td>\n<\/tr>\n<tr class=\"description--table-row\">\n<td class=\"description--table-col is--bold\">Stabilit\u00e4t<\/td>\n<td class=\"description--table-col\">&gt; 1 Jahr unter empfohlenen Speicherbedingungen<\/td>\n<\/tr>\n<\/tbody>\n<\/table>\n<table class=\"description--table mega-detail-table\">\n<tbody>\n<tr class=\"description--table-row\">\n<td class=\"description--table-col is--bold\">Analyt<\/td>\n<td class=\"description--table-col\">D-Sorbitol, D-Xylitol<\/td>\n<\/tr>\n<tr class=\"description--table-row\">\n<td class=\"description--table-col is--bold\">Material<\/td>\n<td class=\"description--table-col\">Spektrophotometer, Mikroplatten, Autoanalyser<\/td>\n<\/tr>\n<tr class=\"description--table-row\">\n<td class=\"description--table-col is--bold\">Nachweismethode<\/td>\n<td class=\"description--table-col\">Absorbtion<\/td>\n<\/tr>\n<tr class=\"description--table-row\">\n<td class=\"description--table-col is--bold\">Wellenl\u00e4nge (nm):<\/td>\n<td class=\"description--table-col\">492<\/td>\n<\/tr>\n<tr class=\"description--table-row\">\n<td class=\"description--table-col is--bold\">Antwort<\/td>\n<td class=\"description--table-col\">Steigung<\/td>\n<\/tr>\n<tr class=\"description--table-row\">\n<td class=\"description--table-col is--bold\">Linearer Bereich<\/td>\n<td class=\"description--table-col\">1,0 bis 20 \u00b5g D-Sorbitol (oder Xylitol) pro Assay<\/td>\n<\/tr>\n<tr class=\"description--table-row\">\n<td class=\"description--table-col is--bold\">Nachweisgrenze<\/td>\n<td class=\"description--table-col\">0.20 mg\/L<\/td>\n<\/tr>\n<tr class=\"description--table-row\">\n<td class=\"description--table-col is--bold\">Reaktionsdauer (min):<\/td>\n<td class=\"description--table-col\">ca. 15 min<\/td>\n<\/tr>\n<tr class=\"description--table-row\">\n<td class=\"description--table-col is--bold\">Beispiele<\/td>\n<td class=\"description--table-col\">Diabetische Lebensmittel (z. B. Honig, Marmelade und Schokolade), di\u00e4tetische Lebensmittel, Kaugummi, S\u00fc\u00dfigkeiten, Fruchtsaft (z. B. Apfelsaft), Eiscreme, S\u00fc\u00dfigkeiten, Backprodukte (z. B. Desserts), Marzipan, Papier (und Pappe), Kosmetik, Kosmetik, Kosmetika, Kosmetika, Kosmetika, Kosmetika, Kosmetika, Kosmetik, Kosmetika, Kosmetik, Kosmetika, Kosmetik, Kosmetika, Kosmetik, Kosmetik, Kosmetik, Kosmetik, Kosmetik, Kosmetik, Kosmetik, Marzipan, Papier Pharmazeutika und andere Materialien (z. B. biologische Kulturen, Proben usw.).<\/td>\n<\/tr>\n<\/tbody>\n<\/table>\n<p>&nbsp;<\/p>\n<p>Ref. K-SORB<\/p>\n","protected":false},"excerpt":{"rendered":"<p>D-Sorbitol\/Xylitol-Assay-Messung mit einem Spektrophotometer<\/p>\n","protected":false},"featured_media":28430,"template":"","meta":{"_crdt_document":""},"product_brand":[],"product_cat":[188,368],"product_tag":[],"class_list":{"0":"post-28432","1":"product","2":"type-product","3":"status-publish","4":"has-post-thumbnail","6":"product_cat-analyse-de","7":"product_cat-chemische-verbindung","9":"first","10":"instock","11":"taxable","12":"shipping-taxable","13":"product-type-simple"},"yoast_head":"<!-- This site is optimized with the Yoast SEO plugin v27.3 - https:\/\/yoast.com\/product\/yoast-seo-wordpress\/ -->\n<title>D-Sorbitol\/Xylitol Assay Kit K-SORB - Sysmatec<\/title>\n<meta name=\"description\" content=\"D-Sorbitol\/Xylitol-Assay-Messung mit einem Spektrophotometer im Bereich von 1,0 bis 20 \u00b5g D-Sorbitol (oder Xylitol) pro Assay\" \/>\n<meta name=\"robots\" content=\"index, follow, max-snippet:-1, max-image-preview:large, max-video-preview:-1\" \/>\n<link rel=\"canonical\" href=\"https:\/\/sysmatec.ch\/de\/Produkt\/d-sorbitol-xylitol-assay-kit-k-sorb\/\" \/>\n<meta property=\"og:locale\" content=\"de_DE\" \/>\n<meta property=\"og:type\" content=\"article\" \/>\n<meta property=\"og:title\" content=\"D-Sorbitol\/Xylitol Assay Kit K-SORB - Sysmatec\" \/>\n<meta property=\"og:description\" content=\"D-Sorbitol\/Xylitol-Assay-Messung mit einem Spektrophotometer im Bereich von 1,0 bis 20 \u00b5g D-Sorbitol (oder Xylitol) pro Assay\" \/>\n<meta property=\"og:url\" content=\"https:\/\/sysmatec.ch\/de\/Produkt\/d-sorbitol-xylitol-assay-kit-k-sorb\/\" \/>\n<meta property=\"og:site_name\" content=\"Sysmatec\" \/>\n<meta property=\"article:modified_time\" content=\"2023-02-20T11:04:36+00:00\" \/>\n<meta property=\"og:image\" content=\"https:\/\/sysmatec.ch\/wp-content\/uploads\/2023\/02\/AnalyseSorbitolXylitol_Megazyme.jpg\" \/>\n\t<meta property=\"og:image:width\" content=\"600\" \/>\n\t<meta property=\"og:image:height\" content=\"400\" \/>\n\t<meta property=\"og:image:type\" content=\"image\/jpeg\" \/>\n<meta name=\"twitter:card\" content=\"summary_large_image\" \/>\n<meta name=\"twitter:label1\" content=\"Gesch\u00e4tzte Lesezeit\" \/>\n\t<meta name=\"twitter:data1\" content=\"2\u00a0Minuten\" \/>\n<script type=\"application\/ld+json\" class=\"yoast-schema-graph\">{\"@context\":\"https:\\\/\\\/schema.org\",\"@graph\":[{\"@type\":\"WebPage\",\"@id\":\"https:\\\/\\\/sysmatec.ch\\\/de\\\/Produkt\\\/d-sorbitol-xylitol-assay-kit-k-sorb\\\/\",\"url\":\"https:\\\/\\\/sysmatec.ch\\\/de\\\/Produkt\\\/d-sorbitol-xylitol-assay-kit-k-sorb\\\/\",\"name\":\"D-Sorbitol\\\/Xylitol Assay Kit K-SORB - Sysmatec\",\"isPartOf\":{\"@id\":\"https:\\\/\\\/sysmatec.ch\\\/de\\\/#website\"},\"primaryImageOfPage\":{\"@id\":\"https:\\\/\\\/sysmatec.ch\\\/de\\\/Produkt\\\/d-sorbitol-xylitol-assay-kit-k-sorb\\\/#primaryimage\"},\"image\":{\"@id\":\"https:\\\/\\\/sysmatec.ch\\\/de\\\/Produkt\\\/d-sorbitol-xylitol-assay-kit-k-sorb\\\/#primaryimage\"},\"thumbnailUrl\":\"https:\\\/\\\/sysmatec.ch\\\/wp-content\\\/uploads\\\/2023\\\/02\\\/AnalyseSorbitolXylitol_Megazyme.jpg\",\"datePublished\":\"2023-02-20T10:48:54+00:00\",\"dateModified\":\"2023-02-20T11:04:36+00:00\",\"description\":\"D-Sorbitol\\\/Xylitol-Assay-Messung mit einem Spektrophotometer im Bereich von 1,0 bis 20 \u00b5g D-Sorbitol (oder Xylitol) pro Assay\",\"breadcrumb\":{\"@id\":\"https:\\\/\\\/sysmatec.ch\\\/de\\\/Produkt\\\/d-sorbitol-xylitol-assay-kit-k-sorb\\\/#breadcrumb\"},\"inLanguage\":\"de\",\"potentialAction\":[{\"@type\":\"ReadAction\",\"target\":[\"https:\\\/\\\/sysmatec.ch\\\/de\\\/Produkt\\\/d-sorbitol-xylitol-assay-kit-k-sorb\\\/\"]}]},{\"@type\":\"ImageObject\",\"inLanguage\":\"de\",\"@id\":\"https:\\\/\\\/sysmatec.ch\\\/de\\\/Produkt\\\/d-sorbitol-xylitol-assay-kit-k-sorb\\\/#primaryimage\",\"url\":\"https:\\\/\\\/sysmatec.ch\\\/wp-content\\\/uploads\\\/2023\\\/02\\\/AnalyseSorbitolXylitol_Megazyme.jpg\",\"contentUrl\":\"https:\\\/\\\/sysmatec.ch\\\/wp-content\\\/uploads\\\/2023\\\/02\\\/AnalyseSorbitolXylitol_Megazyme.jpg\",\"width\":600,\"height\":400},{\"@type\":\"BreadcrumbList\",\"@id\":\"https:\\\/\\\/sysmatec.ch\\\/de\\\/Produkt\\\/d-sorbitol-xylitol-assay-kit-k-sorb\\\/#breadcrumb\",\"itemListElement\":[{\"@type\":\"ListItem\",\"position\":1,\"name\":\"Accueil\",\"item\":\"https:\\\/\\\/sysmatec.ch\\\/de\\\/\"},{\"@type\":\"ListItem\",\"position\":2,\"name\":\"Die Aktivit\u00e4t von Sysmatec\",\"item\":\"https:\\\/\\\/sysmatec.ch\\\/de\\\/\"},{\"@type\":\"ListItem\",\"position\":3,\"name\":\"D-Sorbitol\\\/Xylitol Assay Kit K-SORB\"}]},{\"@type\":\"WebSite\",\"@id\":\"https:\\\/\\\/sysmatec.ch\\\/de\\\/#website\",\"url\":\"https:\\\/\\\/sysmatec.ch\\\/de\\\/\",\"name\":\"Sysmatec\",\"description\":\"Equipement de laboratoire et logiciels\",\"publisher\":{\"@id\":\"https:\\\/\\\/sysmatec.ch\\\/de\\\/#organization\"},\"potentialAction\":[{\"@type\":\"SearchAction\",\"target\":{\"@type\":\"EntryPoint\",\"urlTemplate\":\"https:\\\/\\\/sysmatec.ch\\\/de\\\/?s={search_term_string}\"},\"query-input\":{\"@type\":\"PropertyValueSpecification\",\"valueRequired\":true,\"valueName\":\"search_term_string\"}}],\"inLanguage\":\"de\"},{\"@type\":\"Organization\",\"@id\":\"https:\\\/\\\/sysmatec.ch\\\/de\\\/#organization\",\"name\":\"Sysmatec\",\"url\":\"https:\\\/\\\/sysmatec.ch\\\/de\\\/\",\"logo\":{\"@type\":\"ImageObject\",\"inLanguage\":\"de\",\"@id\":\"https:\\\/\\\/sysmatec.ch\\\/de\\\/#\\\/schema\\\/logo\\\/image\\\/\",\"url\":\"https:\\\/\\\/sysmatec.ch\\\/wp-content\\\/uploads\\\/2018\\\/11\\\/LogoSysmatec.jpg\",\"contentUrl\":\"https:\\\/\\\/sysmatec.ch\\\/wp-content\\\/uploads\\\/2018\\\/11\\\/LogoSysmatec.jpg\",\"width\":301,\"height\":297,\"caption\":\"Sysmatec\"},\"image\":{\"@id\":\"https:\\\/\\\/sysmatec.ch\\\/de\\\/#\\\/schema\\\/logo\\\/image\\\/\"}}]}<\/script>\n<!-- \/ Yoast SEO plugin. -->","yoast_head_json":{"title":"D-Sorbitol\/Xylitol Assay Kit K-SORB - Sysmatec","description":"D-Sorbitol\/Xylitol-Assay-Messung mit einem Spektrophotometer im Bereich von 1,0 bis 20 \u00b5g D-Sorbitol (oder Xylitol) pro Assay","robots":{"index":"index","follow":"follow","max-snippet":"max-snippet:-1","max-image-preview":"max-image-preview:large","max-video-preview":"max-video-preview:-1"},"canonical":"https:\/\/sysmatec.ch\/de\/Produkt\/d-sorbitol-xylitol-assay-kit-k-sorb\/","og_locale":"de_DE","og_type":"article","og_title":"D-Sorbitol\/Xylitol Assay Kit K-SORB - Sysmatec","og_description":"D-Sorbitol\/Xylitol-Assay-Messung mit einem Spektrophotometer im Bereich von 1,0 bis 20 \u00b5g D-Sorbitol (oder Xylitol) pro Assay","og_url":"https:\/\/sysmatec.ch\/de\/Produkt\/d-sorbitol-xylitol-assay-kit-k-sorb\/","og_site_name":"Sysmatec","article_modified_time":"2023-02-20T11:04:36+00:00","og_image":[{"width":600,"height":400,"url":"https:\/\/sysmatec.ch\/wp-content\/uploads\/2023\/02\/AnalyseSorbitolXylitol_Megazyme.jpg","type":"image\/jpeg"}],"twitter_card":"summary_large_image","twitter_misc":{"Gesch\u00e4tzte Lesezeit":"2\u00a0Minuten"},"schema":{"@context":"https:\/\/schema.org","@graph":[{"@type":"WebPage","@id":"https:\/\/sysmatec.ch\/de\/Produkt\/d-sorbitol-xylitol-assay-kit-k-sorb\/","url":"https:\/\/sysmatec.ch\/de\/Produkt\/d-sorbitol-xylitol-assay-kit-k-sorb\/","name":"D-Sorbitol\/Xylitol Assay Kit K-SORB - Sysmatec","isPartOf":{"@id":"https:\/\/sysmatec.ch\/de\/#website"},"primaryImageOfPage":{"@id":"https:\/\/sysmatec.ch\/de\/Produkt\/d-sorbitol-xylitol-assay-kit-k-sorb\/#primaryimage"},"image":{"@id":"https:\/\/sysmatec.ch\/de\/Produkt\/d-sorbitol-xylitol-assay-kit-k-sorb\/#primaryimage"},"thumbnailUrl":"https:\/\/sysmatec.ch\/wp-content\/uploads\/2023\/02\/AnalyseSorbitolXylitol_Megazyme.jpg","datePublished":"2023-02-20T10:48:54+00:00","dateModified":"2023-02-20T11:04:36+00:00","description":"D-Sorbitol\/Xylitol-Assay-Messung mit einem Spektrophotometer im Bereich von 1,0 bis 20 \u00b5g D-Sorbitol (oder Xylitol) pro Assay","breadcrumb":{"@id":"https:\/\/sysmatec.ch\/de\/Produkt\/d-sorbitol-xylitol-assay-kit-k-sorb\/#breadcrumb"},"inLanguage":"de","potentialAction":[{"@type":"ReadAction","target":["https:\/\/sysmatec.ch\/de\/Produkt\/d-sorbitol-xylitol-assay-kit-k-sorb\/"]}]},{"@type":"ImageObject","inLanguage":"de","@id":"https:\/\/sysmatec.ch\/de\/Produkt\/d-sorbitol-xylitol-assay-kit-k-sorb\/#primaryimage","url":"https:\/\/sysmatec.ch\/wp-content\/uploads\/2023\/02\/AnalyseSorbitolXylitol_Megazyme.jpg","contentUrl":"https:\/\/sysmatec.ch\/wp-content\/uploads\/2023\/02\/AnalyseSorbitolXylitol_Megazyme.jpg","width":600,"height":400},{"@type":"BreadcrumbList","@id":"https:\/\/sysmatec.ch\/de\/Produkt\/d-sorbitol-xylitol-assay-kit-k-sorb\/#breadcrumb","itemListElement":[{"@type":"ListItem","position":1,"name":"Accueil","item":"https:\/\/sysmatec.ch\/de\/"},{"@type":"ListItem","position":2,"name":"Die Aktivit\u00e4t von Sysmatec","item":"https:\/\/sysmatec.ch\/de\/"},{"@type":"ListItem","position":3,"name":"D-Sorbitol\/Xylitol Assay Kit K-SORB"}]},{"@type":"WebSite","@id":"https:\/\/sysmatec.ch\/de\/#website","url":"https:\/\/sysmatec.ch\/de\/","name":"Sysmatec","description":"Equipement de laboratoire et logiciels","publisher":{"@id":"https:\/\/sysmatec.ch\/de\/#organization"},"potentialAction":[{"@type":"SearchAction","target":{"@type":"EntryPoint","urlTemplate":"https:\/\/sysmatec.ch\/de\/?s={search_term_string}"},"query-input":{"@type":"PropertyValueSpecification","valueRequired":true,"valueName":"search_term_string"}}],"inLanguage":"de"},{"@type":"Organization","@id":"https:\/\/sysmatec.ch\/de\/#organization","name":"Sysmatec","url":"https:\/\/sysmatec.ch\/de\/","logo":{"@type":"ImageObject","inLanguage":"de","@id":"https:\/\/sysmatec.ch\/de\/#\/schema\/logo\/image\/","url":"https:\/\/sysmatec.ch\/wp-content\/uploads\/2018\/11\/LogoSysmatec.jpg","contentUrl":"https:\/\/sysmatec.ch\/wp-content\/uploads\/2018\/11\/LogoSysmatec.jpg","width":301,"height":297,"caption":"Sysmatec"},"image":{"@id":"https:\/\/sysmatec.ch\/de\/#\/schema\/logo\/image\/"}}]}},"_links":{"self":[{"href":"https:\/\/sysmatec.ch\/de\/wp-json\/wp\/v2\/product\/28432","targetHints":{"allow":["GET"]}}],"collection":[{"href":"https:\/\/sysmatec.ch\/de\/wp-json\/wp\/v2\/product"}],"about":[{"href":"https:\/\/sysmatec.ch\/de\/wp-json\/wp\/v2\/types\/product"}],"wp:featuredmedia":[{"embeddable":true,"href":"https:\/\/sysmatec.ch\/de\/wp-json\/wp\/v2\/media\/28430"}],"wp:attachment":[{"href":"https:\/\/sysmatec.ch\/de\/wp-json\/wp\/v2\/media?parent=28432"}],"wp:term":[{"taxonomy":"product_brand","embeddable":true,"href":"https:\/\/sysmatec.ch\/de\/wp-json\/wp\/v2\/product_brand?post=28432"},{"taxonomy":"product_cat","embeddable":true,"href":"https:\/\/sysmatec.ch\/de\/wp-json\/wp\/v2\/product_cat?post=28432"},{"taxonomy":"product_tag","embeddable":true,"href":"https:\/\/sysmatec.ch\/de\/wp-json\/wp\/v2\/product_tag?post=28432"}],"curies":[{"name":"wp","href":"https:\/\/api.w.org\/{rel}","templated":true}]}}