{"id":28424,"date":"2023-02-20T11:16:09","date_gmt":"2023-02-20T10:16:09","guid":{"rendered":"https:\/\/sysmatec.ch\/produit\/ethanol-assay-kit\/"},"modified":"2023-02-20T11:36:04","modified_gmt":"2023-02-20T10:36:04","slug":"ethanol-assay-kit","status":"publish","type":"product","link":"https:\/\/sysmatec.ch\/de\/Produkt\/ethanol-assay-kit\/","title":{"rendered":"Ethanol -Assay -Kit"},"content":{"rendered":"<p>Das Ethanol -Testkit ist eine einfache, zuverl\u00e4ssige und genaue Methode zur Messung und Analyse von Ethanol in Getr\u00e4nken und Lebensmitteln.<\/p>\n<p>Die Anzahl der manuellen Tests pro Kit kann verdoppelt werden, wenn alle Volumina halbiert werden. Dies kann mit dem Megaquanttm -Wellenspektrophotometer leicht untergebracht werden<\/p>\n<h2 class=\"description--advantages-title\">Vorteile<\/h2>\n<ul>\n<li>Erweiterte Cofaktoren Stabilit\u00e4t. Aufgel\u00f6ste Cofaktoren f\u00fcr&gt; 1 Jahr bei 4 \u00b0C.<\/li>\n<li>Einfaches Format &#8211; Aldehyd -Dehydrogenase als stabile Suspension geliefert<\/li>\n<li>Sehr wettbewerbsf\u00e4higer Preis (Kosten pro Test)<\/li>\n<li>Alle Reagenzien f\u00fcr&gt; 2 Jahre nach der Vorbereitung stabil<\/li>\n<li>Schnelle Reaktion<\/li>\n<li>Das Mega-Calc \u2122 -Software-Tool ist f\u00fcr die problemlose Rohdatenverarbeitung verf\u00fcgbar<\/li>\n<li>Standard enthalten<\/li>\n<li>Geeignet f\u00fcr manuelle, Mikroplatten- und Autoanalyserformate<\/li>\n<\/ul>\n<h2>Beschreibung<\/h2>\n<table class=\"description--table mega-detail-table\">\n<tbody>\n<tr class=\"description--table-row\">\n<td class=\"description--table-col is--bold\">Inhalt<\/td>\n<td class=\"description--table-col\">60 Assays (Handbuch) \/ 600 Assays (Mikroplate) \/ 600 Assays (Autoanalyser)<\/td>\n<\/tr>\n<tr class=\"description--table-row\">\n<td class=\"description--table-col is--bold\">Transport Temperatur<\/td>\n<td class=\"description--table-col\">Umgebung<\/td>\n<\/tr>\n<tr class=\"description--table-row\">\n<td class=\"description--table-col is--bold\">Lagerungstemperatur<\/td>\n<td class=\"description--table-col\">Kurzfristige Stabilit\u00e4t: 2-8 \u00b0c,<br \/>\nLangzeitstabilit\u00e4t: Siehe individuelle Komponentenetiketten<\/td>\n<\/tr>\n<tr class=\"description--table-row\">\n<td class=\"description--table-col is--bold\">Stabilit\u00e4t<\/td>\n<td class=\"description--table-col\">&gt; 1 Jahr unter empfohlenen Speicherbedingungen<\/td>\n<\/tr>\n<\/tbody>\n<\/table>\n<table class=\"description--table mega-detail-table\">\n<tbody>\n<tr class=\"description--table-row\">\n<td class=\"description--table-col is--bold\">Analyt<\/td>\n<td class=\"description--table-col\">Ethanol<\/td>\n<\/tr>\n<tr class=\"description--table-row\">\n<td class=\"description--table-col is--bold\">Material<\/td>\n<td class=\"description--table-col\">Spektrophotometer, Mikroplatten, Autoanalyser<\/td>\n<\/tr>\n<tr class=\"description--table-row\">\n<td class=\"description--table-col is--bold\">Nachweismethode<\/td>\n<td class=\"description--table-col\">Absorbtion<\/td>\n<\/tr>\n<tr class=\"description--table-row\">\n<td class=\"description--table-col is--bold\">Wellenl\u00e4nge (nm):<\/td>\n<td class=\"description--table-col\">340<\/td>\n<\/tr>\n<tr class=\"description--table-row\">\n<td class=\"description--table-col is--bold\">Antwort<\/td>\n<td class=\"description--table-col\">Steigung<\/td>\n<\/tr>\n<tr class=\"description--table-row\">\n<td class=\"description--table-col is--bold\">Linearer Bereich<\/td>\n<td class=\"description--table-col\">0,25 bis 12 \u00b5g Ethanol pro Assay<\/td>\n<\/tr>\n<tr class=\"description--table-row\">\n<td class=\"description--table-col is--bold\">Nachweisgrenze<\/td>\n<td class=\"description--table-col\">0.093 mg\/L<\/td>\n<\/tr>\n<tr class=\"description--table-row\">\n<td class=\"description--table-col is--bold\">Reaktionszeit (min):<\/td>\n<td class=\"description--table-col\">ca. 5 min<\/td>\n<\/tr>\n<tr class=\"description--table-row\">\n<td class=\"description--table-col is--bold\">Beispiele<\/td>\n<td class=\"description--table-col\">Wein, Bier, Apfelwein, alkoholische Fruchts\u00e4fte, Spirituosen, Lik\u00f6re, niedrigalkoholische \/ alkoholfreie Getr\u00e4nke, Gurken, Obst- und Fruchtsaft, Schokoladenprodukte, Essig, Marmelade, Brot und Backwaren, Honig, Sojasauce, Milchprodukte, Produkte, Produkte, Molkereiprodukte, Produkte, Produkte, Produkte, Produkte, Produkte, Produkte, Produkte, produkte Kosmetika, Pharmazeutika und andere Materialien (z. B. biologische Kulturen, Proben usw.).<\/td>\n<\/tr>\n<\/tbody>\n<\/table>\n","protected":false},"excerpt":{"rendered":"<p>Ethanol -Assay unter Verwendung eines Spektrophotometers<\/p>\n","protected":false},"featured_media":28422,"template":"","meta":{"_crdt_document":""},"product_brand":[],"product_cat":[188,368],"product_tag":[],"class_list":{"0":"post-28424","1":"product","2":"type-product","3":"status-publish","4":"has-post-thumbnail","6":"product_cat-analyse-de","7":"product_cat-chemische-verbindung","9":"first","10":"instock","11":"taxable","12":"shipping-taxable","13":"product-type-simple"},"yoast_head":"<!-- This site is optimized with the Yoast SEO plugin v27.4 - https:\/\/yoast.com\/product\/yoast-seo-wordpress\/ -->\n<title>Ethanol -Assay -Kit - Sysmatec<\/title>\n<meta name=\"description\" content=\"Ethanol -Assay unter Verwendung eines Spektrophotometers f\u00fcr den Bereich von 0,25 bis 12 \u00b5g Ethanol pro Assay\" \/>\n<meta name=\"robots\" content=\"index, follow, max-snippet:-1, max-image-preview:large, max-video-preview:-1\" \/>\n<link rel=\"canonical\" href=\"https:\/\/sysmatec.ch\/de\/Produkt\/ethanol-assay-kit\/\" \/>\n<meta property=\"og:locale\" content=\"de_DE\" \/>\n<meta property=\"og:type\" content=\"article\" \/>\n<meta property=\"og:title\" content=\"Ethanol -Assay -Kit - Sysmatec\" \/>\n<meta property=\"og:description\" content=\"Ethanol -Assay unter Verwendung eines Spektrophotometers f\u00fcr den Bereich von 0,25 bis 12 \u00b5g Ethanol pro Assay\" \/>\n<meta property=\"og:url\" content=\"https:\/\/sysmatec.ch\/de\/Produkt\/ethanol-assay-kit\/\" \/>\n<meta property=\"og:site_name\" content=\"Sysmatec\" \/>\n<meta property=\"article:modified_time\" content=\"2023-02-20T10:36:04+00:00\" \/>\n<meta property=\"og:image\" content=\"https:\/\/sysmatec.ch\/wp-content\/uploads\/2023\/02\/AnalyseEthanol_Megazyme.jpg\" \/>\n\t<meta property=\"og:image:width\" content=\"600\" \/>\n\t<meta property=\"og:image:height\" content=\"400\" \/>\n\t<meta property=\"og:image:type\" content=\"image\/jpeg\" \/>\n<meta name=\"twitter:card\" content=\"summary_large_image\" \/>\n<meta name=\"twitter:label1\" content=\"Gesch\u00e4tzte Lesezeit\" \/>\n\t<meta name=\"twitter:data1\" content=\"2\u00a0Minuten\" \/>\n<script type=\"application\/ld+json\" class=\"yoast-schema-graph\">{\"@context\":\"https:\\\/\\\/schema.org\",\"@graph\":[{\"@type\":\"WebPage\",\"@id\":\"https:\\\/\\\/sysmatec.ch\\\/de\\\/Produkt\\\/ethanol-assay-kit\\\/\",\"url\":\"https:\\\/\\\/sysmatec.ch\\\/de\\\/Produkt\\\/ethanol-assay-kit\\\/\",\"name\":\"Ethanol -Assay -Kit - Sysmatec\",\"isPartOf\":{\"@id\":\"https:\\\/\\\/sysmatec.ch\\\/de\\\/#website\"},\"primaryImageOfPage\":{\"@id\":\"https:\\\/\\\/sysmatec.ch\\\/de\\\/Produkt\\\/ethanol-assay-kit\\\/#primaryimage\"},\"image\":{\"@id\":\"https:\\\/\\\/sysmatec.ch\\\/de\\\/Produkt\\\/ethanol-assay-kit\\\/#primaryimage\"},\"thumbnailUrl\":\"https:\\\/\\\/sysmatec.ch\\\/wp-content\\\/uploads\\\/2023\\\/02\\\/AnalyseEthanol_Megazyme.jpg\",\"datePublished\":\"2023-02-20T10:16:09+00:00\",\"dateModified\":\"2023-02-20T10:36:04+00:00\",\"description\":\"Ethanol -Assay unter Verwendung eines Spektrophotometers f\u00fcr den Bereich von 0,25 bis 12 \u00b5g Ethanol pro Assay\",\"breadcrumb\":{\"@id\":\"https:\\\/\\\/sysmatec.ch\\\/de\\\/Produkt\\\/ethanol-assay-kit\\\/#breadcrumb\"},\"inLanguage\":\"de\",\"potentialAction\":[{\"@type\":\"ReadAction\",\"target\":[\"https:\\\/\\\/sysmatec.ch\\\/de\\\/Produkt\\\/ethanol-assay-kit\\\/\"]}]},{\"@type\":\"ImageObject\",\"inLanguage\":\"de\",\"@id\":\"https:\\\/\\\/sysmatec.ch\\\/de\\\/Produkt\\\/ethanol-assay-kit\\\/#primaryimage\",\"url\":\"https:\\\/\\\/sysmatec.ch\\\/wp-content\\\/uploads\\\/2023\\\/02\\\/AnalyseEthanol_Megazyme.jpg\",\"contentUrl\":\"https:\\\/\\\/sysmatec.ch\\\/wp-content\\\/uploads\\\/2023\\\/02\\\/AnalyseEthanol_Megazyme.jpg\",\"width\":600,\"height\":400},{\"@type\":\"BreadcrumbList\",\"@id\":\"https:\\\/\\\/sysmatec.ch\\\/de\\\/Produkt\\\/ethanol-assay-kit\\\/#breadcrumb\",\"itemListElement\":[{\"@type\":\"ListItem\",\"position\":1,\"name\":\"Accueil\",\"item\":\"https:\\\/\\\/sysmatec.ch\\\/de\\\/\"},{\"@type\":\"ListItem\",\"position\":2,\"name\":\"Die Aktivit\u00e4t von Sysmatec\",\"item\":\"https:\\\/\\\/sysmatec.ch\\\/de\\\/\"},{\"@type\":\"ListItem\",\"position\":3,\"name\":\"Ethanol -Assay -Kit\"}]},{\"@type\":\"WebSite\",\"@id\":\"https:\\\/\\\/sysmatec.ch\\\/de\\\/#website\",\"url\":\"https:\\\/\\\/sysmatec.ch\\\/de\\\/\",\"name\":\"Sysmatec\",\"description\":\"Equipement de laboratoire et logiciels\",\"publisher\":{\"@id\":\"https:\\\/\\\/sysmatec.ch\\\/de\\\/#organization\"},\"potentialAction\":[{\"@type\":\"SearchAction\",\"target\":{\"@type\":\"EntryPoint\",\"urlTemplate\":\"https:\\\/\\\/sysmatec.ch\\\/de\\\/?s={search_term_string}\"},\"query-input\":{\"@type\":\"PropertyValueSpecification\",\"valueRequired\":true,\"valueName\":\"search_term_string\"}}],\"inLanguage\":\"de\"},{\"@type\":\"Organization\",\"@id\":\"https:\\\/\\\/sysmatec.ch\\\/de\\\/#organization\",\"name\":\"Sysmatec\",\"url\":\"https:\\\/\\\/sysmatec.ch\\\/de\\\/\",\"logo\":{\"@type\":\"ImageObject\",\"inLanguage\":\"de\",\"@id\":\"https:\\\/\\\/sysmatec.ch\\\/de\\\/#\\\/schema\\\/logo\\\/image\\\/\",\"url\":\"https:\\\/\\\/sysmatec.ch\\\/wp-content\\\/uploads\\\/2018\\\/11\\\/LogoSysmatec.jpg\",\"contentUrl\":\"https:\\\/\\\/sysmatec.ch\\\/wp-content\\\/uploads\\\/2018\\\/11\\\/LogoSysmatec.jpg\",\"width\":301,\"height\":297,\"caption\":\"Sysmatec\"},\"image\":{\"@id\":\"https:\\\/\\\/sysmatec.ch\\\/de\\\/#\\\/schema\\\/logo\\\/image\\\/\"}}]}<\/script>\n<!-- \/ Yoast SEO plugin. -->","yoast_head_json":{"title":"Ethanol -Assay -Kit - Sysmatec","description":"Ethanol -Assay unter Verwendung eines Spektrophotometers f\u00fcr den Bereich von 0,25 bis 12 \u00b5g Ethanol pro Assay","robots":{"index":"index","follow":"follow","max-snippet":"max-snippet:-1","max-image-preview":"max-image-preview:large","max-video-preview":"max-video-preview:-1"},"canonical":"https:\/\/sysmatec.ch\/de\/Produkt\/ethanol-assay-kit\/","og_locale":"de_DE","og_type":"article","og_title":"Ethanol -Assay -Kit - Sysmatec","og_description":"Ethanol -Assay unter Verwendung eines Spektrophotometers f\u00fcr den Bereich von 0,25 bis 12 \u00b5g Ethanol pro Assay","og_url":"https:\/\/sysmatec.ch\/de\/Produkt\/ethanol-assay-kit\/","og_site_name":"Sysmatec","article_modified_time":"2023-02-20T10:36:04+00:00","og_image":[{"width":600,"height":400,"url":"https:\/\/sysmatec.ch\/wp-content\/uploads\/2023\/02\/AnalyseEthanol_Megazyme.jpg","type":"image\/jpeg"}],"twitter_card":"summary_large_image","twitter_misc":{"Gesch\u00e4tzte Lesezeit":"2\u00a0Minuten"},"schema":{"@context":"https:\/\/schema.org","@graph":[{"@type":"WebPage","@id":"https:\/\/sysmatec.ch\/de\/Produkt\/ethanol-assay-kit\/","url":"https:\/\/sysmatec.ch\/de\/Produkt\/ethanol-assay-kit\/","name":"Ethanol -Assay -Kit - Sysmatec","isPartOf":{"@id":"https:\/\/sysmatec.ch\/de\/#website"},"primaryImageOfPage":{"@id":"https:\/\/sysmatec.ch\/de\/Produkt\/ethanol-assay-kit\/#primaryimage"},"image":{"@id":"https:\/\/sysmatec.ch\/de\/Produkt\/ethanol-assay-kit\/#primaryimage"},"thumbnailUrl":"https:\/\/sysmatec.ch\/wp-content\/uploads\/2023\/02\/AnalyseEthanol_Megazyme.jpg","datePublished":"2023-02-20T10:16:09+00:00","dateModified":"2023-02-20T10:36:04+00:00","description":"Ethanol -Assay unter Verwendung eines Spektrophotometers f\u00fcr den Bereich von 0,25 bis 12 \u00b5g Ethanol pro Assay","breadcrumb":{"@id":"https:\/\/sysmatec.ch\/de\/Produkt\/ethanol-assay-kit\/#breadcrumb"},"inLanguage":"de","potentialAction":[{"@type":"ReadAction","target":["https:\/\/sysmatec.ch\/de\/Produkt\/ethanol-assay-kit\/"]}]},{"@type":"ImageObject","inLanguage":"de","@id":"https:\/\/sysmatec.ch\/de\/Produkt\/ethanol-assay-kit\/#primaryimage","url":"https:\/\/sysmatec.ch\/wp-content\/uploads\/2023\/02\/AnalyseEthanol_Megazyme.jpg","contentUrl":"https:\/\/sysmatec.ch\/wp-content\/uploads\/2023\/02\/AnalyseEthanol_Megazyme.jpg","width":600,"height":400},{"@type":"BreadcrumbList","@id":"https:\/\/sysmatec.ch\/de\/Produkt\/ethanol-assay-kit\/#breadcrumb","itemListElement":[{"@type":"ListItem","position":1,"name":"Accueil","item":"https:\/\/sysmatec.ch\/de\/"},{"@type":"ListItem","position":2,"name":"Die Aktivit\u00e4t von Sysmatec","item":"https:\/\/sysmatec.ch\/de\/"},{"@type":"ListItem","position":3,"name":"Ethanol -Assay -Kit"}]},{"@type":"WebSite","@id":"https:\/\/sysmatec.ch\/de\/#website","url":"https:\/\/sysmatec.ch\/de\/","name":"Sysmatec","description":"Equipement de laboratoire et logiciels","publisher":{"@id":"https:\/\/sysmatec.ch\/de\/#organization"},"potentialAction":[{"@type":"SearchAction","target":{"@type":"EntryPoint","urlTemplate":"https:\/\/sysmatec.ch\/de\/?s={search_term_string}"},"query-input":{"@type":"PropertyValueSpecification","valueRequired":true,"valueName":"search_term_string"}}],"inLanguage":"de"},{"@type":"Organization","@id":"https:\/\/sysmatec.ch\/de\/#organization","name":"Sysmatec","url":"https:\/\/sysmatec.ch\/de\/","logo":{"@type":"ImageObject","inLanguage":"de","@id":"https:\/\/sysmatec.ch\/de\/#\/schema\/logo\/image\/","url":"https:\/\/sysmatec.ch\/wp-content\/uploads\/2018\/11\/LogoSysmatec.jpg","contentUrl":"https:\/\/sysmatec.ch\/wp-content\/uploads\/2018\/11\/LogoSysmatec.jpg","width":301,"height":297,"caption":"Sysmatec"},"image":{"@id":"https:\/\/sysmatec.ch\/de\/#\/schema\/logo\/image\/"}}]}},"_links":{"self":[{"href":"https:\/\/sysmatec.ch\/de\/wp-json\/wp\/v2\/product\/28424","targetHints":{"allow":["GET"]}}],"collection":[{"href":"https:\/\/sysmatec.ch\/de\/wp-json\/wp\/v2\/product"}],"about":[{"href":"https:\/\/sysmatec.ch\/de\/wp-json\/wp\/v2\/types\/product"}],"wp:featuredmedia":[{"embeddable":true,"href":"https:\/\/sysmatec.ch\/de\/wp-json\/wp\/v2\/media\/28422"}],"wp:attachment":[{"href":"https:\/\/sysmatec.ch\/de\/wp-json\/wp\/v2\/media?parent=28424"}],"wp:term":[{"taxonomy":"product_brand","embeddable":true,"href":"https:\/\/sysmatec.ch\/de\/wp-json\/wp\/v2\/product_brand?post=28424"},{"taxonomy":"product_cat","embeddable":true,"href":"https:\/\/sysmatec.ch\/de\/wp-json\/wp\/v2\/product_cat?post=28424"},{"taxonomy":"product_tag","embeddable":true,"href":"https:\/\/sysmatec.ch\/de\/wp-json\/wp\/v2\/product_tag?post=28424"}],"curies":[{"name":"wp","href":"https:\/\/api.w.org\/{rel}","templated":true}]}}