{"id":28392,"date":"2023-02-19T18:55:58","date_gmt":"2023-02-19T17:55:58","guid":{"rendered":"https:\/\/sysmatec.ch\/produit\/total-dietary-fiber-assay-kit-k-tdfr-200a\/"},"modified":"2023-02-19T19:12:02","modified_gmt":"2023-02-19T18:12:02","slug":"gesamtballaststoff-assay-kit-k-tdfr-200a","status":"publish","type":"product","link":"https:\/\/sysmatec.ch\/de\/Produkt\/gesamtballaststoff-assay-kit-k-tdfr-200a\/","title":{"rendered":"Gesamtballaststoff-Assay-Kit K-TDFR-200A"},"content":{"rendered":"<p>Das Assay-Kit f\u00fcr Gesamtballaststoffe zur Analyse von Gesamt-, l\u00f6slichen und unl\u00f6slichen Ballaststoffen gem\u00e4\u00df AOAC- und AACC-zugelassenen Methoden.<\/p>\n<p>Ballaststoffe k\u00f6nnen allgemein als der Kohlenhydratanteil der Nahrung bezeichnet werden, der nicht im menschlichen D\u00fcnndarm verdaut wird. Es gelangt in den Dickdarm, wo es teilweise oder vollst\u00e4ndig fermentiert wird. Diese Eigenschaften von Ballaststoffen sind mit ihren zahlreichen gut dokumentierten gesundheitlichen Vorteilen verbunden.<\/p>\n<p>Ballaststoffe sind eine Mischung aus komplexen organischen Substanzen, darunter hydrophile Verbindungen wie l\u00f6sliche und unl\u00f6sliche Polysaccharide und unverdauliche Oligosaccharide sowie eine Reihe nicht quellbarer, mehr oder weniger hydrophober Verbindungen wie Cutine, Suberine und Lignine. Die Verfahren zur Bestimmung und Analyse der gesamten Ballaststoffe, wie sie in unserem Testprotokoll beschrieben sind, basieren auf den Methoden von Lee\u00a0et al.1\u00a0und Prosky\u00a0et al.2,3\u00a0(AOAC 991.43, AOAC 985.29, AACC 32-07.01 und AACC 32 -05.01). Die Enzyme im Megazyme Total Dietary Fiber Kit k\u00f6nnen jedoch auch in anderen Analysemethoden f\u00fcr Ballaststoffe wie AACC-Methode 32-21.01 und AACC-Methode 32-06.01 verwendet werden.<\/p>\n<p>Zwei getrennte Methoden sind im zugeh\u00f6rigen Testprotokoll beschrieben<\/p>\n<ol>\n<li>BESTIMMUNG DER GESAMTEN, L\u00d6SLICHEN UND UNL\u00d6SLICHEN NAHRUNGSFASER basierend auf AOAC-Methode 991.43 \u201eGesamt, l\u00f6sliche und unl\u00f6sliche Nahrungsfaser in Lebensmitteln\u201c (Erste Aktion 1991) und AACC-Methode 32-07.01 \u201eBestimmung der l\u00f6slichen, unl\u00f6slichen und gesamten Nahrungsfaser in Lebensmitteln und Lebensmittel\u201c (Endg\u00fcltige Genehmigung 16.10.91).<\/li>\n<li>BESTIMMUNG DER GESAMTEN NAHRUNGSFASER, basierend auf der AACC-Methode 32-05.01 und der AOAC-Methode 985.29<\/li>\n<\/ol>\n<h2 class=\"description--advantages-title\">Vorteile<\/h2>\n<ul>\n<li>Sehr konkurrenzf\u00e4higer Preis (Kosten pro Test)<\/li>\n<li>Alle Reagenzien &gt; 2 Jahre haltbar<\/li>\n<li>Einsatz hochreiner \/ standardisierter Enzyme<\/li>\n<li>Das Software-Tool Mega-Calc\u2122 ist f\u00fcr die problemlose Rohdatenverarbeitung verf\u00fcgbar<\/li>\n<li>Einfaches Format<\/li>\n<\/ul>\n<h2>Beschreibung<\/h2>\n<table class=\"description--table mega-detail-table\">\n<tbody>\n<tr class=\"description--table-row\">\n<td class=\"description--table-col is--bold\">Inhalt<\/td>\n<td class=\"description--table-col\">100 Test \/ 200 Test<\/td>\n<\/tr>\n<tr class=\"description--table-row\">\n<td class=\"description--table-col is--bold\">Transport Temperatur<\/td>\n<td class=\"description--table-col\">Umgebung<\/td>\n<\/tr>\n<tr class=\"description--table-row\">\n<td class=\"description--table-col is--bold\">Lagerungstemperatur<\/td>\n<td class=\"description--table-col\">Kurzzeitstabilit\u00e4t: 2-8 \u00b0C,<br \/>\nLangzeitstabilit\u00e4t: Siehe Etiketten der einzelnen Komponenten<\/td>\n<\/tr>\n<tr class=\"description--table-row\">\n<td class=\"description--table-col is--bold\">Stabilit\u00e4t<\/td>\n<td class=\"description--table-col\">&gt; 2 Jahre unter empfohlenen Lagerbedingungen<\/td>\n<\/tr>\n<\/tbody>\n<\/table>\n<table class=\"description--table mega-detail-table\">\n<tbody>\n<tr class=\"description--table-row\">\n<td class=\"description--table-col is--bold\">Analyt<\/td>\n<td class=\"description--table-col\">Ballaststoffe<\/td>\n<\/tr>\n<tr class=\"description--table-row\">\n<td class=\"description--table-col is--bold\">Methode<\/td>\n<td class=\"description--table-col\">Enzymatisch<\/td>\n<\/tr>\n<tr class=\"description--table-row\">\n<td class=\"description--table-col is--bold\">Messmethode<\/td>\n<td class=\"description--table-col\">Gravimetrisch<\/td>\n<\/tr>\n<tr class=\"description--table-row\">\n<td class=\"description--table-col is--bold\">Antwort<\/td>\n<td class=\"description--table-col\">Steigung<\/td>\n<\/tr>\n<tr class=\"description--table-row\">\n<td class=\"description--table-col is--bold\">Nachweisgrenze<\/td>\n<td class=\"description--table-col\">0.5 g\/100 g<\/td>\n<\/tr>\n<tr class=\"description--table-row\">\n<td class=\"description--table-col is--bold\">Testdauer<\/td>\n<td class=\"description--table-col\">ca. 100 min<\/td>\n<\/tr>\n<\/tbody>\n<\/table>\n<p>Ref. K-TDFR-200A<\/p>\n","protected":false},"excerpt":{"rendered":"<p>Messung der gesamten Ballaststoffe mit einer gravimetrische Methode.<\/p>\n","protected":false},"featured_media":28390,"template":"","meta":{"_crdt_document":""},"product_brand":[],"product_cat":[188,368],"product_tag":[],"class_list":{"0":"post-28392","1":"product","2":"type-product","3":"status-publish","4":"has-post-thumbnail","6":"product_cat-analyse-de","7":"product_cat-chemische-verbindung","9":"first","10":"instock","11":"taxable","12":"shipping-taxable","13":"product-type-simple"},"yoast_head":"<!-- This site is optimized with the Yoast SEO plugin v27.4 - https:\/\/yoast.com\/product\/yoast-seo-wordpress\/ -->\n<title>Gesamtballaststoff-Assay-Kit K-TDFR-200A - Sysmatec<\/title>\n<meta name=\"description\" content=\"Messung der gesamten Ballaststoffe mit einer gravimetrische Methode. Nachweisgrenze 0,5 g\/100 g.\" \/>\n<meta name=\"robots\" content=\"index, follow, max-snippet:-1, max-image-preview:large, max-video-preview:-1\" \/>\n<link rel=\"canonical\" href=\"https:\/\/sysmatec.ch\/de\/Produkt\/gesamtballaststoff-assay-kit-k-tdfr-200a\/\" \/>\n<meta property=\"og:locale\" content=\"de_DE\" \/>\n<meta property=\"og:type\" content=\"article\" \/>\n<meta property=\"og:title\" content=\"Gesamtballaststoff-Assay-Kit K-TDFR-200A - Sysmatec\" \/>\n<meta property=\"og:description\" content=\"Messung der gesamten Ballaststoffe mit einer gravimetrische Methode. Nachweisgrenze 0,5 g\/100 g.\" \/>\n<meta property=\"og:url\" content=\"https:\/\/sysmatec.ch\/de\/Produkt\/gesamtballaststoff-assay-kit-k-tdfr-200a\/\" \/>\n<meta property=\"og:site_name\" content=\"Sysmatec\" \/>\n<meta property=\"article:modified_time\" content=\"2023-02-19T18:12:02+00:00\" \/>\n<meta property=\"og:image\" content=\"https:\/\/sysmatec.ch\/wp-content\/uploads\/2023\/02\/AnalyseFibre_Megazyme.jpg\" \/>\n\t<meta property=\"og:image:width\" content=\"600\" \/>\n\t<meta property=\"og:image:height\" content=\"400\" \/>\n\t<meta property=\"og:image:type\" content=\"image\/jpeg\" \/>\n<meta name=\"twitter:card\" content=\"summary_large_image\" \/>\n<meta name=\"twitter:label1\" content=\"Gesch\u00e4tzte Lesezeit\" \/>\n\t<meta name=\"twitter:data1\" content=\"2\u00a0Minuten\" \/>\n<script type=\"application\/ld+json\" class=\"yoast-schema-graph\">{\"@context\":\"https:\\\/\\\/schema.org\",\"@graph\":[{\"@type\":\"WebPage\",\"@id\":\"https:\\\/\\\/sysmatec.ch\\\/de\\\/Produkt\\\/gesamtballaststoff-assay-kit-k-tdfr-200a\\\/\",\"url\":\"https:\\\/\\\/sysmatec.ch\\\/de\\\/Produkt\\\/gesamtballaststoff-assay-kit-k-tdfr-200a\\\/\",\"name\":\"Gesamtballaststoff-Assay-Kit K-TDFR-200A - Sysmatec\",\"isPartOf\":{\"@id\":\"https:\\\/\\\/sysmatec.ch\\\/de\\\/#website\"},\"primaryImageOfPage\":{\"@id\":\"https:\\\/\\\/sysmatec.ch\\\/de\\\/Produkt\\\/gesamtballaststoff-assay-kit-k-tdfr-200a\\\/#primaryimage\"},\"image\":{\"@id\":\"https:\\\/\\\/sysmatec.ch\\\/de\\\/Produkt\\\/gesamtballaststoff-assay-kit-k-tdfr-200a\\\/#primaryimage\"},\"thumbnailUrl\":\"https:\\\/\\\/sysmatec.ch\\\/wp-content\\\/uploads\\\/2023\\\/02\\\/AnalyseFibre_Megazyme.jpg\",\"datePublished\":\"2023-02-19T17:55:58+00:00\",\"dateModified\":\"2023-02-19T18:12:02+00:00\",\"description\":\"Messung der gesamten Ballaststoffe mit einer gravimetrische Methode. Nachweisgrenze 0,5 g\\\/100 g.\",\"breadcrumb\":{\"@id\":\"https:\\\/\\\/sysmatec.ch\\\/de\\\/Produkt\\\/gesamtballaststoff-assay-kit-k-tdfr-200a\\\/#breadcrumb\"},\"inLanguage\":\"de\",\"potentialAction\":[{\"@type\":\"ReadAction\",\"target\":[\"https:\\\/\\\/sysmatec.ch\\\/de\\\/Produkt\\\/gesamtballaststoff-assay-kit-k-tdfr-200a\\\/\"]}]},{\"@type\":\"ImageObject\",\"inLanguage\":\"de\",\"@id\":\"https:\\\/\\\/sysmatec.ch\\\/de\\\/Produkt\\\/gesamtballaststoff-assay-kit-k-tdfr-200a\\\/#primaryimage\",\"url\":\"https:\\\/\\\/sysmatec.ch\\\/wp-content\\\/uploads\\\/2023\\\/02\\\/AnalyseFibre_Megazyme.jpg\",\"contentUrl\":\"https:\\\/\\\/sysmatec.ch\\\/wp-content\\\/uploads\\\/2023\\\/02\\\/AnalyseFibre_Megazyme.jpg\",\"width\":600,\"height\":400},{\"@type\":\"BreadcrumbList\",\"@id\":\"https:\\\/\\\/sysmatec.ch\\\/de\\\/Produkt\\\/gesamtballaststoff-assay-kit-k-tdfr-200a\\\/#breadcrumb\",\"itemListElement\":[{\"@type\":\"ListItem\",\"position\":1,\"name\":\"Accueil\",\"item\":\"https:\\\/\\\/sysmatec.ch\\\/de\\\/\"},{\"@type\":\"ListItem\",\"position\":2,\"name\":\"Die Aktivit\u00e4t von Sysmatec\",\"item\":\"https:\\\/\\\/sysmatec.ch\\\/de\\\/\"},{\"@type\":\"ListItem\",\"position\":3,\"name\":\"Gesamtballaststoff-Assay-Kit K-TDFR-200A\"}]},{\"@type\":\"WebSite\",\"@id\":\"https:\\\/\\\/sysmatec.ch\\\/de\\\/#website\",\"url\":\"https:\\\/\\\/sysmatec.ch\\\/de\\\/\",\"name\":\"Sysmatec\",\"description\":\"Equipement de laboratoire et logiciels\",\"publisher\":{\"@id\":\"https:\\\/\\\/sysmatec.ch\\\/de\\\/#organization\"},\"potentialAction\":[{\"@type\":\"SearchAction\",\"target\":{\"@type\":\"EntryPoint\",\"urlTemplate\":\"https:\\\/\\\/sysmatec.ch\\\/de\\\/?s={search_term_string}\"},\"query-input\":{\"@type\":\"PropertyValueSpecification\",\"valueRequired\":true,\"valueName\":\"search_term_string\"}}],\"inLanguage\":\"de\"},{\"@type\":\"Organization\",\"@id\":\"https:\\\/\\\/sysmatec.ch\\\/de\\\/#organization\",\"name\":\"Sysmatec\",\"url\":\"https:\\\/\\\/sysmatec.ch\\\/de\\\/\",\"logo\":{\"@type\":\"ImageObject\",\"inLanguage\":\"de\",\"@id\":\"https:\\\/\\\/sysmatec.ch\\\/de\\\/#\\\/schema\\\/logo\\\/image\\\/\",\"url\":\"https:\\\/\\\/sysmatec.ch\\\/wp-content\\\/uploads\\\/2018\\\/11\\\/LogoSysmatec.jpg\",\"contentUrl\":\"https:\\\/\\\/sysmatec.ch\\\/wp-content\\\/uploads\\\/2018\\\/11\\\/LogoSysmatec.jpg\",\"width\":301,\"height\":297,\"caption\":\"Sysmatec\"},\"image\":{\"@id\":\"https:\\\/\\\/sysmatec.ch\\\/de\\\/#\\\/schema\\\/logo\\\/image\\\/\"}}]}<\/script>\n<!-- \/ Yoast SEO plugin. -->","yoast_head_json":{"title":"Gesamtballaststoff-Assay-Kit K-TDFR-200A - Sysmatec","description":"Messung der gesamten Ballaststoffe mit einer gravimetrische Methode. Nachweisgrenze 0,5 g\/100 g.","robots":{"index":"index","follow":"follow","max-snippet":"max-snippet:-1","max-image-preview":"max-image-preview:large","max-video-preview":"max-video-preview:-1"},"canonical":"https:\/\/sysmatec.ch\/de\/Produkt\/gesamtballaststoff-assay-kit-k-tdfr-200a\/","og_locale":"de_DE","og_type":"article","og_title":"Gesamtballaststoff-Assay-Kit K-TDFR-200A - Sysmatec","og_description":"Messung der gesamten Ballaststoffe mit einer gravimetrische Methode. Nachweisgrenze 0,5 g\/100 g.","og_url":"https:\/\/sysmatec.ch\/de\/Produkt\/gesamtballaststoff-assay-kit-k-tdfr-200a\/","og_site_name":"Sysmatec","article_modified_time":"2023-02-19T18:12:02+00:00","og_image":[{"width":600,"height":400,"url":"https:\/\/sysmatec.ch\/wp-content\/uploads\/2023\/02\/AnalyseFibre_Megazyme.jpg","type":"image\/jpeg"}],"twitter_card":"summary_large_image","twitter_misc":{"Gesch\u00e4tzte Lesezeit":"2\u00a0Minuten"},"schema":{"@context":"https:\/\/schema.org","@graph":[{"@type":"WebPage","@id":"https:\/\/sysmatec.ch\/de\/Produkt\/gesamtballaststoff-assay-kit-k-tdfr-200a\/","url":"https:\/\/sysmatec.ch\/de\/Produkt\/gesamtballaststoff-assay-kit-k-tdfr-200a\/","name":"Gesamtballaststoff-Assay-Kit K-TDFR-200A - Sysmatec","isPartOf":{"@id":"https:\/\/sysmatec.ch\/de\/#website"},"primaryImageOfPage":{"@id":"https:\/\/sysmatec.ch\/de\/Produkt\/gesamtballaststoff-assay-kit-k-tdfr-200a\/#primaryimage"},"image":{"@id":"https:\/\/sysmatec.ch\/de\/Produkt\/gesamtballaststoff-assay-kit-k-tdfr-200a\/#primaryimage"},"thumbnailUrl":"https:\/\/sysmatec.ch\/wp-content\/uploads\/2023\/02\/AnalyseFibre_Megazyme.jpg","datePublished":"2023-02-19T17:55:58+00:00","dateModified":"2023-02-19T18:12:02+00:00","description":"Messung der gesamten Ballaststoffe mit einer gravimetrische Methode. Nachweisgrenze 0,5 g\/100 g.","breadcrumb":{"@id":"https:\/\/sysmatec.ch\/de\/Produkt\/gesamtballaststoff-assay-kit-k-tdfr-200a\/#breadcrumb"},"inLanguage":"de","potentialAction":[{"@type":"ReadAction","target":["https:\/\/sysmatec.ch\/de\/Produkt\/gesamtballaststoff-assay-kit-k-tdfr-200a\/"]}]},{"@type":"ImageObject","inLanguage":"de","@id":"https:\/\/sysmatec.ch\/de\/Produkt\/gesamtballaststoff-assay-kit-k-tdfr-200a\/#primaryimage","url":"https:\/\/sysmatec.ch\/wp-content\/uploads\/2023\/02\/AnalyseFibre_Megazyme.jpg","contentUrl":"https:\/\/sysmatec.ch\/wp-content\/uploads\/2023\/02\/AnalyseFibre_Megazyme.jpg","width":600,"height":400},{"@type":"BreadcrumbList","@id":"https:\/\/sysmatec.ch\/de\/Produkt\/gesamtballaststoff-assay-kit-k-tdfr-200a\/#breadcrumb","itemListElement":[{"@type":"ListItem","position":1,"name":"Accueil","item":"https:\/\/sysmatec.ch\/de\/"},{"@type":"ListItem","position":2,"name":"Die Aktivit\u00e4t von Sysmatec","item":"https:\/\/sysmatec.ch\/de\/"},{"@type":"ListItem","position":3,"name":"Gesamtballaststoff-Assay-Kit K-TDFR-200A"}]},{"@type":"WebSite","@id":"https:\/\/sysmatec.ch\/de\/#website","url":"https:\/\/sysmatec.ch\/de\/","name":"Sysmatec","description":"Equipement de laboratoire et logiciels","publisher":{"@id":"https:\/\/sysmatec.ch\/de\/#organization"},"potentialAction":[{"@type":"SearchAction","target":{"@type":"EntryPoint","urlTemplate":"https:\/\/sysmatec.ch\/de\/?s={search_term_string}"},"query-input":{"@type":"PropertyValueSpecification","valueRequired":true,"valueName":"search_term_string"}}],"inLanguage":"de"},{"@type":"Organization","@id":"https:\/\/sysmatec.ch\/de\/#organization","name":"Sysmatec","url":"https:\/\/sysmatec.ch\/de\/","logo":{"@type":"ImageObject","inLanguage":"de","@id":"https:\/\/sysmatec.ch\/de\/#\/schema\/logo\/image\/","url":"https:\/\/sysmatec.ch\/wp-content\/uploads\/2018\/11\/LogoSysmatec.jpg","contentUrl":"https:\/\/sysmatec.ch\/wp-content\/uploads\/2018\/11\/LogoSysmatec.jpg","width":301,"height":297,"caption":"Sysmatec"},"image":{"@id":"https:\/\/sysmatec.ch\/de\/#\/schema\/logo\/image\/"}}]}},"_links":{"self":[{"href":"https:\/\/sysmatec.ch\/de\/wp-json\/wp\/v2\/product\/28392","targetHints":{"allow":["GET"]}}],"collection":[{"href":"https:\/\/sysmatec.ch\/de\/wp-json\/wp\/v2\/product"}],"about":[{"href":"https:\/\/sysmatec.ch\/de\/wp-json\/wp\/v2\/types\/product"}],"wp:featuredmedia":[{"embeddable":true,"href":"https:\/\/sysmatec.ch\/de\/wp-json\/wp\/v2\/media\/28390"}],"wp:attachment":[{"href":"https:\/\/sysmatec.ch\/de\/wp-json\/wp\/v2\/media?parent=28392"}],"wp:term":[{"taxonomy":"product_brand","embeddable":true,"href":"https:\/\/sysmatec.ch\/de\/wp-json\/wp\/v2\/product_brand?post=28392"},{"taxonomy":"product_cat","embeddable":true,"href":"https:\/\/sysmatec.ch\/de\/wp-json\/wp\/v2\/product_cat?post=28392"},{"taxonomy":"product_tag","embeddable":true,"href":"https:\/\/sysmatec.ch\/de\/wp-json\/wp\/v2\/product_tag?post=28392"}],"curies":[{"name":"wp","href":"https:\/\/api.w.org\/{rel}","templated":true}]}}