{"id":2839,"date":"2019-02-12T10:38:05","date_gmt":"2019-02-12T09:38:05","guid":{"rendered":"https:\/\/sysmatec.ch\/produit\/transpalette-peseur-kern-vhe-a\/"},"modified":"2022-03-01T11:47:45","modified_gmt":"2022-03-01T10:47:45","slug":"haengewaage-kern-hga","status":"publish","type":"product","link":"https:\/\/sysmatec.ch\/de\/Produkt\/haengewaage-kern-hga\/","title":{"rendered":"H\u00e4ngewaage KERN HGA"},"content":{"rendered":"<ul id=\"kernList1\">\n<li>Diese ergonomisch optimierte Gep\u00e4ckwaage eignet sich hervorragend zum schnellen und pr\u00e4zisen Pr\u00fcfen von Koffern, Taschen, Sportgep\u00e4ck etc. Die hohe Maximallast sorgt f\u00fcr ausreichend Sicherheitsreserve und bietet sich dadurch auch zum Wiegen anderer, h\u00e4ngender Lasten an<\/li>\n<li>Die Waage entspricht mit dem Pru?fzeichen T\u00dcV den Anforderungen der Norm: EN 13155 (Lose Lastaufnehmer\/Bruchsicherheit) und EN 61010-1 (Elektrische Sicherheit)<\/li>\n<li>\n<div id=\"verweis_01\">\u00a0Ergonomisches Design zur angenehmen Handhabung<\/div>\n<\/li>\n<li>Stabiles Nylongewebeband zum sicheren Befestigen des W\u00e4geguts<\/li>\n<li>Einfache und komfortable 1-Tasten-Bedienung<\/li>\n<li>Einheitenumschaltung bequem per Tastendruck<\/li>\n<li>Hohe Mobilit\u00e4t: Dank Batteriebetrieb und kompakter, leichter Bauweise geeignet zum Einsatz an mehreren Standorten<\/li>\n<li>Automatische Data-<a>Hold-Funktion<\/a>: bei W\u00e4gestillstand wird die Gewichtsanzeige f\u00fcr 12 sec \u201eeingefroren\u201c. So bleibt gen\u00fcgend Zeit, den W\u00e4gewert in Ruhe abzulesen<\/li>\n<li>Startbereit: Batterien inklusive, 3V CR2032, Betriebsdauer bis zu 20 h,\u00a0<a>AUTO-OFF-Funktion<\/a>\u00a0zur Batterieschonung. Batteriestandsanzeige im Display<\/li>\n<\/ul>\n<table border=\"1\" width=\"458\" cellspacing=\"0\" cellpadding=\"2\">\n<tbody>\n<tr>\n<td>Waage Modell<\/td>\n<td width=\"10%\">Ablesbarkeit<\/td>\n<td width=\"10%\">W\u00e4gebereich<\/td>\n<\/tr>\n<tr>\n<td><\/td>\n<td width=\"10%\">g<\/td>\n<td width=\"10%\">kg<\/td>\n<\/tr>\n<tr>\n<td>HGA 50K-2S05<\/td>\n<td width=\"10%\">10<\/td>\n<td width=\"10%\">50<\/td>\n<\/tr>\n<\/tbody>\n<\/table>\n","protected":false},"excerpt":{"rendered":"<p><span class=\"VIiyi\" lang=\"de\"><span class=\"JLqJ4b ChMk0b\" data-language-for-alternatives=\"de\" data-language-to-translate-into=\"fr\" data-phrase-index=\"0\">H\u00e4ngewaage, Bereich 0-50 kg, Batteriebetrieben, ideal zum Wiegen von Gep\u00e4ck. Kompakt und ergonomisch.<\/span><\/span><\/p>\n","protected":false},"featured_media":24323,"template":"","meta":{"_crdt_document":""},"product_brand":[],"product_cat":[165,343],"product_tag":[],"class_list":{"0":"post-2839","1":"product","2":"type-product","3":"status-publish","4":"has-post-thumbnail","6":"product_cat-gewicht","7":"product_cat-mobile-de","9":"first","10":"instock","11":"taxable","12":"shipping-taxable","13":"purchasable","14":"product-type-simple"},"yoast_head":"<!-- This site is optimized with the Yoast SEO plugin v27.3 - https:\/\/yoast.com\/product\/yoast-seo-wordpress\/ -->\n<title>H\u00e4ngewaage KERN HGA - Sysmatec<\/title>\n<meta name=\"description\" content=\"Dynamometer und Waage zum Wiegen von Gep\u00e4ck. Wiegebereich von 0 bis 50 kg. Batteriebetrieben.\" \/>\n<meta name=\"robots\" content=\"index, follow, max-snippet:-1, max-image-preview:large, max-video-preview:-1\" \/>\n<link rel=\"canonical\" href=\"https:\/\/sysmatec.ch\/de\/produit\/haengewaage-kern-hga\/\" \/>\n<meta property=\"og:locale\" content=\"de_DE\" \/>\n<meta property=\"og:type\" content=\"article\" \/>\n<meta property=\"og:title\" content=\"H\u00e4ngewaage KERN HGA - Sysmatec\" \/>\n<meta property=\"og:description\" content=\"Dynamometer und Waage zum Wiegen von Gep\u00e4ck. Wiegebereich von 0 bis 50 kg. Batteriebetrieben.\" \/>\n<meta property=\"og:url\" content=\"https:\/\/sysmatec.ch\/de\/produit\/haengewaage-kern-hga\/\" \/>\n<meta property=\"og:site_name\" content=\"Sysmatec\" \/>\n<meta property=\"article:modified_time\" content=\"2022-03-01T10:47:45+00:00\" \/>\n<meta property=\"og:image\" content=\"https:\/\/sysmatec.ch\/wp-content\/uploads\/2019\/02\/Balance_HGA-50K-2S05-scaled.jpg\" \/>\n\t<meta property=\"og:image:width\" content=\"2560\" \/>\n\t<meta property=\"og:image:height\" content=\"2291\" \/>\n\t<meta property=\"og:image:type\" content=\"image\/jpeg\" \/>\n<meta name=\"twitter:card\" content=\"summary_large_image\" \/>\n<meta name=\"twitter:label1\" content=\"Gesch\u00e4tzte Lesezeit\" \/>\n\t<meta name=\"twitter:data1\" content=\"1\u00a0Minute\" \/>\n<script type=\"application\/ld+json\" class=\"yoast-schema-graph\">{\"@context\":\"https:\\\/\\\/schema.org\",\"@graph\":[{\"@type\":\"WebPage\",\"@id\":\"https:\\\/\\\/sysmatec.ch\\\/de\\\/produit\\\/haengewaage-kern-hga\\\/\",\"url\":\"https:\\\/\\\/sysmatec.ch\\\/de\\\/produit\\\/haengewaage-kern-hga\\\/\",\"name\":\"H\u00e4ngewaage KERN HGA - Sysmatec\",\"isPartOf\":{\"@id\":\"https:\\\/\\\/sysmatec.ch\\\/de\\\/#website\"},\"primaryImageOfPage\":{\"@id\":\"https:\\\/\\\/sysmatec.ch\\\/de\\\/produit\\\/haengewaage-kern-hga\\\/#primaryimage\"},\"image\":{\"@id\":\"https:\\\/\\\/sysmatec.ch\\\/de\\\/produit\\\/haengewaage-kern-hga\\\/#primaryimage\"},\"thumbnailUrl\":\"https:\\\/\\\/sysmatec.ch\\\/wp-content\\\/uploads\\\/2019\\\/02\\\/Balance_HGA-50K-2S05-scaled.jpg\",\"datePublished\":\"2019-02-12T09:38:05+00:00\",\"dateModified\":\"2022-03-01T10:47:45+00:00\",\"description\":\"Dynamometer und Waage zum Wiegen von Gep\u00e4ck. Wiegebereich von 0 bis 50 kg. Batteriebetrieben.\",\"breadcrumb\":{\"@id\":\"https:\\\/\\\/sysmatec.ch\\\/de\\\/produit\\\/haengewaage-kern-hga\\\/#breadcrumb\"},\"inLanguage\":\"de\",\"potentialAction\":[{\"@type\":\"ReadAction\",\"target\":[\"https:\\\/\\\/sysmatec.ch\\\/de\\\/produit\\\/haengewaage-kern-hga\\\/\"]}]},{\"@type\":\"ImageObject\",\"inLanguage\":\"de\",\"@id\":\"https:\\\/\\\/sysmatec.ch\\\/de\\\/produit\\\/haengewaage-kern-hga\\\/#primaryimage\",\"url\":\"https:\\\/\\\/sysmatec.ch\\\/wp-content\\\/uploads\\\/2019\\\/02\\\/Balance_HGA-50K-2S05-scaled.jpg\",\"contentUrl\":\"https:\\\/\\\/sysmatec.ch\\\/wp-content\\\/uploads\\\/2019\\\/02\\\/Balance_HGA-50K-2S05-scaled.jpg\",\"width\":2560,\"height\":2291},{\"@type\":\"BreadcrumbList\",\"@id\":\"https:\\\/\\\/sysmatec.ch\\\/de\\\/produit\\\/haengewaage-kern-hga\\\/#breadcrumb\",\"itemListElement\":[{\"@type\":\"ListItem\",\"position\":1,\"name\":\"Accueil\",\"item\":\"https:\\\/\\\/sysmatec.ch\\\/de\\\/\"},{\"@type\":\"ListItem\",\"position\":2,\"name\":\"Die Aktivit\u00e4t von Sysmatec\",\"item\":\"https:\\\/\\\/sysmatec.ch\\\/de\\\/\"},{\"@type\":\"ListItem\",\"position\":3,\"name\":\"H\u00e4ngewaage KERN HGA\"}]},{\"@type\":\"WebSite\",\"@id\":\"https:\\\/\\\/sysmatec.ch\\\/de\\\/#website\",\"url\":\"https:\\\/\\\/sysmatec.ch\\\/de\\\/\",\"name\":\"Sysmatec\",\"description\":\"Equipement de laboratoire et logiciels\",\"publisher\":{\"@id\":\"https:\\\/\\\/sysmatec.ch\\\/de\\\/#organization\"},\"potentialAction\":[{\"@type\":\"SearchAction\",\"target\":{\"@type\":\"EntryPoint\",\"urlTemplate\":\"https:\\\/\\\/sysmatec.ch\\\/de\\\/?s={search_term_string}\"},\"query-input\":{\"@type\":\"PropertyValueSpecification\",\"valueRequired\":true,\"valueName\":\"search_term_string\"}}],\"inLanguage\":\"de\"},{\"@type\":\"Organization\",\"@id\":\"https:\\\/\\\/sysmatec.ch\\\/de\\\/#organization\",\"name\":\"Sysmatec\",\"url\":\"https:\\\/\\\/sysmatec.ch\\\/de\\\/\",\"logo\":{\"@type\":\"ImageObject\",\"inLanguage\":\"de\",\"@id\":\"https:\\\/\\\/sysmatec.ch\\\/de\\\/#\\\/schema\\\/logo\\\/image\\\/\",\"url\":\"https:\\\/\\\/sysmatec.ch\\\/wp-content\\\/uploads\\\/2018\\\/11\\\/LogoSysmatec.jpg\",\"contentUrl\":\"https:\\\/\\\/sysmatec.ch\\\/wp-content\\\/uploads\\\/2018\\\/11\\\/LogoSysmatec.jpg\",\"width\":301,\"height\":297,\"caption\":\"Sysmatec\"},\"image\":{\"@id\":\"https:\\\/\\\/sysmatec.ch\\\/de\\\/#\\\/schema\\\/logo\\\/image\\\/\"}}]}<\/script>\n<!-- \/ Yoast SEO plugin. -->","yoast_head_json":{"title":"H\u00e4ngewaage KERN HGA - Sysmatec","description":"Dynamometer und Waage zum Wiegen von Gep\u00e4ck. Wiegebereich von 0 bis 50 kg. Batteriebetrieben.","robots":{"index":"index","follow":"follow","max-snippet":"max-snippet:-1","max-image-preview":"max-image-preview:large","max-video-preview":"max-video-preview:-1"},"canonical":"https:\/\/sysmatec.ch\/de\/produit\/haengewaage-kern-hga\/","og_locale":"de_DE","og_type":"article","og_title":"H\u00e4ngewaage KERN HGA - Sysmatec","og_description":"Dynamometer und Waage zum Wiegen von Gep\u00e4ck. Wiegebereich von 0 bis 50 kg. Batteriebetrieben.","og_url":"https:\/\/sysmatec.ch\/de\/produit\/haengewaage-kern-hga\/","og_site_name":"Sysmatec","article_modified_time":"2022-03-01T10:47:45+00:00","og_image":[{"width":2560,"height":2291,"url":"https:\/\/sysmatec.ch\/wp-content\/uploads\/2019\/02\/Balance_HGA-50K-2S05-scaled.jpg","type":"image\/jpeg"}],"twitter_card":"summary_large_image","twitter_misc":{"Gesch\u00e4tzte Lesezeit":"1\u00a0Minute"},"schema":{"@context":"https:\/\/schema.org","@graph":[{"@type":"WebPage","@id":"https:\/\/sysmatec.ch\/de\/produit\/haengewaage-kern-hga\/","url":"https:\/\/sysmatec.ch\/de\/produit\/haengewaage-kern-hga\/","name":"H\u00e4ngewaage KERN HGA - Sysmatec","isPartOf":{"@id":"https:\/\/sysmatec.ch\/de\/#website"},"primaryImageOfPage":{"@id":"https:\/\/sysmatec.ch\/de\/produit\/haengewaage-kern-hga\/#primaryimage"},"image":{"@id":"https:\/\/sysmatec.ch\/de\/produit\/haengewaage-kern-hga\/#primaryimage"},"thumbnailUrl":"https:\/\/sysmatec.ch\/wp-content\/uploads\/2019\/02\/Balance_HGA-50K-2S05-scaled.jpg","datePublished":"2019-02-12T09:38:05+00:00","dateModified":"2022-03-01T10:47:45+00:00","description":"Dynamometer und Waage zum Wiegen von Gep\u00e4ck. Wiegebereich von 0 bis 50 kg. Batteriebetrieben.","breadcrumb":{"@id":"https:\/\/sysmatec.ch\/de\/produit\/haengewaage-kern-hga\/#breadcrumb"},"inLanguage":"de","potentialAction":[{"@type":"ReadAction","target":["https:\/\/sysmatec.ch\/de\/produit\/haengewaage-kern-hga\/"]}]},{"@type":"ImageObject","inLanguage":"de","@id":"https:\/\/sysmatec.ch\/de\/produit\/haengewaage-kern-hga\/#primaryimage","url":"https:\/\/sysmatec.ch\/wp-content\/uploads\/2019\/02\/Balance_HGA-50K-2S05-scaled.jpg","contentUrl":"https:\/\/sysmatec.ch\/wp-content\/uploads\/2019\/02\/Balance_HGA-50K-2S05-scaled.jpg","width":2560,"height":2291},{"@type":"BreadcrumbList","@id":"https:\/\/sysmatec.ch\/de\/produit\/haengewaage-kern-hga\/#breadcrumb","itemListElement":[{"@type":"ListItem","position":1,"name":"Accueil","item":"https:\/\/sysmatec.ch\/de\/"},{"@type":"ListItem","position":2,"name":"Die Aktivit\u00e4t von Sysmatec","item":"https:\/\/sysmatec.ch\/de\/"},{"@type":"ListItem","position":3,"name":"H\u00e4ngewaage KERN HGA"}]},{"@type":"WebSite","@id":"https:\/\/sysmatec.ch\/de\/#website","url":"https:\/\/sysmatec.ch\/de\/","name":"Sysmatec","description":"Equipement de laboratoire et logiciels","publisher":{"@id":"https:\/\/sysmatec.ch\/de\/#organization"},"potentialAction":[{"@type":"SearchAction","target":{"@type":"EntryPoint","urlTemplate":"https:\/\/sysmatec.ch\/de\/?s={search_term_string}"},"query-input":{"@type":"PropertyValueSpecification","valueRequired":true,"valueName":"search_term_string"}}],"inLanguage":"de"},{"@type":"Organization","@id":"https:\/\/sysmatec.ch\/de\/#organization","name":"Sysmatec","url":"https:\/\/sysmatec.ch\/de\/","logo":{"@type":"ImageObject","inLanguage":"de","@id":"https:\/\/sysmatec.ch\/de\/#\/schema\/logo\/image\/","url":"https:\/\/sysmatec.ch\/wp-content\/uploads\/2018\/11\/LogoSysmatec.jpg","contentUrl":"https:\/\/sysmatec.ch\/wp-content\/uploads\/2018\/11\/LogoSysmatec.jpg","width":301,"height":297,"caption":"Sysmatec"},"image":{"@id":"https:\/\/sysmatec.ch\/de\/#\/schema\/logo\/image\/"}}]}},"_links":{"self":[{"href":"https:\/\/sysmatec.ch\/de\/wp-json\/wp\/v2\/product\/2839","targetHints":{"allow":["GET"]}}],"collection":[{"href":"https:\/\/sysmatec.ch\/de\/wp-json\/wp\/v2\/product"}],"about":[{"href":"https:\/\/sysmatec.ch\/de\/wp-json\/wp\/v2\/types\/product"}],"wp:featuredmedia":[{"embeddable":true,"href":"https:\/\/sysmatec.ch\/de\/wp-json\/wp\/v2\/media\/24323"}],"wp:attachment":[{"href":"https:\/\/sysmatec.ch\/de\/wp-json\/wp\/v2\/media?parent=2839"}],"wp:term":[{"taxonomy":"product_brand","embeddable":true,"href":"https:\/\/sysmatec.ch\/de\/wp-json\/wp\/v2\/product_brand?post=2839"},{"taxonomy":"product_cat","embeddable":true,"href":"https:\/\/sysmatec.ch\/de\/wp-json\/wp\/v2\/product_cat?post=2839"},{"taxonomy":"product_tag","embeddable":true,"href":"https:\/\/sysmatec.ch\/de\/wp-json\/wp\/v2\/product_tag?post=2839"}],"curies":[{"name":"wp","href":"https:\/\/api.w.org\/{rel}","templated":true}]}}