{"id":28384,"date":"2023-02-19T11:42:29","date_gmt":"2023-02-19T10:42:29","guid":{"rendered":"https:\/\/sysmatec.ch\/produit\/digestible-and-resistant-starch-assay-kit\/"},"modified":"2023-02-19T12:05:33","modified_gmt":"2023-02-19T11:05:33","slug":"assay-kit-fuer-verdauliche-und-resistente-staerke-k-dstrs","status":"publish","type":"product","link":"https:\/\/sysmatec.ch\/de\/Produkt\/assay-kit-fuer-verdauliche-und-resistente-staerke-k-dstrs\/","title":{"rendered":"Assay-Kit f\u00fcr verdauliche und resistente St\u00e4rke K-DSTRS"},"content":{"rendered":"<p>Das Assay-Kit f\u00fcr verdauliche und resistente St\u00e4rke (K-DSTRS) zur Bestimmung von verdaulicher, resistenter und Gesamtst\u00e4rke in St\u00e4rkeproben, Pflanzen und anderen Materialien.<\/p>\n<p>Diese Methode basiert auf der Forschung von Englyst\u00a0et al. (Ref) mit einigen Modifikationen. Der Aufschluss wird unter Verwendung von S\u00e4ttigungskonzentrationen von pankreatischer \u03b1-Amylase (PAA) und Amyloglucosidase (AMG) durchgef\u00fchrt, jedoch in ger\u00fchrten Beh\u00e4ltern statt in gesch\u00fcttelten R\u00f6hrchen, um die Probenentnahme zu vereinfachen.<\/p>\n<p>In \u00dcbereinstimmung mit Englyst-Definitionen:<\/p>\n<ul>\n<li>Schnell verdauliche St\u00e4rke (RDS) ist jene St\u00e4rke, die innerhalb von 20 min verdaut wird.<\/li>\n<li>Langsam verdauliche St\u00e4rke (SDS) ist jene St\u00e4rke, die zwischen 20 und 120 min verdaut wird.<\/li>\n<li>Ein neuer Begriff, \u201egesamt verdauliche St\u00e4rke (TDS)\u201c, wird eingef\u00fchrt (und gemessen), um die gesamte St\u00e4rke abzudecken, die innerhalb von 4 h (der durchschnittlichen Verweildauer der Nahrung im menschlichen D\u00fcnndarm) verdaut wird.<\/li>\n<li>Resistente St\u00e4rke (RS) ist also jene St\u00e4rke, die nicht innerhalb von 4 h verdaut wird.<\/li>\n<\/ul>\n<h2>Beschreibung<\/h2>\n<table class=\"description--table mega-detail-table\">\n<tbody>\n<tr class=\"description--table-row\">\n<td class=\"description--table-col is--bold\">Inhalt<\/td>\n<td class=\"description--table-col\">Jeweils 40 Assays pro Kit<\/td>\n<\/tr>\n<tr class=\"description--table-row\">\n<td class=\"description--table-col is--bold\">Transport Temperatur<\/td>\n<td class=\"description--table-col\">Umgebung<\/td>\n<\/tr>\n<tr class=\"description--table-row\">\n<td class=\"description--table-col is--bold\">Lagerungstemperatur<\/td>\n<td class=\"description--table-col\">Kurzzeitstabilit\u00e4t: 2-8 \u00b0C,<br \/>\nLangzeitstabilit\u00e4t: Siehe Etiketten der einzelnen Komponenten<\/td>\n<\/tr>\n<tr class=\"description--table-row\">\n<td class=\"description--table-col is--bold\">Stabilit\u00e4t<\/td>\n<td class=\"description--table-col\">&gt; 2 Jahre unter empfohlenen Lagerbedingungen<\/td>\n<\/tr>\n<\/tbody>\n<\/table>\n<table class=\"description--table mega-detail-table\">\n<tbody>\n<tr class=\"description--table-row\">\n<td class=\"description--table-col is--bold\">Analyt<\/td>\n<td class=\"description--table-col\">Verdauliche St\u00e4rke, resistente St\u00e4rke, Gesamtst\u00e4rke<\/td>\n<\/tr>\n<tr class=\"description--table-row\">\n<td class=\"description--table-col is--bold\">Material<\/td>\n<td class=\"description--table-col\">Spektrophotometer<\/td>\n<\/tr>\n<tr class=\"description--table-row\">\n<td class=\"description--table-col is--bold\">Nachweismethode<\/td>\n<td class=\"description--table-col\">Absorbtion<\/td>\n<\/tr>\n<tr class=\"description--table-row\">\n<td class=\"description--table-col is--bold\">Wellenl\u00e4nge (nm):<\/td>\n<td class=\"description--table-col\">510<\/td>\n<\/tr>\n<tr class=\"description--table-row\">\n<td class=\"description--table-col is--bold\">Antwort<\/td>\n<td class=\"description--table-col\">Steigung<\/td>\n<\/tr>\n<tr class=\"description--table-row\">\n<td class=\"description--table-col is--bold\">Linear Bereich<\/td>\n<td class=\"description--table-col\">4 bis 100 \u03bcg D-Glucose pro Assay<\/td>\n<\/tr>\n<tr class=\"description--table-row\">\n<td class=\"description--table-col is--bold\">Nachweisgrenze<\/td>\n<td class=\"description--table-col\">3.1 g\/100 g<\/td>\n<\/tr>\n<tr class=\"description--table-row\">\n<td class=\"description--table-col is--bold\">Reaktionsdauer (min):<\/td>\n<td class=\"description--table-col\">ca. 360 min<\/td>\n<\/tr>\n<\/tbody>\n<\/table>\n<p>Ref. K-DSTRS<\/p>\n","protected":false},"excerpt":{"rendered":"<p>Bestimmung von verdaulicher und resistenter St\u00e4rke mit einem Spektrophotometer.<\/p>\n","protected":false},"featured_media":28382,"template":"","meta":{"_crdt_document":""},"product_brand":[],"product_cat":[188,368],"product_tag":[],"class_list":{"0":"post-28384","1":"product","2":"type-product","3":"status-publish","4":"has-post-thumbnail","6":"product_cat-analyse-de","7":"product_cat-chemische-verbindung","9":"first","10":"instock","11":"taxable","12":"shipping-taxable","13":"product-type-simple"},"yoast_head":"<!-- This site is optimized with the Yoast SEO plugin v27.4 - https:\/\/yoast.com\/product\/yoast-seo-wordpress\/ -->\n<title>Assay-Kit f\u00fcr verdauliche und resistente St\u00e4rke K-DSTRS - Sysmatec<\/title>\n<meta name=\"description\" content=\"Bestimmung von verdaulicher und resistenter St\u00e4rke mit einem Spektrophotometer. Bereich 4 bis 100 \u03bcg D-Glucose pro Assay.\" \/>\n<meta name=\"robots\" content=\"index, follow, max-snippet:-1, max-image-preview:large, max-video-preview:-1\" \/>\n<link rel=\"canonical\" href=\"https:\/\/sysmatec.ch\/de\/Produkt\/assay-kit-fuer-verdauliche-und-resistente-staerke-k-dstrs\/\" \/>\n<meta property=\"og:locale\" content=\"de_DE\" \/>\n<meta property=\"og:type\" content=\"article\" \/>\n<meta property=\"og:title\" content=\"Assay-Kit f\u00fcr verdauliche und resistente St\u00e4rke K-DSTRS - Sysmatec\" \/>\n<meta property=\"og:description\" content=\"Bestimmung von verdaulicher und resistenter St\u00e4rke mit einem Spektrophotometer. Bereich 4 bis 100 \u03bcg D-Glucose pro Assay.\" \/>\n<meta property=\"og:url\" content=\"https:\/\/sysmatec.ch\/de\/Produkt\/assay-kit-fuer-verdauliche-und-resistente-staerke-k-dstrs\/\" \/>\n<meta property=\"og:site_name\" content=\"Sysmatec\" \/>\n<meta property=\"article:modified_time\" content=\"2023-02-19T11:05:33+00:00\" \/>\n<meta property=\"og:image\" content=\"https:\/\/sysmatec.ch\/wp-content\/uploads\/2023\/02\/AnalyseAmidon_Megazyme.jpg\" \/>\n\t<meta property=\"og:image:width\" content=\"600\" \/>\n\t<meta property=\"og:image:height\" content=\"400\" \/>\n\t<meta property=\"og:image:type\" content=\"image\/jpeg\" \/>\n<meta name=\"twitter:card\" content=\"summary_large_image\" \/>\n<meta name=\"twitter:label1\" content=\"Gesch\u00e4tzte Lesezeit\" \/>\n\t<meta name=\"twitter:data1\" content=\"2\u00a0Minuten\" \/>\n<script type=\"application\/ld+json\" class=\"yoast-schema-graph\">{\"@context\":\"https:\\\/\\\/schema.org\",\"@graph\":[{\"@type\":\"WebPage\",\"@id\":\"https:\\\/\\\/sysmatec.ch\\\/de\\\/Produkt\\\/assay-kit-fuer-verdauliche-und-resistente-staerke-k-dstrs\\\/\",\"url\":\"https:\\\/\\\/sysmatec.ch\\\/de\\\/Produkt\\\/assay-kit-fuer-verdauliche-und-resistente-staerke-k-dstrs\\\/\",\"name\":\"Assay-Kit f\u00fcr verdauliche und resistente St\u00e4rke K-DSTRS - Sysmatec\",\"isPartOf\":{\"@id\":\"https:\\\/\\\/sysmatec.ch\\\/de\\\/#website\"},\"primaryImageOfPage\":{\"@id\":\"https:\\\/\\\/sysmatec.ch\\\/de\\\/Produkt\\\/assay-kit-fuer-verdauliche-und-resistente-staerke-k-dstrs\\\/#primaryimage\"},\"image\":{\"@id\":\"https:\\\/\\\/sysmatec.ch\\\/de\\\/Produkt\\\/assay-kit-fuer-verdauliche-und-resistente-staerke-k-dstrs\\\/#primaryimage\"},\"thumbnailUrl\":\"https:\\\/\\\/sysmatec.ch\\\/wp-content\\\/uploads\\\/2023\\\/02\\\/AnalyseAmidon_Megazyme.jpg\",\"datePublished\":\"2023-02-19T10:42:29+00:00\",\"dateModified\":\"2023-02-19T11:05:33+00:00\",\"description\":\"Bestimmung von verdaulicher und resistenter St\u00e4rke mit einem Spektrophotometer. Bereich 4 bis 100 \u03bcg D-Glucose pro Assay.\",\"breadcrumb\":{\"@id\":\"https:\\\/\\\/sysmatec.ch\\\/de\\\/Produkt\\\/assay-kit-fuer-verdauliche-und-resistente-staerke-k-dstrs\\\/#breadcrumb\"},\"inLanguage\":\"de\",\"potentialAction\":[{\"@type\":\"ReadAction\",\"target\":[\"https:\\\/\\\/sysmatec.ch\\\/de\\\/Produkt\\\/assay-kit-fuer-verdauliche-und-resistente-staerke-k-dstrs\\\/\"]}]},{\"@type\":\"ImageObject\",\"inLanguage\":\"de\",\"@id\":\"https:\\\/\\\/sysmatec.ch\\\/de\\\/Produkt\\\/assay-kit-fuer-verdauliche-und-resistente-staerke-k-dstrs\\\/#primaryimage\",\"url\":\"https:\\\/\\\/sysmatec.ch\\\/wp-content\\\/uploads\\\/2023\\\/02\\\/AnalyseAmidon_Megazyme.jpg\",\"contentUrl\":\"https:\\\/\\\/sysmatec.ch\\\/wp-content\\\/uploads\\\/2023\\\/02\\\/AnalyseAmidon_Megazyme.jpg\",\"width\":600,\"height\":400},{\"@type\":\"BreadcrumbList\",\"@id\":\"https:\\\/\\\/sysmatec.ch\\\/de\\\/Produkt\\\/assay-kit-fuer-verdauliche-und-resistente-staerke-k-dstrs\\\/#breadcrumb\",\"itemListElement\":[{\"@type\":\"ListItem\",\"position\":1,\"name\":\"Accueil\",\"item\":\"https:\\\/\\\/sysmatec.ch\\\/de\\\/\"},{\"@type\":\"ListItem\",\"position\":2,\"name\":\"Die Aktivit\u00e4t von Sysmatec\",\"item\":\"https:\\\/\\\/sysmatec.ch\\\/de\\\/\"},{\"@type\":\"ListItem\",\"position\":3,\"name\":\"Assay-Kit f\u00fcr verdauliche und resistente St\u00e4rke K-DSTRS\"}]},{\"@type\":\"WebSite\",\"@id\":\"https:\\\/\\\/sysmatec.ch\\\/de\\\/#website\",\"url\":\"https:\\\/\\\/sysmatec.ch\\\/de\\\/\",\"name\":\"Sysmatec\",\"description\":\"Equipement de laboratoire et logiciels\",\"publisher\":{\"@id\":\"https:\\\/\\\/sysmatec.ch\\\/de\\\/#organization\"},\"potentialAction\":[{\"@type\":\"SearchAction\",\"target\":{\"@type\":\"EntryPoint\",\"urlTemplate\":\"https:\\\/\\\/sysmatec.ch\\\/de\\\/?s={search_term_string}\"},\"query-input\":{\"@type\":\"PropertyValueSpecification\",\"valueRequired\":true,\"valueName\":\"search_term_string\"}}],\"inLanguage\":\"de\"},{\"@type\":\"Organization\",\"@id\":\"https:\\\/\\\/sysmatec.ch\\\/de\\\/#organization\",\"name\":\"Sysmatec\",\"url\":\"https:\\\/\\\/sysmatec.ch\\\/de\\\/\",\"logo\":{\"@type\":\"ImageObject\",\"inLanguage\":\"de\",\"@id\":\"https:\\\/\\\/sysmatec.ch\\\/de\\\/#\\\/schema\\\/logo\\\/image\\\/\",\"url\":\"https:\\\/\\\/sysmatec.ch\\\/wp-content\\\/uploads\\\/2018\\\/11\\\/LogoSysmatec.jpg\",\"contentUrl\":\"https:\\\/\\\/sysmatec.ch\\\/wp-content\\\/uploads\\\/2018\\\/11\\\/LogoSysmatec.jpg\",\"width\":301,\"height\":297,\"caption\":\"Sysmatec\"},\"image\":{\"@id\":\"https:\\\/\\\/sysmatec.ch\\\/de\\\/#\\\/schema\\\/logo\\\/image\\\/\"}}]}<\/script>\n<!-- \/ Yoast SEO plugin. -->","yoast_head_json":{"title":"Assay-Kit f\u00fcr verdauliche und resistente St\u00e4rke K-DSTRS - Sysmatec","description":"Bestimmung von verdaulicher und resistenter St\u00e4rke mit einem Spektrophotometer. Bereich 4 bis 100 \u03bcg D-Glucose pro Assay.","robots":{"index":"index","follow":"follow","max-snippet":"max-snippet:-1","max-image-preview":"max-image-preview:large","max-video-preview":"max-video-preview:-1"},"canonical":"https:\/\/sysmatec.ch\/de\/Produkt\/assay-kit-fuer-verdauliche-und-resistente-staerke-k-dstrs\/","og_locale":"de_DE","og_type":"article","og_title":"Assay-Kit f\u00fcr verdauliche und resistente St\u00e4rke K-DSTRS - Sysmatec","og_description":"Bestimmung von verdaulicher und resistenter St\u00e4rke mit einem Spektrophotometer. Bereich 4 bis 100 \u03bcg D-Glucose pro Assay.","og_url":"https:\/\/sysmatec.ch\/de\/Produkt\/assay-kit-fuer-verdauliche-und-resistente-staerke-k-dstrs\/","og_site_name":"Sysmatec","article_modified_time":"2023-02-19T11:05:33+00:00","og_image":[{"width":600,"height":400,"url":"https:\/\/sysmatec.ch\/wp-content\/uploads\/2023\/02\/AnalyseAmidon_Megazyme.jpg","type":"image\/jpeg"}],"twitter_card":"summary_large_image","twitter_misc":{"Gesch\u00e4tzte Lesezeit":"2\u00a0Minuten"},"schema":{"@context":"https:\/\/schema.org","@graph":[{"@type":"WebPage","@id":"https:\/\/sysmatec.ch\/de\/Produkt\/assay-kit-fuer-verdauliche-und-resistente-staerke-k-dstrs\/","url":"https:\/\/sysmatec.ch\/de\/Produkt\/assay-kit-fuer-verdauliche-und-resistente-staerke-k-dstrs\/","name":"Assay-Kit f\u00fcr verdauliche und resistente St\u00e4rke K-DSTRS - Sysmatec","isPartOf":{"@id":"https:\/\/sysmatec.ch\/de\/#website"},"primaryImageOfPage":{"@id":"https:\/\/sysmatec.ch\/de\/Produkt\/assay-kit-fuer-verdauliche-und-resistente-staerke-k-dstrs\/#primaryimage"},"image":{"@id":"https:\/\/sysmatec.ch\/de\/Produkt\/assay-kit-fuer-verdauliche-und-resistente-staerke-k-dstrs\/#primaryimage"},"thumbnailUrl":"https:\/\/sysmatec.ch\/wp-content\/uploads\/2023\/02\/AnalyseAmidon_Megazyme.jpg","datePublished":"2023-02-19T10:42:29+00:00","dateModified":"2023-02-19T11:05:33+00:00","description":"Bestimmung von verdaulicher und resistenter St\u00e4rke mit einem Spektrophotometer. Bereich 4 bis 100 \u03bcg D-Glucose pro Assay.","breadcrumb":{"@id":"https:\/\/sysmatec.ch\/de\/Produkt\/assay-kit-fuer-verdauliche-und-resistente-staerke-k-dstrs\/#breadcrumb"},"inLanguage":"de","potentialAction":[{"@type":"ReadAction","target":["https:\/\/sysmatec.ch\/de\/Produkt\/assay-kit-fuer-verdauliche-und-resistente-staerke-k-dstrs\/"]}]},{"@type":"ImageObject","inLanguage":"de","@id":"https:\/\/sysmatec.ch\/de\/Produkt\/assay-kit-fuer-verdauliche-und-resistente-staerke-k-dstrs\/#primaryimage","url":"https:\/\/sysmatec.ch\/wp-content\/uploads\/2023\/02\/AnalyseAmidon_Megazyme.jpg","contentUrl":"https:\/\/sysmatec.ch\/wp-content\/uploads\/2023\/02\/AnalyseAmidon_Megazyme.jpg","width":600,"height":400},{"@type":"BreadcrumbList","@id":"https:\/\/sysmatec.ch\/de\/Produkt\/assay-kit-fuer-verdauliche-und-resistente-staerke-k-dstrs\/#breadcrumb","itemListElement":[{"@type":"ListItem","position":1,"name":"Accueil","item":"https:\/\/sysmatec.ch\/de\/"},{"@type":"ListItem","position":2,"name":"Die Aktivit\u00e4t von Sysmatec","item":"https:\/\/sysmatec.ch\/de\/"},{"@type":"ListItem","position":3,"name":"Assay-Kit f\u00fcr verdauliche und resistente St\u00e4rke K-DSTRS"}]},{"@type":"WebSite","@id":"https:\/\/sysmatec.ch\/de\/#website","url":"https:\/\/sysmatec.ch\/de\/","name":"Sysmatec","description":"Equipement de laboratoire et logiciels","publisher":{"@id":"https:\/\/sysmatec.ch\/de\/#organization"},"potentialAction":[{"@type":"SearchAction","target":{"@type":"EntryPoint","urlTemplate":"https:\/\/sysmatec.ch\/de\/?s={search_term_string}"},"query-input":{"@type":"PropertyValueSpecification","valueRequired":true,"valueName":"search_term_string"}}],"inLanguage":"de"},{"@type":"Organization","@id":"https:\/\/sysmatec.ch\/de\/#organization","name":"Sysmatec","url":"https:\/\/sysmatec.ch\/de\/","logo":{"@type":"ImageObject","inLanguage":"de","@id":"https:\/\/sysmatec.ch\/de\/#\/schema\/logo\/image\/","url":"https:\/\/sysmatec.ch\/wp-content\/uploads\/2018\/11\/LogoSysmatec.jpg","contentUrl":"https:\/\/sysmatec.ch\/wp-content\/uploads\/2018\/11\/LogoSysmatec.jpg","width":301,"height":297,"caption":"Sysmatec"},"image":{"@id":"https:\/\/sysmatec.ch\/de\/#\/schema\/logo\/image\/"}}]}},"_links":{"self":[{"href":"https:\/\/sysmatec.ch\/de\/wp-json\/wp\/v2\/product\/28384","targetHints":{"allow":["GET"]}}],"collection":[{"href":"https:\/\/sysmatec.ch\/de\/wp-json\/wp\/v2\/product"}],"about":[{"href":"https:\/\/sysmatec.ch\/de\/wp-json\/wp\/v2\/types\/product"}],"wp:featuredmedia":[{"embeddable":true,"href":"https:\/\/sysmatec.ch\/de\/wp-json\/wp\/v2\/media\/28382"}],"wp:attachment":[{"href":"https:\/\/sysmatec.ch\/de\/wp-json\/wp\/v2\/media?parent=28384"}],"wp:term":[{"taxonomy":"product_brand","embeddable":true,"href":"https:\/\/sysmatec.ch\/de\/wp-json\/wp\/v2\/product_brand?post=28384"},{"taxonomy":"product_cat","embeddable":true,"href":"https:\/\/sysmatec.ch\/de\/wp-json\/wp\/v2\/product_cat?post=28384"},{"taxonomy":"product_tag","embeddable":true,"href":"https:\/\/sysmatec.ch\/de\/wp-json\/wp\/v2\/product_tag?post=28384"}],"curies":[{"name":"wp","href":"https:\/\/api.w.org\/{rel}","templated":true}]}}