{"id":28374,"date":"2023-02-19T11:11:57","date_gmt":"2023-02-19T10:11:57","guid":{"rendered":"https:\/\/sysmatec.ch\/produit\/amylose-amylopectin-assay-kit\/"},"modified":"2023-02-19T11:46:20","modified_gmt":"2023-02-19T10:46:20","slug":"amylose-amylopectin-assay-kit","status":"publish","type":"product","link":"https:\/\/sysmatec.ch\/de\/Produkt\/amylose-amylopectin-assay-kit\/","title":{"rendered":"Amylose\/Amylopectin Assay Kit K-AMYL"},"content":{"rendered":"<p>Das Amylose\/Amylopektin-Testkit eignet sich zur Messung und Analyse des Amylose\/Amylopektin-Verh\u00e4ltnisses und -Gehalts in Getreidest\u00e4rken und -mehlen. Basierend auf einem Con A-Pr\u00e4zipitationsverfahren.<\/p>\n<h2 class=\"description--advantages-title\">Vorteile<\/h2>\n<ul>\n<li>Sehr kosteng\u00fcnstig (Kosten pro Test)<\/li>\n<li>Alle Reagenzien sind nach Zubereitung &gt; 12 Monate haltbar<\/li>\n<li>Nur enzymatisches Kit verf\u00fcgbar<\/li>\n<li>Genaue und zuverl\u00e4ssige Bestimmung des Amylose \/ Amylopektin-Verh\u00e4ltnisses<\/li>\n<li>Einfaches Format<\/li>\n<li>Serienm\u00e4\u00dfig enthalten<\/li>\n<\/ul>\n<h2>Beschreibung<\/h2>\n<table class=\"description--table mega-detail-table\">\n<tbody>\n<tr class=\"description--table-row\">\n<td class=\"description--table-col is--bold\">Inhalt<\/td>\n<td class=\"description--table-col\">100 Test per Kit<\/td>\n<\/tr>\n<tr class=\"description--table-row\">\n<td class=\"description--table-col is--bold\">Transporttemperatur<\/td>\n<td class=\"description--table-col\">Umgebung<\/td>\n<\/tr>\n<tr class=\"description--table-row\">\n<td class=\"description--table-col is--bold\">Lagerungstemperatur<\/td>\n<td class=\"description--table-col\">Kurzzeitstabilit\u00e4t: 2-8 \u00b0C,<br \/>\nLangzeitstabilit\u00e4t: Siehe Etiketten der einzelnen Komponenten<\/td>\n<\/tr>\n<tr class=\"description--table-row\">\n<td class=\"description--table-col is--bold\">Stabilit\u00e4t<\/td>\n<td class=\"description--table-col\">&gt; 1 Jahr unter empfohlenen Lagerbedingungen<\/td>\n<\/tr>\n<\/tbody>\n<\/table>\n<table class=\"description--table mega-detail-table\">\n<tbody>\n<tr class=\"description--table-row\">\n<td class=\"description--table-col is--bold\">Analyt<\/td>\n<td class=\"description--table-col\">Amylopectin, Amylose<\/td>\n<\/tr>\n<tr class=\"description--table-row\">\n<td class=\"description--table-col is--bold\">Material<\/td>\n<td class=\"description--table-col\">Spektrophotometer<\/td>\n<\/tr>\n<tr class=\"description--table-row\">\n<td class=\"description--table-col is--bold\">Nachweismethode<\/td>\n<td class=\"description--table-col\">Absorbtion<\/td>\n<\/tr>\n<tr class=\"description--table-row\">\n<td class=\"description--table-col is--bold\">Wellenl\u00e4nge(nm):<\/td>\n<td class=\"description--table-col\">510<\/td>\n<\/tr>\n<tr class=\"description--table-row\">\n<td class=\"description--table-col is--bold\">Antwortsignal<\/td>\n<td class=\"description--table-col\">Steigung<\/td>\n<\/tr>\n<tr class=\"description--table-row\">\n<td class=\"description--table-col is--bold\">Nachweisgrenze<\/td>\n<td class=\"description--table-col\">Amylose 5-95 % des Gesamtst\u00e4rkegehalts<\/td>\n<\/tr>\n<tr class=\"description--table-row\">\n<td class=\"description--table-col is--bold\">Testdauer<\/td>\n<td class=\"description--table-col\">ca. 120 min<\/td>\n<\/tr>\n<\/tbody>\n<\/table>\n<p>Ref. K-AMYL<\/p>\n","protected":false},"excerpt":{"rendered":"<p>Amylose\/Amylopektin-Analyse mit Spektrophotometer.<\/p>\n","protected":false},"featured_media":28372,"template":"","meta":{"_crdt_document":""},"product_brand":[],"product_cat":[188,368],"product_tag":[],"class_list":{"0":"post-28374","1":"product","2":"type-product","3":"status-publish","4":"has-post-thumbnail","6":"product_cat-analyse-de","7":"product_cat-chemische-verbindung","9":"first","10":"instock","11":"taxable","12":"shipping-taxable","13":"product-type-simple"},"yoast_head":"<!-- This site is optimized with the Yoast SEO plugin v27.3 - https:\/\/yoast.com\/product\/yoast-seo-wordpress\/ -->\n<title>Amylose\/Amylopectin Assay Kit K-AMYL - Sysmatec<\/title>\n<meta name=\"description\" content=\"Amylose\/Amylopektin-Analyse mit Spektrophotometer. Bestimmung von Amylose im Bereich von 5-95 % des Gesamtst\u00e4rkegehalts\" \/>\n<meta name=\"robots\" content=\"index, follow, max-snippet:-1, max-image-preview:large, max-video-preview:-1\" \/>\n<link rel=\"canonical\" href=\"https:\/\/sysmatec.ch\/de\/Produkt\/amylose-amylopectin-assay-kit\/\" \/>\n<meta property=\"og:locale\" content=\"de_DE\" \/>\n<meta property=\"og:type\" content=\"article\" \/>\n<meta property=\"og:title\" content=\"Amylose\/Amylopectin Assay Kit K-AMYL - Sysmatec\" \/>\n<meta property=\"og:description\" content=\"Amylose\/Amylopektin-Analyse mit Spektrophotometer. Bestimmung von Amylose im Bereich von 5-95 % des Gesamtst\u00e4rkegehalts\" \/>\n<meta property=\"og:url\" content=\"https:\/\/sysmatec.ch\/de\/Produkt\/amylose-amylopectin-assay-kit\/\" \/>\n<meta property=\"og:site_name\" content=\"Sysmatec\" \/>\n<meta property=\"article:modified_time\" content=\"2023-02-19T10:46:20+00:00\" \/>\n<meta property=\"og:image\" content=\"https:\/\/sysmatec.ch\/wp-content\/uploads\/2023\/02\/AnalyseAmylose_Megazyme.jpg\" \/>\n\t<meta property=\"og:image:width\" content=\"600\" \/>\n\t<meta property=\"og:image:height\" content=\"400\" \/>\n\t<meta property=\"og:image:type\" content=\"image\/jpeg\" \/>\n<meta name=\"twitter:card\" content=\"summary_large_image\" \/>\n<meta name=\"twitter:label1\" content=\"Gesch\u00e4tzte Lesezeit\" \/>\n\t<meta name=\"twitter:data1\" content=\"1\u00a0Minute\" \/>\n<script type=\"application\/ld+json\" class=\"yoast-schema-graph\">{\"@context\":\"https:\\\/\\\/schema.org\",\"@graph\":[{\"@type\":\"WebPage\",\"@id\":\"https:\\\/\\\/sysmatec.ch\\\/de\\\/Produkt\\\/amylose-amylopectin-assay-kit\\\/\",\"url\":\"https:\\\/\\\/sysmatec.ch\\\/de\\\/Produkt\\\/amylose-amylopectin-assay-kit\\\/\",\"name\":\"Amylose\\\/Amylopectin Assay Kit K-AMYL - Sysmatec\",\"isPartOf\":{\"@id\":\"https:\\\/\\\/sysmatec.ch\\\/de\\\/#website\"},\"primaryImageOfPage\":{\"@id\":\"https:\\\/\\\/sysmatec.ch\\\/de\\\/Produkt\\\/amylose-amylopectin-assay-kit\\\/#primaryimage\"},\"image\":{\"@id\":\"https:\\\/\\\/sysmatec.ch\\\/de\\\/Produkt\\\/amylose-amylopectin-assay-kit\\\/#primaryimage\"},\"thumbnailUrl\":\"https:\\\/\\\/sysmatec.ch\\\/wp-content\\\/uploads\\\/2023\\\/02\\\/AnalyseAmylose_Megazyme.jpg\",\"datePublished\":\"2023-02-19T10:11:57+00:00\",\"dateModified\":\"2023-02-19T10:46:20+00:00\",\"description\":\"Amylose\\\/Amylopektin-Analyse mit Spektrophotometer. Bestimmung von Amylose im Bereich von 5-95 % des Gesamtst\u00e4rkegehalts\",\"breadcrumb\":{\"@id\":\"https:\\\/\\\/sysmatec.ch\\\/de\\\/Produkt\\\/amylose-amylopectin-assay-kit\\\/#breadcrumb\"},\"inLanguage\":\"de\",\"potentialAction\":[{\"@type\":\"ReadAction\",\"target\":[\"https:\\\/\\\/sysmatec.ch\\\/de\\\/Produkt\\\/amylose-amylopectin-assay-kit\\\/\"]}]},{\"@type\":\"ImageObject\",\"inLanguage\":\"de\",\"@id\":\"https:\\\/\\\/sysmatec.ch\\\/de\\\/Produkt\\\/amylose-amylopectin-assay-kit\\\/#primaryimage\",\"url\":\"https:\\\/\\\/sysmatec.ch\\\/wp-content\\\/uploads\\\/2023\\\/02\\\/AnalyseAmylose_Megazyme.jpg\",\"contentUrl\":\"https:\\\/\\\/sysmatec.ch\\\/wp-content\\\/uploads\\\/2023\\\/02\\\/AnalyseAmylose_Megazyme.jpg\",\"width\":600,\"height\":400},{\"@type\":\"BreadcrumbList\",\"@id\":\"https:\\\/\\\/sysmatec.ch\\\/de\\\/Produkt\\\/amylose-amylopectin-assay-kit\\\/#breadcrumb\",\"itemListElement\":[{\"@type\":\"ListItem\",\"position\":1,\"name\":\"Accueil\",\"item\":\"https:\\\/\\\/sysmatec.ch\\\/de\\\/\"},{\"@type\":\"ListItem\",\"position\":2,\"name\":\"Die Aktivit\u00e4t von Sysmatec\",\"item\":\"https:\\\/\\\/sysmatec.ch\\\/de\\\/\"},{\"@type\":\"ListItem\",\"position\":3,\"name\":\"Amylose\\\/Amylopectin Assay Kit K-AMYL\"}]},{\"@type\":\"WebSite\",\"@id\":\"https:\\\/\\\/sysmatec.ch\\\/de\\\/#website\",\"url\":\"https:\\\/\\\/sysmatec.ch\\\/de\\\/\",\"name\":\"Sysmatec\",\"description\":\"Equipement de laboratoire et logiciels\",\"publisher\":{\"@id\":\"https:\\\/\\\/sysmatec.ch\\\/de\\\/#organization\"},\"potentialAction\":[{\"@type\":\"SearchAction\",\"target\":{\"@type\":\"EntryPoint\",\"urlTemplate\":\"https:\\\/\\\/sysmatec.ch\\\/de\\\/?s={search_term_string}\"},\"query-input\":{\"@type\":\"PropertyValueSpecification\",\"valueRequired\":true,\"valueName\":\"search_term_string\"}}],\"inLanguage\":\"de\"},{\"@type\":\"Organization\",\"@id\":\"https:\\\/\\\/sysmatec.ch\\\/de\\\/#organization\",\"name\":\"Sysmatec\",\"url\":\"https:\\\/\\\/sysmatec.ch\\\/de\\\/\",\"logo\":{\"@type\":\"ImageObject\",\"inLanguage\":\"de\",\"@id\":\"https:\\\/\\\/sysmatec.ch\\\/de\\\/#\\\/schema\\\/logo\\\/image\\\/\",\"url\":\"https:\\\/\\\/sysmatec.ch\\\/wp-content\\\/uploads\\\/2018\\\/11\\\/LogoSysmatec.jpg\",\"contentUrl\":\"https:\\\/\\\/sysmatec.ch\\\/wp-content\\\/uploads\\\/2018\\\/11\\\/LogoSysmatec.jpg\",\"width\":301,\"height\":297,\"caption\":\"Sysmatec\"},\"image\":{\"@id\":\"https:\\\/\\\/sysmatec.ch\\\/de\\\/#\\\/schema\\\/logo\\\/image\\\/\"}}]}<\/script>\n<!-- \/ Yoast SEO plugin. -->","yoast_head_json":{"title":"Amylose\/Amylopectin Assay Kit K-AMYL - Sysmatec","description":"Amylose\/Amylopektin-Analyse mit Spektrophotometer. Bestimmung von Amylose im Bereich von 5-95 % des Gesamtst\u00e4rkegehalts","robots":{"index":"index","follow":"follow","max-snippet":"max-snippet:-1","max-image-preview":"max-image-preview:large","max-video-preview":"max-video-preview:-1"},"canonical":"https:\/\/sysmatec.ch\/de\/Produkt\/amylose-amylopectin-assay-kit\/","og_locale":"de_DE","og_type":"article","og_title":"Amylose\/Amylopectin Assay Kit K-AMYL - Sysmatec","og_description":"Amylose\/Amylopektin-Analyse mit Spektrophotometer. Bestimmung von Amylose im Bereich von 5-95 % des Gesamtst\u00e4rkegehalts","og_url":"https:\/\/sysmatec.ch\/de\/Produkt\/amylose-amylopectin-assay-kit\/","og_site_name":"Sysmatec","article_modified_time":"2023-02-19T10:46:20+00:00","og_image":[{"width":600,"height":400,"url":"https:\/\/sysmatec.ch\/wp-content\/uploads\/2023\/02\/AnalyseAmylose_Megazyme.jpg","type":"image\/jpeg"}],"twitter_card":"summary_large_image","twitter_misc":{"Gesch\u00e4tzte Lesezeit":"1\u00a0Minute"},"schema":{"@context":"https:\/\/schema.org","@graph":[{"@type":"WebPage","@id":"https:\/\/sysmatec.ch\/de\/Produkt\/amylose-amylopectin-assay-kit\/","url":"https:\/\/sysmatec.ch\/de\/Produkt\/amylose-amylopectin-assay-kit\/","name":"Amylose\/Amylopectin Assay Kit K-AMYL - Sysmatec","isPartOf":{"@id":"https:\/\/sysmatec.ch\/de\/#website"},"primaryImageOfPage":{"@id":"https:\/\/sysmatec.ch\/de\/Produkt\/amylose-amylopectin-assay-kit\/#primaryimage"},"image":{"@id":"https:\/\/sysmatec.ch\/de\/Produkt\/amylose-amylopectin-assay-kit\/#primaryimage"},"thumbnailUrl":"https:\/\/sysmatec.ch\/wp-content\/uploads\/2023\/02\/AnalyseAmylose_Megazyme.jpg","datePublished":"2023-02-19T10:11:57+00:00","dateModified":"2023-02-19T10:46:20+00:00","description":"Amylose\/Amylopektin-Analyse mit Spektrophotometer. Bestimmung von Amylose im Bereich von 5-95 % des Gesamtst\u00e4rkegehalts","breadcrumb":{"@id":"https:\/\/sysmatec.ch\/de\/Produkt\/amylose-amylopectin-assay-kit\/#breadcrumb"},"inLanguage":"de","potentialAction":[{"@type":"ReadAction","target":["https:\/\/sysmatec.ch\/de\/Produkt\/amylose-amylopectin-assay-kit\/"]}]},{"@type":"ImageObject","inLanguage":"de","@id":"https:\/\/sysmatec.ch\/de\/Produkt\/amylose-amylopectin-assay-kit\/#primaryimage","url":"https:\/\/sysmatec.ch\/wp-content\/uploads\/2023\/02\/AnalyseAmylose_Megazyme.jpg","contentUrl":"https:\/\/sysmatec.ch\/wp-content\/uploads\/2023\/02\/AnalyseAmylose_Megazyme.jpg","width":600,"height":400},{"@type":"BreadcrumbList","@id":"https:\/\/sysmatec.ch\/de\/Produkt\/amylose-amylopectin-assay-kit\/#breadcrumb","itemListElement":[{"@type":"ListItem","position":1,"name":"Accueil","item":"https:\/\/sysmatec.ch\/de\/"},{"@type":"ListItem","position":2,"name":"Die Aktivit\u00e4t von Sysmatec","item":"https:\/\/sysmatec.ch\/de\/"},{"@type":"ListItem","position":3,"name":"Amylose\/Amylopectin Assay Kit K-AMYL"}]},{"@type":"WebSite","@id":"https:\/\/sysmatec.ch\/de\/#website","url":"https:\/\/sysmatec.ch\/de\/","name":"Sysmatec","description":"Equipement de laboratoire et logiciels","publisher":{"@id":"https:\/\/sysmatec.ch\/de\/#organization"},"potentialAction":[{"@type":"SearchAction","target":{"@type":"EntryPoint","urlTemplate":"https:\/\/sysmatec.ch\/de\/?s={search_term_string}"},"query-input":{"@type":"PropertyValueSpecification","valueRequired":true,"valueName":"search_term_string"}}],"inLanguage":"de"},{"@type":"Organization","@id":"https:\/\/sysmatec.ch\/de\/#organization","name":"Sysmatec","url":"https:\/\/sysmatec.ch\/de\/","logo":{"@type":"ImageObject","inLanguage":"de","@id":"https:\/\/sysmatec.ch\/de\/#\/schema\/logo\/image\/","url":"https:\/\/sysmatec.ch\/wp-content\/uploads\/2018\/11\/LogoSysmatec.jpg","contentUrl":"https:\/\/sysmatec.ch\/wp-content\/uploads\/2018\/11\/LogoSysmatec.jpg","width":301,"height":297,"caption":"Sysmatec"},"image":{"@id":"https:\/\/sysmatec.ch\/de\/#\/schema\/logo\/image\/"}}]}},"_links":{"self":[{"href":"https:\/\/sysmatec.ch\/de\/wp-json\/wp\/v2\/product\/28374","targetHints":{"allow":["GET"]}}],"collection":[{"href":"https:\/\/sysmatec.ch\/de\/wp-json\/wp\/v2\/product"}],"about":[{"href":"https:\/\/sysmatec.ch\/de\/wp-json\/wp\/v2\/types\/product"}],"wp:featuredmedia":[{"embeddable":true,"href":"https:\/\/sysmatec.ch\/de\/wp-json\/wp\/v2\/media\/28372"}],"wp:attachment":[{"href":"https:\/\/sysmatec.ch\/de\/wp-json\/wp\/v2\/media?parent=28374"}],"wp:term":[{"taxonomy":"product_brand","embeddable":true,"href":"https:\/\/sysmatec.ch\/de\/wp-json\/wp\/v2\/product_brand?post=28374"},{"taxonomy":"product_cat","embeddable":true,"href":"https:\/\/sysmatec.ch\/de\/wp-json\/wp\/v2\/product_cat?post=28374"},{"taxonomy":"product_tag","embeddable":true,"href":"https:\/\/sysmatec.ch\/de\/wp-json\/wp\/v2\/product_tag?post=28374"}],"curies":[{"name":"wp","href":"https:\/\/api.w.org\/{rel}","templated":true}]}}