{"id":28365,"date":"2023-02-18T11:55:48","date_gmt":"2023-02-18T10:55:48","guid":{"rendered":"https:\/\/sysmatec.ch\/produit\/d-glucose-hk-assay-kit\/"},"modified":"2023-02-18T12:08:42","modified_gmt":"2023-02-18T11:08:42","slug":"d-glucose-hk-assay-kit","status":"publish","type":"product","link":"https:\/\/sysmatec.ch\/de\/Produkt\/d-glucose-hk-assay-kit\/","title":{"rendered":"D-Glucose HK Assay Kit"},"content":{"rendered":"<p>Das D-Glucose HK (Regular) Testkit ist ein hochreines Reagenz zur Messung und Analyse von D-Glucose in Pflanzen- und Lebensmittelprodukten. Kann in Kombination mit anderen Produkten von Megazyme verwendet werden, die eine Glukosebestimmung erfordern.<\/p>\n<h2 class=\"description--advantages-title\">Vorteile<\/h2>\n<ul>\n<li>Erweiterte Cofaktorstabilit\u00e4t. Gel\u00f6ste Cofaktoren stabil f\u00fcr &gt; 1 Jahr bei 4 \u00b0C.<\/li>\n<li>Sehr konkurrenzf\u00e4higer Preis (Kosten pro Test)<\/li>\n<li>Alle Reagenzien sind nach Herstellung &gt; 2 Jahre haltbar<br \/>\nSchnelle Reaktion<\/li>\n<li>Das Mega-Calc\u2122-Softwaretool ist auf unserer Website f\u00fcr eine problemlose Rohdatenverarbeitung verf\u00fcgbar<\/li>\n<li>Serienm\u00e4\u00dfig enthalten<\/li>\n<li>Geeignet f\u00fcr manuelle, Mikroplatten- und Auto-Analyzer-Formate<\/li>\n<\/ul>\n<h2>Beschreibung<\/h2>\n<table class=\"description--table mega-detail-table\">\n<tbody>\n<tr class=\"description--table-row\">\n<td class=\"description--table-col is--bold\">Contenu<\/td>\n<td class=\"description--table-col\">(K-GLUHK-110A): 110 Assays (manuell) \/ 1100 Assays (Mikroplatte) \/ 1000 Assays (Auto-Analyser)<br \/>\n(K-GLUHK-220A): 220\u00a0Assays (manuell) \/ 2200\u00a0Assays\u00a0(Mikroplatte) \/ 2000\u00a0Assays\u00a0(Auto-Analyseger\u00e4t)<\/td>\n<\/tr>\n<tr class=\"description--table-row\">\n<td class=\"description--table-col is--bold\">Transporttemperatur<\/td>\n<td class=\"description--table-col\">Umgebung<\/td>\n<\/tr>\n<tr class=\"description--table-row\">\n<td class=\"description--table-col is--bold\">Lagerungstemperatur<\/td>\n<td class=\"description--table-col\">Kurzzeitstabilit\u00e4t: 2-8 \u00b0C,<br \/>\nLangzeitstabilit\u00e4t: Siehe Etiketten der einzelnen Komponenten<\/td>\n<\/tr>\n<tr class=\"description--table-row\">\n<td class=\"description--table-col is--bold\">Stabilit\u00e4t<\/td>\n<td class=\"description--table-col\">&gt; 1 Jahr unter empfohlenen Lagerbedingungen<\/td>\n<\/tr>\n<\/tbody>\n<\/table>\n<table class=\"description--table mega-detail-table\">\n<tbody>\n<tr class=\"description--table-row\">\n<td class=\"description--table-col is--bold\">Analyte<\/td>\n<td class=\"description--table-col\">D-Glucose<\/td>\n<\/tr>\n<tr class=\"description--table-row\">\n<td class=\"description--table-col is--bold\">Material<\/td>\n<td class=\"description--table-col\">Spektrophotometer, Mikroplatte, Auto-Analysator<\/td>\n<\/tr>\n<tr class=\"description--table-row\">\n<td class=\"description--table-col is--bold\">Nachweismethode<\/td>\n<td class=\"description--table-col\">Absorbtion<\/td>\n<\/tr>\n<tr class=\"description--table-row\">\n<td class=\"description--table-col is--bold\">Wellenl\u00e4nge (nm):<\/td>\n<td class=\"description--table-col\">340<\/td>\n<\/tr>\n<tr class=\"description--table-row\">\n<td class=\"description--table-col is--bold\">Antwort<\/td>\n<td class=\"description--table-col\">Steigerung<\/td>\n<\/tr>\n<tr class=\"description--table-row\">\n<td class=\"description--table-col is--bold\">Lienar Bereich<\/td>\n<td class=\"description--table-col\">4 bis 80 \u00b5g D-Glucose pro Assay<\/td>\n<\/tr>\n<tr class=\"description--table-row\">\n<td class=\"description--table-col is--bold\">Nachweisgrenze<\/td>\n<td class=\"description--table-col\">0.66 mg\/L<\/td>\n<\/tr>\n<tr class=\"description--table-row\">\n<td class=\"description--table-col is--bold\">Reaktionszeit (min):<\/td>\n<td class=\"description--table-col\">~ 5 min<\/td>\n<\/tr>\n<\/tbody>\n<\/table>\n","protected":false},"excerpt":{"rendered":"<p>D-Glucose HK Assay Kit zur Messung mit Spektrophotometer<\/p>\n","protected":false},"featured_media":28363,"template":"","meta":{"_crdt_document":""},"product_brand":[],"product_cat":[188,368],"product_tag":[],"class_list":{"0":"post-28365","1":"product","2":"type-product","3":"status-publish","4":"has-post-thumbnail","6":"product_cat-analyse-de","7":"product_cat-chemische-verbindung","9":"first","10":"instock","11":"taxable","12":"shipping-taxable","13":"product-type-simple"},"yoast_head":"<!-- This site is optimized with the Yoast SEO plugin v27.4 - https:\/\/yoast.com\/product\/yoast-seo-wordpress\/ -->\n<title>D-Glucose HK Assay Kit - Sysmatec<\/title>\n<meta name=\"description\" content=\"D-Glucose HK Assay Kit zur Messung mit Spektrophotometer in einem Bereich von 4 bis 80 \u00b5g D-Glucose pro Assay.\" \/>\n<meta name=\"robots\" content=\"index, follow, max-snippet:-1, max-image-preview:large, max-video-preview:-1\" \/>\n<link rel=\"canonical\" href=\"https:\/\/sysmatec.ch\/de\/Produkt\/d-glucose-hk-assay-kit\/\" \/>\n<meta property=\"og:locale\" content=\"de_DE\" \/>\n<meta property=\"og:type\" content=\"article\" \/>\n<meta property=\"og:title\" content=\"D-Glucose HK Assay Kit - Sysmatec\" \/>\n<meta property=\"og:description\" content=\"D-Glucose HK Assay Kit zur Messung mit Spektrophotometer in einem Bereich von 4 bis 80 \u00b5g D-Glucose pro Assay.\" \/>\n<meta property=\"og:url\" content=\"https:\/\/sysmatec.ch\/de\/Produkt\/d-glucose-hk-assay-kit\/\" \/>\n<meta property=\"og:site_name\" content=\"Sysmatec\" \/>\n<meta property=\"article:modified_time\" content=\"2023-02-18T11:08:42+00:00\" \/>\n<meta property=\"og:image\" content=\"https:\/\/sysmatec.ch\/wp-content\/uploads\/2023\/02\/AnalyseGlucose_Megazyme.jpg\" \/>\n\t<meta property=\"og:image:width\" content=\"600\" \/>\n\t<meta property=\"og:image:height\" content=\"400\" \/>\n\t<meta property=\"og:image:type\" content=\"image\/jpeg\" \/>\n<meta name=\"twitter:card\" content=\"summary_large_image\" \/>\n<meta name=\"twitter:label1\" content=\"Gesch\u00e4tzte Lesezeit\" \/>\n\t<meta name=\"twitter:data1\" content=\"1\u00a0Minute\" \/>\n<script type=\"application\/ld+json\" class=\"yoast-schema-graph\">{\"@context\":\"https:\\\/\\\/schema.org\",\"@graph\":[{\"@type\":\"WebPage\",\"@id\":\"https:\\\/\\\/sysmatec.ch\\\/de\\\/Produkt\\\/d-glucose-hk-assay-kit\\\/\",\"url\":\"https:\\\/\\\/sysmatec.ch\\\/de\\\/Produkt\\\/d-glucose-hk-assay-kit\\\/\",\"name\":\"D-Glucose HK Assay Kit - Sysmatec\",\"isPartOf\":{\"@id\":\"https:\\\/\\\/sysmatec.ch\\\/de\\\/#website\"},\"primaryImageOfPage\":{\"@id\":\"https:\\\/\\\/sysmatec.ch\\\/de\\\/Produkt\\\/d-glucose-hk-assay-kit\\\/#primaryimage\"},\"image\":{\"@id\":\"https:\\\/\\\/sysmatec.ch\\\/de\\\/Produkt\\\/d-glucose-hk-assay-kit\\\/#primaryimage\"},\"thumbnailUrl\":\"https:\\\/\\\/sysmatec.ch\\\/wp-content\\\/uploads\\\/2023\\\/02\\\/AnalyseGlucose_Megazyme.jpg\",\"datePublished\":\"2023-02-18T10:55:48+00:00\",\"dateModified\":\"2023-02-18T11:08:42+00:00\",\"description\":\"D-Glucose HK Assay Kit zur Messung mit Spektrophotometer in einem Bereich von 4 bis 80 \u00b5g D-Glucose pro Assay.\",\"breadcrumb\":{\"@id\":\"https:\\\/\\\/sysmatec.ch\\\/de\\\/Produkt\\\/d-glucose-hk-assay-kit\\\/#breadcrumb\"},\"inLanguage\":\"de\",\"potentialAction\":[{\"@type\":\"ReadAction\",\"target\":[\"https:\\\/\\\/sysmatec.ch\\\/de\\\/Produkt\\\/d-glucose-hk-assay-kit\\\/\"]}]},{\"@type\":\"ImageObject\",\"inLanguage\":\"de\",\"@id\":\"https:\\\/\\\/sysmatec.ch\\\/de\\\/Produkt\\\/d-glucose-hk-assay-kit\\\/#primaryimage\",\"url\":\"https:\\\/\\\/sysmatec.ch\\\/wp-content\\\/uploads\\\/2023\\\/02\\\/AnalyseGlucose_Megazyme.jpg\",\"contentUrl\":\"https:\\\/\\\/sysmatec.ch\\\/wp-content\\\/uploads\\\/2023\\\/02\\\/AnalyseGlucose_Megazyme.jpg\",\"width\":600,\"height\":400},{\"@type\":\"BreadcrumbList\",\"@id\":\"https:\\\/\\\/sysmatec.ch\\\/de\\\/Produkt\\\/d-glucose-hk-assay-kit\\\/#breadcrumb\",\"itemListElement\":[{\"@type\":\"ListItem\",\"position\":1,\"name\":\"Accueil\",\"item\":\"https:\\\/\\\/sysmatec.ch\\\/de\\\/\"},{\"@type\":\"ListItem\",\"position\":2,\"name\":\"Die Aktivit\u00e4t von Sysmatec\",\"item\":\"https:\\\/\\\/sysmatec.ch\\\/de\\\/\"},{\"@type\":\"ListItem\",\"position\":3,\"name\":\"D-Glucose HK Assay Kit\"}]},{\"@type\":\"WebSite\",\"@id\":\"https:\\\/\\\/sysmatec.ch\\\/de\\\/#website\",\"url\":\"https:\\\/\\\/sysmatec.ch\\\/de\\\/\",\"name\":\"Sysmatec\",\"description\":\"Equipement de laboratoire et logiciels\",\"publisher\":{\"@id\":\"https:\\\/\\\/sysmatec.ch\\\/de\\\/#organization\"},\"potentialAction\":[{\"@type\":\"SearchAction\",\"target\":{\"@type\":\"EntryPoint\",\"urlTemplate\":\"https:\\\/\\\/sysmatec.ch\\\/de\\\/?s={search_term_string}\"},\"query-input\":{\"@type\":\"PropertyValueSpecification\",\"valueRequired\":true,\"valueName\":\"search_term_string\"}}],\"inLanguage\":\"de\"},{\"@type\":\"Organization\",\"@id\":\"https:\\\/\\\/sysmatec.ch\\\/de\\\/#organization\",\"name\":\"Sysmatec\",\"url\":\"https:\\\/\\\/sysmatec.ch\\\/de\\\/\",\"logo\":{\"@type\":\"ImageObject\",\"inLanguage\":\"de\",\"@id\":\"https:\\\/\\\/sysmatec.ch\\\/de\\\/#\\\/schema\\\/logo\\\/image\\\/\",\"url\":\"https:\\\/\\\/sysmatec.ch\\\/wp-content\\\/uploads\\\/2018\\\/11\\\/LogoSysmatec.jpg\",\"contentUrl\":\"https:\\\/\\\/sysmatec.ch\\\/wp-content\\\/uploads\\\/2018\\\/11\\\/LogoSysmatec.jpg\",\"width\":301,\"height\":297,\"caption\":\"Sysmatec\"},\"image\":{\"@id\":\"https:\\\/\\\/sysmatec.ch\\\/de\\\/#\\\/schema\\\/logo\\\/image\\\/\"}}]}<\/script>\n<!-- \/ Yoast SEO plugin. -->","yoast_head_json":{"title":"D-Glucose HK Assay Kit - Sysmatec","description":"D-Glucose HK Assay Kit zur Messung mit Spektrophotometer in einem Bereich von 4 bis 80 \u00b5g D-Glucose pro Assay.","robots":{"index":"index","follow":"follow","max-snippet":"max-snippet:-1","max-image-preview":"max-image-preview:large","max-video-preview":"max-video-preview:-1"},"canonical":"https:\/\/sysmatec.ch\/de\/Produkt\/d-glucose-hk-assay-kit\/","og_locale":"de_DE","og_type":"article","og_title":"D-Glucose HK Assay Kit - Sysmatec","og_description":"D-Glucose HK Assay Kit zur Messung mit Spektrophotometer in einem Bereich von 4 bis 80 \u00b5g D-Glucose pro Assay.","og_url":"https:\/\/sysmatec.ch\/de\/Produkt\/d-glucose-hk-assay-kit\/","og_site_name":"Sysmatec","article_modified_time":"2023-02-18T11:08:42+00:00","og_image":[{"width":600,"height":400,"url":"https:\/\/sysmatec.ch\/wp-content\/uploads\/2023\/02\/AnalyseGlucose_Megazyme.jpg","type":"image\/jpeg"}],"twitter_card":"summary_large_image","twitter_misc":{"Gesch\u00e4tzte Lesezeit":"1\u00a0Minute"},"schema":{"@context":"https:\/\/schema.org","@graph":[{"@type":"WebPage","@id":"https:\/\/sysmatec.ch\/de\/Produkt\/d-glucose-hk-assay-kit\/","url":"https:\/\/sysmatec.ch\/de\/Produkt\/d-glucose-hk-assay-kit\/","name":"D-Glucose HK Assay Kit - Sysmatec","isPartOf":{"@id":"https:\/\/sysmatec.ch\/de\/#website"},"primaryImageOfPage":{"@id":"https:\/\/sysmatec.ch\/de\/Produkt\/d-glucose-hk-assay-kit\/#primaryimage"},"image":{"@id":"https:\/\/sysmatec.ch\/de\/Produkt\/d-glucose-hk-assay-kit\/#primaryimage"},"thumbnailUrl":"https:\/\/sysmatec.ch\/wp-content\/uploads\/2023\/02\/AnalyseGlucose_Megazyme.jpg","datePublished":"2023-02-18T10:55:48+00:00","dateModified":"2023-02-18T11:08:42+00:00","description":"D-Glucose HK Assay Kit zur Messung mit Spektrophotometer in einem Bereich von 4 bis 80 \u00b5g D-Glucose pro Assay.","breadcrumb":{"@id":"https:\/\/sysmatec.ch\/de\/Produkt\/d-glucose-hk-assay-kit\/#breadcrumb"},"inLanguage":"de","potentialAction":[{"@type":"ReadAction","target":["https:\/\/sysmatec.ch\/de\/Produkt\/d-glucose-hk-assay-kit\/"]}]},{"@type":"ImageObject","inLanguage":"de","@id":"https:\/\/sysmatec.ch\/de\/Produkt\/d-glucose-hk-assay-kit\/#primaryimage","url":"https:\/\/sysmatec.ch\/wp-content\/uploads\/2023\/02\/AnalyseGlucose_Megazyme.jpg","contentUrl":"https:\/\/sysmatec.ch\/wp-content\/uploads\/2023\/02\/AnalyseGlucose_Megazyme.jpg","width":600,"height":400},{"@type":"BreadcrumbList","@id":"https:\/\/sysmatec.ch\/de\/Produkt\/d-glucose-hk-assay-kit\/#breadcrumb","itemListElement":[{"@type":"ListItem","position":1,"name":"Accueil","item":"https:\/\/sysmatec.ch\/de\/"},{"@type":"ListItem","position":2,"name":"Die Aktivit\u00e4t von Sysmatec","item":"https:\/\/sysmatec.ch\/de\/"},{"@type":"ListItem","position":3,"name":"D-Glucose HK Assay Kit"}]},{"@type":"WebSite","@id":"https:\/\/sysmatec.ch\/de\/#website","url":"https:\/\/sysmatec.ch\/de\/","name":"Sysmatec","description":"Equipement de laboratoire et logiciels","publisher":{"@id":"https:\/\/sysmatec.ch\/de\/#organization"},"potentialAction":[{"@type":"SearchAction","target":{"@type":"EntryPoint","urlTemplate":"https:\/\/sysmatec.ch\/de\/?s={search_term_string}"},"query-input":{"@type":"PropertyValueSpecification","valueRequired":true,"valueName":"search_term_string"}}],"inLanguage":"de"},{"@type":"Organization","@id":"https:\/\/sysmatec.ch\/de\/#organization","name":"Sysmatec","url":"https:\/\/sysmatec.ch\/de\/","logo":{"@type":"ImageObject","inLanguage":"de","@id":"https:\/\/sysmatec.ch\/de\/#\/schema\/logo\/image\/","url":"https:\/\/sysmatec.ch\/wp-content\/uploads\/2018\/11\/LogoSysmatec.jpg","contentUrl":"https:\/\/sysmatec.ch\/wp-content\/uploads\/2018\/11\/LogoSysmatec.jpg","width":301,"height":297,"caption":"Sysmatec"},"image":{"@id":"https:\/\/sysmatec.ch\/de\/#\/schema\/logo\/image\/"}}]}},"_links":{"self":[{"href":"https:\/\/sysmatec.ch\/de\/wp-json\/wp\/v2\/product\/28365","targetHints":{"allow":["GET"]}}],"collection":[{"href":"https:\/\/sysmatec.ch\/de\/wp-json\/wp\/v2\/product"}],"about":[{"href":"https:\/\/sysmatec.ch\/de\/wp-json\/wp\/v2\/types\/product"}],"wp:featuredmedia":[{"embeddable":true,"href":"https:\/\/sysmatec.ch\/de\/wp-json\/wp\/v2\/media\/28363"}],"wp:attachment":[{"href":"https:\/\/sysmatec.ch\/de\/wp-json\/wp\/v2\/media?parent=28365"}],"wp:term":[{"taxonomy":"product_brand","embeddable":true,"href":"https:\/\/sysmatec.ch\/de\/wp-json\/wp\/v2\/product_brand?post=28365"},{"taxonomy":"product_cat","embeddable":true,"href":"https:\/\/sysmatec.ch\/de\/wp-json\/wp\/v2\/product_cat?post=28365"},{"taxonomy":"product_tag","embeddable":true,"href":"https:\/\/sysmatec.ch\/de\/wp-json\/wp\/v2\/product_tag?post=28365"}],"curies":[{"name":"wp","href":"https:\/\/api.w.org\/{rel}","templated":true}]}}