{"id":28313,"date":"2023-02-14T21:10:56","date_gmt":"2023-02-14T20:10:56","guid":{"rendered":"https:\/\/sysmatec.ch\/produit\/cell-counter-sol-count\/"},"modified":"2023-02-14T21:36:16","modified_gmt":"2023-02-14T20:36:16","slug":"cell-counter-sol-count","status":"publish","type":"product","link":"https:\/\/sysmatec.ch\/de\/Produkt\/cell-counter-sol-count\/","title":{"rendered":"Cell counter SOL COUNT"},"content":{"rendered":"<p>Dieser automatisierte Zellz\u00e4hler kann automatisch mehrere Zelltypen gleichzeitig z\u00e4hlen. Er verwendet eine linsenlose LED-Optik und CMOS-Sensortechnologie, um die Gesamtzahl der Zellen, lebende und tote Zellen schnell und genau zu messen und die Daten einfach zu speichern und zu \u00fcbertragen. Au\u00dferdem k\u00f6nnen zwei Arten von Zellen gleichzeitig gemessen werden.<\/p>\n<p>Die Einwegkartusche mit vier Kan\u00e4len erleichtert die Anwendung.<\/p>\n<h2>Spezifikationen<\/h2>\n<table class=\"tblBasic\">\n<tbody>\n<tr>\n<td class=\"title\">Exportformate<\/td>\n<td>PDF, JPG<\/td>\n<\/tr>\n<tr>\n<td class=\"title\">Zellgr\u00f6\u00dfenbereich<\/td>\n<td>5-50 \u339b<\/td>\n<\/tr>\n<tr>\n<td class=\"title\">Messvolum<\/td>\n<td>20 \u3395\/Test<\/td>\n<\/tr>\n<tr>\n<td class=\"title\">Zellvolum<\/td>\n<td>10 \u3395<\/td>\n<\/tr>\n<tr>\n<td class=\"title\">Messbereich<\/td>\n<td>1 X 10^4 &#8211; 1 X 10^7 Zellen\/mL<\/td>\n<\/tr>\n<tr>\n<td class=\"title\">Optimaler Messbereiche<\/td>\n<td>1 X 10^5 &#8211; 5 X 10^6 Zellene\/mL<\/td>\n<\/tr>\n<tr>\n<td class=\"title\">Daten Export<\/td>\n<td>USB Drive, Cloud<\/td>\n<\/tr>\n<tr>\n<td class=\"title\">Z\u00e4hlzeit<\/td>\n<td>\u226410 Sek\/Kammer<\/td>\n<\/tr>\n<tr>\n<td class=\"title\">Lichtquelle<\/td>\n<td>LED<\/td>\n<\/tr>\n<tr>\n<td class=\"title\">Sensor<\/td>\n<td>8M B\/W CMOS Bildsensor<\/td>\n<\/tr>\n<tr>\n<td class=\"title\">Spannung<\/td>\n<td>5V, 2A USB C-Type<\/td>\n<\/tr>\n<tr>\n<td class=\"title\">Dimension<\/td>\n<td>180 (W) X 120 (L) X 78 (H) mm<\/td>\n<\/tr>\n<tr>\n<td class=\"title\">Display<\/td>\n<td>7\u201d LCD Touchscreen<\/td>\n<\/tr>\n<\/tbody>\n<\/table>\n<table class=\"tblBasic\">\n<tbody>\n<tr>\n<td class=\"title\">Gewicht<\/td>\n<td>820 g<\/td>\n<\/tr>\n<tr>\n<td class=\"title\">LCD Standard<\/td>\n<td>7\u201d 1024 x 600 HD IPS<\/td>\n<\/tr>\n<tr>\n<td class=\"title\">LED Wellenl\u00e4nge<\/td>\n<td>465-485 nm<\/td>\n<\/tr>\n<tr>\n<td class=\"title\">Batterie<\/td>\n<td>4400mAh (2200mA x 2), 3.7V<\/td>\n<\/tr>\n<tr>\n<td class=\"title\">Arbeitstemperatur<\/td>\n<td>0\u00b0C ~ 50\u00b0C<\/td>\n<\/tr>\n<tr>\n<td class=\"title\">Arbeitsfeuchte<\/td>\n<td>0% ~ 95%<\/td>\n<\/tr>\n<\/tbody>\n<\/table>\n<table class=\"tblBasic\">\n<tbody>\n<tr>\n<td class=\"title\">Video Ausgang<\/td>\n<td>HDMI x 1<\/td>\n<\/tr>\n<tr>\n<td class=\"title\">USB Port<\/td>\n<td>USB-A x 2<\/td>\n<\/tr>\n<tr>\n<td class=\"title\">Auflade Port<\/td>\n<td>USB C-Type x 1<\/td>\n<\/tr>\n<tr>\n<td class=\"title\">Ethernet Port<\/td>\n<td>Ethernet x 1<\/td>\n<\/tr>\n<\/tbody>\n<\/table>\n","protected":false},"excerpt":{"rendered":"<p>Automatischer Zellz\u00e4hler f\u00fcr S\u00e4ugerzellen<\/p>\n","protected":false},"featured_media":28311,"template":"","meta":{"_crdt_document":""},"product_brand":[],"product_cat":[137],"product_tag":[],"class_list":{"0":"post-28313","1":"product","2":"type-product","3":"status-publish","4":"has-post-thumbnail","6":"product_cat-koloniezahler","8":"first","9":"instock","10":"taxable","11":"shipping-taxable","12":"product-type-simple"},"yoast_head":"<!-- This site is optimized with the Yoast SEO plugin v27.4 - https:\/\/yoast.com\/product\/yoast-seo-wordpress\/ -->\n<title>Cell counter SOL COUNT - Sysmatec<\/title>\n<meta name=\"description\" content=\"Automatischer Zellz\u00e4hler f\u00fcr S\u00e4ugerzellen. Der Messbereich betr\u00e4gt 1 x 10^4 - 1 x 10^7 Zellen\/ml.\" \/>\n<meta name=\"robots\" content=\"index, follow, max-snippet:-1, max-image-preview:large, max-video-preview:-1\" \/>\n<link rel=\"canonical\" href=\"https:\/\/sysmatec.ch\/de\/Produkt\/cell-counter-sol-count\/\" \/>\n<meta property=\"og:locale\" content=\"de_DE\" \/>\n<meta property=\"og:type\" content=\"article\" \/>\n<meta property=\"og:title\" content=\"Cell counter SOL COUNT - Sysmatec\" \/>\n<meta property=\"og:description\" content=\"Automatischer Zellz\u00e4hler f\u00fcr S\u00e4ugerzellen. Der Messbereich betr\u00e4gt 1 x 10^4 - 1 x 10^7 Zellen\/ml.\" \/>\n<meta property=\"og:url\" content=\"https:\/\/sysmatec.ch\/de\/Produkt\/cell-counter-sol-count\/\" \/>\n<meta property=\"og:site_name\" content=\"Sysmatec\" \/>\n<meta property=\"article:modified_time\" content=\"2023-02-14T20:36:16+00:00\" \/>\n<meta property=\"og:image\" content=\"https:\/\/sysmatec.ch\/wp-content\/uploads\/2023\/02\/Cell-Counter-Photo-1.jpg\" \/>\n\t<meta property=\"og:image:width\" content=\"800\" \/>\n\t<meta property=\"og:image:height\" content=\"600\" \/>\n\t<meta property=\"og:image:type\" content=\"image\/jpeg\" \/>\n<meta name=\"twitter:card\" content=\"summary_large_image\" \/>\n<meta name=\"twitter:label1\" content=\"Gesch\u00e4tzte Lesezeit\" \/>\n\t<meta name=\"twitter:data1\" content=\"1\u00a0Minute\" \/>\n<script type=\"application\/ld+json\" class=\"yoast-schema-graph\">{\"@context\":\"https:\\\/\\\/schema.org\",\"@graph\":[{\"@type\":\"WebPage\",\"@id\":\"https:\\\/\\\/sysmatec.ch\\\/de\\\/Produkt\\\/cell-counter-sol-count\\\/\",\"url\":\"https:\\\/\\\/sysmatec.ch\\\/de\\\/Produkt\\\/cell-counter-sol-count\\\/\",\"name\":\"Cell counter SOL COUNT - Sysmatec\",\"isPartOf\":{\"@id\":\"https:\\\/\\\/sysmatec.ch\\\/de\\\/#website\"},\"primaryImageOfPage\":{\"@id\":\"https:\\\/\\\/sysmatec.ch\\\/de\\\/Produkt\\\/cell-counter-sol-count\\\/#primaryimage\"},\"image\":{\"@id\":\"https:\\\/\\\/sysmatec.ch\\\/de\\\/Produkt\\\/cell-counter-sol-count\\\/#primaryimage\"},\"thumbnailUrl\":\"https:\\\/\\\/sysmatec.ch\\\/wp-content\\\/uploads\\\/2023\\\/02\\\/Cell-Counter-Photo-1.jpg\",\"datePublished\":\"2023-02-14T20:10:56+00:00\",\"dateModified\":\"2023-02-14T20:36:16+00:00\",\"description\":\"Automatischer Zellz\u00e4hler f\u00fcr S\u00e4ugerzellen. Der Messbereich betr\u00e4gt 1 x 10^4 - 1 x 10^7 Zellen\\\/ml.\",\"breadcrumb\":{\"@id\":\"https:\\\/\\\/sysmatec.ch\\\/de\\\/Produkt\\\/cell-counter-sol-count\\\/#breadcrumb\"},\"inLanguage\":\"de\",\"potentialAction\":[{\"@type\":\"ReadAction\",\"target\":[\"https:\\\/\\\/sysmatec.ch\\\/de\\\/Produkt\\\/cell-counter-sol-count\\\/\"]}]},{\"@type\":\"ImageObject\",\"inLanguage\":\"de\",\"@id\":\"https:\\\/\\\/sysmatec.ch\\\/de\\\/Produkt\\\/cell-counter-sol-count\\\/#primaryimage\",\"url\":\"https:\\\/\\\/sysmatec.ch\\\/wp-content\\\/uploads\\\/2023\\\/02\\\/Cell-Counter-Photo-1.jpg\",\"contentUrl\":\"https:\\\/\\\/sysmatec.ch\\\/wp-content\\\/uploads\\\/2023\\\/02\\\/Cell-Counter-Photo-1.jpg\",\"width\":800,\"height\":600},{\"@type\":\"BreadcrumbList\",\"@id\":\"https:\\\/\\\/sysmatec.ch\\\/de\\\/Produkt\\\/cell-counter-sol-count\\\/#breadcrumb\",\"itemListElement\":[{\"@type\":\"ListItem\",\"position\":1,\"name\":\"Accueil\",\"item\":\"https:\\\/\\\/sysmatec.ch\\\/de\\\/\"},{\"@type\":\"ListItem\",\"position\":2,\"name\":\"Die Aktivit\u00e4t von Sysmatec\",\"item\":\"https:\\\/\\\/sysmatec.ch\\\/de\\\/\"},{\"@type\":\"ListItem\",\"position\":3,\"name\":\"Cell counter SOL COUNT\"}]},{\"@type\":\"WebSite\",\"@id\":\"https:\\\/\\\/sysmatec.ch\\\/de\\\/#website\",\"url\":\"https:\\\/\\\/sysmatec.ch\\\/de\\\/\",\"name\":\"Sysmatec\",\"description\":\"Equipement de laboratoire et logiciels\",\"publisher\":{\"@id\":\"https:\\\/\\\/sysmatec.ch\\\/de\\\/#organization\"},\"potentialAction\":[{\"@type\":\"SearchAction\",\"target\":{\"@type\":\"EntryPoint\",\"urlTemplate\":\"https:\\\/\\\/sysmatec.ch\\\/de\\\/?s={search_term_string}\"},\"query-input\":{\"@type\":\"PropertyValueSpecification\",\"valueRequired\":true,\"valueName\":\"search_term_string\"}}],\"inLanguage\":\"de\"},{\"@type\":\"Organization\",\"@id\":\"https:\\\/\\\/sysmatec.ch\\\/de\\\/#organization\",\"name\":\"Sysmatec\",\"url\":\"https:\\\/\\\/sysmatec.ch\\\/de\\\/\",\"logo\":{\"@type\":\"ImageObject\",\"inLanguage\":\"de\",\"@id\":\"https:\\\/\\\/sysmatec.ch\\\/de\\\/#\\\/schema\\\/logo\\\/image\\\/\",\"url\":\"https:\\\/\\\/sysmatec.ch\\\/wp-content\\\/uploads\\\/2018\\\/11\\\/LogoSysmatec.jpg\",\"contentUrl\":\"https:\\\/\\\/sysmatec.ch\\\/wp-content\\\/uploads\\\/2018\\\/11\\\/LogoSysmatec.jpg\",\"width\":301,\"height\":297,\"caption\":\"Sysmatec\"},\"image\":{\"@id\":\"https:\\\/\\\/sysmatec.ch\\\/de\\\/#\\\/schema\\\/logo\\\/image\\\/\"}}]}<\/script>\n<!-- \/ Yoast SEO plugin. -->","yoast_head_json":{"title":"Cell counter SOL COUNT - Sysmatec","description":"Automatischer Zellz\u00e4hler f\u00fcr S\u00e4ugerzellen. Der Messbereich betr\u00e4gt 1 x 10^4 - 1 x 10^7 Zellen\/ml.","robots":{"index":"index","follow":"follow","max-snippet":"max-snippet:-1","max-image-preview":"max-image-preview:large","max-video-preview":"max-video-preview:-1"},"canonical":"https:\/\/sysmatec.ch\/de\/Produkt\/cell-counter-sol-count\/","og_locale":"de_DE","og_type":"article","og_title":"Cell counter SOL COUNT - Sysmatec","og_description":"Automatischer Zellz\u00e4hler f\u00fcr S\u00e4ugerzellen. Der Messbereich betr\u00e4gt 1 x 10^4 - 1 x 10^7 Zellen\/ml.","og_url":"https:\/\/sysmatec.ch\/de\/Produkt\/cell-counter-sol-count\/","og_site_name":"Sysmatec","article_modified_time":"2023-02-14T20:36:16+00:00","og_image":[{"width":800,"height":600,"url":"https:\/\/sysmatec.ch\/wp-content\/uploads\/2023\/02\/Cell-Counter-Photo-1.jpg","type":"image\/jpeg"}],"twitter_card":"summary_large_image","twitter_misc":{"Gesch\u00e4tzte Lesezeit":"1\u00a0Minute"},"schema":{"@context":"https:\/\/schema.org","@graph":[{"@type":"WebPage","@id":"https:\/\/sysmatec.ch\/de\/Produkt\/cell-counter-sol-count\/","url":"https:\/\/sysmatec.ch\/de\/Produkt\/cell-counter-sol-count\/","name":"Cell counter SOL COUNT - Sysmatec","isPartOf":{"@id":"https:\/\/sysmatec.ch\/de\/#website"},"primaryImageOfPage":{"@id":"https:\/\/sysmatec.ch\/de\/Produkt\/cell-counter-sol-count\/#primaryimage"},"image":{"@id":"https:\/\/sysmatec.ch\/de\/Produkt\/cell-counter-sol-count\/#primaryimage"},"thumbnailUrl":"https:\/\/sysmatec.ch\/wp-content\/uploads\/2023\/02\/Cell-Counter-Photo-1.jpg","datePublished":"2023-02-14T20:10:56+00:00","dateModified":"2023-02-14T20:36:16+00:00","description":"Automatischer Zellz\u00e4hler f\u00fcr S\u00e4ugerzellen. Der Messbereich betr\u00e4gt 1 x 10^4 - 1 x 10^7 Zellen\/ml.","breadcrumb":{"@id":"https:\/\/sysmatec.ch\/de\/Produkt\/cell-counter-sol-count\/#breadcrumb"},"inLanguage":"de","potentialAction":[{"@type":"ReadAction","target":["https:\/\/sysmatec.ch\/de\/Produkt\/cell-counter-sol-count\/"]}]},{"@type":"ImageObject","inLanguage":"de","@id":"https:\/\/sysmatec.ch\/de\/Produkt\/cell-counter-sol-count\/#primaryimage","url":"https:\/\/sysmatec.ch\/wp-content\/uploads\/2023\/02\/Cell-Counter-Photo-1.jpg","contentUrl":"https:\/\/sysmatec.ch\/wp-content\/uploads\/2023\/02\/Cell-Counter-Photo-1.jpg","width":800,"height":600},{"@type":"BreadcrumbList","@id":"https:\/\/sysmatec.ch\/de\/Produkt\/cell-counter-sol-count\/#breadcrumb","itemListElement":[{"@type":"ListItem","position":1,"name":"Accueil","item":"https:\/\/sysmatec.ch\/de\/"},{"@type":"ListItem","position":2,"name":"Die Aktivit\u00e4t von Sysmatec","item":"https:\/\/sysmatec.ch\/de\/"},{"@type":"ListItem","position":3,"name":"Cell counter SOL COUNT"}]},{"@type":"WebSite","@id":"https:\/\/sysmatec.ch\/de\/#website","url":"https:\/\/sysmatec.ch\/de\/","name":"Sysmatec","description":"Equipement de laboratoire et logiciels","publisher":{"@id":"https:\/\/sysmatec.ch\/de\/#organization"},"potentialAction":[{"@type":"SearchAction","target":{"@type":"EntryPoint","urlTemplate":"https:\/\/sysmatec.ch\/de\/?s={search_term_string}"},"query-input":{"@type":"PropertyValueSpecification","valueRequired":true,"valueName":"search_term_string"}}],"inLanguage":"de"},{"@type":"Organization","@id":"https:\/\/sysmatec.ch\/de\/#organization","name":"Sysmatec","url":"https:\/\/sysmatec.ch\/de\/","logo":{"@type":"ImageObject","inLanguage":"de","@id":"https:\/\/sysmatec.ch\/de\/#\/schema\/logo\/image\/","url":"https:\/\/sysmatec.ch\/wp-content\/uploads\/2018\/11\/LogoSysmatec.jpg","contentUrl":"https:\/\/sysmatec.ch\/wp-content\/uploads\/2018\/11\/LogoSysmatec.jpg","width":301,"height":297,"caption":"Sysmatec"},"image":{"@id":"https:\/\/sysmatec.ch\/de\/#\/schema\/logo\/image\/"}}]}},"_links":{"self":[{"href":"https:\/\/sysmatec.ch\/de\/wp-json\/wp\/v2\/product\/28313","targetHints":{"allow":["GET"]}}],"collection":[{"href":"https:\/\/sysmatec.ch\/de\/wp-json\/wp\/v2\/product"}],"about":[{"href":"https:\/\/sysmatec.ch\/de\/wp-json\/wp\/v2\/types\/product"}],"wp:featuredmedia":[{"embeddable":true,"href":"https:\/\/sysmatec.ch\/de\/wp-json\/wp\/v2\/media\/28311"}],"wp:attachment":[{"href":"https:\/\/sysmatec.ch\/de\/wp-json\/wp\/v2\/media?parent=28313"}],"wp:term":[{"taxonomy":"product_brand","embeddable":true,"href":"https:\/\/sysmatec.ch\/de\/wp-json\/wp\/v2\/product_brand?post=28313"},{"taxonomy":"product_cat","embeddable":true,"href":"https:\/\/sysmatec.ch\/de\/wp-json\/wp\/v2\/product_cat?post=28313"},{"taxonomy":"product_tag","embeddable":true,"href":"https:\/\/sysmatec.ch\/de\/wp-json\/wp\/v2\/product_tag?post=28313"}],"curies":[{"name":"wp","href":"https:\/\/api.w.org\/{rel}","templated":true}]}}