{"id":28305,"date":"2023-02-13T21:27:43","date_gmt":"2023-02-13T20:27:43","guid":{"rendered":"https:\/\/sysmatec.ch\/produit\/paramagnetic-o2-sensor-parox1200\/"},"modified":"2023-02-13T21:37:38","modified_gmt":"2023-02-13T20:37:38","slug":"paramagnetischer-o2-sensor-parox1200","status":"publish","type":"product","link":"https:\/\/sysmatec.ch\/de\/Produkt\/paramagnetischer-o2-sensor-parox1200\/","title":{"rendered":"Paramagnetischer O2-Sensor Parox1200"},"content":{"rendered":"<p>Dieses paramagnetische Sauerstoffsensormodul ist f\u00fcr den Einbau in Ihre Analysesysteme oder f\u00fcr die L\u00f6sung von Sauerstoffmessproblemen mit einem Mikroprozessor oder einem SPS-basierten System konzipiert.<br \/>\nDas Sensormodul ist wartungsfrei, hat eine lange Lebensdauer, liefert eine schnelle und genaue Signalantwort und ist praktisch unempfindlich gegen\u00fcber anderen Gasen. Es hat ein kompaktes Design, das hohen Qualit\u00e4tsanspr\u00fcchen gerecht wird, und eine einfache Implementierung.<\/p>\n<h2>Technische Spezifikationen<\/h2>\n<ul>\n<li>Standardmessbereiche 0 &#8211; 25 % O2, 0 \u2010 100 % O2, andere Bereiche auf Anfrage<\/li>\n<li>Minimaler Messbereich 0 \u2010 5 % O2<\/li>\n<li>Ausgangswert Standard 4 \u2010 20 mA (galvanisch getrennt)<\/li>\n<li>Ausgangswert (Option)0 \u20101V, 0 \u2010 4V (galvanisch getrennt)<\/li>\n<li>Durchfluss:\u00a0 18 &#8211; 70 l\/h mit fixem Bypass (Standard), maximal 250 ml\/min (ohne Bypass)<\/li>\n<li>Betriebsgasdruck: +\/-300 hPa (0,3 bar) im Betrieb, +\/- max. 1000hPa (1bar)<\/li>\n<li>Betriebstemperatur : 5 &#8211; 45\u00b0C, (beheizte Messzelle = 55\u00b0C)<\/li>\n<li>Lager- und Transporttemperatur: -25\u00b0C bis +65\u00b0C<\/li>\n<li>Relative Luftfeuchtigkeit: 0 &#8211; 90 % r.F.<\/li>\n<li>Abmessungen (B x H x T): 80 x 78 x 93 mm ohne Elektroanschluss Gasanschluss<\/li>\n<li>Gewicht ca. 1090 gr<\/li>\n<li>Reproduzierbarkeit &lt; \u00b10,03 % O2 [Zeitbasis f\u00fcr Gaswechsel &gt;= 5 min]<\/li>\n<li>Nullpunktdrift &lt; \u00b10,1 % O2 \/ Woche [kann in den ersten Tagen nach Inbetriebnahme oder nach l\u00e4ngerer Lagerung oder Transport h\u00f6her sein]<\/li>\n<li>Temperatureinfluss bei Null &lt; \u00b10,05 % O2 \/\u00b0C<\/li>\n<li>Flussfehler &lt; 0,2 % O2 bei Erh\u00f6hung des Flusses von 20 auf 100 ml\/min<br \/>\nReduzierung auf &lt; 0,1 % mit eingebautem Fix-Bypass [optional]<\/li>\n<li>90-Zeit &lt; 3s bei 150 ml\/min Flow und Gaswechsel von Stickstoff auf Luft<\/li>\n<li>Spannung 12-28 VDC, Leistungsaufnahme 12 W<\/li>\n<\/ul>\n<p>&nbsp;<\/p>\n","protected":false},"excerpt":{"rendered":"<p>Paramagnetischer O2-Sensor<\/p>\n","protected":false},"featured_media":28303,"template":"","meta":{"_crdt_document":""},"product_brand":[],"product_cat":[248,246],"product_tag":[],"class_list":{"0":"post-28305","1":"product","2":"type-product","3":"status-publish","4":"has-post-thumbnail","6":"product_cat-co2-de","7":"product_cat-sauerstoff","9":"first","10":"instock","11":"taxable","12":"shipping-taxable","13":"product-type-simple"},"yoast_head":"<!-- This site is optimized with the Yoast SEO plugin v27.4 - https:\/\/yoast.com\/product\/yoast-seo-wordpress\/ -->\n<title>Paramagnetischer O2-Sensor Parox1200 - Sysmatec<\/title>\n<meta name=\"description\" content=\"Paramagnetischer O2-Sensor, Bereich 0-5 %, 0-25 %, 0-100 %, f\u00fcr Gas.\" \/>\n<meta name=\"robots\" content=\"index, follow, max-snippet:-1, max-image-preview:large, max-video-preview:-1\" \/>\n<link rel=\"canonical\" href=\"https:\/\/sysmatec.ch\/de\/Produkt\/paramagnetischer-o2-sensor-parox1200\/\" \/>\n<meta property=\"og:locale\" content=\"de_DE\" \/>\n<meta property=\"og:type\" content=\"article\" \/>\n<meta property=\"og:title\" content=\"Paramagnetischer O2-Sensor Parox1200 - Sysmatec\" \/>\n<meta property=\"og:description\" content=\"Paramagnetischer O2-Sensor, Bereich 0-5 %, 0-25 %, 0-100 %, f\u00fcr Gas.\" \/>\n<meta property=\"og:url\" content=\"https:\/\/sysmatec.ch\/de\/Produkt\/paramagnetischer-o2-sensor-parox1200\/\" \/>\n<meta property=\"og:site_name\" content=\"Sysmatec\" \/>\n<meta property=\"article:modified_time\" content=\"2023-02-13T20:37:38+00:00\" \/>\n<meta property=\"og:image\" content=\"https:\/\/sysmatec.ch\/wp-content\/uploads\/2023\/02\/Oxygen_ParoxPewatron.jpg\" \/>\n\t<meta property=\"og:image:width\" content=\"302\" \/>\n\t<meta property=\"og:image:height\" content=\"332\" \/>\n\t<meta property=\"og:image:type\" content=\"image\/jpeg\" \/>\n<meta name=\"twitter:card\" content=\"summary_large_image\" \/>\n<meta name=\"twitter:label1\" content=\"Gesch\u00e4tzte Lesezeit\" \/>\n\t<meta name=\"twitter:data1\" content=\"2\u00a0Minuten\" \/>\n<script type=\"application\/ld+json\" class=\"yoast-schema-graph\">{\"@context\":\"https:\\\/\\\/schema.org\",\"@graph\":[{\"@type\":\"WebPage\",\"@id\":\"https:\\\/\\\/sysmatec.ch\\\/de\\\/Produkt\\\/paramagnetischer-o2-sensor-parox1200\\\/\",\"url\":\"https:\\\/\\\/sysmatec.ch\\\/de\\\/Produkt\\\/paramagnetischer-o2-sensor-parox1200\\\/\",\"name\":\"Paramagnetischer O2-Sensor Parox1200 - Sysmatec\",\"isPartOf\":{\"@id\":\"https:\\\/\\\/sysmatec.ch\\\/de\\\/#website\"},\"primaryImageOfPage\":{\"@id\":\"https:\\\/\\\/sysmatec.ch\\\/de\\\/Produkt\\\/paramagnetischer-o2-sensor-parox1200\\\/#primaryimage\"},\"image\":{\"@id\":\"https:\\\/\\\/sysmatec.ch\\\/de\\\/Produkt\\\/paramagnetischer-o2-sensor-parox1200\\\/#primaryimage\"},\"thumbnailUrl\":\"https:\\\/\\\/sysmatec.ch\\\/wp-content\\\/uploads\\\/2023\\\/02\\\/Oxygen_ParoxPewatron.jpg\",\"datePublished\":\"2023-02-13T20:27:43+00:00\",\"dateModified\":\"2023-02-13T20:37:38+00:00\",\"description\":\"Paramagnetischer O2-Sensor, Bereich 0-5 %, 0-25 %, 0-100 %, f\u00fcr Gas.\",\"breadcrumb\":{\"@id\":\"https:\\\/\\\/sysmatec.ch\\\/de\\\/Produkt\\\/paramagnetischer-o2-sensor-parox1200\\\/#breadcrumb\"},\"inLanguage\":\"de\",\"potentialAction\":[{\"@type\":\"ReadAction\",\"target\":[\"https:\\\/\\\/sysmatec.ch\\\/de\\\/Produkt\\\/paramagnetischer-o2-sensor-parox1200\\\/\"]}]},{\"@type\":\"ImageObject\",\"inLanguage\":\"de\",\"@id\":\"https:\\\/\\\/sysmatec.ch\\\/de\\\/Produkt\\\/paramagnetischer-o2-sensor-parox1200\\\/#primaryimage\",\"url\":\"https:\\\/\\\/sysmatec.ch\\\/wp-content\\\/uploads\\\/2023\\\/02\\\/Oxygen_ParoxPewatron.jpg\",\"contentUrl\":\"https:\\\/\\\/sysmatec.ch\\\/wp-content\\\/uploads\\\/2023\\\/02\\\/Oxygen_ParoxPewatron.jpg\",\"width\":302,\"height\":332},{\"@type\":\"BreadcrumbList\",\"@id\":\"https:\\\/\\\/sysmatec.ch\\\/de\\\/Produkt\\\/paramagnetischer-o2-sensor-parox1200\\\/#breadcrumb\",\"itemListElement\":[{\"@type\":\"ListItem\",\"position\":1,\"name\":\"Accueil\",\"item\":\"https:\\\/\\\/sysmatec.ch\\\/de\\\/\"},{\"@type\":\"ListItem\",\"position\":2,\"name\":\"Die Aktivit\u00e4t von Sysmatec\",\"item\":\"https:\\\/\\\/sysmatec.ch\\\/de\\\/\"},{\"@type\":\"ListItem\",\"position\":3,\"name\":\"Paramagnetischer O2-Sensor Parox1200\"}]},{\"@type\":\"WebSite\",\"@id\":\"https:\\\/\\\/sysmatec.ch\\\/de\\\/#website\",\"url\":\"https:\\\/\\\/sysmatec.ch\\\/de\\\/\",\"name\":\"Sysmatec\",\"description\":\"Equipement de laboratoire et logiciels\",\"publisher\":{\"@id\":\"https:\\\/\\\/sysmatec.ch\\\/de\\\/#organization\"},\"potentialAction\":[{\"@type\":\"SearchAction\",\"target\":{\"@type\":\"EntryPoint\",\"urlTemplate\":\"https:\\\/\\\/sysmatec.ch\\\/de\\\/?s={search_term_string}\"},\"query-input\":{\"@type\":\"PropertyValueSpecification\",\"valueRequired\":true,\"valueName\":\"search_term_string\"}}],\"inLanguage\":\"de\"},{\"@type\":\"Organization\",\"@id\":\"https:\\\/\\\/sysmatec.ch\\\/de\\\/#organization\",\"name\":\"Sysmatec\",\"url\":\"https:\\\/\\\/sysmatec.ch\\\/de\\\/\",\"logo\":{\"@type\":\"ImageObject\",\"inLanguage\":\"de\",\"@id\":\"https:\\\/\\\/sysmatec.ch\\\/de\\\/#\\\/schema\\\/logo\\\/image\\\/\",\"url\":\"https:\\\/\\\/sysmatec.ch\\\/wp-content\\\/uploads\\\/2018\\\/11\\\/LogoSysmatec.jpg\",\"contentUrl\":\"https:\\\/\\\/sysmatec.ch\\\/wp-content\\\/uploads\\\/2018\\\/11\\\/LogoSysmatec.jpg\",\"width\":301,\"height\":297,\"caption\":\"Sysmatec\"},\"image\":{\"@id\":\"https:\\\/\\\/sysmatec.ch\\\/de\\\/#\\\/schema\\\/logo\\\/image\\\/\"}}]}<\/script>\n<!-- \/ Yoast SEO plugin. -->","yoast_head_json":{"title":"Paramagnetischer O2-Sensor Parox1200 - Sysmatec","description":"Paramagnetischer O2-Sensor, Bereich 0-5 %, 0-25 %, 0-100 %, f\u00fcr Gas.","robots":{"index":"index","follow":"follow","max-snippet":"max-snippet:-1","max-image-preview":"max-image-preview:large","max-video-preview":"max-video-preview:-1"},"canonical":"https:\/\/sysmatec.ch\/de\/Produkt\/paramagnetischer-o2-sensor-parox1200\/","og_locale":"de_DE","og_type":"article","og_title":"Paramagnetischer O2-Sensor Parox1200 - Sysmatec","og_description":"Paramagnetischer O2-Sensor, Bereich 0-5 %, 0-25 %, 0-100 %, f\u00fcr Gas.","og_url":"https:\/\/sysmatec.ch\/de\/Produkt\/paramagnetischer-o2-sensor-parox1200\/","og_site_name":"Sysmatec","article_modified_time":"2023-02-13T20:37:38+00:00","og_image":[{"width":302,"height":332,"url":"https:\/\/sysmatec.ch\/wp-content\/uploads\/2023\/02\/Oxygen_ParoxPewatron.jpg","type":"image\/jpeg"}],"twitter_card":"summary_large_image","twitter_misc":{"Gesch\u00e4tzte Lesezeit":"2\u00a0Minuten"},"schema":{"@context":"https:\/\/schema.org","@graph":[{"@type":"WebPage","@id":"https:\/\/sysmatec.ch\/de\/Produkt\/paramagnetischer-o2-sensor-parox1200\/","url":"https:\/\/sysmatec.ch\/de\/Produkt\/paramagnetischer-o2-sensor-parox1200\/","name":"Paramagnetischer O2-Sensor Parox1200 - Sysmatec","isPartOf":{"@id":"https:\/\/sysmatec.ch\/de\/#website"},"primaryImageOfPage":{"@id":"https:\/\/sysmatec.ch\/de\/Produkt\/paramagnetischer-o2-sensor-parox1200\/#primaryimage"},"image":{"@id":"https:\/\/sysmatec.ch\/de\/Produkt\/paramagnetischer-o2-sensor-parox1200\/#primaryimage"},"thumbnailUrl":"https:\/\/sysmatec.ch\/wp-content\/uploads\/2023\/02\/Oxygen_ParoxPewatron.jpg","datePublished":"2023-02-13T20:27:43+00:00","dateModified":"2023-02-13T20:37:38+00:00","description":"Paramagnetischer O2-Sensor, Bereich 0-5 %, 0-25 %, 0-100 %, f\u00fcr Gas.","breadcrumb":{"@id":"https:\/\/sysmatec.ch\/de\/Produkt\/paramagnetischer-o2-sensor-parox1200\/#breadcrumb"},"inLanguage":"de","potentialAction":[{"@type":"ReadAction","target":["https:\/\/sysmatec.ch\/de\/Produkt\/paramagnetischer-o2-sensor-parox1200\/"]}]},{"@type":"ImageObject","inLanguage":"de","@id":"https:\/\/sysmatec.ch\/de\/Produkt\/paramagnetischer-o2-sensor-parox1200\/#primaryimage","url":"https:\/\/sysmatec.ch\/wp-content\/uploads\/2023\/02\/Oxygen_ParoxPewatron.jpg","contentUrl":"https:\/\/sysmatec.ch\/wp-content\/uploads\/2023\/02\/Oxygen_ParoxPewatron.jpg","width":302,"height":332},{"@type":"BreadcrumbList","@id":"https:\/\/sysmatec.ch\/de\/Produkt\/paramagnetischer-o2-sensor-parox1200\/#breadcrumb","itemListElement":[{"@type":"ListItem","position":1,"name":"Accueil","item":"https:\/\/sysmatec.ch\/de\/"},{"@type":"ListItem","position":2,"name":"Die Aktivit\u00e4t von Sysmatec","item":"https:\/\/sysmatec.ch\/de\/"},{"@type":"ListItem","position":3,"name":"Paramagnetischer O2-Sensor Parox1200"}]},{"@type":"WebSite","@id":"https:\/\/sysmatec.ch\/de\/#website","url":"https:\/\/sysmatec.ch\/de\/","name":"Sysmatec","description":"Equipement de laboratoire et logiciels","publisher":{"@id":"https:\/\/sysmatec.ch\/de\/#organization"},"potentialAction":[{"@type":"SearchAction","target":{"@type":"EntryPoint","urlTemplate":"https:\/\/sysmatec.ch\/de\/?s={search_term_string}"},"query-input":{"@type":"PropertyValueSpecification","valueRequired":true,"valueName":"search_term_string"}}],"inLanguage":"de"},{"@type":"Organization","@id":"https:\/\/sysmatec.ch\/de\/#organization","name":"Sysmatec","url":"https:\/\/sysmatec.ch\/de\/","logo":{"@type":"ImageObject","inLanguage":"de","@id":"https:\/\/sysmatec.ch\/de\/#\/schema\/logo\/image\/","url":"https:\/\/sysmatec.ch\/wp-content\/uploads\/2018\/11\/LogoSysmatec.jpg","contentUrl":"https:\/\/sysmatec.ch\/wp-content\/uploads\/2018\/11\/LogoSysmatec.jpg","width":301,"height":297,"caption":"Sysmatec"},"image":{"@id":"https:\/\/sysmatec.ch\/de\/#\/schema\/logo\/image\/"}}]}},"_links":{"self":[{"href":"https:\/\/sysmatec.ch\/de\/wp-json\/wp\/v2\/product\/28305","targetHints":{"allow":["GET"]}}],"collection":[{"href":"https:\/\/sysmatec.ch\/de\/wp-json\/wp\/v2\/product"}],"about":[{"href":"https:\/\/sysmatec.ch\/de\/wp-json\/wp\/v2\/types\/product"}],"wp:featuredmedia":[{"embeddable":true,"href":"https:\/\/sysmatec.ch\/de\/wp-json\/wp\/v2\/media\/28303"}],"wp:attachment":[{"href":"https:\/\/sysmatec.ch\/de\/wp-json\/wp\/v2\/media?parent=28305"}],"wp:term":[{"taxonomy":"product_brand","embeddable":true,"href":"https:\/\/sysmatec.ch\/de\/wp-json\/wp\/v2\/product_brand?post=28305"},{"taxonomy":"product_cat","embeddable":true,"href":"https:\/\/sysmatec.ch\/de\/wp-json\/wp\/v2\/product_cat?post=28305"},{"taxonomy":"product_tag","embeddable":true,"href":"https:\/\/sysmatec.ch\/de\/wp-json\/wp\/v2\/product_tag?post=28305"}],"curies":[{"name":"wp","href":"https:\/\/api.w.org\/{rel}","templated":true}]}}