{"id":28291,"date":"2023-02-12T21:17:11","date_gmt":"2023-02-12T20:17:11","guid":{"rendered":"https:\/\/sysmatec.ch\/produit\/lactose-analysis-k-lolac\/"},"modified":"2023-02-12T21:26:29","modified_gmt":"2023-02-12T20:26:29","slug":"laktose-analyse-k-lolac","status":"publish","type":"product","link":"https:\/\/sysmatec.ch\/de\/Produkt\/laktose-analyse-k-lolac\/","title":{"rendered":"Laktose Analyse K-LOLAC"},"content":{"rendered":"<div>\n<p>Das Testkit bietet eine schnelle, neuartige, sequentielle Messung von freier Glukose und Laktose in laktosearmen und laktosefreien Milchprodukten. Dieser sequentielle Assay reduziert die manuelle Eingabe, die ein Analytiker im Vergleich zum herk\u00f6mmlichen Lactose-Assay ben\u00f6tigt, und verbessert daher sowohl die Genauigkeit als auch die Effizienz. Bei Verwendung in Kombination mit dem mitgelieferten Megazyme Creep Calculator erm\u00f6glicht die in diesem Kit verwendete \u03b2-Galactosidase die selektive Messung von Lactose in Gegenwart von Galacto-Oligosacchariden (GOS), die \u00fcblicherweise in lactosefreien Milchprodukten vorkommen. Dies ist eine signifikante Verbesserung gegen\u00fcber existierenden im Handel erh\u00e4ltlichen Lactose-Assay-Kits, die typischerweise den Lactosegehalt in lactosefreien Proben aufgrund der unselektiven Hydrolyse von GOS durch \u03b2-Galactosidase \u00fcbersch\u00e4tzen. Schlie\u00dflich wurde die Empfindlichkeit des Assay-Kits durch die Verwendung eines biochemischen Kaskadenwegs verdoppelt, was dazu beitr\u00e4gt, die LOD und LOQ f\u00fcr den Assay erheblich zu reduzieren.<\/p>\n<h2>Vorteile<\/h2>\n<ul>\n<li>Sequentiell\/Hohe Empfindlichkeit<\/li>\n<li>Laktose-Assay-Kit \u2013 sequentiell\/hohe Empfindlichkeit, 65 Assays pro Kit<\/li>\n<li>Weltweit erster sequenzieller Assay f\u00fcr Laktose, d. h. verbesserte Genauigkeit und Effizienz<\/li>\n<li>Enth\u00e4lt eine spezifische \u03b2-Galactosidase zur selektiven Messung von Laktose in Milchprodukten<\/li>\n<li>Ein effizienter Vorbehandlungsschritt erm\u00f6glicht eine genaue Laktosemessung in \u201elaktosearmen\u201c und \u201elaktosefreien\u201c Milchprodukten<\/li>\n<li>Niedrigere Nachweisgrenze (LOD) als jede andere handels\u00fcbliche enzymatische Laktose-Nachweismethode. LOD bei 1,62 mg\/l<\/li>\n<li>Sehr konkurrenzf\u00e4higer Preis (Kosten pro Test)<\/li>\n<\/ul>\n<\/div>\n<div>\n<p>Ref. K-LOLAC<\/p>\n<\/div>\n","protected":false},"excerpt":{"rendered":"<p>Analyse du lactose pour les produits laitiers \u00e0 faible teneur en lactose ou sans lactose.<\/p>\n","protected":false},"featured_media":28289,"template":"","meta":{"_crdt_document":""},"product_brand":[],"product_cat":[188,368],"product_tag":[],"class_list":{"0":"post-28291","1":"product","2":"type-product","3":"status-publish","4":"has-post-thumbnail","6":"product_cat-analyse-de","7":"product_cat-chemische-verbindung","9":"first","10":"instock","11":"taxable","12":"shipping-taxable","13":"product-type-simple"},"yoast_head":"<!-- This site is optimized with the Yoast SEO plugin v27.4 - https:\/\/yoast.com\/product\/yoast-seo-wordpress\/ -->\n<title>Laktose Analyse K-LOLAC - Sysmatec<\/title>\n<meta name=\"description\" content=\"Laktoseanalyse f\u00fcr Milchprodukte in laktosearmen oder laktosefreien Milchprodukten mit kolorimetrischer Reaktion. Nachweisgrenze 1,62 mg\/L.\" \/>\n<meta name=\"robots\" content=\"index, follow, max-snippet:-1, max-image-preview:large, max-video-preview:-1\" \/>\n<link rel=\"canonical\" href=\"https:\/\/sysmatec.ch\/de\/Produkt\/laktose-analyse-k-lolac\/\" \/>\n<meta property=\"og:locale\" content=\"de_DE\" \/>\n<meta property=\"og:type\" content=\"article\" \/>\n<meta property=\"og:title\" content=\"Laktose Analyse K-LOLAC - Sysmatec\" \/>\n<meta property=\"og:description\" content=\"Laktoseanalyse f\u00fcr Milchprodukte in laktosearmen oder laktosefreien Milchprodukten mit kolorimetrischer Reaktion. Nachweisgrenze 1,62 mg\/L.\" \/>\n<meta property=\"og:url\" content=\"https:\/\/sysmatec.ch\/de\/Produkt\/laktose-analyse-k-lolac\/\" \/>\n<meta property=\"og:site_name\" content=\"Sysmatec\" \/>\n<meta property=\"article:modified_time\" content=\"2023-02-12T20:26:29+00:00\" \/>\n<meta property=\"og:image\" content=\"https:\/\/sysmatec.ch\/wp-content\/uploads\/2023\/02\/AnalyseLactose_Megazyme.jpg\" \/>\n\t<meta property=\"og:image:width\" content=\"1000\" \/>\n\t<meta property=\"og:image:height\" content=\"695\" \/>\n\t<meta property=\"og:image:type\" content=\"image\/jpeg\" \/>\n<meta name=\"twitter:card\" content=\"summary_large_image\" \/>\n<meta name=\"twitter:label1\" content=\"Gesch\u00e4tzte Lesezeit\" \/>\n\t<meta name=\"twitter:data1\" content=\"2\u00a0Minuten\" \/>\n<script type=\"application\/ld+json\" class=\"yoast-schema-graph\">{\"@context\":\"https:\\\/\\\/schema.org\",\"@graph\":[{\"@type\":\"WebPage\",\"@id\":\"https:\\\/\\\/sysmatec.ch\\\/de\\\/Produkt\\\/laktose-analyse-k-lolac\\\/\",\"url\":\"https:\\\/\\\/sysmatec.ch\\\/de\\\/Produkt\\\/laktose-analyse-k-lolac\\\/\",\"name\":\"Laktose Analyse K-LOLAC - Sysmatec\",\"isPartOf\":{\"@id\":\"https:\\\/\\\/sysmatec.ch\\\/de\\\/#website\"},\"primaryImageOfPage\":{\"@id\":\"https:\\\/\\\/sysmatec.ch\\\/de\\\/Produkt\\\/laktose-analyse-k-lolac\\\/#primaryimage\"},\"image\":{\"@id\":\"https:\\\/\\\/sysmatec.ch\\\/de\\\/Produkt\\\/laktose-analyse-k-lolac\\\/#primaryimage\"},\"thumbnailUrl\":\"https:\\\/\\\/sysmatec.ch\\\/wp-content\\\/uploads\\\/2023\\\/02\\\/AnalyseLactose_Megazyme.jpg\",\"datePublished\":\"2023-02-12T20:17:11+00:00\",\"dateModified\":\"2023-02-12T20:26:29+00:00\",\"description\":\"Laktoseanalyse f\u00fcr Milchprodukte in laktosearmen oder laktosefreien Milchprodukten mit kolorimetrischer Reaktion. Nachweisgrenze 1,62 mg\\\/L.\",\"breadcrumb\":{\"@id\":\"https:\\\/\\\/sysmatec.ch\\\/de\\\/Produkt\\\/laktose-analyse-k-lolac\\\/#breadcrumb\"},\"inLanguage\":\"de\",\"potentialAction\":[{\"@type\":\"ReadAction\",\"target\":[\"https:\\\/\\\/sysmatec.ch\\\/de\\\/Produkt\\\/laktose-analyse-k-lolac\\\/\"]}]},{\"@type\":\"ImageObject\",\"inLanguage\":\"de\",\"@id\":\"https:\\\/\\\/sysmatec.ch\\\/de\\\/Produkt\\\/laktose-analyse-k-lolac\\\/#primaryimage\",\"url\":\"https:\\\/\\\/sysmatec.ch\\\/wp-content\\\/uploads\\\/2023\\\/02\\\/AnalyseLactose_Megazyme.jpg\",\"contentUrl\":\"https:\\\/\\\/sysmatec.ch\\\/wp-content\\\/uploads\\\/2023\\\/02\\\/AnalyseLactose_Megazyme.jpg\",\"width\":1000,\"height\":695},{\"@type\":\"BreadcrumbList\",\"@id\":\"https:\\\/\\\/sysmatec.ch\\\/de\\\/Produkt\\\/laktose-analyse-k-lolac\\\/#breadcrumb\",\"itemListElement\":[{\"@type\":\"ListItem\",\"position\":1,\"name\":\"Accueil\",\"item\":\"https:\\\/\\\/sysmatec.ch\\\/de\\\/\"},{\"@type\":\"ListItem\",\"position\":2,\"name\":\"Die Aktivit\u00e4t von Sysmatec\",\"item\":\"https:\\\/\\\/sysmatec.ch\\\/de\\\/\"},{\"@type\":\"ListItem\",\"position\":3,\"name\":\"Laktose Analyse K-LOLAC\"}]},{\"@type\":\"WebSite\",\"@id\":\"https:\\\/\\\/sysmatec.ch\\\/de\\\/#website\",\"url\":\"https:\\\/\\\/sysmatec.ch\\\/de\\\/\",\"name\":\"Sysmatec\",\"description\":\"Equipement de laboratoire et logiciels\",\"publisher\":{\"@id\":\"https:\\\/\\\/sysmatec.ch\\\/de\\\/#organization\"},\"potentialAction\":[{\"@type\":\"SearchAction\",\"target\":{\"@type\":\"EntryPoint\",\"urlTemplate\":\"https:\\\/\\\/sysmatec.ch\\\/de\\\/?s={search_term_string}\"},\"query-input\":{\"@type\":\"PropertyValueSpecification\",\"valueRequired\":true,\"valueName\":\"search_term_string\"}}],\"inLanguage\":\"de\"},{\"@type\":\"Organization\",\"@id\":\"https:\\\/\\\/sysmatec.ch\\\/de\\\/#organization\",\"name\":\"Sysmatec\",\"url\":\"https:\\\/\\\/sysmatec.ch\\\/de\\\/\",\"logo\":{\"@type\":\"ImageObject\",\"inLanguage\":\"de\",\"@id\":\"https:\\\/\\\/sysmatec.ch\\\/de\\\/#\\\/schema\\\/logo\\\/image\\\/\",\"url\":\"https:\\\/\\\/sysmatec.ch\\\/wp-content\\\/uploads\\\/2018\\\/11\\\/LogoSysmatec.jpg\",\"contentUrl\":\"https:\\\/\\\/sysmatec.ch\\\/wp-content\\\/uploads\\\/2018\\\/11\\\/LogoSysmatec.jpg\",\"width\":301,\"height\":297,\"caption\":\"Sysmatec\"},\"image\":{\"@id\":\"https:\\\/\\\/sysmatec.ch\\\/de\\\/#\\\/schema\\\/logo\\\/image\\\/\"}}]}<\/script>\n<!-- \/ Yoast SEO plugin. -->","yoast_head_json":{"title":"Laktose Analyse K-LOLAC - Sysmatec","description":"Laktoseanalyse f\u00fcr Milchprodukte in laktosearmen oder laktosefreien Milchprodukten mit kolorimetrischer Reaktion. Nachweisgrenze 1,62 mg\/L.","robots":{"index":"index","follow":"follow","max-snippet":"max-snippet:-1","max-image-preview":"max-image-preview:large","max-video-preview":"max-video-preview:-1"},"canonical":"https:\/\/sysmatec.ch\/de\/Produkt\/laktose-analyse-k-lolac\/","og_locale":"de_DE","og_type":"article","og_title":"Laktose Analyse K-LOLAC - Sysmatec","og_description":"Laktoseanalyse f\u00fcr Milchprodukte in laktosearmen oder laktosefreien Milchprodukten mit kolorimetrischer Reaktion. Nachweisgrenze 1,62 mg\/L.","og_url":"https:\/\/sysmatec.ch\/de\/Produkt\/laktose-analyse-k-lolac\/","og_site_name":"Sysmatec","article_modified_time":"2023-02-12T20:26:29+00:00","og_image":[{"width":1000,"height":695,"url":"https:\/\/sysmatec.ch\/wp-content\/uploads\/2023\/02\/AnalyseLactose_Megazyme.jpg","type":"image\/jpeg"}],"twitter_card":"summary_large_image","twitter_misc":{"Gesch\u00e4tzte Lesezeit":"2\u00a0Minuten"},"schema":{"@context":"https:\/\/schema.org","@graph":[{"@type":"WebPage","@id":"https:\/\/sysmatec.ch\/de\/Produkt\/laktose-analyse-k-lolac\/","url":"https:\/\/sysmatec.ch\/de\/Produkt\/laktose-analyse-k-lolac\/","name":"Laktose Analyse K-LOLAC - Sysmatec","isPartOf":{"@id":"https:\/\/sysmatec.ch\/de\/#website"},"primaryImageOfPage":{"@id":"https:\/\/sysmatec.ch\/de\/Produkt\/laktose-analyse-k-lolac\/#primaryimage"},"image":{"@id":"https:\/\/sysmatec.ch\/de\/Produkt\/laktose-analyse-k-lolac\/#primaryimage"},"thumbnailUrl":"https:\/\/sysmatec.ch\/wp-content\/uploads\/2023\/02\/AnalyseLactose_Megazyme.jpg","datePublished":"2023-02-12T20:17:11+00:00","dateModified":"2023-02-12T20:26:29+00:00","description":"Laktoseanalyse f\u00fcr Milchprodukte in laktosearmen oder laktosefreien Milchprodukten mit kolorimetrischer Reaktion. Nachweisgrenze 1,62 mg\/L.","breadcrumb":{"@id":"https:\/\/sysmatec.ch\/de\/Produkt\/laktose-analyse-k-lolac\/#breadcrumb"},"inLanguage":"de","potentialAction":[{"@type":"ReadAction","target":["https:\/\/sysmatec.ch\/de\/Produkt\/laktose-analyse-k-lolac\/"]}]},{"@type":"ImageObject","inLanguage":"de","@id":"https:\/\/sysmatec.ch\/de\/Produkt\/laktose-analyse-k-lolac\/#primaryimage","url":"https:\/\/sysmatec.ch\/wp-content\/uploads\/2023\/02\/AnalyseLactose_Megazyme.jpg","contentUrl":"https:\/\/sysmatec.ch\/wp-content\/uploads\/2023\/02\/AnalyseLactose_Megazyme.jpg","width":1000,"height":695},{"@type":"BreadcrumbList","@id":"https:\/\/sysmatec.ch\/de\/Produkt\/laktose-analyse-k-lolac\/#breadcrumb","itemListElement":[{"@type":"ListItem","position":1,"name":"Accueil","item":"https:\/\/sysmatec.ch\/de\/"},{"@type":"ListItem","position":2,"name":"Die Aktivit\u00e4t von Sysmatec","item":"https:\/\/sysmatec.ch\/de\/"},{"@type":"ListItem","position":3,"name":"Laktose Analyse K-LOLAC"}]},{"@type":"WebSite","@id":"https:\/\/sysmatec.ch\/de\/#website","url":"https:\/\/sysmatec.ch\/de\/","name":"Sysmatec","description":"Equipement de laboratoire et logiciels","publisher":{"@id":"https:\/\/sysmatec.ch\/de\/#organization"},"potentialAction":[{"@type":"SearchAction","target":{"@type":"EntryPoint","urlTemplate":"https:\/\/sysmatec.ch\/de\/?s={search_term_string}"},"query-input":{"@type":"PropertyValueSpecification","valueRequired":true,"valueName":"search_term_string"}}],"inLanguage":"de"},{"@type":"Organization","@id":"https:\/\/sysmatec.ch\/de\/#organization","name":"Sysmatec","url":"https:\/\/sysmatec.ch\/de\/","logo":{"@type":"ImageObject","inLanguage":"de","@id":"https:\/\/sysmatec.ch\/de\/#\/schema\/logo\/image\/","url":"https:\/\/sysmatec.ch\/wp-content\/uploads\/2018\/11\/LogoSysmatec.jpg","contentUrl":"https:\/\/sysmatec.ch\/wp-content\/uploads\/2018\/11\/LogoSysmatec.jpg","width":301,"height":297,"caption":"Sysmatec"},"image":{"@id":"https:\/\/sysmatec.ch\/de\/#\/schema\/logo\/image\/"}}]}},"_links":{"self":[{"href":"https:\/\/sysmatec.ch\/de\/wp-json\/wp\/v2\/product\/28291","targetHints":{"allow":["GET"]}}],"collection":[{"href":"https:\/\/sysmatec.ch\/de\/wp-json\/wp\/v2\/product"}],"about":[{"href":"https:\/\/sysmatec.ch\/de\/wp-json\/wp\/v2\/types\/product"}],"wp:featuredmedia":[{"embeddable":true,"href":"https:\/\/sysmatec.ch\/de\/wp-json\/wp\/v2\/media\/28289"}],"wp:attachment":[{"href":"https:\/\/sysmatec.ch\/de\/wp-json\/wp\/v2\/media?parent=28291"}],"wp:term":[{"taxonomy":"product_brand","embeddable":true,"href":"https:\/\/sysmatec.ch\/de\/wp-json\/wp\/v2\/product_brand?post=28291"},{"taxonomy":"product_cat","embeddable":true,"href":"https:\/\/sysmatec.ch\/de\/wp-json\/wp\/v2\/product_cat?post=28291"},{"taxonomy":"product_tag","embeddable":true,"href":"https:\/\/sysmatec.ch\/de\/wp-json\/wp\/v2\/product_tag?post=28291"}],"curies":[{"name":"wp","href":"https:\/\/api.w.org\/{rel}","templated":true}]}}