{"id":28275,"date":"2023-02-09T19:13:51","date_gmt":"2023-02-09T18:13:51","guid":{"rendered":"https:\/\/sysmatec.ch\/produit\/capp-reagent-bottles\/"},"modified":"2023-02-09T21:31:02","modified_gmt":"2023-02-09T20:31:02","slug":"app-reagenzflaschen","status":"publish","type":"product","link":"https:\/\/sysmatec.ch\/de\/Produkt\/app-reagenzflaschen\/","title":{"rendered":"app-Reagenzflaschen"},"content":{"rendered":"<p>Unsere aus USP-Klasse-VI-Material hergestellten und elegant gestalteten Reagenzflaschen eignen sich f\u00fcr eine Vielzahl von Anwendungen \u2013 ganz zu schweigen davon, dass sie in einer Vielzahl von Gr\u00f6\u00dfen und Volumina erh\u00e4ltlich sind, was sie zur einfachen und besten Wahl macht all Ihre L\u00f6sungen zur Aufbewahrung von Fl\u00fcssigkeiten.<\/p>\n<p>Unsere Enghals-Reagenzienflaschen sind in Volumen von 4, 8, 15, 30, 60, 125, 250 und 500 ml erh\u00e4ltlich, w\u00e4hrend die Weithalsoptionen 30, 60, 125, 250 und 500 ml umfassen. Mit dieser gro\u00dfen Auswahl an Gr\u00f6\u00dfen- und Volumenoptionen sind wir sicher, dass die Reagenzflaschen von CAPP die Anforderungen einer ebenso breiten Palette von Laboranwendungen erf\u00fcllen.<\/p>\n<p>Alle CAPP-Reagenzflaschen mit Flaschenverschl\u00fcssen kleiner als 100 mm wurden speziell auf Dichtheit getestet, um mindestens 635 mmHg f\u00fcr mindestens 15 Minuten standzuhalten, w\u00e4hrend sie Wasser enthalten.<\/p>\n<p>Wir haben sie auf einzigartige Weise unter Verwendung von hochwertigem Polyethylen und Polypropylen mit niedriger\/hoher Dichte entwickelt, wodurch sie chemisch inert sind und nicht mit einer Vielzahl von Chemikalien und Verbindungen, sowohl organischen als auch anorganischen, reagieren. CAPP-Reagenzflaschen sind daher die ausgezeichnete Wahl f\u00fcr die kurz- und langfristige Lagerung.<\/p>\n<p>Sie k\u00f6nnen sicher zustimmen, dass die Verwendung von Labormaterialien, die frei von Verunreinigungen sind, ein entscheidender Faktor f\u00fcr die Gew\u00e4hrleistung der Genauigkeit beim Experimentieren ist. Daher werden CAPP-Reagenzflaschen in einer Reinraumanlage der Klasse 100K hergestellt, um sicherzustellen, dass alle Produkte zum Zeitpunkt des Versands als frei von Verunreinigungen, einschlie\u00dflich DNasen, RNasen und Pyrogenen, zertifiziert sind. Sie k\u00f6nnen beruhigt sein, weil Sie wissen, dass die Verwendung von CAPP-Reagenzflaschen die Wahrscheinlichkeit einer Kontamination in Ihrer Forschung verringert, und dies ist nur ein weiterer zus\u00e4tzlicher Vorteil, der unser Produkt von anderen abhebt.<\/p>\n<table class=\"table table-striped\">\n<thead>\n<tr>\n<th>Cat. No.<\/th>\n<th>Beschreibung<\/th>\n<\/tr>\n<\/thead>\n<tbody>\n<tr>\n<td>PP-Reagenzflaschen, schmaler Hals<\/td>\n<td><\/td>\n<\/tr>\n<tr>\n<td>CAPP-PP-N-4<\/td>\n<td>Reagenzflasche mit Deckel, Enghals, Polypropylen, 4 ml, 6&#215;12 Stck.<\/td>\n<\/tr>\n<tr>\n<td>CAPP-PP-N-8<\/td>\n<td>Reagenzflasche mit Deckel, Enghals, Polypropylen, 8 ml, 6&#215;12 Stck.<\/td>\n<\/tr>\n<tr>\n<td>CAPP-PP-N-15<\/td>\n<td>Reagenzienflasche mit Deckel, Enghals, Polypropylen, 15 ml, 6&#215;12 Stk.<\/td>\n<\/tr>\n<tr>\n<td>CAPP-PP-N-30<\/td>\n<td>Reagenzienflasche mit Deckel, Enghals, Polypropylen, 30 ml, 6&#215;12 Stk.<\/td>\n<\/tr>\n<tr>\n<td>CAPP-PP-N-60<\/td>\n<td>Reagenzienflasche mit Deckel, Enghals, Polypropylen, 60 ml, 6&#215;12 Stk.<\/td>\n<\/tr>\n<tr>\n<td>CAPP-PP-N-125<\/td>\n<td>Reagenzienflasche mit Deckel, Enghals, Polypropylen, 125 ml, 6&#215;12 Stk.<\/td>\n<\/tr>\n<tr>\n<td>CAPP-PP-N-250<\/td>\n<td>Reagenzienflasche mit Deckel, Enghals, Polypropylen, 250 ml, 6&#215;12 Stk.<\/td>\n<\/tr>\n<tr>\n<td>CAPP-PP-N-500<\/td>\n<td>Reagenzienflasche mit Deckel, Enghals, Polypropylen, 500 ml, 4&#215;12 Stck.<\/td>\n<\/tr>\n<tr>\n<td>PP-Reagenzflaschen, Weithals<\/td>\n<td><\/td>\n<\/tr>\n<tr>\n<td>CAPP-PP-W-30<\/td>\n<td>Reagenzienflasche mit Deckel, Weithals, Polypropylen, 30 ml, 6&#215;12 Stck.<\/td>\n<\/tr>\n<tr>\n<td>CAPP-PP-W-60<\/td>\n<td>Reagenzienflasche mit Deckel, Weithals, Polypropylen, 60 ml, 6&#215;12 Stck.<\/td>\n<\/tr>\n<tr>\n<td>CAPP-PP-W-125<\/td>\n<td>Reagenzflasche mit Deckel, Weithals, Polypropylen, 125 ml, 6&#215;12 Stck.<\/td>\n<\/tr>\n<tr>\n<td>CAPP-PP-W-250<\/td>\n<td>Reagenzienflasche mit Deckel, Weithals, Polypropylen, 250 ml, 6&#215;12 Stck.<\/td>\n<\/tr>\n<tr>\n<td>CAPP-PP-W-500<\/td>\n<td>Reagenzflasche mit Deckel, Weithals, Polypropylen, 500 ml, 4&#215;12 Stck.<\/td>\n<\/tr>\n<tr>\n<td>HDPE-Reagenzflaschen, schmale \u00d6ffnung<\/td>\n<td><\/td>\n<\/tr>\n<tr>\n<td>CAPP-HD-N-4<\/td>\n<td>Reagenzienflasche mit Deckel, Enghals, HDPE, 4mL, 6&#215;12 Stk.<\/td>\n<\/tr>\n<tr>\n<td>CAPP-HD-N-8<\/td>\n<td>Reagenzflasche mit Deckel, Enghals, HDPE, 8mL, 6&#215;12 Stk.<\/td>\n<\/tr>\n<tr>\n<td>CAPP-HD-N-15<\/td>\n<td>Reagenzflasche mit Deckel, Enghals, HDPE, 15mL, 6&#215;12 Stk.<\/td>\n<\/tr>\n<tr>\n<td>CAPP-HD-N-30<\/td>\n<td>Reagenzflasche mit Deckel, Enghals, HDPE, 30mL, 6&#215;12 Stk.<\/td>\n<\/tr>\n<tr>\n<td>CAPP-HD-N-60<\/td>\n<td>Reagenzienflasche mit Deckel, Enghals, HDPE, 60mL, 6&#215;12 Stk.<\/td>\n<\/tr>\n<tr>\n<td>CAPP-HD-N-125<\/td>\n<td>Reagenzienflasche mit Deckel, Enghals, HDPE, 125 ml, 6&#215;12 Stck.<\/td>\n<\/tr>\n<tr>\n<td>CAPP-HD-N-250<\/td>\n<td>Reagenzienflasche mit Deckel, Enghals, HDPE, 250mL, 6&#215;12 Stk.<\/td>\n<\/tr>\n<tr>\n<td>CAPP-HD-N-500<\/td>\n<td>Reagenzienflasche mit Deckel, Enghals, HDPE, 500mL, 4&#215;12 Stk.<\/td>\n<\/tr>\n<tr>\n<td>Bernsteinfarbene HDPE-Reagenzflaschen, schmale \u00d6ffnung<\/td>\n<td><\/td>\n<\/tr>\n<tr>\n<td>CAPP-HD-N-4-A<\/td>\n<td>Reagenzienflasche mit Verschluss, Enghals, HDPE, 4 ml, Braun, 6&#215;12 Stk.<\/td>\n<\/tr>\n<tr>\n<td>CAPP-HD-N-8-A<\/td>\n<td>Reagenzienflasche mit Deckel, Enghals, HDPE, 8 ml, Braun, 6&#215;12 Stk.<\/td>\n<\/tr>\n<tr>\n<td>CAPP-HD-N-15-A<\/td>\n<td>Reagenzienflasche mit Deckel, Enghals, HDPE, 15 ml, Braun, 6&#215;12 Stk.<\/td>\n<\/tr>\n<tr>\n<td>CAPP-HD-N-30-A<\/td>\n<td>Reagenzienflasche mit Deckel, Enghals, HDPE, 30 ml, Braun, 6&#215;12 Stk.<\/td>\n<\/tr>\n<tr>\n<td>CAPP-HD-N-60-A<\/td>\n<td>Reagenzienflasche mit Verschluss, Enghals, HDPE, 60 ml, Braun, 6&#215;12 Stck.<\/td>\n<\/tr>\n<tr>\n<td>CAPP-HD-N-125-A<\/td>\n<td>Reagenzienflasche mit Deckel, Enghals, HDPE, 125 ml, Braun, 6&#215;12 Stk.<\/td>\n<\/tr>\n<tr>\n<td>CAPP-HD-N-250-A<\/td>\n<td>Reagenzienflasche mit Deckel, Enghals, HDPE, 250 ml, Braun, 6&#215;12 Stk.<\/td>\n<\/tr>\n<tr>\n<td>CAPP-HD-N-500-A<\/td>\n<td>Reagenzienflasche mit Deckel, Enghals, HDPE, 500 ml, Braun, 4&#215;12 Stk.<\/td>\n<\/tr>\n<tr>\n<td>HDPE-Reagenzflaschen, Weithals<\/td>\n<td><\/td>\n<\/tr>\n<tr>\n<td>CAPP-HD-W-30<\/td>\n<td>Reagenzflasche mit Deckel, Weithals, HDPE, 30mL, 6&#215;12 Stk.<\/td>\n<\/tr>\n<tr>\n<td>CAPP-HD-W-60<\/td>\n<td>Reagenzflasche mit Deckel, Weithals, HDPE, 60mL, 6&#215;12 Stk.<\/td>\n<\/tr>\n<tr>\n<td>CAPP-HD-W-125<\/td>\n<td>Reagenzflasche mit Deckel, Weithals, HDPE, 125mL, 6&#215;12 Stk.<\/td>\n<\/tr>\n<tr>\n<td>CAPP-HD-W-250<\/td>\n<td>Reagenzienflasche mit Deckel, Weithals, HDPE, 250mL, 6&#215;12 Stk.<\/td>\n<\/tr>\n<tr>\n<td>CAPP-HD-W-500<\/td>\n<td>Reagenzienflasche mit Deckel, Weithals, HDPE, 500mL, 4&#215;12 Stk.<\/td>\n<\/tr>\n<tr>\n<td>CAPP-HD-S-W-30<\/td>\n<td>Reagenzienflasche mit Deckel, Weithals, HDPE, 30 ml, steril, einzeln verpackt, 500 Stk.<\/td>\n<\/tr>\n<tr>\n<td>CAPP-HD-S-W-60<\/td>\n<td>Reagenzienflasche mit Deckel, Weithals, HDPE, 60 ml steril, einzeln verpackt, 250 Stck.<\/td>\n<\/tr>\n<tr>\n<td>CAPP-HD-S-W-125<\/td>\n<td>Reagenzienflasche mit Deckel, Weithals, HDPE, 125 ml, steril, einzeln verpackt, 125 Stck.<\/td>\n<\/tr>\n<tr>\n<td>CAPP-HD-S-W-250<\/td>\n<td>Reagenzienflasche mit Deckel, Weithals, HDPE, 250 ml, steril, einzeln verpackt, 60 Stk.<\/td>\n<\/tr>\n<tr>\n<td>CAPP-HD-S-W-500<\/td>\n<td>Reagenzienflasche mit Deckel, Weithals, HDPE, 500 ml, steril, einzeln verpackt, 30 Stck.<\/td>\n<\/tr>\n<tr>\n<td>Reagenzienflaschen aus HDPE, bernsteinfarben, Weithals<\/td>\n<td><\/td>\n<\/tr>\n<tr>\n<td>CAPP-HD-30-W-A<\/td>\n<td>Reagenzienflasche mit Deckel, Weithals, HDPE, 30 ml, Braun, 6&#215;12 Stk.<\/td>\n<\/tr>\n<tr>\n<td>CAPP-HD-60-W-A<\/td>\n<td>Reagenzienflasche mit Deckel, Weithals, HDPE, 60 ml, Braun, 6&#215;12 Stck.<\/td>\n<\/tr>\n<tr>\n<td>CAPP-HD-125-W-A<\/td>\n<td>Reagenzienflasche mit Deckel, Weithals, HDPE, 125 ml, Braun, 6&#215;12 Stck.<\/td>\n<\/tr>\n<tr>\n<td>CAPP-HD-250-W-A<\/td>\n<td>Reagenzienflasche mit Deckel, Weithals, HDPE, 250 ml, Braun, 6&#215;12 Stk.<\/td>\n<\/tr>\n<tr>\n<td>CAPP-HD-500-W-A<\/td>\n<td>Reagenzienflasche mit Deckel, Weithals, HDPE, 500 ml, Braun, 4&#215;12 Stk.<\/td>\n<\/tr>\n<tr>\n<td>LDPE-Reagenzflaschen, schmale \u00d6ffnung<\/td>\n<td><\/td>\n<\/tr>\n<tr>\n<td>CAPP-LD-N-4<\/td>\n<td>Reagenzienflasche mit Deckel, Enghals, LDPE, 4mL, 6&#215;12 Stk.<\/td>\n<\/tr>\n<tr>\n<td>CAPP-LD-N-8<\/td>\n<td>Reagenzienflasche mit Deckel, Enghals, LDPE, 8mL, 6&#215;12 Stk.<\/td>\n<\/tr>\n<tr>\n<td>CAPP-LD-N-15<\/td>\n<td>Reagenzienflasche mit Deckel, Enghals, LDPE, 15mL, 6&#215;12 Stk.<\/td>\n<\/tr>\n<tr>\n<td>CAPP-LD-N-30<\/td>\n<td>Reagenzflasche mit Deckel, Enghals, LDPE, 30mL, 6&#215;12 Stk.<\/td>\n<\/tr>\n<tr>\n<td>CAPP-LD-N-60<\/td>\n<td>Reagenzflasche mit Deckel, Enghals, LDPE, 60mL, 6&#215;12 Stk.<\/td>\n<\/tr>\n<tr>\n<td>CAPP-LD-N-125<\/td>\n<td>Reagenzflasche mit Deckel, Enghals, LDPE, 125mL, 6&#215;12 Stk.<\/td>\n<\/tr>\n<tr>\n<td>CAPP-LD-N-250<\/td>\n<td>Reagenzienflasche mit Deckel, Enghals, LDPE, 250mL, 6&#215;12 Stk.<\/td>\n<\/tr>\n<tr>\n<td>CAPP-LD-N-500<\/td>\n<td>Reagenzienflasche mit Deckel, Enghals, LDPE, 500mL, 4&#215;12 Stk.<\/td>\n<\/tr>\n<tr>\n<td>LDPE-Reagenzflaschen, Weithals<\/td>\n<td><\/td>\n<\/tr>\n<tr>\n<td>CAPP-LD-W-30<\/td>\n<td>Reagenzienflasche mit Deckel, Weithals, LDPE, 30mL, 6&#215;12 Stk.<\/td>\n<\/tr>\n<tr>\n<td>CAPP-LD-W-60<\/td>\n<td>Reagenzienflasche mit Deckel, Weithals, LDPE, 60mL, 6&#215;12 Stk.<\/td>\n<\/tr>\n<tr>\n<td>CAPP-LD-W-125<\/td>\n<td>Reagenzflasche mit Deckel, Weithals, LDPE, 125mL, 6&#215;12 Stk.<\/td>\n<\/tr>\n<tr>\n<td>CAPP-LD-W-250<\/td>\n<td>Reagenzflasche mit Deckel, Weithals, LDPE, 250mL, 6&#215;12 Stk.<\/td>\n<\/tr>\n<tr>\n<td>CAPP-LD-W-500<\/td>\n<td>Reagenzflasche mit Deckel, Weithals, LDPE, 500mL, 4&#215;12 Stk.<\/td>\n<\/tr>\n<\/tbody>\n<\/table>\n","protected":false},"excerpt":{"rendered":"<p>Reagenzflasche mit 4, 8, 15, 30, 60, 125, 250 und 500 ml Volumen<\/p>\n","protected":false},"featured_media":28273,"template":"","meta":{"_crdt_document":""},"product_brand":[],"product_cat":[279,388],"product_tag":[],"class_list":{"0":"post-28275","1":"product","2":"type-product","3":"status-publish","4":"has-post-thumbnail","6":"product_cat-verbrauchsmaterial","7":"product_cat-verteilung","9":"first","10":"instock","11":"taxable","12":"shipping-taxable","13":"product-type-simple"},"yoast_head":"<!-- This site is optimized with the Yoast SEO plugin v27.3 - https:\/\/yoast.com\/product\/yoast-seo-wordpress\/ -->\n<title>app-Reagenzflaschen - Sysmatec<\/title>\n<meta name=\"description\" content=\"Reagenzflaschen aus verschiedenen Materialien wie Polypropylen, HDPE, LDPE mit Volumina in den Volumina 4, 8, 15, 30, 60, 125, 250 und 500 ml\" \/>\n<meta name=\"robots\" content=\"index, follow, max-snippet:-1, max-image-preview:large, max-video-preview:-1\" \/>\n<link rel=\"canonical\" href=\"https:\/\/sysmatec.ch\/de\/Produkt\/app-reagenzflaschen\/\" \/>\n<meta property=\"og:locale\" content=\"de_DE\" \/>\n<meta property=\"og:type\" content=\"article\" \/>\n<meta property=\"og:title\" content=\"app-Reagenzflaschen - Sysmatec\" \/>\n<meta property=\"og:description\" content=\"Reagenzflaschen aus verschiedenen Materialien wie Polypropylen, HDPE, LDPE mit Volumina in den Volumina 4, 8, 15, 30, 60, 125, 250 und 500 ml\" \/>\n<meta property=\"og:url\" content=\"https:\/\/sysmatec.ch\/de\/Produkt\/app-reagenzflaschen\/\" \/>\n<meta property=\"og:site_name\" content=\"Sysmatec\" \/>\n<meta property=\"article:modified_time\" content=\"2023-02-09T20:31:02+00:00\" \/>\n<meta property=\"og:image\" content=\"https:\/\/sysmatec.ch\/wp-content\/uploads\/2023\/02\/BouteilleReactif_Capp.jpg\" \/>\n\t<meta property=\"og:image:width\" content=\"516\" \/>\n\t<meta property=\"og:image:height\" content=\"535\" \/>\n\t<meta property=\"og:image:type\" content=\"image\/jpeg\" \/>\n<meta name=\"twitter:card\" content=\"summary_large_image\" \/>\n<meta name=\"twitter:label1\" content=\"Gesch\u00e4tzte Lesezeit\" \/>\n\t<meta name=\"twitter:data1\" content=\"5\u00a0Minuten\" \/>\n<script type=\"application\/ld+json\" class=\"yoast-schema-graph\">{\"@context\":\"https:\\\/\\\/schema.org\",\"@graph\":[{\"@type\":\"WebPage\",\"@id\":\"https:\\\/\\\/sysmatec.ch\\\/de\\\/Produkt\\\/app-reagenzflaschen\\\/\",\"url\":\"https:\\\/\\\/sysmatec.ch\\\/de\\\/Produkt\\\/app-reagenzflaschen\\\/\",\"name\":\"app-Reagenzflaschen - Sysmatec\",\"isPartOf\":{\"@id\":\"https:\\\/\\\/sysmatec.ch\\\/de\\\/#website\"},\"primaryImageOfPage\":{\"@id\":\"https:\\\/\\\/sysmatec.ch\\\/de\\\/Produkt\\\/app-reagenzflaschen\\\/#primaryimage\"},\"image\":{\"@id\":\"https:\\\/\\\/sysmatec.ch\\\/de\\\/Produkt\\\/app-reagenzflaschen\\\/#primaryimage\"},\"thumbnailUrl\":\"https:\\\/\\\/sysmatec.ch\\\/wp-content\\\/uploads\\\/2023\\\/02\\\/BouteilleReactif_Capp.jpg\",\"datePublished\":\"2023-02-09T18:13:51+00:00\",\"dateModified\":\"2023-02-09T20:31:02+00:00\",\"description\":\"Reagenzflaschen aus verschiedenen Materialien wie Polypropylen, HDPE, LDPE mit Volumina in den Volumina 4, 8, 15, 30, 60, 125, 250 und 500 ml\",\"breadcrumb\":{\"@id\":\"https:\\\/\\\/sysmatec.ch\\\/de\\\/Produkt\\\/app-reagenzflaschen\\\/#breadcrumb\"},\"inLanguage\":\"de\",\"potentialAction\":[{\"@type\":\"ReadAction\",\"target\":[\"https:\\\/\\\/sysmatec.ch\\\/de\\\/Produkt\\\/app-reagenzflaschen\\\/\"]}]},{\"@type\":\"ImageObject\",\"inLanguage\":\"de\",\"@id\":\"https:\\\/\\\/sysmatec.ch\\\/de\\\/Produkt\\\/app-reagenzflaschen\\\/#primaryimage\",\"url\":\"https:\\\/\\\/sysmatec.ch\\\/wp-content\\\/uploads\\\/2023\\\/02\\\/BouteilleReactif_Capp.jpg\",\"contentUrl\":\"https:\\\/\\\/sysmatec.ch\\\/wp-content\\\/uploads\\\/2023\\\/02\\\/BouteilleReactif_Capp.jpg\",\"width\":516,\"height\":535},{\"@type\":\"BreadcrumbList\",\"@id\":\"https:\\\/\\\/sysmatec.ch\\\/de\\\/Produkt\\\/app-reagenzflaschen\\\/#breadcrumb\",\"itemListElement\":[{\"@type\":\"ListItem\",\"position\":1,\"name\":\"Accueil\",\"item\":\"https:\\\/\\\/sysmatec.ch\\\/de\\\/\"},{\"@type\":\"ListItem\",\"position\":2,\"name\":\"Die Aktivit\u00e4t von Sysmatec\",\"item\":\"https:\\\/\\\/sysmatec.ch\\\/de\\\/\"},{\"@type\":\"ListItem\",\"position\":3,\"name\":\"app-Reagenzflaschen\"}]},{\"@type\":\"WebSite\",\"@id\":\"https:\\\/\\\/sysmatec.ch\\\/de\\\/#website\",\"url\":\"https:\\\/\\\/sysmatec.ch\\\/de\\\/\",\"name\":\"Sysmatec\",\"description\":\"Equipement de laboratoire et logiciels\",\"publisher\":{\"@id\":\"https:\\\/\\\/sysmatec.ch\\\/de\\\/#organization\"},\"potentialAction\":[{\"@type\":\"SearchAction\",\"target\":{\"@type\":\"EntryPoint\",\"urlTemplate\":\"https:\\\/\\\/sysmatec.ch\\\/de\\\/?s={search_term_string}\"},\"query-input\":{\"@type\":\"PropertyValueSpecification\",\"valueRequired\":true,\"valueName\":\"search_term_string\"}}],\"inLanguage\":\"de\"},{\"@type\":\"Organization\",\"@id\":\"https:\\\/\\\/sysmatec.ch\\\/de\\\/#organization\",\"name\":\"Sysmatec\",\"url\":\"https:\\\/\\\/sysmatec.ch\\\/de\\\/\",\"logo\":{\"@type\":\"ImageObject\",\"inLanguage\":\"de\",\"@id\":\"https:\\\/\\\/sysmatec.ch\\\/de\\\/#\\\/schema\\\/logo\\\/image\\\/\",\"url\":\"https:\\\/\\\/sysmatec.ch\\\/wp-content\\\/uploads\\\/2018\\\/11\\\/LogoSysmatec.jpg\",\"contentUrl\":\"https:\\\/\\\/sysmatec.ch\\\/wp-content\\\/uploads\\\/2018\\\/11\\\/LogoSysmatec.jpg\",\"width\":301,\"height\":297,\"caption\":\"Sysmatec\"},\"image\":{\"@id\":\"https:\\\/\\\/sysmatec.ch\\\/de\\\/#\\\/schema\\\/logo\\\/image\\\/\"}}]}<\/script>\n<!-- \/ Yoast SEO plugin. -->","yoast_head_json":{"title":"app-Reagenzflaschen - Sysmatec","description":"Reagenzflaschen aus verschiedenen Materialien wie Polypropylen, HDPE, LDPE mit Volumina in den Volumina 4, 8, 15, 30, 60, 125, 250 und 500 ml","robots":{"index":"index","follow":"follow","max-snippet":"max-snippet:-1","max-image-preview":"max-image-preview:large","max-video-preview":"max-video-preview:-1"},"canonical":"https:\/\/sysmatec.ch\/de\/Produkt\/app-reagenzflaschen\/","og_locale":"de_DE","og_type":"article","og_title":"app-Reagenzflaschen - Sysmatec","og_description":"Reagenzflaschen aus verschiedenen Materialien wie Polypropylen, HDPE, LDPE mit Volumina in den Volumina 4, 8, 15, 30, 60, 125, 250 und 500 ml","og_url":"https:\/\/sysmatec.ch\/de\/Produkt\/app-reagenzflaschen\/","og_site_name":"Sysmatec","article_modified_time":"2023-02-09T20:31:02+00:00","og_image":[{"width":516,"height":535,"url":"https:\/\/sysmatec.ch\/wp-content\/uploads\/2023\/02\/BouteilleReactif_Capp.jpg","type":"image\/jpeg"}],"twitter_card":"summary_large_image","twitter_misc":{"Gesch\u00e4tzte Lesezeit":"5\u00a0Minuten"},"schema":{"@context":"https:\/\/schema.org","@graph":[{"@type":"WebPage","@id":"https:\/\/sysmatec.ch\/de\/Produkt\/app-reagenzflaschen\/","url":"https:\/\/sysmatec.ch\/de\/Produkt\/app-reagenzflaschen\/","name":"app-Reagenzflaschen - Sysmatec","isPartOf":{"@id":"https:\/\/sysmatec.ch\/de\/#website"},"primaryImageOfPage":{"@id":"https:\/\/sysmatec.ch\/de\/Produkt\/app-reagenzflaschen\/#primaryimage"},"image":{"@id":"https:\/\/sysmatec.ch\/de\/Produkt\/app-reagenzflaschen\/#primaryimage"},"thumbnailUrl":"https:\/\/sysmatec.ch\/wp-content\/uploads\/2023\/02\/BouteilleReactif_Capp.jpg","datePublished":"2023-02-09T18:13:51+00:00","dateModified":"2023-02-09T20:31:02+00:00","description":"Reagenzflaschen aus verschiedenen Materialien wie Polypropylen, HDPE, LDPE mit Volumina in den Volumina 4, 8, 15, 30, 60, 125, 250 und 500 ml","breadcrumb":{"@id":"https:\/\/sysmatec.ch\/de\/Produkt\/app-reagenzflaschen\/#breadcrumb"},"inLanguage":"de","potentialAction":[{"@type":"ReadAction","target":["https:\/\/sysmatec.ch\/de\/Produkt\/app-reagenzflaschen\/"]}]},{"@type":"ImageObject","inLanguage":"de","@id":"https:\/\/sysmatec.ch\/de\/Produkt\/app-reagenzflaschen\/#primaryimage","url":"https:\/\/sysmatec.ch\/wp-content\/uploads\/2023\/02\/BouteilleReactif_Capp.jpg","contentUrl":"https:\/\/sysmatec.ch\/wp-content\/uploads\/2023\/02\/BouteilleReactif_Capp.jpg","width":516,"height":535},{"@type":"BreadcrumbList","@id":"https:\/\/sysmatec.ch\/de\/Produkt\/app-reagenzflaschen\/#breadcrumb","itemListElement":[{"@type":"ListItem","position":1,"name":"Accueil","item":"https:\/\/sysmatec.ch\/de\/"},{"@type":"ListItem","position":2,"name":"Die Aktivit\u00e4t von Sysmatec","item":"https:\/\/sysmatec.ch\/de\/"},{"@type":"ListItem","position":3,"name":"app-Reagenzflaschen"}]},{"@type":"WebSite","@id":"https:\/\/sysmatec.ch\/de\/#website","url":"https:\/\/sysmatec.ch\/de\/","name":"Sysmatec","description":"Equipement de laboratoire et logiciels","publisher":{"@id":"https:\/\/sysmatec.ch\/de\/#organization"},"potentialAction":[{"@type":"SearchAction","target":{"@type":"EntryPoint","urlTemplate":"https:\/\/sysmatec.ch\/de\/?s={search_term_string}"},"query-input":{"@type":"PropertyValueSpecification","valueRequired":true,"valueName":"search_term_string"}}],"inLanguage":"de"},{"@type":"Organization","@id":"https:\/\/sysmatec.ch\/de\/#organization","name":"Sysmatec","url":"https:\/\/sysmatec.ch\/de\/","logo":{"@type":"ImageObject","inLanguage":"de","@id":"https:\/\/sysmatec.ch\/de\/#\/schema\/logo\/image\/","url":"https:\/\/sysmatec.ch\/wp-content\/uploads\/2018\/11\/LogoSysmatec.jpg","contentUrl":"https:\/\/sysmatec.ch\/wp-content\/uploads\/2018\/11\/LogoSysmatec.jpg","width":301,"height":297,"caption":"Sysmatec"},"image":{"@id":"https:\/\/sysmatec.ch\/de\/#\/schema\/logo\/image\/"}}]}},"_links":{"self":[{"href":"https:\/\/sysmatec.ch\/de\/wp-json\/wp\/v2\/product\/28275","targetHints":{"allow":["GET"]}}],"collection":[{"href":"https:\/\/sysmatec.ch\/de\/wp-json\/wp\/v2\/product"}],"about":[{"href":"https:\/\/sysmatec.ch\/de\/wp-json\/wp\/v2\/types\/product"}],"wp:featuredmedia":[{"embeddable":true,"href":"https:\/\/sysmatec.ch\/de\/wp-json\/wp\/v2\/media\/28273"}],"wp:attachment":[{"href":"https:\/\/sysmatec.ch\/de\/wp-json\/wp\/v2\/media?parent=28275"}],"wp:term":[{"taxonomy":"product_brand","embeddable":true,"href":"https:\/\/sysmatec.ch\/de\/wp-json\/wp\/v2\/product_brand?post=28275"},{"taxonomy":"product_cat","embeddable":true,"href":"https:\/\/sysmatec.ch\/de\/wp-json\/wp\/v2\/product_cat?post=28275"},{"taxonomy":"product_tag","embeddable":true,"href":"https:\/\/sysmatec.ch\/de\/wp-json\/wp\/v2\/product_tag?post=28275"}],"curies":[{"name":"wp","href":"https:\/\/api.w.org\/{rel}","templated":true}]}}