{"id":28266,"date":"2023-02-09T18:37:12","date_gmt":"2023-02-09T17:37:12","guid":{"rendered":"https:\/\/sysmatec.ch\/produit\/petri-dishes-90-mm-polystyrene\/"},"modified":"2023-02-09T18:50:10","modified_gmt":"2023-02-09T17:50:10","slug":"petrischalen-90-mm-polystyrol","status":"publish","type":"product","link":"https:\/\/sysmatec.ch\/de\/Produkt\/petrischalen-90-mm-polystyrol\/","title":{"rendered":"Petrischalen 90 mm Polystyrol"},"content":{"rendered":"<p>Die Petrischalen sind von Grund auf so konzipiert, dass sie das beste mikrobielle Kulturerlebnis bieten.<\/p>\n<p>Sie werden aus unserem hochwertigen Polystyrol f\u00fcr branchenf\u00fchrende Zuverl\u00e4ssigkeit und Leistung in einer Vielzahl von Anwendungen hergestellt. Um eine nachvollziehbare Qualit\u00e4t zu gew\u00e4hrleisten, werden CAPP Petrischalen aus Polystyrol unabh\u00e4ngig auf die Einhaltung internationaler Standards gepr\u00fcft. Dies erm\u00f6glicht es uns, biokonforme Produkte auf Polymerbasis wie CAPP-Petrischalen anzubieten, die f\u00fcr die Verwendung in biologischen Assays geeignet sind.<\/p>\n<p>Die neu renovierte Produktionsst\u00e4tte entspricht den modernen Protokollen zur Reduzierung von Schadstoffen, sodass wir Petrischalen herstellen k\u00f6nnen, die frei von Schadstoffen sind, die ein optimales mikrobielles Wachstum beeintr\u00e4chtigen k\u00f6nnten. Jede CAPP-Petrischale wird in einer modernen Reinraumanlage hergestellt, um unerw\u00fcnschte Verunreinigungen maximal zu eliminieren. Dadurch k\u00f6nnen wir garantieren, dass unsere Petrischalen frei von Pyrogenen, Endotoxinen und anderen unerw\u00fcnschten Verunreinigungen sind.<\/p>\n<p>Die meisten mikrobiologischen Kulturen werden entweder unter aeroben oder anaeroben Bedingungen gez\u00fcchtet, und dies erfordert Petrischalen mit optimiertem Luftstrom. CAPP-Petrischalen k\u00f6nnen in bel\u00fcfteten und nicht bel\u00fcfteten Formaten bestellt werden. Bel\u00fcftete Petrischalen haben einen erh\u00f6hten Luftstrom dank eines erh\u00f6hten Lippendesigns, das Luft durchl\u00e4sst, ohne die Kultur zu kontaminieren. Diese Petrischalen eignen sich gut f\u00fcr aerobe Kulturen, obwohl sie an anaerobe Arbeitsabl\u00e4ufe angepasst werden k\u00f6nnen. Nicht bel\u00fcftete Petrischalen minimieren den Luftstrom zwischen der Schale und dem Deckel, wodurch das Luftstrompotenzial verringert wird. Daher eignen sich nicht bel\u00fcftete Petrischalen sowohl f\u00fcr anaerobe Kulturen als auch f\u00fcr maximale Feuchtigkeitsspeicherung.<\/p>\n<table class=\"table table-striped\">\n<tbody>\n<tr>\n<td>5061000C<\/td>\n<td>CAPP Petrischalen, 90mm, ohne Bel\u00fcftungs\u00f6ffnungen, unsteril, Karton \/ 48 x 10 Stck.<\/td>\n<\/tr>\n<tr>\n<td>5061001C<\/td>\n<td>CAPP Petrischalen, 90mm, ohne Bel\u00fcftungs\u00f6ffnungen, steril, Karton \/ 48 x 10 Stk.<\/td>\n<\/tr>\n<tr>\n<td>5061010C<\/td>\n<td>CAPP Petrischalen, 90 mm, mit Bel\u00fcftungs\u00f6ffnungen, unsteril, Karton \/ 48 x 10 Stk.<\/td>\n<\/tr>\n<tr>\n<td>5061011C<\/td>\n<td>CAPP Petrischalen, 90mm, mit Bel\u00fcftungs\u00f6ffnungen, steril, Karton \/ 48 x 10 Stk.<\/td>\n<\/tr>\n<tr>\n<td>5062000C<\/td>\n<td>CAPP Petrischalen, 90mm, ohne Bel\u00fcftungs\u00f6ffnungen, unsteril, Karton \/ 24 x 20 Stk.<\/td>\n<\/tr>\n<tr>\n<td>5062001C<\/td>\n<td>CAPP Petrischalen, 90mm, ohne Bel\u00fcftungs\u00f6ffnungen, steril, Karton \/ 24 x 20 Stk.<\/td>\n<\/tr>\n<tr>\n<td>5062010C<\/td>\n<td>CAPP Petrischalen, 90mm, mit Bel\u00fcftungs\u00f6ffnungen, unsteril, Karton \/ 24 x 20 Stk.<\/td>\n<\/tr>\n<tr>\n<td>5062011C<\/td>\n<td>CAPP Petrischalen, 90mm, mit Bel\u00fcftungs\u00f6ffnungen, steril, Karton \/ 24 x 20 Stk.<\/td>\n<\/tr>\n<\/tbody>\n<\/table>\n<p>&nbsp;<\/p>\n","protected":false},"excerpt":{"rendered":"<p>Polystyrol 90 mm Petrischalen.<\/p>\n","protected":false},"featured_media":28263,"template":"","meta":{"_crdt_document":""},"product_brand":[],"product_cat":[159,279],"product_tag":[],"class_list":{"0":"post-28266","1":"product","2":"type-product","3":"status-publish","4":"has-post-thumbnail","6":"product_cat-kultur","7":"product_cat-verbrauchsmaterial","9":"first","10":"instock","11":"taxable","12":"shipping-taxable","13":"product-type-simple"},"yoast_head":"<!-- This site is optimized with the Yoast SEO plugin v27.3 - https:\/\/yoast.com\/product\/yoast-seo-wordpress\/ -->\n<title>Petrischalen 90 mm Polystyrol - Sysmatec<\/title>\n<meta name=\"description\" content=\"90 mm Petrischalen aus hochwertigem Polystyrol, hohe Biokompatibilit\u00e4t, hohe Transparenz.\" \/>\n<meta name=\"robots\" content=\"index, follow, max-snippet:-1, max-image-preview:large, max-video-preview:-1\" \/>\n<link rel=\"canonical\" href=\"https:\/\/sysmatec.ch\/de\/Produkt\/petrischalen-90-mm-polystyrol\/\" \/>\n<meta property=\"og:locale\" content=\"de_DE\" \/>\n<meta property=\"og:type\" content=\"article\" \/>\n<meta property=\"og:title\" content=\"Petrischalen 90 mm Polystyrol - Sysmatec\" \/>\n<meta property=\"og:description\" content=\"90 mm Petrischalen aus hochwertigem Polystyrol, hohe Biokompatibilit\u00e4t, hohe Transparenz.\" \/>\n<meta property=\"og:url\" content=\"https:\/\/sysmatec.ch\/de\/Produkt\/petrischalen-90-mm-polystyrol\/\" \/>\n<meta property=\"og:site_name\" content=\"Sysmatec\" \/>\n<meta property=\"article:modified_time\" content=\"2023-02-09T17:50:10+00:00\" \/>\n<meta property=\"og:image\" content=\"https:\/\/sysmatec.ch\/wp-content\/uploads\/2023\/02\/BoitePetri90_Capp.png\" \/>\n\t<meta property=\"og:image:width\" content=\"600\" \/>\n\t<meta property=\"og:image:height\" content=\"600\" \/>\n\t<meta property=\"og:image:type\" content=\"image\/png\" \/>\n<meta name=\"twitter:card\" content=\"summary_large_image\" \/>\n<meta name=\"twitter:label1\" content=\"Gesch\u00e4tzte Lesezeit\" \/>\n\t<meta name=\"twitter:data1\" content=\"2\u00a0Minuten\" \/>\n<script type=\"application\/ld+json\" class=\"yoast-schema-graph\">{\"@context\":\"https:\\\/\\\/schema.org\",\"@graph\":[{\"@type\":\"WebPage\",\"@id\":\"https:\\\/\\\/sysmatec.ch\\\/de\\\/Produkt\\\/petrischalen-90-mm-polystyrol\\\/\",\"url\":\"https:\\\/\\\/sysmatec.ch\\\/de\\\/Produkt\\\/petrischalen-90-mm-polystyrol\\\/\",\"name\":\"Petrischalen 90 mm Polystyrol - Sysmatec\",\"isPartOf\":{\"@id\":\"https:\\\/\\\/sysmatec.ch\\\/de\\\/#website\"},\"primaryImageOfPage\":{\"@id\":\"https:\\\/\\\/sysmatec.ch\\\/de\\\/Produkt\\\/petrischalen-90-mm-polystyrol\\\/#primaryimage\"},\"image\":{\"@id\":\"https:\\\/\\\/sysmatec.ch\\\/de\\\/Produkt\\\/petrischalen-90-mm-polystyrol\\\/#primaryimage\"},\"thumbnailUrl\":\"https:\\\/\\\/sysmatec.ch\\\/wp-content\\\/uploads\\\/2023\\\/02\\\/BoitePetri90_Capp.png\",\"datePublished\":\"2023-02-09T17:37:12+00:00\",\"dateModified\":\"2023-02-09T17:50:10+00:00\",\"description\":\"90 mm Petrischalen aus hochwertigem Polystyrol, hohe Biokompatibilit\u00e4t, hohe Transparenz.\",\"breadcrumb\":{\"@id\":\"https:\\\/\\\/sysmatec.ch\\\/de\\\/Produkt\\\/petrischalen-90-mm-polystyrol\\\/#breadcrumb\"},\"inLanguage\":\"de\",\"potentialAction\":[{\"@type\":\"ReadAction\",\"target\":[\"https:\\\/\\\/sysmatec.ch\\\/de\\\/Produkt\\\/petrischalen-90-mm-polystyrol\\\/\"]}]},{\"@type\":\"ImageObject\",\"inLanguage\":\"de\",\"@id\":\"https:\\\/\\\/sysmatec.ch\\\/de\\\/Produkt\\\/petrischalen-90-mm-polystyrol\\\/#primaryimage\",\"url\":\"https:\\\/\\\/sysmatec.ch\\\/wp-content\\\/uploads\\\/2023\\\/02\\\/BoitePetri90_Capp.png\",\"contentUrl\":\"https:\\\/\\\/sysmatec.ch\\\/wp-content\\\/uploads\\\/2023\\\/02\\\/BoitePetri90_Capp.png\",\"width\":600,\"height\":600},{\"@type\":\"BreadcrumbList\",\"@id\":\"https:\\\/\\\/sysmatec.ch\\\/de\\\/Produkt\\\/petrischalen-90-mm-polystyrol\\\/#breadcrumb\",\"itemListElement\":[{\"@type\":\"ListItem\",\"position\":1,\"name\":\"Accueil\",\"item\":\"https:\\\/\\\/sysmatec.ch\\\/de\\\/\"},{\"@type\":\"ListItem\",\"position\":2,\"name\":\"Die Aktivit\u00e4t von Sysmatec\",\"item\":\"https:\\\/\\\/sysmatec.ch\\\/de\\\/\"},{\"@type\":\"ListItem\",\"position\":3,\"name\":\"Petrischalen 90 mm Polystyrol\"}]},{\"@type\":\"WebSite\",\"@id\":\"https:\\\/\\\/sysmatec.ch\\\/de\\\/#website\",\"url\":\"https:\\\/\\\/sysmatec.ch\\\/de\\\/\",\"name\":\"Sysmatec\",\"description\":\"Equipement de laboratoire et logiciels\",\"publisher\":{\"@id\":\"https:\\\/\\\/sysmatec.ch\\\/de\\\/#organization\"},\"potentialAction\":[{\"@type\":\"SearchAction\",\"target\":{\"@type\":\"EntryPoint\",\"urlTemplate\":\"https:\\\/\\\/sysmatec.ch\\\/de\\\/?s={search_term_string}\"},\"query-input\":{\"@type\":\"PropertyValueSpecification\",\"valueRequired\":true,\"valueName\":\"search_term_string\"}}],\"inLanguage\":\"de\"},{\"@type\":\"Organization\",\"@id\":\"https:\\\/\\\/sysmatec.ch\\\/de\\\/#organization\",\"name\":\"Sysmatec\",\"url\":\"https:\\\/\\\/sysmatec.ch\\\/de\\\/\",\"logo\":{\"@type\":\"ImageObject\",\"inLanguage\":\"de\",\"@id\":\"https:\\\/\\\/sysmatec.ch\\\/de\\\/#\\\/schema\\\/logo\\\/image\\\/\",\"url\":\"https:\\\/\\\/sysmatec.ch\\\/wp-content\\\/uploads\\\/2018\\\/11\\\/LogoSysmatec.jpg\",\"contentUrl\":\"https:\\\/\\\/sysmatec.ch\\\/wp-content\\\/uploads\\\/2018\\\/11\\\/LogoSysmatec.jpg\",\"width\":301,\"height\":297,\"caption\":\"Sysmatec\"},\"image\":{\"@id\":\"https:\\\/\\\/sysmatec.ch\\\/de\\\/#\\\/schema\\\/logo\\\/image\\\/\"}}]}<\/script>\n<!-- \/ Yoast SEO plugin. -->","yoast_head_json":{"title":"Petrischalen 90 mm Polystyrol - Sysmatec","description":"90 mm Petrischalen aus hochwertigem Polystyrol, hohe Biokompatibilit\u00e4t, hohe Transparenz.","robots":{"index":"index","follow":"follow","max-snippet":"max-snippet:-1","max-image-preview":"max-image-preview:large","max-video-preview":"max-video-preview:-1"},"canonical":"https:\/\/sysmatec.ch\/de\/Produkt\/petrischalen-90-mm-polystyrol\/","og_locale":"de_DE","og_type":"article","og_title":"Petrischalen 90 mm Polystyrol - Sysmatec","og_description":"90 mm Petrischalen aus hochwertigem Polystyrol, hohe Biokompatibilit\u00e4t, hohe Transparenz.","og_url":"https:\/\/sysmatec.ch\/de\/Produkt\/petrischalen-90-mm-polystyrol\/","og_site_name":"Sysmatec","article_modified_time":"2023-02-09T17:50:10+00:00","og_image":[{"width":600,"height":600,"url":"https:\/\/sysmatec.ch\/wp-content\/uploads\/2023\/02\/BoitePetri90_Capp.png","type":"image\/png"}],"twitter_card":"summary_large_image","twitter_misc":{"Gesch\u00e4tzte Lesezeit":"2\u00a0Minuten"},"schema":{"@context":"https:\/\/schema.org","@graph":[{"@type":"WebPage","@id":"https:\/\/sysmatec.ch\/de\/Produkt\/petrischalen-90-mm-polystyrol\/","url":"https:\/\/sysmatec.ch\/de\/Produkt\/petrischalen-90-mm-polystyrol\/","name":"Petrischalen 90 mm Polystyrol - Sysmatec","isPartOf":{"@id":"https:\/\/sysmatec.ch\/de\/#website"},"primaryImageOfPage":{"@id":"https:\/\/sysmatec.ch\/de\/Produkt\/petrischalen-90-mm-polystyrol\/#primaryimage"},"image":{"@id":"https:\/\/sysmatec.ch\/de\/Produkt\/petrischalen-90-mm-polystyrol\/#primaryimage"},"thumbnailUrl":"https:\/\/sysmatec.ch\/wp-content\/uploads\/2023\/02\/BoitePetri90_Capp.png","datePublished":"2023-02-09T17:37:12+00:00","dateModified":"2023-02-09T17:50:10+00:00","description":"90 mm Petrischalen aus hochwertigem Polystyrol, hohe Biokompatibilit\u00e4t, hohe Transparenz.","breadcrumb":{"@id":"https:\/\/sysmatec.ch\/de\/Produkt\/petrischalen-90-mm-polystyrol\/#breadcrumb"},"inLanguage":"de","potentialAction":[{"@type":"ReadAction","target":["https:\/\/sysmatec.ch\/de\/Produkt\/petrischalen-90-mm-polystyrol\/"]}]},{"@type":"ImageObject","inLanguage":"de","@id":"https:\/\/sysmatec.ch\/de\/Produkt\/petrischalen-90-mm-polystyrol\/#primaryimage","url":"https:\/\/sysmatec.ch\/wp-content\/uploads\/2023\/02\/BoitePetri90_Capp.png","contentUrl":"https:\/\/sysmatec.ch\/wp-content\/uploads\/2023\/02\/BoitePetri90_Capp.png","width":600,"height":600},{"@type":"BreadcrumbList","@id":"https:\/\/sysmatec.ch\/de\/Produkt\/petrischalen-90-mm-polystyrol\/#breadcrumb","itemListElement":[{"@type":"ListItem","position":1,"name":"Accueil","item":"https:\/\/sysmatec.ch\/de\/"},{"@type":"ListItem","position":2,"name":"Die Aktivit\u00e4t von Sysmatec","item":"https:\/\/sysmatec.ch\/de\/"},{"@type":"ListItem","position":3,"name":"Petrischalen 90 mm Polystyrol"}]},{"@type":"WebSite","@id":"https:\/\/sysmatec.ch\/de\/#website","url":"https:\/\/sysmatec.ch\/de\/","name":"Sysmatec","description":"Equipement de laboratoire et logiciels","publisher":{"@id":"https:\/\/sysmatec.ch\/de\/#organization"},"potentialAction":[{"@type":"SearchAction","target":{"@type":"EntryPoint","urlTemplate":"https:\/\/sysmatec.ch\/de\/?s={search_term_string}"},"query-input":{"@type":"PropertyValueSpecification","valueRequired":true,"valueName":"search_term_string"}}],"inLanguage":"de"},{"@type":"Organization","@id":"https:\/\/sysmatec.ch\/de\/#organization","name":"Sysmatec","url":"https:\/\/sysmatec.ch\/de\/","logo":{"@type":"ImageObject","inLanguage":"de","@id":"https:\/\/sysmatec.ch\/de\/#\/schema\/logo\/image\/","url":"https:\/\/sysmatec.ch\/wp-content\/uploads\/2018\/11\/LogoSysmatec.jpg","contentUrl":"https:\/\/sysmatec.ch\/wp-content\/uploads\/2018\/11\/LogoSysmatec.jpg","width":301,"height":297,"caption":"Sysmatec"},"image":{"@id":"https:\/\/sysmatec.ch\/de\/#\/schema\/logo\/image\/"}}]}},"_links":{"self":[{"href":"https:\/\/sysmatec.ch\/de\/wp-json\/wp\/v2\/product\/28266","targetHints":{"allow":["GET"]}}],"collection":[{"href":"https:\/\/sysmatec.ch\/de\/wp-json\/wp\/v2\/product"}],"about":[{"href":"https:\/\/sysmatec.ch\/de\/wp-json\/wp\/v2\/types\/product"}],"wp:featuredmedia":[{"embeddable":true,"href":"https:\/\/sysmatec.ch\/de\/wp-json\/wp\/v2\/media\/28263"}],"wp:attachment":[{"href":"https:\/\/sysmatec.ch\/de\/wp-json\/wp\/v2\/media?parent=28266"}],"wp:term":[{"taxonomy":"product_brand","embeddable":true,"href":"https:\/\/sysmatec.ch\/de\/wp-json\/wp\/v2\/product_brand?post=28266"},{"taxonomy":"product_cat","embeddable":true,"href":"https:\/\/sysmatec.ch\/de\/wp-json\/wp\/v2\/product_cat?post=28266"},{"taxonomy":"product_tag","embeddable":true,"href":"https:\/\/sysmatec.ch\/de\/wp-json\/wp\/v2\/product_tag?post=28266"}],"curies":[{"name":"wp","href":"https:\/\/api.w.org\/{rel}","templated":true}]}}