{"id":28254,"date":"2023-02-04T17:16:01","date_gmt":"2023-02-04T16:16:01","guid":{"rendered":"https:\/\/sysmatec.ch\/produit\/automatic-colony-counter-lz-acc-a112\/"},"modified":"2023-02-04T17:36:41","modified_gmt":"2023-02-04T16:36:41","slug":"koloniezaehler-lz-acc-a112","status":"publish","type":"product","link":"https:\/\/sysmatec.ch\/de\/Produkt\/koloniezaehler-lz-acc-a112\/","title":{"rendered":"Koloniez\u00e4hler LZ-ACC-A112"},"content":{"rendered":"<p>Dieser automatische Kolonienz\u00e4hler ist mit einer hochaufl\u00f6senden Kamera und einer Optik mit geringer Verzerrung ausgestattet. Es verwendet Smart Counter-Software zum genauen automatischen Z\u00e4hlen von Mikrobenkolonien. Offenes Plattformdesign, untere doppelte LED-Lichtquelle machen es zu einem benutzerfreundlichen Messger\u00e4t. Ein verschl\u00fcsselter USB-Stick sorgt f\u00fcr Datensicherheit und komfortables Datenmanagement.<\/p>\n<h2>Technische Eigenschaften<\/h2>\n<ul>\n<li>Duale 360-Grad-LED-Lichtquelle<\/li>\n<li>Hochaufl\u00f6sende Kamera mit verzerrungsarmer Optik<\/li>\n<li>Es m\u00fcssen keine Treiber oder Software installiert werden, die Software wird direkt kopiert und verwendet<\/li>\n<li>Automatische Datenverarbeitung und Speicherung<\/li>\n<li>Schnelle Z\u00e4hlung der Anzahl Kolonien<\/li>\n<li>Verf\u00fcgt \u00fcber 3 Ebenen der Zugriffsverwaltung<\/li>\n<li>Kolonien, die sich ber\u00fchren, werden automatisch durch einen intelligenten Z\u00e4hler segmentiert<\/li>\n<li>Intelligente Kolonieidentifikationstechnologie<\/li>\n<li>Kolonien auf Gitterfiltern sind ebenfalls leicht zu identifizieren<\/li>\n<li>Verf\u00fcgt \u00fcber Funktionen wie Farbanpassungseinstellungen, Kolonieverh\u00e4ltnis und Durchmessereinstellungen f\u00fcr eine verbesserte Z\u00e4hlgenauigkeit<\/li>\n<li>Unterscheiden Sie 8 Kolonien in verschiedenen Farben<\/li>\n<li>Kolonien manuell hinzuf\u00fcgen und entfernen<\/li>\n<li>Kann einen unerw\u00fcnschten Bereich definieren (nicht zu behandeln)<\/li>\n<li>Hochaufl\u00f6sende True-Color-Kamera<\/li>\n<li>Kameraaufl\u00f6sung 8,29 Millionen Pixel<\/li>\n<li>Smart-Metering-Software<\/li>\n<li>Koloniegr\u00f6\u00dfenaufl\u00f6sung &gt; 0,1 mm<\/li>\n<li>Anwendbare Methoden Plattentyp Streuplatte, Gussplatte, Membranfilter, Spiralplatte<\/li>\n<li>Z\u00e4hlgeschwindigkeit \u2264 5 Sekunden<\/li>\n<li>Langlebige Dual-LED-Lichtquelle<\/li>\n<li>Arbeitstemperatur 0 bis 35\u00b0C<\/li>\n<li>Material ABS-Kunststoff<\/li>\n<li>Petrischalengr\u00f6\u00dfe &lt; 120 mm<\/li>\n<li>Stromversorgung AC 110 bis 220 V, 50 Hz<\/li>\n<li>Host-Abmessungen 290 \u00d7 260 \u00d7 380 mm<\/li>\n<li>Gewicht 3 kg<\/li>\n<\/ul>\n","protected":false},"excerpt":{"rendered":"<p>Automatic colony counter to count the colonies on Petri dishes.<\/p>\n","protected":false},"featured_media":28252,"template":"","meta":{"_crdt_document":""},"product_brand":[],"product_cat":[137],"product_tag":[],"class_list":{"0":"post-28254","1":"product","2":"type-product","3":"status-publish","4":"has-post-thumbnail","6":"product_cat-koloniezahler","8":"first","9":"instock","10":"taxable","11":"shipping-taxable","12":"product-type-simple"},"yoast_head":"<!-- This site is optimized with the Yoast SEO plugin v27.4 - https:\/\/yoast.com\/product\/yoast-seo-wordpress\/ -->\n<title>Koloniez\u00e4hler LZ-ACC-A112 - Sysmatec<\/title>\n<meta name=\"description\" content=\"Automatic colony counter to count the colonies on Petri dishes. It can distinguish colonies with different sizes and diff\u00e9rents colors.\" \/>\n<meta name=\"robots\" content=\"index, follow, max-snippet:-1, max-image-preview:large, max-video-preview:-1\" \/>\n<link rel=\"canonical\" href=\"https:\/\/sysmatec.ch\/de\/Produkt\/koloniezaehler-lz-acc-a112\/\" \/>\n<meta property=\"og:locale\" content=\"de_DE\" \/>\n<meta property=\"og:type\" content=\"article\" \/>\n<meta property=\"og:title\" content=\"Koloniez\u00e4hler LZ-ACC-A112 - Sysmatec\" \/>\n<meta property=\"og:description\" content=\"Automatic colony counter to count the colonies on Petri dishes. It can distinguish colonies with different sizes and diff\u00e9rents colors.\" \/>\n<meta property=\"og:url\" content=\"https:\/\/sysmatec.ch\/de\/Produkt\/koloniezaehler-lz-acc-a112\/\" \/>\n<meta property=\"og:site_name\" content=\"Sysmatec\" \/>\n<meta property=\"article:modified_time\" content=\"2023-02-04T16:36:41+00:00\" \/>\n<meta property=\"og:image\" content=\"https:\/\/sysmatec.ch\/wp-content\/uploads\/2023\/02\/CompteurColonie_LabozonLZ-ACC-A112.jpg\" \/>\n\t<meta property=\"og:image:width\" content=\"407\" \/>\n\t<meta property=\"og:image:height\" content=\"422\" \/>\n\t<meta property=\"og:image:type\" content=\"image\/jpeg\" \/>\n<meta name=\"twitter:card\" content=\"summary_large_image\" \/>\n<meta name=\"twitter:label1\" content=\"Gesch\u00e4tzte Lesezeit\" \/>\n\t<meta name=\"twitter:data1\" content=\"1\u00a0Minute\" \/>\n<script type=\"application\/ld+json\" class=\"yoast-schema-graph\">{\"@context\":\"https:\\\/\\\/schema.org\",\"@graph\":[{\"@type\":\"WebPage\",\"@id\":\"https:\\\/\\\/sysmatec.ch\\\/de\\\/Produkt\\\/koloniezaehler-lz-acc-a112\\\/\",\"url\":\"https:\\\/\\\/sysmatec.ch\\\/de\\\/Produkt\\\/koloniezaehler-lz-acc-a112\\\/\",\"name\":\"Koloniez\u00e4hler LZ-ACC-A112 - Sysmatec\",\"isPartOf\":{\"@id\":\"https:\\\/\\\/sysmatec.ch\\\/de\\\/#website\"},\"primaryImageOfPage\":{\"@id\":\"https:\\\/\\\/sysmatec.ch\\\/de\\\/Produkt\\\/koloniezaehler-lz-acc-a112\\\/#primaryimage\"},\"image\":{\"@id\":\"https:\\\/\\\/sysmatec.ch\\\/de\\\/Produkt\\\/koloniezaehler-lz-acc-a112\\\/#primaryimage\"},\"thumbnailUrl\":\"https:\\\/\\\/sysmatec.ch\\\/wp-content\\\/uploads\\\/2023\\\/02\\\/CompteurColonie_LabozonLZ-ACC-A112.jpg\",\"datePublished\":\"2023-02-04T16:16:01+00:00\",\"dateModified\":\"2023-02-04T16:36:41+00:00\",\"description\":\"Automatic colony counter to count the colonies on Petri dishes. It can distinguish colonies with different sizes and diff\u00e9rents colors.\",\"breadcrumb\":{\"@id\":\"https:\\\/\\\/sysmatec.ch\\\/de\\\/Produkt\\\/koloniezaehler-lz-acc-a112\\\/#breadcrumb\"},\"inLanguage\":\"de\",\"potentialAction\":[{\"@type\":\"ReadAction\",\"target\":[\"https:\\\/\\\/sysmatec.ch\\\/de\\\/Produkt\\\/koloniezaehler-lz-acc-a112\\\/\"]}]},{\"@type\":\"ImageObject\",\"inLanguage\":\"de\",\"@id\":\"https:\\\/\\\/sysmatec.ch\\\/de\\\/Produkt\\\/koloniezaehler-lz-acc-a112\\\/#primaryimage\",\"url\":\"https:\\\/\\\/sysmatec.ch\\\/wp-content\\\/uploads\\\/2023\\\/02\\\/CompteurColonie_LabozonLZ-ACC-A112.jpg\",\"contentUrl\":\"https:\\\/\\\/sysmatec.ch\\\/wp-content\\\/uploads\\\/2023\\\/02\\\/CompteurColonie_LabozonLZ-ACC-A112.jpg\",\"width\":407,\"height\":422},{\"@type\":\"BreadcrumbList\",\"@id\":\"https:\\\/\\\/sysmatec.ch\\\/de\\\/Produkt\\\/koloniezaehler-lz-acc-a112\\\/#breadcrumb\",\"itemListElement\":[{\"@type\":\"ListItem\",\"position\":1,\"name\":\"Accueil\",\"item\":\"https:\\\/\\\/sysmatec.ch\\\/de\\\/\"},{\"@type\":\"ListItem\",\"position\":2,\"name\":\"Die Aktivit\u00e4t von Sysmatec\",\"item\":\"https:\\\/\\\/sysmatec.ch\\\/de\\\/\"},{\"@type\":\"ListItem\",\"position\":3,\"name\":\"Koloniez\u00e4hler LZ-ACC-A112\"}]},{\"@type\":\"WebSite\",\"@id\":\"https:\\\/\\\/sysmatec.ch\\\/de\\\/#website\",\"url\":\"https:\\\/\\\/sysmatec.ch\\\/de\\\/\",\"name\":\"Sysmatec\",\"description\":\"Equipement de laboratoire et logiciels\",\"publisher\":{\"@id\":\"https:\\\/\\\/sysmatec.ch\\\/de\\\/#organization\"},\"potentialAction\":[{\"@type\":\"SearchAction\",\"target\":{\"@type\":\"EntryPoint\",\"urlTemplate\":\"https:\\\/\\\/sysmatec.ch\\\/de\\\/?s={search_term_string}\"},\"query-input\":{\"@type\":\"PropertyValueSpecification\",\"valueRequired\":true,\"valueName\":\"search_term_string\"}}],\"inLanguage\":\"de\"},{\"@type\":\"Organization\",\"@id\":\"https:\\\/\\\/sysmatec.ch\\\/de\\\/#organization\",\"name\":\"Sysmatec\",\"url\":\"https:\\\/\\\/sysmatec.ch\\\/de\\\/\",\"logo\":{\"@type\":\"ImageObject\",\"inLanguage\":\"de\",\"@id\":\"https:\\\/\\\/sysmatec.ch\\\/de\\\/#\\\/schema\\\/logo\\\/image\\\/\",\"url\":\"https:\\\/\\\/sysmatec.ch\\\/wp-content\\\/uploads\\\/2018\\\/11\\\/LogoSysmatec.jpg\",\"contentUrl\":\"https:\\\/\\\/sysmatec.ch\\\/wp-content\\\/uploads\\\/2018\\\/11\\\/LogoSysmatec.jpg\",\"width\":301,\"height\":297,\"caption\":\"Sysmatec\"},\"image\":{\"@id\":\"https:\\\/\\\/sysmatec.ch\\\/de\\\/#\\\/schema\\\/logo\\\/image\\\/\"}}]}<\/script>\n<!-- \/ Yoast SEO plugin. -->","yoast_head_json":{"title":"Koloniez\u00e4hler LZ-ACC-A112 - Sysmatec","description":"Automatic colony counter to count the colonies on Petri dishes. It can distinguish colonies with different sizes and diff\u00e9rents colors.","robots":{"index":"index","follow":"follow","max-snippet":"max-snippet:-1","max-image-preview":"max-image-preview:large","max-video-preview":"max-video-preview:-1"},"canonical":"https:\/\/sysmatec.ch\/de\/Produkt\/koloniezaehler-lz-acc-a112\/","og_locale":"de_DE","og_type":"article","og_title":"Koloniez\u00e4hler LZ-ACC-A112 - Sysmatec","og_description":"Automatic colony counter to count the colonies on Petri dishes. It can distinguish colonies with different sizes and diff\u00e9rents colors.","og_url":"https:\/\/sysmatec.ch\/de\/Produkt\/koloniezaehler-lz-acc-a112\/","og_site_name":"Sysmatec","article_modified_time":"2023-02-04T16:36:41+00:00","og_image":[{"width":407,"height":422,"url":"https:\/\/sysmatec.ch\/wp-content\/uploads\/2023\/02\/CompteurColonie_LabozonLZ-ACC-A112.jpg","type":"image\/jpeg"}],"twitter_card":"summary_large_image","twitter_misc":{"Gesch\u00e4tzte Lesezeit":"1\u00a0Minute"},"schema":{"@context":"https:\/\/schema.org","@graph":[{"@type":"WebPage","@id":"https:\/\/sysmatec.ch\/de\/Produkt\/koloniezaehler-lz-acc-a112\/","url":"https:\/\/sysmatec.ch\/de\/Produkt\/koloniezaehler-lz-acc-a112\/","name":"Koloniez\u00e4hler LZ-ACC-A112 - Sysmatec","isPartOf":{"@id":"https:\/\/sysmatec.ch\/de\/#website"},"primaryImageOfPage":{"@id":"https:\/\/sysmatec.ch\/de\/Produkt\/koloniezaehler-lz-acc-a112\/#primaryimage"},"image":{"@id":"https:\/\/sysmatec.ch\/de\/Produkt\/koloniezaehler-lz-acc-a112\/#primaryimage"},"thumbnailUrl":"https:\/\/sysmatec.ch\/wp-content\/uploads\/2023\/02\/CompteurColonie_LabozonLZ-ACC-A112.jpg","datePublished":"2023-02-04T16:16:01+00:00","dateModified":"2023-02-04T16:36:41+00:00","description":"Automatic colony counter to count the colonies on Petri dishes. It can distinguish colonies with different sizes and diff\u00e9rents colors.","breadcrumb":{"@id":"https:\/\/sysmatec.ch\/de\/Produkt\/koloniezaehler-lz-acc-a112\/#breadcrumb"},"inLanguage":"de","potentialAction":[{"@type":"ReadAction","target":["https:\/\/sysmatec.ch\/de\/Produkt\/koloniezaehler-lz-acc-a112\/"]}]},{"@type":"ImageObject","inLanguage":"de","@id":"https:\/\/sysmatec.ch\/de\/Produkt\/koloniezaehler-lz-acc-a112\/#primaryimage","url":"https:\/\/sysmatec.ch\/wp-content\/uploads\/2023\/02\/CompteurColonie_LabozonLZ-ACC-A112.jpg","contentUrl":"https:\/\/sysmatec.ch\/wp-content\/uploads\/2023\/02\/CompteurColonie_LabozonLZ-ACC-A112.jpg","width":407,"height":422},{"@type":"BreadcrumbList","@id":"https:\/\/sysmatec.ch\/de\/Produkt\/koloniezaehler-lz-acc-a112\/#breadcrumb","itemListElement":[{"@type":"ListItem","position":1,"name":"Accueil","item":"https:\/\/sysmatec.ch\/de\/"},{"@type":"ListItem","position":2,"name":"Die Aktivit\u00e4t von Sysmatec","item":"https:\/\/sysmatec.ch\/de\/"},{"@type":"ListItem","position":3,"name":"Koloniez\u00e4hler LZ-ACC-A112"}]},{"@type":"WebSite","@id":"https:\/\/sysmatec.ch\/de\/#website","url":"https:\/\/sysmatec.ch\/de\/","name":"Sysmatec","description":"Equipement de laboratoire et logiciels","publisher":{"@id":"https:\/\/sysmatec.ch\/de\/#organization"},"potentialAction":[{"@type":"SearchAction","target":{"@type":"EntryPoint","urlTemplate":"https:\/\/sysmatec.ch\/de\/?s={search_term_string}"},"query-input":{"@type":"PropertyValueSpecification","valueRequired":true,"valueName":"search_term_string"}}],"inLanguage":"de"},{"@type":"Organization","@id":"https:\/\/sysmatec.ch\/de\/#organization","name":"Sysmatec","url":"https:\/\/sysmatec.ch\/de\/","logo":{"@type":"ImageObject","inLanguage":"de","@id":"https:\/\/sysmatec.ch\/de\/#\/schema\/logo\/image\/","url":"https:\/\/sysmatec.ch\/wp-content\/uploads\/2018\/11\/LogoSysmatec.jpg","contentUrl":"https:\/\/sysmatec.ch\/wp-content\/uploads\/2018\/11\/LogoSysmatec.jpg","width":301,"height":297,"caption":"Sysmatec"},"image":{"@id":"https:\/\/sysmatec.ch\/de\/#\/schema\/logo\/image\/"}}]}},"_links":{"self":[{"href":"https:\/\/sysmatec.ch\/de\/wp-json\/wp\/v2\/product\/28254","targetHints":{"allow":["GET"]}}],"collection":[{"href":"https:\/\/sysmatec.ch\/de\/wp-json\/wp\/v2\/product"}],"about":[{"href":"https:\/\/sysmatec.ch\/de\/wp-json\/wp\/v2\/types\/product"}],"wp:featuredmedia":[{"embeddable":true,"href":"https:\/\/sysmatec.ch\/de\/wp-json\/wp\/v2\/media\/28252"}],"wp:attachment":[{"href":"https:\/\/sysmatec.ch\/de\/wp-json\/wp\/v2\/media?parent=28254"}],"wp:term":[{"taxonomy":"product_brand","embeddable":true,"href":"https:\/\/sysmatec.ch\/de\/wp-json\/wp\/v2\/product_brand?post=28254"},{"taxonomy":"product_cat","embeddable":true,"href":"https:\/\/sysmatec.ch\/de\/wp-json\/wp\/v2\/product_cat?post=28254"},{"taxonomy":"product_tag","embeddable":true,"href":"https:\/\/sysmatec.ch\/de\/wp-json\/wp\/v2\/product_tag?post=28254"}],"curies":[{"name":"wp","href":"https:\/\/api.w.org\/{rel}","templated":true}]}}