{"id":28242,"date":"2023-02-04T14:13:14","date_gmt":"2023-02-04T13:13:14","guid":{"rendered":"https:\/\/sysmatec.ch\/produit\/vibratory-sieve-shaker-lm-vss-a103\/"},"modified":"2023-02-04T14:32:11","modified_gmt":"2023-02-04T13:32:11","slug":"vibrationssieb-lm-vss-a103","status":"publish","type":"product","link":"https:\/\/sysmatec.ch\/de\/Produkt\/vibrationssieb-lm-vss-a103\/","title":{"rendered":"Vibrationssieb LM VSS A103"},"content":{"rendered":"<p>Diese Vibrationssiebmaschine bietet hervorragende Ergebnisse mit einer Analysensiebkapazit\u00e4t von 75, 100, 200 mm und bietet Platz f\u00fcr 7 Siebplatten einschlie\u00dflich Deckel, Schale und Abdeckung. Dies ist besonders geeignet f\u00fcr F &amp; E, Baustoff-, Material- und Mineralienindustrie. Die vibrierende Siebbewegung\u00a0 gew\u00e4hrleistet ein schnelles Siebergebnis ohne erneutes Sieben durch Arbeitskr\u00e4fte und erzeugt eine hervorragende Reproduzierbarkeit. Design f\u00fcr eine zuverl\u00e4ssige Trennung, hervorragende Partikelbestimmung mit dem \u00fcberlegenen Motor, der mit 1400 U \/ min arbeitet. Der Vibrations-Siebsch\u00fcttler wird mit einem Edelstahlgeh\u00e4use geliefert, das einen hervorragenden Korrosionsschutz und eine l\u00e4ngere Lebensdauer bietet.<\/p>\n<h2>Merkmale<\/h2>\n<ul>\n<li>Einfach zu wechselndes Siebsieb, mit einer maximalen Anzahl von Schichten 6 bis 7<\/li>\n<li>Diese vibrierende Siebmaschine ist mit einer automatischen Timer-Steuerungsfunktion ausgestattet, die gut auf bis zu 1 Stunde eingestellt ist<\/li>\n<li>Geeignet f\u00fcr pulverf\u00f6rmige, fl\u00fcssige und k\u00f6rnige Materialien mit schneller Siebung<\/li>\n<li>Dieses trendige Ger\u00e4t ist in voller Gr\u00f6\u00dfe mit einer maximalen Maschenweite von 3,5 bis 400 Maschen erh\u00e4ltlich<\/li>\n<li>Einstellbares Neigungswinkelsieb, sorgt f\u00fcr ein reibungsloses Sieben mit einfachem Arbeitsvorgang<\/li>\n<li>Diese Einheit ist ein 3-D-Design, das eine Siebbewegung ausf\u00fchrt, um das Material horizontal, vertikal und geneigt zu sieben<\/li>\n<li>Analysensiebkapazit\u00e4t 75, 100, 200 mm<\/li>\n<li>Motordrehzahl 1400 U\/min<\/li>\n<li>Anzahl Schicht 7<\/li>\n<li>Maschenweite 5 bis 525<\/li>\n<li>Maschenmaterial Edelstahl<\/li>\n<li>Leistung 180 W<\/li>\n<li>Stromversorgung 220 V\/50 Hz<\/li>\n<li>Au\u00dfenma\u00df 320 x 350 x 360 mm<\/li>\n<li>Gewicht 40 Kilogramm<\/li>\n<\/ul>\n","protected":false},"excerpt":{"rendered":"<p>Vibrationssiebmaschine f\u00fcr Maschenweite 5 bis 525<\/p>\n","protected":false},"featured_media":28240,"template":"","meta":{"_crdt_document":""},"product_brand":[],"product_cat":[95,87],"product_tag":[],"class_list":{"0":"post-28242","1":"product","2":"type-product","3":"status-publish","4":"has-post-thumbnail","6":"product_cat-motor-de","7":"product_cat-ruehren","9":"first","10":"instock","11":"taxable","12":"shipping-taxable","13":"product-type-simple"},"yoast_head":"<!-- This site is optimized with the Yoast SEO plugin v27.4 - https:\/\/yoast.com\/product\/yoast-seo-wordpress\/ -->\n<title>Vibrationssieb LM VSS A103 - Sysmatec<\/title>\n<meta name=\"description\" content=\"Vibrationssiebmaschine f\u00fcr 6 bis 7 Schichten, Maschenweite 5 bis 525, Vibrationsgeschwindigkeit ca. 1400 U\/min\" \/>\n<meta name=\"robots\" content=\"index, follow, max-snippet:-1, max-image-preview:large, max-video-preview:-1\" \/>\n<link rel=\"canonical\" href=\"https:\/\/sysmatec.ch\/de\/Produkt\/vibrationssieb-lm-vss-a103\/\" \/>\n<meta property=\"og:locale\" content=\"de_DE\" \/>\n<meta property=\"og:type\" content=\"article\" \/>\n<meta property=\"og:title\" content=\"Vibrationssieb LM VSS A103 - Sysmatec\" \/>\n<meta property=\"og:description\" content=\"Vibrationssiebmaschine f\u00fcr 6 bis 7 Schichten, Maschenweite 5 bis 525, Vibrationsgeschwindigkeit ca. 1400 U\/min\" \/>\n<meta property=\"og:url\" content=\"https:\/\/sysmatec.ch\/de\/Produkt\/vibrationssieb-lm-vss-a103\/\" \/>\n<meta property=\"og:site_name\" content=\"Sysmatec\" \/>\n<meta property=\"article:modified_time\" content=\"2023-02-04T13:32:11+00:00\" \/>\n<meta property=\"og:image\" content=\"https:\/\/sysmatec.ch\/wp-content\/uploads\/2023\/02\/TamisVibrant_LabozonLM-VSS-A103.jpg\" \/>\n\t<meta property=\"og:image:width\" content=\"250\" \/>\n\t<meta property=\"og:image:height\" content=\"250\" \/>\n\t<meta property=\"og:image:type\" content=\"image\/jpeg\" \/>\n<meta name=\"twitter:card\" content=\"summary_large_image\" \/>\n<meta name=\"twitter:label1\" content=\"Gesch\u00e4tzte Lesezeit\" \/>\n\t<meta name=\"twitter:data1\" content=\"2\u00a0Minuten\" \/>\n<script type=\"application\/ld+json\" class=\"yoast-schema-graph\">{\"@context\":\"https:\\\/\\\/schema.org\",\"@graph\":[{\"@type\":\"WebPage\",\"@id\":\"https:\\\/\\\/sysmatec.ch\\\/de\\\/Produkt\\\/vibrationssieb-lm-vss-a103\\\/\",\"url\":\"https:\\\/\\\/sysmatec.ch\\\/de\\\/Produkt\\\/vibrationssieb-lm-vss-a103\\\/\",\"name\":\"Vibrationssieb LM VSS A103 - Sysmatec\",\"isPartOf\":{\"@id\":\"https:\\\/\\\/sysmatec.ch\\\/de\\\/#website\"},\"primaryImageOfPage\":{\"@id\":\"https:\\\/\\\/sysmatec.ch\\\/de\\\/Produkt\\\/vibrationssieb-lm-vss-a103\\\/#primaryimage\"},\"image\":{\"@id\":\"https:\\\/\\\/sysmatec.ch\\\/de\\\/Produkt\\\/vibrationssieb-lm-vss-a103\\\/#primaryimage\"},\"thumbnailUrl\":\"https:\\\/\\\/sysmatec.ch\\\/wp-content\\\/uploads\\\/2023\\\/02\\\/TamisVibrant_LabozonLM-VSS-A103.jpg\",\"datePublished\":\"2023-02-04T13:13:14+00:00\",\"dateModified\":\"2023-02-04T13:32:11+00:00\",\"description\":\"Vibrationssiebmaschine f\u00fcr 6 bis 7 Schichten, Maschenweite 5 bis 525, Vibrationsgeschwindigkeit ca. 1400 U\\\/min\",\"breadcrumb\":{\"@id\":\"https:\\\/\\\/sysmatec.ch\\\/de\\\/Produkt\\\/vibrationssieb-lm-vss-a103\\\/#breadcrumb\"},\"inLanguage\":\"de\",\"potentialAction\":[{\"@type\":\"ReadAction\",\"target\":[\"https:\\\/\\\/sysmatec.ch\\\/de\\\/Produkt\\\/vibrationssieb-lm-vss-a103\\\/\"]}]},{\"@type\":\"ImageObject\",\"inLanguage\":\"de\",\"@id\":\"https:\\\/\\\/sysmatec.ch\\\/de\\\/Produkt\\\/vibrationssieb-lm-vss-a103\\\/#primaryimage\",\"url\":\"https:\\\/\\\/sysmatec.ch\\\/wp-content\\\/uploads\\\/2023\\\/02\\\/TamisVibrant_LabozonLM-VSS-A103.jpg\",\"contentUrl\":\"https:\\\/\\\/sysmatec.ch\\\/wp-content\\\/uploads\\\/2023\\\/02\\\/TamisVibrant_LabozonLM-VSS-A103.jpg\",\"width\":250,\"height\":250},{\"@type\":\"BreadcrumbList\",\"@id\":\"https:\\\/\\\/sysmatec.ch\\\/de\\\/Produkt\\\/vibrationssieb-lm-vss-a103\\\/#breadcrumb\",\"itemListElement\":[{\"@type\":\"ListItem\",\"position\":1,\"name\":\"Accueil\",\"item\":\"https:\\\/\\\/sysmatec.ch\\\/de\\\/\"},{\"@type\":\"ListItem\",\"position\":2,\"name\":\"Die Aktivit\u00e4t von Sysmatec\",\"item\":\"https:\\\/\\\/sysmatec.ch\\\/de\\\/\"},{\"@type\":\"ListItem\",\"position\":3,\"name\":\"Vibrationssieb LM VSS A103\"}]},{\"@type\":\"WebSite\",\"@id\":\"https:\\\/\\\/sysmatec.ch\\\/de\\\/#website\",\"url\":\"https:\\\/\\\/sysmatec.ch\\\/de\\\/\",\"name\":\"Sysmatec\",\"description\":\"Equipement de laboratoire et logiciels\",\"publisher\":{\"@id\":\"https:\\\/\\\/sysmatec.ch\\\/de\\\/#organization\"},\"potentialAction\":[{\"@type\":\"SearchAction\",\"target\":{\"@type\":\"EntryPoint\",\"urlTemplate\":\"https:\\\/\\\/sysmatec.ch\\\/de\\\/?s={search_term_string}\"},\"query-input\":{\"@type\":\"PropertyValueSpecification\",\"valueRequired\":true,\"valueName\":\"search_term_string\"}}],\"inLanguage\":\"de\"},{\"@type\":\"Organization\",\"@id\":\"https:\\\/\\\/sysmatec.ch\\\/de\\\/#organization\",\"name\":\"Sysmatec\",\"url\":\"https:\\\/\\\/sysmatec.ch\\\/de\\\/\",\"logo\":{\"@type\":\"ImageObject\",\"inLanguage\":\"de\",\"@id\":\"https:\\\/\\\/sysmatec.ch\\\/de\\\/#\\\/schema\\\/logo\\\/image\\\/\",\"url\":\"https:\\\/\\\/sysmatec.ch\\\/wp-content\\\/uploads\\\/2018\\\/11\\\/LogoSysmatec.jpg\",\"contentUrl\":\"https:\\\/\\\/sysmatec.ch\\\/wp-content\\\/uploads\\\/2018\\\/11\\\/LogoSysmatec.jpg\",\"width\":301,\"height\":297,\"caption\":\"Sysmatec\"},\"image\":{\"@id\":\"https:\\\/\\\/sysmatec.ch\\\/de\\\/#\\\/schema\\\/logo\\\/image\\\/\"}}]}<\/script>\n<!-- \/ Yoast SEO plugin. -->","yoast_head_json":{"title":"Vibrationssieb LM VSS A103 - Sysmatec","description":"Vibrationssiebmaschine f\u00fcr 6 bis 7 Schichten, Maschenweite 5 bis 525, Vibrationsgeschwindigkeit ca. 1400 U\/min","robots":{"index":"index","follow":"follow","max-snippet":"max-snippet:-1","max-image-preview":"max-image-preview:large","max-video-preview":"max-video-preview:-1"},"canonical":"https:\/\/sysmatec.ch\/de\/Produkt\/vibrationssieb-lm-vss-a103\/","og_locale":"de_DE","og_type":"article","og_title":"Vibrationssieb LM VSS A103 - Sysmatec","og_description":"Vibrationssiebmaschine f\u00fcr 6 bis 7 Schichten, Maschenweite 5 bis 525, Vibrationsgeschwindigkeit ca. 1400 U\/min","og_url":"https:\/\/sysmatec.ch\/de\/Produkt\/vibrationssieb-lm-vss-a103\/","og_site_name":"Sysmatec","article_modified_time":"2023-02-04T13:32:11+00:00","og_image":[{"width":250,"height":250,"url":"https:\/\/sysmatec.ch\/wp-content\/uploads\/2023\/02\/TamisVibrant_LabozonLM-VSS-A103.jpg","type":"image\/jpeg"}],"twitter_card":"summary_large_image","twitter_misc":{"Gesch\u00e4tzte Lesezeit":"2\u00a0Minuten"},"schema":{"@context":"https:\/\/schema.org","@graph":[{"@type":"WebPage","@id":"https:\/\/sysmatec.ch\/de\/Produkt\/vibrationssieb-lm-vss-a103\/","url":"https:\/\/sysmatec.ch\/de\/Produkt\/vibrationssieb-lm-vss-a103\/","name":"Vibrationssieb LM VSS A103 - Sysmatec","isPartOf":{"@id":"https:\/\/sysmatec.ch\/de\/#website"},"primaryImageOfPage":{"@id":"https:\/\/sysmatec.ch\/de\/Produkt\/vibrationssieb-lm-vss-a103\/#primaryimage"},"image":{"@id":"https:\/\/sysmatec.ch\/de\/Produkt\/vibrationssieb-lm-vss-a103\/#primaryimage"},"thumbnailUrl":"https:\/\/sysmatec.ch\/wp-content\/uploads\/2023\/02\/TamisVibrant_LabozonLM-VSS-A103.jpg","datePublished":"2023-02-04T13:13:14+00:00","dateModified":"2023-02-04T13:32:11+00:00","description":"Vibrationssiebmaschine f\u00fcr 6 bis 7 Schichten, Maschenweite 5 bis 525, Vibrationsgeschwindigkeit ca. 1400 U\/min","breadcrumb":{"@id":"https:\/\/sysmatec.ch\/de\/Produkt\/vibrationssieb-lm-vss-a103\/#breadcrumb"},"inLanguage":"de","potentialAction":[{"@type":"ReadAction","target":["https:\/\/sysmatec.ch\/de\/Produkt\/vibrationssieb-lm-vss-a103\/"]}]},{"@type":"ImageObject","inLanguage":"de","@id":"https:\/\/sysmatec.ch\/de\/Produkt\/vibrationssieb-lm-vss-a103\/#primaryimage","url":"https:\/\/sysmatec.ch\/wp-content\/uploads\/2023\/02\/TamisVibrant_LabozonLM-VSS-A103.jpg","contentUrl":"https:\/\/sysmatec.ch\/wp-content\/uploads\/2023\/02\/TamisVibrant_LabozonLM-VSS-A103.jpg","width":250,"height":250},{"@type":"BreadcrumbList","@id":"https:\/\/sysmatec.ch\/de\/Produkt\/vibrationssieb-lm-vss-a103\/#breadcrumb","itemListElement":[{"@type":"ListItem","position":1,"name":"Accueil","item":"https:\/\/sysmatec.ch\/de\/"},{"@type":"ListItem","position":2,"name":"Die Aktivit\u00e4t von Sysmatec","item":"https:\/\/sysmatec.ch\/de\/"},{"@type":"ListItem","position":3,"name":"Vibrationssieb LM VSS A103"}]},{"@type":"WebSite","@id":"https:\/\/sysmatec.ch\/de\/#website","url":"https:\/\/sysmatec.ch\/de\/","name":"Sysmatec","description":"Equipement de laboratoire et logiciels","publisher":{"@id":"https:\/\/sysmatec.ch\/de\/#organization"},"potentialAction":[{"@type":"SearchAction","target":{"@type":"EntryPoint","urlTemplate":"https:\/\/sysmatec.ch\/de\/?s={search_term_string}"},"query-input":{"@type":"PropertyValueSpecification","valueRequired":true,"valueName":"search_term_string"}}],"inLanguage":"de"},{"@type":"Organization","@id":"https:\/\/sysmatec.ch\/de\/#organization","name":"Sysmatec","url":"https:\/\/sysmatec.ch\/de\/","logo":{"@type":"ImageObject","inLanguage":"de","@id":"https:\/\/sysmatec.ch\/de\/#\/schema\/logo\/image\/","url":"https:\/\/sysmatec.ch\/wp-content\/uploads\/2018\/11\/LogoSysmatec.jpg","contentUrl":"https:\/\/sysmatec.ch\/wp-content\/uploads\/2018\/11\/LogoSysmatec.jpg","width":301,"height":297,"caption":"Sysmatec"},"image":{"@id":"https:\/\/sysmatec.ch\/de\/#\/schema\/logo\/image\/"}}]}},"_links":{"self":[{"href":"https:\/\/sysmatec.ch\/de\/wp-json\/wp\/v2\/product\/28242","targetHints":{"allow":["GET"]}}],"collection":[{"href":"https:\/\/sysmatec.ch\/de\/wp-json\/wp\/v2\/product"}],"about":[{"href":"https:\/\/sysmatec.ch\/de\/wp-json\/wp\/v2\/types\/product"}],"wp:featuredmedia":[{"embeddable":true,"href":"https:\/\/sysmatec.ch\/de\/wp-json\/wp\/v2\/media\/28240"}],"wp:attachment":[{"href":"https:\/\/sysmatec.ch\/de\/wp-json\/wp\/v2\/media?parent=28242"}],"wp:term":[{"taxonomy":"product_brand","embeddable":true,"href":"https:\/\/sysmatec.ch\/de\/wp-json\/wp\/v2\/product_brand?post=28242"},{"taxonomy":"product_cat","embeddable":true,"href":"https:\/\/sysmatec.ch\/de\/wp-json\/wp\/v2\/product_cat?post=28242"},{"taxonomy":"product_tag","embeddable":true,"href":"https:\/\/sysmatec.ch\/de\/wp-json\/wp\/v2\/product_tag?post=28242"}],"curies":[{"name":"wp","href":"https:\/\/api.w.org\/{rel}","templated":true}]}}