{"id":28214,"date":"2023-01-31T17:32:59","date_gmt":"2023-01-31T16:32:59","guid":{"rendered":"https:\/\/sysmatec.ch\/?post_type=product&#038;p=28214"},"modified":"2023-01-31T18:09:33","modified_gmt":"2023-01-31T17:09:33","slug":"temperatur-regler-tc7878-2r-a","status":"publish","type":"product","link":"https:\/\/sysmatec.ch\/de\/Produkt\/temperatur-regler-tc7878-2r-a\/","title":{"rendered":"Temperatur Regler TC7878-2R-A"},"content":{"rendered":"<ul>\n<li>PID-Regler mit 2 Relais und Analogausgang 4-20 mA (f\u00fcr Messwertkopie oder Reglerausgang)<\/li>\n<li>Universaleingang f\u00fcr Thermowiderstandssensoren (PT100), Thermoelement (K, J, R, S) oder Analogeingang<\/li>\n<li>Robustes Geh\u00e4use (IP64 \u2013 Front)<\/li>\n<li>Hauptanwendung in automatischen Temperiersystemen (Heizen oder K\u00fchlen)<\/li>\n<li>Es kann ein lineares PID-Regelungsgesetz oder ein bipositionales nichtlineares Gesetz (Ausgang \u2013 EIN-AUS oder PID) implementieren.<\/li>\n<li>Die Aktion der PID-Regelung (Proportionalband, Integralzeit und Vorhaltezeit) wird an Relais 1 ausgegeben und kann mit manueller oder automatischer Abstimmung eingestellt werden<\/li>\n<li>EIN-AUS-Regelung mit Hysterese<\/li>\n<li>7-Segment-Anzeige mit 4 Ziffern, 2 LEDs zur Signalisierung<\/li>\n<li>3-Tasten-Programmierschnittstelle<\/li>\n<li>Robust und resistent gegen St\u00f6rungen<\/li>\n<\/ul>\n<h2>Technische Daten<\/h2>\n<p>Kontrollierter Parameter: Temperatur<br \/>\nUniversaleing\u00e4nge (\u00fcber Tastatur w\u00e4hlbar)<br \/>\n\u2013 RTD-Pt 100 -99,9\u00b0C &#8211; 400,0\u00b0C<br \/>\n\u2013 Thermoelement K 0\u00b0C &#8211; 1200\u00b0C<br \/>\n\u2013 Thermoelement J 0\u00b0C &#8211; 750\u00b0C<br \/>\n\u2013 Thermoelement R und S 0\u00b0C &#8211; 1750\u00b0C<br \/>\n\u2013 Strom 4-10mA<br \/>\n\u2013 Spannung 0-10V<br \/>\nAutomatische Kaltstellenkompensation f\u00fcr Thermoelement<br \/>\n\u2013 Anzeigebereich -999 &#8211; 9999<br \/>\n\u2013 Anzeigeaufl\u00f6sung 0,1 \u00b0C oder 1 \u00b0C<br \/>\n\u2013 Ziffernh\u00f6he 20 mm<br \/>\nAusgangstyp 1: 250VAC\/10A Relais<br \/>\nAusgangstyp 2: 250VAC\/10A Relais<br \/>\nAusgangstyp 3: Analog 4-20mA<br \/>\nAbmessungen 72 x 72 x 65 mm<br \/>\nSchalttafelausschnitt: 68&#215;68 mm<br \/>\nProgrammierung per Tastatur<br \/>\nSchutzklasse IP64 (Front)<br \/>\nBetriebstemperatur 0\u00b0C &#8211; 50\u00b0C<br \/>\nBetriebsfeuchtigkeit 0 % &#8211; 95 % (nicht kondensierend)<br \/>\nEMV-Vertr\u00e4glichkeit EN61326-1<\/p>\n","protected":false},"excerpt":{"rendered":"<p>Kompakter PID Regler<\/p>\n","protected":false},"featured_media":28221,"template":"","meta":{"_crdt_document":""},"product_brand":[],"product_cat":[191,309],"product_tag":[],"class_list":{"0":"post-28214","1":"product","2":"type-product","3":"status-publish","4":"has-post-thumbnail","6":"product_cat-automation-de","7":"product_cat-regler","9":"first","10":"instock","11":"taxable","12":"shipping-taxable","13":"product-type-simple"},"yoast_head":"<!-- This site is optimized with the Yoast SEO plugin v27.3 - https:\/\/yoast.com\/product\/yoast-seo-wordpress\/ -->\n<title>Temperatur Regler TC7878-2R-A - Sysmatec<\/title>\n<meta name=\"description\" content=\"PID-Regler. Er verf\u00fcgt \u00fcber einen Pt100-, Thermoelement- oder 0\/4-20-mA-Analogeing\u00e4ng und zwei Relais + ein 4-20 mA Ausg\u00e4nge\" \/>\n<meta name=\"robots\" content=\"index, follow, max-snippet:-1, max-image-preview:large, max-video-preview:-1\" \/>\n<link rel=\"canonical\" href=\"https:\/\/sysmatec.ch\/de\/Produkt\/temperatur-regler-tc7878-2r-a\/\" \/>\n<meta property=\"og:locale\" content=\"de_DE\" \/>\n<meta property=\"og:type\" content=\"article\" \/>\n<meta property=\"og:title\" content=\"Temperatur Regler TC7878-2R-A - Sysmatec\" \/>\n<meta property=\"og:description\" content=\"PID-Regler. Er verf\u00fcgt \u00fcber einen Pt100-, Thermoelement- oder 0\/4-20-mA-Analogeing\u00e4ng und zwei Relais + ein 4-20 mA Ausg\u00e4nge\" \/>\n<meta property=\"og:url\" content=\"https:\/\/sysmatec.ch\/de\/Produkt\/temperatur-regler-tc7878-2r-a\/\" \/>\n<meta property=\"og:site_name\" content=\"Sysmatec\" \/>\n<meta property=\"article:modified_time\" content=\"2023-01-31T17:09:33+00:00\" \/>\n<meta property=\"og:image\" content=\"https:\/\/sysmatec.ch\/wp-content\/uploads\/2023\/01\/PIDController_SynchroTC7878-2R-A-1.jpg\" \/>\n\t<meta property=\"og:image:width\" content=\"514\" \/>\n\t<meta property=\"og:image:height\" content=\"470\" \/>\n\t<meta property=\"og:image:type\" content=\"image\/jpeg\" \/>\n<meta name=\"twitter:card\" content=\"summary_large_image\" \/>\n<meta name=\"twitter:label1\" content=\"Gesch\u00e4tzte Lesezeit\" \/>\n\t<meta name=\"twitter:data1\" content=\"1\u00a0Minute\" \/>\n<script type=\"application\/ld+json\" class=\"yoast-schema-graph\">{\"@context\":\"https:\\\/\\\/schema.org\",\"@graph\":[{\"@type\":\"WebPage\",\"@id\":\"https:\\\/\\\/sysmatec.ch\\\/de\\\/Produkt\\\/temperatur-regler-tc7878-2r-a\\\/\",\"url\":\"https:\\\/\\\/sysmatec.ch\\\/de\\\/Produkt\\\/temperatur-regler-tc7878-2r-a\\\/\",\"name\":\"Temperatur Regler TC7878-2R-A - Sysmatec\",\"isPartOf\":{\"@id\":\"https:\\\/\\\/sysmatec.ch\\\/de\\\/#website\"},\"primaryImageOfPage\":{\"@id\":\"https:\\\/\\\/sysmatec.ch\\\/de\\\/Produkt\\\/temperatur-regler-tc7878-2r-a\\\/#primaryimage\"},\"image\":{\"@id\":\"https:\\\/\\\/sysmatec.ch\\\/de\\\/Produkt\\\/temperatur-regler-tc7878-2r-a\\\/#primaryimage\"},\"thumbnailUrl\":\"https:\\\/\\\/sysmatec.ch\\\/wp-content\\\/uploads\\\/2023\\\/01\\\/PIDController_SynchroTC7878-2R-A-1.jpg\",\"datePublished\":\"2023-01-31T16:32:59+00:00\",\"dateModified\":\"2023-01-31T17:09:33+00:00\",\"description\":\"PID-Regler. Er verf\u00fcgt \u00fcber einen Pt100-, Thermoelement- oder 0\\\/4-20-mA-Analogeing\u00e4ng und zwei Relais + ein 4-20 mA Ausg\u00e4nge\",\"breadcrumb\":{\"@id\":\"https:\\\/\\\/sysmatec.ch\\\/de\\\/Produkt\\\/temperatur-regler-tc7878-2r-a\\\/#breadcrumb\"},\"inLanguage\":\"de\",\"potentialAction\":[{\"@type\":\"ReadAction\",\"target\":[\"https:\\\/\\\/sysmatec.ch\\\/de\\\/Produkt\\\/temperatur-regler-tc7878-2r-a\\\/\"]}]},{\"@type\":\"ImageObject\",\"inLanguage\":\"de\",\"@id\":\"https:\\\/\\\/sysmatec.ch\\\/de\\\/Produkt\\\/temperatur-regler-tc7878-2r-a\\\/#primaryimage\",\"url\":\"https:\\\/\\\/sysmatec.ch\\\/wp-content\\\/uploads\\\/2023\\\/01\\\/PIDController_SynchroTC7878-2R-A-1.jpg\",\"contentUrl\":\"https:\\\/\\\/sysmatec.ch\\\/wp-content\\\/uploads\\\/2023\\\/01\\\/PIDController_SynchroTC7878-2R-A-1.jpg\",\"width\":514,\"height\":470},{\"@type\":\"BreadcrumbList\",\"@id\":\"https:\\\/\\\/sysmatec.ch\\\/de\\\/Produkt\\\/temperatur-regler-tc7878-2r-a\\\/#breadcrumb\",\"itemListElement\":[{\"@type\":\"ListItem\",\"position\":1,\"name\":\"Accueil\",\"item\":\"https:\\\/\\\/sysmatec.ch\\\/de\\\/\"},{\"@type\":\"ListItem\",\"position\":2,\"name\":\"Die Aktivit\u00e4t von Sysmatec\",\"item\":\"https:\\\/\\\/sysmatec.ch\\\/de\\\/\"},{\"@type\":\"ListItem\",\"position\":3,\"name\":\"Temperatur Regler TC7878-2R-A\"}]},{\"@type\":\"WebSite\",\"@id\":\"https:\\\/\\\/sysmatec.ch\\\/de\\\/#website\",\"url\":\"https:\\\/\\\/sysmatec.ch\\\/de\\\/\",\"name\":\"Sysmatec\",\"description\":\"Equipement de laboratoire et logiciels\",\"publisher\":{\"@id\":\"https:\\\/\\\/sysmatec.ch\\\/de\\\/#organization\"},\"potentialAction\":[{\"@type\":\"SearchAction\",\"target\":{\"@type\":\"EntryPoint\",\"urlTemplate\":\"https:\\\/\\\/sysmatec.ch\\\/de\\\/?s={search_term_string}\"},\"query-input\":{\"@type\":\"PropertyValueSpecification\",\"valueRequired\":true,\"valueName\":\"search_term_string\"}}],\"inLanguage\":\"de\"},{\"@type\":\"Organization\",\"@id\":\"https:\\\/\\\/sysmatec.ch\\\/de\\\/#organization\",\"name\":\"Sysmatec\",\"url\":\"https:\\\/\\\/sysmatec.ch\\\/de\\\/\",\"logo\":{\"@type\":\"ImageObject\",\"inLanguage\":\"de\",\"@id\":\"https:\\\/\\\/sysmatec.ch\\\/de\\\/#\\\/schema\\\/logo\\\/image\\\/\",\"url\":\"https:\\\/\\\/sysmatec.ch\\\/wp-content\\\/uploads\\\/2018\\\/11\\\/LogoSysmatec.jpg\",\"contentUrl\":\"https:\\\/\\\/sysmatec.ch\\\/wp-content\\\/uploads\\\/2018\\\/11\\\/LogoSysmatec.jpg\",\"width\":301,\"height\":297,\"caption\":\"Sysmatec\"},\"image\":{\"@id\":\"https:\\\/\\\/sysmatec.ch\\\/de\\\/#\\\/schema\\\/logo\\\/image\\\/\"}}]}<\/script>\n<!-- \/ Yoast SEO plugin. -->","yoast_head_json":{"title":"Temperatur Regler TC7878-2R-A - Sysmatec","description":"PID-Regler. Er verf\u00fcgt \u00fcber einen Pt100-, Thermoelement- oder 0\/4-20-mA-Analogeing\u00e4ng und zwei Relais + ein 4-20 mA Ausg\u00e4nge","robots":{"index":"index","follow":"follow","max-snippet":"max-snippet:-1","max-image-preview":"max-image-preview:large","max-video-preview":"max-video-preview:-1"},"canonical":"https:\/\/sysmatec.ch\/de\/Produkt\/temperatur-regler-tc7878-2r-a\/","og_locale":"de_DE","og_type":"article","og_title":"Temperatur Regler TC7878-2R-A - Sysmatec","og_description":"PID-Regler. Er verf\u00fcgt \u00fcber einen Pt100-, Thermoelement- oder 0\/4-20-mA-Analogeing\u00e4ng und zwei Relais + ein 4-20 mA Ausg\u00e4nge","og_url":"https:\/\/sysmatec.ch\/de\/Produkt\/temperatur-regler-tc7878-2r-a\/","og_site_name":"Sysmatec","article_modified_time":"2023-01-31T17:09:33+00:00","og_image":[{"width":514,"height":470,"url":"https:\/\/sysmatec.ch\/wp-content\/uploads\/2023\/01\/PIDController_SynchroTC7878-2R-A-1.jpg","type":"image\/jpeg"}],"twitter_card":"summary_large_image","twitter_misc":{"Gesch\u00e4tzte Lesezeit":"1\u00a0Minute"},"schema":{"@context":"https:\/\/schema.org","@graph":[{"@type":"WebPage","@id":"https:\/\/sysmatec.ch\/de\/Produkt\/temperatur-regler-tc7878-2r-a\/","url":"https:\/\/sysmatec.ch\/de\/Produkt\/temperatur-regler-tc7878-2r-a\/","name":"Temperatur Regler TC7878-2R-A - Sysmatec","isPartOf":{"@id":"https:\/\/sysmatec.ch\/de\/#website"},"primaryImageOfPage":{"@id":"https:\/\/sysmatec.ch\/de\/Produkt\/temperatur-regler-tc7878-2r-a\/#primaryimage"},"image":{"@id":"https:\/\/sysmatec.ch\/de\/Produkt\/temperatur-regler-tc7878-2r-a\/#primaryimage"},"thumbnailUrl":"https:\/\/sysmatec.ch\/wp-content\/uploads\/2023\/01\/PIDController_SynchroTC7878-2R-A-1.jpg","datePublished":"2023-01-31T16:32:59+00:00","dateModified":"2023-01-31T17:09:33+00:00","description":"PID-Regler. Er verf\u00fcgt \u00fcber einen Pt100-, Thermoelement- oder 0\/4-20-mA-Analogeing\u00e4ng und zwei Relais + ein 4-20 mA Ausg\u00e4nge","breadcrumb":{"@id":"https:\/\/sysmatec.ch\/de\/Produkt\/temperatur-regler-tc7878-2r-a\/#breadcrumb"},"inLanguage":"de","potentialAction":[{"@type":"ReadAction","target":["https:\/\/sysmatec.ch\/de\/Produkt\/temperatur-regler-tc7878-2r-a\/"]}]},{"@type":"ImageObject","inLanguage":"de","@id":"https:\/\/sysmatec.ch\/de\/Produkt\/temperatur-regler-tc7878-2r-a\/#primaryimage","url":"https:\/\/sysmatec.ch\/wp-content\/uploads\/2023\/01\/PIDController_SynchroTC7878-2R-A-1.jpg","contentUrl":"https:\/\/sysmatec.ch\/wp-content\/uploads\/2023\/01\/PIDController_SynchroTC7878-2R-A-1.jpg","width":514,"height":470},{"@type":"BreadcrumbList","@id":"https:\/\/sysmatec.ch\/de\/Produkt\/temperatur-regler-tc7878-2r-a\/#breadcrumb","itemListElement":[{"@type":"ListItem","position":1,"name":"Accueil","item":"https:\/\/sysmatec.ch\/de\/"},{"@type":"ListItem","position":2,"name":"Die Aktivit\u00e4t von Sysmatec","item":"https:\/\/sysmatec.ch\/de\/"},{"@type":"ListItem","position":3,"name":"Temperatur Regler TC7878-2R-A"}]},{"@type":"WebSite","@id":"https:\/\/sysmatec.ch\/de\/#website","url":"https:\/\/sysmatec.ch\/de\/","name":"Sysmatec","description":"Equipement de laboratoire et logiciels","publisher":{"@id":"https:\/\/sysmatec.ch\/de\/#organization"},"potentialAction":[{"@type":"SearchAction","target":{"@type":"EntryPoint","urlTemplate":"https:\/\/sysmatec.ch\/de\/?s={search_term_string}"},"query-input":{"@type":"PropertyValueSpecification","valueRequired":true,"valueName":"search_term_string"}}],"inLanguage":"de"},{"@type":"Organization","@id":"https:\/\/sysmatec.ch\/de\/#organization","name":"Sysmatec","url":"https:\/\/sysmatec.ch\/de\/","logo":{"@type":"ImageObject","inLanguage":"de","@id":"https:\/\/sysmatec.ch\/de\/#\/schema\/logo\/image\/","url":"https:\/\/sysmatec.ch\/wp-content\/uploads\/2018\/11\/LogoSysmatec.jpg","contentUrl":"https:\/\/sysmatec.ch\/wp-content\/uploads\/2018\/11\/LogoSysmatec.jpg","width":301,"height":297,"caption":"Sysmatec"},"image":{"@id":"https:\/\/sysmatec.ch\/de\/#\/schema\/logo\/image\/"}}]}},"_links":{"self":[{"href":"https:\/\/sysmatec.ch\/de\/wp-json\/wp\/v2\/product\/28214","targetHints":{"allow":["GET"]}}],"collection":[{"href":"https:\/\/sysmatec.ch\/de\/wp-json\/wp\/v2\/product"}],"about":[{"href":"https:\/\/sysmatec.ch\/de\/wp-json\/wp\/v2\/types\/product"}],"wp:featuredmedia":[{"embeddable":true,"href":"https:\/\/sysmatec.ch\/de\/wp-json\/wp\/v2\/media\/28221"}],"wp:attachment":[{"href":"https:\/\/sysmatec.ch\/de\/wp-json\/wp\/v2\/media?parent=28214"}],"wp:term":[{"taxonomy":"product_brand","embeddable":true,"href":"https:\/\/sysmatec.ch\/de\/wp-json\/wp\/v2\/product_brand?post=28214"},{"taxonomy":"product_cat","embeddable":true,"href":"https:\/\/sysmatec.ch\/de\/wp-json\/wp\/v2\/product_cat?post=28214"},{"taxonomy":"product_tag","embeddable":true,"href":"https:\/\/sysmatec.ch\/de\/wp-json\/wp\/v2\/product_tag?post=28214"}],"curies":[{"name":"wp","href":"https:\/\/api.w.org\/{rel}","templated":true}]}}