{"id":2820,"date":"2019-02-12T09:26:47","date_gmt":"2019-02-12T08:26:47","guid":{"rendered":"https:\/\/sysmatec.ch\/produit\/systeme-de-comptage-kern-ccp\/"},"modified":"2022-03-01T16:29:44","modified_gmt":"2022-03-01T15:29:44","slug":"kern-ccp-zaehlsystem","status":"publish","type":"product","link":"https:\/\/sysmatec.ch\/de\/Produkt\/kern-ccp-zaehlsystem\/","title":{"rendered":"KERN CCP Z\u00e4hlsystem"},"content":{"rendered":"<ul>\n<li>Premium Z\u00e4hlsystem mit Eichzulassung [M], f\u00fcr hochlastige Z\u00e4hlanwendungen mit h\u00f6chster Genauigkeit<\/li>\n<li>Mit diesem hochgenauen Z\u00e4hlsystem KERN CCP kann eine gro\u00dfe Bandbreite von Einzelz\u00e4hlwaagen kosteng\u00fcnstig und effizient ersetzt werden<\/li>\n<li>Hohe Konnektivit\u00e4t Dank einer Vielzahl an integrierten Schnittstellen<\/li>\n<li>Alibi-Speicher: Elektronische Archivierung von W\u00e4geergebnissen<\/li>\n<li>Datenschnittstelle USB zum \u00dcbertragen von W\u00e4gedaten an PC, Drucker, USB Sticks etc.<\/li>\n<li>Komfortable Chargenverwaltung<\/li>\n<li>Individuelle Druckbildformatierung<\/li>\n<li>Referenzwaage KERN ILT:\n<ul>\n<li>Das Z\u00e4hlsystem wird bequem \u00fcber die Touchscreen-Referenzwaage KERN ILT bedient und bietet den kompletten Funktionsumfang f\u00fcr anspruchsvolle Z\u00e4hlanwendungen<\/li>\n<li>Diese auch einzeln einsetzbare Touchscreen-Plattformwaage KERN erf\u00fcllt durch den Anschluss einer hochlastigen W\u00e4gebr\u00fccke auch h\u00f6chste Anspr\u00fcche an Genauigkeit, W\u00e4gebereich und St\u00fcckgut-Volumina (bis zu 6 Mio. St\u00fcck)<\/li>\n<li>Intuitive Bedienung \u00fcber Touch-Display, steigert die Effizienz und spart Kosten<\/li>\n<li>Anlegen und Aufrufen von Z\u00e4hlartikeln in der Datenbank (8 GB) mit allen relevanten Zusatzdaten wie St\u00fcckgewicht, Name, Preis, Referenzst\u00fcckzahl, Tarabeh\u00e4ltergewicht, Barcode, Artikelbild etc.<\/li>\n<li>Fill-to-target-Funktion: Zielst\u00fcckzahl bzw. Zielgewicht programmierbar. Das Erreichen des Zielwertes wird durch ein akustisches und optisches Signal angezeigt<\/li>\n<li>Genaues Z\u00e4hlen: Die automatische Referenzoptimierung verbessert stufenweise den Durchschnittswert des Teilegewichts<\/li>\n<\/ul>\n<\/li>\n<li>Mengenwaage KERN KXP:<\/li>\n<\/ul>\n<ul>\n<li>\n<ul>\n<li>Die Mengenst\u00fcckz\u00e4hlung findet mit hoher Pr\u00e4zision auf der W\u00e4geplattform\/W\u00e4gebr\u00fccke KERN KXP statt<\/li>\n<li>Edelstahl-W\u00e4geplatte, Unterbau Stahl lackiert, extrem biegesteif, Tragfl\u00e4chen-Design, Aluminium-Single-Point-W\u00e4gezelle, 3000 e, Staub- und Spritzwasserschutz IP65<\/li>\n<li>oder KFP: W\u00e4gebr\u00fccke Stahl, lackiert, extrem biegesteif durch hohe Materialst\u00e4rke, 4 W\u00e4gezellen, Stahl, 3000 e, Staub- und Spritzwasserschutz IP67<\/li>\n<\/ul>\n<\/li>\n<\/ul>\n<table border=\"1\" width=\"686\" cellspacing=\"0\" cellpadding=\"2\">\n<tbody>\n<tr>\n<td><\/td>\n<td colspan=\"3\">Mengen-Waage<\/td>\n<td colspan=\"3\">Referenz-Waage<\/td>\n<\/tr>\n<tr>\n<td>Modell<\/td>\n<td width=\"10%\">Ablesbarkeit<\/td>\n<td width=\"10%\">W\u00e4gebereich<\/td>\n<td width=\"10%\">W\u00e4geplatte<\/td>\n<td width=\"10%\">Ablesbarkeit<\/td>\n<td width=\"10%\">W\u00e4gebereich<\/td>\n<td width=\"10%\">W\u00e4geplatte<\/td>\n<\/tr>\n<tr>\n<td><\/td>\n<td width=\"10%\">g<\/td>\n<td width=\"10%\">kg<\/td>\n<td width=\"10%\">mm<\/td>\n<td width=\"10%\">g<\/td>\n<td width=\"10%\">g<\/td>\n<td width=\"10%\">mm<\/td>\n<\/tr>\n<tr>\n<td>CCP 10K-4<\/td>\n<td width=\"10%\">0.5<\/td>\n<td width=\"10%\">15<\/td>\n<td width=\"10%\">300&#215;240<\/td>\n<td width=\"10%\">0.1<\/td>\n<td width=\"10%\">6<\/td>\n<td width=\"10%\">195&#215;195<\/td>\n<\/tr>\n<tr>\n<td>CCP 30K-4<\/td>\n<td width=\"10%\">1<\/td>\n<td width=\"10%\">30<\/td>\n<td width=\"10%\">400&#215;300<\/td>\n<td width=\"10%\">0.1<\/td>\n<td width=\"10%\">6<\/td>\n<td width=\"10%\">195&#215;195<\/td>\n<\/tr>\n<tr>\n<td>CCP 60K-4<\/td>\n<td width=\"10%\">2<\/td>\n<td width=\"10%\">60<\/td>\n<td width=\"10%\">400&#215;300<\/td>\n<td width=\"10%\">0.1<\/td>\n<td width=\"10%\">6<\/td>\n<td width=\"10%\">195&#215;195<\/td>\n<\/tr>\n<tr>\n<td>CCP 60K-4L<\/td>\n<td width=\"10%\">2<\/td>\n<td width=\"10%\">60<\/td>\n<td width=\"10%\">500&#215;400<\/td>\n<td width=\"10%\">0.1<\/td>\n<td width=\"10%\">6<\/td>\n<td width=\"10%\">195&#215;195<\/td>\n<\/tr>\n<tr>\n<td>CCP 100K-3<\/td>\n<td width=\"10%\">5<\/td>\n<td width=\"10%\">150<\/td>\n<td width=\"10%\">500&#215;400<\/td>\n<td width=\"10%\">2\/5<\/td>\n<td width=\"10%\">5\/15<\/td>\n<td width=\"10%\">300&#215;240<\/td>\n<\/tr>\n<tr>\n<td>CCP 300K-4<\/td>\n<td width=\"10%\">10<\/td>\n<td width=\"10%\">300<\/td>\n<td width=\"10%\">650&#215;500<\/td>\n<td width=\"10%\">0.1<\/td>\n<td width=\"10%\">6<\/td>\n<td width=\"10%\">195&#215;195<\/td>\n<\/tr>\n<tr>\n<td>CCP 600K-3<\/td>\n<td width=\"10%\">200<\/td>\n<td width=\"10%\">600<\/td>\n<td width=\"10%\">1500&#215;1250<\/td>\n<td width=\"10%\">1\/2<\/td>\n<td width=\"10%\">3\/6<\/td>\n<td width=\"10%\">230&#215;230<\/td>\n<\/tr>\n<tr>\n<td>CCP 600K-4<\/td>\n<td width=\"10%\">200<\/td>\n<td width=\"10%\">600<\/td>\n<td width=\"10%\">1500&#215;1250<\/td>\n<td width=\"10%\">0.1<\/td>\n<td width=\"10%\">6<\/td>\n<td width=\"10%\">195&#215;195<\/td>\n<\/tr>\n<tr>\n<td>CCP 3T-7<\/td>\n<td width=\"10%\">1000<\/td>\n<td width=\"10%\">3000<\/td>\n<td width=\"10%\">1500&#215;1250<\/td>\n<td width=\"10%\">0.1<\/td>\n<td width=\"10%\">6<\/td>\n<td width=\"10%\">195&#215;195<\/td>\n<\/tr>\n<tr>\n<td>CCP 3T-7L<\/td>\n<td width=\"10%\">1000<\/td>\n<td width=\"10%\">3000<\/td>\n<td width=\"10%\">1500&#215;1500<\/td>\n<td width=\"10%\">0.1<\/td>\n<td width=\"10%\">6<\/td>\n<td width=\"10%\">195&#215;195<\/td>\n<\/tr>\n<\/tbody>\n<\/table>\n","protected":false},"excerpt":{"rendered":"<p>Z\u00e4hlsystem mit zwei Waagen.<\/p>\n","protected":false},"featured_media":2818,"template":"","meta":{"_crdt_document":""},"product_brand":[],"product_cat":[165,344],"product_tag":[],"class_list":{"0":"post-2820","1":"product","2":"type-product","3":"status-publish","4":"has-post-thumbnail","6":"product_cat-gewicht","7":"product_cat-zahlen","9":"first","10":"instock","11":"taxable","12":"shipping-taxable","13":"product-type-simple"},"yoast_head":"<!-- This site is optimized with the Yoast SEO plugin v27.3 - https:\/\/yoast.com\/product\/yoast-seo-wordpress\/ -->\n<title>KERN CCP Z\u00e4hlsystem - Sysmatec<\/title>\n<meta name=\"description\" content=\"Eichf\u00e4higes Z\u00e4hlsystem bestehend aus zwei miteinander verbundenen Waagen, eine f\u00fcr Referenzgewichte und die andere f\u00fcr Z\u00e4hlen.\" \/>\n<meta name=\"robots\" content=\"index, follow, max-snippet:-1, max-image-preview:large, max-video-preview:-1\" \/>\n<link rel=\"canonical\" href=\"https:\/\/sysmatec.ch\/de\/produit\/kern-ccp-zaehlsystem\/\" \/>\n<meta property=\"og:locale\" content=\"de_DE\" \/>\n<meta property=\"og:type\" content=\"article\" \/>\n<meta property=\"og:title\" content=\"KERN CCP Z\u00e4hlsystem - Sysmatec\" \/>\n<meta property=\"og:description\" content=\"Eichf\u00e4higes Z\u00e4hlsystem bestehend aus zwei miteinander verbundenen Waagen, eine f\u00fcr Referenzgewichte und die andere f\u00fcr Z\u00e4hlen.\" \/>\n<meta property=\"og:url\" content=\"https:\/\/sysmatec.ch\/de\/produit\/kern-ccp-zaehlsystem\/\" \/>\n<meta property=\"og:site_name\" content=\"Sysmatec\" \/>\n<meta property=\"article:modified_time\" content=\"2022-03-01T15:29:44+00:00\" \/>\n<meta property=\"og:image\" content=\"https:\/\/sysmatec.ch\/wp-content\/uploads\/2019\/02\/Balance_KernCCP.jpg\" \/>\n\t<meta property=\"og:image:width\" content=\"185\" \/>\n\t<meta property=\"og:image:height\" content=\"82\" \/>\n\t<meta property=\"og:image:type\" content=\"image\/jpeg\" \/>\n<meta name=\"twitter:card\" content=\"summary_large_image\" \/>\n<meta name=\"twitter:label1\" content=\"Gesch\u00e4tzte Lesezeit\" \/>\n\t<meta name=\"twitter:data1\" content=\"2\u00a0Minuten\" \/>\n<script type=\"application\/ld+json\" class=\"yoast-schema-graph\">{\"@context\":\"https:\\\/\\\/schema.org\",\"@graph\":[{\"@type\":\"WebPage\",\"@id\":\"https:\\\/\\\/sysmatec.ch\\\/de\\\/produit\\\/kern-ccp-zaehlsystem\\\/\",\"url\":\"https:\\\/\\\/sysmatec.ch\\\/de\\\/produit\\\/kern-ccp-zaehlsystem\\\/\",\"name\":\"KERN CCP Z\u00e4hlsystem - Sysmatec\",\"isPartOf\":{\"@id\":\"https:\\\/\\\/sysmatec.ch\\\/de\\\/#website\"},\"primaryImageOfPage\":{\"@id\":\"https:\\\/\\\/sysmatec.ch\\\/de\\\/produit\\\/kern-ccp-zaehlsystem\\\/#primaryimage\"},\"image\":{\"@id\":\"https:\\\/\\\/sysmatec.ch\\\/de\\\/produit\\\/kern-ccp-zaehlsystem\\\/#primaryimage\"},\"thumbnailUrl\":\"https:\\\/\\\/sysmatec.ch\\\/wp-content\\\/uploads\\\/2019\\\/02\\\/Balance_KernCCP.jpg\",\"datePublished\":\"2019-02-12T08:26:47+00:00\",\"dateModified\":\"2022-03-01T15:29:44+00:00\",\"description\":\"Eichf\u00e4higes Z\u00e4hlsystem bestehend aus zwei miteinander verbundenen Waagen, eine f\u00fcr Referenzgewichte und die andere f\u00fcr Z\u00e4hlen.\",\"breadcrumb\":{\"@id\":\"https:\\\/\\\/sysmatec.ch\\\/de\\\/produit\\\/kern-ccp-zaehlsystem\\\/#breadcrumb\"},\"inLanguage\":\"de\",\"potentialAction\":[{\"@type\":\"ReadAction\",\"target\":[\"https:\\\/\\\/sysmatec.ch\\\/de\\\/produit\\\/kern-ccp-zaehlsystem\\\/\"]}]},{\"@type\":\"ImageObject\",\"inLanguage\":\"de\",\"@id\":\"https:\\\/\\\/sysmatec.ch\\\/de\\\/produit\\\/kern-ccp-zaehlsystem\\\/#primaryimage\",\"url\":\"https:\\\/\\\/sysmatec.ch\\\/wp-content\\\/uploads\\\/2019\\\/02\\\/Balance_KernCCP.jpg\",\"contentUrl\":\"https:\\\/\\\/sysmatec.ch\\\/wp-content\\\/uploads\\\/2019\\\/02\\\/Balance_KernCCP.jpg\",\"width\":185,\"height\":82},{\"@type\":\"BreadcrumbList\",\"@id\":\"https:\\\/\\\/sysmatec.ch\\\/de\\\/produit\\\/kern-ccp-zaehlsystem\\\/#breadcrumb\",\"itemListElement\":[{\"@type\":\"ListItem\",\"position\":1,\"name\":\"Accueil\",\"item\":\"https:\\\/\\\/sysmatec.ch\\\/de\\\/\"},{\"@type\":\"ListItem\",\"position\":2,\"name\":\"Die Aktivit\u00e4t von Sysmatec\",\"item\":\"https:\\\/\\\/sysmatec.ch\\\/de\\\/\"},{\"@type\":\"ListItem\",\"position\":3,\"name\":\"KERN CCP Z\u00e4hlsystem\"}]},{\"@type\":\"WebSite\",\"@id\":\"https:\\\/\\\/sysmatec.ch\\\/de\\\/#website\",\"url\":\"https:\\\/\\\/sysmatec.ch\\\/de\\\/\",\"name\":\"Sysmatec\",\"description\":\"Equipement de laboratoire et logiciels\",\"publisher\":{\"@id\":\"https:\\\/\\\/sysmatec.ch\\\/de\\\/#organization\"},\"potentialAction\":[{\"@type\":\"SearchAction\",\"target\":{\"@type\":\"EntryPoint\",\"urlTemplate\":\"https:\\\/\\\/sysmatec.ch\\\/de\\\/?s={search_term_string}\"},\"query-input\":{\"@type\":\"PropertyValueSpecification\",\"valueRequired\":true,\"valueName\":\"search_term_string\"}}],\"inLanguage\":\"de\"},{\"@type\":\"Organization\",\"@id\":\"https:\\\/\\\/sysmatec.ch\\\/de\\\/#organization\",\"name\":\"Sysmatec\",\"url\":\"https:\\\/\\\/sysmatec.ch\\\/de\\\/\",\"logo\":{\"@type\":\"ImageObject\",\"inLanguage\":\"de\",\"@id\":\"https:\\\/\\\/sysmatec.ch\\\/de\\\/#\\\/schema\\\/logo\\\/image\\\/\",\"url\":\"https:\\\/\\\/sysmatec.ch\\\/wp-content\\\/uploads\\\/2018\\\/11\\\/LogoSysmatec.jpg\",\"contentUrl\":\"https:\\\/\\\/sysmatec.ch\\\/wp-content\\\/uploads\\\/2018\\\/11\\\/LogoSysmatec.jpg\",\"width\":301,\"height\":297,\"caption\":\"Sysmatec\"},\"image\":{\"@id\":\"https:\\\/\\\/sysmatec.ch\\\/de\\\/#\\\/schema\\\/logo\\\/image\\\/\"}}]}<\/script>\n<!-- \/ Yoast SEO plugin. -->","yoast_head_json":{"title":"KERN CCP Z\u00e4hlsystem - Sysmatec","description":"Eichf\u00e4higes Z\u00e4hlsystem bestehend aus zwei miteinander verbundenen Waagen, eine f\u00fcr Referenzgewichte und die andere f\u00fcr Z\u00e4hlen.","robots":{"index":"index","follow":"follow","max-snippet":"max-snippet:-1","max-image-preview":"max-image-preview:large","max-video-preview":"max-video-preview:-1"},"canonical":"https:\/\/sysmatec.ch\/de\/produit\/kern-ccp-zaehlsystem\/","og_locale":"de_DE","og_type":"article","og_title":"KERN CCP Z\u00e4hlsystem - Sysmatec","og_description":"Eichf\u00e4higes Z\u00e4hlsystem bestehend aus zwei miteinander verbundenen Waagen, eine f\u00fcr Referenzgewichte und die andere f\u00fcr Z\u00e4hlen.","og_url":"https:\/\/sysmatec.ch\/de\/produit\/kern-ccp-zaehlsystem\/","og_site_name":"Sysmatec","article_modified_time":"2022-03-01T15:29:44+00:00","og_image":[{"width":185,"height":82,"url":"https:\/\/sysmatec.ch\/wp-content\/uploads\/2019\/02\/Balance_KernCCP.jpg","type":"image\/jpeg"}],"twitter_card":"summary_large_image","twitter_misc":{"Gesch\u00e4tzte Lesezeit":"2\u00a0Minuten"},"schema":{"@context":"https:\/\/schema.org","@graph":[{"@type":"WebPage","@id":"https:\/\/sysmatec.ch\/de\/produit\/kern-ccp-zaehlsystem\/","url":"https:\/\/sysmatec.ch\/de\/produit\/kern-ccp-zaehlsystem\/","name":"KERN CCP Z\u00e4hlsystem - Sysmatec","isPartOf":{"@id":"https:\/\/sysmatec.ch\/de\/#website"},"primaryImageOfPage":{"@id":"https:\/\/sysmatec.ch\/de\/produit\/kern-ccp-zaehlsystem\/#primaryimage"},"image":{"@id":"https:\/\/sysmatec.ch\/de\/produit\/kern-ccp-zaehlsystem\/#primaryimage"},"thumbnailUrl":"https:\/\/sysmatec.ch\/wp-content\/uploads\/2019\/02\/Balance_KernCCP.jpg","datePublished":"2019-02-12T08:26:47+00:00","dateModified":"2022-03-01T15:29:44+00:00","description":"Eichf\u00e4higes Z\u00e4hlsystem bestehend aus zwei miteinander verbundenen Waagen, eine f\u00fcr Referenzgewichte und die andere f\u00fcr Z\u00e4hlen.","breadcrumb":{"@id":"https:\/\/sysmatec.ch\/de\/produit\/kern-ccp-zaehlsystem\/#breadcrumb"},"inLanguage":"de","potentialAction":[{"@type":"ReadAction","target":["https:\/\/sysmatec.ch\/de\/produit\/kern-ccp-zaehlsystem\/"]}]},{"@type":"ImageObject","inLanguage":"de","@id":"https:\/\/sysmatec.ch\/de\/produit\/kern-ccp-zaehlsystem\/#primaryimage","url":"https:\/\/sysmatec.ch\/wp-content\/uploads\/2019\/02\/Balance_KernCCP.jpg","contentUrl":"https:\/\/sysmatec.ch\/wp-content\/uploads\/2019\/02\/Balance_KernCCP.jpg","width":185,"height":82},{"@type":"BreadcrumbList","@id":"https:\/\/sysmatec.ch\/de\/produit\/kern-ccp-zaehlsystem\/#breadcrumb","itemListElement":[{"@type":"ListItem","position":1,"name":"Accueil","item":"https:\/\/sysmatec.ch\/de\/"},{"@type":"ListItem","position":2,"name":"Die Aktivit\u00e4t von Sysmatec","item":"https:\/\/sysmatec.ch\/de\/"},{"@type":"ListItem","position":3,"name":"KERN CCP Z\u00e4hlsystem"}]},{"@type":"WebSite","@id":"https:\/\/sysmatec.ch\/de\/#website","url":"https:\/\/sysmatec.ch\/de\/","name":"Sysmatec","description":"Equipement de laboratoire et logiciels","publisher":{"@id":"https:\/\/sysmatec.ch\/de\/#organization"},"potentialAction":[{"@type":"SearchAction","target":{"@type":"EntryPoint","urlTemplate":"https:\/\/sysmatec.ch\/de\/?s={search_term_string}"},"query-input":{"@type":"PropertyValueSpecification","valueRequired":true,"valueName":"search_term_string"}}],"inLanguage":"de"},{"@type":"Organization","@id":"https:\/\/sysmatec.ch\/de\/#organization","name":"Sysmatec","url":"https:\/\/sysmatec.ch\/de\/","logo":{"@type":"ImageObject","inLanguage":"de","@id":"https:\/\/sysmatec.ch\/de\/#\/schema\/logo\/image\/","url":"https:\/\/sysmatec.ch\/wp-content\/uploads\/2018\/11\/LogoSysmatec.jpg","contentUrl":"https:\/\/sysmatec.ch\/wp-content\/uploads\/2018\/11\/LogoSysmatec.jpg","width":301,"height":297,"caption":"Sysmatec"},"image":{"@id":"https:\/\/sysmatec.ch\/de\/#\/schema\/logo\/image\/"}}]}},"_links":{"self":[{"href":"https:\/\/sysmatec.ch\/de\/wp-json\/wp\/v2\/product\/2820","targetHints":{"allow":["GET"]}}],"collection":[{"href":"https:\/\/sysmatec.ch\/de\/wp-json\/wp\/v2\/product"}],"about":[{"href":"https:\/\/sysmatec.ch\/de\/wp-json\/wp\/v2\/types\/product"}],"wp:featuredmedia":[{"embeddable":true,"href":"https:\/\/sysmatec.ch\/de\/wp-json\/wp\/v2\/media\/2818"}],"wp:attachment":[{"href":"https:\/\/sysmatec.ch\/de\/wp-json\/wp\/v2\/media?parent=2820"}],"wp:term":[{"taxonomy":"product_brand","embeddable":true,"href":"https:\/\/sysmatec.ch\/de\/wp-json\/wp\/v2\/product_brand?post=2820"},{"taxonomy":"product_cat","embeddable":true,"href":"https:\/\/sysmatec.ch\/de\/wp-json\/wp\/v2\/product_cat?post=2820"},{"taxonomy":"product_tag","embeddable":true,"href":"https:\/\/sysmatec.ch\/de\/wp-json\/wp\/v2\/product_tag?post=2820"}],"curies":[{"name":"wp","href":"https:\/\/api.w.org\/{rel}","templated":true}]}}