{"id":28145,"date":"2022-10-09T11:45:41","date_gmt":"2022-10-09T09:45:44","guid":{"rendered":"https:\/\/sysmatec.ch\/?post_type=product&#038;p=28145"},"modified":"2022-10-09T12:00:13","modified_gmt":"2022-10-09T10:00:13","slug":"kopfmontierter-temperaturtransmitter-ht-copie","status":"publish","type":"product","link":"https:\/\/sysmatec.ch\/de\/Produkt\/kopfmontierter-temperaturtransmitter-ht-copie\/","title":{"rendered":"Kopfmontierter Temperaturtransmitter HT (Copie)"},"content":{"rendered":"<p><span class=\"JLqJ4b ChMk0b\"><span class=\"Q4iAWc\">Der HT-Temperaturmessumformer ist ein Ger\u00e4t, das f\u00fcr den Einsatz in einer Vielzahl industrieller Prozesse konfiguriert werden kann.<\/span><\/span> <span class=\"JLqJ4b ChMk0b\"><span class=\"Q4iAWc\">Es kann Thermoelemente unterschiedlichen Typs verwenden, wie B, E, J, K, R, S, T, N. Es wandelt das Sensorsignal in einen 4 bis 20 mA-Ausgang um, der proportional zum Messwert ist. Er ist f\u00fcr die Befestigung auf einer DIN-Schiene vorgesehen.<\/span><\/span><\/p>\n<p><span class=\"JLqJ4b ChMk0b\"><span class=\"Q4iAWc\">Der intelligente Temperaturmessumformer verf\u00fcgen \u00fcber eine USB-Kommunikation, \u00fcber die die Transmitterkonfiguration und die Auswahl des Sensorbereichs vorgenommen werden k\u00f6nnen.<\/span><\/span><\/p>\n<table width=\"327\">\n<tbody>\n<tr>\n<td width=\"125\">Eingang<\/td>\n<td width=\"122\">Bereich<\/td>\n<td width=\"80\">Min Bereich<\/td>\n<\/tr>\n<tr>\n<td>Thermocouple J<\/td>\n<td>-100 to 760\u00b0C<\/td>\n<td>100\u00b0C<\/td>\n<\/tr>\n<tr>\n<td>Thermocouple K<\/td>\n<td>-150 to 1370\u00b0C<\/td>\n<td>100\u00b0C<\/td>\n<\/tr>\n<tr>\n<td>Thermocouple N<\/td>\n<td>-270 to 1300\u00b0C<\/td>\n<td>100\u00b0C<\/td>\n<\/tr>\n<tr>\n<td>Thermocouple E<\/td>\n<td>-90 to 720\u00b0C<\/td>\n<td>100\u00b0C<\/td>\n<\/tr>\n<tr>\n<td>Thermocouple T<\/td>\n<td>-160 to 400\u00b0C<\/td>\n<td>100\u00b0C<\/td>\n<\/tr>\n<tr>\n<td>Thermocouple R<\/td>\n<td>0 to 1760\u00b0C<\/td>\n<td>400\u00b0C<\/td>\n<\/tr>\n<tr>\n<td>Thermocouple S<\/td>\n<td>0 to 1760\u00b0C<\/td>\n<td>400\u00b0C<\/td>\n<\/tr>\n<tr>\n<td>Thermocouple B<\/td>\n<td>0 to 1760\u00b0C<\/td>\n<td>400\u00b0C<\/td>\n<\/tr>\n<tr>\n<td>RTD Pt100<\/td>\n<td>-100 to 650\u00b0C<\/td>\n<td>40\u00b0C<\/td>\n<\/tr>\n<\/tbody>\n<\/table>\n<h2>Spezifikationen<\/h2>\n<ul>\n<li><span class=\"JLqJ4b ChMk0b\"><span class=\"Q4iAWc\">Programmierbarer Eingang, 2 Versionen: Thermoelemente B, E, J, K, R, S, T, N oder RTD Pt100<\/span><\/span><\/li>\n<li><span class=\"JLqJ4b ChMk0b\"><span class=\"Q4iAWc\">F\u00fcr Hutschienenmontage<\/span><\/span><\/li>\n<li><span class=\"JLqJ4b ChMk0b\"><span class=\"Q4iAWc\">Die DRTi-Version bietet eine hohe Isolation von 2 KVAC zwischen Eingang und Ausgang.<\/span><\/span><\/li>\n<li><span class=\"JLqJ4b ChMk0b\"><span class=\"Q4iAWc\">Vom Benutzer programmierbarer Arbeitsbereich<\/span><\/span> <span class=\"JLqJ4b ChMk0b\"><span class=\"Q4iAWc\">2-adriger schleifengespeister 4-20-mA-Ausgang, konfigurierbar \u00fcber USB-Anschluss<\/span><\/span><\/li>\n<li><span class=\"JLqJ4b ChMk0b\"><span class=\"Q4iAWc\">2-, 3- oder 4-Leiter-RTD und Thermoelemente mit linearem Ausgang<\/span><\/span> <span class=\"JLqJ4b ChMk0b\"><span class=\"Q4iAWc\">Vergleichsstellenkompensation f\u00fcr Thermoelemente<\/span><\/span><\/li>\n<li><span class=\"JLqJ4b ChMk0b\"><span class=\"Q4iAWc\">Konfiguration auf einem PC mit HTConfig-Schnittstelle \u00fcber USB-Schnittstelle<\/span><\/span><\/li>\n<li><span class=\"JLqJ4b ChMk0b\"><span class=\"Q4iAWc\">Stromversorgung: 12 bis 25 V Gleichstrom<\/span><\/span><\/li>\n<li><span class=\"JLqJ4b ChMk0b\"><span class=\"Q4iAWc\">Genauigkeit: Pt100 \u00b10,2 % vom Skalaendwert, Thermoelement \u00b10,3 % vom Skalaendwert<\/span><\/span><\/li>\n<li><span class=\"JLqJ4b ChMk0b\"><span class=\"Q4iAWc\">Arbeitstemperatur: 0 bis 70 \u00b0C<\/span><\/span><\/li>\n<li><span class=\"JLqJ4b ChMk0b\"><span class=\"Q4iAWc\">Aufl\u00f6sung: 0,25 \u00b5A<\/span><\/span><\/li>\n<li><span class=\"JLqJ4b ChMk0b\"><span class=\"Q4iAWc\">Maximale Last: 200 \u03a9 bei 18 V 500 \u03a9 bei 24 V<\/span><\/span><\/li>\n<\/ul>\n","protected":false},"excerpt":{"rendered":"<p><span class=\"JLqJ4b ChMk0b\"><span class=\"Q4iAWc\">Temperatur-Transmitter f\u00fcr DIN Schiene.<\/span><\/span> <span class=\"JLqJ4b ChMk0b\"><span class=\"Q4iAWc\">Eingang f\u00fcr Thermoelemente B, E, J, K, R, S, T, N oder RTD Pt100.<\/span><\/span> <span class=\"JLqJ4b ChMk0b\"><span class=\"Q4iAWc\">Ausgang 4-20 mA.<\/span><\/span><\/p>\n","protected":false},"featured_media":28154,"template":"","meta":{"_crdt_document":""},"product_brand":[],"product_cat":[378,173],"product_tag":[],"class_list":{"0":"post-28145","1":"product","2":"type-product","3":"status-publish","4":"has-post-thumbnail","6":"product_cat-sensor-de","7":"product_cat-temperatur","9":"first","10":"instock","11":"taxable","12":"shipping-taxable","13":"product-type-simple"},"yoast_head":"<!-- This site is optimized with the Yoast SEO plugin v27.3 - https:\/\/yoast.com\/product\/yoast-seo-wordpress\/ -->\n<title>Kopfmontierter Temperaturtransmitter HT (Copie) - Sysmatec<\/title>\n<meta name=\"description\" content=\"Temperatur-Transmitter f\u00fcr DIN Schiene. Eingang f\u00fcr Thermoelemente B, E, J, K, R, S, T, N oder RTD Pt100. Ausgang 4-20 mA mit konfigurierbarem Bereich.\" \/>\n<meta name=\"robots\" content=\"index, follow, max-snippet:-1, max-image-preview:large, max-video-preview:-1\" \/>\n<link rel=\"canonical\" href=\"https:\/\/sysmatec.ch\/de\/produit\/kopfmontierter-temperaturtransmitter-ht-copie\/\" \/>\n<meta property=\"og:locale\" content=\"de_DE\" \/>\n<meta property=\"og:type\" content=\"article\" \/>\n<meta property=\"og:title\" content=\"Kopfmontierter Temperaturtransmitter HT (Copie) - Sysmatec\" \/>\n<meta property=\"og:description\" content=\"Temperatur-Transmitter f\u00fcr DIN Schiene. Eingang f\u00fcr Thermoelemente B, E, J, K, R, S, T, N oder RTD Pt100. Ausgang 4-20 mA mit konfigurierbarem Bereich.\" \/>\n<meta property=\"og:url\" content=\"https:\/\/sysmatec.ch\/de\/produit\/kopfmontierter-temperaturtransmitter-ht-copie\/\" \/>\n<meta property=\"og:site_name\" content=\"Sysmatec\" \/>\n<meta property=\"article:modified_time\" content=\"2022-10-09T10:00:13+00:00\" \/>\n<meta property=\"og:image\" content=\"https:\/\/sysmatec.ch\/wp-content\/uploads\/2022\/10\/Transmetteur_TempsensDRT1.jpg\" \/>\n\t<meta property=\"og:image:width\" content=\"319\" \/>\n\t<meta property=\"og:image:height\" content=\"374\" \/>\n\t<meta property=\"og:image:type\" content=\"image\/jpeg\" \/>\n<meta name=\"twitter:card\" content=\"summary_large_image\" \/>\n<meta name=\"twitter:label1\" content=\"Gesch\u00e4tzte Lesezeit\" \/>\n\t<meta name=\"twitter:data1\" content=\"2\u00a0Minuten\" \/>\n<script type=\"application\/ld+json\" class=\"yoast-schema-graph\">{\"@context\":\"https:\\\/\\\/schema.org\",\"@graph\":[{\"@type\":\"WebPage\",\"@id\":\"https:\\\/\\\/sysmatec.ch\\\/de\\\/produit\\\/kopfmontierter-temperaturtransmitter-ht-copie\\\/\",\"url\":\"https:\\\/\\\/sysmatec.ch\\\/de\\\/produit\\\/kopfmontierter-temperaturtransmitter-ht-copie\\\/\",\"name\":\"Kopfmontierter Temperaturtransmitter HT (Copie) - Sysmatec\",\"isPartOf\":{\"@id\":\"https:\\\/\\\/sysmatec.ch\\\/de\\\/#website\"},\"primaryImageOfPage\":{\"@id\":\"https:\\\/\\\/sysmatec.ch\\\/de\\\/produit\\\/kopfmontierter-temperaturtransmitter-ht-copie\\\/#primaryimage\"},\"image\":{\"@id\":\"https:\\\/\\\/sysmatec.ch\\\/de\\\/produit\\\/kopfmontierter-temperaturtransmitter-ht-copie\\\/#primaryimage\"},\"thumbnailUrl\":\"https:\\\/\\\/sysmatec.ch\\\/wp-content\\\/uploads\\\/2022\\\/10\\\/Transmetteur_TempsensDRT1.jpg\",\"datePublished\":\"2022-10-09T09:45:44+00:00\",\"dateModified\":\"2022-10-09T10:00:13+00:00\",\"description\":\"Temperatur-Transmitter f\u00fcr DIN Schiene. Eingang f\u00fcr Thermoelemente B, E, J, K, R, S, T, N oder RTD Pt100. Ausgang 4-20 mA mit konfigurierbarem Bereich.\",\"breadcrumb\":{\"@id\":\"https:\\\/\\\/sysmatec.ch\\\/de\\\/produit\\\/kopfmontierter-temperaturtransmitter-ht-copie\\\/#breadcrumb\"},\"inLanguage\":\"de\",\"potentialAction\":[{\"@type\":\"ReadAction\",\"target\":[\"https:\\\/\\\/sysmatec.ch\\\/de\\\/produit\\\/kopfmontierter-temperaturtransmitter-ht-copie\\\/\"]}]},{\"@type\":\"ImageObject\",\"inLanguage\":\"de\",\"@id\":\"https:\\\/\\\/sysmatec.ch\\\/de\\\/produit\\\/kopfmontierter-temperaturtransmitter-ht-copie\\\/#primaryimage\",\"url\":\"https:\\\/\\\/sysmatec.ch\\\/wp-content\\\/uploads\\\/2022\\\/10\\\/Transmetteur_TempsensDRT1.jpg\",\"contentUrl\":\"https:\\\/\\\/sysmatec.ch\\\/wp-content\\\/uploads\\\/2022\\\/10\\\/Transmetteur_TempsensDRT1.jpg\",\"width\":319,\"height\":374},{\"@type\":\"BreadcrumbList\",\"@id\":\"https:\\\/\\\/sysmatec.ch\\\/de\\\/produit\\\/kopfmontierter-temperaturtransmitter-ht-copie\\\/#breadcrumb\",\"itemListElement\":[{\"@type\":\"ListItem\",\"position\":1,\"name\":\"Accueil\",\"item\":\"https:\\\/\\\/sysmatec.ch\\\/de\\\/\"},{\"@type\":\"ListItem\",\"position\":2,\"name\":\"Die Aktivit\u00e4t von Sysmatec\",\"item\":\"https:\\\/\\\/sysmatec.ch\\\/de\\\/\"},{\"@type\":\"ListItem\",\"position\":3,\"name\":\"Kopfmontierter Temperaturtransmitter HT (Copie)\"}]},{\"@type\":\"WebSite\",\"@id\":\"https:\\\/\\\/sysmatec.ch\\\/de\\\/#website\",\"url\":\"https:\\\/\\\/sysmatec.ch\\\/de\\\/\",\"name\":\"Sysmatec\",\"description\":\"Equipement de laboratoire et logiciels\",\"publisher\":{\"@id\":\"https:\\\/\\\/sysmatec.ch\\\/de\\\/#organization\"},\"potentialAction\":[{\"@type\":\"SearchAction\",\"target\":{\"@type\":\"EntryPoint\",\"urlTemplate\":\"https:\\\/\\\/sysmatec.ch\\\/de\\\/?s={search_term_string}\"},\"query-input\":{\"@type\":\"PropertyValueSpecification\",\"valueRequired\":true,\"valueName\":\"search_term_string\"}}],\"inLanguage\":\"de\"},{\"@type\":\"Organization\",\"@id\":\"https:\\\/\\\/sysmatec.ch\\\/de\\\/#organization\",\"name\":\"Sysmatec\",\"url\":\"https:\\\/\\\/sysmatec.ch\\\/de\\\/\",\"logo\":{\"@type\":\"ImageObject\",\"inLanguage\":\"de\",\"@id\":\"https:\\\/\\\/sysmatec.ch\\\/de\\\/#\\\/schema\\\/logo\\\/image\\\/\",\"url\":\"https:\\\/\\\/sysmatec.ch\\\/wp-content\\\/uploads\\\/2018\\\/11\\\/LogoSysmatec.jpg\",\"contentUrl\":\"https:\\\/\\\/sysmatec.ch\\\/wp-content\\\/uploads\\\/2018\\\/11\\\/LogoSysmatec.jpg\",\"width\":301,\"height\":297,\"caption\":\"Sysmatec\"},\"image\":{\"@id\":\"https:\\\/\\\/sysmatec.ch\\\/de\\\/#\\\/schema\\\/logo\\\/image\\\/\"}}]}<\/script>\n<!-- \/ Yoast SEO plugin. -->","yoast_head_json":{"title":"Kopfmontierter Temperaturtransmitter HT (Copie) - Sysmatec","description":"Temperatur-Transmitter f\u00fcr DIN Schiene. Eingang f\u00fcr Thermoelemente B, E, J, K, R, S, T, N oder RTD Pt100. Ausgang 4-20 mA mit konfigurierbarem Bereich.","robots":{"index":"index","follow":"follow","max-snippet":"max-snippet:-1","max-image-preview":"max-image-preview:large","max-video-preview":"max-video-preview:-1"},"canonical":"https:\/\/sysmatec.ch\/de\/produit\/kopfmontierter-temperaturtransmitter-ht-copie\/","og_locale":"de_DE","og_type":"article","og_title":"Kopfmontierter Temperaturtransmitter HT (Copie) - Sysmatec","og_description":"Temperatur-Transmitter f\u00fcr DIN Schiene. Eingang f\u00fcr Thermoelemente B, E, J, K, R, S, T, N oder RTD Pt100. Ausgang 4-20 mA mit konfigurierbarem Bereich.","og_url":"https:\/\/sysmatec.ch\/de\/produit\/kopfmontierter-temperaturtransmitter-ht-copie\/","og_site_name":"Sysmatec","article_modified_time":"2022-10-09T10:00:13+00:00","og_image":[{"width":319,"height":374,"url":"https:\/\/sysmatec.ch\/wp-content\/uploads\/2022\/10\/Transmetteur_TempsensDRT1.jpg","type":"image\/jpeg"}],"twitter_card":"summary_large_image","twitter_misc":{"Gesch\u00e4tzte Lesezeit":"2\u00a0Minuten"},"schema":{"@context":"https:\/\/schema.org","@graph":[{"@type":"WebPage","@id":"https:\/\/sysmatec.ch\/de\/produit\/kopfmontierter-temperaturtransmitter-ht-copie\/","url":"https:\/\/sysmatec.ch\/de\/produit\/kopfmontierter-temperaturtransmitter-ht-copie\/","name":"Kopfmontierter Temperaturtransmitter HT (Copie) - Sysmatec","isPartOf":{"@id":"https:\/\/sysmatec.ch\/de\/#website"},"primaryImageOfPage":{"@id":"https:\/\/sysmatec.ch\/de\/produit\/kopfmontierter-temperaturtransmitter-ht-copie\/#primaryimage"},"image":{"@id":"https:\/\/sysmatec.ch\/de\/produit\/kopfmontierter-temperaturtransmitter-ht-copie\/#primaryimage"},"thumbnailUrl":"https:\/\/sysmatec.ch\/wp-content\/uploads\/2022\/10\/Transmetteur_TempsensDRT1.jpg","datePublished":"2022-10-09T09:45:44+00:00","dateModified":"2022-10-09T10:00:13+00:00","description":"Temperatur-Transmitter f\u00fcr DIN Schiene. Eingang f\u00fcr Thermoelemente B, E, J, K, R, S, T, N oder RTD Pt100. Ausgang 4-20 mA mit konfigurierbarem Bereich.","breadcrumb":{"@id":"https:\/\/sysmatec.ch\/de\/produit\/kopfmontierter-temperaturtransmitter-ht-copie\/#breadcrumb"},"inLanguage":"de","potentialAction":[{"@type":"ReadAction","target":["https:\/\/sysmatec.ch\/de\/produit\/kopfmontierter-temperaturtransmitter-ht-copie\/"]}]},{"@type":"ImageObject","inLanguage":"de","@id":"https:\/\/sysmatec.ch\/de\/produit\/kopfmontierter-temperaturtransmitter-ht-copie\/#primaryimage","url":"https:\/\/sysmatec.ch\/wp-content\/uploads\/2022\/10\/Transmetteur_TempsensDRT1.jpg","contentUrl":"https:\/\/sysmatec.ch\/wp-content\/uploads\/2022\/10\/Transmetteur_TempsensDRT1.jpg","width":319,"height":374},{"@type":"BreadcrumbList","@id":"https:\/\/sysmatec.ch\/de\/produit\/kopfmontierter-temperaturtransmitter-ht-copie\/#breadcrumb","itemListElement":[{"@type":"ListItem","position":1,"name":"Accueil","item":"https:\/\/sysmatec.ch\/de\/"},{"@type":"ListItem","position":2,"name":"Die Aktivit\u00e4t von Sysmatec","item":"https:\/\/sysmatec.ch\/de\/"},{"@type":"ListItem","position":3,"name":"Kopfmontierter Temperaturtransmitter HT (Copie)"}]},{"@type":"WebSite","@id":"https:\/\/sysmatec.ch\/de\/#website","url":"https:\/\/sysmatec.ch\/de\/","name":"Sysmatec","description":"Equipement de laboratoire et logiciels","publisher":{"@id":"https:\/\/sysmatec.ch\/de\/#organization"},"potentialAction":[{"@type":"SearchAction","target":{"@type":"EntryPoint","urlTemplate":"https:\/\/sysmatec.ch\/de\/?s={search_term_string}"},"query-input":{"@type":"PropertyValueSpecification","valueRequired":true,"valueName":"search_term_string"}}],"inLanguage":"de"},{"@type":"Organization","@id":"https:\/\/sysmatec.ch\/de\/#organization","name":"Sysmatec","url":"https:\/\/sysmatec.ch\/de\/","logo":{"@type":"ImageObject","inLanguage":"de","@id":"https:\/\/sysmatec.ch\/de\/#\/schema\/logo\/image\/","url":"https:\/\/sysmatec.ch\/wp-content\/uploads\/2018\/11\/LogoSysmatec.jpg","contentUrl":"https:\/\/sysmatec.ch\/wp-content\/uploads\/2018\/11\/LogoSysmatec.jpg","width":301,"height":297,"caption":"Sysmatec"},"image":{"@id":"https:\/\/sysmatec.ch\/de\/#\/schema\/logo\/image\/"}}]}},"_links":{"self":[{"href":"https:\/\/sysmatec.ch\/de\/wp-json\/wp\/v2\/product\/28145","targetHints":{"allow":["GET"]}}],"collection":[{"href":"https:\/\/sysmatec.ch\/de\/wp-json\/wp\/v2\/product"}],"about":[{"href":"https:\/\/sysmatec.ch\/de\/wp-json\/wp\/v2\/types\/product"}],"wp:featuredmedia":[{"embeddable":true,"href":"https:\/\/sysmatec.ch\/de\/wp-json\/wp\/v2\/media\/28154"}],"wp:attachment":[{"href":"https:\/\/sysmatec.ch\/de\/wp-json\/wp\/v2\/media?parent=28145"}],"wp:term":[{"taxonomy":"product_brand","embeddable":true,"href":"https:\/\/sysmatec.ch\/de\/wp-json\/wp\/v2\/product_brand?post=28145"},{"taxonomy":"product_cat","embeddable":true,"href":"https:\/\/sysmatec.ch\/de\/wp-json\/wp\/v2\/product_cat?post=28145"},{"taxonomy":"product_tag","embeddable":true,"href":"https:\/\/sysmatec.ch\/de\/wp-json\/wp\/v2\/product_tag?post=28145"}],"curies":[{"name":"wp","href":"https:\/\/api.w.org\/{rel}","templated":true}]}}