{"id":2812,"date":"2019-02-12T09:17:44","date_gmt":"2019-02-12T08:17:44","guid":{"rendered":"https:\/\/sysmatec.ch\/produit\/systeme-de-comptage-kern-ccs\/"},"modified":"2022-03-01T16:34:20","modified_gmt":"2022-03-01T15:34:20","slug":"zaehlsystem-kern-ccs","status":"publish","type":"product","link":"https:\/\/sysmatec.ch\/de\/Produkt\/zaehlsystem-kern-ccs\/","title":{"rendered":"Z\u00e4hlsystem KERN CCS"},"content":{"rendered":"<ul>\n<li>Z\u00e4hlsystem zum Z\u00e4hlen kleinster Teile in gro\u00dfen Mengen, Z\u00e4hlaufl\u00f6sung bis zu 999.999 Punkte<\/li>\n<\/ul>\n<p>Referenzwaage KERN CFS:<\/p>\n<ul>\n<li style=\"list-style-type: none;\">\n<ul>\n<li>Diese auch einzeln einsetzbare Profi-Z\u00e4hlwaage KERN CFS erf\u00fcllt durch den Anschluss einer hochlastigen W\u00e4gebr\u00fccke auch h\u00f6chste Anspr\u00fcche an Genauigkeit, W\u00e4gebereich und St\u00fcckgut-Volumina<\/li>\n<li>\u00dcber Tastenblock programmierbar: gew\u00fcnschte Referenzst\u00fcckzahl, bekanntes Referenzgewicht<\/li>\n<li>Speicher (PLU) f\u00fcr 100 Artikel mit Zusatztext<\/li>\n<li>Fill-to-target-Funktion: Zielgewicht programmierbar. Das Erreichen des Zielwertes wird durch ein akustisches und optisches Signal angezeigt.<\/li>\n<li>Genaues Z\u00e4hlen: Die automatische Referenzoptimierung verbessert stufenweise den Durchschnittswert des Teilegewichts<\/li>\n<\/ul>\n<\/li>\n<\/ul>\n<p>Mengenwaage KERN KFP:<\/p>\n<ul>\n<li>Die Mengenst\u00fcckz\u00e4hlung findet mit hoher Pr\u00e4zision auf der W\u00e4geplattform (= W\u00e4gebr\u00fccke) KERN KFP statt<\/li>\n<li>Edelstahl-Plattform, Unterbau Stahl lackiert<\/li>\n<li>Aluminium-Single-Point-W\u00e4gezelle (1 x 3000 e), IP65-Schutz<\/li>\n<li style=\"list-style-type: none;\"><\/li>\n<\/ul>\n<table border=\"1\" width=\"686\" cellspacing=\"0\" cellpadding=\"2\">\n<tbody>\n<tr>\n<td><\/td>\n<td colspan=\"3\">Mengen-Waage<\/td>\n<td colspan=\"3\">Referenz-Waage<\/td>\n<\/tr>\n<tr>\n<td>Modell<\/td>\n<td width=\"10%\">Ablesbarkeit<\/td>\n<td width=\"10%\">W\u00e4gebereich<\/td>\n<td width=\"10%\">W\u00e4geplatte<\/td>\n<td width=\"10%\">Ablesbarkeit<\/td>\n<td width=\"10%\">W\u00e4gebereich<\/td>\n<td width=\"10%\">W\u00e4geplatte<\/td>\n<\/tr>\n<tr>\n<td><\/td>\n<td width=\"10%\">g<\/td>\n<td width=\"10%\">kg<\/td>\n<td width=\"10%\">mm<\/td>\n<td width=\"10%\">g<\/td>\n<td width=\"10%\">g<\/td>\n<td width=\"10%\">mm<\/td>\n<\/tr>\n<tr>\n<td>CCS 6K-6<\/td>\n<td width=\"10%\">2<\/td>\n<td width=\"10%\">6<\/td>\n<td width=\"10%\">230&#215;230<\/td>\n<td width=\"10%\">0.001<\/td>\n<td width=\"10%\">0.3<\/td>\n<td width=\"10%\">Durch. 80<\/td>\n<\/tr>\n<tr>\n<td>CCS 10K-6<\/td>\n<td width=\"10%\">0,5<\/td>\n<td width=\"10%\">15<\/td>\n<td width=\"10%\">300&#215;240<\/td>\n<td width=\"10%\">0.001<\/td>\n<td width=\"10%\">0.3<\/td>\n<td width=\"10%\">Durch. 80<\/td>\n<\/tr>\n<tr>\n<td>CCS 30K0.01<\/td>\n<td width=\"10%\">1<\/td>\n<td width=\"10%\">30<\/td>\n<td width=\"10%\">400&#215;300<\/td>\n<td width=\"10%\">0.01<\/td>\n<td width=\"10%\">3<\/td>\n<td width=\"10%\">300&#215;225<\/td>\n<\/tr>\n<tr>\n<td>CCS 30K0.1<\/td>\n<td width=\"10%\">1<\/td>\n<td width=\"10%\">30<\/td>\n<td width=\"10%\">400&#215;300<\/td>\n<td width=\"10%\">0.1<\/td>\n<td width=\"10%\">6<\/td>\n<td width=\"10%\">300&#215;225<\/td>\n<\/tr>\n<tr>\n<td>CCS 60K0.01<\/td>\n<td width=\"10%\">0,2<\/td>\n<td width=\"10%\">60<\/td>\n<td width=\"10%\">400&#215;300<\/td>\n<td width=\"10%\">0.01<\/td>\n<td width=\"10%\">3<\/td>\n<td width=\"10%\">300&#215;225<\/td>\n<\/tr>\n<tr>\n<td>CCS 60K0.01L<\/td>\n<td width=\"10%\">0,2<\/td>\n<td width=\"10%\">60<\/td>\n<td width=\"10%\">500&#215;400<\/td>\n<td width=\"10%\">0.01<\/td>\n<td width=\"10%\">3<\/td>\n<td width=\"10%\">300&#215;225<\/td>\n<\/tr>\n<tr>\n<td>CCS 60K0.1<\/td>\n<td width=\"10%\">0,2<\/td>\n<td width=\"10%\">60<\/td>\n<td width=\"10%\">400&#215;300<\/td>\n<td width=\"10%\">0.1<\/td>\n<td width=\"10%\">6<\/td>\n<td width=\"10%\">300&#215;225<\/td>\n<\/tr>\n<tr>\n<td>CCS 60K0.1L<\/td>\n<td width=\"10%\">0,2<\/td>\n<td width=\"10%\">60<\/td>\n<td width=\"10%\">500&#215;400<\/td>\n<td width=\"10%\">0.1<\/td>\n<td width=\"10%\">6<\/td>\n<td width=\"10%\">300&#215;225<\/td>\n<\/tr>\n<tr>\n<td>CCS 150K0.01<\/td>\n<td width=\"10%\">5<\/td>\n<td width=\"10%\">150<\/td>\n<td width=\"10%\">500&#215;400<\/td>\n<td width=\"10%\">0.01<\/td>\n<td width=\"10%\">3<\/td>\n<td width=\"10%\">300&#215;225<\/td>\n<\/tr>\n<tr>\n<td>CCS 150K0.01L<\/td>\n<td width=\"10%\">5<\/td>\n<td width=\"10%\">150<\/td>\n<td width=\"10%\">500&#215;650<\/td>\n<td width=\"10%\">0.01<\/td>\n<td width=\"10%\">3<\/td>\n<td width=\"10%\">300&#215;225<\/td>\n<\/tr>\n<tr>\n<td>CCS 150K0.1<\/td>\n<td width=\"10%\">5<\/td>\n<td width=\"10%\">150<\/td>\n<td width=\"10%\">500&#215;400<\/td>\n<td width=\"10%\">0.1<\/td>\n<td width=\"10%\">6<\/td>\n<td width=\"10%\">300&#215;225<\/td>\n<\/tr>\n<tr>\n<td>CCS 150K0.1L<\/td>\n<td width=\"10%\">5<\/td>\n<td width=\"10%\">150<\/td>\n<td width=\"10%\">500&#215;650<\/td>\n<td width=\"10%\">0.1<\/td>\n<td width=\"10%\">6<\/td>\n<td width=\"10%\">300&#215;225<\/td>\n<\/tr>\n<tr>\n<td>CCS 300K0.01<\/td>\n<td width=\"10%\">10<\/td>\n<td width=\"10%\">300<\/td>\n<td width=\"10%\">500&#215;650<\/td>\n<td width=\"10%\">0.1<\/td>\n<td width=\"10%\">6<\/td>\n<td width=\"10%\">300&#215;225<\/td>\n<\/tr>\n<tr>\n<td>CCS 300K0.1<\/td>\n<td width=\"10%\">10<\/td>\n<td width=\"10%\">600<\/td>\n<td width=\"10%\">500&#215;650<\/td>\n<td width=\"10%\">0.01<\/td>\n<td width=\"10%\">3<\/td>\n<td width=\"10%\">300&#215;225<\/td>\n<\/tr>\n<tr>\n<td>CCS 600K-2<\/td>\n<td width=\"10%\">200<\/td>\n<td width=\"10%\">600<\/td>\n<td width=\"10%\">1000&#215;1000<\/td>\n<td width=\"10%\">0.01<\/td>\n<td width=\"10%\">3<\/td>\n<td width=\"10%\">300&#215;225<\/td>\n<\/tr>\n<tr>\n<td>CCS 600K-2L<\/td>\n<td width=\"10%\">200<\/td>\n<td width=\"10%\">600<\/td>\n<td width=\"10%\">1500&#215;1200<\/td>\n<td width=\"10%\">0.01<\/td>\n<td width=\"10%\">3<\/td>\n<td width=\"10%\">300&#215;225<\/td>\n<\/tr>\n<tr>\n<td>CCS 600K-2U<\/td>\n<td width=\"10%\">200<\/td>\n<td width=\"10%\">600<\/td>\n<td width=\"10%\">842&#215;1300<\/td>\n<td width=\"10%\">0.01<\/td>\n<td width=\"10%\">3<\/td>\n<td width=\"10%\">300&#215;225<\/td>\n<\/tr>\n<tr>\n<td>CCS 1T-1<\/td>\n<td width=\"10%\">500<\/td>\n<td width=\"10%\">1500<\/td>\n<td width=\"10%\">1000&#215;1000<\/td>\n<td width=\"10%\">0.1<\/td>\n<td width=\"10%\">6<\/td>\n<td width=\"10%\">300&#215;225<\/td>\n<\/tr>\n<tr>\n<td>CCS 1T-1L<\/td>\n<td width=\"10%\">500<\/td>\n<td width=\"10%\">1500<\/td>\n<td width=\"10%\">1500&#215;1200<\/td>\n<td width=\"10%\">0.1<\/td>\n<td width=\"10%\">6<\/td>\n<td width=\"10%\">300&#215;225<\/td>\n<\/tr>\n<tr>\n<td>CCS 1T-1U<\/td>\n<td width=\"10%\">500<\/td>\n<td width=\"10%\">1500<\/td>\n<td width=\"10%\">842&#215;1300<\/td>\n<td width=\"10%\">0.1<\/td>\n<td width=\"10%\">6<\/td>\n<td width=\"10%\">300&#215;225<\/td>\n<\/tr>\n<tr>\n<td>CCS 3T-1<\/td>\n<td width=\"10%\">1000<\/td>\n<td width=\"10%\">3000<\/td>\n<td width=\"10%\">1500&#215;1200<\/td>\n<td width=\"10%\">0.1<\/td>\n<td width=\"10%\">6<\/td>\n<td width=\"10%\">300&#215;225<\/td>\n<\/tr>\n<tr>\n<td>CCS 3T-1L<\/td>\n<td width=\"10%\">1000<\/td>\n<td width=\"10%\">3000<\/td>\n<td width=\"10%\">1500&#215;1500<\/td>\n<td width=\"10%\">0.1<\/td>\n<td width=\"10%\">6<\/td>\n<td width=\"10%\">300&#215;225<\/td>\n<\/tr>\n<\/tbody>\n<\/table>\n","protected":false},"excerpt":{"rendered":"<p>Z\u00e4hlsystem 0-3 bis 0-3000 kg<\/p>\n","protected":false},"featured_media":23158,"template":"","meta":{"_crdt_document":""},"product_brand":[],"product_cat":[165,344],"product_tag":[],"class_list":{"0":"post-2812","1":"product","2":"type-product","3":"status-publish","4":"has-post-thumbnail","6":"product_cat-gewicht","7":"product_cat-zahlen","9":"first","10":"instock","11":"taxable","12":"shipping-taxable","13":"purchasable","14":"product-type-variable"},"yoast_head":"<!-- This site is optimized with the Yoast SEO plugin v27.3 - https:\/\/yoast.com\/product\/yoast-seo-wordpress\/ -->\n<title>Z\u00e4hlsystem KERN CCS - Sysmatec<\/title>\n<meta name=\"description\" content=\"Z\u00e4hlsystem bestehend aus zwei miteinander verbundenen Waagen, eine f\u00fcr Referenzgewichte und die andere f\u00fcr Z\u00e4hlen.\" \/>\n<meta name=\"robots\" content=\"index, follow, max-snippet:-1, max-image-preview:large, max-video-preview:-1\" \/>\n<link rel=\"canonical\" href=\"https:\/\/sysmatec.ch\/de\/produit\/zaehlsystem-kern-ccs\/\" \/>\n<meta property=\"og:locale\" content=\"de_DE\" \/>\n<meta property=\"og:type\" content=\"article\" \/>\n<meta property=\"og:title\" content=\"Z\u00e4hlsystem KERN CCS - Sysmatec\" \/>\n<meta property=\"og:description\" content=\"Z\u00e4hlsystem bestehend aus zwei miteinander verbundenen Waagen, eine f\u00fcr Referenzgewichte und die andere f\u00fcr Z\u00e4hlen.\" \/>\n<meta property=\"og:url\" content=\"https:\/\/sysmatec.ch\/de\/produit\/zaehlsystem-kern-ccs\/\" \/>\n<meta property=\"og:site_name\" content=\"Sysmatec\" \/>\n<meta property=\"article:modified_time\" content=\"2022-03-01T15:34:20+00:00\" \/>\n<meta property=\"og:image\" content=\"https:\/\/sysmatec.ch\/wp-content\/uploads\/2019\/02\/Balance_CCS-1T-4.jpg\" \/>\n\t<meta property=\"og:image:width\" content=\"1280\" \/>\n\t<meta property=\"og:image:height\" content=\"701\" \/>\n\t<meta property=\"og:image:type\" content=\"image\/jpeg\" \/>\n<meta name=\"twitter:card\" content=\"summary_large_image\" \/>\n<meta name=\"twitter:label1\" content=\"Gesch\u00e4tzte Lesezeit\" \/>\n\t<meta name=\"twitter:data1\" content=\"2\u00a0Minuten\" \/>\n<script type=\"application\/ld+json\" class=\"yoast-schema-graph\">{\"@context\":\"https:\\\/\\\/schema.org\",\"@graph\":[{\"@type\":\"WebPage\",\"@id\":\"https:\\\/\\\/sysmatec.ch\\\/de\\\/produit\\\/zaehlsystem-kern-ccs\\\/\",\"url\":\"https:\\\/\\\/sysmatec.ch\\\/de\\\/produit\\\/zaehlsystem-kern-ccs\\\/\",\"name\":\"Z\u00e4hlsystem KERN CCS - Sysmatec\",\"isPartOf\":{\"@id\":\"https:\\\/\\\/sysmatec.ch\\\/de\\\/#website\"},\"primaryImageOfPage\":{\"@id\":\"https:\\\/\\\/sysmatec.ch\\\/de\\\/produit\\\/zaehlsystem-kern-ccs\\\/#primaryimage\"},\"image\":{\"@id\":\"https:\\\/\\\/sysmatec.ch\\\/de\\\/produit\\\/zaehlsystem-kern-ccs\\\/#primaryimage\"},\"thumbnailUrl\":\"https:\\\/\\\/sysmatec.ch\\\/wp-content\\\/uploads\\\/2019\\\/02\\\/Balance_CCS-1T-4.jpg\",\"datePublished\":\"2019-02-12T08:17:44+00:00\",\"dateModified\":\"2022-03-01T15:34:20+00:00\",\"description\":\"Z\u00e4hlsystem bestehend aus zwei miteinander verbundenen Waagen, eine f\u00fcr Referenzgewichte und die andere f\u00fcr Z\u00e4hlen.\",\"breadcrumb\":{\"@id\":\"https:\\\/\\\/sysmatec.ch\\\/de\\\/produit\\\/zaehlsystem-kern-ccs\\\/#breadcrumb\"},\"inLanguage\":\"de\",\"potentialAction\":[{\"@type\":\"ReadAction\",\"target\":[\"https:\\\/\\\/sysmatec.ch\\\/de\\\/produit\\\/zaehlsystem-kern-ccs\\\/\"]}]},{\"@type\":\"ImageObject\",\"inLanguage\":\"de\",\"@id\":\"https:\\\/\\\/sysmatec.ch\\\/de\\\/produit\\\/zaehlsystem-kern-ccs\\\/#primaryimage\",\"url\":\"https:\\\/\\\/sysmatec.ch\\\/wp-content\\\/uploads\\\/2019\\\/02\\\/Balance_CCS-1T-4.jpg\",\"contentUrl\":\"https:\\\/\\\/sysmatec.ch\\\/wp-content\\\/uploads\\\/2019\\\/02\\\/Balance_CCS-1T-4.jpg\",\"width\":1280,\"height\":701},{\"@type\":\"BreadcrumbList\",\"@id\":\"https:\\\/\\\/sysmatec.ch\\\/de\\\/produit\\\/zaehlsystem-kern-ccs\\\/#breadcrumb\",\"itemListElement\":[{\"@type\":\"ListItem\",\"position\":1,\"name\":\"Accueil\",\"item\":\"https:\\\/\\\/sysmatec.ch\\\/de\\\/\"},{\"@type\":\"ListItem\",\"position\":2,\"name\":\"Die Aktivit\u00e4t von Sysmatec\",\"item\":\"https:\\\/\\\/sysmatec.ch\\\/de\\\/\"},{\"@type\":\"ListItem\",\"position\":3,\"name\":\"Z\u00e4hlsystem KERN CCS\"}]},{\"@type\":\"WebSite\",\"@id\":\"https:\\\/\\\/sysmatec.ch\\\/de\\\/#website\",\"url\":\"https:\\\/\\\/sysmatec.ch\\\/de\\\/\",\"name\":\"Sysmatec\",\"description\":\"Equipement de laboratoire et logiciels\",\"publisher\":{\"@id\":\"https:\\\/\\\/sysmatec.ch\\\/de\\\/#organization\"},\"potentialAction\":[{\"@type\":\"SearchAction\",\"target\":{\"@type\":\"EntryPoint\",\"urlTemplate\":\"https:\\\/\\\/sysmatec.ch\\\/de\\\/?s={search_term_string}\"},\"query-input\":{\"@type\":\"PropertyValueSpecification\",\"valueRequired\":true,\"valueName\":\"search_term_string\"}}],\"inLanguage\":\"de\"},{\"@type\":\"Organization\",\"@id\":\"https:\\\/\\\/sysmatec.ch\\\/de\\\/#organization\",\"name\":\"Sysmatec\",\"url\":\"https:\\\/\\\/sysmatec.ch\\\/de\\\/\",\"logo\":{\"@type\":\"ImageObject\",\"inLanguage\":\"de\",\"@id\":\"https:\\\/\\\/sysmatec.ch\\\/de\\\/#\\\/schema\\\/logo\\\/image\\\/\",\"url\":\"https:\\\/\\\/sysmatec.ch\\\/wp-content\\\/uploads\\\/2018\\\/11\\\/LogoSysmatec.jpg\",\"contentUrl\":\"https:\\\/\\\/sysmatec.ch\\\/wp-content\\\/uploads\\\/2018\\\/11\\\/LogoSysmatec.jpg\",\"width\":301,\"height\":297,\"caption\":\"Sysmatec\"},\"image\":{\"@id\":\"https:\\\/\\\/sysmatec.ch\\\/de\\\/#\\\/schema\\\/logo\\\/image\\\/\"}}]}<\/script>\n<!-- \/ Yoast SEO plugin. -->","yoast_head_json":{"title":"Z\u00e4hlsystem KERN CCS - Sysmatec","description":"Z\u00e4hlsystem bestehend aus zwei miteinander verbundenen Waagen, eine f\u00fcr Referenzgewichte und die andere f\u00fcr Z\u00e4hlen.","robots":{"index":"index","follow":"follow","max-snippet":"max-snippet:-1","max-image-preview":"max-image-preview:large","max-video-preview":"max-video-preview:-1"},"canonical":"https:\/\/sysmatec.ch\/de\/produit\/zaehlsystem-kern-ccs\/","og_locale":"de_DE","og_type":"article","og_title":"Z\u00e4hlsystem KERN CCS - Sysmatec","og_description":"Z\u00e4hlsystem bestehend aus zwei miteinander verbundenen Waagen, eine f\u00fcr Referenzgewichte und die andere f\u00fcr Z\u00e4hlen.","og_url":"https:\/\/sysmatec.ch\/de\/produit\/zaehlsystem-kern-ccs\/","og_site_name":"Sysmatec","article_modified_time":"2022-03-01T15:34:20+00:00","og_image":[{"width":1280,"height":701,"url":"https:\/\/sysmatec.ch\/wp-content\/uploads\/2019\/02\/Balance_CCS-1T-4.jpg","type":"image\/jpeg"}],"twitter_card":"summary_large_image","twitter_misc":{"Gesch\u00e4tzte Lesezeit":"2\u00a0Minuten"},"schema":{"@context":"https:\/\/schema.org","@graph":[{"@type":"WebPage","@id":"https:\/\/sysmatec.ch\/de\/produit\/zaehlsystem-kern-ccs\/","url":"https:\/\/sysmatec.ch\/de\/produit\/zaehlsystem-kern-ccs\/","name":"Z\u00e4hlsystem KERN CCS - Sysmatec","isPartOf":{"@id":"https:\/\/sysmatec.ch\/de\/#website"},"primaryImageOfPage":{"@id":"https:\/\/sysmatec.ch\/de\/produit\/zaehlsystem-kern-ccs\/#primaryimage"},"image":{"@id":"https:\/\/sysmatec.ch\/de\/produit\/zaehlsystem-kern-ccs\/#primaryimage"},"thumbnailUrl":"https:\/\/sysmatec.ch\/wp-content\/uploads\/2019\/02\/Balance_CCS-1T-4.jpg","datePublished":"2019-02-12T08:17:44+00:00","dateModified":"2022-03-01T15:34:20+00:00","description":"Z\u00e4hlsystem bestehend aus zwei miteinander verbundenen Waagen, eine f\u00fcr Referenzgewichte und die andere f\u00fcr Z\u00e4hlen.","breadcrumb":{"@id":"https:\/\/sysmatec.ch\/de\/produit\/zaehlsystem-kern-ccs\/#breadcrumb"},"inLanguage":"de","potentialAction":[{"@type":"ReadAction","target":["https:\/\/sysmatec.ch\/de\/produit\/zaehlsystem-kern-ccs\/"]}]},{"@type":"ImageObject","inLanguage":"de","@id":"https:\/\/sysmatec.ch\/de\/produit\/zaehlsystem-kern-ccs\/#primaryimage","url":"https:\/\/sysmatec.ch\/wp-content\/uploads\/2019\/02\/Balance_CCS-1T-4.jpg","contentUrl":"https:\/\/sysmatec.ch\/wp-content\/uploads\/2019\/02\/Balance_CCS-1T-4.jpg","width":1280,"height":701},{"@type":"BreadcrumbList","@id":"https:\/\/sysmatec.ch\/de\/produit\/zaehlsystem-kern-ccs\/#breadcrumb","itemListElement":[{"@type":"ListItem","position":1,"name":"Accueil","item":"https:\/\/sysmatec.ch\/de\/"},{"@type":"ListItem","position":2,"name":"Die Aktivit\u00e4t von Sysmatec","item":"https:\/\/sysmatec.ch\/de\/"},{"@type":"ListItem","position":3,"name":"Z\u00e4hlsystem KERN CCS"}]},{"@type":"WebSite","@id":"https:\/\/sysmatec.ch\/de\/#website","url":"https:\/\/sysmatec.ch\/de\/","name":"Sysmatec","description":"Equipement de laboratoire et logiciels","publisher":{"@id":"https:\/\/sysmatec.ch\/de\/#organization"},"potentialAction":[{"@type":"SearchAction","target":{"@type":"EntryPoint","urlTemplate":"https:\/\/sysmatec.ch\/de\/?s={search_term_string}"},"query-input":{"@type":"PropertyValueSpecification","valueRequired":true,"valueName":"search_term_string"}}],"inLanguage":"de"},{"@type":"Organization","@id":"https:\/\/sysmatec.ch\/de\/#organization","name":"Sysmatec","url":"https:\/\/sysmatec.ch\/de\/","logo":{"@type":"ImageObject","inLanguage":"de","@id":"https:\/\/sysmatec.ch\/de\/#\/schema\/logo\/image\/","url":"https:\/\/sysmatec.ch\/wp-content\/uploads\/2018\/11\/LogoSysmatec.jpg","contentUrl":"https:\/\/sysmatec.ch\/wp-content\/uploads\/2018\/11\/LogoSysmatec.jpg","width":301,"height":297,"caption":"Sysmatec"},"image":{"@id":"https:\/\/sysmatec.ch\/de\/#\/schema\/logo\/image\/"}}]}},"_links":{"self":[{"href":"https:\/\/sysmatec.ch\/de\/wp-json\/wp\/v2\/product\/2812","targetHints":{"allow":["GET"]}}],"collection":[{"href":"https:\/\/sysmatec.ch\/de\/wp-json\/wp\/v2\/product"}],"about":[{"href":"https:\/\/sysmatec.ch\/de\/wp-json\/wp\/v2\/types\/product"}],"wp:featuredmedia":[{"embeddable":true,"href":"https:\/\/sysmatec.ch\/de\/wp-json\/wp\/v2\/media\/23158"}],"wp:attachment":[{"href":"https:\/\/sysmatec.ch\/de\/wp-json\/wp\/v2\/media?parent=2812"}],"wp:term":[{"taxonomy":"product_brand","embeddable":true,"href":"https:\/\/sysmatec.ch\/de\/wp-json\/wp\/v2\/product_brand?post=2812"},{"taxonomy":"product_cat","embeddable":true,"href":"https:\/\/sysmatec.ch\/de\/wp-json\/wp\/v2\/product_cat?post=2812"},{"taxonomy":"product_tag","embeddable":true,"href":"https:\/\/sysmatec.ch\/de\/wp-json\/wp\/v2\/product_tag?post=2812"}],"curies":[{"name":"wp","href":"https:\/\/api.w.org\/{rel}","templated":true}]}}