{"id":28110,"date":"2022-09-11T10:44:04","date_gmt":"2022-09-11T08:44:04","guid":{"rendered":"https:\/\/sysmatec.ch\/?post_type=product&#038;p=28110"},"modified":"2024-06-10T21:29:26","modified_gmt":"2024-06-10T19:29:26","slug":"ultraschall-durchflussmesser-mp801","status":"publish","type":"product","link":"https:\/\/sysmatec.ch\/de\/Produkt\/ultraschall-durchflussmesser-mp801\/","title":{"rendered":"Ultraschall-Durchflussmesser MP801"},"content":{"rendered":"<p><span class=\"JLqJ4b ChMk0b\" data-language-for-alternatives=\"de\" data-language-to-translate-into=\"en\" data-phrase-index=\"0\" data-number-of-phrases=\"5\"><span class=\"Q4iAWc\">Dieser Durchflussmesser ist ein integriertes Konstruktionsdesign, das durch vier Schrauben einfach zu installieren ist und au\u00dfen eine spezielle Isolierung aufweist.<\/span><\/span> <span class=\"JLqJ4b ChMk0b\" data-language-for-alternatives=\"de\" data-language-to-translate-into=\"en\" data-phrase-index=\"2\" data-number-of-phrases=\"5\"><span class=\"Q4iAWc\">Es ist nicht erforderlich, das Rohr zu schneiden, den Durchfluss f\u00fcr die Installation zu stoppen und es gibt keinen Druckverlust.<\/span><\/span> <span class=\"JLqJ4b ChMk0b\" data-language-for-alternatives=\"de\" data-language-to-translate-into=\"en\" data-phrase-index=\"3\" data-number-of-phrases=\"5\"><span class=\"Q4iAWc\">MP801 verf\u00fcgt auch \u00fcber umfangreiche Netzwerkfunktionen, die Wi-Fi, USB usw. mit Cloud-Datenspeicher- und Analysemanagementsystem unterst\u00fctzen.<\/span><\/span> <span class=\"JLqJ4b ChMk0b\" data-language-for-alternatives=\"de\" data-language-to-translate-into=\"en\" data-phrase-index=\"4\" data-number-of-phrases=\"5\"><span class=\"Q4iAWc\">Sie k\u00f6nnen auf &#8222;Phone APP&#8220; zugreifen oder die Version anpassen, die eine Verbindung zu Ihrem eigenen Cloud-System \/ intelligenten Verwaltungssystem herstellt, um eine unbeaufsichtigte und einheitliche Verwaltung zu realisieren.<\/span><\/span><\/p>\n<h2>Anwendung<\/h2>\n<p>HVAC-System, Geb\u00e4udeautomationssystem, Bew\u00e4sserungssystem f\u00fcr die Landwirtschaft, Wasserversorgungssystem f\u00fcr Wohngeb\u00e4ude, Reinigungssystem, Aquakultur-Umlaufsystem (RAS), Hauswasserz\u00e4hler, Bew\u00e4sserung, Gartenz\u00e4hler usw.<\/p>\n<h2>Eigenschaften des Durchflussmessers<\/h2>\n<table width=\"418\">\n<tbody>\n<tr>\n<td width=\"160\">Bereich<\/td>\n<td width=\"258\">0.03 bis 5 m\/s<\/td>\n<\/tr>\n<tr>\n<td>Rohrgr\u00f6\u00dfe<\/td>\n<td>DN20, DN25, DN32<\/td>\n<\/tr>\n<tr>\n<td>Medium<\/td>\n<td>Wasser<\/td>\n<\/tr>\n<tr>\n<td>Rohrmaterial<\/td>\n<td>PVC, Kupfer<\/td>\n<\/tr>\n<tr>\n<td>USB-Anschluss<\/td>\n<td>Typ C f\u00fcr Stromversorgung, Kommunikation<\/td>\n<\/tr>\n<tr>\n<td>Wifi<\/td>\n<td>2400-2483.5 MHz, 802.11b, 802.11n, 802.11g<\/td>\n<\/tr>\n<tr>\n<td>Stromspeisung<\/td>\n<td>5V, 1 A<\/td>\n<\/tr>\n<tr>\n<td>Bildschirm<\/td>\n<td>0.96&#8220; TFT<\/td>\n<\/tr>\n<tr>\n<td>Temperatur<\/td>\n<td>5-55 \u00b0C<\/td>\n<\/tr>\n<tr>\n<td>Fl\u00fcssigkeitstemperature<\/td>\n<td>0-60 \u00b0C<\/td>\n<\/tr>\n<tr>\n<td>Feuchte<\/td>\n<td>0.-95 % RH, ohne Kondensation<\/td>\n<\/tr>\n<tr>\n<td>IP<\/td>\n<td>IP54<\/td>\n<\/tr>\n<\/tbody>\n<\/table>\n<p>Weitere Informationen zum Durchflussmesser<\/p>\n<p><a href=\"https:\/\/youtu.be\/KDG7HQjy0_o\">Installationsvideo<\/a><\/p>\n","protected":false},"excerpt":{"rendered":"<p>Ultraschall-Durchflussmesser Bereich 0.03 bis 5 m\/s.<\/p>\n","protected":false},"featured_media":28114,"template":"","meta":{"_crdt_document":""},"product_brand":[],"product_cat":[307,180],"product_tag":[],"class_list":{"0":"post-28110","1":"product","2":"type-product","3":"status-publish","4":"has-post-thumbnail","6":"product_cat-durchfluss","7":"product_cat-messung","9":"first","10":"instock","11":"taxable","12":"shipping-taxable","13":"product-type-simple"},"yoast_head":"<!-- This site is optimized with the Yoast SEO plugin v27.4 - https:\/\/yoast.com\/product\/yoast-seo-wordpress\/ -->\n<title>Ultraschall-Durchflussmesser MP801 - Sysmatec<\/title>\n<meta name=\"description\" content=\"Ultraschall-Kompakt-Durchflussmesser f\u00fcr Rohre mit unterschiedlichen Durchmessern. Messung von der Au\u00dfenseite des Rohres.\" \/>\n<meta name=\"robots\" content=\"index, follow, max-snippet:-1, max-image-preview:large, max-video-preview:-1\" \/>\n<link rel=\"canonical\" href=\"https:\/\/sysmatec.ch\/de\/Produkt\/ultraschall-durchflussmesser-mp801\/\" \/>\n<meta property=\"og:locale\" content=\"de_DE\" \/>\n<meta property=\"og:type\" content=\"article\" \/>\n<meta property=\"og:title\" content=\"Ultraschall-Durchflussmesser MP801 - Sysmatec\" \/>\n<meta property=\"og:description\" content=\"Ultraschall-Kompakt-Durchflussmesser f\u00fcr Rohre mit unterschiedlichen Durchmessern. Messung von der Au\u00dfenseite des Rohres.\" \/>\n<meta property=\"og:url\" content=\"https:\/\/sysmatec.ch\/de\/Produkt\/ultraschall-durchflussmesser-mp801\/\" \/>\n<meta property=\"og:site_name\" content=\"Sysmatec\" \/>\n<meta property=\"article:modified_time\" content=\"2024-06-10T19:29:26+00:00\" \/>\n<meta property=\"og:image\" content=\"https:\/\/sysmatec.ch\/wp-content\/uploads\/2022\/09\/DebitmetreUltrason_GentosMP801.jpg\" \/>\n\t<meta property=\"og:image:width\" content=\"499\" \/>\n\t<meta property=\"og:image:height\" content=\"267\" \/>\n\t<meta property=\"og:image:type\" content=\"image\/jpeg\" \/>\n<meta name=\"twitter:card\" content=\"summary_large_image\" \/>\n<meta name=\"twitter:label1\" content=\"Gesch\u00e4tzte Lesezeit\" \/>\n\t<meta name=\"twitter:data1\" content=\"1\u00a0Minute\" \/>\n<script type=\"application\/ld+json\" class=\"yoast-schema-graph\">{\"@context\":\"https:\\\/\\\/schema.org\",\"@graph\":[{\"@type\":\"WebPage\",\"@id\":\"https:\\\/\\\/sysmatec.ch\\\/de\\\/Produkt\\\/ultraschall-durchflussmesser-mp801\\\/\",\"url\":\"https:\\\/\\\/sysmatec.ch\\\/de\\\/Produkt\\\/ultraschall-durchflussmesser-mp801\\\/\",\"name\":\"Ultraschall-Durchflussmesser MP801 - Sysmatec\",\"isPartOf\":{\"@id\":\"https:\\\/\\\/sysmatec.ch\\\/de\\\/#website\"},\"primaryImageOfPage\":{\"@id\":\"https:\\\/\\\/sysmatec.ch\\\/de\\\/Produkt\\\/ultraschall-durchflussmesser-mp801\\\/#primaryimage\"},\"image\":{\"@id\":\"https:\\\/\\\/sysmatec.ch\\\/de\\\/Produkt\\\/ultraschall-durchflussmesser-mp801\\\/#primaryimage\"},\"thumbnailUrl\":\"https:\\\/\\\/sysmatec.ch\\\/wp-content\\\/uploads\\\/2022\\\/09\\\/DebitmetreUltrason_GentosMP801.jpg\",\"datePublished\":\"2022-09-11T08:44:04+00:00\",\"dateModified\":\"2024-06-10T19:29:26+00:00\",\"description\":\"Ultraschall-Kompakt-Durchflussmesser f\u00fcr Rohre mit unterschiedlichen Durchmessern. Messung von der Au\u00dfenseite des Rohres.\",\"breadcrumb\":{\"@id\":\"https:\\\/\\\/sysmatec.ch\\\/de\\\/Produkt\\\/ultraschall-durchflussmesser-mp801\\\/#breadcrumb\"},\"inLanguage\":\"de\",\"potentialAction\":[{\"@type\":\"ReadAction\",\"target\":[\"https:\\\/\\\/sysmatec.ch\\\/de\\\/Produkt\\\/ultraschall-durchflussmesser-mp801\\\/\"]}]},{\"@type\":\"ImageObject\",\"inLanguage\":\"de\",\"@id\":\"https:\\\/\\\/sysmatec.ch\\\/de\\\/Produkt\\\/ultraschall-durchflussmesser-mp801\\\/#primaryimage\",\"url\":\"https:\\\/\\\/sysmatec.ch\\\/wp-content\\\/uploads\\\/2022\\\/09\\\/DebitmetreUltrason_GentosMP801.jpg\",\"contentUrl\":\"https:\\\/\\\/sysmatec.ch\\\/wp-content\\\/uploads\\\/2022\\\/09\\\/DebitmetreUltrason_GentosMP801.jpg\",\"width\":499,\"height\":267},{\"@type\":\"BreadcrumbList\",\"@id\":\"https:\\\/\\\/sysmatec.ch\\\/de\\\/Produkt\\\/ultraschall-durchflussmesser-mp801\\\/#breadcrumb\",\"itemListElement\":[{\"@type\":\"ListItem\",\"position\":1,\"name\":\"Accueil\",\"item\":\"https:\\\/\\\/sysmatec.ch\\\/de\\\/\"},{\"@type\":\"ListItem\",\"position\":2,\"name\":\"Die Aktivit\u00e4t von Sysmatec\",\"item\":\"https:\\\/\\\/sysmatec.ch\\\/de\\\/\"},{\"@type\":\"ListItem\",\"position\":3,\"name\":\"Ultraschall-Durchflussmesser MP801\"}]},{\"@type\":\"WebSite\",\"@id\":\"https:\\\/\\\/sysmatec.ch\\\/de\\\/#website\",\"url\":\"https:\\\/\\\/sysmatec.ch\\\/de\\\/\",\"name\":\"Sysmatec\",\"description\":\"Equipement de laboratoire et logiciels\",\"publisher\":{\"@id\":\"https:\\\/\\\/sysmatec.ch\\\/de\\\/#organization\"},\"potentialAction\":[{\"@type\":\"SearchAction\",\"target\":{\"@type\":\"EntryPoint\",\"urlTemplate\":\"https:\\\/\\\/sysmatec.ch\\\/de\\\/?s={search_term_string}\"},\"query-input\":{\"@type\":\"PropertyValueSpecification\",\"valueRequired\":true,\"valueName\":\"search_term_string\"}}],\"inLanguage\":\"de\"},{\"@type\":\"Organization\",\"@id\":\"https:\\\/\\\/sysmatec.ch\\\/de\\\/#organization\",\"name\":\"Sysmatec\",\"url\":\"https:\\\/\\\/sysmatec.ch\\\/de\\\/\",\"logo\":{\"@type\":\"ImageObject\",\"inLanguage\":\"de\",\"@id\":\"https:\\\/\\\/sysmatec.ch\\\/de\\\/#\\\/schema\\\/logo\\\/image\\\/\",\"url\":\"https:\\\/\\\/sysmatec.ch\\\/wp-content\\\/uploads\\\/2018\\\/11\\\/LogoSysmatec.jpg\",\"contentUrl\":\"https:\\\/\\\/sysmatec.ch\\\/wp-content\\\/uploads\\\/2018\\\/11\\\/LogoSysmatec.jpg\",\"width\":301,\"height\":297,\"caption\":\"Sysmatec\"},\"image\":{\"@id\":\"https:\\\/\\\/sysmatec.ch\\\/de\\\/#\\\/schema\\\/logo\\\/image\\\/\"}}]}<\/script>\n<!-- \/ Yoast SEO plugin. -->","yoast_head_json":{"title":"Ultraschall-Durchflussmesser MP801 - Sysmatec","description":"Ultraschall-Kompakt-Durchflussmesser f\u00fcr Rohre mit unterschiedlichen Durchmessern. Messung von der Au\u00dfenseite des Rohres.","robots":{"index":"index","follow":"follow","max-snippet":"max-snippet:-1","max-image-preview":"max-image-preview:large","max-video-preview":"max-video-preview:-1"},"canonical":"https:\/\/sysmatec.ch\/de\/Produkt\/ultraschall-durchflussmesser-mp801\/","og_locale":"de_DE","og_type":"article","og_title":"Ultraschall-Durchflussmesser MP801 - Sysmatec","og_description":"Ultraschall-Kompakt-Durchflussmesser f\u00fcr Rohre mit unterschiedlichen Durchmessern. Messung von der Au\u00dfenseite des Rohres.","og_url":"https:\/\/sysmatec.ch\/de\/Produkt\/ultraschall-durchflussmesser-mp801\/","og_site_name":"Sysmatec","article_modified_time":"2024-06-10T19:29:26+00:00","og_image":[{"width":499,"height":267,"url":"https:\/\/sysmatec.ch\/wp-content\/uploads\/2022\/09\/DebitmetreUltrason_GentosMP801.jpg","type":"image\/jpeg"}],"twitter_card":"summary_large_image","twitter_misc":{"Gesch\u00e4tzte Lesezeit":"1\u00a0Minute"},"schema":{"@context":"https:\/\/schema.org","@graph":[{"@type":"WebPage","@id":"https:\/\/sysmatec.ch\/de\/Produkt\/ultraschall-durchflussmesser-mp801\/","url":"https:\/\/sysmatec.ch\/de\/Produkt\/ultraschall-durchflussmesser-mp801\/","name":"Ultraschall-Durchflussmesser MP801 - Sysmatec","isPartOf":{"@id":"https:\/\/sysmatec.ch\/de\/#website"},"primaryImageOfPage":{"@id":"https:\/\/sysmatec.ch\/de\/Produkt\/ultraschall-durchflussmesser-mp801\/#primaryimage"},"image":{"@id":"https:\/\/sysmatec.ch\/de\/Produkt\/ultraschall-durchflussmesser-mp801\/#primaryimage"},"thumbnailUrl":"https:\/\/sysmatec.ch\/wp-content\/uploads\/2022\/09\/DebitmetreUltrason_GentosMP801.jpg","datePublished":"2022-09-11T08:44:04+00:00","dateModified":"2024-06-10T19:29:26+00:00","description":"Ultraschall-Kompakt-Durchflussmesser f\u00fcr Rohre mit unterschiedlichen Durchmessern. Messung von der Au\u00dfenseite des Rohres.","breadcrumb":{"@id":"https:\/\/sysmatec.ch\/de\/Produkt\/ultraschall-durchflussmesser-mp801\/#breadcrumb"},"inLanguage":"de","potentialAction":[{"@type":"ReadAction","target":["https:\/\/sysmatec.ch\/de\/Produkt\/ultraschall-durchflussmesser-mp801\/"]}]},{"@type":"ImageObject","inLanguage":"de","@id":"https:\/\/sysmatec.ch\/de\/Produkt\/ultraschall-durchflussmesser-mp801\/#primaryimage","url":"https:\/\/sysmatec.ch\/wp-content\/uploads\/2022\/09\/DebitmetreUltrason_GentosMP801.jpg","contentUrl":"https:\/\/sysmatec.ch\/wp-content\/uploads\/2022\/09\/DebitmetreUltrason_GentosMP801.jpg","width":499,"height":267},{"@type":"BreadcrumbList","@id":"https:\/\/sysmatec.ch\/de\/Produkt\/ultraschall-durchflussmesser-mp801\/#breadcrumb","itemListElement":[{"@type":"ListItem","position":1,"name":"Accueil","item":"https:\/\/sysmatec.ch\/de\/"},{"@type":"ListItem","position":2,"name":"Die Aktivit\u00e4t von Sysmatec","item":"https:\/\/sysmatec.ch\/de\/"},{"@type":"ListItem","position":3,"name":"Ultraschall-Durchflussmesser MP801"}]},{"@type":"WebSite","@id":"https:\/\/sysmatec.ch\/de\/#website","url":"https:\/\/sysmatec.ch\/de\/","name":"Sysmatec","description":"Equipement de laboratoire et logiciels","publisher":{"@id":"https:\/\/sysmatec.ch\/de\/#organization"},"potentialAction":[{"@type":"SearchAction","target":{"@type":"EntryPoint","urlTemplate":"https:\/\/sysmatec.ch\/de\/?s={search_term_string}"},"query-input":{"@type":"PropertyValueSpecification","valueRequired":true,"valueName":"search_term_string"}}],"inLanguage":"de"},{"@type":"Organization","@id":"https:\/\/sysmatec.ch\/de\/#organization","name":"Sysmatec","url":"https:\/\/sysmatec.ch\/de\/","logo":{"@type":"ImageObject","inLanguage":"de","@id":"https:\/\/sysmatec.ch\/de\/#\/schema\/logo\/image\/","url":"https:\/\/sysmatec.ch\/wp-content\/uploads\/2018\/11\/LogoSysmatec.jpg","contentUrl":"https:\/\/sysmatec.ch\/wp-content\/uploads\/2018\/11\/LogoSysmatec.jpg","width":301,"height":297,"caption":"Sysmatec"},"image":{"@id":"https:\/\/sysmatec.ch\/de\/#\/schema\/logo\/image\/"}}]}},"_links":{"self":[{"href":"https:\/\/sysmatec.ch\/de\/wp-json\/wp\/v2\/product\/28110","targetHints":{"allow":["GET"]}}],"collection":[{"href":"https:\/\/sysmatec.ch\/de\/wp-json\/wp\/v2\/product"}],"about":[{"href":"https:\/\/sysmatec.ch\/de\/wp-json\/wp\/v2\/types\/product"}],"wp:featuredmedia":[{"embeddable":true,"href":"https:\/\/sysmatec.ch\/de\/wp-json\/wp\/v2\/media\/28114"}],"wp:attachment":[{"href":"https:\/\/sysmatec.ch\/de\/wp-json\/wp\/v2\/media?parent=28110"}],"wp:term":[{"taxonomy":"product_brand","embeddable":true,"href":"https:\/\/sysmatec.ch\/de\/wp-json\/wp\/v2\/product_brand?post=28110"},{"taxonomy":"product_cat","embeddable":true,"href":"https:\/\/sysmatec.ch\/de\/wp-json\/wp\/v2\/product_cat?post=28110"},{"taxonomy":"product_tag","embeddable":true,"href":"https:\/\/sysmatec.ch\/de\/wp-json\/wp\/v2\/product_tag?post=28110"}],"curies":[{"name":"wp","href":"https:\/\/api.w.org\/{rel}","templated":true}]}}