{"id":2806,"date":"2019-02-12T09:09:24","date_gmt":"2019-02-12T08:09:24","guid":{"rendered":"https:\/\/sysmatec.ch\/produit\/balance-dinventaire-kern-smt\/"},"modified":"2019-02-12T09:11:27","modified_gmt":"2019-02-12T08:11:27","slug":"balance-dinventaire-kern-smt","status":"publish","type":"product","link":"https:\/\/sysmatec.ch\/de\/Produkt\/balance-dinventaire-kern-smt\/","title":{"rendered":"KERN SMT Stockmasterwaage"},"content":{"rendered":"<ul>\n<li><span style=\"font-family: Arial,Helvetica,Geneva,Swiss,SunSans-Regular; font-size: small;\">Innovative Inventurwaage mit Touchscreen zum rationellen Erfassen von Getr\u00e4nkemengen in Flaschen und Einlesen in den PC <\/span><\/li>\n<li><span style=\"font-family: Arial,Helvetica,Geneva,Swiss,SunSans-Regular; font-size: small;\">Innovativer Touchscreen: Kontrastreicher, hinterleuchteter und ber\u00fchrungssensitiver Gro\u00dfbildschirm f\u00fcr bequemes Bedienen und komfortables Ablesen<\/span><\/li>\n<li><span style=\"font-family: Arial,Helvetica,Geneva,Swiss,SunSans-Regular; font-size: small;\">Maximale Transparenz: Alle Funktions-Tasten sind im Klartext beschriftet und sorgen so f\u00fcr maximale Verst\u00e4ndlichkeit. Der eingeblendete Men\u00fc-Pfad in der Info-Leiste informiert stets \u00fcber die aktuell verwendete Funktion<\/span><\/li>\n<li><span style=\"font-family: Arial,Helvetica,Geneva,Swiss,SunSans-Regular; font-size: small;\">Ihr Vorteil: Gro\u00dfer Zeitgewinn gegen\u00fcber der bisherigen Messmethode<\/span>\n<ul>\n<li><span style=\"font-family: Arial,Helvetica,Geneva,Swiss,SunSans-Regular; font-size: small;\">Bisher: In der Regel wurde der Flascheninhalt bei der Inventur visuell festgestellt, d. h. gesch\u00e4tzt, von Hand dokumentiert und anschlie\u00dfend wieder per Hand zeitraubend in den PC eingegeben.<\/span><\/li>\n<li><span style=\"font-family: Arial,Helvetica,Geneva,Swiss,SunSans-Regular; font-size: small;\">Neu mit KERN SMT: Getr\u00e4nke und Spirituosen bequem \u00fcber Artikelname, Artikelnummer, Autolist oder Barcode-Scanner aufrufen, Flasche verwiegen, ermittelten Bestand auf den PC \u00fcberspielen &#8211; fertig ist die Inventur!<\/span><\/li>\n<\/ul>\n<\/li>\n<li><span style=\"font-family: Arial,Helvetica,Geneva,Swiss,SunSans-Regular; font-size: small;\">400 Artikelspeicherpl\u00e4tze f\u00fcr Stammdaten wie Artikelname, Artikelbezeichnung, Taravorabzug, d. h. Gewicht der leeren Flasche, max. Flascheninhalt in g, spezifisches Gewicht der Getr\u00e4nkefl\u00fcssigkeit etc. Die zugeh\u00f6rige Lagerliste kann komfortabel am PC erstellt werden<\/span><\/li>\n<li><span style=\"font-family: Arial,Helvetica,Geneva,Swiss,SunSans-Regular; font-size: small;\">Hochladen der Getr\u00e4nkestammdaten von PC -&gt; Inventurwaage \u00fcber die RS-232 Datenschnittstelle<\/span><\/li>\n<li><span style=\"font-family: Arial,Helvetica,Geneva,Swiss,SunSans-Regular; font-size: small;\">Herunterladen des ermittelten Z\u00e4hlbestands von Inventurwaage -&gt; PC \u00fcber die RS-232 Datenschnittstelle<\/span><\/li>\n<li><span style=\"font-family: Arial,Helvetica,Geneva,Swiss,SunSans-Regular; font-size: small;\">Ermittlung des Getr\u00e4nkebestandes nach interner Lagerliste<\/span><\/li>\n<li><span style=\"font-family: Arial,Helvetica,Geneva,Swiss,SunSans-Regular; font-size: small;\">Hohe Mobilit\u00e4t: dank Akkubetrieb und kompakter Bauweise geeignet zum Einsatz an mehreren Standorten <\/span><\/li>\n<\/ul>\n<table border=\"1\" width=\"458\" cellspacing=\"0\" cellpadding=\"2\">\n<tbody>\n<tr>\n<td><span style=\"font-family: Arial,Helvetica,Geneva,Swiss,SunSans-Regular; font-size: small;\">Modell<\/span><\/td>\n<td width=\"10%\"><span style=\"font-family: Arial,Helvetica,Geneva,Swiss,SunSans-Regular; font-size: small;\">Ablesbarkeit<\/span><\/td>\n<td width=\"10%\"><span style=\"font-family: Arial,Helvetica,Geneva,Swiss,SunSans-Regular; font-size: small;\">W\u00e4gebereich<\/span><\/td>\n<\/tr>\n<tr>\n<td><\/td>\n<td width=\"10%\"><span style=\"font-family: Arial,Helvetica,Geneva,Swiss,SunSans-Regular; font-size: small;\">g<\/span><\/td>\n<td width=\"10%\"><span style=\"font-family: Arial,Helvetica,Geneva,Swiss,SunSans-Regular; font-size: small;\">kg<\/span><\/td>\n<\/tr>\n<tr>\n<td><span style=\"font-family: Arial,Helvetica,Geneva,Swiss,SunSans-Regular; font-size: small;\">SMT 10K-3<\/span><\/td>\n<td width=\"10%\"><span style=\"font-family: Arial,Helvetica,Geneva,Swiss,SunSans-Regular; font-size: small;\">1<\/span><\/td>\n<td width=\"10%\"><span style=\"font-family: Arial,Helvetica,Geneva,Swiss,SunSans-Regular; font-size: small;\">10<\/span><\/td>\n<\/tr>\n<\/tbody>\n<\/table>\n","protected":false},"excerpt":{"rendered":"<p><span>Stockmasterwaage<\/span><\/p>\n","protected":false},"featured_media":2804,"template":"","meta":{"_crdt_document":""},"product_brand":[],"product_cat":[165],"product_tag":[],"class_list":{"0":"post-2806","1":"product","2":"type-product","3":"status-publish","4":"has-post-thumbnail","6":"product_cat-gewicht","8":"first","9":"instock","10":"taxable","11":"shipping-taxable","12":"product-type-simple"},"yoast_head":"<!-- This site is optimized with the Yoast SEO plugin v27.4 - https:\/\/yoast.com\/product\/yoast-seo-wordpress\/ -->\n<title>KERN SMT Stockmasterwaage - Sysmatec<\/title>\n<meta name=\"robots\" content=\"index, follow, max-snippet:-1, max-image-preview:large, max-video-preview:-1\" \/>\n<link rel=\"canonical\" href=\"https:\/\/sysmatec.ch\/de\/produit\/balance-dinventaire-kern-smt\/\" \/>\n<meta property=\"og:locale\" content=\"de_DE\" \/>\n<meta property=\"og:type\" content=\"article\" \/>\n<meta property=\"og:title\" content=\"KERN SMT Stockmasterwaage - Sysmatec\" \/>\n<meta property=\"og:description\" content=\"Stockmasterwaage\" \/>\n<meta property=\"og:url\" content=\"https:\/\/sysmatec.ch\/de\/produit\/balance-dinventaire-kern-smt\/\" \/>\n<meta property=\"og:site_name\" content=\"Sysmatec\" \/>\n<meta property=\"article:modified_time\" content=\"2019-02-12T08:11:27+00:00\" \/>\n<meta property=\"og:image\" content=\"https:\/\/sysmatec.ch\/wp-content\/uploads\/2019\/02\/Balance_KernSMT.jpg\" \/>\n\t<meta property=\"og:image:width\" content=\"190\" \/>\n\t<meta property=\"og:image:height\" content=\"155\" \/>\n\t<meta property=\"og:image:type\" content=\"image\/jpeg\" \/>\n<meta name=\"twitter:card\" content=\"summary_large_image\" \/>\n<meta name=\"twitter:label1\" content=\"Gesch\u00e4tzte Lesezeit\" \/>\n\t<meta name=\"twitter:data1\" content=\"1\u00a0Minute\" \/>\n<script type=\"application\/ld+json\" class=\"yoast-schema-graph\">{\"@context\":\"https:\\\/\\\/schema.org\",\"@graph\":[{\"@type\":\"WebPage\",\"@id\":\"https:\\\/\\\/sysmatec.ch\\\/de\\\/produit\\\/balance-dinventaire-kern-smt\\\/\",\"url\":\"https:\\\/\\\/sysmatec.ch\\\/de\\\/produit\\\/balance-dinventaire-kern-smt\\\/\",\"name\":\"KERN SMT Stockmasterwaage - Sysmatec\",\"isPartOf\":{\"@id\":\"https:\\\/\\\/sysmatec.ch\\\/de\\\/#website\"},\"primaryImageOfPage\":{\"@id\":\"https:\\\/\\\/sysmatec.ch\\\/de\\\/produit\\\/balance-dinventaire-kern-smt\\\/#primaryimage\"},\"image\":{\"@id\":\"https:\\\/\\\/sysmatec.ch\\\/de\\\/produit\\\/balance-dinventaire-kern-smt\\\/#primaryimage\"},\"thumbnailUrl\":\"https:\\\/\\\/sysmatec.ch\\\/wp-content\\\/uploads\\\/2019\\\/02\\\/Balance_KernSMT.jpg\",\"datePublished\":\"2019-02-12T08:09:24+00:00\",\"dateModified\":\"2019-02-12T08:11:27+00:00\",\"breadcrumb\":{\"@id\":\"https:\\\/\\\/sysmatec.ch\\\/de\\\/produit\\\/balance-dinventaire-kern-smt\\\/#breadcrumb\"},\"inLanguage\":\"de\",\"potentialAction\":[{\"@type\":\"ReadAction\",\"target\":[\"https:\\\/\\\/sysmatec.ch\\\/de\\\/produit\\\/balance-dinventaire-kern-smt\\\/\"]}]},{\"@type\":\"ImageObject\",\"inLanguage\":\"de\",\"@id\":\"https:\\\/\\\/sysmatec.ch\\\/de\\\/produit\\\/balance-dinventaire-kern-smt\\\/#primaryimage\",\"url\":\"https:\\\/\\\/sysmatec.ch\\\/wp-content\\\/uploads\\\/2019\\\/02\\\/Balance_KernSMT.jpg\",\"contentUrl\":\"https:\\\/\\\/sysmatec.ch\\\/wp-content\\\/uploads\\\/2019\\\/02\\\/Balance_KernSMT.jpg\",\"width\":190,\"height\":155},{\"@type\":\"BreadcrumbList\",\"@id\":\"https:\\\/\\\/sysmatec.ch\\\/de\\\/produit\\\/balance-dinventaire-kern-smt\\\/#breadcrumb\",\"itemListElement\":[{\"@type\":\"ListItem\",\"position\":1,\"name\":\"Accueil\",\"item\":\"https:\\\/\\\/sysmatec.ch\\\/de\\\/\"},{\"@type\":\"ListItem\",\"position\":2,\"name\":\"Die Aktivit\u00e4t von Sysmatec\",\"item\":\"https:\\\/\\\/sysmatec.ch\\\/de\\\/\"},{\"@type\":\"ListItem\",\"position\":3,\"name\":\"KERN SMT Stockmasterwaage\"}]},{\"@type\":\"WebSite\",\"@id\":\"https:\\\/\\\/sysmatec.ch\\\/de\\\/#website\",\"url\":\"https:\\\/\\\/sysmatec.ch\\\/de\\\/\",\"name\":\"Sysmatec\",\"description\":\"Equipement de laboratoire et logiciels\",\"publisher\":{\"@id\":\"https:\\\/\\\/sysmatec.ch\\\/de\\\/#organization\"},\"potentialAction\":[{\"@type\":\"SearchAction\",\"target\":{\"@type\":\"EntryPoint\",\"urlTemplate\":\"https:\\\/\\\/sysmatec.ch\\\/de\\\/?s={search_term_string}\"},\"query-input\":{\"@type\":\"PropertyValueSpecification\",\"valueRequired\":true,\"valueName\":\"search_term_string\"}}],\"inLanguage\":\"de\"},{\"@type\":\"Organization\",\"@id\":\"https:\\\/\\\/sysmatec.ch\\\/de\\\/#organization\",\"name\":\"Sysmatec\",\"url\":\"https:\\\/\\\/sysmatec.ch\\\/de\\\/\",\"logo\":{\"@type\":\"ImageObject\",\"inLanguage\":\"de\",\"@id\":\"https:\\\/\\\/sysmatec.ch\\\/de\\\/#\\\/schema\\\/logo\\\/image\\\/\",\"url\":\"https:\\\/\\\/sysmatec.ch\\\/wp-content\\\/uploads\\\/2018\\\/11\\\/LogoSysmatec.jpg\",\"contentUrl\":\"https:\\\/\\\/sysmatec.ch\\\/wp-content\\\/uploads\\\/2018\\\/11\\\/LogoSysmatec.jpg\",\"width\":301,\"height\":297,\"caption\":\"Sysmatec\"},\"image\":{\"@id\":\"https:\\\/\\\/sysmatec.ch\\\/de\\\/#\\\/schema\\\/logo\\\/image\\\/\"}}]}<\/script>\n<!-- \/ Yoast SEO plugin. -->","yoast_head_json":{"title":"KERN SMT Stockmasterwaage - Sysmatec","robots":{"index":"index","follow":"follow","max-snippet":"max-snippet:-1","max-image-preview":"max-image-preview:large","max-video-preview":"max-video-preview:-1"},"canonical":"https:\/\/sysmatec.ch\/de\/produit\/balance-dinventaire-kern-smt\/","og_locale":"de_DE","og_type":"article","og_title":"KERN SMT Stockmasterwaage - Sysmatec","og_description":"Stockmasterwaage","og_url":"https:\/\/sysmatec.ch\/de\/produit\/balance-dinventaire-kern-smt\/","og_site_name":"Sysmatec","article_modified_time":"2019-02-12T08:11:27+00:00","og_image":[{"width":190,"height":155,"url":"https:\/\/sysmatec.ch\/wp-content\/uploads\/2019\/02\/Balance_KernSMT.jpg","type":"image\/jpeg"}],"twitter_card":"summary_large_image","twitter_misc":{"Gesch\u00e4tzte Lesezeit":"1\u00a0Minute"},"schema":{"@context":"https:\/\/schema.org","@graph":[{"@type":"WebPage","@id":"https:\/\/sysmatec.ch\/de\/produit\/balance-dinventaire-kern-smt\/","url":"https:\/\/sysmatec.ch\/de\/produit\/balance-dinventaire-kern-smt\/","name":"KERN SMT Stockmasterwaage - Sysmatec","isPartOf":{"@id":"https:\/\/sysmatec.ch\/de\/#website"},"primaryImageOfPage":{"@id":"https:\/\/sysmatec.ch\/de\/produit\/balance-dinventaire-kern-smt\/#primaryimage"},"image":{"@id":"https:\/\/sysmatec.ch\/de\/produit\/balance-dinventaire-kern-smt\/#primaryimage"},"thumbnailUrl":"https:\/\/sysmatec.ch\/wp-content\/uploads\/2019\/02\/Balance_KernSMT.jpg","datePublished":"2019-02-12T08:09:24+00:00","dateModified":"2019-02-12T08:11:27+00:00","breadcrumb":{"@id":"https:\/\/sysmatec.ch\/de\/produit\/balance-dinventaire-kern-smt\/#breadcrumb"},"inLanguage":"de","potentialAction":[{"@type":"ReadAction","target":["https:\/\/sysmatec.ch\/de\/produit\/balance-dinventaire-kern-smt\/"]}]},{"@type":"ImageObject","inLanguage":"de","@id":"https:\/\/sysmatec.ch\/de\/produit\/balance-dinventaire-kern-smt\/#primaryimage","url":"https:\/\/sysmatec.ch\/wp-content\/uploads\/2019\/02\/Balance_KernSMT.jpg","contentUrl":"https:\/\/sysmatec.ch\/wp-content\/uploads\/2019\/02\/Balance_KernSMT.jpg","width":190,"height":155},{"@type":"BreadcrumbList","@id":"https:\/\/sysmatec.ch\/de\/produit\/balance-dinventaire-kern-smt\/#breadcrumb","itemListElement":[{"@type":"ListItem","position":1,"name":"Accueil","item":"https:\/\/sysmatec.ch\/de\/"},{"@type":"ListItem","position":2,"name":"Die Aktivit\u00e4t von Sysmatec","item":"https:\/\/sysmatec.ch\/de\/"},{"@type":"ListItem","position":3,"name":"KERN SMT Stockmasterwaage"}]},{"@type":"WebSite","@id":"https:\/\/sysmatec.ch\/de\/#website","url":"https:\/\/sysmatec.ch\/de\/","name":"Sysmatec","description":"Equipement de laboratoire et logiciels","publisher":{"@id":"https:\/\/sysmatec.ch\/de\/#organization"},"potentialAction":[{"@type":"SearchAction","target":{"@type":"EntryPoint","urlTemplate":"https:\/\/sysmatec.ch\/de\/?s={search_term_string}"},"query-input":{"@type":"PropertyValueSpecification","valueRequired":true,"valueName":"search_term_string"}}],"inLanguage":"de"},{"@type":"Organization","@id":"https:\/\/sysmatec.ch\/de\/#organization","name":"Sysmatec","url":"https:\/\/sysmatec.ch\/de\/","logo":{"@type":"ImageObject","inLanguage":"de","@id":"https:\/\/sysmatec.ch\/de\/#\/schema\/logo\/image\/","url":"https:\/\/sysmatec.ch\/wp-content\/uploads\/2018\/11\/LogoSysmatec.jpg","contentUrl":"https:\/\/sysmatec.ch\/wp-content\/uploads\/2018\/11\/LogoSysmatec.jpg","width":301,"height":297,"caption":"Sysmatec"},"image":{"@id":"https:\/\/sysmatec.ch\/de\/#\/schema\/logo\/image\/"}}]}},"_links":{"self":[{"href":"https:\/\/sysmatec.ch\/de\/wp-json\/wp\/v2\/product\/2806","targetHints":{"allow":["GET"]}}],"collection":[{"href":"https:\/\/sysmatec.ch\/de\/wp-json\/wp\/v2\/product"}],"about":[{"href":"https:\/\/sysmatec.ch\/de\/wp-json\/wp\/v2\/types\/product"}],"wp:featuredmedia":[{"embeddable":true,"href":"https:\/\/sysmatec.ch\/de\/wp-json\/wp\/v2\/media\/2804"}],"wp:attachment":[{"href":"https:\/\/sysmatec.ch\/de\/wp-json\/wp\/v2\/media?parent=2806"}],"wp:term":[{"taxonomy":"product_brand","embeddable":true,"href":"https:\/\/sysmatec.ch\/de\/wp-json\/wp\/v2\/product_brand?post=2806"},{"taxonomy":"product_cat","embeddable":true,"href":"https:\/\/sysmatec.ch\/de\/wp-json\/wp\/v2\/product_cat?post=2806"},{"taxonomy":"product_tag","embeddable":true,"href":"https:\/\/sysmatec.ch\/de\/wp-json\/wp\/v2\/product_tag?post=2806"}],"curies":[{"name":"wp","href":"https:\/\/api.w.org\/{rel}","templated":true}]}}