{"id":27984,"date":"2022-08-04T18:53:40","date_gmt":"2022-08-04T16:53:40","guid":{"rendered":"https:\/\/sysmatec.ch\/?post_type=product&#038;p=27984"},"modified":"2023-09-20T17:50:45","modified_gmt":"2023-09-20T15:50:45","slug":"temperatur-datenlogger-tempmate-r-gs2-te-4g","status":"publish","type":"product","link":"https:\/\/sysmatec.ch\/de\/Produkt\/temperatur-datenlogger-tempmate-r-gs2-te-4g\/","title":{"rendered":"Temperatur Datenlogger Tempmate (R) GS2-TE, 4G"},"content":{"rendered":"<p>Dieser Einweg-Temperatur-Datenlogger mit externem Sensor bietet \u00fcber den 4G mobile Netzwerk eine Echtzeit\u00fcberwachung. Mit diesem 4G-Recorder k\u00f6nnen Sie rechtzeitig reagieren und Ihre Ware sichern, bevor es zu sp\u00e4t ist. Bei Bedarf kann ein Ersatz der Ware in kurzer Zeit veranlasst werden. Die verlorene oder besch\u00e4digte Sendung kann lokalisiert werden. Dadurch werden Gew\u00e4hrleistungsanspr\u00fcche erf\u00fcllt. Alle relevanten Messdaten k\u00f6nnen mit der tempmate.\u00ae Cloud kontinuierlich aufgezeichnet werden.<\/p>\n<p>Die aufgezeichneten Daten k\u00f6nnen \u00fcber einen Link oder eine E-Mail mit anderen geteilt werden. Tempmate.\u00ae-GS2-TE kann f\u00fcr Ihre Warensendungen auf dem Luft-, See- oder Stra\u00dfenweg eingesetzt werden. Ob Sie Lebensmittel, Medikamente, empfindliche Elektronik oder Kunstwerke \u00fcberwachen m\u00f6chten, tempmate.\u00ae-GS2-TE kann auf Ihre Bed\u00fcrfnisse zugeschnitten werden.<\/p>\n<p>Keine zus\u00e4tzliche Software ist erforderlich, nur ein Webbrowser mit Internetzugang. Ihre Daten werden vor dem Zugriff durch Dritte gesch\u00fctzt und in der Cloud gespeichert. Die Datenbanken sind in mehreren sicheren Serverzentren in Europa und Deutschland gesichert. Datenschutz- und Datenintegrit\u00e4tsregeln werden eingehalten &#8211; wir bieten maximale Sicherheit. Sie behalten die volle Kostenkontrolle, da keine zus\u00e4tzlichen versteckten Geb\u00fchren anfallen. Sie kaufen Ihr Ger\u00e4t zum Festpreis. Cloud, mobile Daten, Alarme und alle Funktionen sind enthalten. Egal wo Sie Ihre Sendung versenden m\u00f6chten, Sie k\u00f6nnen sicher sein, dass tempmate.\u00ae-GS2-TE weltweit einsatzbereit ist.<\/p>\n<h2>Vorteile<\/h2>\n<p>Echtzeit-Datenlogger f\u00fcr Ihre empfindlichen G\u00fcter.<\/p>\n<p>Kompatibel mit allen Transportmitteln: Lastwagen, Schiffe, Flugzeuge.<\/p>\n<p>Schock Erkennung. Erkennung von kippenden oder umst\u00fcrzenden Paketen.<\/p>\n<p>Profitieren Sie von einer verl\u00e4ngerten Batterielebensdauer von bis zu 120 Tagen bei der Lithium-Version und 90 Tagen bei der Non-Lithium-Version. Verl\u00e4ngerte Haltbarkeit: bis zu 16 Monate f\u00fcr die Lithium-Version und 15 Monate f\u00fcr die Non-Lithium-Version.<\/p>\n<h2>Technische Eigenschaften<\/h2>\n<ul>\n<li type=\"disc\">Temperaturbereich: &#8211; 200\u00b0 C bis + 100 \u00b0 C<\/li>\n<li type=\"disc\">Temperaturgenauigkeit \u00b1 0.3 \u00b0 C (-10 bis 45 \u00b0 C), andere \u00b1 0.5 \u00b0 C<\/li>\n<li type=\"disc\">Temperaturaufl\u00f6sung 0.1 \u00b0 C<\/li>\n<li type=\"disc\">Kabell\u00e4nge: ca. 1 m<\/li>\n<li type=\"disc\">Spitzedurchmesser: 4 mm (Pt100)<\/li>\n<li type=\"disc\">Datenspeicherkapazit\u00e4t 24 000 Datens\u00e4tze maximal<\/li>\n<li type=\"disc\">Umgebungslicht 0 bis 10 000lx \/ Genauigkeit 0.01 lx<\/li>\n<li type=\"disc\">Umgebungslichtaufl\u00f6sung 0.01lx<\/li>\n<li type=\"disc\">Batterie Lithium 2400 mAh oder Ni-MH 2000 mAh<\/li>\n<li type=\"disc\">Autonomie Batterie 1Jahr mit Lithium Batterie (-25 \u00b0 C bis + 35 \u00b0 C) \/ 2 x CR17450, 6 Monate mit Ni-MH Batterie (-25 \u00b0 C bis + 35 \u00b0 C)<\/li>\n<li type=\"disc\">Aufzeichnungsintervall 1Min bis 60 Min<\/li>\n<li type=\"disc\">Aufnahmezeit 90 Tage<\/li>\n<li>Start-Taste<\/li>\n<li type=\"disc\">Stopp-Taste<\/li>\n<li type=\"disc\">Verz\u00f6gerter Start von 1 Minute bis 1440 Minute m\u00f6glich<\/li>\n<li type=\"disc\">Lokalisierung LBS &#8211; GSM<\/li>\n<li type=\"disc\">Polycarbonat-Geh\u00e4usematerial<\/li>\n<li type=\"disc\">IP67 Schutzklasse<\/li>\n<li type=\"disc\">Abmessungen 103 x 64 x 30 mm (l \/ l \/ h)<\/li>\n<li type=\"disc\">Gewicht 175<\/li>\n<li type=\"disc\">Zertifizierungen CE, EN12830, EMV, RoHS, FCC<\/li>\n<li type=\"disc\">Validierungszertifikat als PDF in der Cloud verf\u00fcgbar<\/li>\n<li type=\"disc\">Tempmate.\u00ae Cloud-Software<\/li>\n<li type=\"disc\">Lesbare Berichte in der Cloud generieren<\/li>\n<li type=\"disc\">Passwortschutz Passwortschutz<\/li>\n<li type=\"disc\">4G mobiler Netzwerk, eventuell 2G<\/li>\n<li type=\"disc\">Alarmkonfiguration Bis zu 6 Schwellenwerte, programmierbare Alarmzeit<\/li>\n<li type=\"disc\">Programmierbar \u00fcber Cloud<\/li>\n<li type=\"disc\">Einfacher \/ kumulierter Alarmtyp<\/li>\n<li type=\"disc\">Lagertemperatur &#8211; 25 \u00b0 C bis + 35 \u00b0 C (Empfohlene Umgebungstemperatur)<\/li>\n<\/ul>\n","protected":false},"excerpt":{"rendered":"<p>Temperatur Datenlogger Tempmate (R) GS2-T, 4 G (2G) \u00fcber mobiles Netzwerk.<\/p>\n","protected":false},"featured_media":27990,"template":"","meta":{"_crdt_document":""},"product_brand":[],"product_cat":[172,173],"product_tag":[],"class_list":{"0":"post-27984","1":"product","2":"type-product","3":"status-publish","4":"has-post-thumbnail","6":"product_cat-einweg-logger","7":"product_cat-temperatur","9":"first","10":"instock","11":"taxable","12":"shipping-taxable","13":"product-type-simple"},"yoast_head":"<!-- This site is optimized with the Yoast SEO plugin v27.4 - https:\/\/yoast.com\/product\/yoast-seo-wordpress\/ -->\n<title>Temperatur Datenlogger Tempmate (R) GS2-TE, 4G - Sysmatec<\/title>\n<meta name=\"description\" content=\"Einweg-Temperaturlogger mit 4G Kommunikation \u00fcber Mobilfunknetz. Die Daten werden in einer Cloud gespeichert und k\u00f6nnen \u00fcber einen Webbrowser abgerufen werden.\" \/>\n<meta name=\"robots\" content=\"index, follow, max-snippet:-1, max-image-preview:large, max-video-preview:-1\" \/>\n<link rel=\"canonical\" href=\"https:\/\/sysmatec.ch\/de\/Produkt\/temperatur-datenlogger-tempmate-r-gs2-te-4g\/\" \/>\n<meta property=\"og:locale\" content=\"de_DE\" \/>\n<meta property=\"og:type\" content=\"article\" \/>\n<meta property=\"og:title\" content=\"Temperatur Datenlogger Tempmate (R) GS2-TE, 4G - Sysmatec\" \/>\n<meta property=\"og:description\" content=\"Einweg-Temperaturlogger mit 4G Kommunikation \u00fcber Mobilfunknetz. Die Daten werden in einer Cloud gespeichert und k\u00f6nnen \u00fcber einen Webbrowser abgerufen werden.\" \/>\n<meta property=\"og:url\" content=\"https:\/\/sysmatec.ch\/de\/Produkt\/temperatur-datenlogger-tempmate-r-gs2-te-4g\/\" \/>\n<meta property=\"og:site_name\" content=\"Sysmatec\" \/>\n<meta property=\"article:modified_time\" content=\"2023-09-20T15:50:45+00:00\" \/>\n<meta property=\"og:image\" content=\"https:\/\/sysmatec.ch\/wp-content\/uploads\/2022\/08\/Enregistreur_TempmateGS2TE.jpg\" \/>\n\t<meta property=\"og:image:width\" content=\"337\" \/>\n\t<meta property=\"og:image:height\" content=\"549\" \/>\n\t<meta property=\"og:image:type\" content=\"image\/jpeg\" \/>\n<meta name=\"twitter:card\" content=\"summary_large_image\" \/>\n<meta name=\"twitter:label1\" content=\"Gesch\u00e4tzte Lesezeit\" \/>\n\t<meta name=\"twitter:data1\" content=\"2\u00a0Minuten\" \/>\n<script type=\"application\/ld+json\" class=\"yoast-schema-graph\">{\"@context\":\"https:\\\/\\\/schema.org\",\"@graph\":[{\"@type\":\"WebPage\",\"@id\":\"https:\\\/\\\/sysmatec.ch\\\/de\\\/Produkt\\\/temperatur-datenlogger-tempmate-r-gs2-te-4g\\\/\",\"url\":\"https:\\\/\\\/sysmatec.ch\\\/de\\\/Produkt\\\/temperatur-datenlogger-tempmate-r-gs2-te-4g\\\/\",\"name\":\"Temperatur Datenlogger Tempmate (R) GS2-TE, 4G - Sysmatec\",\"isPartOf\":{\"@id\":\"https:\\\/\\\/sysmatec.ch\\\/de\\\/#website\"},\"primaryImageOfPage\":{\"@id\":\"https:\\\/\\\/sysmatec.ch\\\/de\\\/Produkt\\\/temperatur-datenlogger-tempmate-r-gs2-te-4g\\\/#primaryimage\"},\"image\":{\"@id\":\"https:\\\/\\\/sysmatec.ch\\\/de\\\/Produkt\\\/temperatur-datenlogger-tempmate-r-gs2-te-4g\\\/#primaryimage\"},\"thumbnailUrl\":\"https:\\\/\\\/sysmatec.ch\\\/wp-content\\\/uploads\\\/2022\\\/08\\\/Enregistreur_TempmateGS2TE.jpg\",\"datePublished\":\"2022-08-04T16:53:40+00:00\",\"dateModified\":\"2023-09-20T15:50:45+00:00\",\"description\":\"Einweg-Temperaturlogger mit 4G Kommunikation \u00fcber Mobilfunknetz. Die Daten werden in einer Cloud gespeichert und k\u00f6nnen \u00fcber einen Webbrowser abgerufen werden.\",\"breadcrumb\":{\"@id\":\"https:\\\/\\\/sysmatec.ch\\\/de\\\/Produkt\\\/temperatur-datenlogger-tempmate-r-gs2-te-4g\\\/#breadcrumb\"},\"inLanguage\":\"de\",\"potentialAction\":[{\"@type\":\"ReadAction\",\"target\":[\"https:\\\/\\\/sysmatec.ch\\\/de\\\/Produkt\\\/temperatur-datenlogger-tempmate-r-gs2-te-4g\\\/\"]}]},{\"@type\":\"ImageObject\",\"inLanguage\":\"de\",\"@id\":\"https:\\\/\\\/sysmatec.ch\\\/de\\\/Produkt\\\/temperatur-datenlogger-tempmate-r-gs2-te-4g\\\/#primaryimage\",\"url\":\"https:\\\/\\\/sysmatec.ch\\\/wp-content\\\/uploads\\\/2022\\\/08\\\/Enregistreur_TempmateGS2TE.jpg\",\"contentUrl\":\"https:\\\/\\\/sysmatec.ch\\\/wp-content\\\/uploads\\\/2022\\\/08\\\/Enregistreur_TempmateGS2TE.jpg\",\"width\":337,\"height\":549},{\"@type\":\"BreadcrumbList\",\"@id\":\"https:\\\/\\\/sysmatec.ch\\\/de\\\/Produkt\\\/temperatur-datenlogger-tempmate-r-gs2-te-4g\\\/#breadcrumb\",\"itemListElement\":[{\"@type\":\"ListItem\",\"position\":1,\"name\":\"Accueil\",\"item\":\"https:\\\/\\\/sysmatec.ch\\\/de\\\/\"},{\"@type\":\"ListItem\",\"position\":2,\"name\":\"Die Aktivit\u00e4t von Sysmatec\",\"item\":\"https:\\\/\\\/sysmatec.ch\\\/de\\\/\"},{\"@type\":\"ListItem\",\"position\":3,\"name\":\"Temperatur Datenlogger Tempmate (R) GS2-TE, 4G\"}]},{\"@type\":\"WebSite\",\"@id\":\"https:\\\/\\\/sysmatec.ch\\\/de\\\/#website\",\"url\":\"https:\\\/\\\/sysmatec.ch\\\/de\\\/\",\"name\":\"Sysmatec\",\"description\":\"Equipement de laboratoire et logiciels\",\"publisher\":{\"@id\":\"https:\\\/\\\/sysmatec.ch\\\/de\\\/#organization\"},\"potentialAction\":[{\"@type\":\"SearchAction\",\"target\":{\"@type\":\"EntryPoint\",\"urlTemplate\":\"https:\\\/\\\/sysmatec.ch\\\/de\\\/?s={search_term_string}\"},\"query-input\":{\"@type\":\"PropertyValueSpecification\",\"valueRequired\":true,\"valueName\":\"search_term_string\"}}],\"inLanguage\":\"de\"},{\"@type\":\"Organization\",\"@id\":\"https:\\\/\\\/sysmatec.ch\\\/de\\\/#organization\",\"name\":\"Sysmatec\",\"url\":\"https:\\\/\\\/sysmatec.ch\\\/de\\\/\",\"logo\":{\"@type\":\"ImageObject\",\"inLanguage\":\"de\",\"@id\":\"https:\\\/\\\/sysmatec.ch\\\/de\\\/#\\\/schema\\\/logo\\\/image\\\/\",\"url\":\"https:\\\/\\\/sysmatec.ch\\\/wp-content\\\/uploads\\\/2018\\\/11\\\/LogoSysmatec.jpg\",\"contentUrl\":\"https:\\\/\\\/sysmatec.ch\\\/wp-content\\\/uploads\\\/2018\\\/11\\\/LogoSysmatec.jpg\",\"width\":301,\"height\":297,\"caption\":\"Sysmatec\"},\"image\":{\"@id\":\"https:\\\/\\\/sysmatec.ch\\\/de\\\/#\\\/schema\\\/logo\\\/image\\\/\"}}]}<\/script>\n<!-- \/ Yoast SEO plugin. -->","yoast_head_json":{"title":"Temperatur Datenlogger Tempmate (R) GS2-TE, 4G - Sysmatec","description":"Einweg-Temperaturlogger mit 4G Kommunikation \u00fcber Mobilfunknetz. Die Daten werden in einer Cloud gespeichert und k\u00f6nnen \u00fcber einen Webbrowser abgerufen werden.","robots":{"index":"index","follow":"follow","max-snippet":"max-snippet:-1","max-image-preview":"max-image-preview:large","max-video-preview":"max-video-preview:-1"},"canonical":"https:\/\/sysmatec.ch\/de\/Produkt\/temperatur-datenlogger-tempmate-r-gs2-te-4g\/","og_locale":"de_DE","og_type":"article","og_title":"Temperatur Datenlogger Tempmate (R) GS2-TE, 4G - Sysmatec","og_description":"Einweg-Temperaturlogger mit 4G Kommunikation \u00fcber Mobilfunknetz. Die Daten werden in einer Cloud gespeichert und k\u00f6nnen \u00fcber einen Webbrowser abgerufen werden.","og_url":"https:\/\/sysmatec.ch\/de\/Produkt\/temperatur-datenlogger-tempmate-r-gs2-te-4g\/","og_site_name":"Sysmatec","article_modified_time":"2023-09-20T15:50:45+00:00","og_image":[{"width":337,"height":549,"url":"https:\/\/sysmatec.ch\/wp-content\/uploads\/2022\/08\/Enregistreur_TempmateGS2TE.jpg","type":"image\/jpeg"}],"twitter_card":"summary_large_image","twitter_misc":{"Gesch\u00e4tzte Lesezeit":"2\u00a0Minuten"},"schema":{"@context":"https:\/\/schema.org","@graph":[{"@type":"WebPage","@id":"https:\/\/sysmatec.ch\/de\/Produkt\/temperatur-datenlogger-tempmate-r-gs2-te-4g\/","url":"https:\/\/sysmatec.ch\/de\/Produkt\/temperatur-datenlogger-tempmate-r-gs2-te-4g\/","name":"Temperatur Datenlogger Tempmate (R) GS2-TE, 4G - Sysmatec","isPartOf":{"@id":"https:\/\/sysmatec.ch\/de\/#website"},"primaryImageOfPage":{"@id":"https:\/\/sysmatec.ch\/de\/Produkt\/temperatur-datenlogger-tempmate-r-gs2-te-4g\/#primaryimage"},"image":{"@id":"https:\/\/sysmatec.ch\/de\/Produkt\/temperatur-datenlogger-tempmate-r-gs2-te-4g\/#primaryimage"},"thumbnailUrl":"https:\/\/sysmatec.ch\/wp-content\/uploads\/2022\/08\/Enregistreur_TempmateGS2TE.jpg","datePublished":"2022-08-04T16:53:40+00:00","dateModified":"2023-09-20T15:50:45+00:00","description":"Einweg-Temperaturlogger mit 4G Kommunikation \u00fcber Mobilfunknetz. Die Daten werden in einer Cloud gespeichert und k\u00f6nnen \u00fcber einen Webbrowser abgerufen werden.","breadcrumb":{"@id":"https:\/\/sysmatec.ch\/de\/Produkt\/temperatur-datenlogger-tempmate-r-gs2-te-4g\/#breadcrumb"},"inLanguage":"de","potentialAction":[{"@type":"ReadAction","target":["https:\/\/sysmatec.ch\/de\/Produkt\/temperatur-datenlogger-tempmate-r-gs2-te-4g\/"]}]},{"@type":"ImageObject","inLanguage":"de","@id":"https:\/\/sysmatec.ch\/de\/Produkt\/temperatur-datenlogger-tempmate-r-gs2-te-4g\/#primaryimage","url":"https:\/\/sysmatec.ch\/wp-content\/uploads\/2022\/08\/Enregistreur_TempmateGS2TE.jpg","contentUrl":"https:\/\/sysmatec.ch\/wp-content\/uploads\/2022\/08\/Enregistreur_TempmateGS2TE.jpg","width":337,"height":549},{"@type":"BreadcrumbList","@id":"https:\/\/sysmatec.ch\/de\/Produkt\/temperatur-datenlogger-tempmate-r-gs2-te-4g\/#breadcrumb","itemListElement":[{"@type":"ListItem","position":1,"name":"Accueil","item":"https:\/\/sysmatec.ch\/de\/"},{"@type":"ListItem","position":2,"name":"Die Aktivit\u00e4t von Sysmatec","item":"https:\/\/sysmatec.ch\/de\/"},{"@type":"ListItem","position":3,"name":"Temperatur Datenlogger Tempmate (R) GS2-TE, 4G"}]},{"@type":"WebSite","@id":"https:\/\/sysmatec.ch\/de\/#website","url":"https:\/\/sysmatec.ch\/de\/","name":"Sysmatec","description":"Equipement de laboratoire et logiciels","publisher":{"@id":"https:\/\/sysmatec.ch\/de\/#organization"},"potentialAction":[{"@type":"SearchAction","target":{"@type":"EntryPoint","urlTemplate":"https:\/\/sysmatec.ch\/de\/?s={search_term_string}"},"query-input":{"@type":"PropertyValueSpecification","valueRequired":true,"valueName":"search_term_string"}}],"inLanguage":"de"},{"@type":"Organization","@id":"https:\/\/sysmatec.ch\/de\/#organization","name":"Sysmatec","url":"https:\/\/sysmatec.ch\/de\/","logo":{"@type":"ImageObject","inLanguage":"de","@id":"https:\/\/sysmatec.ch\/de\/#\/schema\/logo\/image\/","url":"https:\/\/sysmatec.ch\/wp-content\/uploads\/2018\/11\/LogoSysmatec.jpg","contentUrl":"https:\/\/sysmatec.ch\/wp-content\/uploads\/2018\/11\/LogoSysmatec.jpg","width":301,"height":297,"caption":"Sysmatec"},"image":{"@id":"https:\/\/sysmatec.ch\/de\/#\/schema\/logo\/image\/"}}]}},"_links":{"self":[{"href":"https:\/\/sysmatec.ch\/de\/wp-json\/wp\/v2\/product\/27984","targetHints":{"allow":["GET"]}}],"collection":[{"href":"https:\/\/sysmatec.ch\/de\/wp-json\/wp\/v2\/product"}],"about":[{"href":"https:\/\/sysmatec.ch\/de\/wp-json\/wp\/v2\/types\/product"}],"wp:featuredmedia":[{"embeddable":true,"href":"https:\/\/sysmatec.ch\/de\/wp-json\/wp\/v2\/media\/27990"}],"wp:attachment":[{"href":"https:\/\/sysmatec.ch\/de\/wp-json\/wp\/v2\/media?parent=27984"}],"wp:term":[{"taxonomy":"product_brand","embeddable":true,"href":"https:\/\/sysmatec.ch\/de\/wp-json\/wp\/v2\/product_brand?post=27984"},{"taxonomy":"product_cat","embeddable":true,"href":"https:\/\/sysmatec.ch\/de\/wp-json\/wp\/v2\/product_cat?post=27984"},{"taxonomy":"product_tag","embeddable":true,"href":"https:\/\/sysmatec.ch\/de\/wp-json\/wp\/v2\/product_tag?post=27984"}],"curies":[{"name":"wp","href":"https:\/\/api.w.org\/{rel}","templated":true}]}}