{"id":27957,"date":"2022-06-21T20:54:48","date_gmt":"2022-06-21T18:54:49","guid":{"rendered":"https:\/\/sysmatec.ch\/?post_type=product&#038;p=27957"},"modified":"2022-06-21T21:19:11","modified_gmt":"2022-06-21T19:19:11","slug":"motorisiertes-3d-3d-mikroskop-bvm-6000-3d","status":"publish","type":"product","link":"https:\/\/sysmatec.ch\/de\/Produkt\/motorisiertes-3d-3d-mikroskop-bvm-6000-3d\/","title":{"rendered":"Motorisiertes 3D-3D-Mikroskop BVM-6000-3D"},"content":{"rendered":"<p><span class=\"JLqJ4b ChMk0b\" data-language-for-alternatives=\"de\" data-language-to-translate-into=\"en\" data-phrase-index=\"0\" data-number-of-phrases=\"27\"><span class=\"Q4iAWc\">Dank eines beweglichen Objektivs k\u00f6nnen Sie 3D-Videos erstellen<\/span><\/span><\/p>\n<p><span class=\"JLqJ4b ChMk0b\" data-language-for-alternatives=\"de\" data-language-to-translate-into=\"en\" data-phrase-index=\"2\" data-number-of-phrases=\"27\"><span class=\"Q4iAWc\">Basisspezifikationen<\/span><\/span><\/p>\n<ul>\n<li><span class=\"JLqJ4b ChMk0b\" data-language-for-alternatives=\"de\" data-language-to-translate-into=\"en\" data-phrase-index=\"4\" data-number-of-phrases=\"27\"><span class=\"Q4iAWc\">Optischer Zoom: 0.3X bis 2.1X<\/span><\/span><\/li>\n<li><span class=\"JLqJ4b ChMk0b\" data-language-for-alternatives=\"de\" data-language-to-translate-into=\"en\" data-phrase-index=\"6\" data-number-of-phrases=\"27\"><span class=\"Q4iAWc\">Gesamtvergr\u00f6\u00dferung: 25X bis 150X (21.5-Zoll-Monitor)<\/span><\/span><\/li>\n<li><span class=\"JLqJ4b ChMk0b\" data-language-for-alternatives=\"de\" data-language-to-translate-into=\"en\" data-phrase-index=\"8\" data-number-of-phrases=\"27\"><span class=\"Q4iAWc\">Videokoppler: 1X<\/span><\/span><\/li>\n<li><span class=\"JLqJ4b ChMk0b\" data-language-for-alternatives=\"de\" data-language-to-translate-into=\"en\" data-phrase-index=\"10\" data-number-of-phrases=\"27\"><span class=\"Q4iAWc\">Zoomverh\u00e4ltnis: 1:7<\/span><\/span><\/li>\n<li><span class=\"JLqJ4b ChMk0b\" data-language-for-alternatives=\"de\" data-language-to-translate-into=\"en\" data-phrase-index=\"12\" data-number-of-phrases=\"27\"><span class=\"Q4iAWc\">3D-Rotation: 360\u00b0<\/span><\/span><\/li>\n<li><span class=\"JLqJ4b ChMk0b\" data-language-for-alternatives=\"de\" data-language-to-translate-into=\"en\" data-phrase-index=\"14\" data-number-of-phrases=\"27\"><span class=\"Q4iAWc\">Kettenweg: 160 mm<\/span><\/span><\/li>\n<li><span class=\"JLqJ4b ChMk0b\" data-language-for-alternatives=\"de\" data-language-to-translate-into=\"en\" data-phrase-index=\"16\" data-number-of-phrases=\"27\"><span class=\"Q4iAWc\">Schienenh\u00f6he: 326 mm<\/span><\/span><\/li>\n<li><span class=\"JLqJ4b ChMk0b\" data-language-for-alternatives=\"de\" data-language-to-translate-into=\"en\" data-phrase-index=\"18\" data-number-of-phrases=\"27\"><span class=\"Q4iAWc\">Arbeitsabstand: 40 mm<\/span><\/span><\/li>\n<li><span class=\"JLqJ4b ChMk0b\" data-language-for-alternatives=\"de\" data-language-to-translate-into=\"en\" data-phrase-index=\"20\" data-number-of-phrases=\"27\"><span class=\"Q4iAWc\">Basisgr\u00f6\u00dfe: 318 \u00d7 308 \u00d7 16 mm<\/span><\/span><\/li>\n<li><span class=\"JLqJ4b ChMk0b\" data-language-for-alternatives=\"de\" data-language-to-translate-into=\"en\" data-phrase-index=\"22\" data-number-of-phrases=\"27\"><span class=\"Q4iAWc\">Beleuchtung: 100 V ~ 240 LED-Ringlicht, Helligkeit ist einstellbar<\/span><\/span><\/li>\n<\/ul>\n<p><span class=\"JLqJ4b ChMk0b\" data-language-for-alternatives=\"de\" data-language-to-translate-into=\"en\" data-phrase-index=\"24\" data-number-of-phrases=\"27\"><span class=\"Q4iAWc\">Gro\u00dfe Auswahl an Kameras<\/span><\/span><\/p>\n<p><span class=\"JLqJ4b ChMk0b\" data-language-for-alternatives=\"de\" data-language-to-translate-into=\"en\" data-phrase-index=\"26\" data-number-of-phrases=\"27\"><span class=\"Q4iAWc\">Messende HDMI-Kamera, Hochgeschwindigkeits-HDMI-Kamera, 4K-Messende HDMI-Kamera, Autofokus Messende HDMI-Kamera, 4K-Autofokus-Kamera<\/span><\/span><\/p>\n","protected":false},"excerpt":{"rendered":"<p><span class=\"VIiyi\" lang=\"de\"><span class=\"JLqJ4b ChMk0b\" data-language-for-alternatives=\"de\" data-language-to-translate-into=\"en\" data-phrase-index=\"0\">3 D-Digitales Videomikroskop mit 25 bis 150-facher Vergr\u00f6\u00dferung.<\/span><\/span><\/p>\n","protected":false},"featured_media":27961,"template":"","meta":{"_crdt_document":""},"product_brand":[],"product_cat":[101],"product_tag":[],"class_list":{"0":"post-27957","1":"product","2":"type-product","3":"status-publish","4":"has-post-thumbnail","6":"product_cat-mikroskopie","8":"first","9":"instock","10":"taxable","11":"shipping-taxable","12":"product-type-simple"},"yoast_head":"<!-- This site is optimized with the Yoast SEO plugin v27.3 - https:\/\/yoast.com\/product\/yoast-seo-wordpress\/ -->\n<title>Motorisiertes 3D-3D-Mikroskop BVM-6000-3D - Sysmatec<\/title>\n<meta name=\"description\" content=\"3 D-Digitalmikroskop mit integriertem Videodisplay f\u00fcr Wissenschaft, Qualit\u00e4tskontrolle und Bildungsanwendungen.\" \/>\n<meta name=\"robots\" content=\"index, follow, max-snippet:-1, max-image-preview:large, max-video-preview:-1\" \/>\n<link rel=\"canonical\" href=\"https:\/\/sysmatec.ch\/de\/produit\/motorisiertes-3d-3d-mikroskop-bvm-6000-3d\/\" \/>\n<meta property=\"og:locale\" content=\"de_DE\" \/>\n<meta property=\"og:type\" content=\"article\" \/>\n<meta property=\"og:title\" content=\"Motorisiertes 3D-3D-Mikroskop BVM-6000-3D - Sysmatec\" \/>\n<meta property=\"og:description\" content=\"3 D-Digitalmikroskop mit integriertem Videodisplay f\u00fcr Wissenschaft, Qualit\u00e4tskontrolle und Bildungsanwendungen.\" \/>\n<meta property=\"og:url\" content=\"https:\/\/sysmatec.ch\/de\/produit\/motorisiertes-3d-3d-mikroskop-bvm-6000-3d\/\" \/>\n<meta property=\"og:site_name\" content=\"Sysmatec\" \/>\n<meta property=\"article:modified_time\" content=\"2022-06-21T19:19:11+00:00\" \/>\n<meta property=\"og:image\" content=\"https:\/\/sysmatec.ch\/wp-content\/uploads\/2022\/06\/MicroscopeBVM60003D.jpg\" \/>\n\t<meta property=\"og:image:width\" content=\"443\" \/>\n\t<meta property=\"og:image:height\" content=\"414\" \/>\n\t<meta property=\"og:image:type\" content=\"image\/jpeg\" \/>\n<meta name=\"twitter:card\" content=\"summary_large_image\" \/>\n<meta name=\"twitter:label1\" content=\"Gesch\u00e4tzte Lesezeit\" \/>\n\t<meta name=\"twitter:data1\" content=\"1\u00a0Minute\" \/>\n<script type=\"application\/ld+json\" class=\"yoast-schema-graph\">{\"@context\":\"https:\\\/\\\/schema.org\",\"@graph\":[{\"@type\":\"WebPage\",\"@id\":\"https:\\\/\\\/sysmatec.ch\\\/de\\\/produit\\\/motorisiertes-3d-3d-mikroskop-bvm-6000-3d\\\/\",\"url\":\"https:\\\/\\\/sysmatec.ch\\\/de\\\/produit\\\/motorisiertes-3d-3d-mikroskop-bvm-6000-3d\\\/\",\"name\":\"Motorisiertes 3D-3D-Mikroskop BVM-6000-3D - Sysmatec\",\"isPartOf\":{\"@id\":\"https:\\\/\\\/sysmatec.ch\\\/de\\\/#website\"},\"primaryImageOfPage\":{\"@id\":\"https:\\\/\\\/sysmatec.ch\\\/de\\\/produit\\\/motorisiertes-3d-3d-mikroskop-bvm-6000-3d\\\/#primaryimage\"},\"image\":{\"@id\":\"https:\\\/\\\/sysmatec.ch\\\/de\\\/produit\\\/motorisiertes-3d-3d-mikroskop-bvm-6000-3d\\\/#primaryimage\"},\"thumbnailUrl\":\"https:\\\/\\\/sysmatec.ch\\\/wp-content\\\/uploads\\\/2022\\\/06\\\/MicroscopeBVM60003D.jpg\",\"datePublished\":\"2022-06-21T18:54:49+00:00\",\"dateModified\":\"2022-06-21T19:19:11+00:00\",\"description\":\"3 D-Digitalmikroskop mit integriertem Videodisplay f\u00fcr Wissenschaft, Qualit\u00e4tskontrolle und Bildungsanwendungen.\",\"breadcrumb\":{\"@id\":\"https:\\\/\\\/sysmatec.ch\\\/de\\\/produit\\\/motorisiertes-3d-3d-mikroskop-bvm-6000-3d\\\/#breadcrumb\"},\"inLanguage\":\"de\",\"potentialAction\":[{\"@type\":\"ReadAction\",\"target\":[\"https:\\\/\\\/sysmatec.ch\\\/de\\\/produit\\\/motorisiertes-3d-3d-mikroskop-bvm-6000-3d\\\/\"]}]},{\"@type\":\"ImageObject\",\"inLanguage\":\"de\",\"@id\":\"https:\\\/\\\/sysmatec.ch\\\/de\\\/produit\\\/motorisiertes-3d-3d-mikroskop-bvm-6000-3d\\\/#primaryimage\",\"url\":\"https:\\\/\\\/sysmatec.ch\\\/wp-content\\\/uploads\\\/2022\\\/06\\\/MicroscopeBVM60003D.jpg\",\"contentUrl\":\"https:\\\/\\\/sysmatec.ch\\\/wp-content\\\/uploads\\\/2022\\\/06\\\/MicroscopeBVM60003D.jpg\",\"width\":443,\"height\":414},{\"@type\":\"BreadcrumbList\",\"@id\":\"https:\\\/\\\/sysmatec.ch\\\/de\\\/produit\\\/motorisiertes-3d-3d-mikroskop-bvm-6000-3d\\\/#breadcrumb\",\"itemListElement\":[{\"@type\":\"ListItem\",\"position\":1,\"name\":\"Accueil\",\"item\":\"https:\\\/\\\/sysmatec.ch\\\/de\\\/\"},{\"@type\":\"ListItem\",\"position\":2,\"name\":\"Die Aktivit\u00e4t von Sysmatec\",\"item\":\"https:\\\/\\\/sysmatec.ch\\\/de\\\/\"},{\"@type\":\"ListItem\",\"position\":3,\"name\":\"Motorisiertes 3D-3D-Mikroskop BVM-6000-3D\"}]},{\"@type\":\"WebSite\",\"@id\":\"https:\\\/\\\/sysmatec.ch\\\/de\\\/#website\",\"url\":\"https:\\\/\\\/sysmatec.ch\\\/de\\\/\",\"name\":\"Sysmatec\",\"description\":\"Equipement de laboratoire et logiciels\",\"publisher\":{\"@id\":\"https:\\\/\\\/sysmatec.ch\\\/de\\\/#organization\"},\"potentialAction\":[{\"@type\":\"SearchAction\",\"target\":{\"@type\":\"EntryPoint\",\"urlTemplate\":\"https:\\\/\\\/sysmatec.ch\\\/de\\\/?s={search_term_string}\"},\"query-input\":{\"@type\":\"PropertyValueSpecification\",\"valueRequired\":true,\"valueName\":\"search_term_string\"}}],\"inLanguage\":\"de\"},{\"@type\":\"Organization\",\"@id\":\"https:\\\/\\\/sysmatec.ch\\\/de\\\/#organization\",\"name\":\"Sysmatec\",\"url\":\"https:\\\/\\\/sysmatec.ch\\\/de\\\/\",\"logo\":{\"@type\":\"ImageObject\",\"inLanguage\":\"de\",\"@id\":\"https:\\\/\\\/sysmatec.ch\\\/de\\\/#\\\/schema\\\/logo\\\/image\\\/\",\"url\":\"https:\\\/\\\/sysmatec.ch\\\/wp-content\\\/uploads\\\/2018\\\/11\\\/LogoSysmatec.jpg\",\"contentUrl\":\"https:\\\/\\\/sysmatec.ch\\\/wp-content\\\/uploads\\\/2018\\\/11\\\/LogoSysmatec.jpg\",\"width\":301,\"height\":297,\"caption\":\"Sysmatec\"},\"image\":{\"@id\":\"https:\\\/\\\/sysmatec.ch\\\/de\\\/#\\\/schema\\\/logo\\\/image\\\/\"}}]}<\/script>\n<!-- \/ Yoast SEO plugin. -->","yoast_head_json":{"title":"Motorisiertes 3D-3D-Mikroskop BVM-6000-3D - Sysmatec","description":"3 D-Digitalmikroskop mit integriertem Videodisplay f\u00fcr Wissenschaft, Qualit\u00e4tskontrolle und Bildungsanwendungen.","robots":{"index":"index","follow":"follow","max-snippet":"max-snippet:-1","max-image-preview":"max-image-preview:large","max-video-preview":"max-video-preview:-1"},"canonical":"https:\/\/sysmatec.ch\/de\/produit\/motorisiertes-3d-3d-mikroskop-bvm-6000-3d\/","og_locale":"de_DE","og_type":"article","og_title":"Motorisiertes 3D-3D-Mikroskop BVM-6000-3D - Sysmatec","og_description":"3 D-Digitalmikroskop mit integriertem Videodisplay f\u00fcr Wissenschaft, Qualit\u00e4tskontrolle und Bildungsanwendungen.","og_url":"https:\/\/sysmatec.ch\/de\/produit\/motorisiertes-3d-3d-mikroskop-bvm-6000-3d\/","og_site_name":"Sysmatec","article_modified_time":"2022-06-21T19:19:11+00:00","og_image":[{"width":443,"height":414,"url":"https:\/\/sysmatec.ch\/wp-content\/uploads\/2022\/06\/MicroscopeBVM60003D.jpg","type":"image\/jpeg"}],"twitter_card":"summary_large_image","twitter_misc":{"Gesch\u00e4tzte Lesezeit":"1\u00a0Minute"},"schema":{"@context":"https:\/\/schema.org","@graph":[{"@type":"WebPage","@id":"https:\/\/sysmatec.ch\/de\/produit\/motorisiertes-3d-3d-mikroskop-bvm-6000-3d\/","url":"https:\/\/sysmatec.ch\/de\/produit\/motorisiertes-3d-3d-mikroskop-bvm-6000-3d\/","name":"Motorisiertes 3D-3D-Mikroskop BVM-6000-3D - Sysmatec","isPartOf":{"@id":"https:\/\/sysmatec.ch\/de\/#website"},"primaryImageOfPage":{"@id":"https:\/\/sysmatec.ch\/de\/produit\/motorisiertes-3d-3d-mikroskop-bvm-6000-3d\/#primaryimage"},"image":{"@id":"https:\/\/sysmatec.ch\/de\/produit\/motorisiertes-3d-3d-mikroskop-bvm-6000-3d\/#primaryimage"},"thumbnailUrl":"https:\/\/sysmatec.ch\/wp-content\/uploads\/2022\/06\/MicroscopeBVM60003D.jpg","datePublished":"2022-06-21T18:54:49+00:00","dateModified":"2022-06-21T19:19:11+00:00","description":"3 D-Digitalmikroskop mit integriertem Videodisplay f\u00fcr Wissenschaft, Qualit\u00e4tskontrolle und Bildungsanwendungen.","breadcrumb":{"@id":"https:\/\/sysmatec.ch\/de\/produit\/motorisiertes-3d-3d-mikroskop-bvm-6000-3d\/#breadcrumb"},"inLanguage":"de","potentialAction":[{"@type":"ReadAction","target":["https:\/\/sysmatec.ch\/de\/produit\/motorisiertes-3d-3d-mikroskop-bvm-6000-3d\/"]}]},{"@type":"ImageObject","inLanguage":"de","@id":"https:\/\/sysmatec.ch\/de\/produit\/motorisiertes-3d-3d-mikroskop-bvm-6000-3d\/#primaryimage","url":"https:\/\/sysmatec.ch\/wp-content\/uploads\/2022\/06\/MicroscopeBVM60003D.jpg","contentUrl":"https:\/\/sysmatec.ch\/wp-content\/uploads\/2022\/06\/MicroscopeBVM60003D.jpg","width":443,"height":414},{"@type":"BreadcrumbList","@id":"https:\/\/sysmatec.ch\/de\/produit\/motorisiertes-3d-3d-mikroskop-bvm-6000-3d\/#breadcrumb","itemListElement":[{"@type":"ListItem","position":1,"name":"Accueil","item":"https:\/\/sysmatec.ch\/de\/"},{"@type":"ListItem","position":2,"name":"Die Aktivit\u00e4t von Sysmatec","item":"https:\/\/sysmatec.ch\/de\/"},{"@type":"ListItem","position":3,"name":"Motorisiertes 3D-3D-Mikroskop BVM-6000-3D"}]},{"@type":"WebSite","@id":"https:\/\/sysmatec.ch\/de\/#website","url":"https:\/\/sysmatec.ch\/de\/","name":"Sysmatec","description":"Equipement de laboratoire et logiciels","publisher":{"@id":"https:\/\/sysmatec.ch\/de\/#organization"},"potentialAction":[{"@type":"SearchAction","target":{"@type":"EntryPoint","urlTemplate":"https:\/\/sysmatec.ch\/de\/?s={search_term_string}"},"query-input":{"@type":"PropertyValueSpecification","valueRequired":true,"valueName":"search_term_string"}}],"inLanguage":"de"},{"@type":"Organization","@id":"https:\/\/sysmatec.ch\/de\/#organization","name":"Sysmatec","url":"https:\/\/sysmatec.ch\/de\/","logo":{"@type":"ImageObject","inLanguage":"de","@id":"https:\/\/sysmatec.ch\/de\/#\/schema\/logo\/image\/","url":"https:\/\/sysmatec.ch\/wp-content\/uploads\/2018\/11\/LogoSysmatec.jpg","contentUrl":"https:\/\/sysmatec.ch\/wp-content\/uploads\/2018\/11\/LogoSysmatec.jpg","width":301,"height":297,"caption":"Sysmatec"},"image":{"@id":"https:\/\/sysmatec.ch\/de\/#\/schema\/logo\/image\/"}}]}},"_links":{"self":[{"href":"https:\/\/sysmatec.ch\/de\/wp-json\/wp\/v2\/product\/27957","targetHints":{"allow":["GET"]}}],"collection":[{"href":"https:\/\/sysmatec.ch\/de\/wp-json\/wp\/v2\/product"}],"about":[{"href":"https:\/\/sysmatec.ch\/de\/wp-json\/wp\/v2\/types\/product"}],"wp:featuredmedia":[{"embeddable":true,"href":"https:\/\/sysmatec.ch\/de\/wp-json\/wp\/v2\/media\/27961"}],"wp:attachment":[{"href":"https:\/\/sysmatec.ch\/de\/wp-json\/wp\/v2\/media?parent=27957"}],"wp:term":[{"taxonomy":"product_brand","embeddable":true,"href":"https:\/\/sysmatec.ch\/de\/wp-json\/wp\/v2\/product_brand?post=27957"},{"taxonomy":"product_cat","embeddable":true,"href":"https:\/\/sysmatec.ch\/de\/wp-json\/wp\/v2\/product_cat?post=27957"},{"taxonomy":"product_tag","embeddable":true,"href":"https:\/\/sysmatec.ch\/de\/wp-json\/wp\/v2\/product_tag?post=27957"}],"curies":[{"name":"wp","href":"https:\/\/api.w.org\/{rel}","templated":true}]}}