{"id":2793,"date":"2019-02-12T08:51:38","date_gmt":"2019-02-12T07:51:38","guid":{"rendered":"https:\/\/sysmatec.ch\/produit\/balance-compteuse-kern-cds\/"},"modified":"2022-03-01T17:02:10","modified_gmt":"2022-03-01T16:02:10","slug":"kern-cds-zaehlwaage","status":"publish","type":"product","link":"https:\/\/sysmatec.ch\/de\/Produkt\/kern-cds-zaehlwaage\/","title":{"rendered":"Z\u00e4hlwaage KERN CDS"},"content":{"rendered":"<ul>\n<li>Selbsterkl\u00e4rendes grafikunterst\u00fctztes Bedienfeld, Auch ohne Bedienungsanleitung sofort verst\u00e4ndlicher Ablauf des Z\u00e4hlvorganges\n<ul>\n<li>Keine Anlernzeit = spart Kosten<\/li>\n<li>Ideal f\u00fcr den unge\u00fcbten Benutzer<\/li>\n<li>Visualisierter Ablauf vermeidet Bedienfehler<\/li>\n<\/ul>\n<\/li>\n<li>Genaues Z\u00e4hlen: Die automatische Referenzoptimierung verbessert stufenweise den Durchschnittswert des Teilegewichts<\/li>\n<li>Die 4 Arbeitsschritte werden von links nach rechts durchgef\u00fchrt:\n<ul>\n<li>Leeren Beh\u00e4lter auf die W\u00e4geplatte stellen und per Tastendruck (TARE) tarieren<\/li>\n<li>Referenzst\u00fcckzahl der Z\u00e4hlmenge in den Beh\u00e4lter einf\u00fcllen (5, 10 oder 20 St\u00fcck)<\/li>\n<li>Gew\u00e4hlte Referenzst\u00fcckzahl per Tastendruck (5, 10 oder 20) best\u00e4tigen<\/li>\n<li>Z\u00e4hlmenge in den Beh\u00e4lter einf\u00fcllen. Die St\u00fcckzahl wird direkt im Display angezeigt<\/li>\n<\/ul>\n<\/li>\n<li>Option Akku<\/li>\n<\/ul>\n<table border=\"1\" width=\"458\" cellspacing=\"0\" cellpadding=\"2\">\n<tbody>\n<tr>\n<td>Modell<\/td>\n<td width=\"10%\">Ablesbarkeit<\/td>\n<td width=\"10%\">W\u00e4gebereich<\/td>\n<\/tr>\n<tr>\n<td><\/td>\n<td width=\"10%\">g<\/td>\n<td width=\"10%\">kg<\/td>\n<\/tr>\n<tr>\n<td>CDS 4K0.02<\/td>\n<td width=\"10%\">0,02<\/td>\n<td width=\"10%\">4<\/td>\n<\/tr>\n<tr>\n<td>CDS 15K0.05<\/td>\n<td width=\"10%\">0,05<\/td>\n<td width=\"10%\">15<\/td>\n<\/tr>\n<tr>\n<td>CDS 16K0.1<\/td>\n<td width=\"10%\">0,1<\/td>\n<td width=\"10%\">16<\/td>\n<\/tr>\n<tr>\n<td>CDS 30K0.1<\/td>\n<td width=\"10%\">0,1<\/td>\n<td width=\"10%\">30<\/td>\n<\/tr>\n<tr>\n<td>CDS 30K0.1L<\/td>\n<td width=\"10%\">0,1<\/td>\n<td width=\"10%\">30<\/td>\n<\/tr>\n<tr>\n<td>CDS 36K0.2L<\/td>\n<td width=\"10%\">0,2<\/td>\n<td width=\"10%\">36<\/td>\n<\/tr>\n<tr>\n<td>CDS 60K0.2<\/td>\n<td width=\"10%\">0,2<\/td>\n<td width=\"10%\">60<\/td>\n<\/tr>\n<tr>\n<td>CDS 100K0.5<\/td>\n<td width=\"10%\">0,5<\/td>\n<td width=\"10%\">10<\/td>\n<\/tr>\n<\/tbody>\n<\/table>\n","protected":false},"excerpt":{"rendered":"<p>Z\u00e4hlwaage 0-4 kg bis 0-100 kg<\/p>\n","protected":false},"featured_media":23161,"template":"","meta":{"_crdt_document":""},"product_brand":[],"product_cat":[165,344],"product_tag":[],"class_list":{"0":"post-2793","1":"product","2":"type-product","3":"status-publish","4":"has-post-thumbnail","6":"product_cat-gewicht","7":"product_cat-zahlen","9":"first","10":"instock","11":"taxable","12":"shipping-taxable","13":"purchasable","14":"product-type-variable"},"yoast_head":"<!-- This site is optimized with the Yoast SEO plugin v27.3 - https:\/\/yoast.com\/product\/yoast-seo-wordpress\/ -->\n<title>Z\u00e4hlwaage KERN CDS - Sysmatec<\/title>\n<meta name=\"description\" content=\"Hochaufl\u00f6sende Z\u00e4hlplattformwaage. Einfache Bedienung durch Verwendung spezieller Tasten. Wiegebereich von 0-2 bis 0-100 kg.\" \/>\n<meta name=\"robots\" content=\"index, follow, max-snippet:-1, max-image-preview:large, max-video-preview:-1\" \/>\n<link rel=\"canonical\" href=\"https:\/\/sysmatec.ch\/de\/produit\/kern-cds-zaehlwaage\/\" \/>\n<meta property=\"og:locale\" content=\"de_DE\" \/>\n<meta property=\"og:type\" content=\"article\" \/>\n<meta property=\"og:title\" content=\"Z\u00e4hlwaage KERN CDS - Sysmatec\" \/>\n<meta property=\"og:description\" content=\"Hochaufl\u00f6sende Z\u00e4hlplattformwaage. Einfache Bedienung durch Verwendung spezieller Tasten. Wiegebereich von 0-2 bis 0-100 kg.\" \/>\n<meta property=\"og:url\" content=\"https:\/\/sysmatec.ch\/de\/produit\/kern-cds-zaehlwaage\/\" \/>\n<meta property=\"og:site_name\" content=\"Sysmatec\" \/>\n<meta property=\"article:modified_time\" content=\"2022-03-01T16:02:10+00:00\" \/>\n<meta property=\"og:image\" content=\"https:\/\/sysmatec.ch\/wp-content\/uploads\/2019\/02\/Balance_CDS-15K0.05-scaled.jpg\" \/>\n\t<meta property=\"og:image:width\" content=\"2560\" \/>\n\t<meta property=\"og:image:height\" content=\"2422\" \/>\n\t<meta property=\"og:image:type\" content=\"image\/jpeg\" \/>\n<meta name=\"twitter:card\" content=\"summary_large_image\" \/>\n<meta name=\"twitter:label1\" content=\"Gesch\u00e4tzte Lesezeit\" \/>\n\t<meta name=\"twitter:data1\" content=\"1\u00a0Minute\" \/>\n<script type=\"application\/ld+json\" class=\"yoast-schema-graph\">{\"@context\":\"https:\\\/\\\/schema.org\",\"@graph\":[{\"@type\":\"WebPage\",\"@id\":\"https:\\\/\\\/sysmatec.ch\\\/de\\\/produit\\\/kern-cds-zaehlwaage\\\/\",\"url\":\"https:\\\/\\\/sysmatec.ch\\\/de\\\/produit\\\/kern-cds-zaehlwaage\\\/\",\"name\":\"Z\u00e4hlwaage KERN CDS - Sysmatec\",\"isPartOf\":{\"@id\":\"https:\\\/\\\/sysmatec.ch\\\/de\\\/#website\"},\"primaryImageOfPage\":{\"@id\":\"https:\\\/\\\/sysmatec.ch\\\/de\\\/produit\\\/kern-cds-zaehlwaage\\\/#primaryimage\"},\"image\":{\"@id\":\"https:\\\/\\\/sysmatec.ch\\\/de\\\/produit\\\/kern-cds-zaehlwaage\\\/#primaryimage\"},\"thumbnailUrl\":\"https:\\\/\\\/sysmatec.ch\\\/wp-content\\\/uploads\\\/2019\\\/02\\\/Balance_CDS-15K0.05-scaled.jpg\",\"datePublished\":\"2019-02-12T07:51:38+00:00\",\"dateModified\":\"2022-03-01T16:02:10+00:00\",\"description\":\"Hochaufl\u00f6sende Z\u00e4hlplattformwaage. Einfache Bedienung durch Verwendung spezieller Tasten. Wiegebereich von 0-2 bis 0-100 kg.\",\"breadcrumb\":{\"@id\":\"https:\\\/\\\/sysmatec.ch\\\/de\\\/produit\\\/kern-cds-zaehlwaage\\\/#breadcrumb\"},\"inLanguage\":\"de\",\"potentialAction\":[{\"@type\":\"ReadAction\",\"target\":[\"https:\\\/\\\/sysmatec.ch\\\/de\\\/produit\\\/kern-cds-zaehlwaage\\\/\"]}]},{\"@type\":\"ImageObject\",\"inLanguage\":\"de\",\"@id\":\"https:\\\/\\\/sysmatec.ch\\\/de\\\/produit\\\/kern-cds-zaehlwaage\\\/#primaryimage\",\"url\":\"https:\\\/\\\/sysmatec.ch\\\/wp-content\\\/uploads\\\/2019\\\/02\\\/Balance_CDS-15K0.05-scaled.jpg\",\"contentUrl\":\"https:\\\/\\\/sysmatec.ch\\\/wp-content\\\/uploads\\\/2019\\\/02\\\/Balance_CDS-15K0.05-scaled.jpg\",\"width\":2560,\"height\":2422},{\"@type\":\"BreadcrumbList\",\"@id\":\"https:\\\/\\\/sysmatec.ch\\\/de\\\/produit\\\/kern-cds-zaehlwaage\\\/#breadcrumb\",\"itemListElement\":[{\"@type\":\"ListItem\",\"position\":1,\"name\":\"Accueil\",\"item\":\"https:\\\/\\\/sysmatec.ch\\\/de\\\/\"},{\"@type\":\"ListItem\",\"position\":2,\"name\":\"Die Aktivit\u00e4t von Sysmatec\",\"item\":\"https:\\\/\\\/sysmatec.ch\\\/de\\\/\"},{\"@type\":\"ListItem\",\"position\":3,\"name\":\"Z\u00e4hlwaage KERN CDS\"}]},{\"@type\":\"WebSite\",\"@id\":\"https:\\\/\\\/sysmatec.ch\\\/de\\\/#website\",\"url\":\"https:\\\/\\\/sysmatec.ch\\\/de\\\/\",\"name\":\"Sysmatec\",\"description\":\"Equipement de laboratoire et logiciels\",\"publisher\":{\"@id\":\"https:\\\/\\\/sysmatec.ch\\\/de\\\/#organization\"},\"potentialAction\":[{\"@type\":\"SearchAction\",\"target\":{\"@type\":\"EntryPoint\",\"urlTemplate\":\"https:\\\/\\\/sysmatec.ch\\\/de\\\/?s={search_term_string}\"},\"query-input\":{\"@type\":\"PropertyValueSpecification\",\"valueRequired\":true,\"valueName\":\"search_term_string\"}}],\"inLanguage\":\"de\"},{\"@type\":\"Organization\",\"@id\":\"https:\\\/\\\/sysmatec.ch\\\/de\\\/#organization\",\"name\":\"Sysmatec\",\"url\":\"https:\\\/\\\/sysmatec.ch\\\/de\\\/\",\"logo\":{\"@type\":\"ImageObject\",\"inLanguage\":\"de\",\"@id\":\"https:\\\/\\\/sysmatec.ch\\\/de\\\/#\\\/schema\\\/logo\\\/image\\\/\",\"url\":\"https:\\\/\\\/sysmatec.ch\\\/wp-content\\\/uploads\\\/2018\\\/11\\\/LogoSysmatec.jpg\",\"contentUrl\":\"https:\\\/\\\/sysmatec.ch\\\/wp-content\\\/uploads\\\/2018\\\/11\\\/LogoSysmatec.jpg\",\"width\":301,\"height\":297,\"caption\":\"Sysmatec\"},\"image\":{\"@id\":\"https:\\\/\\\/sysmatec.ch\\\/de\\\/#\\\/schema\\\/logo\\\/image\\\/\"}}]}<\/script>\n<!-- \/ Yoast SEO plugin. -->","yoast_head_json":{"title":"Z\u00e4hlwaage KERN CDS - Sysmatec","description":"Hochaufl\u00f6sende Z\u00e4hlplattformwaage. Einfache Bedienung durch Verwendung spezieller Tasten. Wiegebereich von 0-2 bis 0-100 kg.","robots":{"index":"index","follow":"follow","max-snippet":"max-snippet:-1","max-image-preview":"max-image-preview:large","max-video-preview":"max-video-preview:-1"},"canonical":"https:\/\/sysmatec.ch\/de\/produit\/kern-cds-zaehlwaage\/","og_locale":"de_DE","og_type":"article","og_title":"Z\u00e4hlwaage KERN CDS - Sysmatec","og_description":"Hochaufl\u00f6sende Z\u00e4hlplattformwaage. Einfache Bedienung durch Verwendung spezieller Tasten. Wiegebereich von 0-2 bis 0-100 kg.","og_url":"https:\/\/sysmatec.ch\/de\/produit\/kern-cds-zaehlwaage\/","og_site_name":"Sysmatec","article_modified_time":"2022-03-01T16:02:10+00:00","og_image":[{"width":2560,"height":2422,"url":"https:\/\/sysmatec.ch\/wp-content\/uploads\/2019\/02\/Balance_CDS-15K0.05-scaled.jpg","type":"image\/jpeg"}],"twitter_card":"summary_large_image","twitter_misc":{"Gesch\u00e4tzte Lesezeit":"1\u00a0Minute"},"schema":{"@context":"https:\/\/schema.org","@graph":[{"@type":"WebPage","@id":"https:\/\/sysmatec.ch\/de\/produit\/kern-cds-zaehlwaage\/","url":"https:\/\/sysmatec.ch\/de\/produit\/kern-cds-zaehlwaage\/","name":"Z\u00e4hlwaage KERN CDS - Sysmatec","isPartOf":{"@id":"https:\/\/sysmatec.ch\/de\/#website"},"primaryImageOfPage":{"@id":"https:\/\/sysmatec.ch\/de\/produit\/kern-cds-zaehlwaage\/#primaryimage"},"image":{"@id":"https:\/\/sysmatec.ch\/de\/produit\/kern-cds-zaehlwaage\/#primaryimage"},"thumbnailUrl":"https:\/\/sysmatec.ch\/wp-content\/uploads\/2019\/02\/Balance_CDS-15K0.05-scaled.jpg","datePublished":"2019-02-12T07:51:38+00:00","dateModified":"2022-03-01T16:02:10+00:00","description":"Hochaufl\u00f6sende Z\u00e4hlplattformwaage. Einfache Bedienung durch Verwendung spezieller Tasten. Wiegebereich von 0-2 bis 0-100 kg.","breadcrumb":{"@id":"https:\/\/sysmatec.ch\/de\/produit\/kern-cds-zaehlwaage\/#breadcrumb"},"inLanguage":"de","potentialAction":[{"@type":"ReadAction","target":["https:\/\/sysmatec.ch\/de\/produit\/kern-cds-zaehlwaage\/"]}]},{"@type":"ImageObject","inLanguage":"de","@id":"https:\/\/sysmatec.ch\/de\/produit\/kern-cds-zaehlwaage\/#primaryimage","url":"https:\/\/sysmatec.ch\/wp-content\/uploads\/2019\/02\/Balance_CDS-15K0.05-scaled.jpg","contentUrl":"https:\/\/sysmatec.ch\/wp-content\/uploads\/2019\/02\/Balance_CDS-15K0.05-scaled.jpg","width":2560,"height":2422},{"@type":"BreadcrumbList","@id":"https:\/\/sysmatec.ch\/de\/produit\/kern-cds-zaehlwaage\/#breadcrumb","itemListElement":[{"@type":"ListItem","position":1,"name":"Accueil","item":"https:\/\/sysmatec.ch\/de\/"},{"@type":"ListItem","position":2,"name":"Die Aktivit\u00e4t von Sysmatec","item":"https:\/\/sysmatec.ch\/de\/"},{"@type":"ListItem","position":3,"name":"Z\u00e4hlwaage KERN CDS"}]},{"@type":"WebSite","@id":"https:\/\/sysmatec.ch\/de\/#website","url":"https:\/\/sysmatec.ch\/de\/","name":"Sysmatec","description":"Equipement de laboratoire et logiciels","publisher":{"@id":"https:\/\/sysmatec.ch\/de\/#organization"},"potentialAction":[{"@type":"SearchAction","target":{"@type":"EntryPoint","urlTemplate":"https:\/\/sysmatec.ch\/de\/?s={search_term_string}"},"query-input":{"@type":"PropertyValueSpecification","valueRequired":true,"valueName":"search_term_string"}}],"inLanguage":"de"},{"@type":"Organization","@id":"https:\/\/sysmatec.ch\/de\/#organization","name":"Sysmatec","url":"https:\/\/sysmatec.ch\/de\/","logo":{"@type":"ImageObject","inLanguage":"de","@id":"https:\/\/sysmatec.ch\/de\/#\/schema\/logo\/image\/","url":"https:\/\/sysmatec.ch\/wp-content\/uploads\/2018\/11\/LogoSysmatec.jpg","contentUrl":"https:\/\/sysmatec.ch\/wp-content\/uploads\/2018\/11\/LogoSysmatec.jpg","width":301,"height":297,"caption":"Sysmatec"},"image":{"@id":"https:\/\/sysmatec.ch\/de\/#\/schema\/logo\/image\/"}}]}},"_links":{"self":[{"href":"https:\/\/sysmatec.ch\/de\/wp-json\/wp\/v2\/product\/2793","targetHints":{"allow":["GET"]}}],"collection":[{"href":"https:\/\/sysmatec.ch\/de\/wp-json\/wp\/v2\/product"}],"about":[{"href":"https:\/\/sysmatec.ch\/de\/wp-json\/wp\/v2\/types\/product"}],"wp:featuredmedia":[{"embeddable":true,"href":"https:\/\/sysmatec.ch\/de\/wp-json\/wp\/v2\/media\/23161"}],"wp:attachment":[{"href":"https:\/\/sysmatec.ch\/de\/wp-json\/wp\/v2\/media?parent=2793"}],"wp:term":[{"taxonomy":"product_brand","embeddable":true,"href":"https:\/\/sysmatec.ch\/de\/wp-json\/wp\/v2\/product_brand?post=2793"},{"taxonomy":"product_cat","embeddable":true,"href":"https:\/\/sysmatec.ch\/de\/wp-json\/wp\/v2\/product_cat?post=2793"},{"taxonomy":"product_tag","embeddable":true,"href":"https:\/\/sysmatec.ch\/de\/wp-json\/wp\/v2\/product_tag?post=2793"}],"curies":[{"name":"wp","href":"https:\/\/api.w.org\/{rel}","templated":true}]}}