{"id":2786,"date":"2019-02-11T21:15:00","date_gmt":"2019-02-11T20:15:00","guid":{"rendered":"https:\/\/sysmatec.ch\/produit\/balance-compteuse-kern-fka\/"},"modified":"2022-03-01T17:48:54","modified_gmt":"2022-03-01T16:48:54","slug":"kern-fka-zaehlwaage","status":"publish","type":"product","link":"https:\/\/sysmatec.ch\/de\/Produkt\/kern-fka-zaehlwaage\/","title":{"rendered":"KERN FKA Z\u00e4hlwaage"},"content":{"rendered":"<ul>\n<li>Inventurwaage mit Touchscreen, Aufl\u00f6sung =360000 Punkte<\/li>\n<li>Ideal zum schnellen Erfassen der St\u00fcckzahl von Lagerartikeln und Einlesen in den PC<\/li>\n<li>Netzadapter 220 V \/ 9 V inklusiv<\/li>\n<li>\u00dcber die serienm\u00e4\u00dfig mitgelieferte Software kann eine am PC erstellte Excel-Liste mit Inventurartikeln an die Waage \u00fcbergeben werden. Im Lager k\u00f6nnen die Inventurartikel dann in ihrem Beh\u00e4lter auf der Waage gewogen, gez\u00e4hlt und abgespeichert werden. Das hinterlegte Beh\u00e4ltergewicht wird dabei automatisch abgezogen. Nach der Inventur wird der ermittelte Lagerbestand wieder an den PC \u00fcbertragen und kann dort als Excel-Tabelle weiter verarbeitet werden. Damit ist der Arbeits- und Eingabeaufwand an der Waage auf ein Minimum beschr\u00e4nkt und die Zeiteffizienz maximal erh\u00f6ht = spart Kosten<\/li>\n<li>Z\u00e4hlen mit fester und variabler Referenzst\u00fcckzahl<\/li>\n<li>Genaues Z\u00e4hlen: Die automatische Referenzoptimierung verbessert stufenweise den Durchschnittswert des Teilegewichts<\/li>\n<li>Hohe Flexibilit\u00e4t: Im Verlauf der Inventur k\u00f6nnen hinterlegte Taravorabz\u00fcge an der Waage direkt korrigiert werden. Noch nicht erfasste Artikel k\u00f6nnen \u00fcber die Waage direkt angelegt und in die Lagerbestandsliste \u00fcbernommen werden.<\/li>\n<li>1000 Artikelspeicherpl\u00e4tze f\u00fcr Stammdaten wie Taravorabzug (Beh\u00e4ltergewicht), Referenzmenge, Referenzgewicht etc.<\/li>\n<li>Ausdruck von erfassten Einzelpositionen<\/li>\n<li>Barcode-Scanner anschlie\u00dfbar f\u00fcr schnelle und verwechslungsfreie Artikelerkennung<\/li>\n<li>Option Akku<\/li>\n<\/ul>\n<table border=\"1\" width=\"458\" cellspacing=\"0\" cellpadding=\"2\">\n<tbody>\n<tr>\n<td>Modell<\/td>\n<td width=\"10%\">Ablesbarkeit<\/td>\n<td width=\"10%\">W\u00e4gebereich<\/td>\n<\/tr>\n<tr>\n<td><\/td>\n<td width=\"10%\">g<\/td>\n<td width=\"10%\">kg<\/td>\n<\/tr>\n<tr>\n<td>FKA 30K-4<\/td>\n<td width=\"10%\">0.1<\/td>\n<td width=\"10%\">36<\/td>\n<\/tr>\n<tr>\n<td>FKA 60K-4<\/td>\n<td width=\"10%\">0.2<\/td>\n<td width=\"10%\">65<\/td>\n<\/tr>\n<\/tbody>\n<\/table>\n","protected":false},"excerpt":{"rendered":"<p>Z\u00e4hlwaage mit Touchscreen.<\/p>\n","protected":false},"featured_media":2784,"template":"","meta":{"_crdt_document":""},"product_brand":[],"product_cat":[165,344],"product_tag":[],"class_list":{"0":"post-2786","1":"product","2":"type-product","3":"status-publish","4":"has-post-thumbnail","6":"product_cat-gewicht","7":"product_cat-zahlen","9":"first","10":"instock","11":"taxable","12":"shipping-taxable","13":"purchasable","14":"product-type-variable"},"yoast_head":"<!-- This site is optimized with the Yoast SEO plugin v27.3 - https:\/\/yoast.com\/product\/yoast-seo-wordpress\/ -->\n<title>KERN FKA Z\u00e4hlwaage - Sysmatec<\/title>\n<meta name=\"description\" content=\"Z\u00e4hlwaage mit Touchscreen. Speicher f\u00fcr 1000 Artikel. Ideal f\u00fcr die Durchf\u00fchrung von Inventuren. Wiegebereiche 0-36 kg und 0-65 kg.\" \/>\n<meta name=\"robots\" content=\"index, follow, max-snippet:-1, max-image-preview:large, max-video-preview:-1\" \/>\n<link rel=\"canonical\" href=\"https:\/\/sysmatec.ch\/de\/produit\/kern-fka-zaehlwaage\/\" \/>\n<meta property=\"og:locale\" content=\"de_DE\" \/>\n<meta property=\"og:type\" content=\"article\" \/>\n<meta property=\"og:title\" content=\"KERN FKA Z\u00e4hlwaage - Sysmatec\" \/>\n<meta property=\"og:description\" content=\"Z\u00e4hlwaage mit Touchscreen. Speicher f\u00fcr 1000 Artikel. Ideal f\u00fcr die Durchf\u00fchrung von Inventuren. Wiegebereiche 0-36 kg und 0-65 kg.\" \/>\n<meta property=\"og:url\" content=\"https:\/\/sysmatec.ch\/de\/produit\/kern-fka-zaehlwaage\/\" \/>\n<meta property=\"og:site_name\" content=\"Sysmatec\" \/>\n<meta property=\"article:modified_time\" content=\"2022-03-01T16:48:54+00:00\" \/>\n<meta property=\"og:image\" content=\"https:\/\/sysmatec.ch\/wp-content\/uploads\/2019\/02\/Balance_KernFKA.jpg\" \/>\n\t<meta property=\"og:image:width\" content=\"185\" \/>\n\t<meta property=\"og:image:height\" content=\"152\" \/>\n\t<meta property=\"og:image:type\" content=\"image\/jpeg\" \/>\n<meta name=\"twitter:card\" content=\"summary_large_image\" \/>\n<meta name=\"twitter:label1\" content=\"Gesch\u00e4tzte Lesezeit\" \/>\n\t<meta name=\"twitter:data1\" content=\"1\u00a0Minute\" \/>\n<script type=\"application\/ld+json\" class=\"yoast-schema-graph\">{\"@context\":\"https:\\\/\\\/schema.org\",\"@graph\":[{\"@type\":\"WebPage\",\"@id\":\"https:\\\/\\\/sysmatec.ch\\\/de\\\/produit\\\/kern-fka-zaehlwaage\\\/\",\"url\":\"https:\\\/\\\/sysmatec.ch\\\/de\\\/produit\\\/kern-fka-zaehlwaage\\\/\",\"name\":\"KERN FKA Z\u00e4hlwaage - Sysmatec\",\"isPartOf\":{\"@id\":\"https:\\\/\\\/sysmatec.ch\\\/de\\\/#website\"},\"primaryImageOfPage\":{\"@id\":\"https:\\\/\\\/sysmatec.ch\\\/de\\\/produit\\\/kern-fka-zaehlwaage\\\/#primaryimage\"},\"image\":{\"@id\":\"https:\\\/\\\/sysmatec.ch\\\/de\\\/produit\\\/kern-fka-zaehlwaage\\\/#primaryimage\"},\"thumbnailUrl\":\"https:\\\/\\\/sysmatec.ch\\\/wp-content\\\/uploads\\\/2019\\\/02\\\/Balance_KernFKA.jpg\",\"datePublished\":\"2019-02-11T20:15:00+00:00\",\"dateModified\":\"2022-03-01T16:48:54+00:00\",\"description\":\"Z\u00e4hlwaage mit Touchscreen. Speicher f\u00fcr 1000 Artikel. Ideal f\u00fcr die Durchf\u00fchrung von Inventuren. Wiegebereiche 0-36 kg und 0-65 kg.\",\"breadcrumb\":{\"@id\":\"https:\\\/\\\/sysmatec.ch\\\/de\\\/produit\\\/kern-fka-zaehlwaage\\\/#breadcrumb\"},\"inLanguage\":\"de\",\"potentialAction\":[{\"@type\":\"ReadAction\",\"target\":[\"https:\\\/\\\/sysmatec.ch\\\/de\\\/produit\\\/kern-fka-zaehlwaage\\\/\"]}]},{\"@type\":\"ImageObject\",\"inLanguage\":\"de\",\"@id\":\"https:\\\/\\\/sysmatec.ch\\\/de\\\/produit\\\/kern-fka-zaehlwaage\\\/#primaryimage\",\"url\":\"https:\\\/\\\/sysmatec.ch\\\/wp-content\\\/uploads\\\/2019\\\/02\\\/Balance_KernFKA.jpg\",\"contentUrl\":\"https:\\\/\\\/sysmatec.ch\\\/wp-content\\\/uploads\\\/2019\\\/02\\\/Balance_KernFKA.jpg\",\"width\":185,\"height\":152},{\"@type\":\"BreadcrumbList\",\"@id\":\"https:\\\/\\\/sysmatec.ch\\\/de\\\/produit\\\/kern-fka-zaehlwaage\\\/#breadcrumb\",\"itemListElement\":[{\"@type\":\"ListItem\",\"position\":1,\"name\":\"Accueil\",\"item\":\"https:\\\/\\\/sysmatec.ch\\\/de\\\/\"},{\"@type\":\"ListItem\",\"position\":2,\"name\":\"Die Aktivit\u00e4t von Sysmatec\",\"item\":\"https:\\\/\\\/sysmatec.ch\\\/de\\\/\"},{\"@type\":\"ListItem\",\"position\":3,\"name\":\"KERN FKA Z\u00e4hlwaage\"}]},{\"@type\":\"WebSite\",\"@id\":\"https:\\\/\\\/sysmatec.ch\\\/de\\\/#website\",\"url\":\"https:\\\/\\\/sysmatec.ch\\\/de\\\/\",\"name\":\"Sysmatec\",\"description\":\"Equipement de laboratoire et logiciels\",\"publisher\":{\"@id\":\"https:\\\/\\\/sysmatec.ch\\\/de\\\/#organization\"},\"potentialAction\":[{\"@type\":\"SearchAction\",\"target\":{\"@type\":\"EntryPoint\",\"urlTemplate\":\"https:\\\/\\\/sysmatec.ch\\\/de\\\/?s={search_term_string}\"},\"query-input\":{\"@type\":\"PropertyValueSpecification\",\"valueRequired\":true,\"valueName\":\"search_term_string\"}}],\"inLanguage\":\"de\"},{\"@type\":\"Organization\",\"@id\":\"https:\\\/\\\/sysmatec.ch\\\/de\\\/#organization\",\"name\":\"Sysmatec\",\"url\":\"https:\\\/\\\/sysmatec.ch\\\/de\\\/\",\"logo\":{\"@type\":\"ImageObject\",\"inLanguage\":\"de\",\"@id\":\"https:\\\/\\\/sysmatec.ch\\\/de\\\/#\\\/schema\\\/logo\\\/image\\\/\",\"url\":\"https:\\\/\\\/sysmatec.ch\\\/wp-content\\\/uploads\\\/2018\\\/11\\\/LogoSysmatec.jpg\",\"contentUrl\":\"https:\\\/\\\/sysmatec.ch\\\/wp-content\\\/uploads\\\/2018\\\/11\\\/LogoSysmatec.jpg\",\"width\":301,\"height\":297,\"caption\":\"Sysmatec\"},\"image\":{\"@id\":\"https:\\\/\\\/sysmatec.ch\\\/de\\\/#\\\/schema\\\/logo\\\/image\\\/\"}}]}<\/script>\n<!-- \/ Yoast SEO plugin. -->","yoast_head_json":{"title":"KERN FKA Z\u00e4hlwaage - Sysmatec","description":"Z\u00e4hlwaage mit Touchscreen. Speicher f\u00fcr 1000 Artikel. Ideal f\u00fcr die Durchf\u00fchrung von Inventuren. Wiegebereiche 0-36 kg und 0-65 kg.","robots":{"index":"index","follow":"follow","max-snippet":"max-snippet:-1","max-image-preview":"max-image-preview:large","max-video-preview":"max-video-preview:-1"},"canonical":"https:\/\/sysmatec.ch\/de\/produit\/kern-fka-zaehlwaage\/","og_locale":"de_DE","og_type":"article","og_title":"KERN FKA Z\u00e4hlwaage - Sysmatec","og_description":"Z\u00e4hlwaage mit Touchscreen. Speicher f\u00fcr 1000 Artikel. Ideal f\u00fcr die Durchf\u00fchrung von Inventuren. Wiegebereiche 0-36 kg und 0-65 kg.","og_url":"https:\/\/sysmatec.ch\/de\/produit\/kern-fka-zaehlwaage\/","og_site_name":"Sysmatec","article_modified_time":"2022-03-01T16:48:54+00:00","og_image":[{"width":185,"height":152,"url":"https:\/\/sysmatec.ch\/wp-content\/uploads\/2019\/02\/Balance_KernFKA.jpg","type":"image\/jpeg"}],"twitter_card":"summary_large_image","twitter_misc":{"Gesch\u00e4tzte Lesezeit":"1\u00a0Minute"},"schema":{"@context":"https:\/\/schema.org","@graph":[{"@type":"WebPage","@id":"https:\/\/sysmatec.ch\/de\/produit\/kern-fka-zaehlwaage\/","url":"https:\/\/sysmatec.ch\/de\/produit\/kern-fka-zaehlwaage\/","name":"KERN FKA Z\u00e4hlwaage - Sysmatec","isPartOf":{"@id":"https:\/\/sysmatec.ch\/de\/#website"},"primaryImageOfPage":{"@id":"https:\/\/sysmatec.ch\/de\/produit\/kern-fka-zaehlwaage\/#primaryimage"},"image":{"@id":"https:\/\/sysmatec.ch\/de\/produit\/kern-fka-zaehlwaage\/#primaryimage"},"thumbnailUrl":"https:\/\/sysmatec.ch\/wp-content\/uploads\/2019\/02\/Balance_KernFKA.jpg","datePublished":"2019-02-11T20:15:00+00:00","dateModified":"2022-03-01T16:48:54+00:00","description":"Z\u00e4hlwaage mit Touchscreen. Speicher f\u00fcr 1000 Artikel. Ideal f\u00fcr die Durchf\u00fchrung von Inventuren. Wiegebereiche 0-36 kg und 0-65 kg.","breadcrumb":{"@id":"https:\/\/sysmatec.ch\/de\/produit\/kern-fka-zaehlwaage\/#breadcrumb"},"inLanguage":"de","potentialAction":[{"@type":"ReadAction","target":["https:\/\/sysmatec.ch\/de\/produit\/kern-fka-zaehlwaage\/"]}]},{"@type":"ImageObject","inLanguage":"de","@id":"https:\/\/sysmatec.ch\/de\/produit\/kern-fka-zaehlwaage\/#primaryimage","url":"https:\/\/sysmatec.ch\/wp-content\/uploads\/2019\/02\/Balance_KernFKA.jpg","contentUrl":"https:\/\/sysmatec.ch\/wp-content\/uploads\/2019\/02\/Balance_KernFKA.jpg","width":185,"height":152},{"@type":"BreadcrumbList","@id":"https:\/\/sysmatec.ch\/de\/produit\/kern-fka-zaehlwaage\/#breadcrumb","itemListElement":[{"@type":"ListItem","position":1,"name":"Accueil","item":"https:\/\/sysmatec.ch\/de\/"},{"@type":"ListItem","position":2,"name":"Die Aktivit\u00e4t von Sysmatec","item":"https:\/\/sysmatec.ch\/de\/"},{"@type":"ListItem","position":3,"name":"KERN FKA Z\u00e4hlwaage"}]},{"@type":"WebSite","@id":"https:\/\/sysmatec.ch\/de\/#website","url":"https:\/\/sysmatec.ch\/de\/","name":"Sysmatec","description":"Equipement de laboratoire et logiciels","publisher":{"@id":"https:\/\/sysmatec.ch\/de\/#organization"},"potentialAction":[{"@type":"SearchAction","target":{"@type":"EntryPoint","urlTemplate":"https:\/\/sysmatec.ch\/de\/?s={search_term_string}"},"query-input":{"@type":"PropertyValueSpecification","valueRequired":true,"valueName":"search_term_string"}}],"inLanguage":"de"},{"@type":"Organization","@id":"https:\/\/sysmatec.ch\/de\/#organization","name":"Sysmatec","url":"https:\/\/sysmatec.ch\/de\/","logo":{"@type":"ImageObject","inLanguage":"de","@id":"https:\/\/sysmatec.ch\/de\/#\/schema\/logo\/image\/","url":"https:\/\/sysmatec.ch\/wp-content\/uploads\/2018\/11\/LogoSysmatec.jpg","contentUrl":"https:\/\/sysmatec.ch\/wp-content\/uploads\/2018\/11\/LogoSysmatec.jpg","width":301,"height":297,"caption":"Sysmatec"},"image":{"@id":"https:\/\/sysmatec.ch\/de\/#\/schema\/logo\/image\/"}}]}},"_links":{"self":[{"href":"https:\/\/sysmatec.ch\/de\/wp-json\/wp\/v2\/product\/2786","targetHints":{"allow":["GET"]}}],"collection":[{"href":"https:\/\/sysmatec.ch\/de\/wp-json\/wp\/v2\/product"}],"about":[{"href":"https:\/\/sysmatec.ch\/de\/wp-json\/wp\/v2\/types\/product"}],"wp:featuredmedia":[{"embeddable":true,"href":"https:\/\/sysmatec.ch\/de\/wp-json\/wp\/v2\/media\/2784"}],"wp:attachment":[{"href":"https:\/\/sysmatec.ch\/de\/wp-json\/wp\/v2\/media?parent=2786"}],"wp:term":[{"taxonomy":"product_brand","embeddable":true,"href":"https:\/\/sysmatec.ch\/de\/wp-json\/wp\/v2\/product_brand?post=2786"},{"taxonomy":"product_cat","embeddable":true,"href":"https:\/\/sysmatec.ch\/de\/wp-json\/wp\/v2\/product_cat?post=2786"},{"taxonomy":"product_tag","embeddable":true,"href":"https:\/\/sysmatec.ch\/de\/wp-json\/wp\/v2\/product_tag?post=2786"}],"curies":[{"name":"wp","href":"https:\/\/api.w.org\/{rel}","templated":true}]}}