{"id":2780,"date":"2019-02-11T21:06:33","date_gmt":"2019-02-11T20:06:33","guid":{"rendered":"https:\/\/sysmatec.ch\/produit\/balance-compteuse-kern-cke\/"},"modified":"2022-03-01T17:54:08","modified_gmt":"2022-03-01T16:54:08","slug":"kern-cke-zahlwaage","status":"publish","type":"product","link":"https:\/\/sysmatec.ch\/de\/Produkt\/kern-cke-zahlwaage\/","title":{"rendered":"Z\u00e4hlwaage KERN CKE"},"content":{"rendered":"<ul>\n<li>Selbsterkl\u00e4rende Z\u00e4hlwaage mit Laborgenauigkeit, Z\u00e4hlaufl\u00f6sung bis zu 360.000 Punkte<\/li>\n<li>Selbsterkl\u00e4rendes grafikunterst\u00fctztes Bedienfeld, auch ohne Bedienungsanleitung sofort verst\u00e4ndlicher Ablauf des Z\u00e4hlvorganges: keine Anlernzeit = spart Kosten, ideal f\u00fcr den unge\u00fcbten Benutzer, visualisierter Ablauf vermeidet Bedienfehler<\/li>\n<li>Die 4 Arbeitsschritte werden von links nach rechts durchgef\u00fchrt:\n<ul>\n<li>Leeren Beh\u00e4lter auf die W\u00e4geplatte stellen und per Tastendruck (TARE) tarieren<\/li>\n<li>Referenzst\u00fcckzahl der Z\u00e4hlmenge in den Beh\u00e4lter einf\u00fcllen (5, 10 oder 20 St\u00fcck)<\/li>\n<li>Gew\u00e4hlte Referenzst\u00fcckzahl per Tastendruck (5, 10 oder 20) best\u00e4tigen<\/li>\n<li>Z\u00e4hlmenge in den Beh\u00e4lter einf\u00fcllen. Die St\u00fcckzahl wird direkt im Display angezeigt<\/li>\n<\/ul>\n<\/li>\n<li>Genaues Z\u00e4hlen: Die automatische Referenzoptimierung verbessert stufenweise den Durchschnittswert des Teilegewichts<\/li>\n<li>Zwei Waagen in einer: Umschaltung vom Z\u00e4hlmodus in den Wiegemodus per Tastendruck<\/li>\n<li>Batteriebetrieb m\u00f6glich, nur f\u00fcr Modelle mit W\u00e4geplattengr\u00f6\u00dfe B\u00d7T 340\u00d7240 mm, Batterien 6\u00d71.5 V Size C nicht serienm\u00e4\u00dfig, Betriebsdauer bis zu 40 h<\/li>\n<\/ul>\n<table border=\"1\" width=\"458\" cellspacing=\"0\" cellpadding=\"2\">\n<tbody>\n<tr>\n<td>Waage Modell<\/td>\n<td width=\"10%\">Ablesbarkeit<\/td>\n<td width=\"10%\">W\u00e4gebereich<\/td>\n<\/tr>\n<tr>\n<td><\/td>\n<td width=\"10%\">g<\/td>\n<td width=\"10%\">kg<\/td>\n<\/tr>\n<tr>\n<td>CKE360-3<\/td>\n<td width=\"10%\">0,001<\/td>\n<td width=\"10%\">0,36<\/td>\n<\/tr>\n<tr>\n<td>CKE2000-2<\/td>\n<td width=\"10%\">0,01<\/td>\n<td width=\"10%\">2<\/td>\n<\/tr>\n<tr>\n<td>CKE3600-2<\/td>\n<td width=\"10%\">0,01<\/td>\n<td width=\"10%\">3,6<\/td>\n<\/tr>\n<tr>\n<td>CKE6K0.02<\/td>\n<td width=\"10%\">0,02<\/td>\n<td width=\"10%\">6<\/td>\n<\/tr>\n<tr>\n<td>CKE8K0.05<\/td>\n<td width=\"10%\">0,05<\/td>\n<td width=\"10%\">8<\/td>\n<\/tr>\n<tr>\n<td>CKE16K0.05<\/td>\n<td width=\"10%\">0,05<\/td>\n<td width=\"10%\">16<\/td>\n<\/tr>\n<tr>\n<td>CKE36K0.1<\/td>\n<td width=\"10%\">0,1<\/td>\n<td width=\"10%\">36<\/td>\n<\/tr>\n<tr>\n<td>CKE65K0.2<\/td>\n<td width=\"10%\">0,2<\/td>\n<td width=\"10%\">65<\/td>\n<\/tr>\n<tr>\n<td>CKE65K0.5<\/td>\n<td width=\"10%\">0,5<\/td>\n<td width=\"10%\">65<\/td>\n<\/tr>\n<\/tbody>\n<\/table>\n","protected":false},"excerpt":{"rendered":"<p>Z\u00e4hlwaage 0-0.36 kg bis 0-65 kg<\/p>\n","protected":false},"featured_media":23180,"template":"","meta":{"_crdt_document":""},"product_brand":[],"product_cat":[165,344],"product_tag":[],"class_list":{"0":"post-2780","1":"product","2":"type-product","3":"status-publish","4":"has-post-thumbnail","6":"product_cat-gewicht","7":"product_cat-zahlen","9":"first","10":"instock","11":"taxable","12":"shipping-taxable","13":"purchasable","14":"product-type-variable"},"yoast_head":"<!-- This site is optimized with the Yoast SEO plugin v27.3 - https:\/\/yoast.com\/product\/yoast-seo-wordpress\/ -->\n<title>Z\u00e4hlwaage KERN CKE - Sysmatec<\/title>\n<meta name=\"description\" content=\"Hochaufl\u00f6sende Z\u00e4hlwaage. Ideal f\u00fcr die Durchf\u00fchrung von Inventuren. Das Wiegen reicht von 0-0,36 kg bis 0-65 kg.\" \/>\n<meta name=\"robots\" content=\"index, follow, max-snippet:-1, max-image-preview:large, max-video-preview:-1\" \/>\n<link rel=\"canonical\" href=\"https:\/\/sysmatec.ch\/de\/produit\/kern-cke-zahlwaage\/\" \/>\n<meta property=\"og:locale\" content=\"de_DE\" \/>\n<meta property=\"og:type\" content=\"article\" \/>\n<meta property=\"og:title\" content=\"Z\u00e4hlwaage KERN CKE - Sysmatec\" \/>\n<meta property=\"og:description\" content=\"Hochaufl\u00f6sende Z\u00e4hlwaage. Ideal f\u00fcr die Durchf\u00fchrung von Inventuren. Das Wiegen reicht von 0-0,36 kg bis 0-65 kg.\" \/>\n<meta property=\"og:url\" content=\"https:\/\/sysmatec.ch\/de\/produit\/kern-cke-zahlwaage\/\" \/>\n<meta property=\"og:site_name\" content=\"Sysmatec\" \/>\n<meta property=\"article:modified_time\" content=\"2022-03-01T16:54:08+00:00\" \/>\n<meta property=\"og:image\" content=\"https:\/\/sysmatec.ch\/wp-content\/uploads\/2019\/02\/Balance_CKE-scaled.jpg\" \/>\n\t<meta property=\"og:image:width\" content=\"2560\" \/>\n\t<meta property=\"og:image:height\" content=\"2108\" \/>\n\t<meta property=\"og:image:type\" content=\"image\/jpeg\" \/>\n<meta name=\"twitter:card\" content=\"summary_large_image\" \/>\n<meta name=\"twitter:label1\" content=\"Gesch\u00e4tzte Lesezeit\" \/>\n\t<meta name=\"twitter:data1\" content=\"1\u00a0Minute\" \/>\n<script type=\"application\/ld+json\" class=\"yoast-schema-graph\">{\"@context\":\"https:\\\/\\\/schema.org\",\"@graph\":[{\"@type\":\"WebPage\",\"@id\":\"https:\\\/\\\/sysmatec.ch\\\/de\\\/produit\\\/kern-cke-zahlwaage\\\/\",\"url\":\"https:\\\/\\\/sysmatec.ch\\\/de\\\/produit\\\/kern-cke-zahlwaage\\\/\",\"name\":\"Z\u00e4hlwaage KERN CKE - Sysmatec\",\"isPartOf\":{\"@id\":\"https:\\\/\\\/sysmatec.ch\\\/de\\\/#website\"},\"primaryImageOfPage\":{\"@id\":\"https:\\\/\\\/sysmatec.ch\\\/de\\\/produit\\\/kern-cke-zahlwaage\\\/#primaryimage\"},\"image\":{\"@id\":\"https:\\\/\\\/sysmatec.ch\\\/de\\\/produit\\\/kern-cke-zahlwaage\\\/#primaryimage\"},\"thumbnailUrl\":\"https:\\\/\\\/sysmatec.ch\\\/wp-content\\\/uploads\\\/2019\\\/02\\\/Balance_CKE-scaled.jpg\",\"datePublished\":\"2019-02-11T20:06:33+00:00\",\"dateModified\":\"2022-03-01T16:54:08+00:00\",\"description\":\"Hochaufl\u00f6sende Z\u00e4hlwaage. Ideal f\u00fcr die Durchf\u00fchrung von Inventuren. Das Wiegen reicht von 0-0,36 kg bis 0-65 kg.\",\"breadcrumb\":{\"@id\":\"https:\\\/\\\/sysmatec.ch\\\/de\\\/produit\\\/kern-cke-zahlwaage\\\/#breadcrumb\"},\"inLanguage\":\"de\",\"potentialAction\":[{\"@type\":\"ReadAction\",\"target\":[\"https:\\\/\\\/sysmatec.ch\\\/de\\\/produit\\\/kern-cke-zahlwaage\\\/\"]}]},{\"@type\":\"ImageObject\",\"inLanguage\":\"de\",\"@id\":\"https:\\\/\\\/sysmatec.ch\\\/de\\\/produit\\\/kern-cke-zahlwaage\\\/#primaryimage\",\"url\":\"https:\\\/\\\/sysmatec.ch\\\/wp-content\\\/uploads\\\/2019\\\/02\\\/Balance_CKE-scaled.jpg\",\"contentUrl\":\"https:\\\/\\\/sysmatec.ch\\\/wp-content\\\/uploads\\\/2019\\\/02\\\/Balance_CKE-scaled.jpg\",\"width\":2560,\"height\":2108,\"caption\":\"OLYMPUS DIGITAL CAMERA\"},{\"@type\":\"BreadcrumbList\",\"@id\":\"https:\\\/\\\/sysmatec.ch\\\/de\\\/produit\\\/kern-cke-zahlwaage\\\/#breadcrumb\",\"itemListElement\":[{\"@type\":\"ListItem\",\"position\":1,\"name\":\"Accueil\",\"item\":\"https:\\\/\\\/sysmatec.ch\\\/de\\\/\"},{\"@type\":\"ListItem\",\"position\":2,\"name\":\"Die Aktivit\u00e4t von Sysmatec\",\"item\":\"https:\\\/\\\/sysmatec.ch\\\/de\\\/\"},{\"@type\":\"ListItem\",\"position\":3,\"name\":\"Z\u00e4hlwaage KERN CKE\"}]},{\"@type\":\"WebSite\",\"@id\":\"https:\\\/\\\/sysmatec.ch\\\/de\\\/#website\",\"url\":\"https:\\\/\\\/sysmatec.ch\\\/de\\\/\",\"name\":\"Sysmatec\",\"description\":\"Equipement de laboratoire et logiciels\",\"publisher\":{\"@id\":\"https:\\\/\\\/sysmatec.ch\\\/de\\\/#organization\"},\"potentialAction\":[{\"@type\":\"SearchAction\",\"target\":{\"@type\":\"EntryPoint\",\"urlTemplate\":\"https:\\\/\\\/sysmatec.ch\\\/de\\\/?s={search_term_string}\"},\"query-input\":{\"@type\":\"PropertyValueSpecification\",\"valueRequired\":true,\"valueName\":\"search_term_string\"}}],\"inLanguage\":\"de\"},{\"@type\":\"Organization\",\"@id\":\"https:\\\/\\\/sysmatec.ch\\\/de\\\/#organization\",\"name\":\"Sysmatec\",\"url\":\"https:\\\/\\\/sysmatec.ch\\\/de\\\/\",\"logo\":{\"@type\":\"ImageObject\",\"inLanguage\":\"de\",\"@id\":\"https:\\\/\\\/sysmatec.ch\\\/de\\\/#\\\/schema\\\/logo\\\/image\\\/\",\"url\":\"https:\\\/\\\/sysmatec.ch\\\/wp-content\\\/uploads\\\/2018\\\/11\\\/LogoSysmatec.jpg\",\"contentUrl\":\"https:\\\/\\\/sysmatec.ch\\\/wp-content\\\/uploads\\\/2018\\\/11\\\/LogoSysmatec.jpg\",\"width\":301,\"height\":297,\"caption\":\"Sysmatec\"},\"image\":{\"@id\":\"https:\\\/\\\/sysmatec.ch\\\/de\\\/#\\\/schema\\\/logo\\\/image\\\/\"}}]}<\/script>\n<!-- \/ Yoast SEO plugin. -->","yoast_head_json":{"title":"Z\u00e4hlwaage KERN CKE - Sysmatec","description":"Hochaufl\u00f6sende Z\u00e4hlwaage. Ideal f\u00fcr die Durchf\u00fchrung von Inventuren. Das Wiegen reicht von 0-0,36 kg bis 0-65 kg.","robots":{"index":"index","follow":"follow","max-snippet":"max-snippet:-1","max-image-preview":"max-image-preview:large","max-video-preview":"max-video-preview:-1"},"canonical":"https:\/\/sysmatec.ch\/de\/produit\/kern-cke-zahlwaage\/","og_locale":"de_DE","og_type":"article","og_title":"Z\u00e4hlwaage KERN CKE - Sysmatec","og_description":"Hochaufl\u00f6sende Z\u00e4hlwaage. Ideal f\u00fcr die Durchf\u00fchrung von Inventuren. Das Wiegen reicht von 0-0,36 kg bis 0-65 kg.","og_url":"https:\/\/sysmatec.ch\/de\/produit\/kern-cke-zahlwaage\/","og_site_name":"Sysmatec","article_modified_time":"2022-03-01T16:54:08+00:00","og_image":[{"width":2560,"height":2108,"url":"https:\/\/sysmatec.ch\/wp-content\/uploads\/2019\/02\/Balance_CKE-scaled.jpg","type":"image\/jpeg"}],"twitter_card":"summary_large_image","twitter_misc":{"Gesch\u00e4tzte Lesezeit":"1\u00a0Minute"},"schema":{"@context":"https:\/\/schema.org","@graph":[{"@type":"WebPage","@id":"https:\/\/sysmatec.ch\/de\/produit\/kern-cke-zahlwaage\/","url":"https:\/\/sysmatec.ch\/de\/produit\/kern-cke-zahlwaage\/","name":"Z\u00e4hlwaage KERN CKE - Sysmatec","isPartOf":{"@id":"https:\/\/sysmatec.ch\/de\/#website"},"primaryImageOfPage":{"@id":"https:\/\/sysmatec.ch\/de\/produit\/kern-cke-zahlwaage\/#primaryimage"},"image":{"@id":"https:\/\/sysmatec.ch\/de\/produit\/kern-cke-zahlwaage\/#primaryimage"},"thumbnailUrl":"https:\/\/sysmatec.ch\/wp-content\/uploads\/2019\/02\/Balance_CKE-scaled.jpg","datePublished":"2019-02-11T20:06:33+00:00","dateModified":"2022-03-01T16:54:08+00:00","description":"Hochaufl\u00f6sende Z\u00e4hlwaage. Ideal f\u00fcr die Durchf\u00fchrung von Inventuren. Das Wiegen reicht von 0-0,36 kg bis 0-65 kg.","breadcrumb":{"@id":"https:\/\/sysmatec.ch\/de\/produit\/kern-cke-zahlwaage\/#breadcrumb"},"inLanguage":"de","potentialAction":[{"@type":"ReadAction","target":["https:\/\/sysmatec.ch\/de\/produit\/kern-cke-zahlwaage\/"]}]},{"@type":"ImageObject","inLanguage":"de","@id":"https:\/\/sysmatec.ch\/de\/produit\/kern-cke-zahlwaage\/#primaryimage","url":"https:\/\/sysmatec.ch\/wp-content\/uploads\/2019\/02\/Balance_CKE-scaled.jpg","contentUrl":"https:\/\/sysmatec.ch\/wp-content\/uploads\/2019\/02\/Balance_CKE-scaled.jpg","width":2560,"height":2108,"caption":"OLYMPUS DIGITAL CAMERA"},{"@type":"BreadcrumbList","@id":"https:\/\/sysmatec.ch\/de\/produit\/kern-cke-zahlwaage\/#breadcrumb","itemListElement":[{"@type":"ListItem","position":1,"name":"Accueil","item":"https:\/\/sysmatec.ch\/de\/"},{"@type":"ListItem","position":2,"name":"Die Aktivit\u00e4t von Sysmatec","item":"https:\/\/sysmatec.ch\/de\/"},{"@type":"ListItem","position":3,"name":"Z\u00e4hlwaage KERN CKE"}]},{"@type":"WebSite","@id":"https:\/\/sysmatec.ch\/de\/#website","url":"https:\/\/sysmatec.ch\/de\/","name":"Sysmatec","description":"Equipement de laboratoire et logiciels","publisher":{"@id":"https:\/\/sysmatec.ch\/de\/#organization"},"potentialAction":[{"@type":"SearchAction","target":{"@type":"EntryPoint","urlTemplate":"https:\/\/sysmatec.ch\/de\/?s={search_term_string}"},"query-input":{"@type":"PropertyValueSpecification","valueRequired":true,"valueName":"search_term_string"}}],"inLanguage":"de"},{"@type":"Organization","@id":"https:\/\/sysmatec.ch\/de\/#organization","name":"Sysmatec","url":"https:\/\/sysmatec.ch\/de\/","logo":{"@type":"ImageObject","inLanguage":"de","@id":"https:\/\/sysmatec.ch\/de\/#\/schema\/logo\/image\/","url":"https:\/\/sysmatec.ch\/wp-content\/uploads\/2018\/11\/LogoSysmatec.jpg","contentUrl":"https:\/\/sysmatec.ch\/wp-content\/uploads\/2018\/11\/LogoSysmatec.jpg","width":301,"height":297,"caption":"Sysmatec"},"image":{"@id":"https:\/\/sysmatec.ch\/de\/#\/schema\/logo\/image\/"}}]}},"_links":{"self":[{"href":"https:\/\/sysmatec.ch\/de\/wp-json\/wp\/v2\/product\/2780","targetHints":{"allow":["GET"]}}],"collection":[{"href":"https:\/\/sysmatec.ch\/de\/wp-json\/wp\/v2\/product"}],"about":[{"href":"https:\/\/sysmatec.ch\/de\/wp-json\/wp\/v2\/types\/product"}],"wp:featuredmedia":[{"embeddable":true,"href":"https:\/\/sysmatec.ch\/de\/wp-json\/wp\/v2\/media\/23180"}],"wp:attachment":[{"href":"https:\/\/sysmatec.ch\/de\/wp-json\/wp\/v2\/media?parent=2780"}],"wp:term":[{"taxonomy":"product_brand","embeddable":true,"href":"https:\/\/sysmatec.ch\/de\/wp-json\/wp\/v2\/product_brand?post=2780"},{"taxonomy":"product_cat","embeddable":true,"href":"https:\/\/sysmatec.ch\/de\/wp-json\/wp\/v2\/product_cat?post=2780"},{"taxonomy":"product_tag","embeddable":true,"href":"https:\/\/sysmatec.ch\/de\/wp-json\/wp\/v2\/product_tag?post=2780"}],"curies":[{"name":"wp","href":"https:\/\/api.w.org\/{rel}","templated":true}]}}