{"id":2772,"date":"2019-02-11T20:50:38","date_gmt":"2019-02-11T19:50:38","guid":{"rendered":"https:\/\/sysmatec.ch\/produit\/balance-compteuse-kern-cfs\/"},"modified":"2022-03-01T19:06:20","modified_gmt":"2022-03-01T18:06:20","slug":"kern-cfs-zahlwaage","status":"publish","type":"product","link":"https:\/\/sysmatec.ch\/de\/Produkt\/kern-cfs-zahlwaage\/","title":{"rendered":"Z\u00e4hlwaage KERN CFS"},"content":{"rendered":"<ul>\n<li>Z\u00e4hlaufl\u00f6sung 75 000 Punkte<\/li>\n<li>Speicher (PLU) f\u00fcr 100 Artikel mit Zusatztext, Referenzgewicht und Taragewicht z. B. eines Beh\u00e4lters<\/li>\n<li>W\u00e4gen mit Toleranzbereich (Checkweighing), ideal zum Portionieren, Dosieren, Sortieren<\/li>\n<li>\u00dcber Tastenblock programmierbar: gew\u00fcnschte Referenzst\u00fcckzahl, bekanntes Referenzgewicht<\/li>\n<li>Fill-to-target-Funktion: Zielgewicht programmierbar. Das Erreichen des Zielwertes wird durch ein akustisches und optisches Signal angezeigt.<\/li>\n<li>Genaues Z\u00e4hlen: Die automatische Referenzoptimierung verbessert stufenweise den Durchschnittswert des Teilegewichts<\/li>\n<li>Zweitwaagenschnittstelle zum Aufbau eines hochaufl\u00f6senden Z\u00e4hlsystems, z. B. mit W\u00e4gebr\u00fccken KFP V20<\/li>\n<\/ul>\n<table border=\"1\" width=\"458\" cellspacing=\"0\" cellpadding=\"2\">\n<tbody>\n<tr>\n<td>Waage Modell<\/td>\n<td width=\"10%\">Ablesbarkeit<\/td>\n<td width=\"10%\">W\u00e4gebereich<\/td>\n<\/tr>\n<tr>\n<td><\/td>\n<td width=\"10%\">g<\/td>\n<td width=\"10%\">kg<\/td>\n<\/tr>\n<tr>\n<td>CFS300-3<\/td>\n<td width=\"10%\">0,001<\/td>\n<td width=\"10%\">0,3<\/td>\n<\/tr>\n<tr>\n<td>CFS3K-5<\/td>\n<td width=\"10%\">0,01<\/td>\n<td width=\"10%\">3<\/td>\n<\/tr>\n<tr>\n<td>CFS6K0.1<\/td>\n<td width=\"10%\">0,1<\/td>\n<td width=\"10%\">6<\/td>\n<\/tr>\n<tr>\n<td>CFS15K0.2<\/td>\n<td width=\"10%\">0,2<\/td>\n<td width=\"10%\">15<\/td>\n<\/tr>\n<tr>\n<td>CFS30K0.5<\/td>\n<td width=\"10%\">0,5<\/td>\n<td width=\"10%\">30<\/td>\n<\/tr>\n<tr>\n<td>CFS50K-3<\/td>\n<td width=\"10%\">1<\/td>\n<td width=\"10%\">50<\/td>\n<\/tr>\n<\/tbody>\n<\/table>\n","protected":false},"excerpt":{"rendered":"<p>Z\u00e4hlwaage 0-0.3 kg bis 0-50 kg<\/p>\n","protected":false},"featured_media":23176,"template":"","meta":{"_crdt_document":""},"product_brand":[],"product_cat":[165,344],"product_tag":[],"class_list":{"0":"post-2772","1":"product","2":"type-product","3":"status-publish","4":"has-post-thumbnail","6":"product_cat-gewicht","7":"product_cat-zahlen","9":"first","10":"instock","11":"taxable","12":"shipping-taxable","13":"purchasable","14":"product-type-variable"},"yoast_head":"<!-- This site is optimized with the Yoast SEO plugin v27.3 - https:\/\/yoast.com\/product\/yoast-seo-wordpress\/ -->\n<title>Z\u00e4hlwaage KERN CFS - Sysmatec<\/title>\n<meta name=\"description\" content=\"Z\u00e4hlwaage. Ideal f\u00fcr die Durchf\u00fchrung von Inventuren. Speicher f\u00fcr 100 Artikel. Das Wiegen reicht von 0-0.3 kg bis 0-50 kg.\" \/>\n<meta name=\"robots\" content=\"index, follow, max-snippet:-1, max-image-preview:large, max-video-preview:-1\" \/>\n<link rel=\"canonical\" href=\"https:\/\/sysmatec.ch\/de\/produit\/kern-cfs-zahlwaage\/\" \/>\n<meta property=\"og:locale\" content=\"de_DE\" \/>\n<meta property=\"og:type\" content=\"article\" \/>\n<meta property=\"og:title\" content=\"Z\u00e4hlwaage KERN CFS - Sysmatec\" \/>\n<meta property=\"og:description\" content=\"Z\u00e4hlwaage. Ideal f\u00fcr die Durchf\u00fchrung von Inventuren. Speicher f\u00fcr 100 Artikel. Das Wiegen reicht von 0-0.3 kg bis 0-50 kg.\" \/>\n<meta property=\"og:url\" content=\"https:\/\/sysmatec.ch\/de\/produit\/kern-cfs-zahlwaage\/\" \/>\n<meta property=\"og:site_name\" content=\"Sysmatec\" \/>\n<meta property=\"article:modified_time\" content=\"2022-03-01T18:06:20+00:00\" \/>\n<meta property=\"og:image\" content=\"https:\/\/sysmatec.ch\/wp-content\/uploads\/2019\/02\/Balance_CFS-3K-5-scaled.jpg\" \/>\n\t<meta property=\"og:image:width\" content=\"2560\" \/>\n\t<meta property=\"og:image:height\" content=\"2082\" \/>\n\t<meta property=\"og:image:type\" content=\"image\/jpeg\" \/>\n<meta name=\"twitter:card\" content=\"summary_large_image\" \/>\n<meta name=\"twitter:label1\" content=\"Gesch\u00e4tzte Lesezeit\" \/>\n\t<meta name=\"twitter:data1\" content=\"1\u00a0Minute\" \/>\n<script type=\"application\/ld+json\" class=\"yoast-schema-graph\">{\"@context\":\"https:\\\/\\\/schema.org\",\"@graph\":[{\"@type\":\"WebPage\",\"@id\":\"https:\\\/\\\/sysmatec.ch\\\/de\\\/produit\\\/kern-cfs-zahlwaage\\\/\",\"url\":\"https:\\\/\\\/sysmatec.ch\\\/de\\\/produit\\\/kern-cfs-zahlwaage\\\/\",\"name\":\"Z\u00e4hlwaage KERN CFS - Sysmatec\",\"isPartOf\":{\"@id\":\"https:\\\/\\\/sysmatec.ch\\\/de\\\/#website\"},\"primaryImageOfPage\":{\"@id\":\"https:\\\/\\\/sysmatec.ch\\\/de\\\/produit\\\/kern-cfs-zahlwaage\\\/#primaryimage\"},\"image\":{\"@id\":\"https:\\\/\\\/sysmatec.ch\\\/de\\\/produit\\\/kern-cfs-zahlwaage\\\/#primaryimage\"},\"thumbnailUrl\":\"https:\\\/\\\/sysmatec.ch\\\/wp-content\\\/uploads\\\/2019\\\/02\\\/Balance_CFS-3K-5-scaled.jpg\",\"datePublished\":\"2019-02-11T19:50:38+00:00\",\"dateModified\":\"2022-03-01T18:06:20+00:00\",\"description\":\"Z\u00e4hlwaage. Ideal f\u00fcr die Durchf\u00fchrung von Inventuren. Speicher f\u00fcr 100 Artikel. Das Wiegen reicht von 0-0.3 kg bis 0-50 kg.\",\"breadcrumb\":{\"@id\":\"https:\\\/\\\/sysmatec.ch\\\/de\\\/produit\\\/kern-cfs-zahlwaage\\\/#breadcrumb\"},\"inLanguage\":\"de\",\"potentialAction\":[{\"@type\":\"ReadAction\",\"target\":[\"https:\\\/\\\/sysmatec.ch\\\/de\\\/produit\\\/kern-cfs-zahlwaage\\\/\"]}]},{\"@type\":\"ImageObject\",\"inLanguage\":\"de\",\"@id\":\"https:\\\/\\\/sysmatec.ch\\\/de\\\/produit\\\/kern-cfs-zahlwaage\\\/#primaryimage\",\"url\":\"https:\\\/\\\/sysmatec.ch\\\/wp-content\\\/uploads\\\/2019\\\/02\\\/Balance_CFS-3K-5-scaled.jpg\",\"contentUrl\":\"https:\\\/\\\/sysmatec.ch\\\/wp-content\\\/uploads\\\/2019\\\/02\\\/Balance_CFS-3K-5-scaled.jpg\",\"width\":2560,\"height\":2082},{\"@type\":\"BreadcrumbList\",\"@id\":\"https:\\\/\\\/sysmatec.ch\\\/de\\\/produit\\\/kern-cfs-zahlwaage\\\/#breadcrumb\",\"itemListElement\":[{\"@type\":\"ListItem\",\"position\":1,\"name\":\"Accueil\",\"item\":\"https:\\\/\\\/sysmatec.ch\\\/de\\\/\"},{\"@type\":\"ListItem\",\"position\":2,\"name\":\"Die Aktivit\u00e4t von Sysmatec\",\"item\":\"https:\\\/\\\/sysmatec.ch\\\/de\\\/\"},{\"@type\":\"ListItem\",\"position\":3,\"name\":\"Z\u00e4hlwaage KERN CFS\"}]},{\"@type\":\"WebSite\",\"@id\":\"https:\\\/\\\/sysmatec.ch\\\/de\\\/#website\",\"url\":\"https:\\\/\\\/sysmatec.ch\\\/de\\\/\",\"name\":\"Sysmatec\",\"description\":\"Equipement de laboratoire et logiciels\",\"publisher\":{\"@id\":\"https:\\\/\\\/sysmatec.ch\\\/de\\\/#organization\"},\"potentialAction\":[{\"@type\":\"SearchAction\",\"target\":{\"@type\":\"EntryPoint\",\"urlTemplate\":\"https:\\\/\\\/sysmatec.ch\\\/de\\\/?s={search_term_string}\"},\"query-input\":{\"@type\":\"PropertyValueSpecification\",\"valueRequired\":true,\"valueName\":\"search_term_string\"}}],\"inLanguage\":\"de\"},{\"@type\":\"Organization\",\"@id\":\"https:\\\/\\\/sysmatec.ch\\\/de\\\/#organization\",\"name\":\"Sysmatec\",\"url\":\"https:\\\/\\\/sysmatec.ch\\\/de\\\/\",\"logo\":{\"@type\":\"ImageObject\",\"inLanguage\":\"de\",\"@id\":\"https:\\\/\\\/sysmatec.ch\\\/de\\\/#\\\/schema\\\/logo\\\/image\\\/\",\"url\":\"https:\\\/\\\/sysmatec.ch\\\/wp-content\\\/uploads\\\/2018\\\/11\\\/LogoSysmatec.jpg\",\"contentUrl\":\"https:\\\/\\\/sysmatec.ch\\\/wp-content\\\/uploads\\\/2018\\\/11\\\/LogoSysmatec.jpg\",\"width\":301,\"height\":297,\"caption\":\"Sysmatec\"},\"image\":{\"@id\":\"https:\\\/\\\/sysmatec.ch\\\/de\\\/#\\\/schema\\\/logo\\\/image\\\/\"}}]}<\/script>\n<!-- \/ Yoast SEO plugin. -->","yoast_head_json":{"title":"Z\u00e4hlwaage KERN CFS - Sysmatec","description":"Z\u00e4hlwaage. Ideal f\u00fcr die Durchf\u00fchrung von Inventuren. Speicher f\u00fcr 100 Artikel. Das Wiegen reicht von 0-0.3 kg bis 0-50 kg.","robots":{"index":"index","follow":"follow","max-snippet":"max-snippet:-1","max-image-preview":"max-image-preview:large","max-video-preview":"max-video-preview:-1"},"canonical":"https:\/\/sysmatec.ch\/de\/produit\/kern-cfs-zahlwaage\/","og_locale":"de_DE","og_type":"article","og_title":"Z\u00e4hlwaage KERN CFS - Sysmatec","og_description":"Z\u00e4hlwaage. Ideal f\u00fcr die Durchf\u00fchrung von Inventuren. Speicher f\u00fcr 100 Artikel. Das Wiegen reicht von 0-0.3 kg bis 0-50 kg.","og_url":"https:\/\/sysmatec.ch\/de\/produit\/kern-cfs-zahlwaage\/","og_site_name":"Sysmatec","article_modified_time":"2022-03-01T18:06:20+00:00","og_image":[{"width":2560,"height":2082,"url":"https:\/\/sysmatec.ch\/wp-content\/uploads\/2019\/02\/Balance_CFS-3K-5-scaled.jpg","type":"image\/jpeg"}],"twitter_card":"summary_large_image","twitter_misc":{"Gesch\u00e4tzte Lesezeit":"1\u00a0Minute"},"schema":{"@context":"https:\/\/schema.org","@graph":[{"@type":"WebPage","@id":"https:\/\/sysmatec.ch\/de\/produit\/kern-cfs-zahlwaage\/","url":"https:\/\/sysmatec.ch\/de\/produit\/kern-cfs-zahlwaage\/","name":"Z\u00e4hlwaage KERN CFS - Sysmatec","isPartOf":{"@id":"https:\/\/sysmatec.ch\/de\/#website"},"primaryImageOfPage":{"@id":"https:\/\/sysmatec.ch\/de\/produit\/kern-cfs-zahlwaage\/#primaryimage"},"image":{"@id":"https:\/\/sysmatec.ch\/de\/produit\/kern-cfs-zahlwaage\/#primaryimage"},"thumbnailUrl":"https:\/\/sysmatec.ch\/wp-content\/uploads\/2019\/02\/Balance_CFS-3K-5-scaled.jpg","datePublished":"2019-02-11T19:50:38+00:00","dateModified":"2022-03-01T18:06:20+00:00","description":"Z\u00e4hlwaage. Ideal f\u00fcr die Durchf\u00fchrung von Inventuren. Speicher f\u00fcr 100 Artikel. Das Wiegen reicht von 0-0.3 kg bis 0-50 kg.","breadcrumb":{"@id":"https:\/\/sysmatec.ch\/de\/produit\/kern-cfs-zahlwaage\/#breadcrumb"},"inLanguage":"de","potentialAction":[{"@type":"ReadAction","target":["https:\/\/sysmatec.ch\/de\/produit\/kern-cfs-zahlwaage\/"]}]},{"@type":"ImageObject","inLanguage":"de","@id":"https:\/\/sysmatec.ch\/de\/produit\/kern-cfs-zahlwaage\/#primaryimage","url":"https:\/\/sysmatec.ch\/wp-content\/uploads\/2019\/02\/Balance_CFS-3K-5-scaled.jpg","contentUrl":"https:\/\/sysmatec.ch\/wp-content\/uploads\/2019\/02\/Balance_CFS-3K-5-scaled.jpg","width":2560,"height":2082},{"@type":"BreadcrumbList","@id":"https:\/\/sysmatec.ch\/de\/produit\/kern-cfs-zahlwaage\/#breadcrumb","itemListElement":[{"@type":"ListItem","position":1,"name":"Accueil","item":"https:\/\/sysmatec.ch\/de\/"},{"@type":"ListItem","position":2,"name":"Die Aktivit\u00e4t von Sysmatec","item":"https:\/\/sysmatec.ch\/de\/"},{"@type":"ListItem","position":3,"name":"Z\u00e4hlwaage KERN CFS"}]},{"@type":"WebSite","@id":"https:\/\/sysmatec.ch\/de\/#website","url":"https:\/\/sysmatec.ch\/de\/","name":"Sysmatec","description":"Equipement de laboratoire et logiciels","publisher":{"@id":"https:\/\/sysmatec.ch\/de\/#organization"},"potentialAction":[{"@type":"SearchAction","target":{"@type":"EntryPoint","urlTemplate":"https:\/\/sysmatec.ch\/de\/?s={search_term_string}"},"query-input":{"@type":"PropertyValueSpecification","valueRequired":true,"valueName":"search_term_string"}}],"inLanguage":"de"},{"@type":"Organization","@id":"https:\/\/sysmatec.ch\/de\/#organization","name":"Sysmatec","url":"https:\/\/sysmatec.ch\/de\/","logo":{"@type":"ImageObject","inLanguage":"de","@id":"https:\/\/sysmatec.ch\/de\/#\/schema\/logo\/image\/","url":"https:\/\/sysmatec.ch\/wp-content\/uploads\/2018\/11\/LogoSysmatec.jpg","contentUrl":"https:\/\/sysmatec.ch\/wp-content\/uploads\/2018\/11\/LogoSysmatec.jpg","width":301,"height":297,"caption":"Sysmatec"},"image":{"@id":"https:\/\/sysmatec.ch\/de\/#\/schema\/logo\/image\/"}}]}},"_links":{"self":[{"href":"https:\/\/sysmatec.ch\/de\/wp-json\/wp\/v2\/product\/2772","targetHints":{"allow":["GET"]}}],"collection":[{"href":"https:\/\/sysmatec.ch\/de\/wp-json\/wp\/v2\/product"}],"about":[{"href":"https:\/\/sysmatec.ch\/de\/wp-json\/wp\/v2\/types\/product"}],"wp:featuredmedia":[{"embeddable":true,"href":"https:\/\/sysmatec.ch\/de\/wp-json\/wp\/v2\/media\/23176"}],"wp:attachment":[{"href":"https:\/\/sysmatec.ch\/de\/wp-json\/wp\/v2\/media?parent=2772"}],"wp:term":[{"taxonomy":"product_brand","embeddable":true,"href":"https:\/\/sysmatec.ch\/de\/wp-json\/wp\/v2\/product_brand?post=2772"},{"taxonomy":"product_cat","embeddable":true,"href":"https:\/\/sysmatec.ch\/de\/wp-json\/wp\/v2\/product_cat?post=2772"},{"taxonomy":"product_tag","embeddable":true,"href":"https:\/\/sysmatec.ch\/de\/wp-json\/wp\/v2\/product_tag?post=2772"}],"curies":[{"name":"wp","href":"https:\/\/api.w.org\/{rel}","templated":true}]}}