{"id":27644,"date":"2022-05-17T12:10:37","date_gmt":"2022-05-17T10:10:38","guid":{"rendered":"https:\/\/sysmatec.ch\/?post_type=product&#038;p=27644"},"modified":"2024-05-31T08:38:25","modified_gmt":"2024-05-31T06:38:25","slug":"kryoskop-cryotouch1","status":"publish","type":"product","link":"https:\/\/sysmatec.ch\/de\/Produkt\/kryoskop-cryotouch1\/","title":{"rendered":"Kryoskop CryoTouch1"},"content":{"rendered":"<p>CryoTouch 1 ist ein automatisches Ger\u00e4t f\u00fcr eine einzelne Probe zur schnellen Bestimmung der kryoskopischen Punktvariation der Milch, die durch zugesetztes Wasser verursacht wird, in voller \u00dcbereinstimmung mit dem internationalen Referenzstandard IDF-ISO 5764:2009.<\/p>\n<h2>Vorteile des Kryoskops<\/h2>\n<ul>\n<li>Auswahl zwischen 6 Werten zur Einstellung des Referenzwertes und zwischen 2 verschiedenen Formeln zur Berechnung des zugesetzten Wasserprozentsatzes<\/li>\n<li>Wahl zwischen 2 Lesemodi: Plateaumodus nach ISO-Methode oder Festzeitmodus Echtzeitdiagramm der Probentemperatur w\u00e4hrend jeder Analyse<\/li>\n<li>Jeder Probe kann einfach ein alphanumerischer ID-Code hinzugef\u00fcgt werden<\/li>\n<li>Optionales Barcode-Leseger\u00e4t f\u00fcr eine schnelle Probenidentifikation (bei Bestellung muss ein zus\u00e4tzlicher RS232-Anschluss angefordert werden)<\/li>\n<li>In verschiedenen Farben dargestellte Ergebnisse zur schnellen Identifizierung von Anomalien oder kritischen Werten<\/li>\n<li>Neue Funktion \u201eLaktosefreie Milch\u201c zur Kontrolle der Entfernung von Laktose in Milch und Sahne<\/li>\n<li>Stabiler Speicher f\u00fcr 2 verschiedene Kalibrierungskurven: die typische gem\u00e4\u00df den ISO-Anforderungen und eine zweite, die gem\u00e4\u00df den Anforderungen des Benutzers eingestellt werden kann (z. B.: Laktosefreie Kurve)<\/li>\n<li>Stabiler Speicher f\u00fcr bis zu 4 000 Ergebnisse<\/li>\n<li>Einfaches Herunterladen der Testergebnisse auf einen USB-Stick PC-\u00dcberwachung in Echtzeit oder schnelles Herunterladen von Testergebnissen auf einen PC dank der CryoSoft Touch-Datenverarbeitungssoftware<\/li>\n<li>Sofortige Visualisierung von Fehlermeldungen<\/li>\n<\/ul>\n<h2>Technische Eigenschaften des Kryoskops<\/h2>\n<ul>\n<li>Kryoskop CryoTouch 1, mit \u201elaktosefrei\u201c-FunktionProbenkapazit\u00e4t: Einzelprobe<\/li>\n<li>7-Zoll-Farb-Touchscreen<\/li>\n<li>Softwaregesteuertes Bad mit Peltier-Zellen<\/li>\n<li>Betriebstemperatur: +5 \u00b0C bis 36 \u00b0C<\/li>\n<li>Automatische Kalibrierung<\/li>\n<li>Softwaregesteuerte Wimpern- und Agitationsbreite<\/li>\n<li>W\u00e4hlbare Einheiten \u00b0C, \u00b0Hortvet und Wasserprozent<\/li>\n<li>Probenvolumen: 2 oder 2,5 ml<\/li>\n<li>Analysedauer: ca. 2 Minuten\/Test<\/li>\n<li>Aufw\u00e4rmzeit: ca. 5 Minuten<\/li>\n<li>Aufl\u00f6sung: \u00b10,0005 \u00b0C<\/li>\n<li>Reproduzierbarkeit (bei Kuhmilch): \u00b10,0025 \u00b0C<\/li>\n<li>USB-Anschluss zum Herunterladen von Daten auf einen USB-Stick<\/li>\n<li>2 x RS232-Anschl\u00fcsse zum Anschluss eines optionalen Thermodruckers und eines PCs<\/li>\n<li>Ein zus\u00e4tzlicher RS232-Anschluss kann zum Anschluss eines optionalen Barcode-Leseger\u00e4ts hinzugef\u00fcgt werden<\/li>\n<li>Benutzerkennw\u00f6rter werden durch \u201e*****\u201c unkenntlich gemacht<\/li>\n<li>Die alphanumerischen Codes zur Probenidentifizierung k\u00f6nnen bis zu 20 Zeichen lang sein Ziffern<\/li>\n<li>Ein zweiter USB-Anschluss erm\u00f6glicht dem Benutzer den Anschluss eines optionalen Barcode-\/QR-Code-Leseger\u00e4ts zur schnellen Identifizierung von Proben<\/li>\n<li>Einfache Aktualisierung der Firmware mithilfe eines USB-Sticks<\/li>\n<li>M\u00f6glichkeit, einen optionalen Normalpapierdrucker anstelle eines Thermodruckers zu verwenden<\/li>\n<li>Leistungsaufnahme: max. 150 W<\/li>\n<li>Abmessungen: 285 x 485 x 360 mm (B x T x H, Kopf nach unten)<\/li>\n<li>Nettogewicht: 16,1 kg<\/li>\n<\/ul>\n<p>&nbsp;<\/p>\n","protected":false},"excerpt":{"rendered":"<p>Kryoskop zur schnellen Bestimmung der kryoskopischen Punktvariation der Milch, die durch zugesetztes Wasser verursacht wird, in \u00dcbereinstimmung mit dem internationalen Referenzstandard IDF-ISO 5764:2009.<\/p>\n","protected":false},"featured_media":27638,"template":"","meta":{"_crdt_document":""},"product_brand":[],"product_cat":[188,251],"product_tag":[],"class_list":{"0":"post-27644","1":"product","2":"type-product","3":"status-publish","4":"has-post-thumbnail","6":"product_cat-analyse-de","7":"product_cat-osmometer-de","9":"first","10":"instock","11":"taxable","12":"shipping-taxable","13":"product-type-simple"},"yoast_head":"<!-- This site is optimized with the Yoast SEO plugin v27.3 - https:\/\/yoast.com\/product\/yoast-seo-wordpress\/ -->\n<title>Kryoskop CryoTouch1 - Sysmatec<\/title>\n<meta name=\"description\" content=\"Kryoskop zur Bestimmung der kryoskopischen Punktvariation der Milch, die durch zugesetztes Wasser verursacht wird, in \u00dcbereinstimmung IDF-ISO 5764:2009.\" \/>\n<meta name=\"robots\" content=\"index, follow, max-snippet:-1, max-image-preview:large, max-video-preview:-1\" \/>\n<link rel=\"canonical\" href=\"https:\/\/sysmatec.ch\/de\/Produkt\/kryoskop-cryotouch1\/\" \/>\n<meta property=\"og:locale\" content=\"de_DE\" \/>\n<meta property=\"og:type\" content=\"article\" \/>\n<meta property=\"og:title\" content=\"Kryoskop CryoTouch1 - Sysmatec\" \/>\n<meta property=\"og:description\" content=\"Kryoskop zur Bestimmung der kryoskopischen Punktvariation der Milch, die durch zugesetztes Wasser verursacht wird, in \u00dcbereinstimmung IDF-ISO 5764:2009.\" \/>\n<meta property=\"og:url\" content=\"https:\/\/sysmatec.ch\/de\/Produkt\/kryoskop-cryotouch1\/\" \/>\n<meta property=\"og:site_name\" content=\"Sysmatec\" \/>\n<meta property=\"article:modified_time\" content=\"2024-05-31T06:38:25+00:00\" \/>\n<meta property=\"og:image\" content=\"https:\/\/sysmatec.ch\/wp-content\/uploads\/2019\/06\/Osmometre_Osmotouch1.jpg\" \/>\n\t<meta property=\"og:image:width\" content=\"607\" \/>\n\t<meta property=\"og:image:height\" content=\"650\" \/>\n\t<meta property=\"og:image:type\" content=\"image\/jpeg\" \/>\n<meta name=\"twitter:card\" content=\"summary_large_image\" \/>\n<meta name=\"twitter:label1\" content=\"Gesch\u00e4tzte Lesezeit\" \/>\n\t<meta name=\"twitter:data1\" content=\"2\u00a0Minuten\" \/>\n<script type=\"application\/ld+json\" class=\"yoast-schema-graph\">{\"@context\":\"https:\\\/\\\/schema.org\",\"@graph\":[{\"@type\":\"WebPage\",\"@id\":\"https:\\\/\\\/sysmatec.ch\\\/de\\\/Produkt\\\/kryoskop-cryotouch1\\\/\",\"url\":\"https:\\\/\\\/sysmatec.ch\\\/de\\\/Produkt\\\/kryoskop-cryotouch1\\\/\",\"name\":\"Kryoskop CryoTouch1 - Sysmatec\",\"isPartOf\":{\"@id\":\"https:\\\/\\\/sysmatec.ch\\\/de\\\/#website\"},\"primaryImageOfPage\":{\"@id\":\"https:\\\/\\\/sysmatec.ch\\\/de\\\/Produkt\\\/kryoskop-cryotouch1\\\/#primaryimage\"},\"image\":{\"@id\":\"https:\\\/\\\/sysmatec.ch\\\/de\\\/Produkt\\\/kryoskop-cryotouch1\\\/#primaryimage\"},\"thumbnailUrl\":\"https:\\\/\\\/sysmatec.ch\\\/wp-content\\\/uploads\\\/2019\\\/06\\\/Osmometre_Osmotouch1.jpg\",\"datePublished\":\"2022-05-17T10:10:38+00:00\",\"dateModified\":\"2024-05-31T06:38:25+00:00\",\"description\":\"Kryoskop zur Bestimmung der kryoskopischen Punktvariation der Milch, die durch zugesetztes Wasser verursacht wird, in \u00dcbereinstimmung IDF-ISO 5764:2009.\",\"breadcrumb\":{\"@id\":\"https:\\\/\\\/sysmatec.ch\\\/de\\\/Produkt\\\/kryoskop-cryotouch1\\\/#breadcrumb\"},\"inLanguage\":\"de\",\"potentialAction\":[{\"@type\":\"ReadAction\",\"target\":[\"https:\\\/\\\/sysmatec.ch\\\/de\\\/Produkt\\\/kryoskop-cryotouch1\\\/\"]}]},{\"@type\":\"ImageObject\",\"inLanguage\":\"de\",\"@id\":\"https:\\\/\\\/sysmatec.ch\\\/de\\\/Produkt\\\/kryoskop-cryotouch1\\\/#primaryimage\",\"url\":\"https:\\\/\\\/sysmatec.ch\\\/wp-content\\\/uploads\\\/2019\\\/06\\\/Osmometre_Osmotouch1.jpg\",\"contentUrl\":\"https:\\\/\\\/sysmatec.ch\\\/wp-content\\\/uploads\\\/2019\\\/06\\\/Osmometre_Osmotouch1.jpg\",\"width\":607,\"height\":650},{\"@type\":\"BreadcrumbList\",\"@id\":\"https:\\\/\\\/sysmatec.ch\\\/de\\\/Produkt\\\/kryoskop-cryotouch1\\\/#breadcrumb\",\"itemListElement\":[{\"@type\":\"ListItem\",\"position\":1,\"name\":\"Accueil\",\"item\":\"https:\\\/\\\/sysmatec.ch\\\/de\\\/\"},{\"@type\":\"ListItem\",\"position\":2,\"name\":\"Die Aktivit\u00e4t von Sysmatec\",\"item\":\"https:\\\/\\\/sysmatec.ch\\\/de\\\/\"},{\"@type\":\"ListItem\",\"position\":3,\"name\":\"Kryoskop CryoTouch1\"}]},{\"@type\":\"WebSite\",\"@id\":\"https:\\\/\\\/sysmatec.ch\\\/de\\\/#website\",\"url\":\"https:\\\/\\\/sysmatec.ch\\\/de\\\/\",\"name\":\"Sysmatec\",\"description\":\"Equipement de laboratoire et logiciels\",\"publisher\":{\"@id\":\"https:\\\/\\\/sysmatec.ch\\\/de\\\/#organization\"},\"potentialAction\":[{\"@type\":\"SearchAction\",\"target\":{\"@type\":\"EntryPoint\",\"urlTemplate\":\"https:\\\/\\\/sysmatec.ch\\\/de\\\/?s={search_term_string}\"},\"query-input\":{\"@type\":\"PropertyValueSpecification\",\"valueRequired\":true,\"valueName\":\"search_term_string\"}}],\"inLanguage\":\"de\"},{\"@type\":\"Organization\",\"@id\":\"https:\\\/\\\/sysmatec.ch\\\/de\\\/#organization\",\"name\":\"Sysmatec\",\"url\":\"https:\\\/\\\/sysmatec.ch\\\/de\\\/\",\"logo\":{\"@type\":\"ImageObject\",\"inLanguage\":\"de\",\"@id\":\"https:\\\/\\\/sysmatec.ch\\\/de\\\/#\\\/schema\\\/logo\\\/image\\\/\",\"url\":\"https:\\\/\\\/sysmatec.ch\\\/wp-content\\\/uploads\\\/2018\\\/11\\\/LogoSysmatec.jpg\",\"contentUrl\":\"https:\\\/\\\/sysmatec.ch\\\/wp-content\\\/uploads\\\/2018\\\/11\\\/LogoSysmatec.jpg\",\"width\":301,\"height\":297,\"caption\":\"Sysmatec\"},\"image\":{\"@id\":\"https:\\\/\\\/sysmatec.ch\\\/de\\\/#\\\/schema\\\/logo\\\/image\\\/\"}}]}<\/script>\n<!-- \/ Yoast SEO plugin. -->","yoast_head_json":{"title":"Kryoskop CryoTouch1 - Sysmatec","description":"Kryoskop zur Bestimmung der kryoskopischen Punktvariation der Milch, die durch zugesetztes Wasser verursacht wird, in \u00dcbereinstimmung IDF-ISO 5764:2009.","robots":{"index":"index","follow":"follow","max-snippet":"max-snippet:-1","max-image-preview":"max-image-preview:large","max-video-preview":"max-video-preview:-1"},"canonical":"https:\/\/sysmatec.ch\/de\/Produkt\/kryoskop-cryotouch1\/","og_locale":"de_DE","og_type":"article","og_title":"Kryoskop CryoTouch1 - Sysmatec","og_description":"Kryoskop zur Bestimmung der kryoskopischen Punktvariation der Milch, die durch zugesetztes Wasser verursacht wird, in \u00dcbereinstimmung IDF-ISO 5764:2009.","og_url":"https:\/\/sysmatec.ch\/de\/Produkt\/kryoskop-cryotouch1\/","og_site_name":"Sysmatec","article_modified_time":"2024-05-31T06:38:25+00:00","og_image":[{"width":607,"height":650,"url":"https:\/\/sysmatec.ch\/wp-content\/uploads\/2019\/06\/Osmometre_Osmotouch1.jpg","type":"image\/jpeg"}],"twitter_card":"summary_large_image","twitter_misc":{"Gesch\u00e4tzte Lesezeit":"2\u00a0Minuten"},"schema":{"@context":"https:\/\/schema.org","@graph":[{"@type":"WebPage","@id":"https:\/\/sysmatec.ch\/de\/Produkt\/kryoskop-cryotouch1\/","url":"https:\/\/sysmatec.ch\/de\/Produkt\/kryoskop-cryotouch1\/","name":"Kryoskop CryoTouch1 - Sysmatec","isPartOf":{"@id":"https:\/\/sysmatec.ch\/de\/#website"},"primaryImageOfPage":{"@id":"https:\/\/sysmatec.ch\/de\/Produkt\/kryoskop-cryotouch1\/#primaryimage"},"image":{"@id":"https:\/\/sysmatec.ch\/de\/Produkt\/kryoskop-cryotouch1\/#primaryimage"},"thumbnailUrl":"https:\/\/sysmatec.ch\/wp-content\/uploads\/2019\/06\/Osmometre_Osmotouch1.jpg","datePublished":"2022-05-17T10:10:38+00:00","dateModified":"2024-05-31T06:38:25+00:00","description":"Kryoskop zur Bestimmung der kryoskopischen Punktvariation der Milch, die durch zugesetztes Wasser verursacht wird, in \u00dcbereinstimmung IDF-ISO 5764:2009.","breadcrumb":{"@id":"https:\/\/sysmatec.ch\/de\/Produkt\/kryoskop-cryotouch1\/#breadcrumb"},"inLanguage":"de","potentialAction":[{"@type":"ReadAction","target":["https:\/\/sysmatec.ch\/de\/Produkt\/kryoskop-cryotouch1\/"]}]},{"@type":"ImageObject","inLanguage":"de","@id":"https:\/\/sysmatec.ch\/de\/Produkt\/kryoskop-cryotouch1\/#primaryimage","url":"https:\/\/sysmatec.ch\/wp-content\/uploads\/2019\/06\/Osmometre_Osmotouch1.jpg","contentUrl":"https:\/\/sysmatec.ch\/wp-content\/uploads\/2019\/06\/Osmometre_Osmotouch1.jpg","width":607,"height":650},{"@type":"BreadcrumbList","@id":"https:\/\/sysmatec.ch\/de\/Produkt\/kryoskop-cryotouch1\/#breadcrumb","itemListElement":[{"@type":"ListItem","position":1,"name":"Accueil","item":"https:\/\/sysmatec.ch\/de\/"},{"@type":"ListItem","position":2,"name":"Die Aktivit\u00e4t von Sysmatec","item":"https:\/\/sysmatec.ch\/de\/"},{"@type":"ListItem","position":3,"name":"Kryoskop CryoTouch1"}]},{"@type":"WebSite","@id":"https:\/\/sysmatec.ch\/de\/#website","url":"https:\/\/sysmatec.ch\/de\/","name":"Sysmatec","description":"Equipement de laboratoire et logiciels","publisher":{"@id":"https:\/\/sysmatec.ch\/de\/#organization"},"potentialAction":[{"@type":"SearchAction","target":{"@type":"EntryPoint","urlTemplate":"https:\/\/sysmatec.ch\/de\/?s={search_term_string}"},"query-input":{"@type":"PropertyValueSpecification","valueRequired":true,"valueName":"search_term_string"}}],"inLanguage":"de"},{"@type":"Organization","@id":"https:\/\/sysmatec.ch\/de\/#organization","name":"Sysmatec","url":"https:\/\/sysmatec.ch\/de\/","logo":{"@type":"ImageObject","inLanguage":"de","@id":"https:\/\/sysmatec.ch\/de\/#\/schema\/logo\/image\/","url":"https:\/\/sysmatec.ch\/wp-content\/uploads\/2018\/11\/LogoSysmatec.jpg","contentUrl":"https:\/\/sysmatec.ch\/wp-content\/uploads\/2018\/11\/LogoSysmatec.jpg","width":301,"height":297,"caption":"Sysmatec"},"image":{"@id":"https:\/\/sysmatec.ch\/de\/#\/schema\/logo\/image\/"}}]}},"_links":{"self":[{"href":"https:\/\/sysmatec.ch\/de\/wp-json\/wp\/v2\/product\/27644","targetHints":{"allow":["GET"]}}],"collection":[{"href":"https:\/\/sysmatec.ch\/de\/wp-json\/wp\/v2\/product"}],"about":[{"href":"https:\/\/sysmatec.ch\/de\/wp-json\/wp\/v2\/types\/product"}],"wp:featuredmedia":[{"embeddable":true,"href":"https:\/\/sysmatec.ch\/de\/wp-json\/wp\/v2\/media\/27638"}],"wp:attachment":[{"href":"https:\/\/sysmatec.ch\/de\/wp-json\/wp\/v2\/media?parent=27644"}],"wp:term":[{"taxonomy":"product_brand","embeddable":true,"href":"https:\/\/sysmatec.ch\/de\/wp-json\/wp\/v2\/product_brand?post=27644"},{"taxonomy":"product_cat","embeddable":true,"href":"https:\/\/sysmatec.ch\/de\/wp-json\/wp\/v2\/product_cat?post=27644"},{"taxonomy":"product_tag","embeddable":true,"href":"https:\/\/sysmatec.ch\/de\/wp-json\/wp\/v2\/product_tag?post=27644"}],"curies":[{"name":"wp","href":"https:\/\/api.w.org\/{rel}","templated":true}]}}