{"id":2744,"date":"2019-02-11T19:01:53","date_gmt":"2019-02-11T18:01:53","guid":{"rendered":"https:\/\/sysmatec.ch\/produit\/balance-danalyse-kern-aet\/"},"modified":"2022-03-04T21:21:26","modified_gmt":"2022-03-04T20:21:26","slug":"analysenwaage-kern-aet","status":"publish","type":"product","link":"https:\/\/sysmatec.ch\/de\/Produkt\/analysenwaage-kern-aet\/","title":{"rendered":"Analysenwaage KERN AET"},"content":{"rendered":"<ul>\n<li>Premium Touchscreen-Analysenwaage mit dem kompletten Funktionsumfang f\u00fcr anspruchsvolle Prozesse<\/li>\n<li>Intuitive Bedienung, steigert die Effizienz und spart Kosten: Bequemes Erfassen von Artikeldaten am PC, Aufrufen von Artikeln an der Waage \u00fcber angeschlossene Barcode- oder RFID-Scanner, Ausgabe der W\u00e4gedaten \u00fcber Gro\u00df- oder Zweitdisplays oder Steuerausg\u00e4nge, Daten\u00fcbergabe an PC, Drucker oder Alibi-Speicher.<\/li>\n<li>Individuelle Benutzereinstellungen hinterlegbar: Benutzername\/-nummer, Passwort, Men\u00fcsprache, Benutzerprofile, Zus\u00e4tzlicher Gastmodus f\u00fcr nicht eingeloggte Benutzer, Berechtigungen, z. B. Anlage oder Modifikation einer Rezeptur nur durch den Berechtigten, Durchf\u00fchrung des Rezeptierens durch den Anwender<\/li>\n<li>Mindesthaltbarkeitsdaten k\u00f6nnen zu jedem Artikel hinterlegt und ausgedruckt werden<\/li>\n<li>Differenzermittlung: Verwiegen einer Probe vor und nach einem Weiterverarbeitungsprozess und automatische Ausgabe des Differenzwertes<\/li>\n<li>Multiplikator-Funktion: Rezepturen und deren Bestandteile k\u00f6nnen per Tastendruck beliebig multipliziert werden, ideal f\u00fcr die Herstellung von gr\u00f6\u00dferen Gebinden, Gro\u00dfpackungen etc.<\/li>\n<li>Riesige Datenbank (1 GB) f\u00fcr tausende W\u00e4geergebnisse, Artikeldaten, Rezepturen, Rezepturbestandteile, Beh\u00e4ltergewichte, Benutzerdaten etc.<\/li>\n<li>Alibi-Speicher: Elektronische Archivierung von W\u00e4geergebnissen<\/li>\n<li>Elektronische Libelle kontrolliert permanent die Position der Waage, schl\u00e4gt Alarm bei Fehlstellung und gibt eine optische Korrekturanweisung aus<\/li>\n<li>Hohe Prozesssicherheit: f\u00fcr ausgew\u00e4hlte Parameter, wie z. B. Temperatur, Nivellierung, Mindesteinwaage, Justierung etc. k\u00f6nnen Grenzwerte definiert werden, bei deren Unter- oder \u00dcberschreitung eine Warnmeldung ausgegeben und zum Messergebnis hinzu-archiviert werden kann<\/li>\n<li>Gitterwaagschale und Haken f\u00fcr Unterflurw\u00e4gung serienm\u00e4\u00dfig<\/li>\n<li>2 Infrarot-Sensoren: zum ber\u00fchrungslosen Ausf\u00fchren von Funktionen wie TARE, Nullstellen, Ausdrucken, Justierung einleiten oder abbrechen, Datenbank oder Men\u00fc aufrufen etc. &#8211; ein Wink gen\u00fcgt!<\/li>\n<li>3 Schnellbelegungstasten: f\u00fcr h\u00e4ufig wiederkehrende Applikationen, Funktionen, Einstellungen oder Speicherinhalte<\/li>\n<li>Hohe Konnektivit\u00e4t: 1 \u00d7 Ethernet, 2 \u00d7 RS-232, 2 \u00d7 USB, 1 \u00d7 Zusatzdisplay, Digital I\/O-Schnittstelle (4 in \/ 4 out)<\/li>\n<li>z. B. zum Datenaustausch oder Anschluss von Barcode- und RFID-Scannern zum schnellen Aufrufen von hinterlegten Artikeln<\/li>\n<li>Intuitive Bedienung, steigert die Effizienz und spart Kosten: Bequemes Erfassen von Artikeldaten am PC, Aufrufen von Artikeln an der Waage \u00fcber angeschlossene Barcode- oder RFID-Scanner, Ausgabe der W\u00e4gedaten \u00fcber Gro\u00df- oder Zweitdisplays oder Steuerausg\u00e4nge, Daten\u00fcbergabe an PC, Drucker oder Alibi-Speicher.<\/li>\n<li>Statistikfunktion zur statistischen Auswertung von Messreihen. Eine grafische Darstellung der Messwerte kann dem Anwender zur Kontrolle und Bewertung der Messergebnisse dienen<\/li>\n<li>Intuitive Pipettenkalibrier-Funktion gem\u00e4\u00df ISO 8655 zur Sicherstellung der Pipetiervolumina und Minimierung von Risiken in der t\u00e4glichen Arbeit mit Ihren Pipetten<\/li>\n<li>Elektronische Libelle kontrolliert permanent die Position der Waage, schl\u00e4gt Alarm bei Fehlstellung und gibt eine optische Korrekturanweisung aus<\/li>\n<li>Individuelle Druckbildformatierung: bis zu 16 Ausdrucke bequem am PC editierbar<\/li>\n<li>Komfortables Rezeptieren: komplette Rezepturen mit allen Rezepturbestandteilen und den dazugeh\u00f6rigen Sollwerten, Namen, Toleranzen, Taragewichten etc. k\u00f6nnen hinterlegt werden. Die praktische Rezepturanpassung bei \u00dcberdosierung ermittelt bei einem Rezepturbestandteil mit einer zu hohen Einwaage automatisch die neuen Sollgewichte der anderen Rezepturbestandteile<\/li>\n<li>Riesige Datenbank (1 GB) kann mittels einer optionalen Software bequem am PC bef\u00fcllt werden. Besonders vorteilhaft beim Z\u00e4hlen von vielen Einzelartikeln, im Rahmen der Inventur, bei Kontrollw\u00e4gungen (Checkweighing), Erfassen von Rezepturen etc<\/li>\n<li>Datenaustausch via USB zum Aufspielen von Software-Updates, Export von W\u00e4geergebnissen, Export\/Import von Datenbanken, Waageneinstellungen, Datenaustausch zwischen einzelnen Waagen etc.<\/li>\n<li>Nur AET-NM\/DAM: Datenschnittstelle WLAN zur Daten\u00fcbertragung von Waage zu Drucker, PC oder anderen Peripherieger\u00e4ten, Riesige Datenbank (8 GB), Schneller Dual-Core Prozessor (2 \u00d7 1 GB)<\/li>\n<\/ul>\n<table border=\"1\" width=\"636\" cellspacing=\"0\" cellpadding=\"2\">\n<tbody>\n<tr>\n<td>Modell<\/td>\n<td width=\"10%\">Ablesbarkeit<\/td>\n<td width=\"10%\">W\u00e4gebereich<\/td>\n<td width=\"10%\">Reproduzierbarkeit<\/td>\n<td width=\"10%\">Linearit\u00e4t<\/td>\n<td width=\"10%\">W\u00e4geplatte<\/td>\n<\/tr>\n<tr>\n<td><\/td>\n<td width=\"10%\">mg<\/td>\n<td width=\"10%\">g<\/td>\n<td width=\"10%\">mg<\/td>\n<td width=\"10%\">mg<\/td>\n<td width=\"10%\">mm<\/td>\n<\/tr>\n<tr>\n<td>AET 500-4<\/td>\n<td width=\"10%\">0,1<\/td>\n<td width=\"10%\">500<\/td>\n<td width=\"10%\">0,12<\/td>\n<td width=\"10%\">\u00b10,5<\/td>\n<td width=\"10%\">diam. 85<\/td>\n<\/tr>\n<tr>\n<td>AET 100-5M<\/td>\n<td width=\"10%\">0,01<\/td>\n<td width=\"10%\">100<\/td>\n<td width=\"10%\">0,05<\/td>\n<td width=\"10%\">\u00b10,1<\/td>\n<td width=\"10%\">diam. 85<\/td>\n<\/tr>\n<tr>\n<td>AET 100-5AM<\/td>\n<td width=\"10%\">0,01<\/td>\n<td width=\"10%\">100<\/td>\n<td width=\"10%\">0,05<\/td>\n<td width=\"10%\">\u00b10,1<\/td>\n<td width=\"10%\">diam. 85<\/td>\n<\/tr>\n<tr>\n<td>AET 200-4NM<\/td>\n<td width=\"10%\">0.1<\/td>\n<td width=\"10%\">220<\/td>\n<td width=\"10%\">0.2<\/td>\n<td width=\"10%\">\u00b10,3<\/td>\n<td width=\"10%\">diam. 85<\/td>\n<\/tr>\n<tr>\n<td>AET 200-5DAM<\/td>\n<td width=\"10%\">0,01\/0,1<\/td>\n<td width=\"10%\">82\/220<\/td>\n<td width=\"10%\">0,04\/0,1<\/td>\n<td width=\"10%\">\u00b10,1\/\u00b10,2<\/td>\n<td width=\"10%\">diam. 85<\/td>\n<\/tr>\n<\/tbody>\n<\/table>\n","protected":false},"excerpt":{"rendered":"<p><span class=\"VIiyi\" lang=\"de\"><span class=\"JLqJ4b ChMk0b\" data-language-for-alternatives=\"de\" data-language-to-translate-into=\"fr\" data-phrase-index=\"4\" data-number-of-phrases=\"5\">Labor-Analysenwaage mit 0,1 mg oder 0,01 mg Ablesung.<\/span><\/span><\/p>\n","protected":false},"featured_media":2742,"template":"","meta":{"_crdt_document":""},"product_brand":[],"product_cat":[165,344],"product_tag":[],"class_list":{"0":"post-2744","1":"product","2":"type-product","3":"status-publish","4":"has-post-thumbnail","6":"product_cat-gewicht","7":"product_cat-zahlen","9":"first","10":"instock","11":"taxable","12":"shipping-taxable","13":"product-type-simple"},"yoast_head":"<!-- This site is optimized with the Yoast SEO plugin v27.3 - https:\/\/yoast.com\/product\/yoast-seo-wordpress\/ -->\n<title>Analysenwaage KERN AET - Sysmatec<\/title>\n<meta name=\"description\" content=\"Analysenwaage mit Touchscreen. Messwert 0,1 oder sogar 0,01 mg f\u00fcr Bereiche von 0-100 g bis 0-500 g. Ethernet-, RS232- und USB-Schnittstellen.\" \/>\n<meta name=\"robots\" content=\"index, follow, max-snippet:-1, max-image-preview:large, max-video-preview:-1\" \/>\n<link rel=\"canonical\" href=\"https:\/\/sysmatec.ch\/de\/produit\/analysenwaage-kern-aet\/\" \/>\n<meta property=\"og:locale\" content=\"de_DE\" \/>\n<meta property=\"og:type\" content=\"article\" \/>\n<meta property=\"og:title\" content=\"Analysenwaage KERN AET - Sysmatec\" \/>\n<meta property=\"og:description\" content=\"Analysenwaage mit Touchscreen. Messwert 0,1 oder sogar 0,01 mg f\u00fcr Bereiche von 0-100 g bis 0-500 g. Ethernet-, RS232- und USB-Schnittstellen.\" \/>\n<meta property=\"og:url\" content=\"https:\/\/sysmatec.ch\/de\/produit\/analysenwaage-kern-aet\/\" \/>\n<meta property=\"og:site_name\" content=\"Sysmatec\" \/>\n<meta property=\"article:modified_time\" content=\"2022-03-04T20:21:26+00:00\" \/>\n<meta property=\"og:image\" content=\"https:\/\/sysmatec.ch\/wp-content\/uploads\/2019\/02\/Balance_KernAET.jpg\" \/>\n\t<meta property=\"og:image:width\" content=\"182\" \/>\n\t<meta property=\"og:image:height\" content=\"159\" \/>\n\t<meta property=\"og:image:type\" content=\"image\/jpeg\" \/>\n<meta name=\"twitter:card\" content=\"summary_large_image\" \/>\n<meta name=\"twitter:label1\" content=\"Gesch\u00e4tzte Lesezeit\" \/>\n\t<meta name=\"twitter:data1\" content=\"3\u00a0Minuten\" \/>\n<script type=\"application\/ld+json\" class=\"yoast-schema-graph\">{\"@context\":\"https:\\\/\\\/schema.org\",\"@graph\":[{\"@type\":\"WebPage\",\"@id\":\"https:\\\/\\\/sysmatec.ch\\\/de\\\/produit\\\/analysenwaage-kern-aet\\\/\",\"url\":\"https:\\\/\\\/sysmatec.ch\\\/de\\\/produit\\\/analysenwaage-kern-aet\\\/\",\"name\":\"Analysenwaage KERN AET - Sysmatec\",\"isPartOf\":{\"@id\":\"https:\\\/\\\/sysmatec.ch\\\/de\\\/#website\"},\"primaryImageOfPage\":{\"@id\":\"https:\\\/\\\/sysmatec.ch\\\/de\\\/produit\\\/analysenwaage-kern-aet\\\/#primaryimage\"},\"image\":{\"@id\":\"https:\\\/\\\/sysmatec.ch\\\/de\\\/produit\\\/analysenwaage-kern-aet\\\/#primaryimage\"},\"thumbnailUrl\":\"https:\\\/\\\/sysmatec.ch\\\/wp-content\\\/uploads\\\/2019\\\/02\\\/Balance_KernAET.jpg\",\"datePublished\":\"2019-02-11T18:01:53+00:00\",\"dateModified\":\"2022-03-04T20:21:26+00:00\",\"description\":\"Analysenwaage mit Touchscreen. Messwert 0,1 oder sogar 0,01 mg f\u00fcr Bereiche von 0-100 g bis 0-500 g. Ethernet-, RS232- und USB-Schnittstellen.\",\"breadcrumb\":{\"@id\":\"https:\\\/\\\/sysmatec.ch\\\/de\\\/produit\\\/analysenwaage-kern-aet\\\/#breadcrumb\"},\"inLanguage\":\"de\",\"potentialAction\":[{\"@type\":\"ReadAction\",\"target\":[\"https:\\\/\\\/sysmatec.ch\\\/de\\\/produit\\\/analysenwaage-kern-aet\\\/\"]}]},{\"@type\":\"ImageObject\",\"inLanguage\":\"de\",\"@id\":\"https:\\\/\\\/sysmatec.ch\\\/de\\\/produit\\\/analysenwaage-kern-aet\\\/#primaryimage\",\"url\":\"https:\\\/\\\/sysmatec.ch\\\/wp-content\\\/uploads\\\/2019\\\/02\\\/Balance_KernAET.jpg\",\"contentUrl\":\"https:\\\/\\\/sysmatec.ch\\\/wp-content\\\/uploads\\\/2019\\\/02\\\/Balance_KernAET.jpg\",\"width\":182,\"height\":159},{\"@type\":\"BreadcrumbList\",\"@id\":\"https:\\\/\\\/sysmatec.ch\\\/de\\\/produit\\\/analysenwaage-kern-aet\\\/#breadcrumb\",\"itemListElement\":[{\"@type\":\"ListItem\",\"position\":1,\"name\":\"Accueil\",\"item\":\"https:\\\/\\\/sysmatec.ch\\\/de\\\/\"},{\"@type\":\"ListItem\",\"position\":2,\"name\":\"Die Aktivit\u00e4t von Sysmatec\",\"item\":\"https:\\\/\\\/sysmatec.ch\\\/de\\\/\"},{\"@type\":\"ListItem\",\"position\":3,\"name\":\"Analysenwaage KERN AET\"}]},{\"@type\":\"WebSite\",\"@id\":\"https:\\\/\\\/sysmatec.ch\\\/de\\\/#website\",\"url\":\"https:\\\/\\\/sysmatec.ch\\\/de\\\/\",\"name\":\"Sysmatec\",\"description\":\"Equipement de laboratoire et logiciels\",\"publisher\":{\"@id\":\"https:\\\/\\\/sysmatec.ch\\\/de\\\/#organization\"},\"potentialAction\":[{\"@type\":\"SearchAction\",\"target\":{\"@type\":\"EntryPoint\",\"urlTemplate\":\"https:\\\/\\\/sysmatec.ch\\\/de\\\/?s={search_term_string}\"},\"query-input\":{\"@type\":\"PropertyValueSpecification\",\"valueRequired\":true,\"valueName\":\"search_term_string\"}}],\"inLanguage\":\"de\"},{\"@type\":\"Organization\",\"@id\":\"https:\\\/\\\/sysmatec.ch\\\/de\\\/#organization\",\"name\":\"Sysmatec\",\"url\":\"https:\\\/\\\/sysmatec.ch\\\/de\\\/\",\"logo\":{\"@type\":\"ImageObject\",\"inLanguage\":\"de\",\"@id\":\"https:\\\/\\\/sysmatec.ch\\\/de\\\/#\\\/schema\\\/logo\\\/image\\\/\",\"url\":\"https:\\\/\\\/sysmatec.ch\\\/wp-content\\\/uploads\\\/2018\\\/11\\\/LogoSysmatec.jpg\",\"contentUrl\":\"https:\\\/\\\/sysmatec.ch\\\/wp-content\\\/uploads\\\/2018\\\/11\\\/LogoSysmatec.jpg\",\"width\":301,\"height\":297,\"caption\":\"Sysmatec\"},\"image\":{\"@id\":\"https:\\\/\\\/sysmatec.ch\\\/de\\\/#\\\/schema\\\/logo\\\/image\\\/\"}}]}<\/script>\n<!-- \/ Yoast SEO plugin. -->","yoast_head_json":{"title":"Analysenwaage KERN AET - Sysmatec","description":"Analysenwaage mit Touchscreen. Messwert 0,1 oder sogar 0,01 mg f\u00fcr Bereiche von 0-100 g bis 0-500 g. Ethernet-, RS232- und USB-Schnittstellen.","robots":{"index":"index","follow":"follow","max-snippet":"max-snippet:-1","max-image-preview":"max-image-preview:large","max-video-preview":"max-video-preview:-1"},"canonical":"https:\/\/sysmatec.ch\/de\/produit\/analysenwaage-kern-aet\/","og_locale":"de_DE","og_type":"article","og_title":"Analysenwaage KERN AET - Sysmatec","og_description":"Analysenwaage mit Touchscreen. Messwert 0,1 oder sogar 0,01 mg f\u00fcr Bereiche von 0-100 g bis 0-500 g. Ethernet-, RS232- und USB-Schnittstellen.","og_url":"https:\/\/sysmatec.ch\/de\/produit\/analysenwaage-kern-aet\/","og_site_name":"Sysmatec","article_modified_time":"2022-03-04T20:21:26+00:00","og_image":[{"width":182,"height":159,"url":"https:\/\/sysmatec.ch\/wp-content\/uploads\/2019\/02\/Balance_KernAET.jpg","type":"image\/jpeg"}],"twitter_card":"summary_large_image","twitter_misc":{"Gesch\u00e4tzte Lesezeit":"3\u00a0Minuten"},"schema":{"@context":"https:\/\/schema.org","@graph":[{"@type":"WebPage","@id":"https:\/\/sysmatec.ch\/de\/produit\/analysenwaage-kern-aet\/","url":"https:\/\/sysmatec.ch\/de\/produit\/analysenwaage-kern-aet\/","name":"Analysenwaage KERN AET - Sysmatec","isPartOf":{"@id":"https:\/\/sysmatec.ch\/de\/#website"},"primaryImageOfPage":{"@id":"https:\/\/sysmatec.ch\/de\/produit\/analysenwaage-kern-aet\/#primaryimage"},"image":{"@id":"https:\/\/sysmatec.ch\/de\/produit\/analysenwaage-kern-aet\/#primaryimage"},"thumbnailUrl":"https:\/\/sysmatec.ch\/wp-content\/uploads\/2019\/02\/Balance_KernAET.jpg","datePublished":"2019-02-11T18:01:53+00:00","dateModified":"2022-03-04T20:21:26+00:00","description":"Analysenwaage mit Touchscreen. Messwert 0,1 oder sogar 0,01 mg f\u00fcr Bereiche von 0-100 g bis 0-500 g. Ethernet-, RS232- und USB-Schnittstellen.","breadcrumb":{"@id":"https:\/\/sysmatec.ch\/de\/produit\/analysenwaage-kern-aet\/#breadcrumb"},"inLanguage":"de","potentialAction":[{"@type":"ReadAction","target":["https:\/\/sysmatec.ch\/de\/produit\/analysenwaage-kern-aet\/"]}]},{"@type":"ImageObject","inLanguage":"de","@id":"https:\/\/sysmatec.ch\/de\/produit\/analysenwaage-kern-aet\/#primaryimage","url":"https:\/\/sysmatec.ch\/wp-content\/uploads\/2019\/02\/Balance_KernAET.jpg","contentUrl":"https:\/\/sysmatec.ch\/wp-content\/uploads\/2019\/02\/Balance_KernAET.jpg","width":182,"height":159},{"@type":"BreadcrumbList","@id":"https:\/\/sysmatec.ch\/de\/produit\/analysenwaage-kern-aet\/#breadcrumb","itemListElement":[{"@type":"ListItem","position":1,"name":"Accueil","item":"https:\/\/sysmatec.ch\/de\/"},{"@type":"ListItem","position":2,"name":"Die Aktivit\u00e4t von Sysmatec","item":"https:\/\/sysmatec.ch\/de\/"},{"@type":"ListItem","position":3,"name":"Analysenwaage KERN AET"}]},{"@type":"WebSite","@id":"https:\/\/sysmatec.ch\/de\/#website","url":"https:\/\/sysmatec.ch\/de\/","name":"Sysmatec","description":"Equipement de laboratoire et logiciels","publisher":{"@id":"https:\/\/sysmatec.ch\/de\/#organization"},"potentialAction":[{"@type":"SearchAction","target":{"@type":"EntryPoint","urlTemplate":"https:\/\/sysmatec.ch\/de\/?s={search_term_string}"},"query-input":{"@type":"PropertyValueSpecification","valueRequired":true,"valueName":"search_term_string"}}],"inLanguage":"de"},{"@type":"Organization","@id":"https:\/\/sysmatec.ch\/de\/#organization","name":"Sysmatec","url":"https:\/\/sysmatec.ch\/de\/","logo":{"@type":"ImageObject","inLanguage":"de","@id":"https:\/\/sysmatec.ch\/de\/#\/schema\/logo\/image\/","url":"https:\/\/sysmatec.ch\/wp-content\/uploads\/2018\/11\/LogoSysmatec.jpg","contentUrl":"https:\/\/sysmatec.ch\/wp-content\/uploads\/2018\/11\/LogoSysmatec.jpg","width":301,"height":297,"caption":"Sysmatec"},"image":{"@id":"https:\/\/sysmatec.ch\/de\/#\/schema\/logo\/image\/"}}]}},"_links":{"self":[{"href":"https:\/\/sysmatec.ch\/de\/wp-json\/wp\/v2\/product\/2744","targetHints":{"allow":["GET"]}}],"collection":[{"href":"https:\/\/sysmatec.ch\/de\/wp-json\/wp\/v2\/product"}],"about":[{"href":"https:\/\/sysmatec.ch\/de\/wp-json\/wp\/v2\/types\/product"}],"wp:featuredmedia":[{"embeddable":true,"href":"https:\/\/sysmatec.ch\/de\/wp-json\/wp\/v2\/media\/2742"}],"wp:attachment":[{"href":"https:\/\/sysmatec.ch\/de\/wp-json\/wp\/v2\/media?parent=2744"}],"wp:term":[{"taxonomy":"product_brand","embeddable":true,"href":"https:\/\/sysmatec.ch\/de\/wp-json\/wp\/v2\/product_brand?post=2744"},{"taxonomy":"product_cat","embeddable":true,"href":"https:\/\/sysmatec.ch\/de\/wp-json\/wp\/v2\/product_cat?post=2744"},{"taxonomy":"product_tag","embeddable":true,"href":"https:\/\/sysmatec.ch\/de\/wp-json\/wp\/v2\/product_tag?post=2744"}],"curies":[{"name":"wp","href":"https:\/\/api.w.org\/{rel}","templated":true}]}}