{"id":2730,"date":"2019-02-11T18:32:33","date_gmt":"2019-02-11T17:32:33","guid":{"rendered":"https:\/\/sysmatec.ch\/produit\/balance-danalyse-kern-aes-c-aej-cm\/"},"modified":"2022-03-04T21:46:00","modified_gmt":"2022-03-04T20:46:00","slug":"analysenwaage-kern-aes-c-aej-cm","status":"publish","type":"product","link":"https:\/\/sysmatec.ch\/de\/Produkt\/analysenwaage-kern-aes-c-aej-cm\/","title":{"rendered":"Analysenwaage KERN AES-C\/AEJ-CM"},"content":{"rendered":"<ul>\n<li>Kompakte High-End Analysenwaage mit praktischem Pipettenkalibrierprogramm und Alibi-Speicher<\/li>\n<li>AEJ-CM: Interne Justierautomatik bei Temperatur\u00e4nderungen &gt; 0,8 \u00b0C und zeitgesteuert alle 3 Stunden<\/li>\n<li>Softwaregest\u00fctzte Pipettenkalibrier-Funktion zur Sicherstellung der Datenintegrit\u00e4t und Minimierung von Risiken in der t\u00e4glichen Arbeit mit Ihren Pipetten: Vmin: 10 % des Volumens, Va: Arithmetischer Mittelwert, Es: Systematischer Fehler, Vmax: 100 % des Volumens, Sr: Standardabweichung<\/li>\n<li>H\u00f6here W\u00e4gegeschwindigkeit durch Abschalten der letzten Anzeigenstelle<\/li>\n<li>Moderner Ganzglas-Windschutz f\u00fcr optimale Sicht auf das W\u00e4gegut<\/li>\n<li>Dosiermodus: Mit einem Tastendruck k\u00f6nnen alle relevanten Parameter f\u00fcr das Dosieren automatisch eingestellt werden<\/li>\n<li>Alibi-Speicher: Papierlose Archivierung von z. B. bis zu 100.000 W\u00e4geergebnissen<\/li>\n<li>Interner Speicher f\u00fcr bis zu 999 W\u00e4geergebnisse, 1000 Artikel oder Rezepturbestandteile, 100 Beh\u00e4ltergewichte, 100 Benutzer<\/li>\n<\/ul>\n<table border=\"1\" width=\"636\" cellspacing=\"0\" cellpadding=\"2\">\n<tbody>\n<tr>\n<td>Modell<\/td>\n<td width=\"10%\">Ablesbarkeit<\/td>\n<td width=\"10%\">W\u00e4gebereich<\/td>\n<td width=\"10%\">Reproduzierbarkeit<\/td>\n<td width=\"10%\">Linearit\u00e4t<\/td>\n<td width=\"10%\">W\u00e4geplatte<\/td>\n<\/tr>\n<tr>\n<td><\/td>\n<td width=\"10%\">mg<\/td>\n<td width=\"10%\">g<\/td>\n<td width=\"10%\">mg<\/td>\n<td width=\"10%\">mg<\/td>\n<td width=\"10%\">mm<\/td>\n<\/tr>\n<tr>\n<td>AEJ 200-4CM<\/td>\n<td width=\"10%\">0,1<\/td>\n<td width=\"10%\">220<\/td>\n<td width=\"10%\">0,2<\/td>\n<td width=\"10%\">\u00b10,3<\/td>\n<td width=\"10%\">diam. 85<\/td>\n<\/tr>\n<\/tbody>\n<\/table>\n","protected":false},"excerpt":{"rendered":"<p>Laborwaage f\u00fcr einen Bereich von 0 bis 200 g.<\/p>\n","protected":false},"featured_media":2728,"template":"","meta":{"_crdt_document":""},"product_brand":[],"product_cat":[165,346],"product_tag":[],"class_list":{"0":"post-2730","1":"product","2":"type-product","3":"status-publish","4":"has-post-thumbnail","6":"product_cat-gewicht","7":"product_cat-labor","9":"first","10":"outofstock","11":"taxable","12":"shipping-taxable","13":"purchasable","14":"product-type-simple"},"yoast_head":"<!-- This site is optimized with the Yoast SEO plugin v27.4 - https:\/\/yoast.com\/product\/yoast-seo-wordpress\/ -->\n<title>Analysenwaage KERN AES-C\/AEJ-CM - Sysmatec<\/title>\n<meta name=\"description\" content=\"Analysenwaage . Messwert 0,1 mg f\u00fcr einen Bereich von 0 bis 200 g. RS232-Schnittstelle. Drei Schiebet\u00fcren. Gro\u00dfer Speicher zum Speichern von Ergebnissen.\" \/>\n<meta name=\"robots\" content=\"index, follow, max-snippet:-1, max-image-preview:large, max-video-preview:-1\" \/>\n<link rel=\"canonical\" href=\"https:\/\/sysmatec.ch\/de\/produit\/analysenwaage-kern-aes-c-aej-cm\/\" \/>\n<meta property=\"og:locale\" content=\"de_DE\" \/>\n<meta property=\"og:type\" content=\"article\" \/>\n<meta property=\"og:title\" content=\"Analysenwaage KERN AES-C\/AEJ-CM - Sysmatec\" \/>\n<meta property=\"og:description\" content=\"Analysenwaage . Messwert 0,1 mg f\u00fcr einen Bereich von 0 bis 200 g. RS232-Schnittstelle. Drei Schiebet\u00fcren. Gro\u00dfer Speicher zum Speichern von Ergebnissen.\" \/>\n<meta property=\"og:url\" content=\"https:\/\/sysmatec.ch\/de\/produit\/analysenwaage-kern-aes-c-aej-cm\/\" \/>\n<meta property=\"og:site_name\" content=\"Sysmatec\" \/>\n<meta property=\"article:modified_time\" content=\"2022-03-04T20:46:00+00:00\" \/>\n<meta property=\"og:image\" content=\"https:\/\/sysmatec.ch\/wp-content\/uploads\/2019\/02\/Balance_KernAES.jpg\" \/>\n\t<meta property=\"og:image:width\" content=\"179\" \/>\n\t<meta property=\"og:image:height\" content=\"214\" \/>\n\t<meta property=\"og:image:type\" content=\"image\/jpeg\" \/>\n<meta name=\"twitter:card\" content=\"summary_large_image\" \/>\n<meta name=\"twitter:label1\" content=\"Gesch\u00e4tzte Lesezeit\" \/>\n\t<meta name=\"twitter:data1\" content=\"1\u00a0Minute\" \/>\n<script type=\"application\/ld+json\" class=\"yoast-schema-graph\">{\"@context\":\"https:\\\/\\\/schema.org\",\"@graph\":[{\"@type\":\"WebPage\",\"@id\":\"https:\\\/\\\/sysmatec.ch\\\/de\\\/produit\\\/analysenwaage-kern-aes-c-aej-cm\\\/\",\"url\":\"https:\\\/\\\/sysmatec.ch\\\/de\\\/produit\\\/analysenwaage-kern-aes-c-aej-cm\\\/\",\"name\":\"Analysenwaage KERN AES-C\\\/AEJ-CM - Sysmatec\",\"isPartOf\":{\"@id\":\"https:\\\/\\\/sysmatec.ch\\\/de\\\/#website\"},\"primaryImageOfPage\":{\"@id\":\"https:\\\/\\\/sysmatec.ch\\\/de\\\/produit\\\/analysenwaage-kern-aes-c-aej-cm\\\/#primaryimage\"},\"image\":{\"@id\":\"https:\\\/\\\/sysmatec.ch\\\/de\\\/produit\\\/analysenwaage-kern-aes-c-aej-cm\\\/#primaryimage\"},\"thumbnailUrl\":\"https:\\\/\\\/sysmatec.ch\\\/wp-content\\\/uploads\\\/2019\\\/02\\\/Balance_KernAES.jpg\",\"datePublished\":\"2019-02-11T17:32:33+00:00\",\"dateModified\":\"2022-03-04T20:46:00+00:00\",\"description\":\"Analysenwaage . Messwert 0,1 mg f\u00fcr einen Bereich von 0 bis 200 g. RS232-Schnittstelle. Drei Schiebet\u00fcren. Gro\u00dfer Speicher zum Speichern von Ergebnissen.\",\"breadcrumb\":{\"@id\":\"https:\\\/\\\/sysmatec.ch\\\/de\\\/produit\\\/analysenwaage-kern-aes-c-aej-cm\\\/#breadcrumb\"},\"inLanguage\":\"de\",\"potentialAction\":[{\"@type\":\"ReadAction\",\"target\":[\"https:\\\/\\\/sysmatec.ch\\\/de\\\/produit\\\/analysenwaage-kern-aes-c-aej-cm\\\/\"]}]},{\"@type\":\"ImageObject\",\"inLanguage\":\"de\",\"@id\":\"https:\\\/\\\/sysmatec.ch\\\/de\\\/produit\\\/analysenwaage-kern-aes-c-aej-cm\\\/#primaryimage\",\"url\":\"https:\\\/\\\/sysmatec.ch\\\/wp-content\\\/uploads\\\/2019\\\/02\\\/Balance_KernAES.jpg\",\"contentUrl\":\"https:\\\/\\\/sysmatec.ch\\\/wp-content\\\/uploads\\\/2019\\\/02\\\/Balance_KernAES.jpg\",\"width\":179,\"height\":214},{\"@type\":\"BreadcrumbList\",\"@id\":\"https:\\\/\\\/sysmatec.ch\\\/de\\\/produit\\\/analysenwaage-kern-aes-c-aej-cm\\\/#breadcrumb\",\"itemListElement\":[{\"@type\":\"ListItem\",\"position\":1,\"name\":\"Accueil\",\"item\":\"https:\\\/\\\/sysmatec.ch\\\/de\\\/\"},{\"@type\":\"ListItem\",\"position\":2,\"name\":\"Die Aktivit\u00e4t von Sysmatec\",\"item\":\"https:\\\/\\\/sysmatec.ch\\\/de\\\/\"},{\"@type\":\"ListItem\",\"position\":3,\"name\":\"Analysenwaage KERN AES-C\\\/AEJ-CM\"}]},{\"@type\":\"WebSite\",\"@id\":\"https:\\\/\\\/sysmatec.ch\\\/de\\\/#website\",\"url\":\"https:\\\/\\\/sysmatec.ch\\\/de\\\/\",\"name\":\"Sysmatec\",\"description\":\"Equipement de laboratoire et logiciels\",\"publisher\":{\"@id\":\"https:\\\/\\\/sysmatec.ch\\\/de\\\/#organization\"},\"potentialAction\":[{\"@type\":\"SearchAction\",\"target\":{\"@type\":\"EntryPoint\",\"urlTemplate\":\"https:\\\/\\\/sysmatec.ch\\\/de\\\/?s={search_term_string}\"},\"query-input\":{\"@type\":\"PropertyValueSpecification\",\"valueRequired\":true,\"valueName\":\"search_term_string\"}}],\"inLanguage\":\"de\"},{\"@type\":\"Organization\",\"@id\":\"https:\\\/\\\/sysmatec.ch\\\/de\\\/#organization\",\"name\":\"Sysmatec\",\"url\":\"https:\\\/\\\/sysmatec.ch\\\/de\\\/\",\"logo\":{\"@type\":\"ImageObject\",\"inLanguage\":\"de\",\"@id\":\"https:\\\/\\\/sysmatec.ch\\\/de\\\/#\\\/schema\\\/logo\\\/image\\\/\",\"url\":\"https:\\\/\\\/sysmatec.ch\\\/wp-content\\\/uploads\\\/2018\\\/11\\\/LogoSysmatec.jpg\",\"contentUrl\":\"https:\\\/\\\/sysmatec.ch\\\/wp-content\\\/uploads\\\/2018\\\/11\\\/LogoSysmatec.jpg\",\"width\":301,\"height\":297,\"caption\":\"Sysmatec\"},\"image\":{\"@id\":\"https:\\\/\\\/sysmatec.ch\\\/de\\\/#\\\/schema\\\/logo\\\/image\\\/\"}}]}<\/script>\n<!-- \/ Yoast SEO plugin. -->","yoast_head_json":{"title":"Analysenwaage KERN AES-C\/AEJ-CM - Sysmatec","description":"Analysenwaage . Messwert 0,1 mg f\u00fcr einen Bereich von 0 bis 200 g. RS232-Schnittstelle. Drei Schiebet\u00fcren. Gro\u00dfer Speicher zum Speichern von Ergebnissen.","robots":{"index":"index","follow":"follow","max-snippet":"max-snippet:-1","max-image-preview":"max-image-preview:large","max-video-preview":"max-video-preview:-1"},"canonical":"https:\/\/sysmatec.ch\/de\/produit\/analysenwaage-kern-aes-c-aej-cm\/","og_locale":"de_DE","og_type":"article","og_title":"Analysenwaage KERN AES-C\/AEJ-CM - Sysmatec","og_description":"Analysenwaage . Messwert 0,1 mg f\u00fcr einen Bereich von 0 bis 200 g. RS232-Schnittstelle. Drei Schiebet\u00fcren. Gro\u00dfer Speicher zum Speichern von Ergebnissen.","og_url":"https:\/\/sysmatec.ch\/de\/produit\/analysenwaage-kern-aes-c-aej-cm\/","og_site_name":"Sysmatec","article_modified_time":"2022-03-04T20:46:00+00:00","og_image":[{"width":179,"height":214,"url":"https:\/\/sysmatec.ch\/wp-content\/uploads\/2019\/02\/Balance_KernAES.jpg","type":"image\/jpeg"}],"twitter_card":"summary_large_image","twitter_misc":{"Gesch\u00e4tzte Lesezeit":"1\u00a0Minute"},"schema":{"@context":"https:\/\/schema.org","@graph":[{"@type":"WebPage","@id":"https:\/\/sysmatec.ch\/de\/produit\/analysenwaage-kern-aes-c-aej-cm\/","url":"https:\/\/sysmatec.ch\/de\/produit\/analysenwaage-kern-aes-c-aej-cm\/","name":"Analysenwaage KERN AES-C\/AEJ-CM - Sysmatec","isPartOf":{"@id":"https:\/\/sysmatec.ch\/de\/#website"},"primaryImageOfPage":{"@id":"https:\/\/sysmatec.ch\/de\/produit\/analysenwaage-kern-aes-c-aej-cm\/#primaryimage"},"image":{"@id":"https:\/\/sysmatec.ch\/de\/produit\/analysenwaage-kern-aes-c-aej-cm\/#primaryimage"},"thumbnailUrl":"https:\/\/sysmatec.ch\/wp-content\/uploads\/2019\/02\/Balance_KernAES.jpg","datePublished":"2019-02-11T17:32:33+00:00","dateModified":"2022-03-04T20:46:00+00:00","description":"Analysenwaage . Messwert 0,1 mg f\u00fcr einen Bereich von 0 bis 200 g. RS232-Schnittstelle. Drei Schiebet\u00fcren. Gro\u00dfer Speicher zum Speichern von Ergebnissen.","breadcrumb":{"@id":"https:\/\/sysmatec.ch\/de\/produit\/analysenwaage-kern-aes-c-aej-cm\/#breadcrumb"},"inLanguage":"de","potentialAction":[{"@type":"ReadAction","target":["https:\/\/sysmatec.ch\/de\/produit\/analysenwaage-kern-aes-c-aej-cm\/"]}]},{"@type":"ImageObject","inLanguage":"de","@id":"https:\/\/sysmatec.ch\/de\/produit\/analysenwaage-kern-aes-c-aej-cm\/#primaryimage","url":"https:\/\/sysmatec.ch\/wp-content\/uploads\/2019\/02\/Balance_KernAES.jpg","contentUrl":"https:\/\/sysmatec.ch\/wp-content\/uploads\/2019\/02\/Balance_KernAES.jpg","width":179,"height":214},{"@type":"BreadcrumbList","@id":"https:\/\/sysmatec.ch\/de\/produit\/analysenwaage-kern-aes-c-aej-cm\/#breadcrumb","itemListElement":[{"@type":"ListItem","position":1,"name":"Accueil","item":"https:\/\/sysmatec.ch\/de\/"},{"@type":"ListItem","position":2,"name":"Die Aktivit\u00e4t von Sysmatec","item":"https:\/\/sysmatec.ch\/de\/"},{"@type":"ListItem","position":3,"name":"Analysenwaage KERN AES-C\/AEJ-CM"}]},{"@type":"WebSite","@id":"https:\/\/sysmatec.ch\/de\/#website","url":"https:\/\/sysmatec.ch\/de\/","name":"Sysmatec","description":"Equipement de laboratoire et logiciels","publisher":{"@id":"https:\/\/sysmatec.ch\/de\/#organization"},"potentialAction":[{"@type":"SearchAction","target":{"@type":"EntryPoint","urlTemplate":"https:\/\/sysmatec.ch\/de\/?s={search_term_string}"},"query-input":{"@type":"PropertyValueSpecification","valueRequired":true,"valueName":"search_term_string"}}],"inLanguage":"de"},{"@type":"Organization","@id":"https:\/\/sysmatec.ch\/de\/#organization","name":"Sysmatec","url":"https:\/\/sysmatec.ch\/de\/","logo":{"@type":"ImageObject","inLanguage":"de","@id":"https:\/\/sysmatec.ch\/de\/#\/schema\/logo\/image\/","url":"https:\/\/sysmatec.ch\/wp-content\/uploads\/2018\/11\/LogoSysmatec.jpg","contentUrl":"https:\/\/sysmatec.ch\/wp-content\/uploads\/2018\/11\/LogoSysmatec.jpg","width":301,"height":297,"caption":"Sysmatec"},"image":{"@id":"https:\/\/sysmatec.ch\/de\/#\/schema\/logo\/image\/"}}]}},"_links":{"self":[{"href":"https:\/\/sysmatec.ch\/de\/wp-json\/wp\/v2\/product\/2730","targetHints":{"allow":["GET"]}}],"collection":[{"href":"https:\/\/sysmatec.ch\/de\/wp-json\/wp\/v2\/product"}],"about":[{"href":"https:\/\/sysmatec.ch\/de\/wp-json\/wp\/v2\/types\/product"}],"wp:featuredmedia":[{"embeddable":true,"href":"https:\/\/sysmatec.ch\/de\/wp-json\/wp\/v2\/media\/2728"}],"wp:attachment":[{"href":"https:\/\/sysmatec.ch\/de\/wp-json\/wp\/v2\/media?parent=2730"}],"wp:term":[{"taxonomy":"product_brand","embeddable":true,"href":"https:\/\/sysmatec.ch\/de\/wp-json\/wp\/v2\/product_brand?post=2730"},{"taxonomy":"product_cat","embeddable":true,"href":"https:\/\/sysmatec.ch\/de\/wp-json\/wp\/v2\/product_cat?post=2730"},{"taxonomy":"product_tag","embeddable":true,"href":"https:\/\/sysmatec.ch\/de\/wp-json\/wp\/v2\/product_tag?post=2730"}],"curies":[{"name":"wp","href":"https:\/\/api.w.org\/{rel}","templated":true}]}}