{"id":2723,"date":"2019-02-11T18:24:55","date_gmt":"2019-02-11T17:24:55","guid":{"rendered":"https:\/\/sysmatec.ch\/produit\/balance-danalyse-kern-als-alj\/"},"modified":"2022-03-04T21:54:54","modified_gmt":"2022-03-04T20:54:54","slug":"analysenwaage-kern-als-alj","status":"publish","type":"product","link":"https:\/\/sysmatec.ch\/de\/Produkt\/analysenwaage-kern-als-alj\/","title":{"rendered":"Analysenwaage KERN ALS-A\/ALJ-A"},"content":{"rendered":"<ul>\n<li>\n<div id=\"verweis_01\">KERN ALJ 200-5DA: Hochpr\u00e4zise Halbmikro-Analysenwaage<\/div>\n<\/li>\n<li>\n<div id=\"verweis_01\">Schnelles und effizientes Arbeiten dank Grafik-Display. Einfache Klartext-Bedienerf\u00fchrung im Display in den Sprachen DE, GB, FR, IT, ES, PT<\/div>\n<\/li>\n<li>\n<div id=\"verweis_01\">nur ALJ-A\/-AM: Interne Justierautomatik bei Temperatur\u00e4nderungen ? 1,2 \u00b0C und zeitgesteuert nach definierten Intervallen, garantiert hohe Genauigkeit und macht standortunabh\u00e4ngig<\/div>\n<\/li>\n<li>\n<div id=\"verweis_01\">nur ALS-A: Justierprogramm CAL zum Einstellen der Genauigkeit,mittels eines externen Pr\u00fcfgewichts<\/div>\n<\/li>\n<li>\n<div id=\"verweis_01\">Ergonomisch optimiertes Bedienfeld f\u00fcr Links- und Rechtsh\u00e4nder<\/div>\n<\/li>\n<li>\n<div id=\"verweis_01\">Gro\u00dfer Glas-<a class=\"lexikon_link\">Windschutz<\/a> mit 3 Schiebet\u00fcren f\u00fcr komfortablen Zugang zum W\u00e4gegut<\/div>\n<\/li>\n<li>\n<div id=\"verweis_01\">Kompakte Abmessungen, vorteilhaft bei eingeschr\u00e4nkten Platzverh\u00e4ltnissen<\/div>\n<\/li>\n<li>\n<div id=\"verweis_01\">Arbeitsschutzhaube im Lieferumfang enthalten<\/div>\n<\/li>\n<\/ul>\n<table border=\"1\" width=\"636\" cellspacing=\"0\" cellpadding=\"2\">\n<tbody>\n<tr>\n<td>Waage Modell<\/td>\n<td width=\"10%\">Ablesbarkeit<\/td>\n<td width=\"10%\">W\u00e4gebereich<\/td>\n<td width=\"10%\">Reproduktibilit\u00e4t<\/td>\n<td width=\"10%\">Linearit\u00e4t<\/td>\n<td width=\"10%\">Platte<\/td>\n<\/tr>\n<tr>\n<td><\/td>\n<td width=\"10%\">mg<\/td>\n<td width=\"10%\">g<\/td>\n<td width=\"10%\">mg<\/td>\n<td width=\"10%\">mg<\/td>\n<td width=\"10%\">mm<\/td>\n<\/tr>\n<tr>\n<td>ALS 160-4A<\/td>\n<td width=\"10%\">0,1<\/td>\n<td width=\"10%\">160<\/td>\n<td width=\"10%\">0,2<\/td>\n<td width=\"10%\">\u00b10,3<\/td>\n<td width=\"10%\">diam. 80<\/td>\n<\/tr>\n<tr>\n<td>ALS 250-4A<\/td>\n<td width=\"10%\">0,1<\/td>\n<td width=\"10%\">250<\/td>\n<td width=\"10%\">0,2<\/td>\n<td width=\"10%\">\u00b10,3<\/td>\n<td width=\"10%\">diam. 80<\/td>\n<\/tr>\n<tr>\n<td>ALJ 160-4AM<\/td>\n<td width=\"10%\">0,1<\/td>\n<td width=\"10%\">160<\/td>\n<td width=\"10%\">0,2<\/td>\n<td width=\"10%\">\u00b10,3<\/td>\n<td width=\"10%\">diam. 80<\/td>\n<\/tr>\n<tr>\n<td>ALJ 200-5DA<\/td>\n<td width=\"10%\">0,01\/0,1<\/td>\n<td width=\"10%\">82\/220<\/td>\n<td width=\"10%\">0.1\/0.2<\/td>\n<td width=\"10%\">\u00b10.1\/0.2<\/td>\n<td width=\"10%\">diam. 80<\/td>\n<\/tr>\n<tr>\n<td>ALJ 250-4A<\/td>\n<td width=\"10%\">0,1<\/td>\n<td width=\"10%\">250<\/td>\n<td width=\"10%\">0,1<\/td>\n<td width=\"10%\">\u00b10,3<\/td>\n<td width=\"10%\">diam. 80<\/td>\n<\/tr>\n<tr>\n<td>ALJ 250-4AM<\/td>\n<td width=\"10%\">0,1<\/td>\n<td width=\"10%\">250<\/td>\n<td width=\"10%\">0,1<\/td>\n<td width=\"10%\">\u00b10,3<\/td>\n<td width=\"10%\">diam. 80<\/td>\n<\/tr>\n<tr>\n<td>ALJ 310-4A<\/td>\n<td width=\"10%\">0,1<\/td>\n<td width=\"10%\">310<\/td>\n<td width=\"10%\">0,2<\/td>\n<td width=\"10%\">\u00b10,3<\/td>\n<td width=\"10%\">diam. 80<\/td>\n<\/tr>\n<tr>\n<td>ALJ 500-4A<\/td>\n<td width=\"10%\">0,1<\/td>\n<td width=\"10%\">510<\/td>\n<td width=\"10%\">0,2<\/td>\n<td width=\"10%\">\u00b10,4<\/td>\n<td width=\"10%\">diam. 80<\/td>\n<\/tr>\n<\/tbody>\n<\/table>\n","protected":false},"excerpt":{"rendered":"<p>Analysenwaage 0-82 g bis 0-510 g<\/p>\n","protected":false},"featured_media":2721,"template":"","meta":{"_crdt_document":""},"product_brand":[],"product_cat":[165,346],"product_tag":[],"class_list":{"0":"post-2723","1":"product","2":"type-product","3":"status-publish","4":"has-post-thumbnail","6":"product_cat-gewicht","7":"product_cat-labor","9":"first","10":"instock","11":"taxable","12":"shipping-taxable","13":"purchasable","14":"product-type-variable"},"yoast_head":"<!-- This site is optimized with the Yoast SEO plugin v27.4 - https:\/\/yoast.com\/product\/yoast-seo-wordpress\/ -->\n<title>Analysenwaage KERN ALS-A\/ALJ-A - Sysmatec<\/title>\n<meta name=\"description\" content=\"Eichf\u00e4hige Analysenwaage. Anzeige 0,1 mg oder 0,01 mg f\u00fcr Bereiche von 0-160 bis 0-510 g. Drei Schiebet\u00fcren.\" \/>\n<meta name=\"robots\" content=\"index, follow, max-snippet:-1, max-image-preview:large, max-video-preview:-1\" \/>\n<link rel=\"canonical\" href=\"https:\/\/sysmatec.ch\/de\/produit\/analysenwaage-kern-als-alj\/\" \/>\n<meta property=\"og:locale\" content=\"de_DE\" \/>\n<meta property=\"og:type\" content=\"article\" \/>\n<meta property=\"og:title\" content=\"Analysenwaage KERN ALS-A\/ALJ-A - Sysmatec\" \/>\n<meta property=\"og:description\" content=\"Eichf\u00e4hige Analysenwaage. Anzeige 0,1 mg oder 0,01 mg f\u00fcr Bereiche von 0-160 bis 0-510 g. Drei Schiebet\u00fcren.\" \/>\n<meta property=\"og:url\" content=\"https:\/\/sysmatec.ch\/de\/produit\/analysenwaage-kern-als-alj\/\" \/>\n<meta property=\"og:site_name\" content=\"Sysmatec\" \/>\n<meta property=\"article:modified_time\" content=\"2022-03-04T20:54:54+00:00\" \/>\n<meta property=\"og:image\" content=\"https:\/\/sysmatec.ch\/wp-content\/uploads\/2019\/02\/Balance_KernALS.jpg\" \/>\n\t<meta property=\"og:image:width\" content=\"188\" \/>\n\t<meta property=\"og:image:height\" content=\"244\" \/>\n\t<meta property=\"og:image:type\" content=\"image\/jpeg\" \/>\n<meta name=\"twitter:card\" content=\"summary_large_image\" \/>\n<meta name=\"twitter:label1\" content=\"Gesch\u00e4tzte Lesezeit\" \/>\n\t<meta name=\"twitter:data1\" content=\"1\u00a0Minute\" \/>\n<script type=\"application\/ld+json\" class=\"yoast-schema-graph\">{\"@context\":\"https:\\\/\\\/schema.org\",\"@graph\":[{\"@type\":\"WebPage\",\"@id\":\"https:\\\/\\\/sysmatec.ch\\\/de\\\/produit\\\/analysenwaage-kern-als-alj\\\/\",\"url\":\"https:\\\/\\\/sysmatec.ch\\\/de\\\/produit\\\/analysenwaage-kern-als-alj\\\/\",\"name\":\"Analysenwaage KERN ALS-A\\\/ALJ-A - Sysmatec\",\"isPartOf\":{\"@id\":\"https:\\\/\\\/sysmatec.ch\\\/de\\\/#website\"},\"primaryImageOfPage\":{\"@id\":\"https:\\\/\\\/sysmatec.ch\\\/de\\\/produit\\\/analysenwaage-kern-als-alj\\\/#primaryimage\"},\"image\":{\"@id\":\"https:\\\/\\\/sysmatec.ch\\\/de\\\/produit\\\/analysenwaage-kern-als-alj\\\/#primaryimage\"},\"thumbnailUrl\":\"https:\\\/\\\/sysmatec.ch\\\/wp-content\\\/uploads\\\/2019\\\/02\\\/Balance_KernALS.jpg\",\"datePublished\":\"2019-02-11T17:24:55+00:00\",\"dateModified\":\"2022-03-04T20:54:54+00:00\",\"description\":\"Eichf\u00e4hige Analysenwaage. Anzeige 0,1 mg oder 0,01 mg f\u00fcr Bereiche von 0-160 bis 0-510 g. Drei Schiebet\u00fcren.\",\"breadcrumb\":{\"@id\":\"https:\\\/\\\/sysmatec.ch\\\/de\\\/produit\\\/analysenwaage-kern-als-alj\\\/#breadcrumb\"},\"inLanguage\":\"de\",\"potentialAction\":[{\"@type\":\"ReadAction\",\"target\":[\"https:\\\/\\\/sysmatec.ch\\\/de\\\/produit\\\/analysenwaage-kern-als-alj\\\/\"]}]},{\"@type\":\"ImageObject\",\"inLanguage\":\"de\",\"@id\":\"https:\\\/\\\/sysmatec.ch\\\/de\\\/produit\\\/analysenwaage-kern-als-alj\\\/#primaryimage\",\"url\":\"https:\\\/\\\/sysmatec.ch\\\/wp-content\\\/uploads\\\/2019\\\/02\\\/Balance_KernALS.jpg\",\"contentUrl\":\"https:\\\/\\\/sysmatec.ch\\\/wp-content\\\/uploads\\\/2019\\\/02\\\/Balance_KernALS.jpg\",\"width\":188,\"height\":244},{\"@type\":\"BreadcrumbList\",\"@id\":\"https:\\\/\\\/sysmatec.ch\\\/de\\\/produit\\\/analysenwaage-kern-als-alj\\\/#breadcrumb\",\"itemListElement\":[{\"@type\":\"ListItem\",\"position\":1,\"name\":\"Accueil\",\"item\":\"https:\\\/\\\/sysmatec.ch\\\/de\\\/\"},{\"@type\":\"ListItem\",\"position\":2,\"name\":\"Die Aktivit\u00e4t von Sysmatec\",\"item\":\"https:\\\/\\\/sysmatec.ch\\\/de\\\/\"},{\"@type\":\"ListItem\",\"position\":3,\"name\":\"Analysenwaage KERN ALS-A\\\/ALJ-A\"}]},{\"@type\":\"WebSite\",\"@id\":\"https:\\\/\\\/sysmatec.ch\\\/de\\\/#website\",\"url\":\"https:\\\/\\\/sysmatec.ch\\\/de\\\/\",\"name\":\"Sysmatec\",\"description\":\"Equipement de laboratoire et logiciels\",\"publisher\":{\"@id\":\"https:\\\/\\\/sysmatec.ch\\\/de\\\/#organization\"},\"potentialAction\":[{\"@type\":\"SearchAction\",\"target\":{\"@type\":\"EntryPoint\",\"urlTemplate\":\"https:\\\/\\\/sysmatec.ch\\\/de\\\/?s={search_term_string}\"},\"query-input\":{\"@type\":\"PropertyValueSpecification\",\"valueRequired\":true,\"valueName\":\"search_term_string\"}}],\"inLanguage\":\"de\"},{\"@type\":\"Organization\",\"@id\":\"https:\\\/\\\/sysmatec.ch\\\/de\\\/#organization\",\"name\":\"Sysmatec\",\"url\":\"https:\\\/\\\/sysmatec.ch\\\/de\\\/\",\"logo\":{\"@type\":\"ImageObject\",\"inLanguage\":\"de\",\"@id\":\"https:\\\/\\\/sysmatec.ch\\\/de\\\/#\\\/schema\\\/logo\\\/image\\\/\",\"url\":\"https:\\\/\\\/sysmatec.ch\\\/wp-content\\\/uploads\\\/2018\\\/11\\\/LogoSysmatec.jpg\",\"contentUrl\":\"https:\\\/\\\/sysmatec.ch\\\/wp-content\\\/uploads\\\/2018\\\/11\\\/LogoSysmatec.jpg\",\"width\":301,\"height\":297,\"caption\":\"Sysmatec\"},\"image\":{\"@id\":\"https:\\\/\\\/sysmatec.ch\\\/de\\\/#\\\/schema\\\/logo\\\/image\\\/\"}}]}<\/script>\n<!-- \/ Yoast SEO plugin. -->","yoast_head_json":{"title":"Analysenwaage KERN ALS-A\/ALJ-A - Sysmatec","description":"Eichf\u00e4hige Analysenwaage. Anzeige 0,1 mg oder 0,01 mg f\u00fcr Bereiche von 0-160 bis 0-510 g. Drei Schiebet\u00fcren.","robots":{"index":"index","follow":"follow","max-snippet":"max-snippet:-1","max-image-preview":"max-image-preview:large","max-video-preview":"max-video-preview:-1"},"canonical":"https:\/\/sysmatec.ch\/de\/produit\/analysenwaage-kern-als-alj\/","og_locale":"de_DE","og_type":"article","og_title":"Analysenwaage KERN ALS-A\/ALJ-A - Sysmatec","og_description":"Eichf\u00e4hige Analysenwaage. Anzeige 0,1 mg oder 0,01 mg f\u00fcr Bereiche von 0-160 bis 0-510 g. Drei Schiebet\u00fcren.","og_url":"https:\/\/sysmatec.ch\/de\/produit\/analysenwaage-kern-als-alj\/","og_site_name":"Sysmatec","article_modified_time":"2022-03-04T20:54:54+00:00","og_image":[{"width":188,"height":244,"url":"https:\/\/sysmatec.ch\/wp-content\/uploads\/2019\/02\/Balance_KernALS.jpg","type":"image\/jpeg"}],"twitter_card":"summary_large_image","twitter_misc":{"Gesch\u00e4tzte Lesezeit":"1\u00a0Minute"},"schema":{"@context":"https:\/\/schema.org","@graph":[{"@type":"WebPage","@id":"https:\/\/sysmatec.ch\/de\/produit\/analysenwaage-kern-als-alj\/","url":"https:\/\/sysmatec.ch\/de\/produit\/analysenwaage-kern-als-alj\/","name":"Analysenwaage KERN ALS-A\/ALJ-A - Sysmatec","isPartOf":{"@id":"https:\/\/sysmatec.ch\/de\/#website"},"primaryImageOfPage":{"@id":"https:\/\/sysmatec.ch\/de\/produit\/analysenwaage-kern-als-alj\/#primaryimage"},"image":{"@id":"https:\/\/sysmatec.ch\/de\/produit\/analysenwaage-kern-als-alj\/#primaryimage"},"thumbnailUrl":"https:\/\/sysmatec.ch\/wp-content\/uploads\/2019\/02\/Balance_KernALS.jpg","datePublished":"2019-02-11T17:24:55+00:00","dateModified":"2022-03-04T20:54:54+00:00","description":"Eichf\u00e4hige Analysenwaage. Anzeige 0,1 mg oder 0,01 mg f\u00fcr Bereiche von 0-160 bis 0-510 g. Drei Schiebet\u00fcren.","breadcrumb":{"@id":"https:\/\/sysmatec.ch\/de\/produit\/analysenwaage-kern-als-alj\/#breadcrumb"},"inLanguage":"de","potentialAction":[{"@type":"ReadAction","target":["https:\/\/sysmatec.ch\/de\/produit\/analysenwaage-kern-als-alj\/"]}]},{"@type":"ImageObject","inLanguage":"de","@id":"https:\/\/sysmatec.ch\/de\/produit\/analysenwaage-kern-als-alj\/#primaryimage","url":"https:\/\/sysmatec.ch\/wp-content\/uploads\/2019\/02\/Balance_KernALS.jpg","contentUrl":"https:\/\/sysmatec.ch\/wp-content\/uploads\/2019\/02\/Balance_KernALS.jpg","width":188,"height":244},{"@type":"BreadcrumbList","@id":"https:\/\/sysmatec.ch\/de\/produit\/analysenwaage-kern-als-alj\/#breadcrumb","itemListElement":[{"@type":"ListItem","position":1,"name":"Accueil","item":"https:\/\/sysmatec.ch\/de\/"},{"@type":"ListItem","position":2,"name":"Die Aktivit\u00e4t von Sysmatec","item":"https:\/\/sysmatec.ch\/de\/"},{"@type":"ListItem","position":3,"name":"Analysenwaage KERN ALS-A\/ALJ-A"}]},{"@type":"WebSite","@id":"https:\/\/sysmatec.ch\/de\/#website","url":"https:\/\/sysmatec.ch\/de\/","name":"Sysmatec","description":"Equipement de laboratoire et logiciels","publisher":{"@id":"https:\/\/sysmatec.ch\/de\/#organization"},"potentialAction":[{"@type":"SearchAction","target":{"@type":"EntryPoint","urlTemplate":"https:\/\/sysmatec.ch\/de\/?s={search_term_string}"},"query-input":{"@type":"PropertyValueSpecification","valueRequired":true,"valueName":"search_term_string"}}],"inLanguage":"de"},{"@type":"Organization","@id":"https:\/\/sysmatec.ch\/de\/#organization","name":"Sysmatec","url":"https:\/\/sysmatec.ch\/de\/","logo":{"@type":"ImageObject","inLanguage":"de","@id":"https:\/\/sysmatec.ch\/de\/#\/schema\/logo\/image\/","url":"https:\/\/sysmatec.ch\/wp-content\/uploads\/2018\/11\/LogoSysmatec.jpg","contentUrl":"https:\/\/sysmatec.ch\/wp-content\/uploads\/2018\/11\/LogoSysmatec.jpg","width":301,"height":297,"caption":"Sysmatec"},"image":{"@id":"https:\/\/sysmatec.ch\/de\/#\/schema\/logo\/image\/"}}]}},"_links":{"self":[{"href":"https:\/\/sysmatec.ch\/de\/wp-json\/wp\/v2\/product\/2723","targetHints":{"allow":["GET"]}}],"collection":[{"href":"https:\/\/sysmatec.ch\/de\/wp-json\/wp\/v2\/product"}],"about":[{"href":"https:\/\/sysmatec.ch\/de\/wp-json\/wp\/v2\/types\/product"}],"wp:featuredmedia":[{"embeddable":true,"href":"https:\/\/sysmatec.ch\/de\/wp-json\/wp\/v2\/media\/2721"}],"wp:attachment":[{"href":"https:\/\/sysmatec.ch\/de\/wp-json\/wp\/v2\/media?parent=2723"}],"wp:term":[{"taxonomy":"product_brand","embeddable":true,"href":"https:\/\/sysmatec.ch\/de\/wp-json\/wp\/v2\/product_brand?post=2723"},{"taxonomy":"product_cat","embeddable":true,"href":"https:\/\/sysmatec.ch\/de\/wp-json\/wp\/v2\/product_cat?post=2723"},{"taxonomy":"product_tag","embeddable":true,"href":"https:\/\/sysmatec.ch\/de\/wp-json\/wp\/v2\/product_tag?post=2723"}],"curies":[{"name":"wp","href":"https:\/\/api.w.org\/{rel}","templated":true}]}}