{"id":27198,"date":"2022-04-23T12:15:09","date_gmt":"2022-04-23T10:15:10","guid":{"rendered":"https:\/\/sysmatec.ch\/?post_type=product&#038;p=27198"},"modified":"2025-01-16T15:17:23","modified_gmt":"2025-01-16T14:17:23","slug":"weinanalyse-durch-spektrophotometer","status":"publish","type":"product","link":"https:\/\/sysmatec.ch\/de\/Produkt\/weinanalyse-durch-spektrophotometer\/","title":{"rendered":"Weinanalyse durch Spektrophotometer"},"content":{"rendered":"<p>Das <a href=\"https:\/\/sysmatec.ch\/de\/Produkt\/spektrophotometer-megaquant\/\">MegaQuant<\/a> Wave-Spektrophotometer ist ein Analysator zur Durchf\u00fchrung von Komponentenanalysen in Wein oder andere Produkte mit vorprogrammierten Methoden.<\/p>\n<p>Megaquant Wave (Ref. D-MQWAVE-1) und Megaquant Wave Starter Kit (D-MQWAVE-2) werden mit den bereits aufgezeichneten Methoden geliefert. Das D-MQWAVE-2 Referenz wird mit einem zus\u00e4tzlichen Starterkit f\u00fcr Analysen (Pipetten, Probenr\u00f6hrchen, Messkolben, Timer, PVPP-Tabletten zur Entf\u00e4rbung und Filter) geliefert.<\/p>\n<p>Die derzeit verf\u00fcgbaren Methoden sind:<\/p>\n<ul>\n<li>Essigs\u00e4ure (K-ACET\/K-ACETRM)<\/li>\n<li>Malz-\u03b2-Glucanase (K-MBG4)<\/li>\n<li>L-\u00c4pfels\u00e4ure (K-LMAL)<\/li>\n<li>Verf\u00fcgbare Kohlenhydrate\/Ballaststoffe (K-ACHDF)<\/li>\n<li>D-Gluconat\/D-Glucono-\u03b4-lacton (K-GATE)<\/li>\n<li>D-Mannit (K-MANOL)<\/li>\n<li>Acetaldehyd (K-ACHYD)<\/li>\n<li>D-Glucosamin (K-GAMINE)<\/li>\n<li>D-Mannose\/D-Fructose\/D-Glucose (K-MANGL)<\/li>\n<li>Ammoniak (K-AMIAR)<\/li>\n<li>D-Glukose (K-GLUHK\/K-GLUC)<\/li>\n<li>Prim\u00e4rer Aminostickstoff (K-PANOPA)<\/li>\n<li>\u03b1-Amylase (K-CERA\/K-AMYLSD)<\/li>\n<li>D-Glucurons\u00e4ure\/D-Galacturons\u00e4ure (K-URONIC)<\/li>\n<li>Pullulanase (K-PullG6)<\/li>\n<li>\u03b2-Amylase (K-BETA3)<\/li>\n<li>\u03b1-Glucuronidase (K-AGLUA)<\/li>\n<li>Brenztraubens\u00e4ure (K-PYRUV)<\/li>\n<li>Arabinan (K-ARAB)<\/li>\n<li>L-Glutamins\u00e4ure (K-GLUT)<\/li>\n<li>L-Rhamnose (K-Rhamnose)<\/li>\n<li>L-Arabinose (K-ARGA)<\/li>\n<li>Glycerin (K-GCROLG\/K-GCROL)<\/li>\n<li>D-Sorbit (K-SORB)<\/li>\n<li>L-Arabitol (K-MANOL)<\/li>\n<li>D-3-Hydroxybutters\u00e4ure (K-HDBA)<\/li>\n<li>Gesamtst\u00e4rke HK (K-TSHK)<\/li>\n<li>L-Arginin\/Harnstoff\/Ammoniak (K-LARGE)<\/li>\n<li>Myo-Inositol (K-INOSL)<\/li>\n<li>Bernsteins\u00e4ure (K-SUCC)<\/li>\n<li>Ascorbins\u00e4ure (K-ASCO)<\/li>\n<li>D-Isocitronens\u00e4ure (K-ISOC)<\/li>\n<li>Freies Sulfit (K-SULPH)<\/li>\n<li>Aspartam (K-ASPTM)<\/li>\n<li>D-Milchs\u00e4ure (K-DATE)<\/li>\n<li>Gesamtsulfit (K-SULPH\/K-TSULPH\/K-ETSULPH)<\/li>\n<li>Cellulase (K-CellG3\/K-CellG5)<\/li>\n<li>L-Milchs\u00e4ure (K-LATE)<\/li>\n<li>Weins\u00e4ure (K-TART)<\/li>\n<li>Zitronens\u00e4ure (K-CITR)<\/li>\n<li>D-\/L-Milchs\u00e4ure (K-DLATE)<\/li>\n<li>Trehalose (K-TREH)<\/li>\n<li>Ethanol (K-ETOH)<\/li>\n<li>Laktulose (K-Lactul)<\/li>\n<li>Harnstoff\/Ammoniak (K-URAMR) (SEQ)<\/li>\n<li>Ameisens\u00e4ure (K-FORM)<\/li>\n<li>Flechtenase (K-MBG4)<\/li>\n<li>Xylanase (K-XylX6)<\/li>\n<li>D-Fructose\/D-Glucose (K-FRUGL)<\/li>\n<li>Limit-Dextrinase (K-PullG6)<\/li>\n<li>Xylit (K-SORB)<\/li>\n<li>L-Fucose (K-Fucose)<\/li>\n<li>D-\u00c4pfels\u00e4ure (K-DMAL)<\/li>\n<li>D-Xylose (K-XYLOSE)<\/li>\n<li>D-Galactose (K-ARGA<\/li>\n<\/ul>\n","protected":false},"excerpt":{"rendered":"<p>Weinanalyse mit Spektralphotometer und vorprogrammierten Methoden.<\/p>\n","protected":false},"featured_media":27196,"template":"","meta":{"_crdt_document":""},"product_brand":[],"product_cat":[188,395],"product_tag":[],"class_list":{"0":"post-27198","1":"product","2":"type-product","3":"status-publish","4":"has-post-thumbnail","6":"product_cat-analyse-de","7":"product_cat-wein","9":"first","10":"instock","11":"taxable","12":"shipping-taxable","13":"product-type-simple"},"yoast_head":"<!-- This site is optimized with the Yoast SEO plugin v27.3 - https:\/\/yoast.com\/product\/yoast-seo-wordpress\/ -->\n<title>Weinanalyse durch Spektrophotometer - Sysmatec<\/title>\n<meta name=\"description\" content=\"Weinanalyse mit Spektralphotometer und vorprogrammierten Methoden wie Messung von SO2, Zucker, Alkohol.\" \/>\n<meta name=\"robots\" content=\"index, follow, max-snippet:-1, max-image-preview:large, max-video-preview:-1\" \/>\n<link rel=\"canonical\" href=\"https:\/\/sysmatec.ch\/de\/Produkt\/weinanalyse-durch-spektrophotometer\/\" \/>\n<meta property=\"og:locale\" content=\"de_DE\" \/>\n<meta property=\"og:type\" content=\"article\" \/>\n<meta property=\"og:title\" content=\"Weinanalyse durch Spektrophotometer - Sysmatec\" \/>\n<meta property=\"og:description\" content=\"Weinanalyse mit Spektralphotometer und vorprogrammierten Methoden wie Messung von SO2, Zucker, Alkohol.\" \/>\n<meta property=\"og:url\" content=\"https:\/\/sysmatec.ch\/de\/Produkt\/weinanalyse-durch-spektrophotometer\/\" \/>\n<meta property=\"og:site_name\" content=\"Sysmatec\" \/>\n<meta property=\"article:modified_time\" content=\"2025-01-16T14:17:23+00:00\" \/>\n<meta property=\"og:image\" content=\"https:\/\/sysmatec.ch\/wp-content\/uploads\/2019\/06\/Spectrophotometre_MegaQuant.jpg\" \/>\n\t<meta property=\"og:image:width\" content=\"705\" \/>\n\t<meta property=\"og:image:height\" content=\"522\" \/>\n\t<meta property=\"og:image:type\" content=\"image\/jpeg\" \/>\n<meta name=\"twitter:card\" content=\"summary_large_image\" \/>\n<meta name=\"twitter:label1\" content=\"Gesch\u00e4tzte Lesezeit\" \/>\n\t<meta name=\"twitter:data1\" content=\"2\u00a0Minuten\" \/>\n<script type=\"application\/ld+json\" class=\"yoast-schema-graph\">{\"@context\":\"https:\\\/\\\/schema.org\",\"@graph\":[{\"@type\":\"WebPage\",\"@id\":\"https:\\\/\\\/sysmatec.ch\\\/de\\\/Produkt\\\/weinanalyse-durch-spektrophotometer\\\/\",\"url\":\"https:\\\/\\\/sysmatec.ch\\\/de\\\/Produkt\\\/weinanalyse-durch-spektrophotometer\\\/\",\"name\":\"Weinanalyse durch Spektrophotometer - Sysmatec\",\"isPartOf\":{\"@id\":\"https:\\\/\\\/sysmatec.ch\\\/de\\\/#website\"},\"primaryImageOfPage\":{\"@id\":\"https:\\\/\\\/sysmatec.ch\\\/de\\\/Produkt\\\/weinanalyse-durch-spektrophotometer\\\/#primaryimage\"},\"image\":{\"@id\":\"https:\\\/\\\/sysmatec.ch\\\/de\\\/Produkt\\\/weinanalyse-durch-spektrophotometer\\\/#primaryimage\"},\"thumbnailUrl\":\"https:\\\/\\\/sysmatec.ch\\\/wp-content\\\/uploads\\\/2019\\\/06\\\/Spectrophotometre_MegaQuant.jpg\",\"datePublished\":\"2022-04-23T10:15:10+00:00\",\"dateModified\":\"2025-01-16T14:17:23+00:00\",\"description\":\"Weinanalyse mit Spektralphotometer und vorprogrammierten Methoden wie Messung von SO2, Zucker, Alkohol.\",\"breadcrumb\":{\"@id\":\"https:\\\/\\\/sysmatec.ch\\\/de\\\/Produkt\\\/weinanalyse-durch-spektrophotometer\\\/#breadcrumb\"},\"inLanguage\":\"de\",\"potentialAction\":[{\"@type\":\"ReadAction\",\"target\":[\"https:\\\/\\\/sysmatec.ch\\\/de\\\/Produkt\\\/weinanalyse-durch-spektrophotometer\\\/\"]}]},{\"@type\":\"ImageObject\",\"inLanguage\":\"de\",\"@id\":\"https:\\\/\\\/sysmatec.ch\\\/de\\\/Produkt\\\/weinanalyse-durch-spektrophotometer\\\/#primaryimage\",\"url\":\"https:\\\/\\\/sysmatec.ch\\\/wp-content\\\/uploads\\\/2019\\\/06\\\/Spectrophotometre_MegaQuant.jpg\",\"contentUrl\":\"https:\\\/\\\/sysmatec.ch\\\/wp-content\\\/uploads\\\/2019\\\/06\\\/Spectrophotometre_MegaQuant.jpg\",\"width\":705,\"height\":522},{\"@type\":\"BreadcrumbList\",\"@id\":\"https:\\\/\\\/sysmatec.ch\\\/de\\\/Produkt\\\/weinanalyse-durch-spektrophotometer\\\/#breadcrumb\",\"itemListElement\":[{\"@type\":\"ListItem\",\"position\":1,\"name\":\"Accueil\",\"item\":\"https:\\\/\\\/sysmatec.ch\\\/de\\\/\"},{\"@type\":\"ListItem\",\"position\":2,\"name\":\"Die Aktivit\u00e4t von Sysmatec\",\"item\":\"https:\\\/\\\/sysmatec.ch\\\/de\\\/\"},{\"@type\":\"ListItem\",\"position\":3,\"name\":\"Weinanalyse durch Spektrophotometer\"}]},{\"@type\":\"WebSite\",\"@id\":\"https:\\\/\\\/sysmatec.ch\\\/de\\\/#website\",\"url\":\"https:\\\/\\\/sysmatec.ch\\\/de\\\/\",\"name\":\"Sysmatec\",\"description\":\"Equipement de laboratoire et logiciels\",\"publisher\":{\"@id\":\"https:\\\/\\\/sysmatec.ch\\\/de\\\/#organization\"},\"potentialAction\":[{\"@type\":\"SearchAction\",\"target\":{\"@type\":\"EntryPoint\",\"urlTemplate\":\"https:\\\/\\\/sysmatec.ch\\\/de\\\/?s={search_term_string}\"},\"query-input\":{\"@type\":\"PropertyValueSpecification\",\"valueRequired\":true,\"valueName\":\"search_term_string\"}}],\"inLanguage\":\"de\"},{\"@type\":\"Organization\",\"@id\":\"https:\\\/\\\/sysmatec.ch\\\/de\\\/#organization\",\"name\":\"Sysmatec\",\"url\":\"https:\\\/\\\/sysmatec.ch\\\/de\\\/\",\"logo\":{\"@type\":\"ImageObject\",\"inLanguage\":\"de\",\"@id\":\"https:\\\/\\\/sysmatec.ch\\\/de\\\/#\\\/schema\\\/logo\\\/image\\\/\",\"url\":\"https:\\\/\\\/sysmatec.ch\\\/wp-content\\\/uploads\\\/2018\\\/11\\\/LogoSysmatec.jpg\",\"contentUrl\":\"https:\\\/\\\/sysmatec.ch\\\/wp-content\\\/uploads\\\/2018\\\/11\\\/LogoSysmatec.jpg\",\"width\":301,\"height\":297,\"caption\":\"Sysmatec\"},\"image\":{\"@id\":\"https:\\\/\\\/sysmatec.ch\\\/de\\\/#\\\/schema\\\/logo\\\/image\\\/\"}}]}<\/script>\n<!-- \/ Yoast SEO plugin. -->","yoast_head_json":{"title":"Weinanalyse durch Spektrophotometer - Sysmatec","description":"Weinanalyse mit Spektralphotometer und vorprogrammierten Methoden wie Messung von SO2, Zucker, Alkohol.","robots":{"index":"index","follow":"follow","max-snippet":"max-snippet:-1","max-image-preview":"max-image-preview:large","max-video-preview":"max-video-preview:-1"},"canonical":"https:\/\/sysmatec.ch\/de\/Produkt\/weinanalyse-durch-spektrophotometer\/","og_locale":"de_DE","og_type":"article","og_title":"Weinanalyse durch Spektrophotometer - Sysmatec","og_description":"Weinanalyse mit Spektralphotometer und vorprogrammierten Methoden wie Messung von SO2, Zucker, Alkohol.","og_url":"https:\/\/sysmatec.ch\/de\/Produkt\/weinanalyse-durch-spektrophotometer\/","og_site_name":"Sysmatec","article_modified_time":"2025-01-16T14:17:23+00:00","og_image":[{"width":705,"height":522,"url":"https:\/\/sysmatec.ch\/wp-content\/uploads\/2019\/06\/Spectrophotometre_MegaQuant.jpg","type":"image\/jpeg"}],"twitter_card":"summary_large_image","twitter_misc":{"Gesch\u00e4tzte Lesezeit":"2\u00a0Minuten"},"schema":{"@context":"https:\/\/schema.org","@graph":[{"@type":"WebPage","@id":"https:\/\/sysmatec.ch\/de\/Produkt\/weinanalyse-durch-spektrophotometer\/","url":"https:\/\/sysmatec.ch\/de\/Produkt\/weinanalyse-durch-spektrophotometer\/","name":"Weinanalyse durch Spektrophotometer - Sysmatec","isPartOf":{"@id":"https:\/\/sysmatec.ch\/de\/#website"},"primaryImageOfPage":{"@id":"https:\/\/sysmatec.ch\/de\/Produkt\/weinanalyse-durch-spektrophotometer\/#primaryimage"},"image":{"@id":"https:\/\/sysmatec.ch\/de\/Produkt\/weinanalyse-durch-spektrophotometer\/#primaryimage"},"thumbnailUrl":"https:\/\/sysmatec.ch\/wp-content\/uploads\/2019\/06\/Spectrophotometre_MegaQuant.jpg","datePublished":"2022-04-23T10:15:10+00:00","dateModified":"2025-01-16T14:17:23+00:00","description":"Weinanalyse mit Spektralphotometer und vorprogrammierten Methoden wie Messung von SO2, Zucker, Alkohol.","breadcrumb":{"@id":"https:\/\/sysmatec.ch\/de\/Produkt\/weinanalyse-durch-spektrophotometer\/#breadcrumb"},"inLanguage":"de","potentialAction":[{"@type":"ReadAction","target":["https:\/\/sysmatec.ch\/de\/Produkt\/weinanalyse-durch-spektrophotometer\/"]}]},{"@type":"ImageObject","inLanguage":"de","@id":"https:\/\/sysmatec.ch\/de\/Produkt\/weinanalyse-durch-spektrophotometer\/#primaryimage","url":"https:\/\/sysmatec.ch\/wp-content\/uploads\/2019\/06\/Spectrophotometre_MegaQuant.jpg","contentUrl":"https:\/\/sysmatec.ch\/wp-content\/uploads\/2019\/06\/Spectrophotometre_MegaQuant.jpg","width":705,"height":522},{"@type":"BreadcrumbList","@id":"https:\/\/sysmatec.ch\/de\/Produkt\/weinanalyse-durch-spektrophotometer\/#breadcrumb","itemListElement":[{"@type":"ListItem","position":1,"name":"Accueil","item":"https:\/\/sysmatec.ch\/de\/"},{"@type":"ListItem","position":2,"name":"Die Aktivit\u00e4t von Sysmatec","item":"https:\/\/sysmatec.ch\/de\/"},{"@type":"ListItem","position":3,"name":"Weinanalyse durch Spektrophotometer"}]},{"@type":"WebSite","@id":"https:\/\/sysmatec.ch\/de\/#website","url":"https:\/\/sysmatec.ch\/de\/","name":"Sysmatec","description":"Equipement de laboratoire et logiciels","publisher":{"@id":"https:\/\/sysmatec.ch\/de\/#organization"},"potentialAction":[{"@type":"SearchAction","target":{"@type":"EntryPoint","urlTemplate":"https:\/\/sysmatec.ch\/de\/?s={search_term_string}"},"query-input":{"@type":"PropertyValueSpecification","valueRequired":true,"valueName":"search_term_string"}}],"inLanguage":"de"},{"@type":"Organization","@id":"https:\/\/sysmatec.ch\/de\/#organization","name":"Sysmatec","url":"https:\/\/sysmatec.ch\/de\/","logo":{"@type":"ImageObject","inLanguage":"de","@id":"https:\/\/sysmatec.ch\/de\/#\/schema\/logo\/image\/","url":"https:\/\/sysmatec.ch\/wp-content\/uploads\/2018\/11\/LogoSysmatec.jpg","contentUrl":"https:\/\/sysmatec.ch\/wp-content\/uploads\/2018\/11\/LogoSysmatec.jpg","width":301,"height":297,"caption":"Sysmatec"},"image":{"@id":"https:\/\/sysmatec.ch\/de\/#\/schema\/logo\/image\/"}}]}},"_links":{"self":[{"href":"https:\/\/sysmatec.ch\/de\/wp-json\/wp\/v2\/product\/27198","targetHints":{"allow":["GET"]}}],"collection":[{"href":"https:\/\/sysmatec.ch\/de\/wp-json\/wp\/v2\/product"}],"about":[{"href":"https:\/\/sysmatec.ch\/de\/wp-json\/wp\/v2\/types\/product"}],"wp:featuredmedia":[{"embeddable":true,"href":"https:\/\/sysmatec.ch\/de\/wp-json\/wp\/v2\/media\/27196"}],"wp:attachment":[{"href":"https:\/\/sysmatec.ch\/de\/wp-json\/wp\/v2\/media?parent=27198"}],"wp:term":[{"taxonomy":"product_brand","embeddable":true,"href":"https:\/\/sysmatec.ch\/de\/wp-json\/wp\/v2\/product_brand?post=27198"},{"taxonomy":"product_cat","embeddable":true,"href":"https:\/\/sysmatec.ch\/de\/wp-json\/wp\/v2\/product_cat?post=27198"},{"taxonomy":"product_tag","embeddable":true,"href":"https:\/\/sysmatec.ch\/de\/wp-json\/wp\/v2\/product_tag?post=27198"}],"curies":[{"name":"wp","href":"https:\/\/api.w.org\/{rel}","templated":true}]}}