{"id":2717,"date":"2019-02-11T18:16:18","date_gmt":"2019-02-11T17:16:18","guid":{"rendered":"https:\/\/sysmatec.ch\/produit\/balance-danalyse-kern-abs-n-abj-nm\/"},"modified":"2022-03-05T09:44:12","modified_gmt":"2022-03-05T08:44:12","slug":"analysenwaage-kern-abs-n-abj-nm-acs-acj","status":"publish","type":"product","link":"https:\/\/sysmatec.ch\/de\/Produkt\/analysenwaage-kern-abs-n-abj-nm-acs-acj\/","title":{"rendered":"Analysenwaage KERN ABS-N\/ABJ-NM \/ ACS\/ACJ"},"content":{"rendered":"<ul>\n<li>Analysenwaagen mit hochwertigem Single-Cell W\u00e4gesystem, auch mit Eichzulassung [M]<\/li>\n<li>Nur ABJ-N und ACJ: Interne Justierautomatik bei Temperatur\u00e4nderungen &gt; 2 \u00b0C und zeitgesteuert alle 4 Stunden<\/li>\n<li>Nur ABS-N und ACS: Justierprogramm CAL, Pr\u00fcfgewichte gegen Mehrpreis<\/li>\n<li>ACS: baugleich mit ABS, ACJ: baugleich mit ABJ, jedoch mit serienm\u00e4\u00dfig integrierter\u00a0<a>Datenschnittstelle<\/a>\u00a0RS-232 und USB<\/li>\n<li>Dosierhilfe: Hoch-Stabilit\u00e4tsmodus und andere Filtereinstellungen w\u00e4hlbar<\/li>\n<li>Komfortables Rezeptieren\/Dokumentieren mit kombinierter Tara\/Print-Funktion. Zudem werden die Mischungsbestandteile der Rezeptur automatisch nummeriert und mit Nummer\/Gewichtswert ausgedruckt<\/li>\n<li>Waagen-Identifikationsnummer: 4-stellig, frei programmierbar, wird im Justierprotokoll ausgedruckt<\/li>\n<li>Automatischer Daten-Output an den PC\/Drucker nach jedem Stillstand der Waage<\/li>\n<\/ul>\n<p>Single-Cell Spitzentechnologie:<\/p>\n<ul>\n<li>Vollautomatische Herstellung der W\u00e4gezelle aus einem St\u00fcck<\/li>\n<li>Stabiles Temperatur-Verhalten<\/li>\n<li>Kurze Einschwingzeit: Stabile W\u00e4gewerte innerhalb von ca. 3 sec unter Laborbedingungen<\/li>\n<li>Hohe mechanische Robustheit<\/li>\n<li>Hohe Eckenlast-Sicherheit<\/li>\n<\/ul>\n<table border=\"1\" width=\"636\" cellspacing=\"0\" cellpadding=\"2\">\n<tbody>\n<tr>\n<td>Waahe Modell<\/td>\n<td width=\"10%\">Ablesbarkeit<\/td>\n<td width=\"10%\">W\u00e4gebereich<\/td>\n<td width=\"10%\">Reproduzierbarkeit<\/td>\n<td width=\"10%\">Linearit\u00e4t<\/td>\n<td width=\"10%\">Platte<\/td>\n<\/tr>\n<tr>\n<td><\/td>\n<td width=\"10%\">mg<\/td>\n<td width=\"10%\">g<\/td>\n<td width=\"10%\">mg<\/td>\n<td width=\"10%\">mg<\/td>\n<td width=\"10%\">mm<\/td>\n<\/tr>\n<tr>\n<td>ABS 80-4N<\/td>\n<td width=\"10%\">0,1<\/td>\n<td width=\"10%\">82<\/td>\n<td width=\"10%\">0,2<\/td>\n<td width=\"10%\">\u00b10,3<\/td>\n<td width=\"10%\">diam. 91<\/td>\n<\/tr>\n<tr>\n<td>ABS 120-4N<\/td>\n<td width=\"10%\">0,1<\/td>\n<td width=\"10%\">120<\/td>\n<td width=\"10%\">0,2<\/td>\n<td width=\"10%\">\u00b10,3<\/td>\n<td width=\"10%\">diam. 91<\/td>\n<\/tr>\n<tr>\n<td>ABS 220-4N<\/td>\n<td width=\"10%\">0,1<\/td>\n<td width=\"10%\">220<\/td>\n<td width=\"10%\">0,2<\/td>\n<td width=\"10%\">\u00b10,3<\/td>\n<td width=\"10%\">diam. 91<\/td>\n<\/tr>\n<tr>\n<td>ABS 320-4N<\/td>\n<td width=\"10%\">0,1<\/td>\n<td width=\"10%\">320<\/td>\n<td width=\"10%\">0,2<\/td>\n<td width=\"10%\">\u00b10,3<\/td>\n<td width=\"10%\">diam. 91<\/td>\n<\/tr>\n<tr>\n<td>ABJ 80-4NM<\/td>\n<td width=\"10%\">0,1<\/td>\n<td width=\"10%\">82<\/td>\n<td width=\"10%\">0,2<\/td>\n<td width=\"10%\">\u00b10,3<\/td>\n<td width=\"10%\">diam. 91<\/td>\n<\/tr>\n<tr>\n<td>ABJ 120-4NM<\/td>\n<td width=\"10%\">0,1<\/td>\n<td width=\"10%\">120<\/td>\n<td width=\"10%\">0,2<\/td>\n<td width=\"10%\">\u00b10,3<\/td>\n<td width=\"10%\">diam. 91<\/td>\n<\/tr>\n<tr>\n<td>ABJ 220-4NM<\/td>\n<td width=\"10%\">0,1<\/td>\n<td width=\"10%\">220<\/td>\n<td width=\"10%\">0,2<\/td>\n<td width=\"10%\">\u00b10,3<\/td>\n<td width=\"10%\">diam. 91<\/td>\n<\/tr>\n<tr>\n<td>ABJ 320-4NM<\/td>\n<td width=\"10%\">0,1<\/td>\n<td width=\"10%\">320<\/td>\n<td width=\"10%\">0,2<\/td>\n<td width=\"10%\">\u00b10,3<\/td>\n<td width=\"10%\">diam. 91<\/td>\n<\/tr>\n<tr>\n<td>ACS 80-4<\/td>\n<td width=\"10%\">0,1<\/td>\n<td width=\"10%\">82<\/td>\n<td width=\"10%\">0,2<\/td>\n<td width=\"10%\">\u00b10,3<\/td>\n<td width=\"10%\">diam. 91<\/td>\n<\/tr>\n<tr>\n<td>ACS 100-4<\/td>\n<td width=\"10%\">0,1<\/td>\n<td width=\"10%\">120<\/td>\n<td width=\"10%\">0,2<\/td>\n<td width=\"10%\">\u00b10,3<\/td>\n<td width=\"10%\">diam. 91<\/td>\n<\/tr>\n<tr>\n<td>ACS 020-4<\/td>\n<td width=\"10%\">0,1<\/td>\n<td width=\"10%\">220<\/td>\n<td width=\"10%\">0,2<\/td>\n<td width=\"10%\">\u00b10,3<\/td>\n<td width=\"10%\">diam. 91<\/td>\n<\/tr>\n<tr>\n<td>ACS 300-4<\/td>\n<td width=\"10%\">0,1<\/td>\n<td width=\"10%\">320<\/td>\n<td width=\"10%\">0,2<\/td>\n<td width=\"10%\">\u00b10,3<\/td>\n<td width=\"10%\">diam. 91<\/td>\n<\/tr>\n<tr>\n<td>ACJ 80-4M<\/td>\n<td width=\"10%\">0,1<\/td>\n<td width=\"10%\">82<\/td>\n<td width=\"10%\">0,2<\/td>\n<td width=\"10%\">\u00b10,3<\/td>\n<td width=\"10%\">diam. 91<\/td>\n<\/tr>\n<tr>\n<td>ACJ 100-4M<\/td>\n<td width=\"10%\">0,1<\/td>\n<td width=\"10%\">120<\/td>\n<td width=\"10%\">0,2<\/td>\n<td width=\"10%\">\u00b10,3<\/td>\n<td width=\"10%\">diam. 91<\/td>\n<\/tr>\n<tr>\n<td>ACJ 200-4M<\/td>\n<td width=\"10%\">0,1<\/td>\n<td width=\"10%\">220<\/td>\n<td width=\"10%\">0,2<\/td>\n<td width=\"10%\">\u00b10,3<\/td>\n<td width=\"10%\">diam. 91<\/td>\n<\/tr>\n<tr>\n<td>ACJ 300-4M<\/td>\n<td width=\"10%\">0,1<\/td>\n<td width=\"10%\">320<\/td>\n<td width=\"10%\">0,2<\/td>\n<td width=\"10%\">\u00b10,3<\/td>\n<td width=\"10%\">diam. 91<\/td>\n<\/tr>\n<\/tbody>\n<\/table>\n","protected":false},"excerpt":{"rendered":"<p>Analysenwaage 0-80 bis 0-320 g<\/p>\n","protected":false},"featured_media":22825,"template":"","meta":{"_crdt_document":""},"product_brand":[],"product_cat":[165,346],"product_tag":[],"class_list":{"0":"post-2717","1":"product","2":"type-product","3":"status-publish","4":"has-post-thumbnail","6":"product_cat-gewicht","7":"product_cat-labor","9":"first","10":"instock","11":"taxable","12":"shipping-taxable","13":"purchasable","14":"product-type-variable"},"yoast_head":"<!-- This site is optimized with the Yoast SEO plugin v27.3 - https:\/\/yoast.com\/product\/yoast-seo-wordpress\/ -->\n<title>Analysenwaage KERN ABS-N\/ABJ-NM \/ ACS\/ACJ - Sysmatec<\/title>\n<meta name=\"description\" content=\"Eichf\u00e4hige Analysenwaage. Messwert 0,1 mg f\u00fcr Bereiche von 0-82 bis 0-320 g. Drei Schiebet\u00fcren.\" \/>\n<meta name=\"robots\" content=\"index, follow, max-snippet:-1, max-image-preview:large, max-video-preview:-1\" \/>\n<link rel=\"canonical\" href=\"https:\/\/sysmatec.ch\/de\/produit\/analysenwaage-kern-abs-n-abj-nm-acs-acj\/\" \/>\n<meta property=\"og:locale\" content=\"de_DE\" \/>\n<meta property=\"og:type\" content=\"article\" \/>\n<meta property=\"og:title\" content=\"Analysenwaage KERN ABS-N\/ABJ-NM \/ ACS\/ACJ - Sysmatec\" \/>\n<meta property=\"og:description\" content=\"Eichf\u00e4hige Analysenwaage. Messwert 0,1 mg f\u00fcr Bereiche von 0-82 bis 0-320 g. Drei Schiebet\u00fcren.\" \/>\n<meta property=\"og:url\" content=\"https:\/\/sysmatec.ch\/de\/produit\/analysenwaage-kern-abs-n-abj-nm-acs-acj\/\" \/>\n<meta property=\"og:site_name\" content=\"Sysmatec\" \/>\n<meta property=\"article:modified_time\" content=\"2022-03-05T08:44:12+00:00\" \/>\n<meta property=\"og:image\" content=\"https:\/\/sysmatec.ch\/wp-content\/uploads\/2019\/02\/Balance_ABS-80-4N-scaled.jpg\" \/>\n\t<meta property=\"og:image:width\" content=\"1893\" \/>\n\t<meta property=\"og:image:height\" content=\"2560\" \/>\n\t<meta property=\"og:image:type\" content=\"image\/jpeg\" \/>\n<meta name=\"twitter:card\" content=\"summary_large_image\" \/>\n<meta name=\"twitter:label1\" content=\"Gesch\u00e4tzte Lesezeit\" \/>\n\t<meta name=\"twitter:data1\" content=\"2\u00a0Minuten\" \/>\n<script type=\"application\/ld+json\" class=\"yoast-schema-graph\">{\"@context\":\"https:\\\/\\\/schema.org\",\"@graph\":[{\"@type\":\"WebPage\",\"@id\":\"https:\\\/\\\/sysmatec.ch\\\/de\\\/produit\\\/analysenwaage-kern-abs-n-abj-nm-acs-acj\\\/\",\"url\":\"https:\\\/\\\/sysmatec.ch\\\/de\\\/produit\\\/analysenwaage-kern-abs-n-abj-nm-acs-acj\\\/\",\"name\":\"Analysenwaage KERN ABS-N\\\/ABJ-NM \\\/ ACS\\\/ACJ - Sysmatec\",\"isPartOf\":{\"@id\":\"https:\\\/\\\/sysmatec.ch\\\/de\\\/#website\"},\"primaryImageOfPage\":{\"@id\":\"https:\\\/\\\/sysmatec.ch\\\/de\\\/produit\\\/analysenwaage-kern-abs-n-abj-nm-acs-acj\\\/#primaryimage\"},\"image\":{\"@id\":\"https:\\\/\\\/sysmatec.ch\\\/de\\\/produit\\\/analysenwaage-kern-abs-n-abj-nm-acs-acj\\\/#primaryimage\"},\"thumbnailUrl\":\"https:\\\/\\\/sysmatec.ch\\\/wp-content\\\/uploads\\\/2019\\\/02\\\/Balance_ABS-80-4N-scaled.jpg\",\"datePublished\":\"2019-02-11T17:16:18+00:00\",\"dateModified\":\"2022-03-05T08:44:12+00:00\",\"description\":\"Eichf\u00e4hige Analysenwaage. Messwert 0,1 mg f\u00fcr Bereiche von 0-82 bis 0-320 g. Drei Schiebet\u00fcren.\",\"breadcrumb\":{\"@id\":\"https:\\\/\\\/sysmatec.ch\\\/de\\\/produit\\\/analysenwaage-kern-abs-n-abj-nm-acs-acj\\\/#breadcrumb\"},\"inLanguage\":\"de\",\"potentialAction\":[{\"@type\":\"ReadAction\",\"target\":[\"https:\\\/\\\/sysmatec.ch\\\/de\\\/produit\\\/analysenwaage-kern-abs-n-abj-nm-acs-acj\\\/\"]}]},{\"@type\":\"ImageObject\",\"inLanguage\":\"de\",\"@id\":\"https:\\\/\\\/sysmatec.ch\\\/de\\\/produit\\\/analysenwaage-kern-abs-n-abj-nm-acs-acj\\\/#primaryimage\",\"url\":\"https:\\\/\\\/sysmatec.ch\\\/wp-content\\\/uploads\\\/2019\\\/02\\\/Balance_ABS-80-4N-scaled.jpg\",\"contentUrl\":\"https:\\\/\\\/sysmatec.ch\\\/wp-content\\\/uploads\\\/2019\\\/02\\\/Balance_ABS-80-4N-scaled.jpg\",\"width\":1893,\"height\":2560},{\"@type\":\"BreadcrumbList\",\"@id\":\"https:\\\/\\\/sysmatec.ch\\\/de\\\/produit\\\/analysenwaage-kern-abs-n-abj-nm-acs-acj\\\/#breadcrumb\",\"itemListElement\":[{\"@type\":\"ListItem\",\"position\":1,\"name\":\"Accueil\",\"item\":\"https:\\\/\\\/sysmatec.ch\\\/de\\\/\"},{\"@type\":\"ListItem\",\"position\":2,\"name\":\"Die Aktivit\u00e4t von Sysmatec\",\"item\":\"https:\\\/\\\/sysmatec.ch\\\/de\\\/\"},{\"@type\":\"ListItem\",\"position\":3,\"name\":\"Analysenwaage KERN ABS-N\\\/ABJ-NM \\\/ ACS\\\/ACJ\"}]},{\"@type\":\"WebSite\",\"@id\":\"https:\\\/\\\/sysmatec.ch\\\/de\\\/#website\",\"url\":\"https:\\\/\\\/sysmatec.ch\\\/de\\\/\",\"name\":\"Sysmatec\",\"description\":\"Equipement de laboratoire et logiciels\",\"publisher\":{\"@id\":\"https:\\\/\\\/sysmatec.ch\\\/de\\\/#organization\"},\"potentialAction\":[{\"@type\":\"SearchAction\",\"target\":{\"@type\":\"EntryPoint\",\"urlTemplate\":\"https:\\\/\\\/sysmatec.ch\\\/de\\\/?s={search_term_string}\"},\"query-input\":{\"@type\":\"PropertyValueSpecification\",\"valueRequired\":true,\"valueName\":\"search_term_string\"}}],\"inLanguage\":\"de\"},{\"@type\":\"Organization\",\"@id\":\"https:\\\/\\\/sysmatec.ch\\\/de\\\/#organization\",\"name\":\"Sysmatec\",\"url\":\"https:\\\/\\\/sysmatec.ch\\\/de\\\/\",\"logo\":{\"@type\":\"ImageObject\",\"inLanguage\":\"de\",\"@id\":\"https:\\\/\\\/sysmatec.ch\\\/de\\\/#\\\/schema\\\/logo\\\/image\\\/\",\"url\":\"https:\\\/\\\/sysmatec.ch\\\/wp-content\\\/uploads\\\/2018\\\/11\\\/LogoSysmatec.jpg\",\"contentUrl\":\"https:\\\/\\\/sysmatec.ch\\\/wp-content\\\/uploads\\\/2018\\\/11\\\/LogoSysmatec.jpg\",\"width\":301,\"height\":297,\"caption\":\"Sysmatec\"},\"image\":{\"@id\":\"https:\\\/\\\/sysmatec.ch\\\/de\\\/#\\\/schema\\\/logo\\\/image\\\/\"}}]}<\/script>\n<!-- \/ Yoast SEO plugin. -->","yoast_head_json":{"title":"Analysenwaage KERN ABS-N\/ABJ-NM \/ ACS\/ACJ - Sysmatec","description":"Eichf\u00e4hige Analysenwaage. Messwert 0,1 mg f\u00fcr Bereiche von 0-82 bis 0-320 g. Drei Schiebet\u00fcren.","robots":{"index":"index","follow":"follow","max-snippet":"max-snippet:-1","max-image-preview":"max-image-preview:large","max-video-preview":"max-video-preview:-1"},"canonical":"https:\/\/sysmatec.ch\/de\/produit\/analysenwaage-kern-abs-n-abj-nm-acs-acj\/","og_locale":"de_DE","og_type":"article","og_title":"Analysenwaage KERN ABS-N\/ABJ-NM \/ ACS\/ACJ - Sysmatec","og_description":"Eichf\u00e4hige Analysenwaage. Messwert 0,1 mg f\u00fcr Bereiche von 0-82 bis 0-320 g. Drei Schiebet\u00fcren.","og_url":"https:\/\/sysmatec.ch\/de\/produit\/analysenwaage-kern-abs-n-abj-nm-acs-acj\/","og_site_name":"Sysmatec","article_modified_time":"2022-03-05T08:44:12+00:00","og_image":[{"width":1893,"height":2560,"url":"https:\/\/sysmatec.ch\/wp-content\/uploads\/2019\/02\/Balance_ABS-80-4N-scaled.jpg","type":"image\/jpeg"}],"twitter_card":"summary_large_image","twitter_misc":{"Gesch\u00e4tzte Lesezeit":"2\u00a0Minuten"},"schema":{"@context":"https:\/\/schema.org","@graph":[{"@type":"WebPage","@id":"https:\/\/sysmatec.ch\/de\/produit\/analysenwaage-kern-abs-n-abj-nm-acs-acj\/","url":"https:\/\/sysmatec.ch\/de\/produit\/analysenwaage-kern-abs-n-abj-nm-acs-acj\/","name":"Analysenwaage KERN ABS-N\/ABJ-NM \/ ACS\/ACJ - Sysmatec","isPartOf":{"@id":"https:\/\/sysmatec.ch\/de\/#website"},"primaryImageOfPage":{"@id":"https:\/\/sysmatec.ch\/de\/produit\/analysenwaage-kern-abs-n-abj-nm-acs-acj\/#primaryimage"},"image":{"@id":"https:\/\/sysmatec.ch\/de\/produit\/analysenwaage-kern-abs-n-abj-nm-acs-acj\/#primaryimage"},"thumbnailUrl":"https:\/\/sysmatec.ch\/wp-content\/uploads\/2019\/02\/Balance_ABS-80-4N-scaled.jpg","datePublished":"2019-02-11T17:16:18+00:00","dateModified":"2022-03-05T08:44:12+00:00","description":"Eichf\u00e4hige Analysenwaage. Messwert 0,1 mg f\u00fcr Bereiche von 0-82 bis 0-320 g. Drei Schiebet\u00fcren.","breadcrumb":{"@id":"https:\/\/sysmatec.ch\/de\/produit\/analysenwaage-kern-abs-n-abj-nm-acs-acj\/#breadcrumb"},"inLanguage":"de","potentialAction":[{"@type":"ReadAction","target":["https:\/\/sysmatec.ch\/de\/produit\/analysenwaage-kern-abs-n-abj-nm-acs-acj\/"]}]},{"@type":"ImageObject","inLanguage":"de","@id":"https:\/\/sysmatec.ch\/de\/produit\/analysenwaage-kern-abs-n-abj-nm-acs-acj\/#primaryimage","url":"https:\/\/sysmatec.ch\/wp-content\/uploads\/2019\/02\/Balance_ABS-80-4N-scaled.jpg","contentUrl":"https:\/\/sysmatec.ch\/wp-content\/uploads\/2019\/02\/Balance_ABS-80-4N-scaled.jpg","width":1893,"height":2560},{"@type":"BreadcrumbList","@id":"https:\/\/sysmatec.ch\/de\/produit\/analysenwaage-kern-abs-n-abj-nm-acs-acj\/#breadcrumb","itemListElement":[{"@type":"ListItem","position":1,"name":"Accueil","item":"https:\/\/sysmatec.ch\/de\/"},{"@type":"ListItem","position":2,"name":"Die Aktivit\u00e4t von Sysmatec","item":"https:\/\/sysmatec.ch\/de\/"},{"@type":"ListItem","position":3,"name":"Analysenwaage KERN ABS-N\/ABJ-NM \/ ACS\/ACJ"}]},{"@type":"WebSite","@id":"https:\/\/sysmatec.ch\/de\/#website","url":"https:\/\/sysmatec.ch\/de\/","name":"Sysmatec","description":"Equipement de laboratoire et logiciels","publisher":{"@id":"https:\/\/sysmatec.ch\/de\/#organization"},"potentialAction":[{"@type":"SearchAction","target":{"@type":"EntryPoint","urlTemplate":"https:\/\/sysmatec.ch\/de\/?s={search_term_string}"},"query-input":{"@type":"PropertyValueSpecification","valueRequired":true,"valueName":"search_term_string"}}],"inLanguage":"de"},{"@type":"Organization","@id":"https:\/\/sysmatec.ch\/de\/#organization","name":"Sysmatec","url":"https:\/\/sysmatec.ch\/de\/","logo":{"@type":"ImageObject","inLanguage":"de","@id":"https:\/\/sysmatec.ch\/de\/#\/schema\/logo\/image\/","url":"https:\/\/sysmatec.ch\/wp-content\/uploads\/2018\/11\/LogoSysmatec.jpg","contentUrl":"https:\/\/sysmatec.ch\/wp-content\/uploads\/2018\/11\/LogoSysmatec.jpg","width":301,"height":297,"caption":"Sysmatec"},"image":{"@id":"https:\/\/sysmatec.ch\/de\/#\/schema\/logo\/image\/"}}]}},"_links":{"self":[{"href":"https:\/\/sysmatec.ch\/de\/wp-json\/wp\/v2\/product\/2717","targetHints":{"allow":["GET"]}}],"collection":[{"href":"https:\/\/sysmatec.ch\/de\/wp-json\/wp\/v2\/product"}],"about":[{"href":"https:\/\/sysmatec.ch\/de\/wp-json\/wp\/v2\/types\/product"}],"wp:featuredmedia":[{"embeddable":true,"href":"https:\/\/sysmatec.ch\/de\/wp-json\/wp\/v2\/media\/22825"}],"wp:attachment":[{"href":"https:\/\/sysmatec.ch\/de\/wp-json\/wp\/v2\/media?parent=2717"}],"wp:term":[{"taxonomy":"product_brand","embeddable":true,"href":"https:\/\/sysmatec.ch\/de\/wp-json\/wp\/v2\/product_brand?post=2717"},{"taxonomy":"product_cat","embeddable":true,"href":"https:\/\/sysmatec.ch\/de\/wp-json\/wp\/v2\/product_cat?post=2717"},{"taxonomy":"product_tag","embeddable":true,"href":"https:\/\/sysmatec.ch\/de\/wp-json\/wp\/v2\/product_tag?post=2717"}],"curies":[{"name":"wp","href":"https:\/\/api.w.org\/{rel}","templated":true}]}}