{"id":27145,"date":"2022-04-12T17:06:56","date_gmt":"2022-04-12T15:06:56","guid":{"rendered":"https:\/\/sysmatec.ch\/?post_type=product&#038;p=27145"},"modified":"2022-04-12T18:39:31","modified_gmt":"2022-04-12T16:39:31","slug":"geschweisster-hydrophobe-ptfe-filter-fuer-spritze","status":"publish","type":"product","link":"https:\/\/sysmatec.ch\/de\/Produkt\/geschweisster-hydrophobe-ptfe-filter-fuer-spritze\/","title":{"rendered":"Geschwei\u00dfter Hydrophobe PTFE Filter f\u00fcr Spritze"},"content":{"rendered":"<p><span class=\"JLqJ4b ChMk0b\" data-language-for-alternatives=\"de\" data-language-to-translate-into=\"fr\" data-phrase-index=\"0\" data-number-of-phrases=\"17\"><span class=\"Q4iAWc\">Dieser PTFE+PP-Vorfilter bietet einen doppelt so hohen Durchsatz wie Standardfilter ohne Vorfiltration.<\/span><\/span> <span class=\"JLqJ4b ChMk0b\" data-language-for-alternatives=\"de\" data-language-to-translate-into=\"fr\" data-phrase-index=\"2\" data-number-of-phrases=\"17\"><span class=\"Q4iAWc\">Die hydrophobe PTFE-Membran hat eine hohe Temperaturbest\u00e4ndigkeit.<\/span><\/span> <span class=\"JLqJ4b ChMk0b\" data-language-for-alternatives=\"de\" data-language-to-translate-into=\"fr\" data-phrase-index=\"4\" data-number-of-phrases=\"17\"><span class=\"Q4iAWc\">Geeignet f\u00fcr L\u00f6sungsmittel\/Gase\/S\u00e4uren\/Basen.<\/span><\/span><\/p>\n<h2><span class=\"JLqJ4b ChMk0b\" data-language-for-alternatives=\"de\" data-language-to-translate-into=\"fr\" data-phrase-index=\"4\" data-number-of-phrases=\"24\"><span class=\"Q4iAWc\">Filtereigenschaften<\/span><\/span><\/h2>\n<ul>\n<li><span class=\"JLqJ4b ChMk0b\" data-language-for-alternatives=\"de\" data-language-to-translate-into=\"fr\" data-phrase-index=\"6\" data-number-of-phrases=\"17\"><span class=\"Q4iAWc\">Hohe mechanische Festigkeit und Zugfestigkeit.<\/span><\/span><\/li>\n<li><span class=\"JLqJ4b ChMk0b\" data-language-for-alternatives=\"de\" data-language-to-translate-into=\"fr\" data-phrase-index=\"8\" data-number-of-phrases=\"17\"><span class=\"Q4iAWc\">Wird f\u00fcr die meisten organischen L\u00f6sungsmittel und mittelpolaren Fl\u00fcssigkeiten verwendet.<\/span><\/span><\/li>\n<li><span class=\"JLqJ4b ChMk0b\" data-language-for-alternatives=\"de\" data-language-to-translate-into=\"fr\" data-phrase-index=\"11\" data-number-of-phrases=\"24\"><span class=\"Q4iAWc\">Zwei Arten von Porengr\u00f6\u00dfen: 0.22 \u03bcm und 0.45 \u03bcm.<\/span><\/span><\/li>\n<li><span class=\"JLqJ4b ChMk0b\" data-language-for-alternatives=\"de\" data-language-to-translate-into=\"fr\" data-phrase-index=\"13\" data-number-of-phrases=\"24\"><span class=\"Q4iAWc\">Drei Arten von Filtergr\u00f6\u00dfen: 13 mm, 25 mm und 30 mm.<\/span><\/span><\/li>\n<li><span class=\"JLqJ4b ChMk0b\" data-language-for-alternatives=\"de\" data-language-to-translate-into=\"fr\" data-phrase-index=\"15\" data-number-of-phrases=\"24\"><span class=\"Q4iAWc\">H\u00f6chsttemperatur: 130 \u00b0C<\/span><\/span><\/li>\n<li><span class=\"JLqJ4b ChMk0b\" data-language-for-alternatives=\"de\" data-language-to-translate-into=\"fr\" data-phrase-index=\"17\" data-number-of-phrases=\"24\"><span class=\"Q4iAWc\">H\u00f6chstdruck: 4.5 bar<\/span><\/span><\/li>\n<\/ul>\n<table style=\"border-collapse: collapse; width: 847px; height: 342px;\" border=\"0\" width=\"320\" cellspacing=\"0\" cellpadding=\"0\">\n<tbody>\n<tr style=\"height: 15.0pt;\">\n<td style=\"height: 15.0pt; width: 60pt;\" width=\"80\" height=\"20\">Referenz<\/td>\n<td style=\"width: 60pt;\" width=\"80\">Durchmesser (mm)<\/td>\n<td style=\"width: 60pt;\" width=\"80\">Oberfl\u00e4che(mm2)<\/td>\n<td style=\"width: 60pt;\" width=\"80\">Porosit\u00e4t (um)<\/td>\n<\/tr>\n<tr style=\"height: 15.0pt;\">\n<td style=\"height: 15.0pt;\" height=\"20\">C0000297<\/td>\n<td align=\"right\">13<\/td>\n<td align=\"right\">1.13<\/td>\n<td align=\"right\">0.22<\/td>\n<\/tr>\n<tr style=\"height: 15.0pt;\">\n<td style=\"height: 15.0pt;\" height=\"20\">C0000298<\/td>\n<td align=\"right\">13<\/td>\n<td align=\"right\">1.13<\/td>\n<td align=\"right\">0.45<\/td>\n<\/tr>\n<tr style=\"height: 15.0pt;\">\n<td style=\"height: 15.0pt;\" height=\"20\">C0000299<\/td>\n<td align=\"right\">25<\/td>\n<td align=\"right\">4.15<\/td>\n<td align=\"right\">0.22<\/td>\n<\/tr>\n<tr style=\"height: 15.0pt;\">\n<td style=\"height: 15.0pt;\" height=\"20\">C0000300<\/td>\n<td align=\"right\">25<\/td>\n<td align=\"right\">4.15<\/td>\n<td align=\"right\">0.45<\/td>\n<\/tr>\n<\/tbody>\n<\/table>\n<h2>Filter Anwendungen<\/h2>\n<ul>\n<li><span class=\"JLqJ4b ChMk0b\" data-language-for-alternatives=\"de\" data-language-to-translate-into=\"fr\" data-phrase-index=\"10\" data-number-of-phrases=\"17\"><span class=\"Q4iAWc\">Entgasung\/Kl\u00e4rung w\u00e4ssriger Proben.<\/span><\/span><\/li>\n<li><span class=\"JLqJ4b ChMk0b\" data-language-for-alternatives=\"de\" data-language-to-translate-into=\"fr\" data-phrase-index=\"12\" data-number-of-phrases=\"17\"><span class=\"Q4iAWc\">Entfernung von Proteinpr\u00e4zipitaten.<\/span><\/span><\/li>\n<li><span class=\"JLqJ4b ChMk0b\" data-language-for-alternatives=\"de\" data-language-to-translate-into=\"fr\" data-phrase-index=\"14\" data-number-of-phrases=\"17\"><span class=\"Q4iAWc\">Filtration von L\u00f6sungsmitteln mit starken S\u00e4uren und Filtration von alkalischen L\u00f6sungsmitteln.<\/span><\/span><\/li>\n<li><span class=\"JLqJ4b ChMk0b\" data-language-for-alternatives=\"de\" data-language-to-translate-into=\"fr\" data-phrase-index=\"16\" data-number-of-phrases=\"17\"><span class=\"Q4iAWc\">Analyse von Biokraftstoffen.<\/span><\/span><\/li>\n<\/ul>\n","protected":false},"excerpt":{"rendered":"<p>Hydrophobe PTFE Filter mit Vorfilter, f\u00fcr Spritze.<\/p>\n","protected":false},"featured_media":27134,"template":"","meta":{"_crdt_document":""},"product_brand":[],"product_cat":[111],"product_tag":[],"class_list":{"0":"post-27145","1":"product","2":"type-product","3":"status-publish","4":"has-post-thumbnail","6":"product_cat-filter-de","8":"first","9":"instock","10":"taxable","11":"shipping-taxable","12":"product-type-simple"},"yoast_head":"<!-- This site is optimized with the Yoast SEO plugin v27.3 - https:\/\/yoast.com\/product\/yoast-seo-wordpress\/ -->\n<title>Geschwei\u00dfter Hydrophobe PTFE Filter f\u00fcr Spritze - Sysmatec<\/title>\n<meta name=\"description\" content=\"Hydrophobe PTFE Filter mit Vorfilter, f\u00fcr Spritze. Geh\u00e4use aus Polypropylen. Durchmesser von 12 bis 33 mm, Porosit\u00e4ten von 0.22 und 0.45 um.\" \/>\n<meta name=\"robots\" content=\"index, follow, max-snippet:-1, max-image-preview:large, max-video-preview:-1\" \/>\n<link rel=\"canonical\" href=\"https:\/\/sysmatec.ch\/de\/produit\/geschweisster-hydrophobe-ptfe-filter-fuer-spritze\/\" \/>\n<meta property=\"og:locale\" content=\"de_DE\" \/>\n<meta property=\"og:type\" content=\"article\" \/>\n<meta property=\"og:title\" content=\"Geschwei\u00dfter Hydrophobe PTFE Filter f\u00fcr Spritze - Sysmatec\" \/>\n<meta property=\"og:description\" content=\"Hydrophobe PTFE Filter mit Vorfilter, f\u00fcr Spritze. Geh\u00e4use aus Polypropylen. Durchmesser von 12 bis 33 mm, Porosit\u00e4ten von 0.22 und 0.45 um.\" \/>\n<meta property=\"og:url\" content=\"https:\/\/sysmatec.ch\/de\/produit\/geschweisster-hydrophobe-ptfe-filter-fuer-spritze\/\" \/>\n<meta property=\"og:site_name\" content=\"Sysmatec\" \/>\n<meta property=\"article:modified_time\" content=\"2022-04-12T16:39:31+00:00\" \/>\n<meta property=\"og:image\" content=\"https:\/\/sysmatec.ch\/wp-content\/uploads\/2019\/06\/FiltreNylon_ALWSC1.jpg\" \/>\n\t<meta property=\"og:image:width\" content=\"298\" \/>\n\t<meta property=\"og:image:height\" content=\"279\" \/>\n\t<meta property=\"og:image:type\" content=\"image\/jpeg\" \/>\n<meta name=\"twitter:card\" content=\"summary_large_image\" \/>\n<meta name=\"twitter:label1\" content=\"Gesch\u00e4tzte Lesezeit\" \/>\n\t<meta name=\"twitter:data1\" content=\"1\u00a0Minute\" \/>\n<script type=\"application\/ld+json\" class=\"yoast-schema-graph\">{\"@context\":\"https:\\\/\\\/schema.org\",\"@graph\":[{\"@type\":\"WebPage\",\"@id\":\"https:\\\/\\\/sysmatec.ch\\\/de\\\/produit\\\/geschweisster-hydrophobe-ptfe-filter-fuer-spritze\\\/\",\"url\":\"https:\\\/\\\/sysmatec.ch\\\/de\\\/produit\\\/geschweisster-hydrophobe-ptfe-filter-fuer-spritze\\\/\",\"name\":\"Geschwei\u00dfter Hydrophobe PTFE Filter f\u00fcr Spritze - Sysmatec\",\"isPartOf\":{\"@id\":\"https:\\\/\\\/sysmatec.ch\\\/de\\\/#website\"},\"primaryImageOfPage\":{\"@id\":\"https:\\\/\\\/sysmatec.ch\\\/de\\\/produit\\\/geschweisster-hydrophobe-ptfe-filter-fuer-spritze\\\/#primaryimage\"},\"image\":{\"@id\":\"https:\\\/\\\/sysmatec.ch\\\/de\\\/produit\\\/geschweisster-hydrophobe-ptfe-filter-fuer-spritze\\\/#primaryimage\"},\"thumbnailUrl\":\"https:\\\/\\\/sysmatec.ch\\\/wp-content\\\/uploads\\\/2019\\\/06\\\/FiltreNylon_ALWSC1.jpg\",\"datePublished\":\"2022-04-12T15:06:56+00:00\",\"dateModified\":\"2022-04-12T16:39:31+00:00\",\"description\":\"Hydrophobe PTFE Filter mit Vorfilter, f\u00fcr Spritze. Geh\u00e4use aus Polypropylen. Durchmesser von 12 bis 33 mm, Porosit\u00e4ten von 0.22 und 0.45 um.\",\"breadcrumb\":{\"@id\":\"https:\\\/\\\/sysmatec.ch\\\/de\\\/produit\\\/geschweisster-hydrophobe-ptfe-filter-fuer-spritze\\\/#breadcrumb\"},\"inLanguage\":\"de\",\"potentialAction\":[{\"@type\":\"ReadAction\",\"target\":[\"https:\\\/\\\/sysmatec.ch\\\/de\\\/produit\\\/geschweisster-hydrophobe-ptfe-filter-fuer-spritze\\\/\"]}]},{\"@type\":\"ImageObject\",\"inLanguage\":\"de\",\"@id\":\"https:\\\/\\\/sysmatec.ch\\\/de\\\/produit\\\/geschweisster-hydrophobe-ptfe-filter-fuer-spritze\\\/#primaryimage\",\"url\":\"https:\\\/\\\/sysmatec.ch\\\/wp-content\\\/uploads\\\/2019\\\/06\\\/FiltreNylon_ALWSC1.jpg\",\"contentUrl\":\"https:\\\/\\\/sysmatec.ch\\\/wp-content\\\/uploads\\\/2019\\\/06\\\/FiltreNylon_ALWSC1.jpg\",\"width\":298,\"height\":279},{\"@type\":\"BreadcrumbList\",\"@id\":\"https:\\\/\\\/sysmatec.ch\\\/de\\\/produit\\\/geschweisster-hydrophobe-ptfe-filter-fuer-spritze\\\/#breadcrumb\",\"itemListElement\":[{\"@type\":\"ListItem\",\"position\":1,\"name\":\"Accueil\",\"item\":\"https:\\\/\\\/sysmatec.ch\\\/de\\\/\"},{\"@type\":\"ListItem\",\"position\":2,\"name\":\"Die Aktivit\u00e4t von Sysmatec\",\"item\":\"https:\\\/\\\/sysmatec.ch\\\/de\\\/\"},{\"@type\":\"ListItem\",\"position\":3,\"name\":\"Geschwei\u00dfter Hydrophobe PTFE Filter f\u00fcr Spritze\"}]},{\"@type\":\"WebSite\",\"@id\":\"https:\\\/\\\/sysmatec.ch\\\/de\\\/#website\",\"url\":\"https:\\\/\\\/sysmatec.ch\\\/de\\\/\",\"name\":\"Sysmatec\",\"description\":\"Equipement de laboratoire et logiciels\",\"publisher\":{\"@id\":\"https:\\\/\\\/sysmatec.ch\\\/de\\\/#organization\"},\"potentialAction\":[{\"@type\":\"SearchAction\",\"target\":{\"@type\":\"EntryPoint\",\"urlTemplate\":\"https:\\\/\\\/sysmatec.ch\\\/de\\\/?s={search_term_string}\"},\"query-input\":{\"@type\":\"PropertyValueSpecification\",\"valueRequired\":true,\"valueName\":\"search_term_string\"}}],\"inLanguage\":\"de\"},{\"@type\":\"Organization\",\"@id\":\"https:\\\/\\\/sysmatec.ch\\\/de\\\/#organization\",\"name\":\"Sysmatec\",\"url\":\"https:\\\/\\\/sysmatec.ch\\\/de\\\/\",\"logo\":{\"@type\":\"ImageObject\",\"inLanguage\":\"de\",\"@id\":\"https:\\\/\\\/sysmatec.ch\\\/de\\\/#\\\/schema\\\/logo\\\/image\\\/\",\"url\":\"https:\\\/\\\/sysmatec.ch\\\/wp-content\\\/uploads\\\/2018\\\/11\\\/LogoSysmatec.jpg\",\"contentUrl\":\"https:\\\/\\\/sysmatec.ch\\\/wp-content\\\/uploads\\\/2018\\\/11\\\/LogoSysmatec.jpg\",\"width\":301,\"height\":297,\"caption\":\"Sysmatec\"},\"image\":{\"@id\":\"https:\\\/\\\/sysmatec.ch\\\/de\\\/#\\\/schema\\\/logo\\\/image\\\/\"}}]}<\/script>\n<!-- \/ Yoast SEO plugin. -->","yoast_head_json":{"title":"Geschwei\u00dfter Hydrophobe PTFE Filter f\u00fcr Spritze - Sysmatec","description":"Hydrophobe PTFE Filter mit Vorfilter, f\u00fcr Spritze. Geh\u00e4use aus Polypropylen. Durchmesser von 12 bis 33 mm, Porosit\u00e4ten von 0.22 und 0.45 um.","robots":{"index":"index","follow":"follow","max-snippet":"max-snippet:-1","max-image-preview":"max-image-preview:large","max-video-preview":"max-video-preview:-1"},"canonical":"https:\/\/sysmatec.ch\/de\/produit\/geschweisster-hydrophobe-ptfe-filter-fuer-spritze\/","og_locale":"de_DE","og_type":"article","og_title":"Geschwei\u00dfter Hydrophobe PTFE Filter f\u00fcr Spritze - Sysmatec","og_description":"Hydrophobe PTFE Filter mit Vorfilter, f\u00fcr Spritze. Geh\u00e4use aus Polypropylen. Durchmesser von 12 bis 33 mm, Porosit\u00e4ten von 0.22 und 0.45 um.","og_url":"https:\/\/sysmatec.ch\/de\/produit\/geschweisster-hydrophobe-ptfe-filter-fuer-spritze\/","og_site_name":"Sysmatec","article_modified_time":"2022-04-12T16:39:31+00:00","og_image":[{"width":298,"height":279,"url":"https:\/\/sysmatec.ch\/wp-content\/uploads\/2019\/06\/FiltreNylon_ALWSC1.jpg","type":"image\/jpeg"}],"twitter_card":"summary_large_image","twitter_misc":{"Gesch\u00e4tzte Lesezeit":"1\u00a0Minute"},"schema":{"@context":"https:\/\/schema.org","@graph":[{"@type":"WebPage","@id":"https:\/\/sysmatec.ch\/de\/produit\/geschweisster-hydrophobe-ptfe-filter-fuer-spritze\/","url":"https:\/\/sysmatec.ch\/de\/produit\/geschweisster-hydrophobe-ptfe-filter-fuer-spritze\/","name":"Geschwei\u00dfter Hydrophobe PTFE Filter f\u00fcr Spritze - Sysmatec","isPartOf":{"@id":"https:\/\/sysmatec.ch\/de\/#website"},"primaryImageOfPage":{"@id":"https:\/\/sysmatec.ch\/de\/produit\/geschweisster-hydrophobe-ptfe-filter-fuer-spritze\/#primaryimage"},"image":{"@id":"https:\/\/sysmatec.ch\/de\/produit\/geschweisster-hydrophobe-ptfe-filter-fuer-spritze\/#primaryimage"},"thumbnailUrl":"https:\/\/sysmatec.ch\/wp-content\/uploads\/2019\/06\/FiltreNylon_ALWSC1.jpg","datePublished":"2022-04-12T15:06:56+00:00","dateModified":"2022-04-12T16:39:31+00:00","description":"Hydrophobe PTFE Filter mit Vorfilter, f\u00fcr Spritze. Geh\u00e4use aus Polypropylen. Durchmesser von 12 bis 33 mm, Porosit\u00e4ten von 0.22 und 0.45 um.","breadcrumb":{"@id":"https:\/\/sysmatec.ch\/de\/produit\/geschweisster-hydrophobe-ptfe-filter-fuer-spritze\/#breadcrumb"},"inLanguage":"de","potentialAction":[{"@type":"ReadAction","target":["https:\/\/sysmatec.ch\/de\/produit\/geschweisster-hydrophobe-ptfe-filter-fuer-spritze\/"]}]},{"@type":"ImageObject","inLanguage":"de","@id":"https:\/\/sysmatec.ch\/de\/produit\/geschweisster-hydrophobe-ptfe-filter-fuer-spritze\/#primaryimage","url":"https:\/\/sysmatec.ch\/wp-content\/uploads\/2019\/06\/FiltreNylon_ALWSC1.jpg","contentUrl":"https:\/\/sysmatec.ch\/wp-content\/uploads\/2019\/06\/FiltreNylon_ALWSC1.jpg","width":298,"height":279},{"@type":"BreadcrumbList","@id":"https:\/\/sysmatec.ch\/de\/produit\/geschweisster-hydrophobe-ptfe-filter-fuer-spritze\/#breadcrumb","itemListElement":[{"@type":"ListItem","position":1,"name":"Accueil","item":"https:\/\/sysmatec.ch\/de\/"},{"@type":"ListItem","position":2,"name":"Die Aktivit\u00e4t von Sysmatec","item":"https:\/\/sysmatec.ch\/de\/"},{"@type":"ListItem","position":3,"name":"Geschwei\u00dfter Hydrophobe PTFE Filter f\u00fcr Spritze"}]},{"@type":"WebSite","@id":"https:\/\/sysmatec.ch\/de\/#website","url":"https:\/\/sysmatec.ch\/de\/","name":"Sysmatec","description":"Equipement de laboratoire et logiciels","publisher":{"@id":"https:\/\/sysmatec.ch\/de\/#organization"},"potentialAction":[{"@type":"SearchAction","target":{"@type":"EntryPoint","urlTemplate":"https:\/\/sysmatec.ch\/de\/?s={search_term_string}"},"query-input":{"@type":"PropertyValueSpecification","valueRequired":true,"valueName":"search_term_string"}}],"inLanguage":"de"},{"@type":"Organization","@id":"https:\/\/sysmatec.ch\/de\/#organization","name":"Sysmatec","url":"https:\/\/sysmatec.ch\/de\/","logo":{"@type":"ImageObject","inLanguage":"de","@id":"https:\/\/sysmatec.ch\/de\/#\/schema\/logo\/image\/","url":"https:\/\/sysmatec.ch\/wp-content\/uploads\/2018\/11\/LogoSysmatec.jpg","contentUrl":"https:\/\/sysmatec.ch\/wp-content\/uploads\/2018\/11\/LogoSysmatec.jpg","width":301,"height":297,"caption":"Sysmatec"},"image":{"@id":"https:\/\/sysmatec.ch\/de\/#\/schema\/logo\/image\/"}}]}},"_links":{"self":[{"href":"https:\/\/sysmatec.ch\/de\/wp-json\/wp\/v2\/product\/27145","targetHints":{"allow":["GET"]}}],"collection":[{"href":"https:\/\/sysmatec.ch\/de\/wp-json\/wp\/v2\/product"}],"about":[{"href":"https:\/\/sysmatec.ch\/de\/wp-json\/wp\/v2\/types\/product"}],"wp:featuredmedia":[{"embeddable":true,"href":"https:\/\/sysmatec.ch\/de\/wp-json\/wp\/v2\/media\/27134"}],"wp:attachment":[{"href":"https:\/\/sysmatec.ch\/de\/wp-json\/wp\/v2\/media?parent=27145"}],"wp:term":[{"taxonomy":"product_brand","embeddable":true,"href":"https:\/\/sysmatec.ch\/de\/wp-json\/wp\/v2\/product_brand?post=27145"},{"taxonomy":"product_cat","embeddable":true,"href":"https:\/\/sysmatec.ch\/de\/wp-json\/wp\/v2\/product_cat?post=27145"},{"taxonomy":"product_tag","embeddable":true,"href":"https:\/\/sysmatec.ch\/de\/wp-json\/wp\/v2\/product_tag?post=27145"}],"curies":[{"name":"wp","href":"https:\/\/api.w.org\/{rel}","templated":true}]}}