{"id":2704,"date":"2019-02-11T18:01:54","date_gmt":"2019-02-11T17:01:54","guid":{"rendered":"https:\/\/sysmatec.ch\/produit\/balance-kern-pfb\/"},"modified":"2022-03-05T10:04:56","modified_gmt":"2022-03-05T09:04:56","slug":"waage-kern-pfb","status":"publish","type":"product","link":"https:\/\/sysmatec.ch\/de\/Produkt\/waage-kern-pfb\/","title":{"rendered":"Waage KERN PFB"},"content":{"rendered":"<ul>\n<li>Schnellanzeigende Pr\u00e4zisionswaage mit komfortabler Bedienphilosophie und Eichzulassung [M]<\/li>\n<li>Komfortable Bedienphilosophie: Alle Hauptfunktionen haben eine eigene Taste auf dem Bedienfeld<\/li>\n<li>Kompakte Abmessungen, vorteilhaft bei eingeschr\u00e4nkten Platzverh\u00e4ltnissen<\/li>\n<li>Kapazit\u00e4tsanzeige: Ein ansteigendes Leuchtband zeigt den noch verf\u00fcgbaren W\u00e4gebereich an<\/li>\n<li>Libelle und Fu\u00dfschrauben zum exakten Nivellieren der Waage serienm\u00e4\u00dfig, dadurch genaueste W\u00e4geergebnisse<\/li>\n<li>Windschutz serienm\u00e4\u00dfig (f\u00fcr Modelle mit W\u00e4geplattengr\u00f6\u00dfe und ). W\u00e4geraum B\u00d7T\u00d7H 158\u00d7143\u00d764 mm<\/li>\n<li>Separate Zweitanzeige serienm\u00e4\u00dfig f\u00fcr Modelle PFB 600-1M und PFB 6000-0M. Geeignet f\u00fcr offene Verkaufsstellen. Eichwert entspricht der Ablesbarkeit. Gro\u00dfes hinterleuchtetes LCD-Display, Ziffernh\u00f6he 16 mm. Schnittstellenkabel zur Waage, Kabell\u00e4nge ca. 1 m, serienm\u00e4\u00dfig. Abmessungen B\u00d7T\u00d7H 250x180x105 mm<\/li>\n<\/ul>\n<table border=\"1\" width=\"636\" cellspacing=\"0\" cellpadding=\"2\">\n<tbody>\n<tr>\n<td>Waage Modell<\/td>\n<td width=\"10%\">Ablesbarkeit<\/td>\n<td width=\"10%\">W\u00e4gebereich<\/td>\n<td width=\"10%\">Reproduzierbarkeit<\/td>\n<td width=\"10%\">Linearit\u00e4t<\/td>\n<td width=\"10%\">W\u00e4geplatte<\/td>\n<\/tr>\n<tr>\n<td><\/td>\n<td width=\"10%\">g<\/td>\n<td width=\"10%\">g<\/td>\n<td width=\"10%\">g<\/td>\n<td width=\"10%\">g<\/td>\n<td width=\"10%\">mm<\/td>\n<\/tr>\n<tr>\n<td>PFB 120-3<\/td>\n<td width=\"10%\">0,001<\/td>\n<td width=\"10%\">120<\/td>\n<td width=\"10%\">0,001<\/td>\n<td width=\"10%\">\u00b10,003<\/td>\n<td width=\"10%\">Durch. 80<\/td>\n<\/tr>\n<tr>\n<td>PFB 200-3<\/td>\n<td width=\"10%\">0,001<\/td>\n<td width=\"10%\">200<\/td>\n<td width=\"10%\">0,001<\/td>\n<td width=\"10%\">\u00b10,003<\/td>\n<td width=\"10%\">Durch. 80<\/td>\n<\/tr>\n<tr>\n<td>PFB 300-3<\/td>\n<td width=\"10%\">0,001<\/td>\n<td width=\"10%\">300<\/td>\n<td width=\"10%\">0,001<\/td>\n<td width=\"10%\">\u00b10,003<\/td>\n<td width=\"10%\">Durch. 80<\/td>\n<\/tr>\n<tr>\n<td>FB 1200-2<\/td>\n<td width=\"10%\">0,01<\/td>\n<td width=\"10%\">1200<\/td>\n<td width=\"10%\">0,01<\/td>\n<td width=\"10%\">\u00b10,03<\/td>\n<td width=\"10%\">Durch. 120<\/td>\n<\/tr>\n<tr>\n<td>PFB 2000-2<\/td>\n<td width=\"10%\">0,01<\/td>\n<td width=\"10%\">2000<\/td>\n<td width=\"10%\">0,01<\/td>\n<td width=\"10%\">\u00b10,03<\/td>\n<td width=\"10%\">Durch. 120<\/td>\n<\/tr>\n<tr>\n<td>PFB 3000-2<\/td>\n<td width=\"10%\">0,01<\/td>\n<td width=\"10%\">3000<\/td>\n<td width=\"10%\">0,01<\/td>\n<td width=\"10%\">\u00b10,03<\/td>\n<td width=\"10%\">Durch. 120<\/td>\n<\/tr>\n<tr>\n<td>PFB 6000-2<\/td>\n<td width=\"10%\">0,05<\/td>\n<td width=\"10%\">6000<\/td>\n<td width=\"10%\">0,05<\/td>\n<td width=\"10%\">\u00b10,15<\/td>\n<td width=\"10%\">155&#215;145<\/td>\n<\/tr>\n<tr>\n<td>PFB 6000-1<\/td>\n<td width=\"10%\">0,1<\/td>\n<td width=\"10%\">6000<\/td>\n<td width=\"10%\">0,1<\/td>\n<td width=\"10%\">\u00b10,3<\/td>\n<td width=\"10%\">155&#215;145<\/td>\n<\/tr>\n<\/tbody>\n<\/table>\n","protected":false},"excerpt":{"rendered":"<p>Laborwaage 0-120 g bis 0-6000 g<\/p>\n","protected":false},"featured_media":22645,"template":"","meta":{"_crdt_document":""},"product_brand":[],"product_cat":[165,346],"product_tag":[],"class_list":{"0":"post-2704","1":"product","2":"type-product","3":"status-publish","4":"has-post-thumbnail","6":"product_cat-gewicht","7":"product_cat-labor","9":"first","10":"instock","11":"taxable","12":"shipping-taxable","13":"purchasable","14":"product-type-variable"},"yoast_head":"<!-- This site is optimized with the Yoast SEO plugin v27.3 - https:\/\/yoast.com\/product\/yoast-seo-wordpress\/ -->\n<title>Waage KERN PFB - Sysmatec<\/title>\n<meta name=\"description\" content=\"Kompakte und einfach zu bedienende zertifizierte Pr\u00e4zisions-Laborwaage. Verschiedene Versionen mit Bereichen von 0-120 bis 0-6000 g.\" \/>\n<meta name=\"robots\" content=\"index, follow, max-snippet:-1, max-image-preview:large, max-video-preview:-1\" \/>\n<link rel=\"canonical\" href=\"https:\/\/sysmatec.ch\/de\/produit\/waage-kern-pfb\/\" \/>\n<meta property=\"og:locale\" content=\"de_DE\" \/>\n<meta property=\"og:type\" content=\"article\" \/>\n<meta property=\"og:title\" content=\"Waage KERN PFB - Sysmatec\" \/>\n<meta property=\"og:description\" content=\"Kompakte und einfach zu bedienende zertifizierte Pr\u00e4zisions-Laborwaage. Verschiedene Versionen mit Bereichen von 0-120 bis 0-6000 g.\" \/>\n<meta property=\"og:url\" content=\"https:\/\/sysmatec.ch\/de\/produit\/waage-kern-pfb\/\" \/>\n<meta property=\"og:site_name\" content=\"Sysmatec\" \/>\n<meta property=\"article:modified_time\" content=\"2022-03-05T09:04:56+00:00\" \/>\n<meta property=\"og:image\" content=\"https:\/\/sysmatec.ch\/wp-content\/uploads\/2019\/02\/Balance_PFB-6000-2A-scaled.jpg\" \/>\n\t<meta property=\"og:image:width\" content=\"2560\" \/>\n\t<meta property=\"og:image:height\" content=\"2203\" \/>\n\t<meta property=\"og:image:type\" content=\"image\/jpeg\" \/>\n<meta name=\"twitter:card\" content=\"summary_large_image\" \/>\n<meta name=\"twitter:label1\" content=\"Gesch\u00e4tzte Lesezeit\" \/>\n\t<meta name=\"twitter:data1\" content=\"1\u00a0Minute\" \/>\n<script type=\"application\/ld+json\" class=\"yoast-schema-graph\">{\"@context\":\"https:\\\/\\\/schema.org\",\"@graph\":[{\"@type\":\"WebPage\",\"@id\":\"https:\\\/\\\/sysmatec.ch\\\/de\\\/produit\\\/waage-kern-pfb\\\/\",\"url\":\"https:\\\/\\\/sysmatec.ch\\\/de\\\/produit\\\/waage-kern-pfb\\\/\",\"name\":\"Waage KERN PFB - Sysmatec\",\"isPartOf\":{\"@id\":\"https:\\\/\\\/sysmatec.ch\\\/de\\\/#website\"},\"primaryImageOfPage\":{\"@id\":\"https:\\\/\\\/sysmatec.ch\\\/de\\\/produit\\\/waage-kern-pfb\\\/#primaryimage\"},\"image\":{\"@id\":\"https:\\\/\\\/sysmatec.ch\\\/de\\\/produit\\\/waage-kern-pfb\\\/#primaryimage\"},\"thumbnailUrl\":\"https:\\\/\\\/sysmatec.ch\\\/wp-content\\\/uploads\\\/2019\\\/02\\\/Balance_PFB-6000-2A-scaled.jpg\",\"datePublished\":\"2019-02-11T17:01:54+00:00\",\"dateModified\":\"2022-03-05T09:04:56+00:00\",\"description\":\"Kompakte und einfach zu bedienende zertifizierte Pr\u00e4zisions-Laborwaage. Verschiedene Versionen mit Bereichen von 0-120 bis 0-6000 g.\",\"breadcrumb\":{\"@id\":\"https:\\\/\\\/sysmatec.ch\\\/de\\\/produit\\\/waage-kern-pfb\\\/#breadcrumb\"},\"inLanguage\":\"de\",\"potentialAction\":[{\"@type\":\"ReadAction\",\"target\":[\"https:\\\/\\\/sysmatec.ch\\\/de\\\/produit\\\/waage-kern-pfb\\\/\"]}]},{\"@type\":\"ImageObject\",\"inLanguage\":\"de\",\"@id\":\"https:\\\/\\\/sysmatec.ch\\\/de\\\/produit\\\/waage-kern-pfb\\\/#primaryimage\",\"url\":\"https:\\\/\\\/sysmatec.ch\\\/wp-content\\\/uploads\\\/2019\\\/02\\\/Balance_PFB-6000-2A-scaled.jpg\",\"contentUrl\":\"https:\\\/\\\/sysmatec.ch\\\/wp-content\\\/uploads\\\/2019\\\/02\\\/Balance_PFB-6000-2A-scaled.jpg\",\"width\":2560,\"height\":2203},{\"@type\":\"BreadcrumbList\",\"@id\":\"https:\\\/\\\/sysmatec.ch\\\/de\\\/produit\\\/waage-kern-pfb\\\/#breadcrumb\",\"itemListElement\":[{\"@type\":\"ListItem\",\"position\":1,\"name\":\"Accueil\",\"item\":\"https:\\\/\\\/sysmatec.ch\\\/de\\\/\"},{\"@type\":\"ListItem\",\"position\":2,\"name\":\"Die Aktivit\u00e4t von Sysmatec\",\"item\":\"https:\\\/\\\/sysmatec.ch\\\/de\\\/\"},{\"@type\":\"ListItem\",\"position\":3,\"name\":\"Waage KERN PFB\"}]},{\"@type\":\"WebSite\",\"@id\":\"https:\\\/\\\/sysmatec.ch\\\/de\\\/#website\",\"url\":\"https:\\\/\\\/sysmatec.ch\\\/de\\\/\",\"name\":\"Sysmatec\",\"description\":\"Equipement de laboratoire et logiciels\",\"publisher\":{\"@id\":\"https:\\\/\\\/sysmatec.ch\\\/de\\\/#organization\"},\"potentialAction\":[{\"@type\":\"SearchAction\",\"target\":{\"@type\":\"EntryPoint\",\"urlTemplate\":\"https:\\\/\\\/sysmatec.ch\\\/de\\\/?s={search_term_string}\"},\"query-input\":{\"@type\":\"PropertyValueSpecification\",\"valueRequired\":true,\"valueName\":\"search_term_string\"}}],\"inLanguage\":\"de\"},{\"@type\":\"Organization\",\"@id\":\"https:\\\/\\\/sysmatec.ch\\\/de\\\/#organization\",\"name\":\"Sysmatec\",\"url\":\"https:\\\/\\\/sysmatec.ch\\\/de\\\/\",\"logo\":{\"@type\":\"ImageObject\",\"inLanguage\":\"de\",\"@id\":\"https:\\\/\\\/sysmatec.ch\\\/de\\\/#\\\/schema\\\/logo\\\/image\\\/\",\"url\":\"https:\\\/\\\/sysmatec.ch\\\/wp-content\\\/uploads\\\/2018\\\/11\\\/LogoSysmatec.jpg\",\"contentUrl\":\"https:\\\/\\\/sysmatec.ch\\\/wp-content\\\/uploads\\\/2018\\\/11\\\/LogoSysmatec.jpg\",\"width\":301,\"height\":297,\"caption\":\"Sysmatec\"},\"image\":{\"@id\":\"https:\\\/\\\/sysmatec.ch\\\/de\\\/#\\\/schema\\\/logo\\\/image\\\/\"}}]}<\/script>\n<!-- \/ Yoast SEO plugin. -->","yoast_head_json":{"title":"Waage KERN PFB - Sysmatec","description":"Kompakte und einfach zu bedienende zertifizierte Pr\u00e4zisions-Laborwaage. Verschiedene Versionen mit Bereichen von 0-120 bis 0-6000 g.","robots":{"index":"index","follow":"follow","max-snippet":"max-snippet:-1","max-image-preview":"max-image-preview:large","max-video-preview":"max-video-preview:-1"},"canonical":"https:\/\/sysmatec.ch\/de\/produit\/waage-kern-pfb\/","og_locale":"de_DE","og_type":"article","og_title":"Waage KERN PFB - Sysmatec","og_description":"Kompakte und einfach zu bedienende zertifizierte Pr\u00e4zisions-Laborwaage. Verschiedene Versionen mit Bereichen von 0-120 bis 0-6000 g.","og_url":"https:\/\/sysmatec.ch\/de\/produit\/waage-kern-pfb\/","og_site_name":"Sysmatec","article_modified_time":"2022-03-05T09:04:56+00:00","og_image":[{"width":2560,"height":2203,"url":"https:\/\/sysmatec.ch\/wp-content\/uploads\/2019\/02\/Balance_PFB-6000-2A-scaled.jpg","type":"image\/jpeg"}],"twitter_card":"summary_large_image","twitter_misc":{"Gesch\u00e4tzte Lesezeit":"1\u00a0Minute"},"schema":{"@context":"https:\/\/schema.org","@graph":[{"@type":"WebPage","@id":"https:\/\/sysmatec.ch\/de\/produit\/waage-kern-pfb\/","url":"https:\/\/sysmatec.ch\/de\/produit\/waage-kern-pfb\/","name":"Waage KERN PFB - Sysmatec","isPartOf":{"@id":"https:\/\/sysmatec.ch\/de\/#website"},"primaryImageOfPage":{"@id":"https:\/\/sysmatec.ch\/de\/produit\/waage-kern-pfb\/#primaryimage"},"image":{"@id":"https:\/\/sysmatec.ch\/de\/produit\/waage-kern-pfb\/#primaryimage"},"thumbnailUrl":"https:\/\/sysmatec.ch\/wp-content\/uploads\/2019\/02\/Balance_PFB-6000-2A-scaled.jpg","datePublished":"2019-02-11T17:01:54+00:00","dateModified":"2022-03-05T09:04:56+00:00","description":"Kompakte und einfach zu bedienende zertifizierte Pr\u00e4zisions-Laborwaage. Verschiedene Versionen mit Bereichen von 0-120 bis 0-6000 g.","breadcrumb":{"@id":"https:\/\/sysmatec.ch\/de\/produit\/waage-kern-pfb\/#breadcrumb"},"inLanguage":"de","potentialAction":[{"@type":"ReadAction","target":["https:\/\/sysmatec.ch\/de\/produit\/waage-kern-pfb\/"]}]},{"@type":"ImageObject","inLanguage":"de","@id":"https:\/\/sysmatec.ch\/de\/produit\/waage-kern-pfb\/#primaryimage","url":"https:\/\/sysmatec.ch\/wp-content\/uploads\/2019\/02\/Balance_PFB-6000-2A-scaled.jpg","contentUrl":"https:\/\/sysmatec.ch\/wp-content\/uploads\/2019\/02\/Balance_PFB-6000-2A-scaled.jpg","width":2560,"height":2203},{"@type":"BreadcrumbList","@id":"https:\/\/sysmatec.ch\/de\/produit\/waage-kern-pfb\/#breadcrumb","itemListElement":[{"@type":"ListItem","position":1,"name":"Accueil","item":"https:\/\/sysmatec.ch\/de\/"},{"@type":"ListItem","position":2,"name":"Die Aktivit\u00e4t von Sysmatec","item":"https:\/\/sysmatec.ch\/de\/"},{"@type":"ListItem","position":3,"name":"Waage KERN PFB"}]},{"@type":"WebSite","@id":"https:\/\/sysmatec.ch\/de\/#website","url":"https:\/\/sysmatec.ch\/de\/","name":"Sysmatec","description":"Equipement de laboratoire et logiciels","publisher":{"@id":"https:\/\/sysmatec.ch\/de\/#organization"},"potentialAction":[{"@type":"SearchAction","target":{"@type":"EntryPoint","urlTemplate":"https:\/\/sysmatec.ch\/de\/?s={search_term_string}"},"query-input":{"@type":"PropertyValueSpecification","valueRequired":true,"valueName":"search_term_string"}}],"inLanguage":"de"},{"@type":"Organization","@id":"https:\/\/sysmatec.ch\/de\/#organization","name":"Sysmatec","url":"https:\/\/sysmatec.ch\/de\/","logo":{"@type":"ImageObject","inLanguage":"de","@id":"https:\/\/sysmatec.ch\/de\/#\/schema\/logo\/image\/","url":"https:\/\/sysmatec.ch\/wp-content\/uploads\/2018\/11\/LogoSysmatec.jpg","contentUrl":"https:\/\/sysmatec.ch\/wp-content\/uploads\/2018\/11\/LogoSysmatec.jpg","width":301,"height":297,"caption":"Sysmatec"},"image":{"@id":"https:\/\/sysmatec.ch\/de\/#\/schema\/logo\/image\/"}}]}},"_links":{"self":[{"href":"https:\/\/sysmatec.ch\/de\/wp-json\/wp\/v2\/product\/2704","targetHints":{"allow":["GET"]}}],"collection":[{"href":"https:\/\/sysmatec.ch\/de\/wp-json\/wp\/v2\/product"}],"about":[{"href":"https:\/\/sysmatec.ch\/de\/wp-json\/wp\/v2\/types\/product"}],"wp:featuredmedia":[{"embeddable":true,"href":"https:\/\/sysmatec.ch\/de\/wp-json\/wp\/v2\/media\/22645"}],"wp:attachment":[{"href":"https:\/\/sysmatec.ch\/de\/wp-json\/wp\/v2\/media?parent=2704"}],"wp:term":[{"taxonomy":"product_brand","embeddable":true,"href":"https:\/\/sysmatec.ch\/de\/wp-json\/wp\/v2\/product_brand?post=2704"},{"taxonomy":"product_cat","embeddable":true,"href":"https:\/\/sysmatec.ch\/de\/wp-json\/wp\/v2\/product_cat?post=2704"},{"taxonomy":"product_tag","embeddable":true,"href":"https:\/\/sysmatec.ch\/de\/wp-json\/wp\/v2\/product_tag?post=2704"}],"curies":[{"name":"wp","href":"https:\/\/api.w.org\/{rel}","templated":true}]}}