{"id":2690,"date":"2019-02-11T16:37:00","date_gmt":"2019-02-11T15:37:00","guid":{"rendered":"https:\/\/sysmatec.ch\/produit\/balance-kern-pes-pej\/"},"modified":"2022-03-05T10:51:46","modified_gmt":"2022-03-05T09:51:46","slug":"waage-kern-pes-pej","status":"publish","type":"product","link":"https:\/\/sysmatec.ch\/de\/Produkt\/waage-kern-pes-pej\/","title":{"rendered":"Waage KERN PES\/PEJ"},"content":{"rendered":"<ul>\n<li>Robuste Labor- und Industrie-Pr\u00e4zisionswaage f\u00fcr schweres W\u00e4gegut, mit Eichzulassung [M]<\/li>\n<li>Scht\u00fcckz\u00e4hlen-Funktion<\/li>\n<li>PEJ: Interne Justierautomatik<\/li>\n<li>PES: Justierprogramm CAL zum Einstellen der Genauigkeit, externe Pr\u00fcfgewichte gegen Mehrpreis<\/li>\n<li>Metallgeh\u00e4use: robust und standsicher<\/li>\n<li>W\u00e4gen mit Toleranzbereich (Checkweighing): Eingabe von 2 oberen und 2 unteren Grenzwerten \u00fcber 4 Pfeiltasten. Ein akustisches Signal unterst\u00fctzt das Portionieren, Dosieren oder Sortieren<\/li>\n<li>Windschutz serienm\u00e4\u00dfig bei Modellen mit Ablesbarkeit [d] = 0,001 g. W\u00e4geraum B\u00d7T\u00d7H 170\u00d7150\u00d7100 mm. Abnehmbarer Deckel mit \u00d6ffnung zum Pipettieren<\/li>\n<li>Netzadapter 220 V \/ 9 V inklusiv<\/li>\n<li>Edelstahl W\u00e4geplatte<\/li>\n<li>W\u00e4gen mit Toleranzbereich (Checkweighing). Eingabe eines oberen und unteren Grenzwertes in Gramm, St\u00fcck oder % m\u00f6glich. Ein optisches Signal im Display hilft beim Dosieren oder Sortieren<\/li>\n<li>Eichf\u00e4hig<\/li>\n<\/ul>\n<table border=\"1\" width=\"636\" cellspacing=\"0\" cellpadding=\"2\">\n<tbody>\n<tr>\n<td>Modell<\/td>\n<td width=\"10%\">Ablesbarkeit<\/td>\n<td width=\"10%\">W\u00e4gebereich<\/td>\n<td width=\"10%\">Reproduzierbarkeit<\/td>\n<td width=\"10%\">Linearit\u00e4t<\/td>\n<td width=\"10%\">W\u00e4geplatte<\/td>\n<\/tr>\n<tr>\n<td><\/td>\n<td width=\"10%\">g<\/td>\n<td width=\"10%\">g<\/td>\n<td width=\"10%\">g<\/td>\n<td width=\"10%\">g<\/td>\n<td width=\"10%\">mm<\/td>\n<\/tr>\n<tr>\n<td>PES 620-3M<\/td>\n<td width=\"10%\">0,001<\/td>\n<td width=\"10%\">620<\/td>\n<td width=\"10%\">0,001<\/td>\n<td width=\"10%\">\u00b10,003<\/td>\n<td width=\"10%\">140&#215;120<\/td>\n<\/tr>\n<tr>\n<td>PES 2200-2M<\/td>\n<td width=\"10%\">0,01<\/td>\n<td width=\"10%\">2200<\/td>\n<td width=\"10%\">0,01<\/td>\n<td width=\"10%\">\u00b10,02<\/td>\n<td width=\"10%\">200&#215;200<\/td>\n<\/tr>\n<tr>\n<td>PES 4200-2M<\/td>\n<td width=\"10%\">0,01<\/td>\n<td width=\"10%\">4200<\/td>\n<td width=\"10%\">0,01<\/td>\n<td width=\"10%\">\u00b10,02<\/td>\n<td width=\"10%\">200&#215;200<\/td>\n<\/tr>\n<tr>\n<td>PES 6200-2M<\/td>\n<td width=\"10%\">0,01<\/td>\n<td width=\"10%\">6200<\/td>\n<td width=\"10%\">0,01<\/td>\n<td width=\"10%\">\u00b10,03<\/td>\n<td width=\"10%\">200&#215;200<\/td>\n<\/tr>\n<tr>\n<td>PES 15000-1M<\/td>\n<td width=\"10%\">0,1<\/td>\n<td width=\"10%\">15000<\/td>\n<td width=\"10%\">0,1<\/td>\n<td width=\"10%\">\u00b10,2<\/td>\n<td width=\"10%\">200&#215;200<\/td>\n<\/tr>\n<tr>\n<td>PES 31000-1M<\/td>\n<td width=\"10%\">0,1<\/td>\n<td width=\"10%\">31000<\/td>\n<td width=\"10%\">0,1<\/td>\n<td width=\"10%\">\u00b10,4<\/td>\n<td width=\"10%\">250&#215;220<\/td>\n<\/tr>\n<tr>\n<td>PEJ 620-3M<\/td>\n<td width=\"10%\">0,001<\/td>\n<td width=\"10%\">620<\/td>\n<td width=\"10%\">0,001<\/td>\n<td width=\"10%\">\u00b10,003<\/td>\n<td width=\"10%\">140&#215;120<\/td>\n<\/tr>\n<tr>\n<td>PES 2200-2M<\/td>\n<td width=\"10%\">0,01<\/td>\n<td width=\"10%\">2200<\/td>\n<td width=\"10%\">0,01<\/td>\n<td width=\"10%\">\u00b10,02<\/td>\n<td width=\"10%\">200&#215;200<\/td>\n<\/tr>\n<tr>\n<td>PES 4200-2M<\/td>\n<td width=\"10%\">0,01<\/td>\n<td width=\"10%\">4200<\/td>\n<td width=\"10%\">0,01<\/td>\n<td width=\"10%\">\u00b10,02<\/td>\n<td width=\"10%\">200&#215;200<\/td>\n<\/tr>\n<\/tbody>\n<\/table>\n","protected":false},"excerpt":{"rendered":"<p>Laborwaage 0-620 g bis 0-31000 g<\/p>\n","protected":false},"featured_media":22637,"template":"","meta":{"_crdt_document":""},"product_brand":[],"product_cat":[165,346],"product_tag":[],"class_list":{"0":"post-2690","1":"product","2":"type-product","3":"status-publish","4":"has-post-thumbnail","6":"product_cat-gewicht","7":"product_cat-labor","9":"first","10":"instock","11":"taxable","12":"shipping-taxable","13":"purchasable","14":"product-type-variable"},"yoast_head":"<!-- This site is optimized with the Yoast SEO plugin v27.4 - https:\/\/yoast.com\/product\/yoast-seo-wordpress\/ -->\n<title>Waage KERN PES\/PEJ - Sysmatec<\/title>\n<meta name=\"description\" content=\"Kompakte und einfach zu bedienende zertifizierte Pr\u00e4zisions-Laborwaage. Verschiedene Versionen mit Messbereichen von 0-620 bis 0-31000 g.\" \/>\n<meta name=\"robots\" content=\"index, follow, max-snippet:-1, max-image-preview:large, max-video-preview:-1\" \/>\n<link rel=\"canonical\" href=\"https:\/\/sysmatec.ch\/de\/produit\/waage-kern-pes-pej\/\" \/>\n<meta property=\"og:locale\" content=\"de_DE\" \/>\n<meta property=\"og:type\" content=\"article\" \/>\n<meta property=\"og:title\" content=\"Waage KERN PES\/PEJ - Sysmatec\" \/>\n<meta property=\"og:description\" content=\"Kompakte und einfach zu bedienende zertifizierte Pr\u00e4zisions-Laborwaage. Verschiedene Versionen mit Messbereichen von 0-620 bis 0-31000 g.\" \/>\n<meta property=\"og:url\" content=\"https:\/\/sysmatec.ch\/de\/produit\/waage-kern-pes-pej\/\" \/>\n<meta property=\"og:site_name\" content=\"Sysmatec\" \/>\n<meta property=\"article:modified_time\" content=\"2022-03-05T09:51:46+00:00\" \/>\n<meta property=\"og:image\" content=\"https:\/\/sysmatec.ch\/wp-content\/uploads\/2019\/02\/Balance_PES-620-3M-scaled.jpg\" \/>\n\t<meta property=\"og:image:width\" content=\"2252\" \/>\n\t<meta property=\"og:image:height\" content=\"2560\" \/>\n\t<meta property=\"og:image:type\" content=\"image\/jpeg\" \/>\n<meta name=\"twitter:card\" content=\"summary_large_image\" \/>\n<meta name=\"twitter:label1\" content=\"Gesch\u00e4tzte Lesezeit\" \/>\n\t<meta name=\"twitter:data1\" content=\"1\u00a0Minute\" \/>\n<script type=\"application\/ld+json\" class=\"yoast-schema-graph\">{\"@context\":\"https:\\\/\\\/schema.org\",\"@graph\":[{\"@type\":\"WebPage\",\"@id\":\"https:\\\/\\\/sysmatec.ch\\\/de\\\/produit\\\/waage-kern-pes-pej\\\/\",\"url\":\"https:\\\/\\\/sysmatec.ch\\\/de\\\/produit\\\/waage-kern-pes-pej\\\/\",\"name\":\"Waage KERN PES\\\/PEJ - Sysmatec\",\"isPartOf\":{\"@id\":\"https:\\\/\\\/sysmatec.ch\\\/de\\\/#website\"},\"primaryImageOfPage\":{\"@id\":\"https:\\\/\\\/sysmatec.ch\\\/de\\\/produit\\\/waage-kern-pes-pej\\\/#primaryimage\"},\"image\":{\"@id\":\"https:\\\/\\\/sysmatec.ch\\\/de\\\/produit\\\/waage-kern-pes-pej\\\/#primaryimage\"},\"thumbnailUrl\":\"https:\\\/\\\/sysmatec.ch\\\/wp-content\\\/uploads\\\/2019\\\/02\\\/Balance_PES-620-3M-scaled.jpg\",\"datePublished\":\"2019-02-11T15:37:00+00:00\",\"dateModified\":\"2022-03-05T09:51:46+00:00\",\"description\":\"Kompakte und einfach zu bedienende zertifizierte Pr\u00e4zisions-Laborwaage. Verschiedene Versionen mit Messbereichen von 0-620 bis 0-31000 g.\",\"breadcrumb\":{\"@id\":\"https:\\\/\\\/sysmatec.ch\\\/de\\\/produit\\\/waage-kern-pes-pej\\\/#breadcrumb\"},\"inLanguage\":\"de\",\"potentialAction\":[{\"@type\":\"ReadAction\",\"target\":[\"https:\\\/\\\/sysmatec.ch\\\/de\\\/produit\\\/waage-kern-pes-pej\\\/\"]}]},{\"@type\":\"ImageObject\",\"inLanguage\":\"de\",\"@id\":\"https:\\\/\\\/sysmatec.ch\\\/de\\\/produit\\\/waage-kern-pes-pej\\\/#primaryimage\",\"url\":\"https:\\\/\\\/sysmatec.ch\\\/wp-content\\\/uploads\\\/2019\\\/02\\\/Balance_PES-620-3M-scaled.jpg\",\"contentUrl\":\"https:\\\/\\\/sysmatec.ch\\\/wp-content\\\/uploads\\\/2019\\\/02\\\/Balance_PES-620-3M-scaled.jpg\",\"width\":2252,\"height\":2560,\"caption\":\"OLYMPUS DIGITAL CAMERA\"},{\"@type\":\"BreadcrumbList\",\"@id\":\"https:\\\/\\\/sysmatec.ch\\\/de\\\/produit\\\/waage-kern-pes-pej\\\/#breadcrumb\",\"itemListElement\":[{\"@type\":\"ListItem\",\"position\":1,\"name\":\"Accueil\",\"item\":\"https:\\\/\\\/sysmatec.ch\\\/de\\\/\"},{\"@type\":\"ListItem\",\"position\":2,\"name\":\"Die Aktivit\u00e4t von Sysmatec\",\"item\":\"https:\\\/\\\/sysmatec.ch\\\/de\\\/\"},{\"@type\":\"ListItem\",\"position\":3,\"name\":\"Waage KERN PES\\\/PEJ\"}]},{\"@type\":\"WebSite\",\"@id\":\"https:\\\/\\\/sysmatec.ch\\\/de\\\/#website\",\"url\":\"https:\\\/\\\/sysmatec.ch\\\/de\\\/\",\"name\":\"Sysmatec\",\"description\":\"Equipement de laboratoire et logiciels\",\"publisher\":{\"@id\":\"https:\\\/\\\/sysmatec.ch\\\/de\\\/#organization\"},\"potentialAction\":[{\"@type\":\"SearchAction\",\"target\":{\"@type\":\"EntryPoint\",\"urlTemplate\":\"https:\\\/\\\/sysmatec.ch\\\/de\\\/?s={search_term_string}\"},\"query-input\":{\"@type\":\"PropertyValueSpecification\",\"valueRequired\":true,\"valueName\":\"search_term_string\"}}],\"inLanguage\":\"de\"},{\"@type\":\"Organization\",\"@id\":\"https:\\\/\\\/sysmatec.ch\\\/de\\\/#organization\",\"name\":\"Sysmatec\",\"url\":\"https:\\\/\\\/sysmatec.ch\\\/de\\\/\",\"logo\":{\"@type\":\"ImageObject\",\"inLanguage\":\"de\",\"@id\":\"https:\\\/\\\/sysmatec.ch\\\/de\\\/#\\\/schema\\\/logo\\\/image\\\/\",\"url\":\"https:\\\/\\\/sysmatec.ch\\\/wp-content\\\/uploads\\\/2018\\\/11\\\/LogoSysmatec.jpg\",\"contentUrl\":\"https:\\\/\\\/sysmatec.ch\\\/wp-content\\\/uploads\\\/2018\\\/11\\\/LogoSysmatec.jpg\",\"width\":301,\"height\":297,\"caption\":\"Sysmatec\"},\"image\":{\"@id\":\"https:\\\/\\\/sysmatec.ch\\\/de\\\/#\\\/schema\\\/logo\\\/image\\\/\"}}]}<\/script>\n<!-- \/ Yoast SEO plugin. -->","yoast_head_json":{"title":"Waage KERN PES\/PEJ - Sysmatec","description":"Kompakte und einfach zu bedienende zertifizierte Pr\u00e4zisions-Laborwaage. Verschiedene Versionen mit Messbereichen von 0-620 bis 0-31000 g.","robots":{"index":"index","follow":"follow","max-snippet":"max-snippet:-1","max-image-preview":"max-image-preview:large","max-video-preview":"max-video-preview:-1"},"canonical":"https:\/\/sysmatec.ch\/de\/produit\/waage-kern-pes-pej\/","og_locale":"de_DE","og_type":"article","og_title":"Waage KERN PES\/PEJ - Sysmatec","og_description":"Kompakte und einfach zu bedienende zertifizierte Pr\u00e4zisions-Laborwaage. Verschiedene Versionen mit Messbereichen von 0-620 bis 0-31000 g.","og_url":"https:\/\/sysmatec.ch\/de\/produit\/waage-kern-pes-pej\/","og_site_name":"Sysmatec","article_modified_time":"2022-03-05T09:51:46+00:00","og_image":[{"width":2252,"height":2560,"url":"https:\/\/sysmatec.ch\/wp-content\/uploads\/2019\/02\/Balance_PES-620-3M-scaled.jpg","type":"image\/jpeg"}],"twitter_card":"summary_large_image","twitter_misc":{"Gesch\u00e4tzte Lesezeit":"1\u00a0Minute"},"schema":{"@context":"https:\/\/schema.org","@graph":[{"@type":"WebPage","@id":"https:\/\/sysmatec.ch\/de\/produit\/waage-kern-pes-pej\/","url":"https:\/\/sysmatec.ch\/de\/produit\/waage-kern-pes-pej\/","name":"Waage KERN PES\/PEJ - Sysmatec","isPartOf":{"@id":"https:\/\/sysmatec.ch\/de\/#website"},"primaryImageOfPage":{"@id":"https:\/\/sysmatec.ch\/de\/produit\/waage-kern-pes-pej\/#primaryimage"},"image":{"@id":"https:\/\/sysmatec.ch\/de\/produit\/waage-kern-pes-pej\/#primaryimage"},"thumbnailUrl":"https:\/\/sysmatec.ch\/wp-content\/uploads\/2019\/02\/Balance_PES-620-3M-scaled.jpg","datePublished":"2019-02-11T15:37:00+00:00","dateModified":"2022-03-05T09:51:46+00:00","description":"Kompakte und einfach zu bedienende zertifizierte Pr\u00e4zisions-Laborwaage. Verschiedene Versionen mit Messbereichen von 0-620 bis 0-31000 g.","breadcrumb":{"@id":"https:\/\/sysmatec.ch\/de\/produit\/waage-kern-pes-pej\/#breadcrumb"},"inLanguage":"de","potentialAction":[{"@type":"ReadAction","target":["https:\/\/sysmatec.ch\/de\/produit\/waage-kern-pes-pej\/"]}]},{"@type":"ImageObject","inLanguage":"de","@id":"https:\/\/sysmatec.ch\/de\/produit\/waage-kern-pes-pej\/#primaryimage","url":"https:\/\/sysmatec.ch\/wp-content\/uploads\/2019\/02\/Balance_PES-620-3M-scaled.jpg","contentUrl":"https:\/\/sysmatec.ch\/wp-content\/uploads\/2019\/02\/Balance_PES-620-3M-scaled.jpg","width":2252,"height":2560,"caption":"OLYMPUS DIGITAL CAMERA"},{"@type":"BreadcrumbList","@id":"https:\/\/sysmatec.ch\/de\/produit\/waage-kern-pes-pej\/#breadcrumb","itemListElement":[{"@type":"ListItem","position":1,"name":"Accueil","item":"https:\/\/sysmatec.ch\/de\/"},{"@type":"ListItem","position":2,"name":"Die Aktivit\u00e4t von Sysmatec","item":"https:\/\/sysmatec.ch\/de\/"},{"@type":"ListItem","position":3,"name":"Waage KERN PES\/PEJ"}]},{"@type":"WebSite","@id":"https:\/\/sysmatec.ch\/de\/#website","url":"https:\/\/sysmatec.ch\/de\/","name":"Sysmatec","description":"Equipement de laboratoire et logiciels","publisher":{"@id":"https:\/\/sysmatec.ch\/de\/#organization"},"potentialAction":[{"@type":"SearchAction","target":{"@type":"EntryPoint","urlTemplate":"https:\/\/sysmatec.ch\/de\/?s={search_term_string}"},"query-input":{"@type":"PropertyValueSpecification","valueRequired":true,"valueName":"search_term_string"}}],"inLanguage":"de"},{"@type":"Organization","@id":"https:\/\/sysmatec.ch\/de\/#organization","name":"Sysmatec","url":"https:\/\/sysmatec.ch\/de\/","logo":{"@type":"ImageObject","inLanguage":"de","@id":"https:\/\/sysmatec.ch\/de\/#\/schema\/logo\/image\/","url":"https:\/\/sysmatec.ch\/wp-content\/uploads\/2018\/11\/LogoSysmatec.jpg","contentUrl":"https:\/\/sysmatec.ch\/wp-content\/uploads\/2018\/11\/LogoSysmatec.jpg","width":301,"height":297,"caption":"Sysmatec"},"image":{"@id":"https:\/\/sysmatec.ch\/de\/#\/schema\/logo\/image\/"}}]}},"_links":{"self":[{"href":"https:\/\/sysmatec.ch\/de\/wp-json\/wp\/v2\/product\/2690","targetHints":{"allow":["GET"]}}],"collection":[{"href":"https:\/\/sysmatec.ch\/de\/wp-json\/wp\/v2\/product"}],"about":[{"href":"https:\/\/sysmatec.ch\/de\/wp-json\/wp\/v2\/types\/product"}],"wp:featuredmedia":[{"embeddable":true,"href":"https:\/\/sysmatec.ch\/de\/wp-json\/wp\/v2\/media\/22637"}],"wp:attachment":[{"href":"https:\/\/sysmatec.ch\/de\/wp-json\/wp\/v2\/media?parent=2690"}],"wp:term":[{"taxonomy":"product_brand","embeddable":true,"href":"https:\/\/sysmatec.ch\/de\/wp-json\/wp\/v2\/product_brand?post=2690"},{"taxonomy":"product_cat","embeddable":true,"href":"https:\/\/sysmatec.ch\/de\/wp-json\/wp\/v2\/product_cat?post=2690"},{"taxonomy":"product_tag","embeddable":true,"href":"https:\/\/sysmatec.ch\/de\/wp-json\/wp\/v2\/product_tag?post=2690"}],"curies":[{"name":"wp","href":"https:\/\/api.w.org\/{rel}","templated":true}]}}