{"id":2684,"date":"2019-02-11T16:13:22","date_gmt":"2019-02-11T15:13:22","guid":{"rendered":"https:\/\/sysmatec.ch\/produit\/balance-kern-pcd\/"},"modified":"2022-03-05T10:56:50","modified_gmt":"2022-03-05T09:56:50","slug":"waage-kern-pcd","status":"publish","type":"product","link":"https:\/\/sysmatec.ch\/de\/Produkt\/waage-kern-pcd\/","title":{"rendered":"Waage KERN PCD"},"content":{"rendered":"<ul>\n<li>Hochaufl\u00f6sende Pr\u00e4zisionswaage mit abnehmbarem Auswerteger\u00e4t f\u00fcr maximale Flexibilit\u00e4t<\/li>\n<li>Scht\u00fcckz\u00e4hlen-Funktion<\/li>\n<li>Auswerteger\u00e4t vielseitig positionierbar f\u00fcr maximale Flexibilit\u00e4t: vorn angeschraubt, auf Stativ (optional) oder freistehend. Ideal f\u00fcr Arbeiten im Glove-Bag oder unter Labor-Abz\u00fcgen<\/li>\n<li>PRE-TARE-Funktion f\u00fcr manuellen Vorabzug eines bekannten Beh\u00e4ltergewichts, n\u00fctzlich bei F\u00fcllmengenkontrollen<\/li>\n<li>Frei programmierbare W\u00e4geeinheit, z. B. Anzeige direkt in Fadenl\u00e4nge g\/m, Papiergewicht g\/m2, o. \u00e4.<\/li>\n<li>Libelle und Fu\u00dfschrauben zum exakten Nivellieren der Waage serienm\u00e4\u00dfig, dadurch genaueste W\u00e4geergebnisse<\/li>\n<li>Windschutz serienm\u00e4\u00dfig f\u00fcr Modelle mit W\u00e4geplattengr\u00f6\u00dfe \u00d8 105 mm<\/li>\n<li>Numerischer Taravorabzug f\u00fcr bekanntes Beh\u00e4ltergewicht. N\u00fctzlich bei F\u00fcllmengenkontrollen<\/li>\n<li>Netzadapter 220 V \/ 9 V inklusiv<\/li>\n<li>Datenschnittstelle: RS232<\/li>\n<li>Datentransfert an PC oder Drucker (ISO\/GLP Protokolierung) wie:\n<ul>\n<li>KERN YKT-01<\/li>\n<li>KERN YKB-01<\/li>\n<\/ul>\n<\/li>\n<li>Edelstahl W\u00e4geplatte<\/li>\n<li>GLP mit dem Drucker YKT-01<\/li>\n<li>Abmessung (BxTxH): 163 x 245 x 79 mm<\/li>\n<\/ul>\n<table border=\"1\" width=\"636\" cellspacing=\"0\" cellpadding=\"2\">\n<tbody>\n<tr>\n<td width=\"30%\">Waage Modell<\/td>\n<td width=\"10%\">Ablesbarkeit<\/td>\n<td width=\"10%\">W\u00e4gebereich<\/td>\n<td width=\"10%\">Reproduzierbarkeit<\/td>\n<td width=\"10%\">Linearit\u00e4t<\/td>\n<td width=\"10%\">W\u00e4geplatte<\/td>\n<\/tr>\n<tr>\n<td width=\"30%\"><\/td>\n<td width=\"10%\">g<\/td>\n<td width=\"10%\">g<\/td>\n<td width=\"10%\">g<\/td>\n<td width=\"10%\">g<\/td>\n<td width=\"10%\">mm<\/td>\n<\/tr>\n<tr>\n<td width=\"30%\">PCD 250-3<\/td>\n<td width=\"10%\">0,001<\/td>\n<td width=\"10%\">250<\/td>\n<td width=\"10%\">0,002<\/td>\n<td width=\"10%\">\u00b10,005<\/td>\n<td width=\"10%\">Durch. 105<\/td>\n<\/tr>\n<tr>\n<td width=\"30%\">PCD 300-3<\/td>\n<td width=\"10%\">0,001<\/td>\n<td width=\"10%\">350<\/td>\n<td width=\"10%\">0,001<\/td>\n<td width=\"10%\">\u00b10,005<\/td>\n<td width=\"10%\">Durch. 105<\/td>\n<\/tr>\n<tr>\n<td width=\"30%\">PCD 2500-2<\/td>\n<td width=\"10%\">0,01<\/td>\n<td width=\"10%\">2500<\/td>\n<td width=\"10%\">0,01<\/td>\n<td width=\"10%\">\u00b10,05<\/td>\n<td width=\"10%\">160&#215;160<\/td>\n<\/tr>\n<tr>\n<td width=\"30%\">PCD 3000-2<\/td>\n<td width=\"10%\">0,01<\/td>\n<td width=\"10%\">3500<\/td>\n<td width=\"10%\">0,01<\/td>\n<td width=\"10%\">\u00b10,02<\/td>\n<td width=\"10%\">160&#215;160<\/td>\n<\/tr>\n<tr>\n<td width=\"30%\">PCD 6K-4<\/td>\n<td width=\"10%\">0,1<\/td>\n<td width=\"10%\">6000<\/td>\n<td width=\"10%\">0,1<\/td>\n<td width=\"10%\">\u00b10,3<\/td>\n<td width=\"10%\">160&#215;160<\/td>\n<\/tr>\n<tr>\n<td width=\"30%\">PCD 10K0.1<\/td>\n<td width=\"10%\">0,1<\/td>\n<td width=\"10%\">1000<\/td>\n<td width=\"10%\">0,1<\/td>\n<td width=\"10%\">\u00b10,3<\/td>\n<td width=\"10%\">160&#215;160<\/td>\n<\/tr>\n<tr>\n<td width=\"30%\">PCD10K-3<\/td>\n<td width=\"10%\">1<\/td>\n<td width=\"10%\">10000<\/td>\n<td width=\"10%\">1<\/td>\n<td width=\"10%\">\u00b13<\/td>\n<td width=\"10%\">160&#215;160<\/td>\n<\/tr>\n<\/tbody>\n<\/table>\n","protected":false},"excerpt":{"rendered":"<p>Laborwaage 0-250 g bis 0-10000 g<\/p>\n","protected":false},"featured_media":22627,"template":"","meta":{"_crdt_document":""},"product_brand":[],"product_cat":[165,346],"product_tag":[],"class_list":{"0":"post-2684","1":"product","2":"type-product","3":"status-publish","4":"has-post-thumbnail","6":"product_cat-gewicht","7":"product_cat-labor","9":"first","10":"instock","11":"taxable","12":"shipping-taxable","13":"purchasable","14":"product-type-variable"},"yoast_head":"<!-- This site is optimized with the Yoast SEO plugin v27.3 - https:\/\/yoast.com\/product\/yoast-seo-wordpress\/ -->\n<title>Waage KERN PCD - Sysmatec<\/title>\n<meta name=\"description\" content=\"Pr\u00e4zisions-Laborwaage mit unabh\u00e4ngiger Anzeige. Verschiedene Versionen mit Bereichen von 0-250 bis 0-10000 g.\" \/>\n<meta name=\"robots\" content=\"index, follow, max-snippet:-1, max-image-preview:large, max-video-preview:-1\" \/>\n<link rel=\"canonical\" href=\"https:\/\/sysmatec.ch\/de\/produit\/waage-kern-pcd\/\" \/>\n<meta property=\"og:locale\" content=\"de_DE\" \/>\n<meta property=\"og:type\" content=\"article\" \/>\n<meta property=\"og:title\" content=\"Waage KERN PCD - Sysmatec\" \/>\n<meta property=\"og:description\" content=\"Pr\u00e4zisions-Laborwaage mit unabh\u00e4ngiger Anzeige. Verschiedene Versionen mit Bereichen von 0-250 bis 0-10000 g.\" \/>\n<meta property=\"og:url\" content=\"https:\/\/sysmatec.ch\/de\/produit\/waage-kern-pcd\/\" \/>\n<meta property=\"og:site_name\" content=\"Sysmatec\" \/>\n<meta property=\"article:modified_time\" content=\"2022-03-05T09:56:50+00:00\" \/>\n<meta property=\"og:image\" content=\"https:\/\/sysmatec.ch\/wp-content\/uploads\/2019\/02\/Balance_PCD-scaled.jpg\" \/>\n\t<meta property=\"og:image:width\" content=\"2492\" \/>\n\t<meta property=\"og:image:height\" content=\"2560\" \/>\n\t<meta property=\"og:image:type\" content=\"image\/jpeg\" \/>\n<meta name=\"twitter:card\" content=\"summary_large_image\" \/>\n<meta name=\"twitter:label1\" content=\"Gesch\u00e4tzte Lesezeit\" \/>\n\t<meta name=\"twitter:data1\" content=\"1\u00a0Minute\" \/>\n<script type=\"application\/ld+json\" class=\"yoast-schema-graph\">{\"@context\":\"https:\\\/\\\/schema.org\",\"@graph\":[{\"@type\":\"WebPage\",\"@id\":\"https:\\\/\\\/sysmatec.ch\\\/de\\\/produit\\\/waage-kern-pcd\\\/\",\"url\":\"https:\\\/\\\/sysmatec.ch\\\/de\\\/produit\\\/waage-kern-pcd\\\/\",\"name\":\"Waage KERN PCD - Sysmatec\",\"isPartOf\":{\"@id\":\"https:\\\/\\\/sysmatec.ch\\\/de\\\/#website\"},\"primaryImageOfPage\":{\"@id\":\"https:\\\/\\\/sysmatec.ch\\\/de\\\/produit\\\/waage-kern-pcd\\\/#primaryimage\"},\"image\":{\"@id\":\"https:\\\/\\\/sysmatec.ch\\\/de\\\/produit\\\/waage-kern-pcd\\\/#primaryimage\"},\"thumbnailUrl\":\"https:\\\/\\\/sysmatec.ch\\\/wp-content\\\/uploads\\\/2019\\\/02\\\/Balance_PCD-scaled.jpg\",\"datePublished\":\"2019-02-11T15:13:22+00:00\",\"dateModified\":\"2022-03-05T09:56:50+00:00\",\"description\":\"Pr\u00e4zisions-Laborwaage mit unabh\u00e4ngiger Anzeige. Verschiedene Versionen mit Bereichen von 0-250 bis 0-10000 g.\",\"breadcrumb\":{\"@id\":\"https:\\\/\\\/sysmatec.ch\\\/de\\\/produit\\\/waage-kern-pcd\\\/#breadcrumb\"},\"inLanguage\":\"de\",\"potentialAction\":[{\"@type\":\"ReadAction\",\"target\":[\"https:\\\/\\\/sysmatec.ch\\\/de\\\/produit\\\/waage-kern-pcd\\\/\"]}]},{\"@type\":\"ImageObject\",\"inLanguage\":\"de\",\"@id\":\"https:\\\/\\\/sysmatec.ch\\\/de\\\/produit\\\/waage-kern-pcd\\\/#primaryimage\",\"url\":\"https:\\\/\\\/sysmatec.ch\\\/wp-content\\\/uploads\\\/2019\\\/02\\\/Balance_PCD-scaled.jpg\",\"contentUrl\":\"https:\\\/\\\/sysmatec.ch\\\/wp-content\\\/uploads\\\/2019\\\/02\\\/Balance_PCD-scaled.jpg\",\"width\":2492,\"height\":2560},{\"@type\":\"BreadcrumbList\",\"@id\":\"https:\\\/\\\/sysmatec.ch\\\/de\\\/produit\\\/waage-kern-pcd\\\/#breadcrumb\",\"itemListElement\":[{\"@type\":\"ListItem\",\"position\":1,\"name\":\"Accueil\",\"item\":\"https:\\\/\\\/sysmatec.ch\\\/de\\\/\"},{\"@type\":\"ListItem\",\"position\":2,\"name\":\"Die Aktivit\u00e4t von Sysmatec\",\"item\":\"https:\\\/\\\/sysmatec.ch\\\/de\\\/\"},{\"@type\":\"ListItem\",\"position\":3,\"name\":\"Waage KERN PCD\"}]},{\"@type\":\"WebSite\",\"@id\":\"https:\\\/\\\/sysmatec.ch\\\/de\\\/#website\",\"url\":\"https:\\\/\\\/sysmatec.ch\\\/de\\\/\",\"name\":\"Sysmatec\",\"description\":\"Equipement de laboratoire et logiciels\",\"publisher\":{\"@id\":\"https:\\\/\\\/sysmatec.ch\\\/de\\\/#organization\"},\"potentialAction\":[{\"@type\":\"SearchAction\",\"target\":{\"@type\":\"EntryPoint\",\"urlTemplate\":\"https:\\\/\\\/sysmatec.ch\\\/de\\\/?s={search_term_string}\"},\"query-input\":{\"@type\":\"PropertyValueSpecification\",\"valueRequired\":true,\"valueName\":\"search_term_string\"}}],\"inLanguage\":\"de\"},{\"@type\":\"Organization\",\"@id\":\"https:\\\/\\\/sysmatec.ch\\\/de\\\/#organization\",\"name\":\"Sysmatec\",\"url\":\"https:\\\/\\\/sysmatec.ch\\\/de\\\/\",\"logo\":{\"@type\":\"ImageObject\",\"inLanguage\":\"de\",\"@id\":\"https:\\\/\\\/sysmatec.ch\\\/de\\\/#\\\/schema\\\/logo\\\/image\\\/\",\"url\":\"https:\\\/\\\/sysmatec.ch\\\/wp-content\\\/uploads\\\/2018\\\/11\\\/LogoSysmatec.jpg\",\"contentUrl\":\"https:\\\/\\\/sysmatec.ch\\\/wp-content\\\/uploads\\\/2018\\\/11\\\/LogoSysmatec.jpg\",\"width\":301,\"height\":297,\"caption\":\"Sysmatec\"},\"image\":{\"@id\":\"https:\\\/\\\/sysmatec.ch\\\/de\\\/#\\\/schema\\\/logo\\\/image\\\/\"}}]}<\/script>\n<!-- \/ Yoast SEO plugin. -->","yoast_head_json":{"title":"Waage KERN PCD - Sysmatec","description":"Pr\u00e4zisions-Laborwaage mit unabh\u00e4ngiger Anzeige. Verschiedene Versionen mit Bereichen von 0-250 bis 0-10000 g.","robots":{"index":"index","follow":"follow","max-snippet":"max-snippet:-1","max-image-preview":"max-image-preview:large","max-video-preview":"max-video-preview:-1"},"canonical":"https:\/\/sysmatec.ch\/de\/produit\/waage-kern-pcd\/","og_locale":"de_DE","og_type":"article","og_title":"Waage KERN PCD - Sysmatec","og_description":"Pr\u00e4zisions-Laborwaage mit unabh\u00e4ngiger Anzeige. Verschiedene Versionen mit Bereichen von 0-250 bis 0-10000 g.","og_url":"https:\/\/sysmatec.ch\/de\/produit\/waage-kern-pcd\/","og_site_name":"Sysmatec","article_modified_time":"2022-03-05T09:56:50+00:00","og_image":[{"width":2492,"height":2560,"url":"https:\/\/sysmatec.ch\/wp-content\/uploads\/2019\/02\/Balance_PCD-scaled.jpg","type":"image\/jpeg"}],"twitter_card":"summary_large_image","twitter_misc":{"Gesch\u00e4tzte Lesezeit":"1\u00a0Minute"},"schema":{"@context":"https:\/\/schema.org","@graph":[{"@type":"WebPage","@id":"https:\/\/sysmatec.ch\/de\/produit\/waage-kern-pcd\/","url":"https:\/\/sysmatec.ch\/de\/produit\/waage-kern-pcd\/","name":"Waage KERN PCD - Sysmatec","isPartOf":{"@id":"https:\/\/sysmatec.ch\/de\/#website"},"primaryImageOfPage":{"@id":"https:\/\/sysmatec.ch\/de\/produit\/waage-kern-pcd\/#primaryimage"},"image":{"@id":"https:\/\/sysmatec.ch\/de\/produit\/waage-kern-pcd\/#primaryimage"},"thumbnailUrl":"https:\/\/sysmatec.ch\/wp-content\/uploads\/2019\/02\/Balance_PCD-scaled.jpg","datePublished":"2019-02-11T15:13:22+00:00","dateModified":"2022-03-05T09:56:50+00:00","description":"Pr\u00e4zisions-Laborwaage mit unabh\u00e4ngiger Anzeige. Verschiedene Versionen mit Bereichen von 0-250 bis 0-10000 g.","breadcrumb":{"@id":"https:\/\/sysmatec.ch\/de\/produit\/waage-kern-pcd\/#breadcrumb"},"inLanguage":"de","potentialAction":[{"@type":"ReadAction","target":["https:\/\/sysmatec.ch\/de\/produit\/waage-kern-pcd\/"]}]},{"@type":"ImageObject","inLanguage":"de","@id":"https:\/\/sysmatec.ch\/de\/produit\/waage-kern-pcd\/#primaryimage","url":"https:\/\/sysmatec.ch\/wp-content\/uploads\/2019\/02\/Balance_PCD-scaled.jpg","contentUrl":"https:\/\/sysmatec.ch\/wp-content\/uploads\/2019\/02\/Balance_PCD-scaled.jpg","width":2492,"height":2560},{"@type":"BreadcrumbList","@id":"https:\/\/sysmatec.ch\/de\/produit\/waage-kern-pcd\/#breadcrumb","itemListElement":[{"@type":"ListItem","position":1,"name":"Accueil","item":"https:\/\/sysmatec.ch\/de\/"},{"@type":"ListItem","position":2,"name":"Die Aktivit\u00e4t von Sysmatec","item":"https:\/\/sysmatec.ch\/de\/"},{"@type":"ListItem","position":3,"name":"Waage KERN PCD"}]},{"@type":"WebSite","@id":"https:\/\/sysmatec.ch\/de\/#website","url":"https:\/\/sysmatec.ch\/de\/","name":"Sysmatec","description":"Equipement de laboratoire et logiciels","publisher":{"@id":"https:\/\/sysmatec.ch\/de\/#organization"},"potentialAction":[{"@type":"SearchAction","target":{"@type":"EntryPoint","urlTemplate":"https:\/\/sysmatec.ch\/de\/?s={search_term_string}"},"query-input":{"@type":"PropertyValueSpecification","valueRequired":true,"valueName":"search_term_string"}}],"inLanguage":"de"},{"@type":"Organization","@id":"https:\/\/sysmatec.ch\/de\/#organization","name":"Sysmatec","url":"https:\/\/sysmatec.ch\/de\/","logo":{"@type":"ImageObject","inLanguage":"de","@id":"https:\/\/sysmatec.ch\/de\/#\/schema\/logo\/image\/","url":"https:\/\/sysmatec.ch\/wp-content\/uploads\/2018\/11\/LogoSysmatec.jpg","contentUrl":"https:\/\/sysmatec.ch\/wp-content\/uploads\/2018\/11\/LogoSysmatec.jpg","width":301,"height":297,"caption":"Sysmatec"},"image":{"@id":"https:\/\/sysmatec.ch\/de\/#\/schema\/logo\/image\/"}}]}},"_links":{"self":[{"href":"https:\/\/sysmatec.ch\/de\/wp-json\/wp\/v2\/product\/2684","targetHints":{"allow":["GET"]}}],"collection":[{"href":"https:\/\/sysmatec.ch\/de\/wp-json\/wp\/v2\/product"}],"about":[{"href":"https:\/\/sysmatec.ch\/de\/wp-json\/wp\/v2\/types\/product"}],"wp:featuredmedia":[{"embeddable":true,"href":"https:\/\/sysmatec.ch\/de\/wp-json\/wp\/v2\/media\/22627"}],"wp:attachment":[{"href":"https:\/\/sysmatec.ch\/de\/wp-json\/wp\/v2\/media?parent=2684"}],"wp:term":[{"taxonomy":"product_brand","embeddable":true,"href":"https:\/\/sysmatec.ch\/de\/wp-json\/wp\/v2\/product_brand?post=2684"},{"taxonomy":"product_cat","embeddable":true,"href":"https:\/\/sysmatec.ch\/de\/wp-json\/wp\/v2\/product_cat?post=2684"},{"taxonomy":"product_tag","embeddable":true,"href":"https:\/\/sysmatec.ch\/de\/wp-json\/wp\/v2\/product_tag?post=2684"}],"curies":[{"name":"wp","href":"https:\/\/api.w.org\/{rel}","templated":true}]}}