{"id":2672,"date":"2019-02-11T08:15:34","date_gmt":"2019-02-11T07:15:34","guid":{"rendered":"https:\/\/sysmatec.ch\/produit\/balance-kern-pbs-pbj\/"},"modified":"2022-03-05T11:04:11","modified_gmt":"2022-03-05T10:04:11","slug":"waage-kern-pbs-pbj","status":"publish","type":"product","link":"https:\/\/sysmatec.ch\/de\/Produkt\/waage-kern-pbs-pbj\/","title":{"rendered":"Waage KERN PBS\/PBJ"},"content":{"rendered":"<ul>\n<li>Multifunktions-Laborwaage mit Single-Cell-W\u00e4gesystem und Eichzulassung [M]<\/li>\n<li>PBJ: Interne Justierautomatik bei Temperatur\u00e4nderungen und zeitgesteuert nach definierten Intervallen<\/li>\n<li>PBS: Justierprogramm CAL zum Einstellen der Genauigkeit, externe Pr\u00fcfgewichte gegen Mehrpreis<\/li>\n<li>Metallgeh\u00e4use: robust und standsicher<\/li>\n<li>Dosierhilfe: Hoch-Stabilit\u00e4tsmodus und andere Filtereinstellungen w\u00e4hlbar<\/li>\n<li>W\u00e4gen mit Toleranzbereich (Checkweighing): Eingabe eines oberen\/unteren Grenzwerts. Ein optisches Signal unterst\u00fctzt das Portionieren, Dosieren und Sortieren<\/li>\n<li>Komfortables Summieren von Einzelw\u00e4gungen<\/li>\n<li>Komfortables Rezeptieren\/Dokumentieren mit kombinierter Tara\/Print-Funktion. Zudem werden die Mischungsbestandteile der Rezeptur automatisch nummeriert und mit Nummer\/Gewichtswert ausgedruckt<\/li>\n<li>Waagen-Identifikationsnummer: 4-stellig, frei programmierbar, wird im Justierprotokoll ausgedruckt<\/li>\n<li>Automatischer Daten-Output an den PC\/Drucker nach jedem Stillstand der Waage<\/li>\n<li>Windschutz serienm\u00e4\u00dfig, bei Modellen mit Ablesbarkeit [d] = 0,001 g, W\u00e4geraum B\u00d7T\u00d7H 180\u00d7193\u00d787 mm<\/li>\n<li>Single-Cell Spitzentechnologie:\n<ul>\n<li>Vollautomatische Herstellung der W\u00e4gezelle aus einem St\u00fcck<\/li>\n<li>Stabiles Temperatur-Verhalten<\/li>\n<li>Kurze Einschwingzeit: 3 sec<\/li>\n<li>Hohe mechanische Robustheit<\/li>\n<li>Hohe Eckenlast-Sicherheit<\/li>\n<\/ul>\n<\/li>\n<\/ul>\n<table border=\"1\" width=\"636\" cellspacing=\"0\" cellpadding=\"2\">\n<tbody>\n<tr>\n<td width=\"30%\">Waage Modell<\/td>\n<td width=\"10%\">Ablesbarkeit<\/td>\n<td width=\"10%\">W\u00e4gebereich<\/td>\n<td width=\"10%\">Reproduzierbarkeit<\/td>\n<td width=\"10%\">Linearit\u00e4t<\/td>\n<td width=\"10%\">W\u00e4geplatte<\/td>\n<\/tr>\n<tr>\n<td width=\"30%\"><\/td>\n<td width=\"10%\">g<\/td>\n<td width=\"10%\">g<\/td>\n<td width=\"10%\">g<\/td>\n<td width=\"10%\">g<\/td>\n<td width=\"10%\">mm<\/td>\n<\/tr>\n<tr>\n<td width=\"30%\">PBS 620-3M<\/td>\n<td width=\"10%\">0,001<\/td>\n<td width=\"10%\">620<\/td>\n<td width=\"10%\">0,001<\/td>\n<td width=\"10%\">\u00b10,002<\/td>\n<td width=\"10%\">108&#215;105<\/td>\n<\/tr>\n<tr>\n<td width=\"30%\">PBS 4200-2M<\/td>\n<td width=\"10%\">0,01<\/td>\n<td width=\"10%\">4200<\/td>\n<td width=\"10%\">0,01<\/td>\n<td width=\"10%\">\u00b10,02<\/td>\n<td width=\"10%\">170&#215;180<\/td>\n<\/tr>\n<tr>\n<td width=\"30%\">PBS 6200-2M<\/td>\n<td width=\"10%\">0,01<\/td>\n<td width=\"10%\">6200<\/td>\n<td width=\"10%\">0,01<\/td>\n<td width=\"10%\">\u00b10,02<\/td>\n<td width=\"10%\">170&#215;180<\/td>\n<\/tr>\n<tr>\n<td width=\"30%\">PBJ 620-3M<\/td>\n<td width=\"10%\">0,001<\/td>\n<td width=\"10%\">620<\/td>\n<td width=\"10%\">0,01<\/td>\n<td width=\"10%\">\u00b10,02<\/td>\n<td width=\"10%\">108&#215;105<\/td>\n<\/tr>\n<tr>\n<td width=\"30%\">PBJ 4200-2M<\/td>\n<td width=\"10%\">0,01<\/td>\n<td width=\"10%\">4200<\/td>\n<td width=\"10%\">0,01<\/td>\n<td width=\"10%\">\u00b10,02<\/td>\n<td width=\"10%\">170&#215;180<\/td>\n<\/tr>\n<tr>\n<td width=\"30%\">PBJ 6200-2M<\/td>\n<td width=\"10%\">0,01<\/td>\n<td width=\"10%\">6200<\/td>\n<td width=\"10%\">0,01<\/td>\n<td width=\"10%\">\u00b10,02<\/td>\n<td width=\"10%\">170&#215;180<\/td>\n<\/tr>\n<tr>\n<td width=\"30%\">PBJ 8200-1M<\/td>\n<td width=\"10%\">0,1<\/td>\n<td width=\"10%\">8200<\/td>\n<td width=\"10%\">0,1<\/td>\n<td width=\"10%\">\u00b10,2<\/td>\n<td width=\"10%\">170&#215;180<\/td>\n<\/tr>\n<\/tbody>\n<\/table>\n","protected":false},"excerpt":{"rendered":"<p>Laborwaage 0-620 g bis 0-8200 g<\/p>\n","protected":false},"featured_media":22600,"template":"","meta":{"_crdt_document":""},"product_brand":[],"product_cat":[165,346],"product_tag":[],"class_list":{"0":"post-2672","1":"product","2":"type-product","3":"status-publish","4":"has-post-thumbnail","6":"product_cat-gewicht","7":"product_cat-labor","9":"first","10":"instock","11":"taxable","12":"shipping-taxable","13":"purchasable","14":"product-type-variable"},"yoast_head":"<!-- This site is optimized with the Yoast SEO plugin v27.3 - https:\/\/yoast.com\/product\/yoast-seo-wordpress\/ -->\n<title>Waage KERN PBS\/PBJ - Sysmatec<\/title>\n<meta name=\"description\" content=\"Kompakte und einfach zu bedienende zertifizierte Pr\u00e4zisions-Laborwaage. Verschiedene Versionen mit Bereichen von 0-620 bis 0-8200 g.\" \/>\n<meta name=\"robots\" content=\"index, follow, max-snippet:-1, max-image-preview:large, max-video-preview:-1\" \/>\n<link rel=\"canonical\" href=\"https:\/\/sysmatec.ch\/de\/produit\/waage-kern-pbs-pbj\/\" \/>\n<meta property=\"og:locale\" content=\"de_DE\" \/>\n<meta property=\"og:type\" content=\"article\" \/>\n<meta property=\"og:title\" content=\"Waage KERN PBS\/PBJ - Sysmatec\" \/>\n<meta property=\"og:description\" content=\"Kompakte und einfach zu bedienende zertifizierte Pr\u00e4zisions-Laborwaage. Verschiedene Versionen mit Bereichen von 0-620 bis 0-8200 g.\" \/>\n<meta property=\"og:url\" content=\"https:\/\/sysmatec.ch\/de\/produit\/waage-kern-pbs-pbj\/\" \/>\n<meta property=\"og:site_name\" content=\"Sysmatec\" \/>\n<meta property=\"article:modified_time\" content=\"2022-03-05T10:04:11+00:00\" \/>\n<meta property=\"og:image\" content=\"https:\/\/sysmatec.ch\/wp-content\/uploads\/2019\/02\/Balance_PBS-620-3M.jpg\" \/>\n\t<meta property=\"og:image:width\" content=\"2536\" \/>\n\t<meta property=\"og:image:height\" content=\"2141\" \/>\n\t<meta property=\"og:image:type\" content=\"image\/jpeg\" \/>\n<meta name=\"twitter:card\" content=\"summary_large_image\" \/>\n<meta name=\"twitter:label1\" content=\"Gesch\u00e4tzte Lesezeit\" \/>\n\t<meta name=\"twitter:data1\" content=\"1\u00a0Minute\" \/>\n<script type=\"application\/ld+json\" class=\"yoast-schema-graph\">{\"@context\":\"https:\\\/\\\/schema.org\",\"@graph\":[{\"@type\":\"WebPage\",\"@id\":\"https:\\\/\\\/sysmatec.ch\\\/de\\\/produit\\\/waage-kern-pbs-pbj\\\/\",\"url\":\"https:\\\/\\\/sysmatec.ch\\\/de\\\/produit\\\/waage-kern-pbs-pbj\\\/\",\"name\":\"Waage KERN PBS\\\/PBJ - Sysmatec\",\"isPartOf\":{\"@id\":\"https:\\\/\\\/sysmatec.ch\\\/de\\\/#website\"},\"primaryImageOfPage\":{\"@id\":\"https:\\\/\\\/sysmatec.ch\\\/de\\\/produit\\\/waage-kern-pbs-pbj\\\/#primaryimage\"},\"image\":{\"@id\":\"https:\\\/\\\/sysmatec.ch\\\/de\\\/produit\\\/waage-kern-pbs-pbj\\\/#primaryimage\"},\"thumbnailUrl\":\"https:\\\/\\\/sysmatec.ch\\\/wp-content\\\/uploads\\\/2019\\\/02\\\/Balance_PBS-620-3M.jpg\",\"datePublished\":\"2019-02-11T07:15:34+00:00\",\"dateModified\":\"2022-03-05T10:04:11+00:00\",\"description\":\"Kompakte und einfach zu bedienende zertifizierte Pr\u00e4zisions-Laborwaage. Verschiedene Versionen mit Bereichen von 0-620 bis 0-8200 g.\",\"breadcrumb\":{\"@id\":\"https:\\\/\\\/sysmatec.ch\\\/de\\\/produit\\\/waage-kern-pbs-pbj\\\/#breadcrumb\"},\"inLanguage\":\"de\",\"potentialAction\":[{\"@type\":\"ReadAction\",\"target\":[\"https:\\\/\\\/sysmatec.ch\\\/de\\\/produit\\\/waage-kern-pbs-pbj\\\/\"]}]},{\"@type\":\"ImageObject\",\"inLanguage\":\"de\",\"@id\":\"https:\\\/\\\/sysmatec.ch\\\/de\\\/produit\\\/waage-kern-pbs-pbj\\\/#primaryimage\",\"url\":\"https:\\\/\\\/sysmatec.ch\\\/wp-content\\\/uploads\\\/2019\\\/02\\\/Balance_PBS-620-3M.jpg\",\"contentUrl\":\"https:\\\/\\\/sysmatec.ch\\\/wp-content\\\/uploads\\\/2019\\\/02\\\/Balance_PBS-620-3M.jpg\",\"width\":2536,\"height\":2141},{\"@type\":\"BreadcrumbList\",\"@id\":\"https:\\\/\\\/sysmatec.ch\\\/de\\\/produit\\\/waage-kern-pbs-pbj\\\/#breadcrumb\",\"itemListElement\":[{\"@type\":\"ListItem\",\"position\":1,\"name\":\"Accueil\",\"item\":\"https:\\\/\\\/sysmatec.ch\\\/de\\\/\"},{\"@type\":\"ListItem\",\"position\":2,\"name\":\"Die Aktivit\u00e4t von Sysmatec\",\"item\":\"https:\\\/\\\/sysmatec.ch\\\/de\\\/\"},{\"@type\":\"ListItem\",\"position\":3,\"name\":\"Waage KERN PBS\\\/PBJ\"}]},{\"@type\":\"WebSite\",\"@id\":\"https:\\\/\\\/sysmatec.ch\\\/de\\\/#website\",\"url\":\"https:\\\/\\\/sysmatec.ch\\\/de\\\/\",\"name\":\"Sysmatec\",\"description\":\"Equipement de laboratoire et logiciels\",\"publisher\":{\"@id\":\"https:\\\/\\\/sysmatec.ch\\\/de\\\/#organization\"},\"potentialAction\":[{\"@type\":\"SearchAction\",\"target\":{\"@type\":\"EntryPoint\",\"urlTemplate\":\"https:\\\/\\\/sysmatec.ch\\\/de\\\/?s={search_term_string}\"},\"query-input\":{\"@type\":\"PropertyValueSpecification\",\"valueRequired\":true,\"valueName\":\"search_term_string\"}}],\"inLanguage\":\"de\"},{\"@type\":\"Organization\",\"@id\":\"https:\\\/\\\/sysmatec.ch\\\/de\\\/#organization\",\"name\":\"Sysmatec\",\"url\":\"https:\\\/\\\/sysmatec.ch\\\/de\\\/\",\"logo\":{\"@type\":\"ImageObject\",\"inLanguage\":\"de\",\"@id\":\"https:\\\/\\\/sysmatec.ch\\\/de\\\/#\\\/schema\\\/logo\\\/image\\\/\",\"url\":\"https:\\\/\\\/sysmatec.ch\\\/wp-content\\\/uploads\\\/2018\\\/11\\\/LogoSysmatec.jpg\",\"contentUrl\":\"https:\\\/\\\/sysmatec.ch\\\/wp-content\\\/uploads\\\/2018\\\/11\\\/LogoSysmatec.jpg\",\"width\":301,\"height\":297,\"caption\":\"Sysmatec\"},\"image\":{\"@id\":\"https:\\\/\\\/sysmatec.ch\\\/de\\\/#\\\/schema\\\/logo\\\/image\\\/\"}}]}<\/script>\n<!-- \/ Yoast SEO plugin. -->","yoast_head_json":{"title":"Waage KERN PBS\/PBJ - Sysmatec","description":"Kompakte und einfach zu bedienende zertifizierte Pr\u00e4zisions-Laborwaage. Verschiedene Versionen mit Bereichen von 0-620 bis 0-8200 g.","robots":{"index":"index","follow":"follow","max-snippet":"max-snippet:-1","max-image-preview":"max-image-preview:large","max-video-preview":"max-video-preview:-1"},"canonical":"https:\/\/sysmatec.ch\/de\/produit\/waage-kern-pbs-pbj\/","og_locale":"de_DE","og_type":"article","og_title":"Waage KERN PBS\/PBJ - Sysmatec","og_description":"Kompakte und einfach zu bedienende zertifizierte Pr\u00e4zisions-Laborwaage. Verschiedene Versionen mit Bereichen von 0-620 bis 0-8200 g.","og_url":"https:\/\/sysmatec.ch\/de\/produit\/waage-kern-pbs-pbj\/","og_site_name":"Sysmatec","article_modified_time":"2022-03-05T10:04:11+00:00","og_image":[{"width":2536,"height":2141,"url":"https:\/\/sysmatec.ch\/wp-content\/uploads\/2019\/02\/Balance_PBS-620-3M.jpg","type":"image\/jpeg"}],"twitter_card":"summary_large_image","twitter_misc":{"Gesch\u00e4tzte Lesezeit":"1\u00a0Minute"},"schema":{"@context":"https:\/\/schema.org","@graph":[{"@type":"WebPage","@id":"https:\/\/sysmatec.ch\/de\/produit\/waage-kern-pbs-pbj\/","url":"https:\/\/sysmatec.ch\/de\/produit\/waage-kern-pbs-pbj\/","name":"Waage KERN PBS\/PBJ - Sysmatec","isPartOf":{"@id":"https:\/\/sysmatec.ch\/de\/#website"},"primaryImageOfPage":{"@id":"https:\/\/sysmatec.ch\/de\/produit\/waage-kern-pbs-pbj\/#primaryimage"},"image":{"@id":"https:\/\/sysmatec.ch\/de\/produit\/waage-kern-pbs-pbj\/#primaryimage"},"thumbnailUrl":"https:\/\/sysmatec.ch\/wp-content\/uploads\/2019\/02\/Balance_PBS-620-3M.jpg","datePublished":"2019-02-11T07:15:34+00:00","dateModified":"2022-03-05T10:04:11+00:00","description":"Kompakte und einfach zu bedienende zertifizierte Pr\u00e4zisions-Laborwaage. Verschiedene Versionen mit Bereichen von 0-620 bis 0-8200 g.","breadcrumb":{"@id":"https:\/\/sysmatec.ch\/de\/produit\/waage-kern-pbs-pbj\/#breadcrumb"},"inLanguage":"de","potentialAction":[{"@type":"ReadAction","target":["https:\/\/sysmatec.ch\/de\/produit\/waage-kern-pbs-pbj\/"]}]},{"@type":"ImageObject","inLanguage":"de","@id":"https:\/\/sysmatec.ch\/de\/produit\/waage-kern-pbs-pbj\/#primaryimage","url":"https:\/\/sysmatec.ch\/wp-content\/uploads\/2019\/02\/Balance_PBS-620-3M.jpg","contentUrl":"https:\/\/sysmatec.ch\/wp-content\/uploads\/2019\/02\/Balance_PBS-620-3M.jpg","width":2536,"height":2141},{"@type":"BreadcrumbList","@id":"https:\/\/sysmatec.ch\/de\/produit\/waage-kern-pbs-pbj\/#breadcrumb","itemListElement":[{"@type":"ListItem","position":1,"name":"Accueil","item":"https:\/\/sysmatec.ch\/de\/"},{"@type":"ListItem","position":2,"name":"Die Aktivit\u00e4t von Sysmatec","item":"https:\/\/sysmatec.ch\/de\/"},{"@type":"ListItem","position":3,"name":"Waage KERN PBS\/PBJ"}]},{"@type":"WebSite","@id":"https:\/\/sysmatec.ch\/de\/#website","url":"https:\/\/sysmatec.ch\/de\/","name":"Sysmatec","description":"Equipement de laboratoire et logiciels","publisher":{"@id":"https:\/\/sysmatec.ch\/de\/#organization"},"potentialAction":[{"@type":"SearchAction","target":{"@type":"EntryPoint","urlTemplate":"https:\/\/sysmatec.ch\/de\/?s={search_term_string}"},"query-input":{"@type":"PropertyValueSpecification","valueRequired":true,"valueName":"search_term_string"}}],"inLanguage":"de"},{"@type":"Organization","@id":"https:\/\/sysmatec.ch\/de\/#organization","name":"Sysmatec","url":"https:\/\/sysmatec.ch\/de\/","logo":{"@type":"ImageObject","inLanguage":"de","@id":"https:\/\/sysmatec.ch\/de\/#\/schema\/logo\/image\/","url":"https:\/\/sysmatec.ch\/wp-content\/uploads\/2018\/11\/LogoSysmatec.jpg","contentUrl":"https:\/\/sysmatec.ch\/wp-content\/uploads\/2018\/11\/LogoSysmatec.jpg","width":301,"height":297,"caption":"Sysmatec"},"image":{"@id":"https:\/\/sysmatec.ch\/de\/#\/schema\/logo\/image\/"}}]}},"_links":{"self":[{"href":"https:\/\/sysmatec.ch\/de\/wp-json\/wp\/v2\/product\/2672","targetHints":{"allow":["GET"]}}],"collection":[{"href":"https:\/\/sysmatec.ch\/de\/wp-json\/wp\/v2\/product"}],"about":[{"href":"https:\/\/sysmatec.ch\/de\/wp-json\/wp\/v2\/types\/product"}],"wp:featuredmedia":[{"embeddable":true,"href":"https:\/\/sysmatec.ch\/de\/wp-json\/wp\/v2\/media\/22600"}],"wp:attachment":[{"href":"https:\/\/sysmatec.ch\/de\/wp-json\/wp\/v2\/media?parent=2672"}],"wp:term":[{"taxonomy":"product_brand","embeddable":true,"href":"https:\/\/sysmatec.ch\/de\/wp-json\/wp\/v2\/product_brand?post=2672"},{"taxonomy":"product_cat","embeddable":true,"href":"https:\/\/sysmatec.ch\/de\/wp-json\/wp\/v2\/product_cat?post=2672"},{"taxonomy":"product_tag","embeddable":true,"href":"https:\/\/sysmatec.ch\/de\/wp-json\/wp\/v2\/product_tag?post=2672"}],"curies":[{"name":"wp","href":"https:\/\/api.w.org\/{rel}","templated":true}]}}